{"id":15016,"date":"2025-09-06T09:41:02","date_gmt":"2025-09-06T06:41:02","guid":{"rendered":"https:\/\/luxuryracketclub.com\/p\/tenis-raketa-kolie-tennis-star\/"},"modified":"2026-01-20T15:40:37","modified_gmt":"2026-01-20T13:40:37","slug":"colier-cu-racheta-de-tenis-tennis-star","status":"publish","type":"product","link":"https:\/\/luxuryracketclub.com\/ro\/p\/colier-cu-racheta-de-tenis-tennis-star\/","title":{"rendered":"Colier cu rachet\u0103 de tenis \u201eTennis Star\u201d"},"content":{"rendered":"","protected":false},"excerpt":{"rendered":"<p data-start=\"187\" data-end=\"476\">Colec\u021bia <strong data-start=\"198\" data-end=\"216\">Court Elegance<\/strong> combin\u0103 spiritul sportiv \u0219i elegan\u021ba vintage \u00eentr-o linie sofisticat\u0103 de bijuterii &#8211; inel, pandantiv, br\u0103\u021bar\u0103 \u0219i colier. Fiecare model este inspirat de tenis \u0219i realizat cu aten\u021bie la detalii, cu accent pe zirconiul alb str\u0103lucitor &#8211; simbol al purit\u0103\u021bii, stilului \u0219i gra\u021biei.<\/p>\n<p data-start=\"478\" data-end=\"741\">Aceast\u0103 colec\u021bie este creat\u0103 pentru persoanele care apreciaz\u0103 designul unic, combin\u00e2nd dinamica sportului cu frumuse\u021bea bijuteriilor clasice. Este potrivit at\u00e2t pentru \u021binutele de zi cu zi, c\u00e2t \u0219i pentru ocaziile speciale, iar combina\u021bia de produse creeaz\u0103 un stil complet \u0219i armonios.<\/p>\n<p data-start=\"743\" data-end=\"773\">\u2728 <strong data-start=\"745\" data-end=\"771\">Repere din colec\u021bie:<\/strong><\/p>\n<ul data-start=\"774\" data-end=\"944\">\n<li data-start=\"774\" data-end=\"818\">\n<p data-start=\"776\" data-end=\"818\">Inspira\u021bie: tenis \u0219i elegan\u021b\u0103 sportiv\u0103<\/p>\n<\/li>\n<li data-start=\"819\" data-end=\"864\">\n<p data-start=\"821\" data-end=\"864\">Piatr\u0103: zirconiu alb cu str\u0103lucire \u0219i durabilitate<\/p>\n<\/li>\n<li data-start=\"865\" data-end=\"900\">\n<p data-start=\"867\" data-end=\"900\">Stil: vintage cu accente moderne<\/p>\n<\/li>\n<li data-start=\"901\" data-end=\"944\">\n<p data-start=\"903\" data-end=\"944\">Potrivit pentru un cadou sau o colec\u021bie personal\u0103<\/p>\n<\/li>\n<\/ul>\n<p data-start=\"946\" data-end=\"1029\">Cu <strong><em data-start=\"948\" data-end=\"964\">Elegan\u021ba Cur\u021bii<\/em><\/strong>, fiecare doamn\u0103 \u00ee\u0219i poate sublinia individualitatea \u0219i gustul rafinat.<\/p>\n","protected":false},"featured_media":14778,"comment_status":"open","ping_status":"closed","template":"","meta":{"_acf_changed":false,"_nectar_blocks_hide_post_title":false,"_nectar_blocks_transparent_header_effect":false,"_nectar_blocks_transparent_header_effect_color":"light","_nectar_blocks_header_animation":false,"_nectar_blocks_header_animation_delay":0,"_nectar_blocks_header_animation_effect":"fade","_nectar_blocks_page_css":"","_nectar_blocks_page_js":"","inline_featured_image":false},"product_brand":[],"product_cat":[1143],"product_tag":[924,908,1295,841],"class_list":{"0":"post-15016","1":"product","2":"type-product","3":"status-publish","4":"has-post-thumbnail","6":"product_cat-court-elegance-collection-ro","7":"product_tag-accesorii-de-tenis","8":"product_tag-bijuterii-de-tenis","9":"product_tag-tenis","10":"product_tag-podarak-za-tenisist-ro","12":"first","13":"instock","14":"sale","15":"shipping-taxable","16":"purchasable","17":"product-type-variable"},"acf":[],"yoast_head":"<!-- This site is optimized with the Yoast SEO plugin v27.4 - https:\/\/yoast.com\/product\/yoast-seo-wordpress\/ -->\n<title>Colier cu rachet\u0103 de tenis \u201eTennis Star\u201d - \u0420\u044a\u0447\u043d\u043e \u0438\u0437\u0440\u0430\u0431\u043e\u0442\u0435\u043d\u0438 \u0442\u0435\u043d\u0438\u0441 \u0431\u0438\u0436\u0443\u0442\u0430 \u0438 \u0430\u043a\u0441\u0435\u0441\u043e\u0430\u0440\u0438<\/title>\n<meta name=\"description\" content=\"\u201eColec\u021bia Court Elegance - bijuterii vintage cu zirconiu, inspirate de tenis. Inel, colier, br\u0103\u021bar\u0103 \u0219i pandantiv pentru stil \u0219i elegan\u021b\u0103.\u201d\" \/>\n<meta name=\"robots\" content=\"index, follow, max-snippet:-1, max-image-preview:large, max-video-preview:-1\" \/>\n<link rel=\"canonical\" href=\"https:\/\/luxuryracketclub.com\/ro\/p\/colier-cu-racheta-de-tenis-tennis-star\/\" \/>\n<meta property=\"og:locale\" content=\"ro_RO\" \/>\n<meta property=\"og:type\" content=\"article\" \/>\n<meta property=\"og:title\" content=\"Colier cu rachet\u0103 de tenis \u201eTennis Star\u201d - \u0420\u044a\u0447\u043d\u043e \u0438\u0437\u0440\u0430\u0431\u043e\u0442\u0435\u043d\u0438 \u0442\u0435\u043d\u0438\u0441 \u0431\u0438\u0436\u0443\u0442\u0430 \u0438 \u0430\u043a\u0441\u0435\u0441\u043e\u0430\u0440\u0438\" \/>\n<meta property=\"og:description\" content=\"\u201eColec\u021bia Court Elegance - bijuterii vintage cu zirconiu, inspirate de tenis. Inel, colier, br\u0103\u021bar\u0103 \u0219i pandantiv pentru stil \u0219i elegan\u021b\u0103.\u201d\" \/>\n<meta property=\"og:url\" content=\"https:\/\/luxuryracketclub.com\/ro\/p\/colier-cu-racheta-de-tenis-tennis-star\/\" \/>\n<meta property=\"og:site_name\" content=\"\u0420\u044a\u0447\u043d\u043e \u0438\u0437\u0440\u0430\u0431\u043e\u0442\u0435\u043d\u0438 \u0442\u0435\u043d\u0438\u0441 \u0431\u0438\u0436\u0443\u0442\u0430 \u0438 \u0430\u043a\u0441\u0435\u0441\u043e\u0430\u0440\u0438\" \/>\n<meta property=\"article:modified_time\" content=\"2026-01-20T13:40:37+00:00\" \/>\n<meta property=\"og:image\" content=\"https:\/\/luxuryracketclub.com\/wp-content\/uploads\/2025\/08\/prouct-tenis-racketa-kolie-tenis-star-1.png\" \/>\n\t<meta property=\"og:image:width\" content=\"1600\" \/>\n\t<meta property=\"og:image:height\" content=\"1600\" \/>\n\t<meta property=\"og:image:type\" content=\"image\/png\" \/>\n<meta name=\"twitter:card\" content=\"summary_large_image\" \/>\n<meta name=\"twitter:label1\" content=\"Timp estimat pentru citire\" \/>\n\t<meta name=\"twitter:data1\" content=\"1 minut\" \/>\n<script type=\"application\/ld+json\" class=\"yoast-schema-graph\">{\"@context\":\"https:\\\/\\\/schema.org\",\"@graph\":[{\"@type\":\"WebPage\",\"@id\":\"https:\\\/\\\/luxuryracketclub.com\\\/ro\\\/p\\\/colier-cu-racheta-de-tenis-tennis-star\\\/\",\"url\":\"https:\\\/\\\/luxuryracketclub.com\\\/ro\\\/p\\\/colier-cu-racheta-de-tenis-tennis-star\\\/\",\"name\":\"Colier cu rachet\u0103 de tenis \u201eTennis Star\u201d - \u0420\u044a\u0447\u043d\u043e \u0438\u0437\u0440\u0430\u0431\u043e\u0442\u0435\u043d\u0438 \u0442\u0435\u043d\u0438\u0441 \u0431\u0438\u0436\u0443\u0442\u0430 \u0438 \u0430\u043a\u0441\u0435\u0441\u043e\u0430\u0440\u0438\",\"isPartOf\":{\"@id\":\"https:\\\/\\\/luxuryracketclub.com\\\/#website\"},\"primaryImageOfPage\":{\"@id\":\"https:\\\/\\\/luxuryracketclub.com\\\/ro\\\/p\\\/colier-cu-racheta-de-tenis-tennis-star\\\/#primaryimage\"},\"image\":{\"@id\":\"https:\\\/\\\/luxuryracketclub.com\\\/ro\\\/p\\\/colier-cu-racheta-de-tenis-tennis-star\\\/#primaryimage\"},\"thumbnailUrl\":\"https:\\\/\\\/luxuryracketclub.com\\\/wp-content\\\/uploads\\\/2025\\\/08\\\/prouct-tenis-racketa-kolie-tenis-star-1.png\",\"datePublished\":\"2025-09-06T06:41:02+00:00\",\"dateModified\":\"2026-01-20T13:40:37+00:00\",\"description\":\"\u201eColec\u021bia Court Elegance - bijuterii vintage cu zirconiu, inspirate de tenis. Inel, colier, br\u0103\u021bar\u0103 \u0219i pandantiv pentru stil \u0219i elegan\u021b\u0103.\u201d\",\"breadcrumb\":{\"@id\":\"https:\\\/\\\/luxuryracketclub.com\\\/ro\\\/p\\\/colier-cu-racheta-de-tenis-tennis-star\\\/#breadcrumb\"},\"inLanguage\":\"ro-RO\",\"potentialAction\":[{\"@type\":\"ReadAction\",\"target\":[\"https:\\\/\\\/luxuryracketclub.com\\\/ro\\\/p\\\/colier-cu-racheta-de-tenis-tennis-star\\\/\"]}]},{\"@type\":\"ImageObject\",\"inLanguage\":\"ro-RO\",\"@id\":\"https:\\\/\\\/luxuryracketclub.com\\\/ro\\\/p\\\/colier-cu-racheta-de-tenis-tennis-star\\\/#primaryimage\",\"url\":\"https:\\\/\\\/luxuryracketclub.com\\\/wp-content\\\/uploads\\\/2025\\\/08\\\/prouct-tenis-racketa-kolie-tenis-star-1.png\",\"contentUrl\":\"https:\\\/\\\/luxuryracketclub.com\\\/wp-content\\\/uploads\\\/2025\\\/08\\\/prouct-tenis-racketa-kolie-tenis-star-1.png\",\"width\":1600,\"height\":1600,\"caption\":\"prouct-tenis-racketa-kolie-tenis-star-main\"},{\"@type\":\"BreadcrumbList\",\"@id\":\"https:\\\/\\\/luxuryracketclub.com\\\/ro\\\/p\\\/colier-cu-racheta-de-tenis-tennis-star\\\/#breadcrumb\",\"itemListElement\":[{\"@type\":\"ListItem\",\"position\":1,\"name\":\"\u041d\u0430\u0447\u0430\u043b\u043e\",\"item\":\"https:\\\/\\\/luxuryracketclub.com\\\/ro\\\/\"},{\"@type\":\"ListItem\",\"position\":2,\"name\":\"Magazin\",\"item\":\"https:\\\/\\\/luxuryracketclub.com\\\/ro\\\/magazin\\\/\"},{\"@type\":\"ListItem\",\"position\":3,\"name\":\"Colier cu rachet\u0103 de tenis \u201eTennis Star\u201d\"}]},{\"@type\":\"WebSite\",\"@id\":\"https:\\\/\\\/luxuryracketclub.com\\\/#website\",\"url\":\"https:\\\/\\\/luxuryracketclub.com\\\/\",\"name\":\"\u0420\u044a\u0447\u043d\u043e \u0438\u0437\u0440\u0430\u0431\u043e\u0442\u0435\u043d\u0438 \u0442\u0435\u043d\u0438\u0441 \u0431\u0438\u0436\u0443\u0442\u0430 \u0438 \u0430\u043a\u0441\u0435\u0441\u043e\u0430\u0440\u0438\",\"description\":\"\",\"potentialAction\":[{\"@type\":\"SearchAction\",\"target\":{\"@type\":\"EntryPoint\",\"urlTemplate\":\"https:\\\/\\\/luxuryracketclub.com\\\/?s={search_term_string}\"},\"query-input\":{\"@type\":\"PropertyValueSpecification\",\"valueRequired\":true,\"valueName\":\"search_term_string\"}}],\"inLanguage\":\"ro-RO\"}]}<\/script>\n<!-- \/ Yoast SEO plugin. -->","yoast_head_json":{"title":"Colier cu rachet\u0103 de tenis \u201eTennis Star\u201d - \u0420\u044a\u0447\u043d\u043e \u0438\u0437\u0440\u0430\u0431\u043e\u0442\u0435\u043d\u0438 \u0442\u0435\u043d\u0438\u0441 \u0431\u0438\u0436\u0443\u0442\u0430 \u0438 \u0430\u043a\u0441\u0435\u0441\u043e\u0430\u0440\u0438","description":"\u201eColec\u021bia Court Elegance - bijuterii vintage cu zirconiu, inspirate de tenis. Inel, colier, br\u0103\u021bar\u0103 \u0219i pandantiv pentru stil \u0219i elegan\u021b\u0103.\u201d","robots":{"index":"index","follow":"follow","max-snippet":"max-snippet:-1","max-image-preview":"max-image-preview:large","max-video-preview":"max-video-preview:-1"},"canonical":"https:\/\/luxuryracketclub.com\/ro\/p\/colier-cu-racheta-de-tenis-tennis-star\/","og_locale":"ro_RO","og_type":"article","og_title":"Colier cu rachet\u0103 de tenis \u201eTennis Star\u201d - \u0420\u044a\u0447\u043d\u043e \u0438\u0437\u0440\u0430\u0431\u043e\u0442\u0435\u043d\u0438 \u0442\u0435\u043d\u0438\u0441 \u0431\u0438\u0436\u0443\u0442\u0430 \u0438 \u0430\u043a\u0441\u0435\u0441\u043e\u0430\u0440\u0438","og_description":"\u201eColec\u021bia Court Elegance - bijuterii vintage cu zirconiu, inspirate de tenis. Inel, colier, br\u0103\u021bar\u0103 \u0219i pandantiv pentru stil \u0219i elegan\u021b\u0103.\u201d","og_url":"https:\/\/luxuryracketclub.com\/ro\/p\/colier-cu-racheta-de-tenis-tennis-star\/","og_site_name":"\u0420\u044a\u0447\u043d\u043e \u0438\u0437\u0440\u0430\u0431\u043e\u0442\u0435\u043d\u0438 \u0442\u0435\u043d\u0438\u0441 \u0431\u0438\u0436\u0443\u0442\u0430 \u0438 \u0430\u043a\u0441\u0435\u0441\u043e\u0430\u0440\u0438","article_modified_time":"2026-01-20T13:40:37+00:00","og_image":[{"width":1600,"height":1600,"url":"https:\/\/luxuryracketclub.com\/wp-content\/uploads\/2025\/08\/prouct-tenis-racketa-kolie-tenis-star-1.png","type":"image\/png"}],"twitter_card":"summary_large_image","twitter_misc":{"Timp estimat pentru citire":"1 minut"},"schema":{"@context":"https:\/\/schema.org","@graph":[{"@type":"WebPage","@id":"https:\/\/luxuryracketclub.com\/ro\/p\/colier-cu-racheta-de-tenis-tennis-star\/","url":"https:\/\/luxuryracketclub.com\/ro\/p\/colier-cu-racheta-de-tenis-tennis-star\/","name":"Colier cu rachet\u0103 de tenis \u201eTennis Star\u201d - \u0420\u044a\u0447\u043d\u043e \u0438\u0437\u0440\u0430\u0431\u043e\u0442\u0435\u043d\u0438 \u0442\u0435\u043d\u0438\u0441 \u0431\u0438\u0436\u0443\u0442\u0430 \u0438 \u0430\u043a\u0441\u0435\u0441\u043e\u0430\u0440\u0438","isPartOf":{"@id":"https:\/\/luxuryracketclub.com\/#website"},"primaryImageOfPage":{"@id":"https:\/\/luxuryracketclub.com\/ro\/p\/colier-cu-racheta-de-tenis-tennis-star\/#primaryimage"},"image":{"@id":"https:\/\/luxuryracketclub.com\/ro\/p\/colier-cu-racheta-de-tenis-tennis-star\/#primaryimage"},"thumbnailUrl":"https:\/\/luxuryracketclub.com\/wp-content\/uploads\/2025\/08\/prouct-tenis-racketa-kolie-tenis-star-1.png","datePublished":"2025-09-06T06:41:02+00:00","dateModified":"2026-01-20T13:40:37+00:00","description":"\u201eColec\u021bia Court Elegance - bijuterii vintage cu zirconiu, inspirate de tenis. Inel, colier, br\u0103\u021bar\u0103 \u0219i pandantiv pentru stil \u0219i elegan\u021b\u0103.\u201d","breadcrumb":{"@id":"https:\/\/luxuryracketclub.com\/ro\/p\/colier-cu-racheta-de-tenis-tennis-star\/#breadcrumb"},"inLanguage":"ro-RO","potentialAction":[{"@type":"ReadAction","target":["https:\/\/luxuryracketclub.com\/ro\/p\/colier-cu-racheta-de-tenis-tennis-star\/"]}]},{"@type":"ImageObject","inLanguage":"ro-RO","@id":"https:\/\/luxuryracketclub.com\/ro\/p\/colier-cu-racheta-de-tenis-tennis-star\/#primaryimage","url":"https:\/\/luxuryracketclub.com\/wp-content\/uploads\/2025\/08\/prouct-tenis-racketa-kolie-tenis-star-1.png","contentUrl":"https:\/\/luxuryracketclub.com\/wp-content\/uploads\/2025\/08\/prouct-tenis-racketa-kolie-tenis-star-1.png","width":1600,"height":1600,"caption":"prouct-tenis-racketa-kolie-tenis-star-main"},{"@type":"BreadcrumbList","@id":"https:\/\/luxuryracketclub.com\/ro\/p\/colier-cu-racheta-de-tenis-tennis-star\/#breadcrumb","itemListElement":[{"@type":"ListItem","position":1,"name":"\u041d\u0430\u0447\u0430\u043b\u043e","item":"https:\/\/luxuryracketclub.com\/ro\/"},{"@type":"ListItem","position":2,"name":"Magazin","item":"https:\/\/luxuryracketclub.com\/ro\/magazin\/"},{"@type":"ListItem","position":3,"name":"Colier cu rachet\u0103 de tenis \u201eTennis Star\u201d"}]},{"@type":"WebSite","@id":"https:\/\/luxuryracketclub.com\/#website","url":"https:\/\/luxuryracketclub.com\/","name":"\u0420\u044a\u0447\u043d\u043e \u0438\u0437\u0440\u0430\u0431\u043e\u0442\u0435\u043d\u0438 \u0442\u0435\u043d\u0438\u0441 \u0431\u0438\u0436\u0443\u0442\u0430 \u0438 \u0430\u043a\u0441\u0435\u0441\u043e\u0430\u0440\u0438","description":"","potentialAction":[{"@type":"SearchAction","target":{"@type":"EntryPoint","urlTemplate":"https:\/\/luxuryracketclub.com\/?s={search_term_string}"},"query-input":{"@type":"PropertyValueSpecification","valueRequired":true,"valueName":"search_term_string"}}],"inLanguage":"ro-RO"}]}},"_links":{"self":[{"href":"https:\/\/luxuryracketclub.com\/ro\/wp-json\/wp\/v2\/product\/15016","targetHints":{"allow":["GET"]}}],"collection":[{"href":"https:\/\/luxuryracketclub.com\/ro\/wp-json\/wp\/v2\/product"}],"about":[{"href":"https:\/\/luxuryracketclub.com\/ro\/wp-json\/wp\/v2\/types\/product"}],"replies":[{"embeddable":true,"href":"https:\/\/luxuryracketclub.com\/ro\/wp-json\/wp\/v2\/comments?post=15016"}],"wp:featuredmedia":[{"embeddable":true,"href":"https:\/\/luxuryracketclub.com\/ro\/wp-json\/wp\/v2\/media\/14778"}],"wp:attachment":[{"href":"https:\/\/luxuryracketclub.com\/ro\/wp-json\/wp\/v2\/media?parent=15016"}],"wp:term":[{"taxonomy":"product_brand","embeddable":true,"href":"https:\/\/luxuryracketclub.com\/ro\/wp-json\/wp\/v2\/product_brand?post=15016"},{"taxonomy":"product_cat","embeddable":true,"href":"https:\/\/luxuryracketclub.com\/ro\/wp-json\/wp\/v2\/product_cat?post=15016"},{"taxonomy":"product_tag","embeddable":true,"href":"https:\/\/luxuryracketclub.com\/ro\/wp-json\/wp\/v2\/product_tag?post=15016"}],"curies":[{"name":"wp","href":"https:\/\/api.w.org\/{rel}","templated":true}]}}