{"id":15008,"date":"2025-09-06T09:34:55","date_gmt":"2025-09-06T06:34:55","guid":{"rendered":"https:\/\/luxuryracketclub.com\/p\/sreburna-tenis-grivna-set-shine\/"},"modified":"2025-09-15T15:27:05","modified_gmt":"2025-09-15T12:27:05","slug":"sreburna-tenis-grivna-set-shine","status":"publish","type":"product","link":"https:\/\/luxuryracketclub.com\/ro\/p\/sreburna-tenis-grivna-set-shine\/","title":{"rendered":"Br\u0103\u021bar\u0103 tenis din argint \u201eSet &#038; Shine\u201d"},"content":{"rendered":"","protected":false},"excerpt":{"rendered":"<p data-start=\"172\" data-end=\"490\">Br\u0103\u021bara sofisticat\u0103 <em data-start=\"218\" data-end=\"231\">Set &#038; Shine<\/em> este creat\u0103 pentru cei care apreciaz\u0103 elegan\u021ba subtil\u0103 cu un accent vintage. Designul s\u0103u este inspirat de tenis &#8211; o rachet\u0103 de tenis cu o incrusta\u021bie de zirconiu alb care adaug\u0103 str\u0103lucire \u0219i armonie. Un model universal care poate fi u\u0219or combinat cu stilul de zi cu zi sau cu un look de sear\u0103.<\/p>\n<p data-start=\"492\" data-end=\"508\">\u2728 <strong data-start=\"494\" data-end=\"506\">Accente:<\/strong><\/p>\n<ul data-start=\"509\" data-end=\"728\">\n<li data-start=\"509\" data-end=\"546\">\n<p data-start=\"511\" data-end=\"546\">Piatr\u0103: zirconiu alb de \u00eenalt\u0103 calitate<\/p>\n<\/li>\n<li data-start=\"547\" data-end=\"580\">\n<p data-start=\"549\" data-end=\"580\">Stil: vintage cu o not\u0103 modern\u0103<\/p>\n<\/li>\n<li data-start=\"581\" data-end=\"632\">\n<p data-start=\"583\" data-end=\"632\">Simbolism: echilibru \u0219i energie &#8211; ca un set \u00een tenis<\/p>\n<\/li>\n<li data-start=\"633\" data-end=\"688\">\n<p data-start=\"635\" data-end=\"688\">Material: durabil \u0219i potrivit pentru purtare pe termen lung<\/p>\n<\/li>\n<li data-start=\"689\" data-end=\"728\">\n<p data-start=\"691\" data-end=\"728\">Parte din <strong data-start=\"708\" data-end=\"726\">Court Elegance<\/strong><\/p>\n<\/li>\n<\/ul>\n<p data-start=\"730\" data-end=\"798\">Cu <strong><em data-start=\"732\" data-end=\"745\">Set &amp; Shine<\/em><\/strong> \u00ee\u021bi vei pune \u00een valoare feminitatea \u0219i spiritul dinamic.<\/p>\n","protected":false},"featured_media":14787,"comment_status":"open","ping_status":"closed","template":"","meta":{"_acf_changed":false,"_nectar_blocks_hide_post_title":false,"_nectar_blocks_transparent_header_effect":false,"_nectar_blocks_transparent_header_effect_color":"light","_nectar_blocks_header_animation":false,"_nectar_blocks_header_animation_delay":0,"_nectar_blocks_header_animation_effect":"fade","_nectar_blocks_page_css":"","_nectar_blocks_page_js":"","inline_featured_image":false},"product_brand":[],"product_cat":[1143],"product_tag":[924,908,1320,841,938],"class_list":{"0":"post-15008","1":"product","2":"type-product","3":"status-publish","4":"has-post-thumbnail","6":"product_cat-court-elegance-collection-ro","7":"product_tag-accesorii-de-tenis","8":"product_tag-bijuterii-de-tenis","9":"product_tag-cadou-pentru-jucatoare-de-tenis","10":"product_tag-podarak-za-tenisist-ro","11":"product_tag-sportno-elegantna-grivna-ro","13":"first","14":"instock","15":"shipping-taxable","16":"purchasable","17":"product-type-variable"},"acf":[],"yoast_head":"<!-- This site is optimized with the Yoast SEO plugin v27.4 - https:\/\/yoast.com\/product\/yoast-seo-wordpress\/ -->\n<title>Br\u0103\u021bar\u0103 tenis din argint \u201eSet &amp; Shine\u201d - \u0420\u044a\u0447\u043d\u043e \u0438\u0437\u0440\u0430\u0431\u043e\u0442\u0435\u043d\u0438 \u0442\u0435\u043d\u0438\u0441 \u0431\u0438\u0436\u0443\u0442\u0430 \u0438 \u0430\u043a\u0441\u0435\u0441\u043e\u0430\u0440\u0438<\/title>\n<meta name=\"robots\" content=\"index, follow, max-snippet:-1, max-image-preview:large, max-video-preview:-1\" \/>\n<link rel=\"canonical\" href=\"https:\/\/luxuryracketclub.com\/ro\/p\/sreburna-tenis-grivna-set-shine\/\" \/>\n<meta property=\"og:locale\" content=\"ro_RO\" \/>\n<meta property=\"og:type\" content=\"article\" \/>\n<meta property=\"og:title\" content=\"Br\u0103\u021bar\u0103 tenis din argint \u201eSet &amp; Shine\u201d - \u0420\u044a\u0447\u043d\u043e \u0438\u0437\u0440\u0430\u0431\u043e\u0442\u0435\u043d\u0438 \u0442\u0435\u043d\u0438\u0441 \u0431\u0438\u0436\u0443\u0442\u0430 \u0438 \u0430\u043a\u0441\u0435\u0441\u043e\u0430\u0440\u0438\" \/>\n<meta property=\"og:description\" content=\"Br\u0103\u021bara sofisticat\u0103 Set &amp; Shine este creat\u0103 pentru cei care apreciaz\u0103 elegan\u021ba subtil\u0103 cu un accent vintage. Designul s\u0103u este inspirat de tenis - o rachet\u0103 de tenis cu o incrusta\u021bie de zirconiu alb care adaug\u0103 str\u0103lucire \u0219i armonie. Un model universal care poate fi u\u0219or combinat cu stilul de zi cu zi sau cu un look de sear\u0103. \u2728 Accente:    Piatr\u0103: zirconiu alb de \u00eenalt\u0103 calitate   Stil: vintage cu o not\u0103 modern\u0103   Simbolism: echilibru \u0219i energie - ca un set \u00een tenis   Material: durabil \u0219i potrivit pentru purtare pe termen lung   Parte din Court Elegance   Cu Set &amp; Shine \u00ee\u021bi vei pune \u00een valoare feminitatea \u0219i spiritul dinamic.\" \/>\n<meta property=\"og:url\" content=\"https:\/\/luxuryracketclub.com\/ro\/p\/sreburna-tenis-grivna-set-shine\/\" \/>\n<meta property=\"og:site_name\" content=\"\u0420\u044a\u0447\u043d\u043e \u0438\u0437\u0440\u0430\u0431\u043e\u0442\u0435\u043d\u0438 \u0442\u0435\u043d\u0438\u0441 \u0431\u0438\u0436\u0443\u0442\u0430 \u0438 \u0430\u043a\u0441\u0435\u0441\u043e\u0430\u0440\u0438\" \/>\n<meta property=\"article:modified_time\" content=\"2025-09-15T12:27:05+00:00\" \/>\n<meta property=\"og:image\" content=\"https:\/\/luxuryracketclub.com\/wp-content\/uploads\/2025\/09\/product-sreburna-grivna-tenis-raketa-set-shine.png\" \/>\n\t<meta property=\"og:image:width\" content=\"1600\" \/>\n\t<meta property=\"og:image:height\" content=\"1600\" \/>\n\t<meta property=\"og:image:type\" content=\"image\/png\" \/>\n<meta name=\"twitter:card\" content=\"summary_large_image\" \/>\n<meta name=\"twitter:label1\" content=\"Timp estimat pentru citire\" \/>\n\t<meta name=\"twitter:data1\" content=\"1 minut\" \/>\n<script type=\"application\/ld+json\" class=\"yoast-schema-graph\">{\"@context\":\"https:\\\/\\\/schema.org\",\"@graph\":[{\"@type\":\"WebPage\",\"@id\":\"https:\\\/\\\/luxuryracketclub.com\\\/ro\\\/p\\\/sreburna-tenis-grivna-set-shine\\\/\",\"url\":\"https:\\\/\\\/luxuryracketclub.com\\\/ro\\\/p\\\/sreburna-tenis-grivna-set-shine\\\/\",\"name\":\"Br\u0103\u021bar\u0103 tenis din argint \u201eSet & Shine\u201d - \u0420\u044a\u0447\u043d\u043e \u0438\u0437\u0440\u0430\u0431\u043e\u0442\u0435\u043d\u0438 \u0442\u0435\u043d\u0438\u0441 \u0431\u0438\u0436\u0443\u0442\u0430 \u0438 \u0430\u043a\u0441\u0435\u0441\u043e\u0430\u0440\u0438\",\"isPartOf\":{\"@id\":\"https:\\\/\\\/luxuryracketclub.com\\\/#website\"},\"primaryImageOfPage\":{\"@id\":\"https:\\\/\\\/luxuryracketclub.com\\\/ro\\\/p\\\/sreburna-tenis-grivna-set-shine\\\/#primaryimage\"},\"image\":{\"@id\":\"https:\\\/\\\/luxuryracketclub.com\\\/ro\\\/p\\\/sreburna-tenis-grivna-set-shine\\\/#primaryimage\"},\"thumbnailUrl\":\"https:\\\/\\\/luxuryracketclub.com\\\/wp-content\\\/uploads\\\/2025\\\/09\\\/product-sreburna-grivna-tenis-raketa-set-shine.png\",\"datePublished\":\"2025-09-06T06:34:55+00:00\",\"dateModified\":\"2025-09-15T12:27:05+00:00\",\"breadcrumb\":{\"@id\":\"https:\\\/\\\/luxuryracketclub.com\\\/ro\\\/p\\\/sreburna-tenis-grivna-set-shine\\\/#breadcrumb\"},\"inLanguage\":\"ro-RO\",\"potentialAction\":[{\"@type\":\"ReadAction\",\"target\":[\"https:\\\/\\\/luxuryracketclub.com\\\/ro\\\/p\\\/sreburna-tenis-grivna-set-shine\\\/\"]}]},{\"@type\":\"ImageObject\",\"inLanguage\":\"ro-RO\",\"@id\":\"https:\\\/\\\/luxuryracketclub.com\\\/ro\\\/p\\\/sreburna-tenis-grivna-set-shine\\\/#primaryimage\",\"url\":\"https:\\\/\\\/luxuryracketclub.com\\\/wp-content\\\/uploads\\\/2025\\\/09\\\/product-sreburna-grivna-tenis-raketa-set-shine.png\",\"contentUrl\":\"https:\\\/\\\/luxuryracketclub.com\\\/wp-content\\\/uploads\\\/2025\\\/09\\\/product-sreburna-grivna-tenis-raketa-set-shine.png\",\"width\":1600,\"height\":1600,\"caption\":\"\u0422\u0435\u043d\u0438\u0441 \u0413\u0440\u0438\u0432\u043d\u0430 \\\"Set & Shine\\\"\"},{\"@type\":\"BreadcrumbList\",\"@id\":\"https:\\\/\\\/luxuryracketclub.com\\\/ro\\\/p\\\/sreburna-tenis-grivna-set-shine\\\/#breadcrumb\",\"itemListElement\":[{\"@type\":\"ListItem\",\"position\":1,\"name\":\"\u041d\u0430\u0447\u0430\u043b\u043e\",\"item\":\"https:\\\/\\\/luxuryracketclub.com\\\/ro\\\/\"},{\"@type\":\"ListItem\",\"position\":2,\"name\":\"Magazin\",\"item\":\"https:\\\/\\\/luxuryracketclub.com\\\/ro\\\/magazin\\\/\"},{\"@type\":\"ListItem\",\"position\":3,\"name\":\"Br\u0103\u021bar\u0103 tenis din argint \u201eSet &#038; Shine\u201d\"}]},{\"@type\":\"WebSite\",\"@id\":\"https:\\\/\\\/luxuryracketclub.com\\\/#website\",\"url\":\"https:\\\/\\\/luxuryracketclub.com\\\/\",\"name\":\"\u0420\u044a\u0447\u043d\u043e \u0438\u0437\u0440\u0430\u0431\u043e\u0442\u0435\u043d\u0438 \u0442\u0435\u043d\u0438\u0441 \u0431\u0438\u0436\u0443\u0442\u0430 \u0438 \u0430\u043a\u0441\u0435\u0441\u043e\u0430\u0440\u0438\",\"description\":\"\",\"potentialAction\":[{\"@type\":\"SearchAction\",\"target\":{\"@type\":\"EntryPoint\",\"urlTemplate\":\"https:\\\/\\\/luxuryracketclub.com\\\/?s={search_term_string}\"},\"query-input\":{\"@type\":\"PropertyValueSpecification\",\"valueRequired\":true,\"valueName\":\"search_term_string\"}}],\"inLanguage\":\"ro-RO\"}]}<\/script>\n<!-- \/ Yoast SEO plugin. -->","yoast_head_json":{"title":"Br\u0103\u021bar\u0103 tenis din argint \u201eSet & Shine\u201d - \u0420\u044a\u0447\u043d\u043e \u0438\u0437\u0440\u0430\u0431\u043e\u0442\u0435\u043d\u0438 \u0442\u0435\u043d\u0438\u0441 \u0431\u0438\u0436\u0443\u0442\u0430 \u0438 \u0430\u043a\u0441\u0435\u0441\u043e\u0430\u0440\u0438","robots":{"index":"index","follow":"follow","max-snippet":"max-snippet:-1","max-image-preview":"max-image-preview:large","max-video-preview":"max-video-preview:-1"},"canonical":"https:\/\/luxuryracketclub.com\/ro\/p\/sreburna-tenis-grivna-set-shine\/","og_locale":"ro_RO","og_type":"article","og_title":"Br\u0103\u021bar\u0103 tenis din argint \u201eSet & Shine\u201d - \u0420\u044a\u0447\u043d\u043e \u0438\u0437\u0440\u0430\u0431\u043e\u0442\u0435\u043d\u0438 \u0442\u0435\u043d\u0438\u0441 \u0431\u0438\u0436\u0443\u0442\u0430 \u0438 \u0430\u043a\u0441\u0435\u0441\u043e\u0430\u0440\u0438","og_description":"Br\u0103\u021bara sofisticat\u0103 Set & Shine este creat\u0103 pentru cei care apreciaz\u0103 elegan\u021ba subtil\u0103 cu un accent vintage. Designul s\u0103u este inspirat de tenis - o rachet\u0103 de tenis cu o incrusta\u021bie de zirconiu alb care adaug\u0103 str\u0103lucire \u0219i armonie. Un model universal care poate fi u\u0219or combinat cu stilul de zi cu zi sau cu un look de sear\u0103. \u2728 Accente:    Piatr\u0103: zirconiu alb de \u00eenalt\u0103 calitate   Stil: vintage cu o not\u0103 modern\u0103   Simbolism: echilibru \u0219i energie - ca un set \u00een tenis   Material: durabil \u0219i potrivit pentru purtare pe termen lung   Parte din Court Elegance   Cu Set &amp; Shine \u00ee\u021bi vei pune \u00een valoare feminitatea \u0219i spiritul dinamic.","og_url":"https:\/\/luxuryracketclub.com\/ro\/p\/sreburna-tenis-grivna-set-shine\/","og_site_name":"\u0420\u044a\u0447\u043d\u043e \u0438\u0437\u0440\u0430\u0431\u043e\u0442\u0435\u043d\u0438 \u0442\u0435\u043d\u0438\u0441 \u0431\u0438\u0436\u0443\u0442\u0430 \u0438 \u0430\u043a\u0441\u0435\u0441\u043e\u0430\u0440\u0438","article_modified_time":"2025-09-15T12:27:05+00:00","og_image":[{"width":1600,"height":1600,"url":"https:\/\/luxuryracketclub.com\/wp-content\/uploads\/2025\/09\/product-sreburna-grivna-tenis-raketa-set-shine.png","type":"image\/png"}],"twitter_card":"summary_large_image","twitter_misc":{"Timp estimat pentru citire":"1 minut"},"schema":{"@context":"https:\/\/schema.org","@graph":[{"@type":"WebPage","@id":"https:\/\/luxuryracketclub.com\/ro\/p\/sreburna-tenis-grivna-set-shine\/","url":"https:\/\/luxuryracketclub.com\/ro\/p\/sreburna-tenis-grivna-set-shine\/","name":"Br\u0103\u021bar\u0103 tenis din argint \u201eSet & Shine\u201d - \u0420\u044a\u0447\u043d\u043e \u0438\u0437\u0440\u0430\u0431\u043e\u0442\u0435\u043d\u0438 \u0442\u0435\u043d\u0438\u0441 \u0431\u0438\u0436\u0443\u0442\u0430 \u0438 \u0430\u043a\u0441\u0435\u0441\u043e\u0430\u0440\u0438","isPartOf":{"@id":"https:\/\/luxuryracketclub.com\/#website"},"primaryImageOfPage":{"@id":"https:\/\/luxuryracketclub.com\/ro\/p\/sreburna-tenis-grivna-set-shine\/#primaryimage"},"image":{"@id":"https:\/\/luxuryracketclub.com\/ro\/p\/sreburna-tenis-grivna-set-shine\/#primaryimage"},"thumbnailUrl":"https:\/\/luxuryracketclub.com\/wp-content\/uploads\/2025\/09\/product-sreburna-grivna-tenis-raketa-set-shine.png","datePublished":"2025-09-06T06:34:55+00:00","dateModified":"2025-09-15T12:27:05+00:00","breadcrumb":{"@id":"https:\/\/luxuryracketclub.com\/ro\/p\/sreburna-tenis-grivna-set-shine\/#breadcrumb"},"inLanguage":"ro-RO","potentialAction":[{"@type":"ReadAction","target":["https:\/\/luxuryracketclub.com\/ro\/p\/sreburna-tenis-grivna-set-shine\/"]}]},{"@type":"ImageObject","inLanguage":"ro-RO","@id":"https:\/\/luxuryracketclub.com\/ro\/p\/sreburna-tenis-grivna-set-shine\/#primaryimage","url":"https:\/\/luxuryracketclub.com\/wp-content\/uploads\/2025\/09\/product-sreburna-grivna-tenis-raketa-set-shine.png","contentUrl":"https:\/\/luxuryracketclub.com\/wp-content\/uploads\/2025\/09\/product-sreburna-grivna-tenis-raketa-set-shine.png","width":1600,"height":1600,"caption":"\u0422\u0435\u043d\u0438\u0441 \u0413\u0440\u0438\u0432\u043d\u0430 \"Set & Shine\""},{"@type":"BreadcrumbList","@id":"https:\/\/luxuryracketclub.com\/ro\/p\/sreburna-tenis-grivna-set-shine\/#breadcrumb","itemListElement":[{"@type":"ListItem","position":1,"name":"\u041d\u0430\u0447\u0430\u043b\u043e","item":"https:\/\/luxuryracketclub.com\/ro\/"},{"@type":"ListItem","position":2,"name":"Magazin","item":"https:\/\/luxuryracketclub.com\/ro\/magazin\/"},{"@type":"ListItem","position":3,"name":"Br\u0103\u021bar\u0103 tenis din argint \u201eSet &#038; Shine\u201d"}]},{"@type":"WebSite","@id":"https:\/\/luxuryracketclub.com\/#website","url":"https:\/\/luxuryracketclub.com\/","name":"\u0420\u044a\u0447\u043d\u043e \u0438\u0437\u0440\u0430\u0431\u043e\u0442\u0435\u043d\u0438 \u0442\u0435\u043d\u0438\u0441 \u0431\u0438\u0436\u0443\u0442\u0430 \u0438 \u0430\u043a\u0441\u0435\u0441\u043e\u0430\u0440\u0438","description":"","potentialAction":[{"@type":"SearchAction","target":{"@type":"EntryPoint","urlTemplate":"https:\/\/luxuryracketclub.com\/?s={search_term_string}"},"query-input":{"@type":"PropertyValueSpecification","valueRequired":true,"valueName":"search_term_string"}}],"inLanguage":"ro-RO"}]}},"_links":{"self":[{"href":"https:\/\/luxuryracketclub.com\/ro\/wp-json\/wp\/v2\/product\/15008","targetHints":{"allow":["GET"]}}],"collection":[{"href":"https:\/\/luxuryracketclub.com\/ro\/wp-json\/wp\/v2\/product"}],"about":[{"href":"https:\/\/luxuryracketclub.com\/ro\/wp-json\/wp\/v2\/types\/product"}],"replies":[{"embeddable":true,"href":"https:\/\/luxuryracketclub.com\/ro\/wp-json\/wp\/v2\/comments?post=15008"}],"wp:featuredmedia":[{"embeddable":true,"href":"https:\/\/luxuryracketclub.com\/ro\/wp-json\/wp\/v2\/media\/14787"}],"wp:attachment":[{"href":"https:\/\/luxuryracketclub.com\/ro\/wp-json\/wp\/v2\/media?parent=15008"}],"wp:term":[{"taxonomy":"product_brand","embeddable":true,"href":"https:\/\/luxuryracketclub.com\/ro\/wp-json\/wp\/v2\/product_brand?post=15008"},{"taxonomy":"product_cat","embeddable":true,"href":"https:\/\/luxuryracketclub.com\/ro\/wp-json\/wp\/v2\/product_cat?post=15008"},{"taxonomy":"product_tag","embeddable":true,"href":"https:\/\/luxuryracketclub.com\/ro\/wp-json\/wp\/v2\/product_tag?post=15008"}],"curies":[{"name":"wp","href":"https:\/\/api.w.org\/{rel}","templated":true}]}}