{"id":15004,"date":"2025-09-06T08:48:59","date_gmt":"2025-09-06T05:48:59","guid":{"rendered":"https:\/\/luxuryracketclub.com\/p\/sreburna-visulka-tenis-raketa-racket-charm-s-czirkon\/"},"modified":"2025-09-15T15:24:48","modified_gmt":"2025-09-15T12:24:48","slug":"sreburna-visulka-tenis-raketa-racket-charm-s-czirkon","status":"publish","type":"product","link":"https:\/\/luxuryracketclub.com\/ro\/p\/sreburna-visulka-tenis-raketa-racket-charm-s-czirkon\/","title":{"rendered":"Pandantiv din argint cu rachet\u0103 de tenis \u201eRacket Charm\u201d \u0219i zirconiu"},"content":{"rendered":"","protected":false},"excerpt":{"rendered":"<p data-start=\"196\" data-end=\"531\">Ad\u0103uga\u021bi stil \u0219i personalitate aspectului dvs. cu acest pandantiv vintage rafinat. Creat cu aten\u021bie la detalii, acesta prezint\u0103 o rachet\u0103 de tenis \u00eentr-un design minimalist elegant, accentuat\u0103 de un zirconiu alb str\u0103lucitor \u00een centru. Pandantivul combin\u0103 spiritul sportiv cu rafinamentul clasic, devenind un accesoriu universal pentru toate ocaziile.<\/p>\n<p data-start=\"533\" data-end=\"549\">\u2728 <strong data-start=\"535\" data-end=\"547\">Accente:<\/strong><\/p>\n<ul data-start=\"550\" data-end=\"757\">\n<li data-start=\"550\" data-end=\"587\">\n<p data-start=\"552\" data-end=\"587\">Piatr\u0103: zirconiu alb de \u00eenalt\u0103 calitate<\/p>\n<\/li>\n<li data-start=\"588\" data-end=\"639\">\n<p data-start=\"590\" data-end=\"639\">Stil: aspect vintage &#8211; retro cu aspect modern<\/p>\n<\/li>\n<li data-start=\"640\" data-end=\"688\">\n<p data-start=\"642\" data-end=\"688\">Design: rachet\u0103 de tenis \u2013 unic\u0103 \u0219i simbolic<\/p>\n<\/li>\n<li data-start=\"689\" data-end=\"757\">\n<p data-start=\"691\" data-end=\"757\">Pandantiv universal \u2013 ideal pentru via\u021ba de zi cu zi \u0219i evenimente speciale<\/p>\n<\/li>\n<\/ul>\n<p data-start=\"759\" data-end=\"935\">Acest pandantiv face parte din colec\u021bia <strong data-start=\"571\" data-end=\"591\">\u201eCourt Elegance\u201d<\/strong>, care include \u0219i un inel, o br\u0103\u021bar\u0103 \u0219i un colier \u00een acela\u0219i stil. O alegere perfect\u0103 de cadou pentru iubitorii de tenis, sport \u0219i accesorii glamour.<\/p>\n","protected":false},"featured_media":14763,"comment_status":"open","ping_status":"closed","template":"","meta":{"_acf_changed":false,"_nectar_blocks_hide_post_title":false,"_nectar_blocks_transparent_header_effect":false,"_nectar_blocks_transparent_header_effect_color":"light","_nectar_blocks_header_animation":false,"_nectar_blocks_header_animation_delay":0,"_nectar_blocks_header_animation_effect":"fade","_nectar_blocks_page_css":"","_nectar_blocks_page_js":"","inline_featured_image":false},"product_brand":[],"product_cat":[1143],"product_tag":[924,908,1320,841,849],"class_list":{"0":"post-15004","1":"product","2":"type-product","3":"status-publish","4":"has-post-thumbnail","6":"product_cat-court-elegance-collection-ro","7":"product_tag-accesorii-de-tenis","8":"product_tag-bijuterii-de-tenis","9":"product_tag-cadou-pentru-jucatoare-de-tenis","10":"product_tag-podarak-za-tenisist-ro","11":"product_tag-sportno-elegantna-visulka-ro","13":"first","14":"instock","15":"shipping-taxable","16":"purchasable","17":"product-type-variable"},"acf":[],"yoast_head":"<!-- This site is optimized with the Yoast SEO plugin v27.4 - https:\/\/yoast.com\/product\/yoast-seo-wordpress\/ -->\n<title>Pandantiv din argint cu rachet\u0103 de tenis \u201eRacket Charm\u201d \u0219i zirconiu - \u0420\u044a\u0447\u043d\u043e \u0438\u0437\u0440\u0430\u0431\u043e\u0442\u0435\u043d\u0438 \u0442\u0435\u043d\u0438\u0441 \u0431\u0438\u0436\u0443\u0442\u0430 \u0438 \u0430\u043a\u0441\u0435\u0441\u043e\u0430\u0440\u0438<\/title>\n<meta name=\"description\" content=\"Pandantiv vintage cu zirconiu \u00een form\u0103 de rachet\u0103 de tenis. Parte din \u201eCourt Elegance\u201d \u2013 elegan\u021b\u0103, spirit sportiv \u0219i un accent str\u0103lucitor pentru orice ocazie.\" \/>\n<meta name=\"robots\" content=\"index, follow, max-snippet:-1, max-image-preview:large, max-video-preview:-1\" \/>\n<link rel=\"canonical\" href=\"https:\/\/luxuryracketclub.com\/ro\/p\/sreburna-visulka-tenis-raketa-racket-charm-s-czirkon\/\" \/>\n<meta property=\"og:locale\" content=\"ro_RO\" \/>\n<meta property=\"og:type\" content=\"article\" \/>\n<meta property=\"og:title\" content=\"Pandantiv din argint cu rachet\u0103 de tenis \u201eRacket Charm\u201d \u0219i zirconiu - \u0420\u044a\u0447\u043d\u043e \u0438\u0437\u0440\u0430\u0431\u043e\u0442\u0435\u043d\u0438 \u0442\u0435\u043d\u0438\u0441 \u0431\u0438\u0436\u0443\u0442\u0430 \u0438 \u0430\u043a\u0441\u0435\u0441\u043e\u0430\u0440\u0438\" \/>\n<meta property=\"og:description\" content=\"Pandantiv vintage cu zirconiu \u00een form\u0103 de rachet\u0103 de tenis. Parte din \u201eCourt Elegance\u201d \u2013 elegan\u021b\u0103, spirit sportiv \u0219i un accent str\u0103lucitor pentru orice ocazie.\" \/>\n<meta property=\"og:url\" content=\"https:\/\/luxuryracketclub.com\/ro\/p\/sreburna-visulka-tenis-raketa-racket-charm-s-czirkon\/\" \/>\n<meta property=\"og:site_name\" content=\"\u0420\u044a\u0447\u043d\u043e \u0438\u0437\u0440\u0430\u0431\u043e\u0442\u0435\u043d\u0438 \u0442\u0435\u043d\u0438\u0441 \u0431\u0438\u0436\u0443\u0442\u0430 \u0438 \u0430\u043a\u0441\u0435\u0441\u043e\u0430\u0440\u0438\" \/>\n<meta property=\"article:modified_time\" content=\"2025-09-15T12:24:48+00:00\" \/>\n<meta property=\"og:image\" content=\"https:\/\/luxuryracketclub.com\/wp-content\/uploads\/2025\/08\/product-visulka-tenis-raketa-racket-charm-s-czirkon-3.png\" \/>\n\t<meta property=\"og:image:width\" content=\"1600\" \/>\n\t<meta property=\"og:image:height\" content=\"1600\" \/>\n\t<meta property=\"og:image:type\" content=\"image\/png\" \/>\n<meta name=\"twitter:card\" content=\"summary_large_image\" \/>\n<meta name=\"twitter:label1\" content=\"Timp estimat pentru citire\" \/>\n\t<meta name=\"twitter:data1\" content=\"1 minut\" \/>\n<script type=\"application\/ld+json\" class=\"yoast-schema-graph\">{\"@context\":\"https:\\\/\\\/schema.org\",\"@graph\":[{\"@type\":\"WebPage\",\"@id\":\"https:\\\/\\\/luxuryracketclub.com\\\/ro\\\/p\\\/sreburna-visulka-tenis-raketa-racket-charm-s-czirkon\\\/\",\"url\":\"https:\\\/\\\/luxuryracketclub.com\\\/ro\\\/p\\\/sreburna-visulka-tenis-raketa-racket-charm-s-czirkon\\\/\",\"name\":\"Pandantiv din argint cu rachet\u0103 de tenis \u201eRacket Charm\u201d \u0219i zirconiu - \u0420\u044a\u0447\u043d\u043e \u0438\u0437\u0440\u0430\u0431\u043e\u0442\u0435\u043d\u0438 \u0442\u0435\u043d\u0438\u0441 \u0431\u0438\u0436\u0443\u0442\u0430 \u0438 \u0430\u043a\u0441\u0435\u0441\u043e\u0430\u0440\u0438\",\"isPartOf\":{\"@id\":\"https:\\\/\\\/luxuryracketclub.com\\\/#website\"},\"primaryImageOfPage\":{\"@id\":\"https:\\\/\\\/luxuryracketclub.com\\\/ro\\\/p\\\/sreburna-visulka-tenis-raketa-racket-charm-s-czirkon\\\/#primaryimage\"},\"image\":{\"@id\":\"https:\\\/\\\/luxuryracketclub.com\\\/ro\\\/p\\\/sreburna-visulka-tenis-raketa-racket-charm-s-czirkon\\\/#primaryimage\"},\"thumbnailUrl\":\"https:\\\/\\\/luxuryracketclub.com\\\/wp-content\\\/uploads\\\/2025\\\/08\\\/product-visulka-tenis-raketa-racket-charm-s-czirkon-3.png\",\"datePublished\":\"2025-09-06T05:48:59+00:00\",\"dateModified\":\"2025-09-15T12:24:48+00:00\",\"description\":\"Pandantiv vintage cu zirconiu \u00een form\u0103 de rachet\u0103 de tenis. Parte din \u201eCourt Elegance\u201d \u2013 elegan\u021b\u0103, spirit sportiv \u0219i un accent str\u0103lucitor pentru orice ocazie.\",\"breadcrumb\":{\"@id\":\"https:\\\/\\\/luxuryracketclub.com\\\/ro\\\/p\\\/sreburna-visulka-tenis-raketa-racket-charm-s-czirkon\\\/#breadcrumb\"},\"inLanguage\":\"ro-RO\",\"potentialAction\":[{\"@type\":\"ReadAction\",\"target\":[\"https:\\\/\\\/luxuryracketclub.com\\\/ro\\\/p\\\/sreburna-visulka-tenis-raketa-racket-charm-s-czirkon\\\/\"]}]},{\"@type\":\"ImageObject\",\"inLanguage\":\"ro-RO\",\"@id\":\"https:\\\/\\\/luxuryracketclub.com\\\/ro\\\/p\\\/sreburna-visulka-tenis-raketa-racket-charm-s-czirkon\\\/#primaryimage\",\"url\":\"https:\\\/\\\/luxuryracketclub.com\\\/wp-content\\\/uploads\\\/2025\\\/08\\\/product-visulka-tenis-raketa-racket-charm-s-czirkon-3.png\",\"contentUrl\":\"https:\\\/\\\/luxuryracketclub.com\\\/wp-content\\\/uploads\\\/2025\\\/08\\\/product-visulka-tenis-raketa-racket-charm-s-czirkon-3.png\",\"width\":1600,\"height\":1600,\"caption\":\"\u0412\u0438\u0441\u0443\u043b\u043a\u0430 \u0442\u0435\u043d\u0438\u0441 \u0440\u0430\u043a\u0435\u0442\u0430 \\\"Racket Charm\\\" \u0441 \u0446\u0438\u0440\u043a\u043e\u043d\"},{\"@type\":\"BreadcrumbList\",\"@id\":\"https:\\\/\\\/luxuryracketclub.com\\\/ro\\\/p\\\/sreburna-visulka-tenis-raketa-racket-charm-s-czirkon\\\/#breadcrumb\",\"itemListElement\":[{\"@type\":\"ListItem\",\"position\":1,\"name\":\"\u041d\u0430\u0447\u0430\u043b\u043e\",\"item\":\"https:\\\/\\\/luxuryracketclub.com\\\/ro\\\/\"},{\"@type\":\"ListItem\",\"position\":2,\"name\":\"Magazin\",\"item\":\"https:\\\/\\\/luxuryracketclub.com\\\/ro\\\/magazin\\\/\"},{\"@type\":\"ListItem\",\"position\":3,\"name\":\"Pandantiv din argint cu rachet\u0103 de tenis \u201eRacket Charm\u201d \u0219i zirconiu\"}]},{\"@type\":\"WebSite\",\"@id\":\"https:\\\/\\\/luxuryracketclub.com\\\/#website\",\"url\":\"https:\\\/\\\/luxuryracketclub.com\\\/\",\"name\":\"\u0420\u044a\u0447\u043d\u043e \u0438\u0437\u0440\u0430\u0431\u043e\u0442\u0435\u043d\u0438 \u0442\u0435\u043d\u0438\u0441 \u0431\u0438\u0436\u0443\u0442\u0430 \u0438 \u0430\u043a\u0441\u0435\u0441\u043e\u0430\u0440\u0438\",\"description\":\"\",\"potentialAction\":[{\"@type\":\"SearchAction\",\"target\":{\"@type\":\"EntryPoint\",\"urlTemplate\":\"https:\\\/\\\/luxuryracketclub.com\\\/?s={search_term_string}\"},\"query-input\":{\"@type\":\"PropertyValueSpecification\",\"valueRequired\":true,\"valueName\":\"search_term_string\"}}],\"inLanguage\":\"ro-RO\"}]}<\/script>\n<!-- \/ Yoast SEO plugin. -->","yoast_head_json":{"title":"Pandantiv din argint cu rachet\u0103 de tenis \u201eRacket Charm\u201d \u0219i zirconiu - \u0420\u044a\u0447\u043d\u043e \u0438\u0437\u0440\u0430\u0431\u043e\u0442\u0435\u043d\u0438 \u0442\u0435\u043d\u0438\u0441 \u0431\u0438\u0436\u0443\u0442\u0430 \u0438 \u0430\u043a\u0441\u0435\u0441\u043e\u0430\u0440\u0438","description":"Pandantiv vintage cu zirconiu \u00een form\u0103 de rachet\u0103 de tenis. Parte din \u201eCourt Elegance\u201d \u2013 elegan\u021b\u0103, spirit sportiv \u0219i un accent str\u0103lucitor pentru orice ocazie.","robots":{"index":"index","follow":"follow","max-snippet":"max-snippet:-1","max-image-preview":"max-image-preview:large","max-video-preview":"max-video-preview:-1"},"canonical":"https:\/\/luxuryracketclub.com\/ro\/p\/sreburna-visulka-tenis-raketa-racket-charm-s-czirkon\/","og_locale":"ro_RO","og_type":"article","og_title":"Pandantiv din argint cu rachet\u0103 de tenis \u201eRacket Charm\u201d \u0219i zirconiu - \u0420\u044a\u0447\u043d\u043e \u0438\u0437\u0440\u0430\u0431\u043e\u0442\u0435\u043d\u0438 \u0442\u0435\u043d\u0438\u0441 \u0431\u0438\u0436\u0443\u0442\u0430 \u0438 \u0430\u043a\u0441\u0435\u0441\u043e\u0430\u0440\u0438","og_description":"Pandantiv vintage cu zirconiu \u00een form\u0103 de rachet\u0103 de tenis. Parte din \u201eCourt Elegance\u201d \u2013 elegan\u021b\u0103, spirit sportiv \u0219i un accent str\u0103lucitor pentru orice ocazie.","og_url":"https:\/\/luxuryracketclub.com\/ro\/p\/sreburna-visulka-tenis-raketa-racket-charm-s-czirkon\/","og_site_name":"\u0420\u044a\u0447\u043d\u043e \u0438\u0437\u0440\u0430\u0431\u043e\u0442\u0435\u043d\u0438 \u0442\u0435\u043d\u0438\u0441 \u0431\u0438\u0436\u0443\u0442\u0430 \u0438 \u0430\u043a\u0441\u0435\u0441\u043e\u0430\u0440\u0438","article_modified_time":"2025-09-15T12:24:48+00:00","og_image":[{"width":1600,"height":1600,"url":"https:\/\/luxuryracketclub.com\/wp-content\/uploads\/2025\/08\/product-visulka-tenis-raketa-racket-charm-s-czirkon-3.png","type":"image\/png"}],"twitter_card":"summary_large_image","twitter_misc":{"Timp estimat pentru citire":"1 minut"},"schema":{"@context":"https:\/\/schema.org","@graph":[{"@type":"WebPage","@id":"https:\/\/luxuryracketclub.com\/ro\/p\/sreburna-visulka-tenis-raketa-racket-charm-s-czirkon\/","url":"https:\/\/luxuryracketclub.com\/ro\/p\/sreburna-visulka-tenis-raketa-racket-charm-s-czirkon\/","name":"Pandantiv din argint cu rachet\u0103 de tenis \u201eRacket Charm\u201d \u0219i zirconiu - \u0420\u044a\u0447\u043d\u043e \u0438\u0437\u0440\u0430\u0431\u043e\u0442\u0435\u043d\u0438 \u0442\u0435\u043d\u0438\u0441 \u0431\u0438\u0436\u0443\u0442\u0430 \u0438 \u0430\u043a\u0441\u0435\u0441\u043e\u0430\u0440\u0438","isPartOf":{"@id":"https:\/\/luxuryracketclub.com\/#website"},"primaryImageOfPage":{"@id":"https:\/\/luxuryracketclub.com\/ro\/p\/sreburna-visulka-tenis-raketa-racket-charm-s-czirkon\/#primaryimage"},"image":{"@id":"https:\/\/luxuryracketclub.com\/ro\/p\/sreburna-visulka-tenis-raketa-racket-charm-s-czirkon\/#primaryimage"},"thumbnailUrl":"https:\/\/luxuryracketclub.com\/wp-content\/uploads\/2025\/08\/product-visulka-tenis-raketa-racket-charm-s-czirkon-3.png","datePublished":"2025-09-06T05:48:59+00:00","dateModified":"2025-09-15T12:24:48+00:00","description":"Pandantiv vintage cu zirconiu \u00een form\u0103 de rachet\u0103 de tenis. Parte din \u201eCourt Elegance\u201d \u2013 elegan\u021b\u0103, spirit sportiv \u0219i un accent str\u0103lucitor pentru orice ocazie.","breadcrumb":{"@id":"https:\/\/luxuryracketclub.com\/ro\/p\/sreburna-visulka-tenis-raketa-racket-charm-s-czirkon\/#breadcrumb"},"inLanguage":"ro-RO","potentialAction":[{"@type":"ReadAction","target":["https:\/\/luxuryracketclub.com\/ro\/p\/sreburna-visulka-tenis-raketa-racket-charm-s-czirkon\/"]}]},{"@type":"ImageObject","inLanguage":"ro-RO","@id":"https:\/\/luxuryracketclub.com\/ro\/p\/sreburna-visulka-tenis-raketa-racket-charm-s-czirkon\/#primaryimage","url":"https:\/\/luxuryracketclub.com\/wp-content\/uploads\/2025\/08\/product-visulka-tenis-raketa-racket-charm-s-czirkon-3.png","contentUrl":"https:\/\/luxuryracketclub.com\/wp-content\/uploads\/2025\/08\/product-visulka-tenis-raketa-racket-charm-s-czirkon-3.png","width":1600,"height":1600,"caption":"\u0412\u0438\u0441\u0443\u043b\u043a\u0430 \u0442\u0435\u043d\u0438\u0441 \u0440\u0430\u043a\u0435\u0442\u0430 \"Racket Charm\" \u0441 \u0446\u0438\u0440\u043a\u043e\u043d"},{"@type":"BreadcrumbList","@id":"https:\/\/luxuryracketclub.com\/ro\/p\/sreburna-visulka-tenis-raketa-racket-charm-s-czirkon\/#breadcrumb","itemListElement":[{"@type":"ListItem","position":1,"name":"\u041d\u0430\u0447\u0430\u043b\u043e","item":"https:\/\/luxuryracketclub.com\/ro\/"},{"@type":"ListItem","position":2,"name":"Magazin","item":"https:\/\/luxuryracketclub.com\/ro\/magazin\/"},{"@type":"ListItem","position":3,"name":"Pandantiv din argint cu rachet\u0103 de tenis \u201eRacket Charm\u201d \u0219i zirconiu"}]},{"@type":"WebSite","@id":"https:\/\/luxuryracketclub.com\/#website","url":"https:\/\/luxuryracketclub.com\/","name":"\u0420\u044a\u0447\u043d\u043e \u0438\u0437\u0440\u0430\u0431\u043e\u0442\u0435\u043d\u0438 \u0442\u0435\u043d\u0438\u0441 \u0431\u0438\u0436\u0443\u0442\u0430 \u0438 \u0430\u043a\u0441\u0435\u0441\u043e\u0430\u0440\u0438","description":"","potentialAction":[{"@type":"SearchAction","target":{"@type":"EntryPoint","urlTemplate":"https:\/\/luxuryracketclub.com\/?s={search_term_string}"},"query-input":{"@type":"PropertyValueSpecification","valueRequired":true,"valueName":"search_term_string"}}],"inLanguage":"ro-RO"}]}},"_links":{"self":[{"href":"https:\/\/luxuryracketclub.com\/ro\/wp-json\/wp\/v2\/product\/15004","targetHints":{"allow":["GET"]}}],"collection":[{"href":"https:\/\/luxuryracketclub.com\/ro\/wp-json\/wp\/v2\/product"}],"about":[{"href":"https:\/\/luxuryracketclub.com\/ro\/wp-json\/wp\/v2\/types\/product"}],"replies":[{"embeddable":true,"href":"https:\/\/luxuryracketclub.com\/ro\/wp-json\/wp\/v2\/comments?post=15004"}],"wp:featuredmedia":[{"embeddable":true,"href":"https:\/\/luxuryracketclub.com\/ro\/wp-json\/wp\/v2\/media\/14763"}],"wp:attachment":[{"href":"https:\/\/luxuryracketclub.com\/ro\/wp-json\/wp\/v2\/media?parent=15004"}],"wp:term":[{"taxonomy":"product_brand","embeddable":true,"href":"https:\/\/luxuryracketclub.com\/ro\/wp-json\/wp\/v2\/product_brand?post=15004"},{"taxonomy":"product_cat","embeddable":true,"href":"https:\/\/luxuryracketclub.com\/ro\/wp-json\/wp\/v2\/product_cat?post=15004"},{"taxonomy":"product_tag","embeddable":true,"href":"https:\/\/luxuryracketclub.com\/ro\/wp-json\/wp\/v2\/product_tag?post=15004"}],"curies":[{"name":"wp","href":"https:\/\/api.w.org\/{rel}","templated":true}]}}