{"id":14999,"date":"2025-09-06T08:41:52","date_gmt":"2025-09-06T05:41:52","guid":{"rendered":"https:\/\/luxuryracketclub.com\/p\/tenis-grivna-love-game-s-cheren-konecz\/"},"modified":"2025-09-15T15:22:16","modified_gmt":"2025-09-15T12:22:16","slug":"tenis-grivna-love-game-s-cheren-konecz","status":"publish","type":"product","link":"https:\/\/luxuryracketclub.com\/ro\/p\/tenis-grivna-love-game-s-cheren-konecz\/","title":{"rendered":"Br\u0103\u021bar\u0103 de tenis &#8222;Love Game&#8221; cu fir negru"},"content":{"rendered":"","protected":false},"excerpt":{"rendered":"<p data-start=\"1020\" data-end=\"1392\">Br\u0103\u021bara <em data-start=\"1057\" data-end=\"1068\">Love Game<\/em> combin\u0103 minimalismul \u0219i elegan\u021ba sportiv\u0103. Realizat\u0103 cu fir negru pentru un aspect modern \u0219i casual, poart\u0103 inspira\u021bie din tenis &#8211; o rachet\u0103 mic\u0103 cu zirconiu alb, simbol al str\u0103lucirii \u0219i al iubirii pentru joc. Firul negru confer\u0103 un caracter universal, potrivit pentru via\u021ba de zi cu zi, dar \u0219i ca accent stilat \u021binutelor mai elegante.<\/p>\n<p data-start=\"1394\" data-end=\"1410\">\u2728 <strong data-start=\"1396\" data-end=\"1408\">Accente:<\/strong><\/p>\n<ul data-start=\"1411\" data-end=\"1633\">\n<li data-start=\"1411\" data-end=\"1464\">\n<p data-start=\"1413\" data-end=\"1464\">Piatr\u0103: zirconiu alb &#8211; simbol al purit\u0103\u021bii \u0219i elegan\u021bei.<\/p>\n<\/li>\n<li data-start=\"1517\" data-end=\"1553\">\n<p data-start=\"1519\" data-end=\"1553\">Stil: minimalist \u0219i elegant<\/p>\n<\/li>\n<li data-start=\"1594\" data-end=\"1633\">\n<p data-start=\"1596\" data-end=\"1633\">Parte din colec\u021bia <strong data-start=\"1613\" data-end=\"1631\">Court Elegance<\/strong><\/p>\n<\/li>\n<\/ul>\n<p data-start=\"1635\" data-end=\"1737\"><em data-start=\"1635\" data-end=\"1646\">Love Game<\/em> este br\u0103\u021bara ideal\u0103 pentru femeile moderne care apreciaz\u0103 at\u00e2t spiritul sportiv, c\u00e2t \u0219i aspectul elegant.<\/p>\n","protected":false},"featured_media":14793,"comment_status":"open","ping_status":"closed","template":"","meta":{"_acf_changed":false,"_nectar_blocks_hide_post_title":false,"_nectar_blocks_transparent_header_effect":false,"_nectar_blocks_transparent_header_effect_color":"light","_nectar_blocks_header_animation":false,"_nectar_blocks_header_animation_delay":0,"_nectar_blocks_header_animation_effect":"fade","_nectar_blocks_page_css":"","_nectar_blocks_page_js":"","inline_featured_image":false},"product_brand":[],"product_cat":[1143],"product_tag":[842,1320,930,931,932,933,841,937,938],"class_list":{"0":"post-14999","1":"product","2":"type-product","3":"status-publish","4":"has-post-thumbnail","6":"product_cat-court-elegance-collection-ro","7":"product_tag-bijuterii-de-jucatori-de-tenis","8":"product_tag-cadou-pentru-jucatoare-de-tenis","9":"product_tag-grivna-za-lyubiteli-na-tenisa-ro","10":"product_tag-grivna-s-tenis-aksesoari-ro","11":"product_tag-grivna-s-tenis-raketa-ro","12":"product_tag-grivna-s-tenis-topka-ro","13":"product_tag-podarak-za-tenisist-ro","14":"product_tag-sportna-grivna-s-tenis-simvoli-ro","15":"product_tag-sportno-elegantna-grivna-ro","17":"first","18":"instock","19":"shipping-taxable","20":"purchasable","21":"product-type-variable"},"acf":[],"yoast_head":"<!-- This site is optimized with the Yoast SEO plugin v27.4 - https:\/\/yoast.com\/product\/yoast-seo-wordpress\/ -->\n<title>Br\u0103\u021bar\u0103 de tenis &quot;Love Game&quot; cu fir negru - \u0420\u044a\u0447\u043d\u043e \u0438\u0437\u0440\u0430\u0431\u043e\u0442\u0435\u043d\u0438 \u0442\u0435\u043d\u0438\u0441 \u0431\u0438\u0436\u0443\u0442\u0430 \u0438 \u0430\u043a\u0441\u0435\u0441\u043e\u0430\u0440\u0438<\/title>\n<meta name=\"description\" content=\"\u201eBr\u0103\u021bar\u0103 Love Game cu fir negru \u0219i zirconiu \u00een stil vintage. Parte din colec\u021bia Court Elegance \u2013 minimalism \u0219i elegan\u021b\u0103 sportiv\u0103.\u201d\" \/>\n<meta name=\"robots\" content=\"index, follow, max-snippet:-1, max-image-preview:large, max-video-preview:-1\" \/>\n<link rel=\"canonical\" href=\"https:\/\/luxuryracketclub.com\/ro\/p\/tenis-grivna-love-game-s-cheren-konecz\/\" \/>\n<meta property=\"og:locale\" content=\"ro_RO\" \/>\n<meta property=\"og:type\" content=\"article\" \/>\n<meta property=\"og:title\" content=\"Br\u0103\u021bar\u0103 de tenis &quot;Love Game&quot; cu fir negru - \u0420\u044a\u0447\u043d\u043e \u0438\u0437\u0440\u0430\u0431\u043e\u0442\u0435\u043d\u0438 \u0442\u0435\u043d\u0438\u0441 \u0431\u0438\u0436\u0443\u0442\u0430 \u0438 \u0430\u043a\u0441\u0435\u0441\u043e\u0430\u0440\u0438\" \/>\n<meta property=\"og:description\" content=\"\u201eBr\u0103\u021bar\u0103 Love Game cu fir negru \u0219i zirconiu \u00een stil vintage. Parte din colec\u021bia Court Elegance \u2013 minimalism \u0219i elegan\u021b\u0103 sportiv\u0103.\u201d\" \/>\n<meta property=\"og:url\" content=\"https:\/\/luxuryracketclub.com\/ro\/p\/tenis-grivna-love-game-s-cheren-konecz\/\" \/>\n<meta property=\"og:site_name\" content=\"\u0420\u044a\u0447\u043d\u043e \u0438\u0437\u0440\u0430\u0431\u043e\u0442\u0435\u043d\u0438 \u0442\u0435\u043d\u0438\u0441 \u0431\u0438\u0436\u0443\u0442\u0430 \u0438 \u0430\u043a\u0441\u0435\u0441\u043e\u0430\u0440\u0438\" \/>\n<meta property=\"article:modified_time\" content=\"2025-09-15T12:22:16+00:00\" \/>\n<meta property=\"og:image\" content=\"https:\/\/luxuryracketclub.com\/wp-content\/uploads\/2025\/09\/product-tenis-grivna-love-game-s-cheren-konecz-3.png\" \/>\n\t<meta property=\"og:image:width\" content=\"1600\" \/>\n\t<meta property=\"og:image:height\" content=\"1600\" \/>\n\t<meta property=\"og:image:type\" content=\"image\/png\" \/>\n<meta name=\"twitter:card\" content=\"summary_large_image\" \/>\n<meta name=\"twitter:label1\" content=\"Timp estimat pentru citire\" \/>\n\t<meta name=\"twitter:data1\" content=\"1 minut\" \/>\n<script type=\"application\/ld+json\" class=\"yoast-schema-graph\">{\"@context\":\"https:\\\/\\\/schema.org\",\"@graph\":[{\"@type\":\"WebPage\",\"@id\":\"https:\\\/\\\/luxuryracketclub.com\\\/ro\\\/p\\\/tenis-grivna-love-game-s-cheren-konecz\\\/\",\"url\":\"https:\\\/\\\/luxuryracketclub.com\\\/ro\\\/p\\\/tenis-grivna-love-game-s-cheren-konecz\\\/\",\"name\":\"Br\u0103\u021bar\u0103 de tenis \\\"Love Game\\\" cu fir negru - \u0420\u044a\u0447\u043d\u043e \u0438\u0437\u0440\u0430\u0431\u043e\u0442\u0435\u043d\u0438 \u0442\u0435\u043d\u0438\u0441 \u0431\u0438\u0436\u0443\u0442\u0430 \u0438 \u0430\u043a\u0441\u0435\u0441\u043e\u0430\u0440\u0438\",\"isPartOf\":{\"@id\":\"https:\\\/\\\/luxuryracketclub.com\\\/#website\"},\"primaryImageOfPage\":{\"@id\":\"https:\\\/\\\/luxuryracketclub.com\\\/ro\\\/p\\\/tenis-grivna-love-game-s-cheren-konecz\\\/#primaryimage\"},\"image\":{\"@id\":\"https:\\\/\\\/luxuryracketclub.com\\\/ro\\\/p\\\/tenis-grivna-love-game-s-cheren-konecz\\\/#primaryimage\"},\"thumbnailUrl\":\"https:\\\/\\\/luxuryracketclub.com\\\/wp-content\\\/uploads\\\/2025\\\/09\\\/product-tenis-grivna-love-game-s-cheren-konecz-3.png\",\"datePublished\":\"2025-09-06T05:41:52+00:00\",\"dateModified\":\"2025-09-15T12:22:16+00:00\",\"description\":\"\u201eBr\u0103\u021bar\u0103 Love Game cu fir negru \u0219i zirconiu \u00een stil vintage. Parte din colec\u021bia Court Elegance \u2013 minimalism \u0219i elegan\u021b\u0103 sportiv\u0103.\u201d\",\"breadcrumb\":{\"@id\":\"https:\\\/\\\/luxuryracketclub.com\\\/ro\\\/p\\\/tenis-grivna-love-game-s-cheren-konecz\\\/#breadcrumb\"},\"inLanguage\":\"ro-RO\",\"potentialAction\":[{\"@type\":\"ReadAction\",\"target\":[\"https:\\\/\\\/luxuryracketclub.com\\\/ro\\\/p\\\/tenis-grivna-love-game-s-cheren-konecz\\\/\"]}]},{\"@type\":\"ImageObject\",\"inLanguage\":\"ro-RO\",\"@id\":\"https:\\\/\\\/luxuryracketclub.com\\\/ro\\\/p\\\/tenis-grivna-love-game-s-cheren-konecz\\\/#primaryimage\",\"url\":\"https:\\\/\\\/luxuryracketclub.com\\\/wp-content\\\/uploads\\\/2025\\\/09\\\/product-tenis-grivna-love-game-s-cheren-konecz-3.png\",\"contentUrl\":\"https:\\\/\\\/luxuryracketclub.com\\\/wp-content\\\/uploads\\\/2025\\\/09\\\/product-tenis-grivna-love-game-s-cheren-konecz-3.png\",\"width\":1600,\"height\":1600,\"caption\":\"\u0422\u0435\u043d\u0438\u0441 \u0413\u0440\u0438\u0432\u043d\u0430 \\\"Love Game\\\" \u0441 \u0447\u0435\u0440\u0435\u043d \u043a\u043e\u043d\u0435\u0446\"},{\"@type\":\"BreadcrumbList\",\"@id\":\"https:\\\/\\\/luxuryracketclub.com\\\/ro\\\/p\\\/tenis-grivna-love-game-s-cheren-konecz\\\/#breadcrumb\",\"itemListElement\":[{\"@type\":\"ListItem\",\"position\":1,\"name\":\"\u041d\u0430\u0447\u0430\u043b\u043e\",\"item\":\"https:\\\/\\\/luxuryracketclub.com\\\/ro\\\/\"},{\"@type\":\"ListItem\",\"position\":2,\"name\":\"Magazin\",\"item\":\"https:\\\/\\\/luxuryracketclub.com\\\/ro\\\/magazin\\\/\"},{\"@type\":\"ListItem\",\"position\":3,\"name\":\"Br\u0103\u021bar\u0103 de tenis &#8222;Love Game&#8220; cu fir negru\"}]},{\"@type\":\"WebSite\",\"@id\":\"https:\\\/\\\/luxuryracketclub.com\\\/#website\",\"url\":\"https:\\\/\\\/luxuryracketclub.com\\\/\",\"name\":\"\u0420\u044a\u0447\u043d\u043e \u0438\u0437\u0440\u0430\u0431\u043e\u0442\u0435\u043d\u0438 \u0442\u0435\u043d\u0438\u0441 \u0431\u0438\u0436\u0443\u0442\u0430 \u0438 \u0430\u043a\u0441\u0435\u0441\u043e\u0430\u0440\u0438\",\"description\":\"\",\"potentialAction\":[{\"@type\":\"SearchAction\",\"target\":{\"@type\":\"EntryPoint\",\"urlTemplate\":\"https:\\\/\\\/luxuryracketclub.com\\\/?s={search_term_string}\"},\"query-input\":{\"@type\":\"PropertyValueSpecification\",\"valueRequired\":true,\"valueName\":\"search_term_string\"}}],\"inLanguage\":\"ro-RO\"}]}<\/script>\n<!-- \/ Yoast SEO plugin. -->","yoast_head_json":{"title":"Br\u0103\u021bar\u0103 de tenis \"Love Game\" cu fir negru - \u0420\u044a\u0447\u043d\u043e \u0438\u0437\u0440\u0430\u0431\u043e\u0442\u0435\u043d\u0438 \u0442\u0435\u043d\u0438\u0441 \u0431\u0438\u0436\u0443\u0442\u0430 \u0438 \u0430\u043a\u0441\u0435\u0441\u043e\u0430\u0440\u0438","description":"\u201eBr\u0103\u021bar\u0103 Love Game cu fir negru \u0219i zirconiu \u00een stil vintage. Parte din colec\u021bia Court Elegance \u2013 minimalism \u0219i elegan\u021b\u0103 sportiv\u0103.\u201d","robots":{"index":"index","follow":"follow","max-snippet":"max-snippet:-1","max-image-preview":"max-image-preview:large","max-video-preview":"max-video-preview:-1"},"canonical":"https:\/\/luxuryracketclub.com\/ro\/p\/tenis-grivna-love-game-s-cheren-konecz\/","og_locale":"ro_RO","og_type":"article","og_title":"Br\u0103\u021bar\u0103 de tenis \"Love Game\" cu fir negru - \u0420\u044a\u0447\u043d\u043e \u0438\u0437\u0440\u0430\u0431\u043e\u0442\u0435\u043d\u0438 \u0442\u0435\u043d\u0438\u0441 \u0431\u0438\u0436\u0443\u0442\u0430 \u0438 \u0430\u043a\u0441\u0435\u0441\u043e\u0430\u0440\u0438","og_description":"\u201eBr\u0103\u021bar\u0103 Love Game cu fir negru \u0219i zirconiu \u00een stil vintage. Parte din colec\u021bia Court Elegance \u2013 minimalism \u0219i elegan\u021b\u0103 sportiv\u0103.\u201d","og_url":"https:\/\/luxuryracketclub.com\/ro\/p\/tenis-grivna-love-game-s-cheren-konecz\/","og_site_name":"\u0420\u044a\u0447\u043d\u043e \u0438\u0437\u0440\u0430\u0431\u043e\u0442\u0435\u043d\u0438 \u0442\u0435\u043d\u0438\u0441 \u0431\u0438\u0436\u0443\u0442\u0430 \u0438 \u0430\u043a\u0441\u0435\u0441\u043e\u0430\u0440\u0438","article_modified_time":"2025-09-15T12:22:16+00:00","og_image":[{"width":1600,"height":1600,"url":"https:\/\/luxuryracketclub.com\/wp-content\/uploads\/2025\/09\/product-tenis-grivna-love-game-s-cheren-konecz-3.png","type":"image\/png"}],"twitter_card":"summary_large_image","twitter_misc":{"Timp estimat pentru citire":"1 minut"},"schema":{"@context":"https:\/\/schema.org","@graph":[{"@type":"WebPage","@id":"https:\/\/luxuryracketclub.com\/ro\/p\/tenis-grivna-love-game-s-cheren-konecz\/","url":"https:\/\/luxuryracketclub.com\/ro\/p\/tenis-grivna-love-game-s-cheren-konecz\/","name":"Br\u0103\u021bar\u0103 de tenis \"Love Game\" cu fir negru - \u0420\u044a\u0447\u043d\u043e \u0438\u0437\u0440\u0430\u0431\u043e\u0442\u0435\u043d\u0438 \u0442\u0435\u043d\u0438\u0441 \u0431\u0438\u0436\u0443\u0442\u0430 \u0438 \u0430\u043a\u0441\u0435\u0441\u043e\u0430\u0440\u0438","isPartOf":{"@id":"https:\/\/luxuryracketclub.com\/#website"},"primaryImageOfPage":{"@id":"https:\/\/luxuryracketclub.com\/ro\/p\/tenis-grivna-love-game-s-cheren-konecz\/#primaryimage"},"image":{"@id":"https:\/\/luxuryracketclub.com\/ro\/p\/tenis-grivna-love-game-s-cheren-konecz\/#primaryimage"},"thumbnailUrl":"https:\/\/luxuryracketclub.com\/wp-content\/uploads\/2025\/09\/product-tenis-grivna-love-game-s-cheren-konecz-3.png","datePublished":"2025-09-06T05:41:52+00:00","dateModified":"2025-09-15T12:22:16+00:00","description":"\u201eBr\u0103\u021bar\u0103 Love Game cu fir negru \u0219i zirconiu \u00een stil vintage. Parte din colec\u021bia Court Elegance \u2013 minimalism \u0219i elegan\u021b\u0103 sportiv\u0103.\u201d","breadcrumb":{"@id":"https:\/\/luxuryracketclub.com\/ro\/p\/tenis-grivna-love-game-s-cheren-konecz\/#breadcrumb"},"inLanguage":"ro-RO","potentialAction":[{"@type":"ReadAction","target":["https:\/\/luxuryracketclub.com\/ro\/p\/tenis-grivna-love-game-s-cheren-konecz\/"]}]},{"@type":"ImageObject","inLanguage":"ro-RO","@id":"https:\/\/luxuryracketclub.com\/ro\/p\/tenis-grivna-love-game-s-cheren-konecz\/#primaryimage","url":"https:\/\/luxuryracketclub.com\/wp-content\/uploads\/2025\/09\/product-tenis-grivna-love-game-s-cheren-konecz-3.png","contentUrl":"https:\/\/luxuryracketclub.com\/wp-content\/uploads\/2025\/09\/product-tenis-grivna-love-game-s-cheren-konecz-3.png","width":1600,"height":1600,"caption":"\u0422\u0435\u043d\u0438\u0441 \u0413\u0440\u0438\u0432\u043d\u0430 \"Love Game\" \u0441 \u0447\u0435\u0440\u0435\u043d \u043a\u043e\u043d\u0435\u0446"},{"@type":"BreadcrumbList","@id":"https:\/\/luxuryracketclub.com\/ro\/p\/tenis-grivna-love-game-s-cheren-konecz\/#breadcrumb","itemListElement":[{"@type":"ListItem","position":1,"name":"\u041d\u0430\u0447\u0430\u043b\u043e","item":"https:\/\/luxuryracketclub.com\/ro\/"},{"@type":"ListItem","position":2,"name":"Magazin","item":"https:\/\/luxuryracketclub.com\/ro\/magazin\/"},{"@type":"ListItem","position":3,"name":"Br\u0103\u021bar\u0103 de tenis &#8222;Love Game&#8220; cu fir negru"}]},{"@type":"WebSite","@id":"https:\/\/luxuryracketclub.com\/#website","url":"https:\/\/luxuryracketclub.com\/","name":"\u0420\u044a\u0447\u043d\u043e \u0438\u0437\u0440\u0430\u0431\u043e\u0442\u0435\u043d\u0438 \u0442\u0435\u043d\u0438\u0441 \u0431\u0438\u0436\u0443\u0442\u0430 \u0438 \u0430\u043a\u0441\u0435\u0441\u043e\u0430\u0440\u0438","description":"","potentialAction":[{"@type":"SearchAction","target":{"@type":"EntryPoint","urlTemplate":"https:\/\/luxuryracketclub.com\/?s={search_term_string}"},"query-input":{"@type":"PropertyValueSpecification","valueRequired":true,"valueName":"search_term_string"}}],"inLanguage":"ro-RO"}]}},"_links":{"self":[{"href":"https:\/\/luxuryracketclub.com\/ro\/wp-json\/wp\/v2\/product\/14999","targetHints":{"allow":["GET"]}}],"collection":[{"href":"https:\/\/luxuryracketclub.com\/ro\/wp-json\/wp\/v2\/product"}],"about":[{"href":"https:\/\/luxuryracketclub.com\/ro\/wp-json\/wp\/v2\/types\/product"}],"replies":[{"embeddable":true,"href":"https:\/\/luxuryracketclub.com\/ro\/wp-json\/wp\/v2\/comments?post=14999"}],"wp:featuredmedia":[{"embeddable":true,"href":"https:\/\/luxuryracketclub.com\/ro\/wp-json\/wp\/v2\/media\/14793"}],"wp:attachment":[{"href":"https:\/\/luxuryracketclub.com\/ro\/wp-json\/wp\/v2\/media?parent=14999"}],"wp:term":[{"taxonomy":"product_brand","embeddable":true,"href":"https:\/\/luxuryracketclub.com\/ro\/wp-json\/wp\/v2\/product_brand?post=14999"},{"taxonomy":"product_cat","embeddable":true,"href":"https:\/\/luxuryracketclub.com\/ro\/wp-json\/wp\/v2\/product_cat?post=14999"},{"taxonomy":"product_tag","embeddable":true,"href":"https:\/\/luxuryracketclub.com\/ro\/wp-json\/wp\/v2\/product_tag?post=14999"}],"curies":[{"name":"wp","href":"https:\/\/api.w.org\/{rel}","templated":true}]}}