{"id":14965,"date":"2025-09-06T08:25:55","date_gmt":"2025-09-06T05:25:55","guid":{"rendered":"https:\/\/luxuryracketclub.com\/p\/srebaren-prasten-tenis-raketa-ace-spark-s-czirkon\/"},"modified":"2025-09-15T15:16:45","modified_gmt":"2025-09-15T12:16:45","slug":"srebaren-prasten-tenis-raketa-ace-spark-s-czirkon","status":"publish","type":"product","link":"https:\/\/luxuryracketclub.com\/ro\/p\/srebaren-prasten-tenis-raketa-ace-spark-s-czirkon\/","title":{"rendered":"Inel de tenis din argint \u201eAce Spark\u201d cu zirconiu"},"content":{"rendered":"","protected":false},"excerpt":{"rendered":"<p data-start=\"267\" data-end=\"568\">Descoperi\u021bi elegan\u021ba clasicilor cu acest inel vintage excep\u021bional, inspirat de stilul \u0219i energia tenisului. Fabricat din metal de \u00eenalt\u0103 calitate, cu o suprafa\u021b\u0103 fin lustruit\u0103, inelul impresioneaz\u0103 prin designul s\u0103u unic &#8211; forma stilizat\u0103 a unei rachete de tenis, \u00een centrul c\u0103reia str\u0103luce\u0219te un zircon rotund.<\/p>\n<p data-start=\"570\" data-end=\"586\">\u2728 <strong data-start=\"572\" data-end=\"584\">Accente:<\/strong><\/p>\n<ul data-start=\"587\" data-end=\"867\">\n<li data-start=\"587\" data-end=\"642\">\n<p data-start=\"589\" data-end=\"642\">Piatr\u0103: zircon alb &#8211; simbol al purit\u0103\u021bii \u0219i elegan\u021bei<\/p>\n<\/li>\n<li data-start=\"643\" data-end=\"695\">\n<p data-start=\"645\" data-end=\"695\">Stil: vintage &#8211; aspect retro cu un accent modern<\/p>\n<\/li>\n<li data-start=\"696\" data-end=\"784\">\n<p data-start=\"698\" data-end=\"784\">Design: rachet\u0103 de tenis &#8211; un cadou perfect pentru iubitorii de sport \u0219i bijuterii unice<\/p>\n<\/li>\n<li data-start=\"785\" data-end=\"867\">\n<p data-start=\"787\" data-end=\"867\">Accesoriu universal &#8211; potrivit at\u00e2t pentru via\u021ba de zi cu zi, c\u00e2t \u0219i pentru ocazii speciale<\/p>\n<\/li>\n<\/ul>\n<p data-start=\"869\" data-end=\"1077\">Acest inel face parte din <strong data-start=\"571\" data-end=\"591\">\u201eCourt Elegance\u201d<\/strong> \u0219i poate fi combinat frumos cu un pandantiv, o br\u0103\u021bar\u0103 sau un colier din aceea\u0219i serie. O alegere perfect\u0103 pentru un cadou sau pentru pl\u0103cere personal\u0103, dac\u0103 iube\u0219ti stilul, diversitatea \u0219i str\u0103lucirea.<\/p>\n","protected":false},"featured_media":14747,"comment_status":"open","ping_status":"closed","template":"","meta":{"_acf_changed":false,"_nectar_blocks_hide_post_title":false,"_nectar_blocks_transparent_header_effect":false,"_nectar_blocks_transparent_header_effect_color":"light","_nectar_blocks_header_animation":false,"_nectar_blocks_header_animation_delay":0,"_nectar_blocks_header_animation_effect":"fade","_nectar_blocks_page_css":"","_nectar_blocks_page_js":"","inline_featured_image":false},"product_brand":[],"product_cat":[1143],"product_tag":[],"class_list":{"0":"post-14965","1":"product","2":"type-product","3":"status-publish","4":"has-post-thumbnail","6":"product_cat-court-elegance-collection-ro","8":"first","9":"instock","10":"sold-individually","11":"shipping-taxable","12":"purchasable","13":"product-type-variable"},"acf":[],"yoast_head":"<!-- This site is optimized with the Yoast SEO plugin v27.4 - https:\/\/yoast.com\/product\/yoast-seo-wordpress\/ -->\n<title>Inel de tenis din argint \u201eAce Spark\u201d cu zirconiu - \u0420\u044a\u0447\u043d\u043e \u0438\u0437\u0440\u0430\u0431\u043e\u0442\u0435\u043d\u0438 \u0442\u0435\u043d\u0438\u0441 \u0431\u0438\u0436\u0443\u0442\u0430 \u0438 \u0430\u043a\u0441\u0435\u0441\u043e\u0430\u0440\u0438<\/title>\n<meta name=\"description\" content=\"Inel vintage cu zirconiu \u00eentr-un design unic de rachet\u0103 de tenis. Parte din Colec\u021bia \u201eCourt Elegance\u201d - elegan\u021b\u0103, spirit sportiv \u0219i stil str\u0103lucitor.\" \/>\n<meta name=\"robots\" content=\"index, follow, max-snippet:-1, max-image-preview:large, max-video-preview:-1\" \/>\n<link rel=\"canonical\" href=\"https:\/\/luxuryracketclub.com\/ro\/p\/srebaren-prasten-tenis-raketa-ace-spark-s-czirkon\/\" \/>\n<meta property=\"og:locale\" content=\"ro_RO\" \/>\n<meta property=\"og:type\" content=\"article\" \/>\n<meta property=\"og:title\" content=\"Inel de tenis din argint \u201eAce Spark\u201d cu zirconiu - \u0420\u044a\u0447\u043d\u043e \u0438\u0437\u0440\u0430\u0431\u043e\u0442\u0435\u043d\u0438 \u0442\u0435\u043d\u0438\u0441 \u0431\u0438\u0436\u0443\u0442\u0430 \u0438 \u0430\u043a\u0441\u0435\u0441\u043e\u0430\u0440\u0438\" \/>\n<meta property=\"og:description\" content=\"Inel vintage cu zirconiu \u00eentr-un design unic de rachet\u0103 de tenis. Parte din Colec\u021bia \u201eCourt Elegance\u201d - elegan\u021b\u0103, spirit sportiv \u0219i stil str\u0103lucitor.\" \/>\n<meta property=\"og:url\" content=\"https:\/\/luxuryracketclub.com\/ro\/p\/srebaren-prasten-tenis-raketa-ace-spark-s-czirkon\/\" \/>\n<meta property=\"og:site_name\" content=\"\u0420\u044a\u0447\u043d\u043e \u0438\u0437\u0440\u0430\u0431\u043e\u0442\u0435\u043d\u0438 \u0442\u0435\u043d\u0438\u0441 \u0431\u0438\u0436\u0443\u0442\u0430 \u0438 \u0430\u043a\u0441\u0435\u0441\u043e\u0430\u0440\u0438\" \/>\n<meta property=\"article:modified_time\" content=\"2025-09-15T12:16:45+00:00\" \/>\n<meta property=\"og:image\" content=\"https:\/\/luxuryracketclub.com\/wp-content\/uploads\/2025\/09\/product-srebaren-prasten-tenis-raketa-ace-spark-s-czirkon-2-1.png\" \/>\n\t<meta property=\"og:image:width\" content=\"1600\" \/>\n\t<meta property=\"og:image:height\" content=\"1600\" \/>\n\t<meta property=\"og:image:type\" content=\"image\/png\" \/>\n<meta name=\"twitter:card\" content=\"summary_large_image\" \/>\n<meta name=\"twitter:label1\" content=\"Timp estimat pentru citire\" \/>\n\t<meta name=\"twitter:data1\" content=\"1 minut\" \/>\n<script type=\"application\/ld+json\" class=\"yoast-schema-graph\">{\"@context\":\"https:\\\/\\\/schema.org\",\"@graph\":[{\"@type\":\"WebPage\",\"@id\":\"https:\\\/\\\/luxuryracketclub.com\\\/ro\\\/p\\\/srebaren-prasten-tenis-raketa-ace-spark-s-czirkon\\\/\",\"url\":\"https:\\\/\\\/luxuryracketclub.com\\\/ro\\\/p\\\/srebaren-prasten-tenis-raketa-ace-spark-s-czirkon\\\/\",\"name\":\"Inel de tenis din argint \u201eAce Spark\u201d cu zirconiu - \u0420\u044a\u0447\u043d\u043e \u0438\u0437\u0440\u0430\u0431\u043e\u0442\u0435\u043d\u0438 \u0442\u0435\u043d\u0438\u0441 \u0431\u0438\u0436\u0443\u0442\u0430 \u0438 \u0430\u043a\u0441\u0435\u0441\u043e\u0430\u0440\u0438\",\"isPartOf\":{\"@id\":\"https:\\\/\\\/luxuryracketclub.com\\\/#website\"},\"primaryImageOfPage\":{\"@id\":\"https:\\\/\\\/luxuryracketclub.com\\\/ro\\\/p\\\/srebaren-prasten-tenis-raketa-ace-spark-s-czirkon\\\/#primaryimage\"},\"image\":{\"@id\":\"https:\\\/\\\/luxuryracketclub.com\\\/ro\\\/p\\\/srebaren-prasten-tenis-raketa-ace-spark-s-czirkon\\\/#primaryimage\"},\"thumbnailUrl\":\"https:\\\/\\\/luxuryracketclub.com\\\/wp-content\\\/uploads\\\/2025\\\/09\\\/product-srebaren-prasten-tenis-raketa-ace-spark-s-czirkon-2-1.png\",\"datePublished\":\"2025-09-06T05:25:55+00:00\",\"dateModified\":\"2025-09-15T12:16:45+00:00\",\"description\":\"Inel vintage cu zirconiu \u00eentr-un design unic de rachet\u0103 de tenis. Parte din Colec\u021bia \u201eCourt Elegance\u201d - elegan\u021b\u0103, spirit sportiv \u0219i stil str\u0103lucitor.\",\"breadcrumb\":{\"@id\":\"https:\\\/\\\/luxuryracketclub.com\\\/ro\\\/p\\\/srebaren-prasten-tenis-raketa-ace-spark-s-czirkon\\\/#breadcrumb\"},\"inLanguage\":\"ro-RO\",\"potentialAction\":[{\"@type\":\"ReadAction\",\"target\":[\"https:\\\/\\\/luxuryracketclub.com\\\/ro\\\/p\\\/srebaren-prasten-tenis-raketa-ace-spark-s-czirkon\\\/\"]}]},{\"@type\":\"ImageObject\",\"inLanguage\":\"ro-RO\",\"@id\":\"https:\\\/\\\/luxuryracketclub.com\\\/ro\\\/p\\\/srebaren-prasten-tenis-raketa-ace-spark-s-czirkon\\\/#primaryimage\",\"url\":\"https:\\\/\\\/luxuryracketclub.com\\\/wp-content\\\/uploads\\\/2025\\\/09\\\/product-srebaren-prasten-tenis-raketa-ace-spark-s-czirkon-2-1.png\",\"contentUrl\":\"https:\\\/\\\/luxuryracketclub.com\\\/wp-content\\\/uploads\\\/2025\\\/09\\\/product-srebaren-prasten-tenis-raketa-ace-spark-s-czirkon-2-1.png\",\"width\":1600,\"height\":1600,\"caption\":\"\u0421\u0440\u0435\u0431\u044a\u0440\u0435\u043d \u043f\u0440\u044a\u0441\u0442\u0435\u043d \u0442\u0435\u043d\u0438\u0441 \u0440\u0430\u043a\u0435\u0442\u0430 \\\"Ace Spark\\\" \u0441 \u0446\u0438\u0440\u043a\u043e\u043d\"},{\"@type\":\"BreadcrumbList\",\"@id\":\"https:\\\/\\\/luxuryracketclub.com\\\/ro\\\/p\\\/srebaren-prasten-tenis-raketa-ace-spark-s-czirkon\\\/#breadcrumb\",\"itemListElement\":[{\"@type\":\"ListItem\",\"position\":1,\"name\":\"\u041d\u0430\u0447\u0430\u043b\u043e\",\"item\":\"https:\\\/\\\/luxuryracketclub.com\\\/ro\\\/\"},{\"@type\":\"ListItem\",\"position\":2,\"name\":\"Magazin\",\"item\":\"https:\\\/\\\/luxuryracketclub.com\\\/ro\\\/magazin\\\/\"},{\"@type\":\"ListItem\",\"position\":3,\"name\":\"Inel de tenis din argint \u201eAce Spark\u201d cu zirconiu\"}]},{\"@type\":\"WebSite\",\"@id\":\"https:\\\/\\\/luxuryracketclub.com\\\/#website\",\"url\":\"https:\\\/\\\/luxuryracketclub.com\\\/\",\"name\":\"\u0420\u044a\u0447\u043d\u043e \u0438\u0437\u0440\u0430\u0431\u043e\u0442\u0435\u043d\u0438 \u0442\u0435\u043d\u0438\u0441 \u0431\u0438\u0436\u0443\u0442\u0430 \u0438 \u0430\u043a\u0441\u0435\u0441\u043e\u0430\u0440\u0438\",\"description\":\"\",\"potentialAction\":[{\"@type\":\"SearchAction\",\"target\":{\"@type\":\"EntryPoint\",\"urlTemplate\":\"https:\\\/\\\/luxuryracketclub.com\\\/?s={search_term_string}\"},\"query-input\":{\"@type\":\"PropertyValueSpecification\",\"valueRequired\":true,\"valueName\":\"search_term_string\"}}],\"inLanguage\":\"ro-RO\"}]}<\/script>\n<!-- \/ Yoast SEO plugin. -->","yoast_head_json":{"title":"Inel de tenis din argint \u201eAce Spark\u201d cu zirconiu - \u0420\u044a\u0447\u043d\u043e \u0438\u0437\u0440\u0430\u0431\u043e\u0442\u0435\u043d\u0438 \u0442\u0435\u043d\u0438\u0441 \u0431\u0438\u0436\u0443\u0442\u0430 \u0438 \u0430\u043a\u0441\u0435\u0441\u043e\u0430\u0440\u0438","description":"Inel vintage cu zirconiu \u00eentr-un design unic de rachet\u0103 de tenis. Parte din Colec\u021bia \u201eCourt Elegance\u201d - elegan\u021b\u0103, spirit sportiv \u0219i stil str\u0103lucitor.","robots":{"index":"index","follow":"follow","max-snippet":"max-snippet:-1","max-image-preview":"max-image-preview:large","max-video-preview":"max-video-preview:-1"},"canonical":"https:\/\/luxuryracketclub.com\/ro\/p\/srebaren-prasten-tenis-raketa-ace-spark-s-czirkon\/","og_locale":"ro_RO","og_type":"article","og_title":"Inel de tenis din argint \u201eAce Spark\u201d cu zirconiu - \u0420\u044a\u0447\u043d\u043e \u0438\u0437\u0440\u0430\u0431\u043e\u0442\u0435\u043d\u0438 \u0442\u0435\u043d\u0438\u0441 \u0431\u0438\u0436\u0443\u0442\u0430 \u0438 \u0430\u043a\u0441\u0435\u0441\u043e\u0430\u0440\u0438","og_description":"Inel vintage cu zirconiu \u00eentr-un design unic de rachet\u0103 de tenis. Parte din Colec\u021bia \u201eCourt Elegance\u201d - elegan\u021b\u0103, spirit sportiv \u0219i stil str\u0103lucitor.","og_url":"https:\/\/luxuryracketclub.com\/ro\/p\/srebaren-prasten-tenis-raketa-ace-spark-s-czirkon\/","og_site_name":"\u0420\u044a\u0447\u043d\u043e \u0438\u0437\u0440\u0430\u0431\u043e\u0442\u0435\u043d\u0438 \u0442\u0435\u043d\u0438\u0441 \u0431\u0438\u0436\u0443\u0442\u0430 \u0438 \u0430\u043a\u0441\u0435\u0441\u043e\u0430\u0440\u0438","article_modified_time":"2025-09-15T12:16:45+00:00","og_image":[{"width":1600,"height":1600,"url":"https:\/\/luxuryracketclub.com\/wp-content\/uploads\/2025\/09\/product-srebaren-prasten-tenis-raketa-ace-spark-s-czirkon-2-1.png","type":"image\/png"}],"twitter_card":"summary_large_image","twitter_misc":{"Timp estimat pentru citire":"1 minut"},"schema":{"@context":"https:\/\/schema.org","@graph":[{"@type":"WebPage","@id":"https:\/\/luxuryracketclub.com\/ro\/p\/srebaren-prasten-tenis-raketa-ace-spark-s-czirkon\/","url":"https:\/\/luxuryracketclub.com\/ro\/p\/srebaren-prasten-tenis-raketa-ace-spark-s-czirkon\/","name":"Inel de tenis din argint \u201eAce Spark\u201d cu zirconiu - \u0420\u044a\u0447\u043d\u043e \u0438\u0437\u0440\u0430\u0431\u043e\u0442\u0435\u043d\u0438 \u0442\u0435\u043d\u0438\u0441 \u0431\u0438\u0436\u0443\u0442\u0430 \u0438 \u0430\u043a\u0441\u0435\u0441\u043e\u0430\u0440\u0438","isPartOf":{"@id":"https:\/\/luxuryracketclub.com\/#website"},"primaryImageOfPage":{"@id":"https:\/\/luxuryracketclub.com\/ro\/p\/srebaren-prasten-tenis-raketa-ace-spark-s-czirkon\/#primaryimage"},"image":{"@id":"https:\/\/luxuryracketclub.com\/ro\/p\/srebaren-prasten-tenis-raketa-ace-spark-s-czirkon\/#primaryimage"},"thumbnailUrl":"https:\/\/luxuryracketclub.com\/wp-content\/uploads\/2025\/09\/product-srebaren-prasten-tenis-raketa-ace-spark-s-czirkon-2-1.png","datePublished":"2025-09-06T05:25:55+00:00","dateModified":"2025-09-15T12:16:45+00:00","description":"Inel vintage cu zirconiu \u00eentr-un design unic de rachet\u0103 de tenis. Parte din Colec\u021bia \u201eCourt Elegance\u201d - elegan\u021b\u0103, spirit sportiv \u0219i stil str\u0103lucitor.","breadcrumb":{"@id":"https:\/\/luxuryracketclub.com\/ro\/p\/srebaren-prasten-tenis-raketa-ace-spark-s-czirkon\/#breadcrumb"},"inLanguage":"ro-RO","potentialAction":[{"@type":"ReadAction","target":["https:\/\/luxuryracketclub.com\/ro\/p\/srebaren-prasten-tenis-raketa-ace-spark-s-czirkon\/"]}]},{"@type":"ImageObject","inLanguage":"ro-RO","@id":"https:\/\/luxuryracketclub.com\/ro\/p\/srebaren-prasten-tenis-raketa-ace-spark-s-czirkon\/#primaryimage","url":"https:\/\/luxuryracketclub.com\/wp-content\/uploads\/2025\/09\/product-srebaren-prasten-tenis-raketa-ace-spark-s-czirkon-2-1.png","contentUrl":"https:\/\/luxuryracketclub.com\/wp-content\/uploads\/2025\/09\/product-srebaren-prasten-tenis-raketa-ace-spark-s-czirkon-2-1.png","width":1600,"height":1600,"caption":"\u0421\u0440\u0435\u0431\u044a\u0440\u0435\u043d \u043f\u0440\u044a\u0441\u0442\u0435\u043d \u0442\u0435\u043d\u0438\u0441 \u0440\u0430\u043a\u0435\u0442\u0430 \"Ace Spark\" \u0441 \u0446\u0438\u0440\u043a\u043e\u043d"},{"@type":"BreadcrumbList","@id":"https:\/\/luxuryracketclub.com\/ro\/p\/srebaren-prasten-tenis-raketa-ace-spark-s-czirkon\/#breadcrumb","itemListElement":[{"@type":"ListItem","position":1,"name":"\u041d\u0430\u0447\u0430\u043b\u043e","item":"https:\/\/luxuryracketclub.com\/ro\/"},{"@type":"ListItem","position":2,"name":"Magazin","item":"https:\/\/luxuryracketclub.com\/ro\/magazin\/"},{"@type":"ListItem","position":3,"name":"Inel de tenis din argint \u201eAce Spark\u201d cu zirconiu"}]},{"@type":"WebSite","@id":"https:\/\/luxuryracketclub.com\/#website","url":"https:\/\/luxuryracketclub.com\/","name":"\u0420\u044a\u0447\u043d\u043e \u0438\u0437\u0440\u0430\u0431\u043e\u0442\u0435\u043d\u0438 \u0442\u0435\u043d\u0438\u0441 \u0431\u0438\u0436\u0443\u0442\u0430 \u0438 \u0430\u043a\u0441\u0435\u0441\u043e\u0430\u0440\u0438","description":"","potentialAction":[{"@type":"SearchAction","target":{"@type":"EntryPoint","urlTemplate":"https:\/\/luxuryracketclub.com\/?s={search_term_string}"},"query-input":{"@type":"PropertyValueSpecification","valueRequired":true,"valueName":"search_term_string"}}],"inLanguage":"ro-RO"}]}},"_links":{"self":[{"href":"https:\/\/luxuryracketclub.com\/ro\/wp-json\/wp\/v2\/product\/14965","targetHints":{"allow":["GET"]}}],"collection":[{"href":"https:\/\/luxuryracketclub.com\/ro\/wp-json\/wp\/v2\/product"}],"about":[{"href":"https:\/\/luxuryracketclub.com\/ro\/wp-json\/wp\/v2\/types\/product"}],"replies":[{"embeddable":true,"href":"https:\/\/luxuryracketclub.com\/ro\/wp-json\/wp\/v2\/comments?post=14965"}],"wp:featuredmedia":[{"embeddable":true,"href":"https:\/\/luxuryracketclub.com\/ro\/wp-json\/wp\/v2\/media\/14747"}],"wp:attachment":[{"href":"https:\/\/luxuryracketclub.com\/ro\/wp-json\/wp\/v2\/media?parent=14965"}],"wp:term":[{"taxonomy":"product_brand","embeddable":true,"href":"https:\/\/luxuryracketclub.com\/ro\/wp-json\/wp\/v2\/product_brand?post=14965"},{"taxonomy":"product_cat","embeddable":true,"href":"https:\/\/luxuryracketclub.com\/ro\/wp-json\/wp\/v2\/product_cat?post=14965"},{"taxonomy":"product_tag","embeddable":true,"href":"https:\/\/luxuryracketclub.com\/ro\/wp-json\/wp\/v2\/product_tag?post=14965"}],"curies":[{"name":"wp","href":"https:\/\/api.w.org\/{rel}","templated":true}]}}