{"id":14570,"date":"2024-10-02T09:05:45","date_gmt":"2024-10-02T06:05:45","guid":{"rendered":"https:\/\/luxuryracketclub.com\/p\/tenis-teniska-s-logo-na-racet-club\/"},"modified":"2025-09-03T16:47:37","modified_gmt":"2025-09-03T13:47:37","slug":"tenis-teniska-s-logo-na-racet-club","status":"publish","type":"product","link":"https:\/\/luxuryracketclub.com\/ro\/p\/tenis-teniska-s-logo-na-racet-club\/","title":{"rendered":"Tricou de tenis cu sigla \u201eRacket Club\u201d"},"content":{"rendered":"","protected":false},"excerpt":{"rendered":"<p>Acest tricou vintage de tenis este o adev\u0103rat\u0103 bijuterie pentru iubitorii de stil retro \u0219i sport. Fabricat din bumbac de \u00eenalt\u0103 calitate, combin\u0103 estetica clasic\u0103 cu confortul. Designul s\u0103u include o grafic\u0103 special\u0103 pe spate care \u00eenf\u0103\u021bi\u0219eaz\u0103 un teren de tenis &#8211; simbol al pasiunii pentru joc &#8211; ad\u0103ug\u00e2nd o not\u0103 retro, \u00een timp ce detaliile atent selectate \u00eei confer\u0103 un aspect vintage autentic. Ideal pentru iubitorii de tenis \u0219i iubitorii stilului sport clasic.<\/p>\n<p><strong>LUXURY RACKET CLUB<\/strong> este art\u0103, cu aten\u021bie la fiecare detaliu.<\/p>\n<p>Fabricate din bumbac cultivat \u00een BULGARIA, tricourile noastre sunt pre-mic\u0219orate \u0219i u\u0219or supradimensionate.<\/p>\n<li>97% bumbac, 3% poliester, 6.5 oz<\/li>\n<li>Fabricat \u00een BULGARIA<\/li>\n<li>F\u0103r\u0103 mic\u0219orare<\/li>\n<li>Unisex<\/li>\n<\/ul>\n","protected":false},"featured_media":14575,"comment_status":"open","ping_status":"closed","template":"","meta":{"_acf_changed":false,"_nectar_blocks_hide_post_title":false,"_nectar_blocks_transparent_header_effect":false,"_nectar_blocks_transparent_header_effect_color":"light","_nectar_blocks_header_animation":false,"_nectar_blocks_header_animation_delay":0,"_nectar_blocks_header_animation_effect":"fade","_nectar_blocks_page_css":"","_nectar_blocks_page_js":"","inline_featured_image":false},"product_brand":[],"product_cat":[870],"product_tag":[1055,1056,1057,841,1058,1059,1060,1061,1062,1063,1064,1065,1066,1067,1068,1069,1070],"class_list":{"0":"post-14570","1":"product","2":"type-product","3":"status-publish","4":"has-post-thumbnail","6":"product_cat-trisoare","7":"product_tag-vintidzh-tenis-moda-ro","8":"product_tag-vintidzh-tenis-teniska-ro","9":"product_tag-klasicheska-tenis-teniska-ro","10":"product_tag-podarak-za-tenisist-ro","11":"product_tag-retro-sportna-teniska-ro","12":"product_tag-retro-tenis-ekipirovka-ro","13":"product_tag-retro-tenis-teniska-ro","14":"product_tag-stilna-teniska-za-tenis-ro","15":"product_tag-tenis-teniska-v-retro-stil-ro","16":"product_tag-tenis-teniska-za-mazhe-i-zheni-ro","17":"product_tag-teniska-za-tenisisti-ro","18":"product_tag-teniska-za-fenove-na-tenisa-ro","19":"product_tag-teniska-s-vintidzh-dizajn-ro","20":"product_tag-teniska-s-retro-sportna-viziya-ro","21":"product_tag-teniska-s-tenis-klub-dizajn-ro","22":"product_tag-teniska-s-tenis-motivi-ro","23":"product_tag-teniska-s-tenis-raketa-ro","25":"first","26":"instock","27":"shipping-taxable","28":"purchasable","29":"product-type-variable"},"acf":[],"yoast_head":"<!-- This site is optimized with the Yoast SEO plugin v27.4 - https:\/\/yoast.com\/product\/yoast-seo-wordpress\/ -->\n<title>Tricou de tenis cu sigla \u201eRacket Club\u201d - \u0420\u044a\u0447\u043d\u043e \u0438\u0437\u0440\u0430\u0431\u043e\u0442\u0435\u043d\u0438 \u0442\u0435\u043d\u0438\u0441 \u0431\u0438\u0436\u0443\u0442\u0430 \u0438 \u0430\u043a\u0441\u0435\u0441\u043e\u0430\u0440\u0438<\/title>\n<meta name=\"robots\" content=\"index, follow, max-snippet:-1, max-image-preview:large, max-video-preview:-1\" \/>\n<link rel=\"canonical\" href=\"https:\/\/luxuryracketclub.com\/ro\/p\/tenis-teniska-s-logo-na-racet-club\/\" \/>\n<meta property=\"og:locale\" content=\"ro_RO\" \/>\n<meta property=\"og:type\" content=\"article\" \/>\n<meta property=\"og:title\" content=\"Tricou de tenis cu sigla \u201eRacket Club\u201d - \u0420\u044a\u0447\u043d\u043e \u0438\u0437\u0440\u0430\u0431\u043e\u0442\u0435\u043d\u0438 \u0442\u0435\u043d\u0438\u0441 \u0431\u0438\u0436\u0443\u0442\u0430 \u0438 \u0430\u043a\u0441\u0435\u0441\u043e\u0430\u0440\u0438\" \/>\n<meta property=\"og:description\" content=\"Acest tricou vintage de tenis este o adev\u0103rat\u0103 bijuterie pentru iubitorii de stil retro \u0219i sport. Fabricat din bumbac de \u00eenalt\u0103 calitate, combin\u0103 estetica clasic\u0103 cu confortul. Designul s\u0103u include o grafic\u0103 special\u0103 pe spate care \u00eenf\u0103\u021bi\u0219eaz\u0103 un teren de tenis - simbol al pasiunii pentru joc - ad\u0103ug\u00e2nd o not\u0103 retro, \u00een timp ce detaliile atent selectate \u00eei confer\u0103 un aspect vintage autentic. Ideal pentru iubitorii de tenis \u0219i iubitorii stilului sport clasic.   LUXURY RACKET CLUB este art\u0103, cu aten\u021bie la fiecare detaliu.    Fabricate din bumbac cultivat \u00een BULGARIA, tricourile noastre sunt pre-mic\u0219orate \u0219i u\u0219or supradimensionate.   97% bumbac, 3% poliester, 6.5 oz Fabricat \u00een BULGARIA F\u0103r\u0103 mic\u0219orare Unisex\" \/>\n<meta property=\"og:url\" content=\"https:\/\/luxuryracketclub.com\/ro\/p\/tenis-teniska-s-logo-na-racet-club\/\" \/>\n<meta property=\"og:site_name\" content=\"\u0420\u044a\u0447\u043d\u043e \u0438\u0437\u0440\u0430\u0431\u043e\u0442\u0435\u043d\u0438 \u0442\u0435\u043d\u0438\u0441 \u0431\u0438\u0436\u0443\u0442\u0430 \u0438 \u0430\u043a\u0441\u0435\u0441\u043e\u0430\u0440\u0438\" \/>\n<meta property=\"article:modified_time\" content=\"2025-09-03T13:47:37+00:00\" \/>\n<meta property=\"og:image\" content=\"https:\/\/luxuryracketclub.com\/wp-content\/uploads\/2024\/10\/tennis-teniska-logo-racket-club5.png\" \/>\n\t<meta property=\"og:image:width\" content=\"1600\" \/>\n\t<meta property=\"og:image:height\" content=\"1600\" \/>\n\t<meta property=\"og:image:type\" content=\"image\/png\" \/>\n<meta name=\"twitter:card\" content=\"summary_large_image\" \/>\n<meta name=\"twitter:label1\" content=\"Timp estimat pentru citire\" \/>\n\t<meta name=\"twitter:data1\" content=\"1 minut\" \/>\n<script type=\"application\/ld+json\" class=\"yoast-schema-graph\">{\"@context\":\"https:\\\/\\\/schema.org\",\"@graph\":[{\"@type\":\"WebPage\",\"@id\":\"https:\\\/\\\/luxuryracketclub.com\\\/ro\\\/p\\\/tenis-teniska-s-logo-na-racet-club\\\/\",\"url\":\"https:\\\/\\\/luxuryracketclub.com\\\/ro\\\/p\\\/tenis-teniska-s-logo-na-racet-club\\\/\",\"name\":\"Tricou de tenis cu sigla \u201eRacket Club\u201d - \u0420\u044a\u0447\u043d\u043e \u0438\u0437\u0440\u0430\u0431\u043e\u0442\u0435\u043d\u0438 \u0442\u0435\u043d\u0438\u0441 \u0431\u0438\u0436\u0443\u0442\u0430 \u0438 \u0430\u043a\u0441\u0435\u0441\u043e\u0430\u0440\u0438\",\"isPartOf\":{\"@id\":\"https:\\\/\\\/luxuryracketclub.com\\\/#website\"},\"primaryImageOfPage\":{\"@id\":\"https:\\\/\\\/luxuryracketclub.com\\\/ro\\\/p\\\/tenis-teniska-s-logo-na-racet-club\\\/#primaryimage\"},\"image\":{\"@id\":\"https:\\\/\\\/luxuryracketclub.com\\\/ro\\\/p\\\/tenis-teniska-s-logo-na-racet-club\\\/#primaryimage\"},\"thumbnailUrl\":\"https:\\\/\\\/luxuryracketclub.com\\\/wp-content\\\/uploads\\\/2024\\\/10\\\/tennis-teniska-logo-racket-club5.png\",\"datePublished\":\"2024-10-02T06:05:45+00:00\",\"dateModified\":\"2025-09-03T13:47:37+00:00\",\"breadcrumb\":{\"@id\":\"https:\\\/\\\/luxuryracketclub.com\\\/ro\\\/p\\\/tenis-teniska-s-logo-na-racet-club\\\/#breadcrumb\"},\"inLanguage\":\"ro-RO\",\"potentialAction\":[{\"@type\":\"ReadAction\",\"target\":[\"https:\\\/\\\/luxuryracketclub.com\\\/ro\\\/p\\\/tenis-teniska-s-logo-na-racet-club\\\/\"]}]},{\"@type\":\"ImageObject\",\"inLanguage\":\"ro-RO\",\"@id\":\"https:\\\/\\\/luxuryracketclub.com\\\/ro\\\/p\\\/tenis-teniska-s-logo-na-racet-club\\\/#primaryimage\",\"url\":\"https:\\\/\\\/luxuryracketclub.com\\\/wp-content\\\/uploads\\\/2024\\\/10\\\/tennis-teniska-logo-racket-club5.png\",\"contentUrl\":\"https:\\\/\\\/luxuryracketclub.com\\\/wp-content\\\/uploads\\\/2024\\\/10\\\/tennis-teniska-logo-racket-club5.png\",\"width\":1600,\"height\":1600,\"caption\":\"\u0422\u0435\u043d\u0438\u0441 \u0442\u0435\u043d\u0438\u0441\u043a\u0430 \u0441 \u043b\u043e\u0433\u043e \u043d\u0430 ,,Racet Club\\\"\"},{\"@type\":\"BreadcrumbList\",\"@id\":\"https:\\\/\\\/luxuryracketclub.com\\\/ro\\\/p\\\/tenis-teniska-s-logo-na-racet-club\\\/#breadcrumb\",\"itemListElement\":[{\"@type\":\"ListItem\",\"position\":1,\"name\":\"\u041d\u0430\u0447\u0430\u043b\u043e\",\"item\":\"https:\\\/\\\/luxuryracketclub.com\\\/ro\\\/\"},{\"@type\":\"ListItem\",\"position\":2,\"name\":\"Magazin\",\"item\":\"https:\\\/\\\/luxuryracketclub.com\\\/ro\\\/magazin\\\/\"},{\"@type\":\"ListItem\",\"position\":3,\"name\":\"Tricou de tenis cu sigla \u201eRacket Club\u201d\"}]},{\"@type\":\"WebSite\",\"@id\":\"https:\\\/\\\/luxuryracketclub.com\\\/#website\",\"url\":\"https:\\\/\\\/luxuryracketclub.com\\\/\",\"name\":\"\u0420\u044a\u0447\u043d\u043e \u0438\u0437\u0440\u0430\u0431\u043e\u0442\u0435\u043d\u0438 \u0442\u0435\u043d\u0438\u0441 \u0431\u0438\u0436\u0443\u0442\u0430 \u0438 \u0430\u043a\u0441\u0435\u0441\u043e\u0430\u0440\u0438\",\"description\":\"\",\"potentialAction\":[{\"@type\":\"SearchAction\",\"target\":{\"@type\":\"EntryPoint\",\"urlTemplate\":\"https:\\\/\\\/luxuryracketclub.com\\\/?s={search_term_string}\"},\"query-input\":{\"@type\":\"PropertyValueSpecification\",\"valueRequired\":true,\"valueName\":\"search_term_string\"}}],\"inLanguage\":\"ro-RO\"}]}<\/script>\n<!-- \/ Yoast SEO plugin. -->","yoast_head_json":{"title":"Tricou de tenis cu sigla \u201eRacket Club\u201d - \u0420\u044a\u0447\u043d\u043e \u0438\u0437\u0440\u0430\u0431\u043e\u0442\u0435\u043d\u0438 \u0442\u0435\u043d\u0438\u0441 \u0431\u0438\u0436\u0443\u0442\u0430 \u0438 \u0430\u043a\u0441\u0435\u0441\u043e\u0430\u0440\u0438","robots":{"index":"index","follow":"follow","max-snippet":"max-snippet:-1","max-image-preview":"max-image-preview:large","max-video-preview":"max-video-preview:-1"},"canonical":"https:\/\/luxuryracketclub.com\/ro\/p\/tenis-teniska-s-logo-na-racet-club\/","og_locale":"ro_RO","og_type":"article","og_title":"Tricou de tenis cu sigla \u201eRacket Club\u201d - \u0420\u044a\u0447\u043d\u043e \u0438\u0437\u0440\u0430\u0431\u043e\u0442\u0435\u043d\u0438 \u0442\u0435\u043d\u0438\u0441 \u0431\u0438\u0436\u0443\u0442\u0430 \u0438 \u0430\u043a\u0441\u0435\u0441\u043e\u0430\u0440\u0438","og_description":"Acest tricou vintage de tenis este o adev\u0103rat\u0103 bijuterie pentru iubitorii de stil retro \u0219i sport. Fabricat din bumbac de \u00eenalt\u0103 calitate, combin\u0103 estetica clasic\u0103 cu confortul. Designul s\u0103u include o grafic\u0103 special\u0103 pe spate care \u00eenf\u0103\u021bi\u0219eaz\u0103 un teren de tenis - simbol al pasiunii pentru joc - ad\u0103ug\u00e2nd o not\u0103 retro, \u00een timp ce detaliile atent selectate \u00eei confer\u0103 un aspect vintage autentic. Ideal pentru iubitorii de tenis \u0219i iubitorii stilului sport clasic.   LUXURY RACKET CLUB este art\u0103, cu aten\u021bie la fiecare detaliu.    Fabricate din bumbac cultivat \u00een BULGARIA, tricourile noastre sunt pre-mic\u0219orate \u0219i u\u0219or supradimensionate.   97% bumbac, 3% poliester, 6.5 oz Fabricat \u00een BULGARIA F\u0103r\u0103 mic\u0219orare Unisex","og_url":"https:\/\/luxuryracketclub.com\/ro\/p\/tenis-teniska-s-logo-na-racet-club\/","og_site_name":"\u0420\u044a\u0447\u043d\u043e \u0438\u0437\u0440\u0430\u0431\u043e\u0442\u0435\u043d\u0438 \u0442\u0435\u043d\u0438\u0441 \u0431\u0438\u0436\u0443\u0442\u0430 \u0438 \u0430\u043a\u0441\u0435\u0441\u043e\u0430\u0440\u0438","article_modified_time":"2025-09-03T13:47:37+00:00","og_image":[{"width":1600,"height":1600,"url":"https:\/\/luxuryracketclub.com\/wp-content\/uploads\/2024\/10\/tennis-teniska-logo-racket-club5.png","type":"image\/png"}],"twitter_card":"summary_large_image","twitter_misc":{"Timp estimat pentru citire":"1 minut"},"schema":{"@context":"https:\/\/schema.org","@graph":[{"@type":"WebPage","@id":"https:\/\/luxuryracketclub.com\/ro\/p\/tenis-teniska-s-logo-na-racet-club\/","url":"https:\/\/luxuryracketclub.com\/ro\/p\/tenis-teniska-s-logo-na-racet-club\/","name":"Tricou de tenis cu sigla \u201eRacket Club\u201d - \u0420\u044a\u0447\u043d\u043e \u0438\u0437\u0440\u0430\u0431\u043e\u0442\u0435\u043d\u0438 \u0442\u0435\u043d\u0438\u0441 \u0431\u0438\u0436\u0443\u0442\u0430 \u0438 \u0430\u043a\u0441\u0435\u0441\u043e\u0430\u0440\u0438","isPartOf":{"@id":"https:\/\/luxuryracketclub.com\/#website"},"primaryImageOfPage":{"@id":"https:\/\/luxuryracketclub.com\/ro\/p\/tenis-teniska-s-logo-na-racet-club\/#primaryimage"},"image":{"@id":"https:\/\/luxuryracketclub.com\/ro\/p\/tenis-teniska-s-logo-na-racet-club\/#primaryimage"},"thumbnailUrl":"https:\/\/luxuryracketclub.com\/wp-content\/uploads\/2024\/10\/tennis-teniska-logo-racket-club5.png","datePublished":"2024-10-02T06:05:45+00:00","dateModified":"2025-09-03T13:47:37+00:00","breadcrumb":{"@id":"https:\/\/luxuryracketclub.com\/ro\/p\/tenis-teniska-s-logo-na-racet-club\/#breadcrumb"},"inLanguage":"ro-RO","potentialAction":[{"@type":"ReadAction","target":["https:\/\/luxuryracketclub.com\/ro\/p\/tenis-teniska-s-logo-na-racet-club\/"]}]},{"@type":"ImageObject","inLanguage":"ro-RO","@id":"https:\/\/luxuryracketclub.com\/ro\/p\/tenis-teniska-s-logo-na-racet-club\/#primaryimage","url":"https:\/\/luxuryracketclub.com\/wp-content\/uploads\/2024\/10\/tennis-teniska-logo-racket-club5.png","contentUrl":"https:\/\/luxuryracketclub.com\/wp-content\/uploads\/2024\/10\/tennis-teniska-logo-racket-club5.png","width":1600,"height":1600,"caption":"\u0422\u0435\u043d\u0438\u0441 \u0442\u0435\u043d\u0438\u0441\u043a\u0430 \u0441 \u043b\u043e\u0433\u043e \u043d\u0430 ,,Racet Club\""},{"@type":"BreadcrumbList","@id":"https:\/\/luxuryracketclub.com\/ro\/p\/tenis-teniska-s-logo-na-racet-club\/#breadcrumb","itemListElement":[{"@type":"ListItem","position":1,"name":"\u041d\u0430\u0447\u0430\u043b\u043e","item":"https:\/\/luxuryracketclub.com\/ro\/"},{"@type":"ListItem","position":2,"name":"Magazin","item":"https:\/\/luxuryracketclub.com\/ro\/magazin\/"},{"@type":"ListItem","position":3,"name":"Tricou de tenis cu sigla \u201eRacket Club\u201d"}]},{"@type":"WebSite","@id":"https:\/\/luxuryracketclub.com\/#website","url":"https:\/\/luxuryracketclub.com\/","name":"\u0420\u044a\u0447\u043d\u043e \u0438\u0437\u0440\u0430\u0431\u043e\u0442\u0435\u043d\u0438 \u0442\u0435\u043d\u0438\u0441 \u0431\u0438\u0436\u0443\u0442\u0430 \u0438 \u0430\u043a\u0441\u0435\u0441\u043e\u0430\u0440\u0438","description":"","potentialAction":[{"@type":"SearchAction","target":{"@type":"EntryPoint","urlTemplate":"https:\/\/luxuryracketclub.com\/?s={search_term_string}"},"query-input":{"@type":"PropertyValueSpecification","valueRequired":true,"valueName":"search_term_string"}}],"inLanguage":"ro-RO"}]}},"_links":{"self":[{"href":"https:\/\/luxuryracketclub.com\/ro\/wp-json\/wp\/v2\/product\/14570","targetHints":{"allow":["GET"]}}],"collection":[{"href":"https:\/\/luxuryracketclub.com\/ro\/wp-json\/wp\/v2\/product"}],"about":[{"href":"https:\/\/luxuryracketclub.com\/ro\/wp-json\/wp\/v2\/types\/product"}],"replies":[{"embeddable":true,"href":"https:\/\/luxuryracketclub.com\/ro\/wp-json\/wp\/v2\/comments?post=14570"}],"wp:featuredmedia":[{"embeddable":true,"href":"https:\/\/luxuryracketclub.com\/ro\/wp-json\/wp\/v2\/media\/14575"}],"wp:attachment":[{"href":"https:\/\/luxuryracketclub.com\/ro\/wp-json\/wp\/v2\/media?parent=14570"}],"wp:term":[{"taxonomy":"product_brand","embeddable":true,"href":"https:\/\/luxuryracketclub.com\/ro\/wp-json\/wp\/v2\/product_brand?post=14570"},{"taxonomy":"product_cat","embeddable":true,"href":"https:\/\/luxuryracketclub.com\/ro\/wp-json\/wp\/v2\/product_cat?post=14570"},{"taxonomy":"product_tag","embeddable":true,"href":"https:\/\/luxuryracketclub.com\/ro\/wp-json\/wp\/v2\/product_tag?post=14570"}],"curies":[{"name":"wp","href":"https:\/\/api.w.org\/{rel}","templated":true}]}}