{"id":14526,"date":"2025-01-23T11:57:52","date_gmt":"2025-01-23T09:57:52","guid":{"rendered":"https:\/\/luxuryracketclub.com\/p\/srebaren-talisman-tenis-raketa-za-apple-chasovnik\/"},"modified":"2025-08-29T07:18:10","modified_gmt":"2025-08-29T04:18:10","slug":"srebaren-talisman-tenis-raketa-za-apple-chasovnik","status":"publish","type":"product","link":"https:\/\/luxuryracketclub.com\/ro\/p\/srebaren-talisman-tenis-raketa-za-apple-chasovnik\/","title":{"rendered":"Pandantiv argintiu pentru rachet\u0103 de tenis pentru Apple Watch"},"content":{"rendered":"","protected":false},"excerpt":{"rendered":"<p>Acest pandantiv elegant pentru tenis este adaosul perfect pentru cureaua Apple Watch. Fabricat din argint de \u00eenalt\u0103 calitate, prezint\u0103 o rachet\u0103 de tenis \u00een miniatur\u0103 cu detalii rafinate. Designul prezint\u0103 corzi autentice pentru rachet\u0103 \u0219i o suprafa\u021b\u0103 texturat\u0103 care adaug\u0103 farmec \u0219i caracter accesoriului.<\/p>\n<p>Danielul este conceput pentru a fi u\u0219or de purtat, ata\u0219\u00e2ndu-se \u00een siguran\u021b\u0103 la cureaua respectiv\u0103, ad\u0103ug\u00e2nd elegan\u021b\u0103 sportiv\u0103 \u0219i personalitate. Este cadoul perfect pentru orice pasionat de tenis sau pentru cei care doresc s\u0103-\u0219i sublinieze dragostea pentru acest sport, combin\u00e2nd \u00een acela\u0219i timp func\u021bionalitatea cu elegan\u021ba.<\/p>\n<p><strong>LUXURY RACKET CLUB<\/strong> este art\u0103, cu aten\u021bie la fiecare detaliu.<\/p>\n","protected":false},"featured_media":14527,"comment_status":"open","ping_status":"closed","template":"","meta":{"_acf_changed":false,"_nectar_blocks_hide_post_title":false,"_nectar_blocks_transparent_header_effect":false,"_nectar_blocks_transparent_header_effect_color":"light","_nectar_blocks_header_animation":false,"_nectar_blocks_header_animation_delay":0,"_nectar_blocks_header_animation_effect":"fade","_nectar_blocks_page_css":"","_nectar_blocks_page_js":"","inline_featured_image":false},"product_brand":[],"product_cat":[857],"product_tag":[908,841,994],"class_list":{"0":"post-14526","1":"product","2":"type-product","3":"status-publish","4":"has-post-thumbnail","6":"product_cat-accesorii","7":"product_tag-bijuterii-de-tenis","8":"product_tag-podarak-za-tenisist-ro","9":"product_tag-srebaren-talisman-ro","11":"first","12":"instock","13":"sale","14":"shipping-taxable","15":"purchasable","16":"product-type-simple"},"acf":[],"yoast_head":"<!-- This site is optimized with the Yoast SEO plugin v27.4 - https:\/\/yoast.com\/product\/yoast-seo-wordpress\/ -->\n<title>Pandantiv argintiu pentru rachet\u0103 de tenis pentru Apple Watch - \u0420\u044a\u0447\u043d\u043e \u0438\u0437\u0440\u0430\u0431\u043e\u0442\u0435\u043d\u0438 \u0442\u0435\u043d\u0438\u0441 \u0431\u0438\u0436\u0443\u0442\u0430 \u0438 \u0430\u043a\u0441\u0435\u0441\u043e\u0430\u0440\u0438<\/title>\n<meta name=\"robots\" content=\"index, follow, max-snippet:-1, max-image-preview:large, max-video-preview:-1\" \/>\n<link rel=\"canonical\" href=\"https:\/\/luxuryracketclub.com\/ro\/p\/srebaren-talisman-tenis-raketa-za-apple-chasovnik\/\" \/>\n<meta property=\"og:locale\" content=\"ro_RO\" \/>\n<meta property=\"og:type\" content=\"article\" \/>\n<meta property=\"og:title\" content=\"Pandantiv argintiu pentru rachet\u0103 de tenis pentru Apple Watch - \u0420\u044a\u0447\u043d\u043e \u0438\u0437\u0440\u0430\u0431\u043e\u0442\u0435\u043d\u0438 \u0442\u0435\u043d\u0438\u0441 \u0431\u0438\u0436\u0443\u0442\u0430 \u0438 \u0430\u043a\u0441\u0435\u0441\u043e\u0430\u0440\u0438\" \/>\n<meta property=\"og:description\" content=\"Acest pandantiv elegant pentru tenis este adaosul perfect pentru cureaua Apple Watch. Fabricat din argint de \u00eenalt\u0103 calitate, prezint\u0103 o rachet\u0103 de tenis \u00een miniatur\u0103 cu detalii rafinate. Designul prezint\u0103 corzi autentice pentru rachet\u0103 \u0219i o suprafa\u021b\u0103 texturat\u0103 care adaug\u0103 farmec \u0219i caracter accesoriului.   Danielul este conceput pentru a fi u\u0219or de purtat, ata\u0219\u00e2ndu-se \u00een siguran\u021b\u0103 la cureaua respectiv\u0103, ad\u0103ug\u00e2nd elegan\u021b\u0103 sportiv\u0103 \u0219i personalitate. Este cadoul perfect pentru orice pasionat de tenis sau pentru cei care doresc s\u0103-\u0219i sublinieze dragostea pentru acest sport, combin\u00e2nd \u00een acela\u0219i timp func\u021bionalitatea cu elegan\u021ba.   LUXURY RACKET CLUB este art\u0103, cu aten\u021bie la fiecare detaliu.\" \/>\n<meta property=\"og:url\" content=\"https:\/\/luxuryracketclub.com\/ro\/p\/srebaren-talisman-tenis-raketa-za-apple-chasovnik\/\" \/>\n<meta property=\"og:site_name\" content=\"\u0420\u044a\u0447\u043d\u043e \u0438\u0437\u0440\u0430\u0431\u043e\u0442\u0435\u043d\u0438 \u0442\u0435\u043d\u0438\u0441 \u0431\u0438\u0436\u0443\u0442\u0430 \u0438 \u0430\u043a\u0441\u0435\u0441\u043e\u0430\u0440\u0438\" \/>\n<meta property=\"article:modified_time\" content=\"2025-08-29T04:18:10+00:00\" \/>\n<meta property=\"og:image\" content=\"https:\/\/luxuryracketclub.com\/wp-content\/uploads\/2025\/01\/product.sreburen-talisman-tenis-raketa-apple-chasovnik.jpg\" \/>\n\t<meta property=\"og:image:width\" content=\"1600\" \/>\n\t<meta property=\"og:image:height\" content=\"1600\" \/>\n\t<meta property=\"og:image:type\" content=\"image\/jpeg\" \/>\n<meta name=\"twitter:card\" content=\"summary_large_image\" \/>\n<meta name=\"twitter:label1\" content=\"Timp estimat pentru citire\" \/>\n\t<meta name=\"twitter:data1\" content=\"1 minut\" \/>\n<script type=\"application\/ld+json\" class=\"yoast-schema-graph\">{\"@context\":\"https:\\\/\\\/schema.org\",\"@graph\":[{\"@type\":\"WebPage\",\"@id\":\"https:\\\/\\\/luxuryracketclub.com\\\/ro\\\/p\\\/srebaren-talisman-tenis-raketa-za-apple-chasovnik\\\/\",\"url\":\"https:\\\/\\\/luxuryracketclub.com\\\/ro\\\/p\\\/srebaren-talisman-tenis-raketa-za-apple-chasovnik\\\/\",\"name\":\"Pandantiv argintiu pentru rachet\u0103 de tenis pentru Apple Watch - \u0420\u044a\u0447\u043d\u043e \u0438\u0437\u0440\u0430\u0431\u043e\u0442\u0435\u043d\u0438 \u0442\u0435\u043d\u0438\u0441 \u0431\u0438\u0436\u0443\u0442\u0430 \u0438 \u0430\u043a\u0441\u0435\u0441\u043e\u0430\u0440\u0438\",\"isPartOf\":{\"@id\":\"https:\\\/\\\/luxuryracketclub.com\\\/#website\"},\"primaryImageOfPage\":{\"@id\":\"https:\\\/\\\/luxuryracketclub.com\\\/ro\\\/p\\\/srebaren-talisman-tenis-raketa-za-apple-chasovnik\\\/#primaryimage\"},\"image\":{\"@id\":\"https:\\\/\\\/luxuryracketclub.com\\\/ro\\\/p\\\/srebaren-talisman-tenis-raketa-za-apple-chasovnik\\\/#primaryimage\"},\"thumbnailUrl\":\"https:\\\/\\\/luxuryracketclub.com\\\/wp-content\\\/uploads\\\/2025\\\/01\\\/product.sreburen-talisman-tenis-raketa-apple-chasovnik.jpg\",\"datePublished\":\"2025-01-23T09:57:52+00:00\",\"dateModified\":\"2025-08-29T04:18:10+00:00\",\"breadcrumb\":{\"@id\":\"https:\\\/\\\/luxuryracketclub.com\\\/ro\\\/p\\\/srebaren-talisman-tenis-raketa-za-apple-chasovnik\\\/#breadcrumb\"},\"inLanguage\":\"ro-RO\",\"potentialAction\":[{\"@type\":\"ReadAction\",\"target\":[\"https:\\\/\\\/luxuryracketclub.com\\\/ro\\\/p\\\/srebaren-talisman-tenis-raketa-za-apple-chasovnik\\\/\"]}]},{\"@type\":\"ImageObject\",\"inLanguage\":\"ro-RO\",\"@id\":\"https:\\\/\\\/luxuryracketclub.com\\\/ro\\\/p\\\/srebaren-talisman-tenis-raketa-za-apple-chasovnik\\\/#primaryimage\",\"url\":\"https:\\\/\\\/luxuryracketclub.com\\\/wp-content\\\/uploads\\\/2025\\\/01\\\/product.sreburen-talisman-tenis-raketa-apple-chasovnik.jpg\",\"contentUrl\":\"https:\\\/\\\/luxuryracketclub.com\\\/wp-content\\\/uploads\\\/2025\\\/01\\\/product.sreburen-talisman-tenis-raketa-apple-chasovnik.jpg\",\"width\":1600,\"height\":1600,\"caption\":\"\u0421\u0440\u0435\u0431\u044a\u0440\u0435\u043d \u0442\u0430\u043b\u0438\u0441\u043c\u0430\u043d \u0442\u0435\u043d\u0438\u0441 \u0440\u0430\u043a\u0435\u0442\u0430 \u0437\u0430 Apple \u0447\u0430\u0441\u043e\u0432\u043d\u0438\u043a\"},{\"@type\":\"BreadcrumbList\",\"@id\":\"https:\\\/\\\/luxuryracketclub.com\\\/ro\\\/p\\\/srebaren-talisman-tenis-raketa-za-apple-chasovnik\\\/#breadcrumb\",\"itemListElement\":[{\"@type\":\"ListItem\",\"position\":1,\"name\":\"\u041d\u0430\u0447\u0430\u043b\u043e\",\"item\":\"https:\\\/\\\/luxuryracketclub.com\\\/ro\\\/\"},{\"@type\":\"ListItem\",\"position\":2,\"name\":\"Magazin\",\"item\":\"https:\\\/\\\/luxuryracketclub.com\\\/ro\\\/magazin\\\/\"},{\"@type\":\"ListItem\",\"position\":3,\"name\":\"Pandantiv argintiu pentru rachet\u0103 de tenis pentru Apple Watch\"}]},{\"@type\":\"WebSite\",\"@id\":\"https:\\\/\\\/luxuryracketclub.com\\\/#website\",\"url\":\"https:\\\/\\\/luxuryracketclub.com\\\/\",\"name\":\"\u0420\u044a\u0447\u043d\u043e \u0438\u0437\u0440\u0430\u0431\u043e\u0442\u0435\u043d\u0438 \u0442\u0435\u043d\u0438\u0441 \u0431\u0438\u0436\u0443\u0442\u0430 \u0438 \u0430\u043a\u0441\u0435\u0441\u043e\u0430\u0440\u0438\",\"description\":\"\",\"potentialAction\":[{\"@type\":\"SearchAction\",\"target\":{\"@type\":\"EntryPoint\",\"urlTemplate\":\"https:\\\/\\\/luxuryracketclub.com\\\/?s={search_term_string}\"},\"query-input\":{\"@type\":\"PropertyValueSpecification\",\"valueRequired\":true,\"valueName\":\"search_term_string\"}}],\"inLanguage\":\"ro-RO\"}]}<\/script>\n<!-- \/ Yoast SEO plugin. -->","yoast_head_json":{"title":"Pandantiv argintiu pentru rachet\u0103 de tenis pentru Apple Watch - \u0420\u044a\u0447\u043d\u043e \u0438\u0437\u0440\u0430\u0431\u043e\u0442\u0435\u043d\u0438 \u0442\u0435\u043d\u0438\u0441 \u0431\u0438\u0436\u0443\u0442\u0430 \u0438 \u0430\u043a\u0441\u0435\u0441\u043e\u0430\u0440\u0438","robots":{"index":"index","follow":"follow","max-snippet":"max-snippet:-1","max-image-preview":"max-image-preview:large","max-video-preview":"max-video-preview:-1"},"canonical":"https:\/\/luxuryracketclub.com\/ro\/p\/srebaren-talisman-tenis-raketa-za-apple-chasovnik\/","og_locale":"ro_RO","og_type":"article","og_title":"Pandantiv argintiu pentru rachet\u0103 de tenis pentru Apple Watch - \u0420\u044a\u0447\u043d\u043e \u0438\u0437\u0440\u0430\u0431\u043e\u0442\u0435\u043d\u0438 \u0442\u0435\u043d\u0438\u0441 \u0431\u0438\u0436\u0443\u0442\u0430 \u0438 \u0430\u043a\u0441\u0435\u0441\u043e\u0430\u0440\u0438","og_description":"Acest pandantiv elegant pentru tenis este adaosul perfect pentru cureaua Apple Watch. Fabricat din argint de \u00eenalt\u0103 calitate, prezint\u0103 o rachet\u0103 de tenis \u00een miniatur\u0103 cu detalii rafinate. Designul prezint\u0103 corzi autentice pentru rachet\u0103 \u0219i o suprafa\u021b\u0103 texturat\u0103 care adaug\u0103 farmec \u0219i caracter accesoriului.   Danielul este conceput pentru a fi u\u0219or de purtat, ata\u0219\u00e2ndu-se \u00een siguran\u021b\u0103 la cureaua respectiv\u0103, ad\u0103ug\u00e2nd elegan\u021b\u0103 sportiv\u0103 \u0219i personalitate. Este cadoul perfect pentru orice pasionat de tenis sau pentru cei care doresc s\u0103-\u0219i sublinieze dragostea pentru acest sport, combin\u00e2nd \u00een acela\u0219i timp func\u021bionalitatea cu elegan\u021ba.   LUXURY RACKET CLUB este art\u0103, cu aten\u021bie la fiecare detaliu.","og_url":"https:\/\/luxuryracketclub.com\/ro\/p\/srebaren-talisman-tenis-raketa-za-apple-chasovnik\/","og_site_name":"\u0420\u044a\u0447\u043d\u043e \u0438\u0437\u0440\u0430\u0431\u043e\u0442\u0435\u043d\u0438 \u0442\u0435\u043d\u0438\u0441 \u0431\u0438\u0436\u0443\u0442\u0430 \u0438 \u0430\u043a\u0441\u0435\u0441\u043e\u0430\u0440\u0438","article_modified_time":"2025-08-29T04:18:10+00:00","og_image":[{"width":1600,"height":1600,"url":"https:\/\/luxuryracketclub.com\/wp-content\/uploads\/2025\/01\/product.sreburen-talisman-tenis-raketa-apple-chasovnik.jpg","type":"image\/jpeg"}],"twitter_card":"summary_large_image","twitter_misc":{"Timp estimat pentru citire":"1 minut"},"schema":{"@context":"https:\/\/schema.org","@graph":[{"@type":"WebPage","@id":"https:\/\/luxuryracketclub.com\/ro\/p\/srebaren-talisman-tenis-raketa-za-apple-chasovnik\/","url":"https:\/\/luxuryracketclub.com\/ro\/p\/srebaren-talisman-tenis-raketa-za-apple-chasovnik\/","name":"Pandantiv argintiu pentru rachet\u0103 de tenis pentru Apple Watch - \u0420\u044a\u0447\u043d\u043e \u0438\u0437\u0440\u0430\u0431\u043e\u0442\u0435\u043d\u0438 \u0442\u0435\u043d\u0438\u0441 \u0431\u0438\u0436\u0443\u0442\u0430 \u0438 \u0430\u043a\u0441\u0435\u0441\u043e\u0430\u0440\u0438","isPartOf":{"@id":"https:\/\/luxuryracketclub.com\/#website"},"primaryImageOfPage":{"@id":"https:\/\/luxuryracketclub.com\/ro\/p\/srebaren-talisman-tenis-raketa-za-apple-chasovnik\/#primaryimage"},"image":{"@id":"https:\/\/luxuryracketclub.com\/ro\/p\/srebaren-talisman-tenis-raketa-za-apple-chasovnik\/#primaryimage"},"thumbnailUrl":"https:\/\/luxuryracketclub.com\/wp-content\/uploads\/2025\/01\/product.sreburen-talisman-tenis-raketa-apple-chasovnik.jpg","datePublished":"2025-01-23T09:57:52+00:00","dateModified":"2025-08-29T04:18:10+00:00","breadcrumb":{"@id":"https:\/\/luxuryracketclub.com\/ro\/p\/srebaren-talisman-tenis-raketa-za-apple-chasovnik\/#breadcrumb"},"inLanguage":"ro-RO","potentialAction":[{"@type":"ReadAction","target":["https:\/\/luxuryracketclub.com\/ro\/p\/srebaren-talisman-tenis-raketa-za-apple-chasovnik\/"]}]},{"@type":"ImageObject","inLanguage":"ro-RO","@id":"https:\/\/luxuryracketclub.com\/ro\/p\/srebaren-talisman-tenis-raketa-za-apple-chasovnik\/#primaryimage","url":"https:\/\/luxuryracketclub.com\/wp-content\/uploads\/2025\/01\/product.sreburen-talisman-tenis-raketa-apple-chasovnik.jpg","contentUrl":"https:\/\/luxuryracketclub.com\/wp-content\/uploads\/2025\/01\/product.sreburen-talisman-tenis-raketa-apple-chasovnik.jpg","width":1600,"height":1600,"caption":"\u0421\u0440\u0435\u0431\u044a\u0440\u0435\u043d \u0442\u0430\u043b\u0438\u0441\u043c\u0430\u043d \u0442\u0435\u043d\u0438\u0441 \u0440\u0430\u043a\u0435\u0442\u0430 \u0437\u0430 Apple \u0447\u0430\u0441\u043e\u0432\u043d\u0438\u043a"},{"@type":"BreadcrumbList","@id":"https:\/\/luxuryracketclub.com\/ro\/p\/srebaren-talisman-tenis-raketa-za-apple-chasovnik\/#breadcrumb","itemListElement":[{"@type":"ListItem","position":1,"name":"\u041d\u0430\u0447\u0430\u043b\u043e","item":"https:\/\/luxuryracketclub.com\/ro\/"},{"@type":"ListItem","position":2,"name":"Magazin","item":"https:\/\/luxuryracketclub.com\/ro\/magazin\/"},{"@type":"ListItem","position":3,"name":"Pandantiv argintiu pentru rachet\u0103 de tenis pentru Apple Watch"}]},{"@type":"WebSite","@id":"https:\/\/luxuryracketclub.com\/#website","url":"https:\/\/luxuryracketclub.com\/","name":"\u0420\u044a\u0447\u043d\u043e \u0438\u0437\u0440\u0430\u0431\u043e\u0442\u0435\u043d\u0438 \u0442\u0435\u043d\u0438\u0441 \u0431\u0438\u0436\u0443\u0442\u0430 \u0438 \u0430\u043a\u0441\u0435\u0441\u043e\u0430\u0440\u0438","description":"","potentialAction":[{"@type":"SearchAction","target":{"@type":"EntryPoint","urlTemplate":"https:\/\/luxuryracketclub.com\/?s={search_term_string}"},"query-input":{"@type":"PropertyValueSpecification","valueRequired":true,"valueName":"search_term_string"}}],"inLanguage":"ro-RO"}]}},"_links":{"self":[{"href":"https:\/\/luxuryracketclub.com\/ro\/wp-json\/wp\/v2\/product\/14526","targetHints":{"allow":["GET"]}}],"collection":[{"href":"https:\/\/luxuryracketclub.com\/ro\/wp-json\/wp\/v2\/product"}],"about":[{"href":"https:\/\/luxuryracketclub.com\/ro\/wp-json\/wp\/v2\/types\/product"}],"replies":[{"embeddable":true,"href":"https:\/\/luxuryracketclub.com\/ro\/wp-json\/wp\/v2\/comments?post=14526"}],"wp:featuredmedia":[{"embeddable":true,"href":"https:\/\/luxuryracketclub.com\/ro\/wp-json\/wp\/v2\/media\/14527"}],"wp:attachment":[{"href":"https:\/\/luxuryracketclub.com\/ro\/wp-json\/wp\/v2\/media?parent=14526"}],"wp:term":[{"taxonomy":"product_brand","embeddable":true,"href":"https:\/\/luxuryracketclub.com\/ro\/wp-json\/wp\/v2\/product_brand?post=14526"},{"taxonomy":"product_cat","embeddable":true,"href":"https:\/\/luxuryracketclub.com\/ro\/wp-json\/wp\/v2\/product_cat?post=14526"},{"taxonomy":"product_tag","embeddable":true,"href":"https:\/\/luxuryracketclub.com\/ro\/wp-json\/wp\/v2\/product_tag?post=14526"}],"curies":[{"name":"wp","href":"https:\/\/api.w.org\/{rel}","templated":true}]}}