{"id":14515,"date":"2025-03-17T15:25:15","date_gmt":"2025-03-17T13:25:15","guid":{"rendered":"https:\/\/luxuryracketclub.com\/p\/male-collection-grivna-ot-cheren-konecz-s-tenis-raketa-just-serve-it-2\/"},"modified":"2025-09-03T18:35:02","modified_gmt":"2025-09-03T15:35:02","slug":"male-collection-grivna-ot-cheren-konecz-s-tenis-raketa-just-serve-it-2","status":"publish","type":"product","link":"https:\/\/luxuryracketclub.com\/ro\/p\/male-collection-grivna-ot-cheren-konecz-s-tenis-raketa-just-serve-it-2\/","title":{"rendered":"Br\u0103\u021bar\u0103 din fir negru cu rachet\u0103 de tenis \u201eJust serve it\u201d"},"content":{"rendered":"","protected":false},"excerpt":{"rendered":"<p>Inspir\u0103-te cu br\u0103\u021bara noastr\u0103 unisex \u201eJust serve it\u201d, realizat\u0103 manual cu fir negru, cu o rachet\u0103 \u0219i o minge din argint. Acest pandantiv pentru rachet\u0103 de tenis, finisat manual, este realizat din argint pur 925. Racheta de tenis are un m\u00e2ner \u00een form\u0103 de inim\u0103, un \u0219nur ajurat \u0219i un \u0219nur care se \u00eentinde de-a lungul conturului rachetei. Pentru momentele tale de campionat.<\/p>\n<p><strong>LUXURY RACKET CLUB<\/strong> este art\u0103, cu aten\u021bie la fiecare detaliu.<\/p>\n","protected":false},"featured_media":14516,"comment_status":"open","ping_status":"closed","template":"","meta":{"_acf_changed":false,"_nectar_blocks_hide_post_title":false,"_nectar_blocks_transparent_header_effect":false,"_nectar_blocks_transparent_header_effect_color":"light","_nectar_blocks_header_animation":false,"_nectar_blocks_header_animation_delay":0,"_nectar_blocks_header_animation_effect":"fade","_nectar_blocks_page_css":"","_nectar_blocks_page_js":"","inline_featured_image":false},"product_brand":[],"product_cat":[866],"product_tag":[924,908,1031,841,1006,941],"class_list":{"0":"post-14515","1":"product","2":"type-product","3":"status-publish","4":"has-post-thumbnail","6":"product_cat-colectie-barbati","7":"product_tag-accesorii-de-tenis","8":"product_tag-bijuterii-de-tenis","9":"product_tag-racheta-de-tenis-din-argint","10":"product_tag-podarak-za-tenisist-ro","11":"product_tag-srebarna-grivna-ro","12":"product_tag-tenis-grivna-ro","14":"first","15":"instock","16":"sale","17":"shipping-taxable","18":"purchasable","19":"product-type-variable"},"acf":[],"yoast_head":"<!-- This site is optimized with the Yoast SEO plugin v27.4 - https:\/\/yoast.com\/product\/yoast-seo-wordpress\/ -->\n<title>Br\u0103\u021bar\u0103 din fir negru cu rachet\u0103 de tenis \u201eJust serve it\u201d - \u0420\u044a\u0447\u043d\u043e \u0438\u0437\u0440\u0430\u0431\u043e\u0442\u0435\u043d\u0438 \u0442\u0435\u043d\u0438\u0441 \u0431\u0438\u0436\u0443\u0442\u0430 \u0438 \u0430\u043a\u0441\u0435\u0441\u043e\u0430\u0440\u0438<\/title>\n<meta name=\"robots\" content=\"index, follow, max-snippet:-1, max-image-preview:large, max-video-preview:-1\" \/>\n<link rel=\"canonical\" href=\"https:\/\/luxuryracketclub.com\/ro\/p\/male-collection-grivna-ot-cheren-konecz-s-tenis-raketa-just-serve-it-2\/\" \/>\n<meta property=\"og:locale\" content=\"ro_RO\" \/>\n<meta property=\"og:type\" content=\"article\" \/>\n<meta property=\"og:title\" content=\"Br\u0103\u021bar\u0103 din fir negru cu rachet\u0103 de tenis \u201eJust serve it\u201d - \u0420\u044a\u0447\u043d\u043e \u0438\u0437\u0440\u0430\u0431\u043e\u0442\u0435\u043d\u0438 \u0442\u0435\u043d\u0438\u0441 \u0431\u0438\u0436\u0443\u0442\u0430 \u0438 \u0430\u043a\u0441\u0435\u0441\u043e\u0430\u0440\u0438\" \/>\n<meta property=\"og:description\" content=\"Inspir\u0103-te cu br\u0103\u021bara noastr\u0103 unisex \u201eJust serve it\u201d, realizat\u0103 manual cu fir negru, cu o rachet\u0103 \u0219i o minge din argint. Acest pandantiv pentru rachet\u0103 de tenis, finisat manual, este realizat din argint pur 925. Racheta de tenis are un m\u00e2ner \u00een form\u0103 de inim\u0103, un \u0219nur ajurat \u0219i un \u0219nur care se \u00eentinde de-a lungul conturului rachetei. Pentru momentele tale de campionat.  LUXURY RACKET CLUB este art\u0103, cu aten\u021bie la fiecare detaliu.\" \/>\n<meta property=\"og:url\" content=\"https:\/\/luxuryracketclub.com\/ro\/p\/male-collection-grivna-ot-cheren-konecz-s-tenis-raketa-just-serve-it-2\/\" \/>\n<meta property=\"og:site_name\" content=\"\u0420\u044a\u0447\u043d\u043e \u0438\u0437\u0440\u0430\u0431\u043e\u0442\u0435\u043d\u0438 \u0442\u0435\u043d\u0438\u0441 \u0431\u0438\u0436\u0443\u0442\u0430 \u0438 \u0430\u043a\u0441\u0435\u0441\u043e\u0430\u0440\u0438\" \/>\n<meta property=\"article:modified_time\" content=\"2025-09-03T15:35:02+00:00\" \/>\n<meta property=\"og:image\" content=\"https:\/\/luxuryracketclub.com\/wp-content\/uploads\/2024\/04\/product.srebarna-grivna-just-serve-it-00-min.jpg\" \/>\n\t<meta property=\"og:image:width\" content=\"2000\" \/>\n\t<meta property=\"og:image:height\" content=\"2000\" \/>\n\t<meta property=\"og:image:type\" content=\"image\/jpeg\" \/>\n<meta name=\"twitter:card\" content=\"summary_large_image\" \/>\n<meta name=\"twitter:label1\" content=\"Timp estimat pentru citire\" \/>\n\t<meta name=\"twitter:data1\" content=\"1 minut\" \/>\n<script type=\"application\/ld+json\" class=\"yoast-schema-graph\">{\"@context\":\"https:\\\/\\\/schema.org\",\"@graph\":[{\"@type\":\"WebPage\",\"@id\":\"https:\\\/\\\/luxuryracketclub.com\\\/ro\\\/p\\\/male-collection-grivna-ot-cheren-konecz-s-tenis-raketa-just-serve-it-2\\\/\",\"url\":\"https:\\\/\\\/luxuryracketclub.com\\\/ro\\\/p\\\/male-collection-grivna-ot-cheren-konecz-s-tenis-raketa-just-serve-it-2\\\/\",\"name\":\"Br\u0103\u021bar\u0103 din fir negru cu rachet\u0103 de tenis \u201eJust serve it\u201d - \u0420\u044a\u0447\u043d\u043e \u0438\u0437\u0440\u0430\u0431\u043e\u0442\u0435\u043d\u0438 \u0442\u0435\u043d\u0438\u0441 \u0431\u0438\u0436\u0443\u0442\u0430 \u0438 \u0430\u043a\u0441\u0435\u0441\u043e\u0430\u0440\u0438\",\"isPartOf\":{\"@id\":\"https:\\\/\\\/luxuryracketclub.com\\\/#website\"},\"primaryImageOfPage\":{\"@id\":\"https:\\\/\\\/luxuryracketclub.com\\\/ro\\\/p\\\/male-collection-grivna-ot-cheren-konecz-s-tenis-raketa-just-serve-it-2\\\/#primaryimage\"},\"image\":{\"@id\":\"https:\\\/\\\/luxuryracketclub.com\\\/ro\\\/p\\\/male-collection-grivna-ot-cheren-konecz-s-tenis-raketa-just-serve-it-2\\\/#primaryimage\"},\"thumbnailUrl\":\"https:\\\/\\\/luxuryracketclub.com\\\/wp-content\\\/uploads\\\/2024\\\/04\\\/product.srebarna-grivna-just-serve-it-00-min.jpg\",\"datePublished\":\"2025-03-17T13:25:15+00:00\",\"dateModified\":\"2025-09-03T15:35:02+00:00\",\"breadcrumb\":{\"@id\":\"https:\\\/\\\/luxuryracketclub.com\\\/ro\\\/p\\\/male-collection-grivna-ot-cheren-konecz-s-tenis-raketa-just-serve-it-2\\\/#breadcrumb\"},\"inLanguage\":\"ro-RO\",\"potentialAction\":[{\"@type\":\"ReadAction\",\"target\":[\"https:\\\/\\\/luxuryracketclub.com\\\/ro\\\/p\\\/male-collection-grivna-ot-cheren-konecz-s-tenis-raketa-just-serve-it-2\\\/\"]}]},{\"@type\":\"ImageObject\",\"inLanguage\":\"ro-RO\",\"@id\":\"https:\\\/\\\/luxuryracketclub.com\\\/ro\\\/p\\\/male-collection-grivna-ot-cheren-konecz-s-tenis-raketa-just-serve-it-2\\\/#primaryimage\",\"url\":\"https:\\\/\\\/luxuryracketclub.com\\\/wp-content\\\/uploads\\\/2024\\\/04\\\/product.srebarna-grivna-just-serve-it-00-min.jpg\",\"contentUrl\":\"https:\\\/\\\/luxuryracketclub.com\\\/wp-content\\\/uploads\\\/2024\\\/04\\\/product.srebarna-grivna-just-serve-it-00-min.jpg\",\"width\":2000,\"height\":2000,\"caption\":\"\u0421\u0440\u0435\u0431\u044a\u0440\u043d\u0430 \u0433\u0440\u0438\u0432\u043d\u0430 \\\"Just serve it\\\"\"},{\"@type\":\"BreadcrumbList\",\"@id\":\"https:\\\/\\\/luxuryracketclub.com\\\/ro\\\/p\\\/male-collection-grivna-ot-cheren-konecz-s-tenis-raketa-just-serve-it-2\\\/#breadcrumb\",\"itemListElement\":[{\"@type\":\"ListItem\",\"position\":1,\"name\":\"\u041d\u0430\u0447\u0430\u043b\u043e\",\"item\":\"https:\\\/\\\/luxuryracketclub.com\\\/ro\\\/\"},{\"@type\":\"ListItem\",\"position\":2,\"name\":\"Magazin\",\"item\":\"https:\\\/\\\/luxuryracketclub.com\\\/ro\\\/magazin\\\/\"},{\"@type\":\"ListItem\",\"position\":3,\"name\":\"Br\u0103\u021bar\u0103 din fir negru cu rachet\u0103 de tenis \u201eJust serve it\u201d\"}]},{\"@type\":\"WebSite\",\"@id\":\"https:\\\/\\\/luxuryracketclub.com\\\/#website\",\"url\":\"https:\\\/\\\/luxuryracketclub.com\\\/\",\"name\":\"\u0420\u044a\u0447\u043d\u043e \u0438\u0437\u0440\u0430\u0431\u043e\u0442\u0435\u043d\u0438 \u0442\u0435\u043d\u0438\u0441 \u0431\u0438\u0436\u0443\u0442\u0430 \u0438 \u0430\u043a\u0441\u0435\u0441\u043e\u0430\u0440\u0438\",\"description\":\"\",\"potentialAction\":[{\"@type\":\"SearchAction\",\"target\":{\"@type\":\"EntryPoint\",\"urlTemplate\":\"https:\\\/\\\/luxuryracketclub.com\\\/?s={search_term_string}\"},\"query-input\":{\"@type\":\"PropertyValueSpecification\",\"valueRequired\":true,\"valueName\":\"search_term_string\"}}],\"inLanguage\":\"ro-RO\"}]}<\/script>\n<!-- \/ Yoast SEO plugin. -->","yoast_head_json":{"title":"Br\u0103\u021bar\u0103 din fir negru cu rachet\u0103 de tenis \u201eJust serve it\u201d - \u0420\u044a\u0447\u043d\u043e \u0438\u0437\u0440\u0430\u0431\u043e\u0442\u0435\u043d\u0438 \u0442\u0435\u043d\u0438\u0441 \u0431\u0438\u0436\u0443\u0442\u0430 \u0438 \u0430\u043a\u0441\u0435\u0441\u043e\u0430\u0440\u0438","robots":{"index":"index","follow":"follow","max-snippet":"max-snippet:-1","max-image-preview":"max-image-preview:large","max-video-preview":"max-video-preview:-1"},"canonical":"https:\/\/luxuryracketclub.com\/ro\/p\/male-collection-grivna-ot-cheren-konecz-s-tenis-raketa-just-serve-it-2\/","og_locale":"ro_RO","og_type":"article","og_title":"Br\u0103\u021bar\u0103 din fir negru cu rachet\u0103 de tenis \u201eJust serve it\u201d - \u0420\u044a\u0447\u043d\u043e \u0438\u0437\u0440\u0430\u0431\u043e\u0442\u0435\u043d\u0438 \u0442\u0435\u043d\u0438\u0441 \u0431\u0438\u0436\u0443\u0442\u0430 \u0438 \u0430\u043a\u0441\u0435\u0441\u043e\u0430\u0440\u0438","og_description":"Inspir\u0103-te cu br\u0103\u021bara noastr\u0103 unisex \u201eJust serve it\u201d, realizat\u0103 manual cu fir negru, cu o rachet\u0103 \u0219i o minge din argint. Acest pandantiv pentru rachet\u0103 de tenis, finisat manual, este realizat din argint pur 925. Racheta de tenis are un m\u00e2ner \u00een form\u0103 de inim\u0103, un \u0219nur ajurat \u0219i un \u0219nur care se \u00eentinde de-a lungul conturului rachetei. Pentru momentele tale de campionat.  LUXURY RACKET CLUB este art\u0103, cu aten\u021bie la fiecare detaliu.","og_url":"https:\/\/luxuryracketclub.com\/ro\/p\/male-collection-grivna-ot-cheren-konecz-s-tenis-raketa-just-serve-it-2\/","og_site_name":"\u0420\u044a\u0447\u043d\u043e \u0438\u0437\u0440\u0430\u0431\u043e\u0442\u0435\u043d\u0438 \u0442\u0435\u043d\u0438\u0441 \u0431\u0438\u0436\u0443\u0442\u0430 \u0438 \u0430\u043a\u0441\u0435\u0441\u043e\u0430\u0440\u0438","article_modified_time":"2025-09-03T15:35:02+00:00","og_image":[{"width":2000,"height":2000,"url":"https:\/\/luxuryracketclub.com\/wp-content\/uploads\/2024\/04\/product.srebarna-grivna-just-serve-it-00-min.jpg","type":"image\/jpeg"}],"twitter_card":"summary_large_image","twitter_misc":{"Timp estimat pentru citire":"1 minut"},"schema":{"@context":"https:\/\/schema.org","@graph":[{"@type":"WebPage","@id":"https:\/\/luxuryracketclub.com\/ro\/p\/male-collection-grivna-ot-cheren-konecz-s-tenis-raketa-just-serve-it-2\/","url":"https:\/\/luxuryracketclub.com\/ro\/p\/male-collection-grivna-ot-cheren-konecz-s-tenis-raketa-just-serve-it-2\/","name":"Br\u0103\u021bar\u0103 din fir negru cu rachet\u0103 de tenis \u201eJust serve it\u201d - \u0420\u044a\u0447\u043d\u043e \u0438\u0437\u0440\u0430\u0431\u043e\u0442\u0435\u043d\u0438 \u0442\u0435\u043d\u0438\u0441 \u0431\u0438\u0436\u0443\u0442\u0430 \u0438 \u0430\u043a\u0441\u0435\u0441\u043e\u0430\u0440\u0438","isPartOf":{"@id":"https:\/\/luxuryracketclub.com\/#website"},"primaryImageOfPage":{"@id":"https:\/\/luxuryracketclub.com\/ro\/p\/male-collection-grivna-ot-cheren-konecz-s-tenis-raketa-just-serve-it-2\/#primaryimage"},"image":{"@id":"https:\/\/luxuryracketclub.com\/ro\/p\/male-collection-grivna-ot-cheren-konecz-s-tenis-raketa-just-serve-it-2\/#primaryimage"},"thumbnailUrl":"https:\/\/luxuryracketclub.com\/wp-content\/uploads\/2024\/04\/product.srebarna-grivna-just-serve-it-00-min.jpg","datePublished":"2025-03-17T13:25:15+00:00","dateModified":"2025-09-03T15:35:02+00:00","breadcrumb":{"@id":"https:\/\/luxuryracketclub.com\/ro\/p\/male-collection-grivna-ot-cheren-konecz-s-tenis-raketa-just-serve-it-2\/#breadcrumb"},"inLanguage":"ro-RO","potentialAction":[{"@type":"ReadAction","target":["https:\/\/luxuryracketclub.com\/ro\/p\/male-collection-grivna-ot-cheren-konecz-s-tenis-raketa-just-serve-it-2\/"]}]},{"@type":"ImageObject","inLanguage":"ro-RO","@id":"https:\/\/luxuryracketclub.com\/ro\/p\/male-collection-grivna-ot-cheren-konecz-s-tenis-raketa-just-serve-it-2\/#primaryimage","url":"https:\/\/luxuryracketclub.com\/wp-content\/uploads\/2024\/04\/product.srebarna-grivna-just-serve-it-00-min.jpg","contentUrl":"https:\/\/luxuryracketclub.com\/wp-content\/uploads\/2024\/04\/product.srebarna-grivna-just-serve-it-00-min.jpg","width":2000,"height":2000,"caption":"\u0421\u0440\u0435\u0431\u044a\u0440\u043d\u0430 \u0433\u0440\u0438\u0432\u043d\u0430 \"Just serve it\""},{"@type":"BreadcrumbList","@id":"https:\/\/luxuryracketclub.com\/ro\/p\/male-collection-grivna-ot-cheren-konecz-s-tenis-raketa-just-serve-it-2\/#breadcrumb","itemListElement":[{"@type":"ListItem","position":1,"name":"\u041d\u0430\u0447\u0430\u043b\u043e","item":"https:\/\/luxuryracketclub.com\/ro\/"},{"@type":"ListItem","position":2,"name":"Magazin","item":"https:\/\/luxuryracketclub.com\/ro\/magazin\/"},{"@type":"ListItem","position":3,"name":"Br\u0103\u021bar\u0103 din fir negru cu rachet\u0103 de tenis \u201eJust serve it\u201d"}]},{"@type":"WebSite","@id":"https:\/\/luxuryracketclub.com\/#website","url":"https:\/\/luxuryracketclub.com\/","name":"\u0420\u044a\u0447\u043d\u043e \u0438\u0437\u0440\u0430\u0431\u043e\u0442\u0435\u043d\u0438 \u0442\u0435\u043d\u0438\u0441 \u0431\u0438\u0436\u0443\u0442\u0430 \u0438 \u0430\u043a\u0441\u0435\u0441\u043e\u0430\u0440\u0438","description":"","potentialAction":[{"@type":"SearchAction","target":{"@type":"EntryPoint","urlTemplate":"https:\/\/luxuryracketclub.com\/?s={search_term_string}"},"query-input":{"@type":"PropertyValueSpecification","valueRequired":true,"valueName":"search_term_string"}}],"inLanguage":"ro-RO"}]}},"_links":{"self":[{"href":"https:\/\/luxuryracketclub.com\/ro\/wp-json\/wp\/v2\/product\/14515","targetHints":{"allow":["GET"]}}],"collection":[{"href":"https:\/\/luxuryracketclub.com\/ro\/wp-json\/wp\/v2\/product"}],"about":[{"href":"https:\/\/luxuryracketclub.com\/ro\/wp-json\/wp\/v2\/types\/product"}],"replies":[{"embeddable":true,"href":"https:\/\/luxuryracketclub.com\/ro\/wp-json\/wp\/v2\/comments?post=14515"}],"wp:featuredmedia":[{"embeddable":true,"href":"https:\/\/luxuryracketclub.com\/ro\/wp-json\/wp\/v2\/media\/14516"}],"wp:attachment":[{"href":"https:\/\/luxuryracketclub.com\/ro\/wp-json\/wp\/v2\/media?parent=14515"}],"wp:term":[{"taxonomy":"product_brand","embeddable":true,"href":"https:\/\/luxuryracketclub.com\/ro\/wp-json\/wp\/v2\/product_brand?post=14515"},{"taxonomy":"product_cat","embeddable":true,"href":"https:\/\/luxuryracketclub.com\/ro\/wp-json\/wp\/v2\/product_cat?post=14515"},{"taxonomy":"product_tag","embeddable":true,"href":"https:\/\/luxuryracketclub.com\/ro\/wp-json\/wp\/v2\/product_tag?post=14515"}],"curies":[{"name":"wp","href":"https:\/\/api.w.org\/{rel}","templated":true}]}}