{"id":14497,"date":"2025-03-17T15:40:52","date_gmt":"2025-03-17T13:40:52","guid":{"rendered":"https:\/\/luxuryracketclub.com\/p\/male-collection-srebarno-kolie-tenis-raketa-s-topka-match-point\/"},"modified":"2025-08-29T07:14:13","modified_gmt":"2025-08-29T04:14:13","slug":"male-collection-srebarno-kolie-tenis-raketa-s-topka-match-point","status":"publish","type":"product","link":"https:\/\/luxuryracketclub.com\/ro\/p\/male-collection-srebarno-kolie-tenis-raketa-s-topka-match-point\/","title":{"rendered":"Colier din argint cu rachet\u0103 de tenis \u0219i minge \u201eMatch point\u201d"},"content":{"rendered":"","protected":false},"excerpt":{"rendered":"<p>Pentru for\u021b\u0103 \u0219i \u00eencredere pe teren, bucura\u021bi-v\u0103 de colierul nostru \u201eMatch point\u201d, decorat cu o rachet\u0103 de tenis \u0219i o minge de tenis. Aceast\u0103 bijuterie din argint finisat\u0103 manual este compus\u0103 din dou\u0103 lan\u021buri conectate \u00eentre ele \u0219i include o \u00eencuietoare de str\u00e2ngere. Punctul culminant al acestui lan\u021b din argint finisat manual este racheta de tenis, care include un m\u00e2ner \u00een form\u0103 de inim\u0103, un \u0219nur ajurat, precum \u0219i un \u0219nur care se desf\u0103\u0219oar\u0103 de-a lungul conturului rachetei \u0219i o minge de tenis cu dungi pronun\u021bate.<\/p>\n<p><strong>LUXURY RACKET CLUB<\/strong> este art\u0103, cu aten\u021bie la fiecare detaliu.<\/p>\n","protected":false},"featured_media":14439,"comment_status":"closed","ping_status":"closed","template":"","meta":{"_acf_changed":false,"_nectar_blocks_hide_post_title":false,"_nectar_blocks_transparent_header_effect":false,"_nectar_blocks_transparent_header_effect_color":"light","_nectar_blocks_header_animation":false,"_nectar_blocks_header_animation_delay":0,"_nectar_blocks_header_animation_effect":"fade","_nectar_blocks_page_css":"","_nectar_blocks_page_js":"","inline_featured_image":false},"product_brand":[],"product_cat":[866],"product_tag":[924,908,841,976],"class_list":{"0":"post-14497","1":"product","2":"type-product","3":"status-publish","4":"has-post-thumbnail","6":"product_cat-colectie-barbati","7":"product_tag-accesorii-de-tenis","8":"product_tag-bijuterii-de-tenis","9":"product_tag-podarak-za-tenisist-ro","10":"product_tag-sportno-elegantno-kolie-ro","12":"first","13":"instock","14":"sale","15":"shipping-taxable","16":"purchasable","17":"product-type-variable"},"acf":[],"yoast_head":"<!-- This site is optimized with the Yoast SEO plugin v27.4 - https:\/\/yoast.com\/product\/yoast-seo-wordpress\/ -->\n<title>Colier din argint cu rachet\u0103 de tenis \u0219i minge \u201eMatch point\u201d - \u0420\u044a\u0447\u043d\u043e \u0438\u0437\u0440\u0430\u0431\u043e\u0442\u0435\u043d\u0438 \u0442\u0435\u043d\u0438\u0441 \u0431\u0438\u0436\u0443\u0442\u0430 \u0438 \u0430\u043a\u0441\u0435\u0441\u043e\u0430\u0440\u0438<\/title>\n<meta name=\"robots\" content=\"index, follow, max-snippet:-1, max-image-preview:large, max-video-preview:-1\" \/>\n<link rel=\"canonical\" href=\"https:\/\/luxuryracketclub.com\/ro\/p\/male-collection-srebarno-kolie-tenis-raketa-s-topka-match-point\/\" \/>\n<meta property=\"og:locale\" content=\"ro_RO\" \/>\n<meta property=\"og:type\" content=\"article\" \/>\n<meta property=\"og:title\" content=\"Colier din argint cu rachet\u0103 de tenis \u0219i minge \u201eMatch point\u201d - \u0420\u044a\u0447\u043d\u043e \u0438\u0437\u0440\u0430\u0431\u043e\u0442\u0435\u043d\u0438 \u0442\u0435\u043d\u0438\u0441 \u0431\u0438\u0436\u0443\u0442\u0430 \u0438 \u0430\u043a\u0441\u0435\u0441\u043e\u0430\u0440\u0438\" \/>\n<meta property=\"og:description\" content=\"Pentru for\u021b\u0103 \u0219i \u00eencredere pe teren, bucura\u021bi-v\u0103 de colierul nostru \u201eMatch point\u201d, decorat cu o rachet\u0103 de tenis \u0219i o minge de tenis. Aceast\u0103 bijuterie din argint finisat\u0103 manual este compus\u0103 din dou\u0103 lan\u021buri conectate \u00eentre ele \u0219i include o \u00eencuietoare de str\u00e2ngere. Punctul culminant al acestui lan\u021b din argint finisat manual este racheta de tenis, care include un m\u00e2ner \u00een form\u0103 de inim\u0103, un \u0219nur ajurat, precum \u0219i un \u0219nur care se desf\u0103\u0219oar\u0103 de-a lungul conturului rachetei \u0219i o minge de tenis cu dungi pronun\u021bate.  LUXURY RACKET CLUB este art\u0103, cu aten\u021bie la fiecare detaliu.\" \/>\n<meta property=\"og:url\" content=\"https:\/\/luxuryracketclub.com\/ro\/p\/male-collection-srebarno-kolie-tenis-raketa-s-topka-match-point\/\" \/>\n<meta property=\"og:site_name\" content=\"\u0420\u044a\u0447\u043d\u043e \u0438\u0437\u0440\u0430\u0431\u043e\u0442\u0435\u043d\u0438 \u0442\u0435\u043d\u0438\u0441 \u0431\u0438\u0436\u0443\u0442\u0430 \u0438 \u0430\u043a\u0441\u0435\u0441\u043e\u0430\u0440\u0438\" \/>\n<meta property=\"article:modified_time\" content=\"2025-08-29T04:14:13+00:00\" \/>\n<meta property=\"og:image\" content=\"https:\/\/luxuryracketclub.com\/wp-content\/uploads\/2024\/04\/product.srebarno-kolie-match-point-min.jpg\" \/>\n\t<meta property=\"og:image:width\" content=\"2160\" \/>\n\t<meta property=\"og:image:height\" content=\"2160\" \/>\n\t<meta property=\"og:image:type\" content=\"image\/jpeg\" \/>\n<meta name=\"twitter:card\" content=\"summary_large_image\" \/>\n<meta name=\"twitter:label1\" content=\"Timp estimat pentru citire\" \/>\n\t<meta name=\"twitter:data1\" content=\"1 minut\" \/>\n<script type=\"application\/ld+json\" class=\"yoast-schema-graph\">{\"@context\":\"https:\\\/\\\/schema.org\",\"@graph\":[{\"@type\":\"WebPage\",\"@id\":\"https:\\\/\\\/luxuryracketclub.com\\\/ro\\\/p\\\/male-collection-srebarno-kolie-tenis-raketa-s-topka-match-point\\\/\",\"url\":\"https:\\\/\\\/luxuryracketclub.com\\\/ro\\\/p\\\/male-collection-srebarno-kolie-tenis-raketa-s-topka-match-point\\\/\",\"name\":\"Colier din argint cu rachet\u0103 de tenis \u0219i minge \u201eMatch point\u201d - \u0420\u044a\u0447\u043d\u043e \u0438\u0437\u0440\u0430\u0431\u043e\u0442\u0435\u043d\u0438 \u0442\u0435\u043d\u0438\u0441 \u0431\u0438\u0436\u0443\u0442\u0430 \u0438 \u0430\u043a\u0441\u0435\u0441\u043e\u0430\u0440\u0438\",\"isPartOf\":{\"@id\":\"https:\\\/\\\/luxuryracketclub.com\\\/#website\"},\"primaryImageOfPage\":{\"@id\":\"https:\\\/\\\/luxuryracketclub.com\\\/ro\\\/p\\\/male-collection-srebarno-kolie-tenis-raketa-s-topka-match-point\\\/#primaryimage\"},\"image\":{\"@id\":\"https:\\\/\\\/luxuryracketclub.com\\\/ro\\\/p\\\/male-collection-srebarno-kolie-tenis-raketa-s-topka-match-point\\\/#primaryimage\"},\"thumbnailUrl\":\"https:\\\/\\\/luxuryracketclub.com\\\/wp-content\\\/uploads\\\/2024\\\/04\\\/product.srebarno-kolie-match-point-min.jpg\",\"datePublished\":\"2025-03-17T13:40:52+00:00\",\"dateModified\":\"2025-08-29T04:14:13+00:00\",\"breadcrumb\":{\"@id\":\"https:\\\/\\\/luxuryracketclub.com\\\/ro\\\/p\\\/male-collection-srebarno-kolie-tenis-raketa-s-topka-match-point\\\/#breadcrumb\"},\"inLanguage\":\"ro-RO\",\"potentialAction\":[{\"@type\":\"ReadAction\",\"target\":[\"https:\\\/\\\/luxuryracketclub.com\\\/ro\\\/p\\\/male-collection-srebarno-kolie-tenis-raketa-s-topka-match-point\\\/\"]}]},{\"@type\":\"ImageObject\",\"inLanguage\":\"ro-RO\",\"@id\":\"https:\\\/\\\/luxuryracketclub.com\\\/ro\\\/p\\\/male-collection-srebarno-kolie-tenis-raketa-s-topka-match-point\\\/#primaryimage\",\"url\":\"https:\\\/\\\/luxuryracketclub.com\\\/wp-content\\\/uploads\\\/2024\\\/04\\\/product.srebarno-kolie-match-point-min.jpg\",\"contentUrl\":\"https:\\\/\\\/luxuryracketclub.com\\\/wp-content\\\/uploads\\\/2024\\\/04\\\/product.srebarno-kolie-match-point-min.jpg\",\"width\":2160,\"height\":2160,\"caption\":\"\u0421\u0440\u0435\u0431\u044a\u0440\u043d\u043e \u043a\u043e\u043b\u0438\u0435 \\\"Match point\\\"\"},{\"@type\":\"BreadcrumbList\",\"@id\":\"https:\\\/\\\/luxuryracketclub.com\\\/ro\\\/p\\\/male-collection-srebarno-kolie-tenis-raketa-s-topka-match-point\\\/#breadcrumb\",\"itemListElement\":[{\"@type\":\"ListItem\",\"position\":1,\"name\":\"\u041d\u0430\u0447\u0430\u043b\u043e\",\"item\":\"https:\\\/\\\/luxuryracketclub.com\\\/ro\\\/\"},{\"@type\":\"ListItem\",\"position\":2,\"name\":\"Magazin\",\"item\":\"https:\\\/\\\/luxuryracketclub.com\\\/ro\\\/magazin\\\/\"},{\"@type\":\"ListItem\",\"position\":3,\"name\":\"Colier din argint cu rachet\u0103 de tenis \u0219i minge \u201eMatch point\u201d\"}]},{\"@type\":\"WebSite\",\"@id\":\"https:\\\/\\\/luxuryracketclub.com\\\/#website\",\"url\":\"https:\\\/\\\/luxuryracketclub.com\\\/\",\"name\":\"\u0420\u044a\u0447\u043d\u043e \u0438\u0437\u0440\u0430\u0431\u043e\u0442\u0435\u043d\u0438 \u0442\u0435\u043d\u0438\u0441 \u0431\u0438\u0436\u0443\u0442\u0430 \u0438 \u0430\u043a\u0441\u0435\u0441\u043e\u0430\u0440\u0438\",\"description\":\"\",\"potentialAction\":[{\"@type\":\"SearchAction\",\"target\":{\"@type\":\"EntryPoint\",\"urlTemplate\":\"https:\\\/\\\/luxuryracketclub.com\\\/?s={search_term_string}\"},\"query-input\":{\"@type\":\"PropertyValueSpecification\",\"valueRequired\":true,\"valueName\":\"search_term_string\"}}],\"inLanguage\":\"ro-RO\"}]}<\/script>\n<!-- \/ Yoast SEO plugin. -->","yoast_head_json":{"title":"Colier din argint cu rachet\u0103 de tenis \u0219i minge \u201eMatch point\u201d - \u0420\u044a\u0447\u043d\u043e \u0438\u0437\u0440\u0430\u0431\u043e\u0442\u0435\u043d\u0438 \u0442\u0435\u043d\u0438\u0441 \u0431\u0438\u0436\u0443\u0442\u0430 \u0438 \u0430\u043a\u0441\u0435\u0441\u043e\u0430\u0440\u0438","robots":{"index":"index","follow":"follow","max-snippet":"max-snippet:-1","max-image-preview":"max-image-preview:large","max-video-preview":"max-video-preview:-1"},"canonical":"https:\/\/luxuryracketclub.com\/ro\/p\/male-collection-srebarno-kolie-tenis-raketa-s-topka-match-point\/","og_locale":"ro_RO","og_type":"article","og_title":"Colier din argint cu rachet\u0103 de tenis \u0219i minge \u201eMatch point\u201d - \u0420\u044a\u0447\u043d\u043e \u0438\u0437\u0440\u0430\u0431\u043e\u0442\u0435\u043d\u0438 \u0442\u0435\u043d\u0438\u0441 \u0431\u0438\u0436\u0443\u0442\u0430 \u0438 \u0430\u043a\u0441\u0435\u0441\u043e\u0430\u0440\u0438","og_description":"Pentru for\u021b\u0103 \u0219i \u00eencredere pe teren, bucura\u021bi-v\u0103 de colierul nostru \u201eMatch point\u201d, decorat cu o rachet\u0103 de tenis \u0219i o minge de tenis. Aceast\u0103 bijuterie din argint finisat\u0103 manual este compus\u0103 din dou\u0103 lan\u021buri conectate \u00eentre ele \u0219i include o \u00eencuietoare de str\u00e2ngere. Punctul culminant al acestui lan\u021b din argint finisat manual este racheta de tenis, care include un m\u00e2ner \u00een form\u0103 de inim\u0103, un \u0219nur ajurat, precum \u0219i un \u0219nur care se desf\u0103\u0219oar\u0103 de-a lungul conturului rachetei \u0219i o minge de tenis cu dungi pronun\u021bate.  LUXURY RACKET CLUB este art\u0103, cu aten\u021bie la fiecare detaliu.","og_url":"https:\/\/luxuryracketclub.com\/ro\/p\/male-collection-srebarno-kolie-tenis-raketa-s-topka-match-point\/","og_site_name":"\u0420\u044a\u0447\u043d\u043e \u0438\u0437\u0440\u0430\u0431\u043e\u0442\u0435\u043d\u0438 \u0442\u0435\u043d\u0438\u0441 \u0431\u0438\u0436\u0443\u0442\u0430 \u0438 \u0430\u043a\u0441\u0435\u0441\u043e\u0430\u0440\u0438","article_modified_time":"2025-08-29T04:14:13+00:00","og_image":[{"width":2160,"height":2160,"url":"https:\/\/luxuryracketclub.com\/wp-content\/uploads\/2024\/04\/product.srebarno-kolie-match-point-min.jpg","type":"image\/jpeg"}],"twitter_card":"summary_large_image","twitter_misc":{"Timp estimat pentru citire":"1 minut"},"schema":{"@context":"https:\/\/schema.org","@graph":[{"@type":"WebPage","@id":"https:\/\/luxuryracketclub.com\/ro\/p\/male-collection-srebarno-kolie-tenis-raketa-s-topka-match-point\/","url":"https:\/\/luxuryracketclub.com\/ro\/p\/male-collection-srebarno-kolie-tenis-raketa-s-topka-match-point\/","name":"Colier din argint cu rachet\u0103 de tenis \u0219i minge \u201eMatch point\u201d - \u0420\u044a\u0447\u043d\u043e \u0438\u0437\u0440\u0430\u0431\u043e\u0442\u0435\u043d\u0438 \u0442\u0435\u043d\u0438\u0441 \u0431\u0438\u0436\u0443\u0442\u0430 \u0438 \u0430\u043a\u0441\u0435\u0441\u043e\u0430\u0440\u0438","isPartOf":{"@id":"https:\/\/luxuryracketclub.com\/#website"},"primaryImageOfPage":{"@id":"https:\/\/luxuryracketclub.com\/ro\/p\/male-collection-srebarno-kolie-tenis-raketa-s-topka-match-point\/#primaryimage"},"image":{"@id":"https:\/\/luxuryracketclub.com\/ro\/p\/male-collection-srebarno-kolie-tenis-raketa-s-topka-match-point\/#primaryimage"},"thumbnailUrl":"https:\/\/luxuryracketclub.com\/wp-content\/uploads\/2024\/04\/product.srebarno-kolie-match-point-min.jpg","datePublished":"2025-03-17T13:40:52+00:00","dateModified":"2025-08-29T04:14:13+00:00","breadcrumb":{"@id":"https:\/\/luxuryracketclub.com\/ro\/p\/male-collection-srebarno-kolie-tenis-raketa-s-topka-match-point\/#breadcrumb"},"inLanguage":"ro-RO","potentialAction":[{"@type":"ReadAction","target":["https:\/\/luxuryracketclub.com\/ro\/p\/male-collection-srebarno-kolie-tenis-raketa-s-topka-match-point\/"]}]},{"@type":"ImageObject","inLanguage":"ro-RO","@id":"https:\/\/luxuryracketclub.com\/ro\/p\/male-collection-srebarno-kolie-tenis-raketa-s-topka-match-point\/#primaryimage","url":"https:\/\/luxuryracketclub.com\/wp-content\/uploads\/2024\/04\/product.srebarno-kolie-match-point-min.jpg","contentUrl":"https:\/\/luxuryracketclub.com\/wp-content\/uploads\/2024\/04\/product.srebarno-kolie-match-point-min.jpg","width":2160,"height":2160,"caption":"\u0421\u0440\u0435\u0431\u044a\u0440\u043d\u043e \u043a\u043e\u043b\u0438\u0435 \"Match point\""},{"@type":"BreadcrumbList","@id":"https:\/\/luxuryracketclub.com\/ro\/p\/male-collection-srebarno-kolie-tenis-raketa-s-topka-match-point\/#breadcrumb","itemListElement":[{"@type":"ListItem","position":1,"name":"\u041d\u0430\u0447\u0430\u043b\u043e","item":"https:\/\/luxuryracketclub.com\/ro\/"},{"@type":"ListItem","position":2,"name":"Magazin","item":"https:\/\/luxuryracketclub.com\/ro\/magazin\/"},{"@type":"ListItem","position":3,"name":"Colier din argint cu rachet\u0103 de tenis \u0219i minge \u201eMatch point\u201d"}]},{"@type":"WebSite","@id":"https:\/\/luxuryracketclub.com\/#website","url":"https:\/\/luxuryracketclub.com\/","name":"\u0420\u044a\u0447\u043d\u043e \u0438\u0437\u0440\u0430\u0431\u043e\u0442\u0435\u043d\u0438 \u0442\u0435\u043d\u0438\u0441 \u0431\u0438\u0436\u0443\u0442\u0430 \u0438 \u0430\u043a\u0441\u0435\u0441\u043e\u0430\u0440\u0438","description":"","potentialAction":[{"@type":"SearchAction","target":{"@type":"EntryPoint","urlTemplate":"https:\/\/luxuryracketclub.com\/?s={search_term_string}"},"query-input":{"@type":"PropertyValueSpecification","valueRequired":true,"valueName":"search_term_string"}}],"inLanguage":"ro-RO"}]}},"_links":{"self":[{"href":"https:\/\/luxuryracketclub.com\/ro\/wp-json\/wp\/v2\/product\/14497","targetHints":{"allow":["GET"]}}],"collection":[{"href":"https:\/\/luxuryracketclub.com\/ro\/wp-json\/wp\/v2\/product"}],"about":[{"href":"https:\/\/luxuryracketclub.com\/ro\/wp-json\/wp\/v2\/types\/product"}],"replies":[{"embeddable":true,"href":"https:\/\/luxuryracketclub.com\/ro\/wp-json\/wp\/v2\/comments?post=14497"}],"wp:featuredmedia":[{"embeddable":true,"href":"https:\/\/luxuryracketclub.com\/ro\/wp-json\/wp\/v2\/media\/14439"}],"wp:attachment":[{"href":"https:\/\/luxuryracketclub.com\/ro\/wp-json\/wp\/v2\/media?parent=14497"}],"wp:term":[{"taxonomy":"product_brand","embeddable":true,"href":"https:\/\/luxuryracketclub.com\/ro\/wp-json\/wp\/v2\/product_brand?post=14497"},{"taxonomy":"product_cat","embeddable":true,"href":"https:\/\/luxuryracketclub.com\/ro\/wp-json\/wp\/v2\/product_cat?post=14497"},{"taxonomy":"product_tag","embeddable":true,"href":"https:\/\/luxuryracketclub.com\/ro\/wp-json\/wp\/v2\/product_tag?post=14497"}],"curies":[{"name":"wp","href":"https:\/\/api.w.org\/{rel}","templated":true}]}}