{"id":14487,"date":"2025-03-17T15:54:05","date_gmt":"2025-03-17T13:54:05","guid":{"rendered":"https:\/\/luxuryracketclub.com\/p\/male-collection-srebarna-grivna-s-tenis-raketa-i-topka-match-point\/"},"modified":"2025-08-29T07:12:33","modified_gmt":"2025-08-29T04:12:33","slug":"male-collection-srebarna-grivna-s-tenis-raketa-i-topka-match-point","status":"publish","type":"product","link":"https:\/\/luxuryracketclub.com\/ro\/p\/male-collection-srebarna-grivna-s-tenis-raketa-i-topka-match-point\/","title":{"rendered":"Br\u0103\u021bar\u0103 din argint cu rachet\u0103 \u0219i minge de tenis \u201eMatch point\u201d"},"content":{"rendered":"","protected":false},"excerpt":{"rendered":"<p>Pentru for\u021b\u0103 \u0219i \u00eencredere pe teren, bucura\u021bi-v\u0103 de br\u0103\u021bara noastr\u0103 cu lan\u021b Match point, decorat\u0103 cu o rachet\u0103 de tenis \u0219i o minge de tenis. Br\u0103\u021bara, alc\u0103tuit\u0103 din dou\u0103 lan\u021buri interconectate, include o \u00eencuietoare de str\u00e2ngere. Punctul culminant al acestui lan\u021b din argint finisat manual este racheta de tenis, care include un m\u00e2ner \u00een form\u0103 de inim\u0103, un \u0219nur ajurat, precum \u0219i un \u0219nur care se \u00eentinde de-a lungul conturului rachetei \u0219i o minge de tenis cu dungi pronun\u021bate.<\/p>\n<p><strong>LUXURY RACKET CLUB<\/strong> este art\u0103, cu aten\u021bie la fiecare detaliu.<\/p>\n","protected":false},"featured_media":14112,"comment_status":"open","ping_status":"closed","template":"","meta":{"_acf_changed":false,"_nectar_blocks_hide_post_title":false,"_nectar_blocks_transparent_header_effect":false,"_nectar_blocks_transparent_header_effect_color":"light","_nectar_blocks_header_animation":false,"_nectar_blocks_header_animation_delay":0,"_nectar_blocks_header_animation_effect":"fade","_nectar_blocks_page_css":"","_nectar_blocks_page_js":"","inline_featured_image":false},"product_brand":[],"product_cat":[866],"product_tag":[924,908,1031,841,1006],"class_list":{"0":"post-14487","1":"product","2":"type-product","3":"status-publish","4":"has-post-thumbnail","6":"product_cat-colectie-barbati","7":"product_tag-accesorii-de-tenis","8":"product_tag-bijuterii-de-tenis","9":"product_tag-racheta-de-tenis-din-argint","10":"product_tag-podarak-za-tenisist-ro","11":"product_tag-srebarna-grivna-ro","13":"first","14":"instock","15":"sale","16":"shipping-taxable","17":"purchasable","18":"product-type-variable"},"acf":[],"yoast_head":"<!-- This site is optimized with the Yoast SEO plugin v27.4 - https:\/\/yoast.com\/product\/yoast-seo-wordpress\/ -->\n<title>Br\u0103\u021bar\u0103 din argint cu rachet\u0103 \u0219i minge de tenis \u201eMatch point\u201d - \u0420\u044a\u0447\u043d\u043e \u0438\u0437\u0440\u0430\u0431\u043e\u0442\u0435\u043d\u0438 \u0442\u0435\u043d\u0438\u0441 \u0431\u0438\u0436\u0443\u0442\u0430 \u0438 \u0430\u043a\u0441\u0435\u0441\u043e\u0430\u0440\u0438<\/title>\n<meta name=\"robots\" content=\"index, follow, max-snippet:-1, max-image-preview:large, max-video-preview:-1\" \/>\n<link rel=\"canonical\" href=\"https:\/\/luxuryracketclub.com\/ro\/p\/male-collection-srebarna-grivna-s-tenis-raketa-i-topka-match-point\/\" \/>\n<meta property=\"og:locale\" content=\"ro_RO\" \/>\n<meta property=\"og:type\" content=\"article\" \/>\n<meta property=\"og:title\" content=\"Br\u0103\u021bar\u0103 din argint cu rachet\u0103 \u0219i minge de tenis \u201eMatch point\u201d - \u0420\u044a\u0447\u043d\u043e \u0438\u0437\u0440\u0430\u0431\u043e\u0442\u0435\u043d\u0438 \u0442\u0435\u043d\u0438\u0441 \u0431\u0438\u0436\u0443\u0442\u0430 \u0438 \u0430\u043a\u0441\u0435\u0441\u043e\u0430\u0440\u0438\" \/>\n<meta property=\"og:description\" content=\"Pentru for\u021b\u0103 \u0219i \u00eencredere pe teren, bucura\u021bi-v\u0103 de br\u0103\u021bara noastr\u0103 cu lan\u021b Match point, decorat\u0103 cu o rachet\u0103 de tenis \u0219i o minge de tenis. Br\u0103\u021bara, alc\u0103tuit\u0103 din dou\u0103 lan\u021buri interconectate, include o \u00eencuietoare de str\u00e2ngere. Punctul culminant al acestui lan\u021b din argint finisat manual este racheta de tenis, care include un m\u00e2ner \u00een form\u0103 de inim\u0103, un \u0219nur ajurat, precum \u0219i un \u0219nur care se \u00eentinde de-a lungul conturului rachetei \u0219i o minge de tenis cu dungi pronun\u021bate.  LUXURY RACKET CLUB este art\u0103, cu aten\u021bie la fiecare detaliu.\" \/>\n<meta property=\"og:url\" content=\"https:\/\/luxuryracketclub.com\/ro\/p\/male-collection-srebarna-grivna-s-tenis-raketa-i-topka-match-point\/\" \/>\n<meta property=\"og:site_name\" content=\"\u0420\u044a\u0447\u043d\u043e \u0438\u0437\u0440\u0430\u0431\u043e\u0442\u0435\u043d\u0438 \u0442\u0435\u043d\u0438\u0441 \u0431\u0438\u0436\u0443\u0442\u0430 \u0438 \u0430\u043a\u0441\u0435\u0441\u043e\u0430\u0440\u0438\" \/>\n<meta property=\"article:modified_time\" content=\"2025-08-29T04:12:33+00:00\" \/>\n<meta property=\"og:image\" content=\"https:\/\/luxuryracketclub.com\/wp-content\/uploads\/2023\/07\/product.srebarna-grivna-match-point-min.jpg\" \/>\n\t<meta property=\"og:image:width\" content=\"1708\" \/>\n\t<meta property=\"og:image:height\" content=\"1708\" \/>\n\t<meta property=\"og:image:type\" content=\"image\/jpeg\" \/>\n<meta name=\"twitter:card\" content=\"summary_large_image\" \/>\n<meta name=\"twitter:label1\" content=\"Timp estimat pentru citire\" \/>\n\t<meta name=\"twitter:data1\" content=\"1 minut\" \/>\n<script type=\"application\/ld+json\" class=\"yoast-schema-graph\">{\"@context\":\"https:\\\/\\\/schema.org\",\"@graph\":[{\"@type\":\"WebPage\",\"@id\":\"https:\\\/\\\/luxuryracketclub.com\\\/ro\\\/p\\\/male-collection-srebarna-grivna-s-tenis-raketa-i-topka-match-point\\\/\",\"url\":\"https:\\\/\\\/luxuryracketclub.com\\\/ro\\\/p\\\/male-collection-srebarna-grivna-s-tenis-raketa-i-topka-match-point\\\/\",\"name\":\"Br\u0103\u021bar\u0103 din argint cu rachet\u0103 \u0219i minge de tenis \u201eMatch point\u201d - \u0420\u044a\u0447\u043d\u043e \u0438\u0437\u0440\u0430\u0431\u043e\u0442\u0435\u043d\u0438 \u0442\u0435\u043d\u0438\u0441 \u0431\u0438\u0436\u0443\u0442\u0430 \u0438 \u0430\u043a\u0441\u0435\u0441\u043e\u0430\u0440\u0438\",\"isPartOf\":{\"@id\":\"https:\\\/\\\/luxuryracketclub.com\\\/#website\"},\"primaryImageOfPage\":{\"@id\":\"https:\\\/\\\/luxuryracketclub.com\\\/ro\\\/p\\\/male-collection-srebarna-grivna-s-tenis-raketa-i-topka-match-point\\\/#primaryimage\"},\"image\":{\"@id\":\"https:\\\/\\\/luxuryracketclub.com\\\/ro\\\/p\\\/male-collection-srebarna-grivna-s-tenis-raketa-i-topka-match-point\\\/#primaryimage\"},\"thumbnailUrl\":\"https:\\\/\\\/luxuryracketclub.com\\\/wp-content\\\/uploads\\\/2023\\\/07\\\/product.srebarna-grivna-match-point-min.jpg\",\"datePublished\":\"2025-03-17T13:54:05+00:00\",\"dateModified\":\"2025-08-29T04:12:33+00:00\",\"breadcrumb\":{\"@id\":\"https:\\\/\\\/luxuryracketclub.com\\\/ro\\\/p\\\/male-collection-srebarna-grivna-s-tenis-raketa-i-topka-match-point\\\/#breadcrumb\"},\"inLanguage\":\"ro-RO\",\"potentialAction\":[{\"@type\":\"ReadAction\",\"target\":[\"https:\\\/\\\/luxuryracketclub.com\\\/ro\\\/p\\\/male-collection-srebarna-grivna-s-tenis-raketa-i-topka-match-point\\\/\"]}]},{\"@type\":\"ImageObject\",\"inLanguage\":\"ro-RO\",\"@id\":\"https:\\\/\\\/luxuryracketclub.com\\\/ro\\\/p\\\/male-collection-srebarna-grivna-s-tenis-raketa-i-topka-match-point\\\/#primaryimage\",\"url\":\"https:\\\/\\\/luxuryracketclub.com\\\/wp-content\\\/uploads\\\/2023\\\/07\\\/product.srebarna-grivna-match-point-min.jpg\",\"contentUrl\":\"https:\\\/\\\/luxuryracketclub.com\\\/wp-content\\\/uploads\\\/2023\\\/07\\\/product.srebarna-grivna-match-point-min.jpg\",\"width\":1708,\"height\":1708,\"caption\":\"\u0421\u0440\u0435\u0431\u044a\u0440\u043d\u0430 \u0433\u0440\u0438\u0432\u043d\u0430 \\\"Match point\\\"\"},{\"@type\":\"BreadcrumbList\",\"@id\":\"https:\\\/\\\/luxuryracketclub.com\\\/ro\\\/p\\\/male-collection-srebarna-grivna-s-tenis-raketa-i-topka-match-point\\\/#breadcrumb\",\"itemListElement\":[{\"@type\":\"ListItem\",\"position\":1,\"name\":\"\u041d\u0430\u0447\u0430\u043b\u043e\",\"item\":\"https:\\\/\\\/luxuryracketclub.com\\\/ro\\\/\"},{\"@type\":\"ListItem\",\"position\":2,\"name\":\"Magazin\",\"item\":\"https:\\\/\\\/luxuryracketclub.com\\\/ro\\\/magazin\\\/\"},{\"@type\":\"ListItem\",\"position\":3,\"name\":\"Br\u0103\u021bar\u0103 din argint cu rachet\u0103 \u0219i minge de tenis \u201eMatch point\u201d\"}]},{\"@type\":\"WebSite\",\"@id\":\"https:\\\/\\\/luxuryracketclub.com\\\/#website\",\"url\":\"https:\\\/\\\/luxuryracketclub.com\\\/\",\"name\":\"\u0420\u044a\u0447\u043d\u043e \u0438\u0437\u0440\u0430\u0431\u043e\u0442\u0435\u043d\u0438 \u0442\u0435\u043d\u0438\u0441 \u0431\u0438\u0436\u0443\u0442\u0430 \u0438 \u0430\u043a\u0441\u0435\u0441\u043e\u0430\u0440\u0438\",\"description\":\"\",\"potentialAction\":[{\"@type\":\"SearchAction\",\"target\":{\"@type\":\"EntryPoint\",\"urlTemplate\":\"https:\\\/\\\/luxuryracketclub.com\\\/?s={search_term_string}\"},\"query-input\":{\"@type\":\"PropertyValueSpecification\",\"valueRequired\":true,\"valueName\":\"search_term_string\"}}],\"inLanguage\":\"ro-RO\"}]}<\/script>\n<!-- \/ Yoast SEO plugin. -->","yoast_head_json":{"title":"Br\u0103\u021bar\u0103 din argint cu rachet\u0103 \u0219i minge de tenis \u201eMatch point\u201d - \u0420\u044a\u0447\u043d\u043e \u0438\u0437\u0440\u0430\u0431\u043e\u0442\u0435\u043d\u0438 \u0442\u0435\u043d\u0438\u0441 \u0431\u0438\u0436\u0443\u0442\u0430 \u0438 \u0430\u043a\u0441\u0435\u0441\u043e\u0430\u0440\u0438","robots":{"index":"index","follow":"follow","max-snippet":"max-snippet:-1","max-image-preview":"max-image-preview:large","max-video-preview":"max-video-preview:-1"},"canonical":"https:\/\/luxuryracketclub.com\/ro\/p\/male-collection-srebarna-grivna-s-tenis-raketa-i-topka-match-point\/","og_locale":"ro_RO","og_type":"article","og_title":"Br\u0103\u021bar\u0103 din argint cu rachet\u0103 \u0219i minge de tenis \u201eMatch point\u201d - \u0420\u044a\u0447\u043d\u043e \u0438\u0437\u0440\u0430\u0431\u043e\u0442\u0435\u043d\u0438 \u0442\u0435\u043d\u0438\u0441 \u0431\u0438\u0436\u0443\u0442\u0430 \u0438 \u0430\u043a\u0441\u0435\u0441\u043e\u0430\u0440\u0438","og_description":"Pentru for\u021b\u0103 \u0219i \u00eencredere pe teren, bucura\u021bi-v\u0103 de br\u0103\u021bara noastr\u0103 cu lan\u021b Match point, decorat\u0103 cu o rachet\u0103 de tenis \u0219i o minge de tenis. Br\u0103\u021bara, alc\u0103tuit\u0103 din dou\u0103 lan\u021buri interconectate, include o \u00eencuietoare de str\u00e2ngere. Punctul culminant al acestui lan\u021b din argint finisat manual este racheta de tenis, care include un m\u00e2ner \u00een form\u0103 de inim\u0103, un \u0219nur ajurat, precum \u0219i un \u0219nur care se \u00eentinde de-a lungul conturului rachetei \u0219i o minge de tenis cu dungi pronun\u021bate.  LUXURY RACKET CLUB este art\u0103, cu aten\u021bie la fiecare detaliu.","og_url":"https:\/\/luxuryracketclub.com\/ro\/p\/male-collection-srebarna-grivna-s-tenis-raketa-i-topka-match-point\/","og_site_name":"\u0420\u044a\u0447\u043d\u043e \u0438\u0437\u0440\u0430\u0431\u043e\u0442\u0435\u043d\u0438 \u0442\u0435\u043d\u0438\u0441 \u0431\u0438\u0436\u0443\u0442\u0430 \u0438 \u0430\u043a\u0441\u0435\u0441\u043e\u0430\u0440\u0438","article_modified_time":"2025-08-29T04:12:33+00:00","og_image":[{"width":1708,"height":1708,"url":"https:\/\/luxuryracketclub.com\/wp-content\/uploads\/2023\/07\/product.srebarna-grivna-match-point-min.jpg","type":"image\/jpeg"}],"twitter_card":"summary_large_image","twitter_misc":{"Timp estimat pentru citire":"1 minut"},"schema":{"@context":"https:\/\/schema.org","@graph":[{"@type":"WebPage","@id":"https:\/\/luxuryracketclub.com\/ro\/p\/male-collection-srebarna-grivna-s-tenis-raketa-i-topka-match-point\/","url":"https:\/\/luxuryracketclub.com\/ro\/p\/male-collection-srebarna-grivna-s-tenis-raketa-i-topka-match-point\/","name":"Br\u0103\u021bar\u0103 din argint cu rachet\u0103 \u0219i minge de tenis \u201eMatch point\u201d - \u0420\u044a\u0447\u043d\u043e \u0438\u0437\u0440\u0430\u0431\u043e\u0442\u0435\u043d\u0438 \u0442\u0435\u043d\u0438\u0441 \u0431\u0438\u0436\u0443\u0442\u0430 \u0438 \u0430\u043a\u0441\u0435\u0441\u043e\u0430\u0440\u0438","isPartOf":{"@id":"https:\/\/luxuryracketclub.com\/#website"},"primaryImageOfPage":{"@id":"https:\/\/luxuryracketclub.com\/ro\/p\/male-collection-srebarna-grivna-s-tenis-raketa-i-topka-match-point\/#primaryimage"},"image":{"@id":"https:\/\/luxuryracketclub.com\/ro\/p\/male-collection-srebarna-grivna-s-tenis-raketa-i-topka-match-point\/#primaryimage"},"thumbnailUrl":"https:\/\/luxuryracketclub.com\/wp-content\/uploads\/2023\/07\/product.srebarna-grivna-match-point-min.jpg","datePublished":"2025-03-17T13:54:05+00:00","dateModified":"2025-08-29T04:12:33+00:00","breadcrumb":{"@id":"https:\/\/luxuryracketclub.com\/ro\/p\/male-collection-srebarna-grivna-s-tenis-raketa-i-topka-match-point\/#breadcrumb"},"inLanguage":"ro-RO","potentialAction":[{"@type":"ReadAction","target":["https:\/\/luxuryracketclub.com\/ro\/p\/male-collection-srebarna-grivna-s-tenis-raketa-i-topka-match-point\/"]}]},{"@type":"ImageObject","inLanguage":"ro-RO","@id":"https:\/\/luxuryracketclub.com\/ro\/p\/male-collection-srebarna-grivna-s-tenis-raketa-i-topka-match-point\/#primaryimage","url":"https:\/\/luxuryracketclub.com\/wp-content\/uploads\/2023\/07\/product.srebarna-grivna-match-point-min.jpg","contentUrl":"https:\/\/luxuryracketclub.com\/wp-content\/uploads\/2023\/07\/product.srebarna-grivna-match-point-min.jpg","width":1708,"height":1708,"caption":"\u0421\u0440\u0435\u0431\u044a\u0440\u043d\u0430 \u0433\u0440\u0438\u0432\u043d\u0430 \"Match point\""},{"@type":"BreadcrumbList","@id":"https:\/\/luxuryracketclub.com\/ro\/p\/male-collection-srebarna-grivna-s-tenis-raketa-i-topka-match-point\/#breadcrumb","itemListElement":[{"@type":"ListItem","position":1,"name":"\u041d\u0430\u0447\u0430\u043b\u043e","item":"https:\/\/luxuryracketclub.com\/ro\/"},{"@type":"ListItem","position":2,"name":"Magazin","item":"https:\/\/luxuryracketclub.com\/ro\/magazin\/"},{"@type":"ListItem","position":3,"name":"Br\u0103\u021bar\u0103 din argint cu rachet\u0103 \u0219i minge de tenis \u201eMatch point\u201d"}]},{"@type":"WebSite","@id":"https:\/\/luxuryracketclub.com\/#website","url":"https:\/\/luxuryracketclub.com\/","name":"\u0420\u044a\u0447\u043d\u043e \u0438\u0437\u0440\u0430\u0431\u043e\u0442\u0435\u043d\u0438 \u0442\u0435\u043d\u0438\u0441 \u0431\u0438\u0436\u0443\u0442\u0430 \u0438 \u0430\u043a\u0441\u0435\u0441\u043e\u0430\u0440\u0438","description":"","potentialAction":[{"@type":"SearchAction","target":{"@type":"EntryPoint","urlTemplate":"https:\/\/luxuryracketclub.com\/?s={search_term_string}"},"query-input":{"@type":"PropertyValueSpecification","valueRequired":true,"valueName":"search_term_string"}}],"inLanguage":"ro-RO"}]}},"_links":{"self":[{"href":"https:\/\/luxuryracketclub.com\/ro\/wp-json\/wp\/v2\/product\/14487","targetHints":{"allow":["GET"]}}],"collection":[{"href":"https:\/\/luxuryracketclub.com\/ro\/wp-json\/wp\/v2\/product"}],"about":[{"href":"https:\/\/luxuryracketclub.com\/ro\/wp-json\/wp\/v2\/types\/product"}],"replies":[{"embeddable":true,"href":"https:\/\/luxuryracketclub.com\/ro\/wp-json\/wp\/v2\/comments?post=14487"}],"wp:featuredmedia":[{"embeddable":true,"href":"https:\/\/luxuryracketclub.com\/ro\/wp-json\/wp\/v2\/media\/14112"}],"wp:attachment":[{"href":"https:\/\/luxuryracketclub.com\/ro\/wp-json\/wp\/v2\/media?parent=14487"}],"wp:term":[{"taxonomy":"product_brand","embeddable":true,"href":"https:\/\/luxuryracketclub.com\/ro\/wp-json\/wp\/v2\/product_brand?post=14487"},{"taxonomy":"product_cat","embeddable":true,"href":"https:\/\/luxuryracketclub.com\/ro\/wp-json\/wp\/v2\/product_cat?post=14487"},{"taxonomy":"product_tag","embeddable":true,"href":"https:\/\/luxuryracketclub.com\/ro\/wp-json\/wp\/v2\/product_tag?post=14487"}],"curies":[{"name":"wp","href":"https:\/\/api.w.org\/{rel}","templated":true}]}}