{"id":14485,"date":"2025-03-17T20:45:42","date_gmt":"2025-03-17T18:45:42","guid":{"rendered":"https:\/\/luxuryracketclub.com\/p\/male-collection-zlatna-grivna-s-tenis-raketa-kiss-my-ace\/"},"modified":"2025-08-29T07:12:06","modified_gmt":"2025-08-29T04:12:06","slug":"male-collection-zlatna-grivna-s-tenis-raketa-kiss-my-ace","status":"publish","type":"product","link":"https:\/\/luxuryracketclub.com\/ro\/p\/male-collection-zlatna-grivna-s-tenis-raketa-kiss-my-ace\/","title":{"rendered":"Br\u0103\u021bar\u0103 de aur cu rachet\u0103 de tenis \u201eKiss my ACE\u201d"},"content":{"rendered":"","protected":false},"excerpt":{"rendered":"<p>P\u0103streaz\u0103-\u021bi realiz\u0103rile aproape de inim\u0103 cu aceast\u0103 br\u0103\u021bar\u0103 rafinat\u0103 din aur galben de 14K \u201eKiss my ACE\u201d. Aceast\u0103 br\u0103\u021bar\u0103 lucrat\u0103 manual prezint\u0103 o rachet\u0103 de tenis \u00een form\u0103 de inim\u0103, cu \u0219nururi ajurate, \u0219i o minge de tenis de 14K. Realizat\u0103 cu m\u0103iestrie din aur galben de 14K, \u201eDragostea\u201d poate s\u0103 nu \u00eensemne nimic \u00een tenis, dar dragostea noastr\u0103 pentru acest sport \u00eenseamn\u0103 totul!<\/p>\n<p><strong>LUXURY RACKET CLUB<\/strong> este o form\u0103 de art\u0103 cu aten\u021bie la fiecare detaliu.<\/p>\n","protected":false},"featured_media":14048,"comment_status":"open","ping_status":"closed","template":"","meta":{"_acf_changed":false,"_nectar_blocks_hide_post_title":false,"_nectar_blocks_transparent_header_effect":false,"_nectar_blocks_transparent_header_effect_color":"light","_nectar_blocks_header_animation":false,"_nectar_blocks_header_animation_delay":0,"_nectar_blocks_header_animation_effect":"fade","_nectar_blocks_page_css":"","_nectar_blocks_page_js":"","inline_featured_image":false},"product_brand":[],"product_cat":[866],"product_tag":[842,930,931,932,933,934,935,841,936,937,938,939,940,941,1037,942,943,944,945],"class_list":{"0":"post-14485","1":"product","2":"type-product","3":"status-publish","4":"has-post-thumbnail","6":"product_cat-colectie-barbati","7":"product_tag-bijuterii-de-jucatori-de-tenis","8":"product_tag-grivna-za-lyubiteli-na-tenisa-ro","9":"product_tag-grivna-s-tenis-aksesoari-ro","10":"product_tag-grivna-s-tenis-raketa-ro","11":"product_tag-grivna-s-tenis-topka-ro","12":"product_tag-zlatna-grivna-ro","13":"product_tag-zlatna-tenis-raketa-ro","14":"product_tag-podarak-za-tenisist-ro","15":"product_tag-rachna-izrabotka-ro","16":"product_tag-sportna-grivna-s-tenis-simvoli-ro","17":"product_tag-sportno-elegantna-grivna-ro","18":"product_tag-srebarna-tenis-grivna-ro","19":"product_tag-stilna-tenis-grivna-ro","20":"product_tag-tenis-grivna-ro","21":"product_tag-tenis-grivna-za-mazhe-ro","22":"product_tag-tenis-grivna-za-mazhe-i-zheni-ro","23":"product_tag-tenis-grivna-za-fenove-na-sporta-ro","24":"product_tag-tenis-grivna-s-raketa-ro","25":"product_tag-tenis-grivna-s-topka-ro","27":"first","28":"instock","29":"shipping-taxable","30":"purchasable","31":"product-type-variable"},"acf":[],"yoast_head":"<!-- This site is optimized with the Yoast SEO plugin v27.4 - https:\/\/yoast.com\/product\/yoast-seo-wordpress\/ -->\n<title>Br\u0103\u021bar\u0103 de aur cu rachet\u0103 de tenis \u201eKiss my ACE\u201d - \u0420\u044a\u0447\u043d\u043e \u0438\u0437\u0440\u0430\u0431\u043e\u0442\u0435\u043d\u0438 \u0442\u0435\u043d\u0438\u0441 \u0431\u0438\u0436\u0443\u0442\u0430 \u0438 \u0430\u043a\u0441\u0435\u0441\u043e\u0430\u0440\u0438<\/title>\n<meta name=\"robots\" content=\"index, follow, max-snippet:-1, max-image-preview:large, max-video-preview:-1\" \/>\n<link rel=\"canonical\" href=\"https:\/\/luxuryracketclub.com\/ro\/p\/male-collection-zlatna-grivna-s-tenis-raketa-kiss-my-ace\/\" \/>\n<meta property=\"og:locale\" content=\"ro_RO\" \/>\n<meta property=\"og:type\" content=\"article\" \/>\n<meta property=\"og:title\" content=\"Br\u0103\u021bar\u0103 de aur cu rachet\u0103 de tenis \u201eKiss my ACE\u201d - \u0420\u044a\u0447\u043d\u043e \u0438\u0437\u0440\u0430\u0431\u043e\u0442\u0435\u043d\u0438 \u0442\u0435\u043d\u0438\u0441 \u0431\u0438\u0436\u0443\u0442\u0430 \u0438 \u0430\u043a\u0441\u0435\u0441\u043e\u0430\u0440\u0438\" \/>\n<meta property=\"og:description\" content=\"P\u0103streaz\u0103-\u021bi realiz\u0103rile aproape de inim\u0103 cu aceast\u0103 br\u0103\u021bar\u0103 rafinat\u0103 din aur galben de 14K \u201eKiss my ACE\u201d. Aceast\u0103 br\u0103\u021bar\u0103 lucrat\u0103 manual prezint\u0103 o rachet\u0103 de tenis \u00een form\u0103 de inim\u0103, cu \u0219nururi ajurate, \u0219i o minge de tenis de 14K. Realizat\u0103 cu m\u0103iestrie din aur galben de 14K, \u201eDragostea\u201d poate s\u0103 nu \u00eensemne nimic \u00een tenis, dar dragostea noastr\u0103 pentru acest sport \u00eenseamn\u0103 totul!  LUXURY RACKET CLUB este o form\u0103 de art\u0103 cu aten\u021bie la fiecare detaliu.\" \/>\n<meta property=\"og:url\" content=\"https:\/\/luxuryracketclub.com\/ro\/p\/male-collection-zlatna-grivna-s-tenis-raketa-kiss-my-ace\/\" \/>\n<meta property=\"og:site_name\" content=\"\u0420\u044a\u0447\u043d\u043e \u0438\u0437\u0440\u0430\u0431\u043e\u0442\u0435\u043d\u0438 \u0442\u0435\u043d\u0438\u0441 \u0431\u0438\u0436\u0443\u0442\u0430 \u0438 \u0430\u043a\u0441\u0435\u0441\u043e\u0430\u0440\u0438\" \/>\n<meta property=\"article:modified_time\" content=\"2025-08-29T04:12:06+00:00\" \/>\n<meta property=\"og:image\" content=\"https:\/\/luxuryracketclub.com\/wp-content\/uploads\/2023\/07\/product.zlatna-grivna-kiss-my-ace-min.jpg\" \/>\n\t<meta property=\"og:image:width\" content=\"2000\" \/>\n\t<meta property=\"og:image:height\" content=\"2000\" \/>\n\t<meta property=\"og:image:type\" content=\"image\/jpeg\" \/>\n<meta name=\"twitter:card\" content=\"summary_large_image\" \/>\n<meta name=\"twitter:label1\" content=\"Timp estimat pentru citire\" \/>\n\t<meta name=\"twitter:data1\" content=\"1 minut\" \/>\n<script type=\"application\/ld+json\" class=\"yoast-schema-graph\">{\"@context\":\"https:\\\/\\\/schema.org\",\"@graph\":[{\"@type\":\"WebPage\",\"@id\":\"https:\\\/\\\/luxuryracketclub.com\\\/ro\\\/p\\\/male-collection-zlatna-grivna-s-tenis-raketa-kiss-my-ace\\\/\",\"url\":\"https:\\\/\\\/luxuryracketclub.com\\\/ro\\\/p\\\/male-collection-zlatna-grivna-s-tenis-raketa-kiss-my-ace\\\/\",\"name\":\"Br\u0103\u021bar\u0103 de aur cu rachet\u0103 de tenis \u201eKiss my ACE\u201d - \u0420\u044a\u0447\u043d\u043e \u0438\u0437\u0440\u0430\u0431\u043e\u0442\u0435\u043d\u0438 \u0442\u0435\u043d\u0438\u0441 \u0431\u0438\u0436\u0443\u0442\u0430 \u0438 \u0430\u043a\u0441\u0435\u0441\u043e\u0430\u0440\u0438\",\"isPartOf\":{\"@id\":\"https:\\\/\\\/luxuryracketclub.com\\\/#website\"},\"primaryImageOfPage\":{\"@id\":\"https:\\\/\\\/luxuryracketclub.com\\\/ro\\\/p\\\/male-collection-zlatna-grivna-s-tenis-raketa-kiss-my-ace\\\/#primaryimage\"},\"image\":{\"@id\":\"https:\\\/\\\/luxuryracketclub.com\\\/ro\\\/p\\\/male-collection-zlatna-grivna-s-tenis-raketa-kiss-my-ace\\\/#primaryimage\"},\"thumbnailUrl\":\"https:\\\/\\\/luxuryracketclub.com\\\/wp-content\\\/uploads\\\/2023\\\/07\\\/product.zlatna-grivna-kiss-my-ace-min.jpg\",\"datePublished\":\"2025-03-17T18:45:42+00:00\",\"dateModified\":\"2025-08-29T04:12:06+00:00\",\"breadcrumb\":{\"@id\":\"https:\\\/\\\/luxuryracketclub.com\\\/ro\\\/p\\\/male-collection-zlatna-grivna-s-tenis-raketa-kiss-my-ace\\\/#breadcrumb\"},\"inLanguage\":\"ro-RO\",\"potentialAction\":[{\"@type\":\"ReadAction\",\"target\":[\"https:\\\/\\\/luxuryracketclub.com\\\/ro\\\/p\\\/male-collection-zlatna-grivna-s-tenis-raketa-kiss-my-ace\\\/\"]}]},{\"@type\":\"ImageObject\",\"inLanguage\":\"ro-RO\",\"@id\":\"https:\\\/\\\/luxuryracketclub.com\\\/ro\\\/p\\\/male-collection-zlatna-grivna-s-tenis-raketa-kiss-my-ace\\\/#primaryimage\",\"url\":\"https:\\\/\\\/luxuryracketclub.com\\\/wp-content\\\/uploads\\\/2023\\\/07\\\/product.zlatna-grivna-kiss-my-ace-min.jpg\",\"contentUrl\":\"https:\\\/\\\/luxuryracketclub.com\\\/wp-content\\\/uploads\\\/2023\\\/07\\\/product.zlatna-grivna-kiss-my-ace-min.jpg\",\"width\":2000,\"height\":2000,\"caption\":\"\u0417\u043b\u0430\u0442\u043d\u0430 \u0433\u0440\u0438\u0432\u043d\u0430 \\\"Kiss my ACE\\\"\"},{\"@type\":\"BreadcrumbList\",\"@id\":\"https:\\\/\\\/luxuryracketclub.com\\\/ro\\\/p\\\/male-collection-zlatna-grivna-s-tenis-raketa-kiss-my-ace\\\/#breadcrumb\",\"itemListElement\":[{\"@type\":\"ListItem\",\"position\":1,\"name\":\"\u041d\u0430\u0447\u0430\u043b\u043e\",\"item\":\"https:\\\/\\\/luxuryracketclub.com\\\/ro\\\/\"},{\"@type\":\"ListItem\",\"position\":2,\"name\":\"Magazin\",\"item\":\"https:\\\/\\\/luxuryracketclub.com\\\/ro\\\/magazin\\\/\"},{\"@type\":\"ListItem\",\"position\":3,\"name\":\"Br\u0103\u021bar\u0103 de aur cu rachet\u0103 de tenis \u201eKiss my ACE\u201d\"}]},{\"@type\":\"WebSite\",\"@id\":\"https:\\\/\\\/luxuryracketclub.com\\\/#website\",\"url\":\"https:\\\/\\\/luxuryracketclub.com\\\/\",\"name\":\"\u0420\u044a\u0447\u043d\u043e \u0438\u0437\u0440\u0430\u0431\u043e\u0442\u0435\u043d\u0438 \u0442\u0435\u043d\u0438\u0441 \u0431\u0438\u0436\u0443\u0442\u0430 \u0438 \u0430\u043a\u0441\u0435\u0441\u043e\u0430\u0440\u0438\",\"description\":\"\",\"potentialAction\":[{\"@type\":\"SearchAction\",\"target\":{\"@type\":\"EntryPoint\",\"urlTemplate\":\"https:\\\/\\\/luxuryracketclub.com\\\/?s={search_term_string}\"},\"query-input\":{\"@type\":\"PropertyValueSpecification\",\"valueRequired\":true,\"valueName\":\"search_term_string\"}}],\"inLanguage\":\"ro-RO\"}]}<\/script>\n<!-- \/ Yoast SEO plugin. -->","yoast_head_json":{"title":"Br\u0103\u021bar\u0103 de aur cu rachet\u0103 de tenis \u201eKiss my ACE\u201d - \u0420\u044a\u0447\u043d\u043e \u0438\u0437\u0440\u0430\u0431\u043e\u0442\u0435\u043d\u0438 \u0442\u0435\u043d\u0438\u0441 \u0431\u0438\u0436\u0443\u0442\u0430 \u0438 \u0430\u043a\u0441\u0435\u0441\u043e\u0430\u0440\u0438","robots":{"index":"index","follow":"follow","max-snippet":"max-snippet:-1","max-image-preview":"max-image-preview:large","max-video-preview":"max-video-preview:-1"},"canonical":"https:\/\/luxuryracketclub.com\/ro\/p\/male-collection-zlatna-grivna-s-tenis-raketa-kiss-my-ace\/","og_locale":"ro_RO","og_type":"article","og_title":"Br\u0103\u021bar\u0103 de aur cu rachet\u0103 de tenis \u201eKiss my ACE\u201d - \u0420\u044a\u0447\u043d\u043e \u0438\u0437\u0440\u0430\u0431\u043e\u0442\u0435\u043d\u0438 \u0442\u0435\u043d\u0438\u0441 \u0431\u0438\u0436\u0443\u0442\u0430 \u0438 \u0430\u043a\u0441\u0435\u0441\u043e\u0430\u0440\u0438","og_description":"P\u0103streaz\u0103-\u021bi realiz\u0103rile aproape de inim\u0103 cu aceast\u0103 br\u0103\u021bar\u0103 rafinat\u0103 din aur galben de 14K \u201eKiss my ACE\u201d. Aceast\u0103 br\u0103\u021bar\u0103 lucrat\u0103 manual prezint\u0103 o rachet\u0103 de tenis \u00een form\u0103 de inim\u0103, cu \u0219nururi ajurate, \u0219i o minge de tenis de 14K. Realizat\u0103 cu m\u0103iestrie din aur galben de 14K, \u201eDragostea\u201d poate s\u0103 nu \u00eensemne nimic \u00een tenis, dar dragostea noastr\u0103 pentru acest sport \u00eenseamn\u0103 totul!  LUXURY RACKET CLUB este o form\u0103 de art\u0103 cu aten\u021bie la fiecare detaliu.","og_url":"https:\/\/luxuryracketclub.com\/ro\/p\/male-collection-zlatna-grivna-s-tenis-raketa-kiss-my-ace\/","og_site_name":"\u0420\u044a\u0447\u043d\u043e \u0438\u0437\u0440\u0430\u0431\u043e\u0442\u0435\u043d\u0438 \u0442\u0435\u043d\u0438\u0441 \u0431\u0438\u0436\u0443\u0442\u0430 \u0438 \u0430\u043a\u0441\u0435\u0441\u043e\u0430\u0440\u0438","article_modified_time":"2025-08-29T04:12:06+00:00","og_image":[{"width":2000,"height":2000,"url":"https:\/\/luxuryracketclub.com\/wp-content\/uploads\/2023\/07\/product.zlatna-grivna-kiss-my-ace-min.jpg","type":"image\/jpeg"}],"twitter_card":"summary_large_image","twitter_misc":{"Timp estimat pentru citire":"1 minut"},"schema":{"@context":"https:\/\/schema.org","@graph":[{"@type":"WebPage","@id":"https:\/\/luxuryracketclub.com\/ro\/p\/male-collection-zlatna-grivna-s-tenis-raketa-kiss-my-ace\/","url":"https:\/\/luxuryracketclub.com\/ro\/p\/male-collection-zlatna-grivna-s-tenis-raketa-kiss-my-ace\/","name":"Br\u0103\u021bar\u0103 de aur cu rachet\u0103 de tenis \u201eKiss my ACE\u201d - \u0420\u044a\u0447\u043d\u043e \u0438\u0437\u0440\u0430\u0431\u043e\u0442\u0435\u043d\u0438 \u0442\u0435\u043d\u0438\u0441 \u0431\u0438\u0436\u0443\u0442\u0430 \u0438 \u0430\u043a\u0441\u0435\u0441\u043e\u0430\u0440\u0438","isPartOf":{"@id":"https:\/\/luxuryracketclub.com\/#website"},"primaryImageOfPage":{"@id":"https:\/\/luxuryracketclub.com\/ro\/p\/male-collection-zlatna-grivna-s-tenis-raketa-kiss-my-ace\/#primaryimage"},"image":{"@id":"https:\/\/luxuryracketclub.com\/ro\/p\/male-collection-zlatna-grivna-s-tenis-raketa-kiss-my-ace\/#primaryimage"},"thumbnailUrl":"https:\/\/luxuryracketclub.com\/wp-content\/uploads\/2023\/07\/product.zlatna-grivna-kiss-my-ace-min.jpg","datePublished":"2025-03-17T18:45:42+00:00","dateModified":"2025-08-29T04:12:06+00:00","breadcrumb":{"@id":"https:\/\/luxuryracketclub.com\/ro\/p\/male-collection-zlatna-grivna-s-tenis-raketa-kiss-my-ace\/#breadcrumb"},"inLanguage":"ro-RO","potentialAction":[{"@type":"ReadAction","target":["https:\/\/luxuryracketclub.com\/ro\/p\/male-collection-zlatna-grivna-s-tenis-raketa-kiss-my-ace\/"]}]},{"@type":"ImageObject","inLanguage":"ro-RO","@id":"https:\/\/luxuryracketclub.com\/ro\/p\/male-collection-zlatna-grivna-s-tenis-raketa-kiss-my-ace\/#primaryimage","url":"https:\/\/luxuryracketclub.com\/wp-content\/uploads\/2023\/07\/product.zlatna-grivna-kiss-my-ace-min.jpg","contentUrl":"https:\/\/luxuryracketclub.com\/wp-content\/uploads\/2023\/07\/product.zlatna-grivna-kiss-my-ace-min.jpg","width":2000,"height":2000,"caption":"\u0417\u043b\u0430\u0442\u043d\u0430 \u0433\u0440\u0438\u0432\u043d\u0430 \"Kiss my ACE\""},{"@type":"BreadcrumbList","@id":"https:\/\/luxuryracketclub.com\/ro\/p\/male-collection-zlatna-grivna-s-tenis-raketa-kiss-my-ace\/#breadcrumb","itemListElement":[{"@type":"ListItem","position":1,"name":"\u041d\u0430\u0447\u0430\u043b\u043e","item":"https:\/\/luxuryracketclub.com\/ro\/"},{"@type":"ListItem","position":2,"name":"Magazin","item":"https:\/\/luxuryracketclub.com\/ro\/magazin\/"},{"@type":"ListItem","position":3,"name":"Br\u0103\u021bar\u0103 de aur cu rachet\u0103 de tenis \u201eKiss my ACE\u201d"}]},{"@type":"WebSite","@id":"https:\/\/luxuryracketclub.com\/#website","url":"https:\/\/luxuryracketclub.com\/","name":"\u0420\u044a\u0447\u043d\u043e \u0438\u0437\u0440\u0430\u0431\u043e\u0442\u0435\u043d\u0438 \u0442\u0435\u043d\u0438\u0441 \u0431\u0438\u0436\u0443\u0442\u0430 \u0438 \u0430\u043a\u0441\u0435\u0441\u043e\u0430\u0440\u0438","description":"","potentialAction":[{"@type":"SearchAction","target":{"@type":"EntryPoint","urlTemplate":"https:\/\/luxuryracketclub.com\/?s={search_term_string}"},"query-input":{"@type":"PropertyValueSpecification","valueRequired":true,"valueName":"search_term_string"}}],"inLanguage":"ro-RO"}]}},"_links":{"self":[{"href":"https:\/\/luxuryracketclub.com\/ro\/wp-json\/wp\/v2\/product\/14485","targetHints":{"allow":["GET"]}}],"collection":[{"href":"https:\/\/luxuryracketclub.com\/ro\/wp-json\/wp\/v2\/product"}],"about":[{"href":"https:\/\/luxuryracketclub.com\/ro\/wp-json\/wp\/v2\/types\/product"}],"replies":[{"embeddable":true,"href":"https:\/\/luxuryracketclub.com\/ro\/wp-json\/wp\/v2\/comments?post=14485"}],"wp:featuredmedia":[{"embeddable":true,"href":"https:\/\/luxuryracketclub.com\/ro\/wp-json\/wp\/v2\/media\/14048"}],"wp:attachment":[{"href":"https:\/\/luxuryracketclub.com\/ro\/wp-json\/wp\/v2\/media?parent=14485"}],"wp:term":[{"taxonomy":"product_brand","embeddable":true,"href":"https:\/\/luxuryracketclub.com\/ro\/wp-json\/wp\/v2\/product_brand?post=14485"},{"taxonomy":"product_cat","embeddable":true,"href":"https:\/\/luxuryracketclub.com\/ro\/wp-json\/wp\/v2\/product_cat?post=14485"},{"taxonomy":"product_tag","embeddable":true,"href":"https:\/\/luxuryracketclub.com\/ro\/wp-json\/wp\/v2\/product_tag?post=14485"}],"curies":[{"name":"wp","href":"https:\/\/api.w.org\/{rel}","templated":true}]}}