{"id":14466,"date":"2025-03-17T20:52:32","date_gmt":"2025-03-17T18:52:32","guid":{"rendered":"https:\/\/luxuryracketclub.com\/p\/male-collection-srebarna-visulka-tenis-kort-tennis-court\/"},"modified":"2025-08-29T07:10:37","modified_gmt":"2025-08-29T04:10:37","slug":"male-collection-srebarna-visulka-tenis-kort-tennis-court","status":"publish","type":"product","link":"https:\/\/luxuryracketclub.com\/ro\/p\/male-collection-srebarna-visulka-tenis-kort-tennis-court\/","title":{"rendered":"Pandantiv teren de tenis din argint \u201eTeren de tenis\u201d"},"content":{"rendered":"","protected":false},"excerpt":{"rendered":"<p>Pandantivul din argint \u201eI can\u201d \u00ee\u021bi va aduce \u00eentotdeauna \u00eencredere \u0219i stim\u0103 de sine. Fabricat din argint de \u00eenalt\u0103 calitate, are un teren de tenis pe fa\u021b\u0103 \u0219i este gravat cu cuvintele scrise de m\u00e2n\u0103 \u201eI can\u201d pe spate pentru a-\u021bi aminti s\u0103 fii pozitiv, ne\u00eenfricat \u0219i curajos \u00een fiecare zi.<\/p>\n<p><strong>LUXURY RACKET CLUB<\/strong> este o art\u0103, cu aten\u021bie la fiecare detaliu.<\/p>\n","protected":false},"featured_media":14342,"comment_status":"open","ping_status":"closed","template":"","meta":{"_acf_changed":false,"_nectar_blocks_hide_post_title":false,"_nectar_blocks_transparent_header_effect":false,"_nectar_blocks_transparent_header_effect_color":"light","_nectar_blocks_header_animation":false,"_nectar_blocks_header_animation_delay":0,"_nectar_blocks_header_animation_effect":"fade","_nectar_blocks_page_css":"","_nectar_blocks_page_js":"","inline_featured_image":false},"product_brand":[],"product_cat":[866],"product_tag":[],"class_list":{"0":"post-14466","1":"product","2":"type-product","3":"status-publish","4":"has-post-thumbnail","6":"product_cat-colectie-barbati","8":"first","9":"instock","10":"sale","11":"shipping-taxable","12":"purchasable","13":"product-type-simple"},"acf":[],"yoast_head":"<!-- This site is optimized with the Yoast SEO plugin v27.4 - https:\/\/yoast.com\/product\/yoast-seo-wordpress\/ -->\n<title>Pandantiv teren de tenis din argint \u201eTeren de tenis\u201d - \u0420\u044a\u0447\u043d\u043e \u0438\u0437\u0440\u0430\u0431\u043e\u0442\u0435\u043d\u0438 \u0442\u0435\u043d\u0438\u0441 \u0431\u0438\u0436\u0443\u0442\u0430 \u0438 \u0430\u043a\u0441\u0435\u0441\u043e\u0430\u0440\u0438<\/title>\n<meta name=\"robots\" content=\"index, follow, max-snippet:-1, max-image-preview:large, max-video-preview:-1\" \/>\n<link rel=\"canonical\" href=\"https:\/\/luxuryracketclub.com\/ro\/p\/male-collection-srebarna-visulka-tenis-kort-tennis-court\/\" \/>\n<meta property=\"og:locale\" content=\"ro_RO\" \/>\n<meta property=\"og:type\" content=\"article\" \/>\n<meta property=\"og:title\" content=\"Pandantiv teren de tenis din argint \u201eTeren de tenis\u201d - \u0420\u044a\u0447\u043d\u043e \u0438\u0437\u0440\u0430\u0431\u043e\u0442\u0435\u043d\u0438 \u0442\u0435\u043d\u0438\u0441 \u0431\u0438\u0436\u0443\u0442\u0430 \u0438 \u0430\u043a\u0441\u0435\u0441\u043e\u0430\u0440\u0438\" \/>\n<meta property=\"og:description\" content=\"Pandantivul din argint \u201eI can\u201d \u00ee\u021bi va aduce \u00eentotdeauna \u00eencredere \u0219i stim\u0103 de sine. Fabricat din argint de \u00eenalt\u0103 calitate, are un teren de tenis pe fa\u021b\u0103 \u0219i este gravat cu cuvintele scrise de m\u00e2n\u0103 \u201eI can\u201d pe spate pentru a-\u021bi aminti s\u0103 fii pozitiv, ne\u00eenfricat \u0219i curajos \u00een fiecare zi.  LUXURY RACKET CLUB este o art\u0103, cu aten\u021bie la fiecare detaliu.\" \/>\n<meta property=\"og:url\" content=\"https:\/\/luxuryracketclub.com\/ro\/p\/male-collection-srebarna-visulka-tenis-kort-tennis-court\/\" \/>\n<meta property=\"og:site_name\" content=\"\u0420\u044a\u0447\u043d\u043e \u0438\u0437\u0440\u0430\u0431\u043e\u0442\u0435\u043d\u0438 \u0442\u0435\u043d\u0438\u0441 \u0431\u0438\u0436\u0443\u0442\u0430 \u0438 \u0430\u043a\u0441\u0435\u0441\u043e\u0430\u0440\u0438\" \/>\n<meta property=\"article:modified_time\" content=\"2025-08-29T04:10:37+00:00\" \/>\n<meta property=\"og:image\" content=\"https:\/\/luxuryracketclub.com\/wp-content\/uploads\/2023\/07\/product.srebarna-visulka-tennis-court-min.jpg\" \/>\n\t<meta property=\"og:image:width\" content=\"1709\" \/>\n\t<meta property=\"og:image:height\" content=\"1709\" \/>\n\t<meta property=\"og:image:type\" content=\"image\/jpeg\" \/>\n<meta name=\"twitter:card\" content=\"summary_large_image\" \/>\n<meta name=\"twitter:label1\" content=\"Timp estimat pentru citire\" \/>\n\t<meta name=\"twitter:data1\" content=\"1 minut\" \/>\n<script type=\"application\/ld+json\" class=\"yoast-schema-graph\">{\"@context\":\"https:\\\/\\\/schema.org\",\"@graph\":[{\"@type\":\"WebPage\",\"@id\":\"https:\\\/\\\/luxuryracketclub.com\\\/ro\\\/p\\\/male-collection-srebarna-visulka-tenis-kort-tennis-court\\\/\",\"url\":\"https:\\\/\\\/luxuryracketclub.com\\\/ro\\\/p\\\/male-collection-srebarna-visulka-tenis-kort-tennis-court\\\/\",\"name\":\"Pandantiv teren de tenis din argint \u201eTeren de tenis\u201d - \u0420\u044a\u0447\u043d\u043e \u0438\u0437\u0440\u0430\u0431\u043e\u0442\u0435\u043d\u0438 \u0442\u0435\u043d\u0438\u0441 \u0431\u0438\u0436\u0443\u0442\u0430 \u0438 \u0430\u043a\u0441\u0435\u0441\u043e\u0430\u0440\u0438\",\"isPartOf\":{\"@id\":\"https:\\\/\\\/luxuryracketclub.com\\\/#website\"},\"primaryImageOfPage\":{\"@id\":\"https:\\\/\\\/luxuryracketclub.com\\\/ro\\\/p\\\/male-collection-srebarna-visulka-tenis-kort-tennis-court\\\/#primaryimage\"},\"image\":{\"@id\":\"https:\\\/\\\/luxuryracketclub.com\\\/ro\\\/p\\\/male-collection-srebarna-visulka-tenis-kort-tennis-court\\\/#primaryimage\"},\"thumbnailUrl\":\"https:\\\/\\\/luxuryracketclub.com\\\/wp-content\\\/uploads\\\/2023\\\/07\\\/product.srebarna-visulka-tennis-court-min.jpg\",\"datePublished\":\"2025-03-17T18:52:32+00:00\",\"dateModified\":\"2025-08-29T04:10:37+00:00\",\"breadcrumb\":{\"@id\":\"https:\\\/\\\/luxuryracketclub.com\\\/ro\\\/p\\\/male-collection-srebarna-visulka-tenis-kort-tennis-court\\\/#breadcrumb\"},\"inLanguage\":\"ro-RO\",\"potentialAction\":[{\"@type\":\"ReadAction\",\"target\":[\"https:\\\/\\\/luxuryracketclub.com\\\/ro\\\/p\\\/male-collection-srebarna-visulka-tenis-kort-tennis-court\\\/\"]}]},{\"@type\":\"ImageObject\",\"inLanguage\":\"ro-RO\",\"@id\":\"https:\\\/\\\/luxuryracketclub.com\\\/ro\\\/p\\\/male-collection-srebarna-visulka-tenis-kort-tennis-court\\\/#primaryimage\",\"url\":\"https:\\\/\\\/luxuryracketclub.com\\\/wp-content\\\/uploads\\\/2023\\\/07\\\/product.srebarna-visulka-tennis-court-min.jpg\",\"contentUrl\":\"https:\\\/\\\/luxuryracketclub.com\\\/wp-content\\\/uploads\\\/2023\\\/07\\\/product.srebarna-visulka-tennis-court-min.jpg\",\"width\":1709,\"height\":1709,\"caption\":\"\u0421\u0440\u0435\u0431\u044a\u0440\u043d\u0430 \u0432\u0438\u0441\u0443\u043b\u043a\u0430 \\\"Tennis court\\\"\"},{\"@type\":\"BreadcrumbList\",\"@id\":\"https:\\\/\\\/luxuryracketclub.com\\\/ro\\\/p\\\/male-collection-srebarna-visulka-tenis-kort-tennis-court\\\/#breadcrumb\",\"itemListElement\":[{\"@type\":\"ListItem\",\"position\":1,\"name\":\"\u041d\u0430\u0447\u0430\u043b\u043e\",\"item\":\"https:\\\/\\\/luxuryracketclub.com\\\/ro\\\/\"},{\"@type\":\"ListItem\",\"position\":2,\"name\":\"Magazin\",\"item\":\"https:\\\/\\\/luxuryracketclub.com\\\/ro\\\/magazin\\\/\"},{\"@type\":\"ListItem\",\"position\":3,\"name\":\"Pandantiv teren de tenis din argint \u201eTeren de tenis\u201d\"}]},{\"@type\":\"WebSite\",\"@id\":\"https:\\\/\\\/luxuryracketclub.com\\\/#website\",\"url\":\"https:\\\/\\\/luxuryracketclub.com\\\/\",\"name\":\"\u0420\u044a\u0447\u043d\u043e \u0438\u0437\u0440\u0430\u0431\u043e\u0442\u0435\u043d\u0438 \u0442\u0435\u043d\u0438\u0441 \u0431\u0438\u0436\u0443\u0442\u0430 \u0438 \u0430\u043a\u0441\u0435\u0441\u043e\u0430\u0440\u0438\",\"description\":\"\",\"potentialAction\":[{\"@type\":\"SearchAction\",\"target\":{\"@type\":\"EntryPoint\",\"urlTemplate\":\"https:\\\/\\\/luxuryracketclub.com\\\/?s={search_term_string}\"},\"query-input\":{\"@type\":\"PropertyValueSpecification\",\"valueRequired\":true,\"valueName\":\"search_term_string\"}}],\"inLanguage\":\"ro-RO\"}]}<\/script>\n<!-- \/ Yoast SEO plugin. -->","yoast_head_json":{"title":"Pandantiv teren de tenis din argint \u201eTeren de tenis\u201d - \u0420\u044a\u0447\u043d\u043e \u0438\u0437\u0440\u0430\u0431\u043e\u0442\u0435\u043d\u0438 \u0442\u0435\u043d\u0438\u0441 \u0431\u0438\u0436\u0443\u0442\u0430 \u0438 \u0430\u043a\u0441\u0435\u0441\u043e\u0430\u0440\u0438","robots":{"index":"index","follow":"follow","max-snippet":"max-snippet:-1","max-image-preview":"max-image-preview:large","max-video-preview":"max-video-preview:-1"},"canonical":"https:\/\/luxuryracketclub.com\/ro\/p\/male-collection-srebarna-visulka-tenis-kort-tennis-court\/","og_locale":"ro_RO","og_type":"article","og_title":"Pandantiv teren de tenis din argint \u201eTeren de tenis\u201d - \u0420\u044a\u0447\u043d\u043e \u0438\u0437\u0440\u0430\u0431\u043e\u0442\u0435\u043d\u0438 \u0442\u0435\u043d\u0438\u0441 \u0431\u0438\u0436\u0443\u0442\u0430 \u0438 \u0430\u043a\u0441\u0435\u0441\u043e\u0430\u0440\u0438","og_description":"Pandantivul din argint \u201eI can\u201d \u00ee\u021bi va aduce \u00eentotdeauna \u00eencredere \u0219i stim\u0103 de sine. Fabricat din argint de \u00eenalt\u0103 calitate, are un teren de tenis pe fa\u021b\u0103 \u0219i este gravat cu cuvintele scrise de m\u00e2n\u0103 \u201eI can\u201d pe spate pentru a-\u021bi aminti s\u0103 fii pozitiv, ne\u00eenfricat \u0219i curajos \u00een fiecare zi.  LUXURY RACKET CLUB este o art\u0103, cu aten\u021bie la fiecare detaliu.","og_url":"https:\/\/luxuryracketclub.com\/ro\/p\/male-collection-srebarna-visulka-tenis-kort-tennis-court\/","og_site_name":"\u0420\u044a\u0447\u043d\u043e \u0438\u0437\u0440\u0430\u0431\u043e\u0442\u0435\u043d\u0438 \u0442\u0435\u043d\u0438\u0441 \u0431\u0438\u0436\u0443\u0442\u0430 \u0438 \u0430\u043a\u0441\u0435\u0441\u043e\u0430\u0440\u0438","article_modified_time":"2025-08-29T04:10:37+00:00","og_image":[{"width":1709,"height":1709,"url":"https:\/\/luxuryracketclub.com\/wp-content\/uploads\/2023\/07\/product.srebarna-visulka-tennis-court-min.jpg","type":"image\/jpeg"}],"twitter_card":"summary_large_image","twitter_misc":{"Timp estimat pentru citire":"1 minut"},"schema":{"@context":"https:\/\/schema.org","@graph":[{"@type":"WebPage","@id":"https:\/\/luxuryracketclub.com\/ro\/p\/male-collection-srebarna-visulka-tenis-kort-tennis-court\/","url":"https:\/\/luxuryracketclub.com\/ro\/p\/male-collection-srebarna-visulka-tenis-kort-tennis-court\/","name":"Pandantiv teren de tenis din argint \u201eTeren de tenis\u201d - \u0420\u044a\u0447\u043d\u043e \u0438\u0437\u0440\u0430\u0431\u043e\u0442\u0435\u043d\u0438 \u0442\u0435\u043d\u0438\u0441 \u0431\u0438\u0436\u0443\u0442\u0430 \u0438 \u0430\u043a\u0441\u0435\u0441\u043e\u0430\u0440\u0438","isPartOf":{"@id":"https:\/\/luxuryracketclub.com\/#website"},"primaryImageOfPage":{"@id":"https:\/\/luxuryracketclub.com\/ro\/p\/male-collection-srebarna-visulka-tenis-kort-tennis-court\/#primaryimage"},"image":{"@id":"https:\/\/luxuryracketclub.com\/ro\/p\/male-collection-srebarna-visulka-tenis-kort-tennis-court\/#primaryimage"},"thumbnailUrl":"https:\/\/luxuryracketclub.com\/wp-content\/uploads\/2023\/07\/product.srebarna-visulka-tennis-court-min.jpg","datePublished":"2025-03-17T18:52:32+00:00","dateModified":"2025-08-29T04:10:37+00:00","breadcrumb":{"@id":"https:\/\/luxuryracketclub.com\/ro\/p\/male-collection-srebarna-visulka-tenis-kort-tennis-court\/#breadcrumb"},"inLanguage":"ro-RO","potentialAction":[{"@type":"ReadAction","target":["https:\/\/luxuryracketclub.com\/ro\/p\/male-collection-srebarna-visulka-tenis-kort-tennis-court\/"]}]},{"@type":"ImageObject","inLanguage":"ro-RO","@id":"https:\/\/luxuryracketclub.com\/ro\/p\/male-collection-srebarna-visulka-tenis-kort-tennis-court\/#primaryimage","url":"https:\/\/luxuryracketclub.com\/wp-content\/uploads\/2023\/07\/product.srebarna-visulka-tennis-court-min.jpg","contentUrl":"https:\/\/luxuryracketclub.com\/wp-content\/uploads\/2023\/07\/product.srebarna-visulka-tennis-court-min.jpg","width":1709,"height":1709,"caption":"\u0421\u0440\u0435\u0431\u044a\u0440\u043d\u0430 \u0432\u0438\u0441\u0443\u043b\u043a\u0430 \"Tennis court\""},{"@type":"BreadcrumbList","@id":"https:\/\/luxuryracketclub.com\/ro\/p\/male-collection-srebarna-visulka-tenis-kort-tennis-court\/#breadcrumb","itemListElement":[{"@type":"ListItem","position":1,"name":"\u041d\u0430\u0447\u0430\u043b\u043e","item":"https:\/\/luxuryracketclub.com\/ro\/"},{"@type":"ListItem","position":2,"name":"Magazin","item":"https:\/\/luxuryracketclub.com\/ro\/magazin\/"},{"@type":"ListItem","position":3,"name":"Pandantiv teren de tenis din argint \u201eTeren de tenis\u201d"}]},{"@type":"WebSite","@id":"https:\/\/luxuryracketclub.com\/#website","url":"https:\/\/luxuryracketclub.com\/","name":"\u0420\u044a\u0447\u043d\u043e \u0438\u0437\u0440\u0430\u0431\u043e\u0442\u0435\u043d\u0438 \u0442\u0435\u043d\u0438\u0441 \u0431\u0438\u0436\u0443\u0442\u0430 \u0438 \u0430\u043a\u0441\u0435\u0441\u043e\u0430\u0440\u0438","description":"","potentialAction":[{"@type":"SearchAction","target":{"@type":"EntryPoint","urlTemplate":"https:\/\/luxuryracketclub.com\/?s={search_term_string}"},"query-input":{"@type":"PropertyValueSpecification","valueRequired":true,"valueName":"search_term_string"}}],"inLanguage":"ro-RO"}]}},"_links":{"self":[{"href":"https:\/\/luxuryracketclub.com\/ro\/wp-json\/wp\/v2\/product\/14466","targetHints":{"allow":["GET"]}}],"collection":[{"href":"https:\/\/luxuryracketclub.com\/ro\/wp-json\/wp\/v2\/product"}],"about":[{"href":"https:\/\/luxuryracketclub.com\/ro\/wp-json\/wp\/v2\/types\/product"}],"replies":[{"embeddable":true,"href":"https:\/\/luxuryracketclub.com\/ro\/wp-json\/wp\/v2\/comments?post=14466"}],"wp:featuredmedia":[{"embeddable":true,"href":"https:\/\/luxuryracketclub.com\/ro\/wp-json\/wp\/v2\/media\/14342"}],"wp:attachment":[{"href":"https:\/\/luxuryracketclub.com\/ro\/wp-json\/wp\/v2\/media?parent=14466"}],"wp:term":[{"taxonomy":"product_brand","embeddable":true,"href":"https:\/\/luxuryracketclub.com\/ro\/wp-json\/wp\/v2\/product_brand?post=14466"},{"taxonomy":"product_cat","embeddable":true,"href":"https:\/\/luxuryracketclub.com\/ro\/wp-json\/wp\/v2\/product_cat?post=14466"},{"taxonomy":"product_tag","embeddable":true,"href":"https:\/\/luxuryracketclub.com\/ro\/wp-json\/wp\/v2\/product_tag?post=14466"}],"curies":[{"name":"wp","href":"https:\/\/api.w.org\/{rel}","templated":true}]}}