{"id":14445,"date":"2025-03-23T08:18:12","date_gmt":"2025-03-23T06:18:12","guid":{"rendered":"https:\/\/luxuryracketclub.com\/p\/srebarni-tenis-raketa-obeczi-retro-raketa\/"},"modified":"2025-09-03T20:48:08","modified_gmt":"2025-09-03T17:48:08","slug":"srebarni-tenis-raketa-obeczi-retro-raketa","status":"publish","type":"product","link":"https:\/\/luxuryracketclub.com\/ro\/p\/srebarni-tenis-raketa-obeczi-retro-raketa\/","title":{"rendered":"Cercei din argint cu rachet\u0103 de tenis \u201eRetro Racket\u201d"},"content":{"rendered":"","protected":false},"excerpt":{"rendered":"<p>Cufund\u0103-te \u00een lumea tenisului cu ace\u0219ti cercei vintage elegan\u021bi \u201eRetro Racket\u201d realiza\u021bi din argint 925. Inspira\u021bi de stilul clasic al tenisului, ace\u0219tia recreeaz\u0103 forma iconic\u0103 a unei rachete de tenis retro, combin\u00e2nd spiritul sportiv cu elegan\u021ba sofisticat\u0103.<\/p>\n<p>Ace\u0219ti cercei cu \u0219urub sunt accesoriul perfect pentru adev\u0103ra\u021bii fani ai tenisului \u2013 at\u00e2t pentru \u021binutele de zi cu zi, c\u00e2t \u0219i pentru ocazii speciale. Datorit\u0103 designului precis lucrat manual \u0219i argintului de calitate, ace\u0219tia garanteaz\u0103 durabilitate, str\u0103lucire \u0219i confort la purtare.<br \/>\n\ud83c\udf81 Un cadou ideal pentru juc\u0103torii de tenis \u0219i fanii stilului cu o not\u0103 retro!<\/p>\n<p><strong>LUXURY RACKET CLUB<\/strong> este art\u0103, cu aten\u021bie la fiecare detaliu.<\/p>\n","protected":false},"featured_media":14230,"comment_status":"open","ping_status":"closed","template":"","meta":{"_acf_changed":false,"_nectar_blocks_hide_post_title":false,"_nectar_blocks_transparent_header_effect":false,"_nectar_blocks_transparent_header_effect_color":"light","_nectar_blocks_header_animation":false,"_nectar_blocks_header_animation_delay":0,"_nectar_blocks_header_animation_effect":"fade","_nectar_blocks_page_css":"","_nectar_blocks_page_js":"","inline_featured_image":false},"product_brand":[],"product_cat":[867],"product_tag":[908,841,970],"class_list":{"0":"post-14445","1":"product","2":"type-product","3":"status-publish","4":"has-post-thumbnail","6":"product_cat-cercei","7":"product_tag-bijuterii-de-tenis","8":"product_tag-podarak-za-tenisist-ro","9":"product_tag-tenis-stil-ro","11":"first","12":"instock","13":"sale","14":"shipping-taxable","15":"purchasable","16":"product-type-variable"},"acf":[],"yoast_head":"<!-- This site is optimized with the Yoast SEO plugin v27.4 - https:\/\/yoast.com\/product\/yoast-seo-wordpress\/ -->\n<title>Cercei din argint cu rachet\u0103 de tenis \u201eRetro Racket\u201d - \u0420\u044a\u0447\u043d\u043e \u0438\u0437\u0440\u0430\u0431\u043e\u0442\u0435\u043d\u0438 \u0442\u0435\u043d\u0438\u0441 \u0431\u0438\u0436\u0443\u0442\u0430 \u0438 \u0430\u043a\u0441\u0435\u0441\u043e\u0430\u0440\u0438<\/title>\n<meta name=\"robots\" content=\"index, follow, max-snippet:-1, max-image-preview:large, max-video-preview:-1\" \/>\n<link rel=\"canonical\" href=\"https:\/\/luxuryracketclub.com\/ro\/p\/srebarni-tenis-raketa-obeczi-retro-raketa\/\" \/>\n<meta property=\"og:locale\" content=\"ro_RO\" \/>\n<meta property=\"og:type\" content=\"article\" \/>\n<meta property=\"og:title\" content=\"Cercei din argint cu rachet\u0103 de tenis \u201eRetro Racket\u201d - \u0420\u044a\u0447\u043d\u043e \u0438\u0437\u0440\u0430\u0431\u043e\u0442\u0435\u043d\u0438 \u0442\u0435\u043d\u0438\u0441 \u0431\u0438\u0436\u0443\u0442\u0430 \u0438 \u0430\u043a\u0441\u0435\u0441\u043e\u0430\u0440\u0438\" \/>\n<meta property=\"og:description\" content=\"Cufund\u0103-te \u00een lumea tenisului cu ace\u0219ti cercei vintage elegan\u021bi \u201eRetro Racket\u201d realiza\u021bi din argint 925. Inspira\u021bi de stilul clasic al tenisului, ace\u0219tia recreeaz\u0103 forma iconic\u0103 a unei rachete de tenis retro, combin\u00e2nd spiritul sportiv cu elegan\u021ba sofisticat\u0103.   Ace\u0219ti cercei cu \u0219urub sunt accesoriul perfect pentru adev\u0103ra\u021bii fani ai tenisului \u2013 at\u00e2t pentru \u021binutele de zi cu zi, c\u00e2t \u0219i pentru ocazii speciale. Datorit\u0103 designului precis lucrat manual \u0219i argintului de calitate, ace\u0219tia garanteaz\u0103 durabilitate, str\u0103lucire \u0219i confort la purtare. \ud83c\udf81 Un cadou ideal pentru juc\u0103torii de tenis \u0219i fanii stilului cu o not\u0103 retro!   LUXURY RACKET CLUB este art\u0103, cu aten\u021bie la fiecare detaliu.\" \/>\n<meta property=\"og:url\" content=\"https:\/\/luxuryracketclub.com\/ro\/p\/srebarni-tenis-raketa-obeczi-retro-raketa\/\" \/>\n<meta property=\"og:site_name\" content=\"\u0420\u044a\u0447\u043d\u043e \u0438\u0437\u0440\u0430\u0431\u043e\u0442\u0435\u043d\u0438 \u0442\u0435\u043d\u0438\u0441 \u0431\u0438\u0436\u0443\u0442\u0430 \u0438 \u0430\u043a\u0441\u0435\u0441\u043e\u0430\u0440\u0438\" \/>\n<meta property=\"article:modified_time\" content=\"2025-09-03T17:48:08+00:00\" \/>\n<meta property=\"og:image\" content=\"https:\/\/luxuryracketclub.com\/wp-content\/uploads\/2025\/03\/sreburna-tennis-racketa-talisman-win3-scaled.jpg\" \/>\n\t<meta property=\"og:image:width\" content=\"1920\" \/>\n\t<meta property=\"og:image:height\" content=\"1920\" \/>\n\t<meta property=\"og:image:type\" content=\"image\/jpeg\" \/>\n<meta name=\"twitter:card\" content=\"summary_large_image\" \/>\n<meta name=\"twitter:label1\" content=\"Timp estimat pentru citire\" \/>\n\t<meta name=\"twitter:data1\" content=\"1 minut\" \/>\n<script type=\"application\/ld+json\" class=\"yoast-schema-graph\">{\"@context\":\"https:\\\/\\\/schema.org\",\"@graph\":[{\"@type\":\"WebPage\",\"@id\":\"https:\\\/\\\/luxuryracketclub.com\\\/ro\\\/p\\\/srebarni-tenis-raketa-obeczi-retro-raketa\\\/\",\"url\":\"https:\\\/\\\/luxuryracketclub.com\\\/ro\\\/p\\\/srebarni-tenis-raketa-obeczi-retro-raketa\\\/\",\"name\":\"Cercei din argint cu rachet\u0103 de tenis \u201eRetro Racket\u201d - \u0420\u044a\u0447\u043d\u043e \u0438\u0437\u0440\u0430\u0431\u043e\u0442\u0435\u043d\u0438 \u0442\u0435\u043d\u0438\u0441 \u0431\u0438\u0436\u0443\u0442\u0430 \u0438 \u0430\u043a\u0441\u0435\u0441\u043e\u0430\u0440\u0438\",\"isPartOf\":{\"@id\":\"https:\\\/\\\/luxuryracketclub.com\\\/#website\"},\"primaryImageOfPage\":{\"@id\":\"https:\\\/\\\/luxuryracketclub.com\\\/ro\\\/p\\\/srebarni-tenis-raketa-obeczi-retro-raketa\\\/#primaryimage\"},\"image\":{\"@id\":\"https:\\\/\\\/luxuryracketclub.com\\\/ro\\\/p\\\/srebarni-tenis-raketa-obeczi-retro-raketa\\\/#primaryimage\"},\"thumbnailUrl\":\"https:\\\/\\\/luxuryracketclub.com\\\/wp-content\\\/uploads\\\/2025\\\/03\\\/sreburna-tennis-racketa-talisman-win3-scaled.jpg\",\"datePublished\":\"2025-03-23T06:18:12+00:00\",\"dateModified\":\"2025-09-03T17:48:08+00:00\",\"breadcrumb\":{\"@id\":\"https:\\\/\\\/luxuryracketclub.com\\\/ro\\\/p\\\/srebarni-tenis-raketa-obeczi-retro-raketa\\\/#breadcrumb\"},\"inLanguage\":\"ro-RO\",\"potentialAction\":[{\"@type\":\"ReadAction\",\"target\":[\"https:\\\/\\\/luxuryracketclub.com\\\/ro\\\/p\\\/srebarni-tenis-raketa-obeczi-retro-raketa\\\/\"]}]},{\"@type\":\"ImageObject\",\"inLanguage\":\"ro-RO\",\"@id\":\"https:\\\/\\\/luxuryracketclub.com\\\/ro\\\/p\\\/srebarni-tenis-raketa-obeczi-retro-raketa\\\/#primaryimage\",\"url\":\"https:\\\/\\\/luxuryracketclub.com\\\/wp-content\\\/uploads\\\/2025\\\/03\\\/sreburna-tennis-racketa-talisman-win3-scaled.jpg\",\"contentUrl\":\"https:\\\/\\\/luxuryracketclub.com\\\/wp-content\\\/uploads\\\/2025\\\/03\\\/sreburna-tennis-racketa-talisman-win3-scaled.jpg\",\"width\":1920,\"height\":1920,\"caption\":\"\u0421\u0440\u0435\u0431\u044a\u0440\u043d\u0438 \u0442\u0435\u043d\u0438\u0441 \u0440\u0430\u043a\u0435\u0442\u0430 \u043e\u0431\u0435\u0446\u0438 \u201e\u0420\u0435\u0442\u0440\u043e \u0420\u0430\u043a\u0435\u0442\u0430\u201c\"},{\"@type\":\"BreadcrumbList\",\"@id\":\"https:\\\/\\\/luxuryracketclub.com\\\/ro\\\/p\\\/srebarni-tenis-raketa-obeczi-retro-raketa\\\/#breadcrumb\",\"itemListElement\":[{\"@type\":\"ListItem\",\"position\":1,\"name\":\"\u041d\u0430\u0447\u0430\u043b\u043e\",\"item\":\"https:\\\/\\\/luxuryracketclub.com\\\/ro\\\/\"},{\"@type\":\"ListItem\",\"position\":2,\"name\":\"Magazin\",\"item\":\"https:\\\/\\\/luxuryracketclub.com\\\/ro\\\/magazin\\\/\"},{\"@type\":\"ListItem\",\"position\":3,\"name\":\"Cercei din argint cu rachet\u0103 de tenis \u201eRetro Racket\u201d\"}]},{\"@type\":\"WebSite\",\"@id\":\"https:\\\/\\\/luxuryracketclub.com\\\/#website\",\"url\":\"https:\\\/\\\/luxuryracketclub.com\\\/\",\"name\":\"\u0420\u044a\u0447\u043d\u043e \u0438\u0437\u0440\u0430\u0431\u043e\u0442\u0435\u043d\u0438 \u0442\u0435\u043d\u0438\u0441 \u0431\u0438\u0436\u0443\u0442\u0430 \u0438 \u0430\u043a\u0441\u0435\u0441\u043e\u0430\u0440\u0438\",\"description\":\"\",\"potentialAction\":[{\"@type\":\"SearchAction\",\"target\":{\"@type\":\"EntryPoint\",\"urlTemplate\":\"https:\\\/\\\/luxuryracketclub.com\\\/?s={search_term_string}\"},\"query-input\":{\"@type\":\"PropertyValueSpecification\",\"valueRequired\":true,\"valueName\":\"search_term_string\"}}],\"inLanguage\":\"ro-RO\"}]}<\/script>\n<!-- \/ Yoast SEO plugin. -->","yoast_head_json":{"title":"Cercei din argint cu rachet\u0103 de tenis \u201eRetro Racket\u201d - \u0420\u044a\u0447\u043d\u043e \u0438\u0437\u0440\u0430\u0431\u043e\u0442\u0435\u043d\u0438 \u0442\u0435\u043d\u0438\u0441 \u0431\u0438\u0436\u0443\u0442\u0430 \u0438 \u0430\u043a\u0441\u0435\u0441\u043e\u0430\u0440\u0438","robots":{"index":"index","follow":"follow","max-snippet":"max-snippet:-1","max-image-preview":"max-image-preview:large","max-video-preview":"max-video-preview:-1"},"canonical":"https:\/\/luxuryracketclub.com\/ro\/p\/srebarni-tenis-raketa-obeczi-retro-raketa\/","og_locale":"ro_RO","og_type":"article","og_title":"Cercei din argint cu rachet\u0103 de tenis \u201eRetro Racket\u201d - \u0420\u044a\u0447\u043d\u043e \u0438\u0437\u0440\u0430\u0431\u043e\u0442\u0435\u043d\u0438 \u0442\u0435\u043d\u0438\u0441 \u0431\u0438\u0436\u0443\u0442\u0430 \u0438 \u0430\u043a\u0441\u0435\u0441\u043e\u0430\u0440\u0438","og_description":"Cufund\u0103-te \u00een lumea tenisului cu ace\u0219ti cercei vintage elegan\u021bi \u201eRetro Racket\u201d realiza\u021bi din argint 925. Inspira\u021bi de stilul clasic al tenisului, ace\u0219tia recreeaz\u0103 forma iconic\u0103 a unei rachete de tenis retro, combin\u00e2nd spiritul sportiv cu elegan\u021ba sofisticat\u0103.   Ace\u0219ti cercei cu \u0219urub sunt accesoriul perfect pentru adev\u0103ra\u021bii fani ai tenisului \u2013 at\u00e2t pentru \u021binutele de zi cu zi, c\u00e2t \u0219i pentru ocazii speciale. Datorit\u0103 designului precis lucrat manual \u0219i argintului de calitate, ace\u0219tia garanteaz\u0103 durabilitate, str\u0103lucire \u0219i confort la purtare. \ud83c\udf81 Un cadou ideal pentru juc\u0103torii de tenis \u0219i fanii stilului cu o not\u0103 retro!   LUXURY RACKET CLUB este art\u0103, cu aten\u021bie la fiecare detaliu.","og_url":"https:\/\/luxuryracketclub.com\/ro\/p\/srebarni-tenis-raketa-obeczi-retro-raketa\/","og_site_name":"\u0420\u044a\u0447\u043d\u043e \u0438\u0437\u0440\u0430\u0431\u043e\u0442\u0435\u043d\u0438 \u0442\u0435\u043d\u0438\u0441 \u0431\u0438\u0436\u0443\u0442\u0430 \u0438 \u0430\u043a\u0441\u0435\u0441\u043e\u0430\u0440\u0438","article_modified_time":"2025-09-03T17:48:08+00:00","og_image":[{"width":1920,"height":1920,"url":"https:\/\/luxuryracketclub.com\/wp-content\/uploads\/2025\/03\/sreburna-tennis-racketa-talisman-win3-scaled.jpg","type":"image\/jpeg"}],"twitter_card":"summary_large_image","twitter_misc":{"Timp estimat pentru citire":"1 minut"},"schema":{"@context":"https:\/\/schema.org","@graph":[{"@type":"WebPage","@id":"https:\/\/luxuryracketclub.com\/ro\/p\/srebarni-tenis-raketa-obeczi-retro-raketa\/","url":"https:\/\/luxuryracketclub.com\/ro\/p\/srebarni-tenis-raketa-obeczi-retro-raketa\/","name":"Cercei din argint cu rachet\u0103 de tenis \u201eRetro Racket\u201d - \u0420\u044a\u0447\u043d\u043e \u0438\u0437\u0440\u0430\u0431\u043e\u0442\u0435\u043d\u0438 \u0442\u0435\u043d\u0438\u0441 \u0431\u0438\u0436\u0443\u0442\u0430 \u0438 \u0430\u043a\u0441\u0435\u0441\u043e\u0430\u0440\u0438","isPartOf":{"@id":"https:\/\/luxuryracketclub.com\/#website"},"primaryImageOfPage":{"@id":"https:\/\/luxuryracketclub.com\/ro\/p\/srebarni-tenis-raketa-obeczi-retro-raketa\/#primaryimage"},"image":{"@id":"https:\/\/luxuryracketclub.com\/ro\/p\/srebarni-tenis-raketa-obeczi-retro-raketa\/#primaryimage"},"thumbnailUrl":"https:\/\/luxuryracketclub.com\/wp-content\/uploads\/2025\/03\/sreburna-tennis-racketa-talisman-win3-scaled.jpg","datePublished":"2025-03-23T06:18:12+00:00","dateModified":"2025-09-03T17:48:08+00:00","breadcrumb":{"@id":"https:\/\/luxuryracketclub.com\/ro\/p\/srebarni-tenis-raketa-obeczi-retro-raketa\/#breadcrumb"},"inLanguage":"ro-RO","potentialAction":[{"@type":"ReadAction","target":["https:\/\/luxuryracketclub.com\/ro\/p\/srebarni-tenis-raketa-obeczi-retro-raketa\/"]}]},{"@type":"ImageObject","inLanguage":"ro-RO","@id":"https:\/\/luxuryracketclub.com\/ro\/p\/srebarni-tenis-raketa-obeczi-retro-raketa\/#primaryimage","url":"https:\/\/luxuryracketclub.com\/wp-content\/uploads\/2025\/03\/sreburna-tennis-racketa-talisman-win3-scaled.jpg","contentUrl":"https:\/\/luxuryracketclub.com\/wp-content\/uploads\/2025\/03\/sreburna-tennis-racketa-talisman-win3-scaled.jpg","width":1920,"height":1920,"caption":"\u0421\u0440\u0435\u0431\u044a\u0440\u043d\u0438 \u0442\u0435\u043d\u0438\u0441 \u0440\u0430\u043a\u0435\u0442\u0430 \u043e\u0431\u0435\u0446\u0438 \u201e\u0420\u0435\u0442\u0440\u043e \u0420\u0430\u043a\u0435\u0442\u0430\u201c"},{"@type":"BreadcrumbList","@id":"https:\/\/luxuryracketclub.com\/ro\/p\/srebarni-tenis-raketa-obeczi-retro-raketa\/#breadcrumb","itemListElement":[{"@type":"ListItem","position":1,"name":"\u041d\u0430\u0447\u0430\u043b\u043e","item":"https:\/\/luxuryracketclub.com\/ro\/"},{"@type":"ListItem","position":2,"name":"Magazin","item":"https:\/\/luxuryracketclub.com\/ro\/magazin\/"},{"@type":"ListItem","position":3,"name":"Cercei din argint cu rachet\u0103 de tenis \u201eRetro Racket\u201d"}]},{"@type":"WebSite","@id":"https:\/\/luxuryracketclub.com\/#website","url":"https:\/\/luxuryracketclub.com\/","name":"\u0420\u044a\u0447\u043d\u043e \u0438\u0437\u0440\u0430\u0431\u043e\u0442\u0435\u043d\u0438 \u0442\u0435\u043d\u0438\u0441 \u0431\u0438\u0436\u0443\u0442\u0430 \u0438 \u0430\u043a\u0441\u0435\u0441\u043e\u0430\u0440\u0438","description":"","potentialAction":[{"@type":"SearchAction","target":{"@type":"EntryPoint","urlTemplate":"https:\/\/luxuryracketclub.com\/?s={search_term_string}"},"query-input":{"@type":"PropertyValueSpecification","valueRequired":true,"valueName":"search_term_string"}}],"inLanguage":"ro-RO"}]}},"_links":{"self":[{"href":"https:\/\/luxuryracketclub.com\/ro\/wp-json\/wp\/v2\/product\/14445","targetHints":{"allow":["GET"]}}],"collection":[{"href":"https:\/\/luxuryracketclub.com\/ro\/wp-json\/wp\/v2\/product"}],"about":[{"href":"https:\/\/luxuryracketclub.com\/ro\/wp-json\/wp\/v2\/types\/product"}],"replies":[{"embeddable":true,"href":"https:\/\/luxuryracketclub.com\/ro\/wp-json\/wp\/v2\/comments?post=14445"}],"wp:featuredmedia":[{"embeddable":true,"href":"https:\/\/luxuryracketclub.com\/ro\/wp-json\/wp\/v2\/media\/14230"}],"wp:attachment":[{"href":"https:\/\/luxuryracketclub.com\/ro\/wp-json\/wp\/v2\/media?parent=14445"}],"wp:term":[{"taxonomy":"product_brand","embeddable":true,"href":"https:\/\/luxuryracketclub.com\/ro\/wp-json\/wp\/v2\/product_brand?post=14445"},{"taxonomy":"product_cat","embeddable":true,"href":"https:\/\/luxuryracketclub.com\/ro\/wp-json\/wp\/v2\/product_cat?post=14445"},{"taxonomy":"product_tag","embeddable":true,"href":"https:\/\/luxuryracketclub.com\/ro\/wp-json\/wp\/v2\/product_tag?post=14445"}],"curies":[{"name":"wp","href":"https:\/\/api.w.org\/{rel}","templated":true}]}}