{"id":14438,"date":"2025-03-27T10:04:02","date_gmt":"2025-03-27T08:04:02","guid":{"rendered":"https:\/\/luxuryracketclub.com\/p\/roland-garros-collection-srebarno-kolie-tenis-raketa-s-topka-match-point\/"},"modified":"2025-08-29T07:07:03","modified_gmt":"2025-08-29T04:07:03","slug":"roland-garros-collection-srebarno-kolie-tenis-raketa-s-topka-match-point","status":"publish","type":"product","link":"https:\/\/luxuryracketclub.com\/ro\/p\/roland-garros-collection-srebarno-kolie-tenis-raketa-s-topka-match-point\/","title":{"rendered":"Colier din argint cu rachet\u0103 de tenis \u0219i minge \u201eMatch point\u201d"},"content":{"rendered":"","protected":false},"excerpt":{"rendered":"<p>Inspirat de legendarul turneu de tenis pe zgur\u0103, colierul Roland Garros este conceput pentru adev\u0103ra\u021bii fani ai tenisului. Aceast\u0103 pies\u0103 din argint finisat\u0103 manual combin\u0103 dou\u0103 lan\u021buri fine \u0219i o rachet\u0103 de tenis elegant\u0103, cu m\u00e2ner \u00een form\u0103 de inim\u0103, \u0219nururi ajurate \u0219i o minge de tenis detaliat\u0103 cu dungi pronun\u021bate. \u00cenchiz\u0103toarea este reglabil\u0103 pentru o ajustare perfect\u0103.<\/p>\n<p><strong>LUXURY RACKET CLUB<\/strong> este o art\u0103, cu aten\u021bie la fiecare detaliu.<\/p>\n","protected":false},"featured_media":14439,"comment_status":"closed","ping_status":"closed","template":"","meta":{"_acf_changed":false,"_nectar_blocks_hide_post_title":false,"_nectar_blocks_transparent_header_effect":false,"_nectar_blocks_transparent_header_effect_color":"light","_nectar_blocks_header_animation":false,"_nectar_blocks_header_animation_delay":0,"_nectar_blocks_header_animation_effect":"fade","_nectar_blocks_page_css":"","_nectar_blocks_page_js":"","inline_featured_image":false},"product_brand":[],"product_cat":[863],"product_tag":[841],"class_list":{"0":"post-14438","1":"product","2":"type-product","3":"status-publish","4":"has-post-thumbnail","6":"product_cat-colectia-roland-garros","7":"product_tag-podarak-za-tenisist-ro","9":"first","10":"instock","11":"sale","12":"shipping-taxable","13":"purchasable","14":"product-type-variable"},"acf":[],"yoast_head":"<!-- This site is optimized with the Yoast SEO plugin v27.4 - https:\/\/yoast.com\/product\/yoast-seo-wordpress\/ -->\n<title>Colier din argint cu rachet\u0103 de tenis \u0219i minge \u201eMatch point\u201d - \u0420\u044a\u0447\u043d\u043e \u0438\u0437\u0440\u0430\u0431\u043e\u0442\u0435\u043d\u0438 \u0442\u0435\u043d\u0438\u0441 \u0431\u0438\u0436\u0443\u0442\u0430 \u0438 \u0430\u043a\u0441\u0435\u0441\u043e\u0430\u0440\u0438<\/title>\n<meta name=\"robots\" content=\"index, follow, max-snippet:-1, max-image-preview:large, max-video-preview:-1\" \/>\n<link rel=\"canonical\" href=\"https:\/\/luxuryracketclub.com\/ro\/p\/roland-garros-collection-srebarno-kolie-tenis-raketa-s-topka-match-point\/\" \/>\n<meta property=\"og:locale\" content=\"ro_RO\" \/>\n<meta property=\"og:type\" content=\"article\" \/>\n<meta property=\"og:title\" content=\"Colier din argint cu rachet\u0103 de tenis \u0219i minge \u201eMatch point\u201d - \u0420\u044a\u0447\u043d\u043e \u0438\u0437\u0440\u0430\u0431\u043e\u0442\u0435\u043d\u0438 \u0442\u0435\u043d\u0438\u0441 \u0431\u0438\u0436\u0443\u0442\u0430 \u0438 \u0430\u043a\u0441\u0435\u0441\u043e\u0430\u0440\u0438\" \/>\n<meta property=\"og:description\" content=\"Inspirat de legendarul turneu de tenis pe zgur\u0103, colierul Roland Garros este conceput pentru adev\u0103ra\u021bii fani ai tenisului. Aceast\u0103 pies\u0103 din argint finisat\u0103 manual combin\u0103 dou\u0103 lan\u021buri fine \u0219i o rachet\u0103 de tenis elegant\u0103, cu m\u00e2ner \u00een form\u0103 de inim\u0103, \u0219nururi ajurate \u0219i o minge de tenis detaliat\u0103 cu dungi pronun\u021bate. \u00cenchiz\u0103toarea este reglabil\u0103 pentru o ajustare perfect\u0103.  LUXURY RACKET CLUB este o art\u0103, cu aten\u021bie la fiecare detaliu.\" \/>\n<meta property=\"og:url\" content=\"https:\/\/luxuryracketclub.com\/ro\/p\/roland-garros-collection-srebarno-kolie-tenis-raketa-s-topka-match-point\/\" \/>\n<meta property=\"og:site_name\" content=\"\u0420\u044a\u0447\u043d\u043e \u0438\u0437\u0440\u0430\u0431\u043e\u0442\u0435\u043d\u0438 \u0442\u0435\u043d\u0438\u0441 \u0431\u0438\u0436\u0443\u0442\u0430 \u0438 \u0430\u043a\u0441\u0435\u0441\u043e\u0430\u0440\u0438\" \/>\n<meta property=\"article:modified_time\" content=\"2025-08-29T04:07:03+00:00\" \/>\n<meta property=\"og:image\" content=\"https:\/\/luxuryracketclub.com\/wp-content\/uploads\/2024\/04\/product.srebarno-kolie-match-point-min.jpg\" \/>\n\t<meta property=\"og:image:width\" content=\"2160\" \/>\n\t<meta property=\"og:image:height\" content=\"2160\" \/>\n\t<meta property=\"og:image:type\" content=\"image\/jpeg\" \/>\n<meta name=\"twitter:card\" content=\"summary_large_image\" \/>\n<meta name=\"twitter:label1\" content=\"Timp estimat pentru citire\" \/>\n\t<meta name=\"twitter:data1\" content=\"1 minut\" \/>\n<script type=\"application\/ld+json\" class=\"yoast-schema-graph\">{\"@context\":\"https:\\\/\\\/schema.org\",\"@graph\":[{\"@type\":\"WebPage\",\"@id\":\"https:\\\/\\\/luxuryracketclub.com\\\/ro\\\/p\\\/roland-garros-collection-srebarno-kolie-tenis-raketa-s-topka-match-point\\\/\",\"url\":\"https:\\\/\\\/luxuryracketclub.com\\\/ro\\\/p\\\/roland-garros-collection-srebarno-kolie-tenis-raketa-s-topka-match-point\\\/\",\"name\":\"Colier din argint cu rachet\u0103 de tenis \u0219i minge \u201eMatch point\u201d - \u0420\u044a\u0447\u043d\u043e \u0438\u0437\u0440\u0430\u0431\u043e\u0442\u0435\u043d\u0438 \u0442\u0435\u043d\u0438\u0441 \u0431\u0438\u0436\u0443\u0442\u0430 \u0438 \u0430\u043a\u0441\u0435\u0441\u043e\u0430\u0440\u0438\",\"isPartOf\":{\"@id\":\"https:\\\/\\\/luxuryracketclub.com\\\/#website\"},\"primaryImageOfPage\":{\"@id\":\"https:\\\/\\\/luxuryracketclub.com\\\/ro\\\/p\\\/roland-garros-collection-srebarno-kolie-tenis-raketa-s-topka-match-point\\\/#primaryimage\"},\"image\":{\"@id\":\"https:\\\/\\\/luxuryracketclub.com\\\/ro\\\/p\\\/roland-garros-collection-srebarno-kolie-tenis-raketa-s-topka-match-point\\\/#primaryimage\"},\"thumbnailUrl\":\"https:\\\/\\\/luxuryracketclub.com\\\/wp-content\\\/uploads\\\/2024\\\/04\\\/product.srebarno-kolie-match-point-min.jpg\",\"datePublished\":\"2025-03-27T08:04:02+00:00\",\"dateModified\":\"2025-08-29T04:07:03+00:00\",\"breadcrumb\":{\"@id\":\"https:\\\/\\\/luxuryracketclub.com\\\/ro\\\/p\\\/roland-garros-collection-srebarno-kolie-tenis-raketa-s-topka-match-point\\\/#breadcrumb\"},\"inLanguage\":\"ro-RO\",\"potentialAction\":[{\"@type\":\"ReadAction\",\"target\":[\"https:\\\/\\\/luxuryracketclub.com\\\/ro\\\/p\\\/roland-garros-collection-srebarno-kolie-tenis-raketa-s-topka-match-point\\\/\"]}]},{\"@type\":\"ImageObject\",\"inLanguage\":\"ro-RO\",\"@id\":\"https:\\\/\\\/luxuryracketclub.com\\\/ro\\\/p\\\/roland-garros-collection-srebarno-kolie-tenis-raketa-s-topka-match-point\\\/#primaryimage\",\"url\":\"https:\\\/\\\/luxuryracketclub.com\\\/wp-content\\\/uploads\\\/2024\\\/04\\\/product.srebarno-kolie-match-point-min.jpg\",\"contentUrl\":\"https:\\\/\\\/luxuryracketclub.com\\\/wp-content\\\/uploads\\\/2024\\\/04\\\/product.srebarno-kolie-match-point-min.jpg\",\"width\":2160,\"height\":2160,\"caption\":\"\u0421\u0440\u0435\u0431\u044a\u0440\u043d\u043e \u043a\u043e\u043b\u0438\u0435 \\\"Match point\\\"\"},{\"@type\":\"BreadcrumbList\",\"@id\":\"https:\\\/\\\/luxuryracketclub.com\\\/ro\\\/p\\\/roland-garros-collection-srebarno-kolie-tenis-raketa-s-topka-match-point\\\/#breadcrumb\",\"itemListElement\":[{\"@type\":\"ListItem\",\"position\":1,\"name\":\"\u041d\u0430\u0447\u0430\u043b\u043e\",\"item\":\"https:\\\/\\\/luxuryracketclub.com\\\/ro\\\/\"},{\"@type\":\"ListItem\",\"position\":2,\"name\":\"Magazin\",\"item\":\"https:\\\/\\\/luxuryracketclub.com\\\/ro\\\/magazin\\\/\"},{\"@type\":\"ListItem\",\"position\":3,\"name\":\"Colier din argint cu rachet\u0103 de tenis \u0219i minge \u201eMatch point\u201d\"}]},{\"@type\":\"WebSite\",\"@id\":\"https:\\\/\\\/luxuryracketclub.com\\\/#website\",\"url\":\"https:\\\/\\\/luxuryracketclub.com\\\/\",\"name\":\"\u0420\u044a\u0447\u043d\u043e \u0438\u0437\u0440\u0430\u0431\u043e\u0442\u0435\u043d\u0438 \u0442\u0435\u043d\u0438\u0441 \u0431\u0438\u0436\u0443\u0442\u0430 \u0438 \u0430\u043a\u0441\u0435\u0441\u043e\u0430\u0440\u0438\",\"description\":\"\",\"potentialAction\":[{\"@type\":\"SearchAction\",\"target\":{\"@type\":\"EntryPoint\",\"urlTemplate\":\"https:\\\/\\\/luxuryracketclub.com\\\/?s={search_term_string}\"},\"query-input\":{\"@type\":\"PropertyValueSpecification\",\"valueRequired\":true,\"valueName\":\"search_term_string\"}}],\"inLanguage\":\"ro-RO\"}]}<\/script>\n<!-- \/ Yoast SEO plugin. -->","yoast_head_json":{"title":"Colier din argint cu rachet\u0103 de tenis \u0219i minge \u201eMatch point\u201d - \u0420\u044a\u0447\u043d\u043e \u0438\u0437\u0440\u0430\u0431\u043e\u0442\u0435\u043d\u0438 \u0442\u0435\u043d\u0438\u0441 \u0431\u0438\u0436\u0443\u0442\u0430 \u0438 \u0430\u043a\u0441\u0435\u0441\u043e\u0430\u0440\u0438","robots":{"index":"index","follow":"follow","max-snippet":"max-snippet:-1","max-image-preview":"max-image-preview:large","max-video-preview":"max-video-preview:-1"},"canonical":"https:\/\/luxuryracketclub.com\/ro\/p\/roland-garros-collection-srebarno-kolie-tenis-raketa-s-topka-match-point\/","og_locale":"ro_RO","og_type":"article","og_title":"Colier din argint cu rachet\u0103 de tenis \u0219i minge \u201eMatch point\u201d - \u0420\u044a\u0447\u043d\u043e \u0438\u0437\u0440\u0430\u0431\u043e\u0442\u0435\u043d\u0438 \u0442\u0435\u043d\u0438\u0441 \u0431\u0438\u0436\u0443\u0442\u0430 \u0438 \u0430\u043a\u0441\u0435\u0441\u043e\u0430\u0440\u0438","og_description":"Inspirat de legendarul turneu de tenis pe zgur\u0103, colierul Roland Garros este conceput pentru adev\u0103ra\u021bii fani ai tenisului. Aceast\u0103 pies\u0103 din argint finisat\u0103 manual combin\u0103 dou\u0103 lan\u021buri fine \u0219i o rachet\u0103 de tenis elegant\u0103, cu m\u00e2ner \u00een form\u0103 de inim\u0103, \u0219nururi ajurate \u0219i o minge de tenis detaliat\u0103 cu dungi pronun\u021bate. \u00cenchiz\u0103toarea este reglabil\u0103 pentru o ajustare perfect\u0103.  LUXURY RACKET CLUB este o art\u0103, cu aten\u021bie la fiecare detaliu.","og_url":"https:\/\/luxuryracketclub.com\/ro\/p\/roland-garros-collection-srebarno-kolie-tenis-raketa-s-topka-match-point\/","og_site_name":"\u0420\u044a\u0447\u043d\u043e \u0438\u0437\u0440\u0430\u0431\u043e\u0442\u0435\u043d\u0438 \u0442\u0435\u043d\u0438\u0441 \u0431\u0438\u0436\u0443\u0442\u0430 \u0438 \u0430\u043a\u0441\u0435\u0441\u043e\u0430\u0440\u0438","article_modified_time":"2025-08-29T04:07:03+00:00","og_image":[{"width":2160,"height":2160,"url":"https:\/\/luxuryracketclub.com\/wp-content\/uploads\/2024\/04\/product.srebarno-kolie-match-point-min.jpg","type":"image\/jpeg"}],"twitter_card":"summary_large_image","twitter_misc":{"Timp estimat pentru citire":"1 minut"},"schema":{"@context":"https:\/\/schema.org","@graph":[{"@type":"WebPage","@id":"https:\/\/luxuryracketclub.com\/ro\/p\/roland-garros-collection-srebarno-kolie-tenis-raketa-s-topka-match-point\/","url":"https:\/\/luxuryracketclub.com\/ro\/p\/roland-garros-collection-srebarno-kolie-tenis-raketa-s-topka-match-point\/","name":"Colier din argint cu rachet\u0103 de tenis \u0219i minge \u201eMatch point\u201d - \u0420\u044a\u0447\u043d\u043e \u0438\u0437\u0440\u0430\u0431\u043e\u0442\u0435\u043d\u0438 \u0442\u0435\u043d\u0438\u0441 \u0431\u0438\u0436\u0443\u0442\u0430 \u0438 \u0430\u043a\u0441\u0435\u0441\u043e\u0430\u0440\u0438","isPartOf":{"@id":"https:\/\/luxuryracketclub.com\/#website"},"primaryImageOfPage":{"@id":"https:\/\/luxuryracketclub.com\/ro\/p\/roland-garros-collection-srebarno-kolie-tenis-raketa-s-topka-match-point\/#primaryimage"},"image":{"@id":"https:\/\/luxuryracketclub.com\/ro\/p\/roland-garros-collection-srebarno-kolie-tenis-raketa-s-topka-match-point\/#primaryimage"},"thumbnailUrl":"https:\/\/luxuryracketclub.com\/wp-content\/uploads\/2024\/04\/product.srebarno-kolie-match-point-min.jpg","datePublished":"2025-03-27T08:04:02+00:00","dateModified":"2025-08-29T04:07:03+00:00","breadcrumb":{"@id":"https:\/\/luxuryracketclub.com\/ro\/p\/roland-garros-collection-srebarno-kolie-tenis-raketa-s-topka-match-point\/#breadcrumb"},"inLanguage":"ro-RO","potentialAction":[{"@type":"ReadAction","target":["https:\/\/luxuryracketclub.com\/ro\/p\/roland-garros-collection-srebarno-kolie-tenis-raketa-s-topka-match-point\/"]}]},{"@type":"ImageObject","inLanguage":"ro-RO","@id":"https:\/\/luxuryracketclub.com\/ro\/p\/roland-garros-collection-srebarno-kolie-tenis-raketa-s-topka-match-point\/#primaryimage","url":"https:\/\/luxuryracketclub.com\/wp-content\/uploads\/2024\/04\/product.srebarno-kolie-match-point-min.jpg","contentUrl":"https:\/\/luxuryracketclub.com\/wp-content\/uploads\/2024\/04\/product.srebarno-kolie-match-point-min.jpg","width":2160,"height":2160,"caption":"\u0421\u0440\u0435\u0431\u044a\u0440\u043d\u043e \u043a\u043e\u043b\u0438\u0435 \"Match point\""},{"@type":"BreadcrumbList","@id":"https:\/\/luxuryracketclub.com\/ro\/p\/roland-garros-collection-srebarno-kolie-tenis-raketa-s-topka-match-point\/#breadcrumb","itemListElement":[{"@type":"ListItem","position":1,"name":"\u041d\u0430\u0447\u0430\u043b\u043e","item":"https:\/\/luxuryracketclub.com\/ro\/"},{"@type":"ListItem","position":2,"name":"Magazin","item":"https:\/\/luxuryracketclub.com\/ro\/magazin\/"},{"@type":"ListItem","position":3,"name":"Colier din argint cu rachet\u0103 de tenis \u0219i minge \u201eMatch point\u201d"}]},{"@type":"WebSite","@id":"https:\/\/luxuryracketclub.com\/#website","url":"https:\/\/luxuryracketclub.com\/","name":"\u0420\u044a\u0447\u043d\u043e \u0438\u0437\u0440\u0430\u0431\u043e\u0442\u0435\u043d\u0438 \u0442\u0435\u043d\u0438\u0441 \u0431\u0438\u0436\u0443\u0442\u0430 \u0438 \u0430\u043a\u0441\u0435\u0441\u043e\u0430\u0440\u0438","description":"","potentialAction":[{"@type":"SearchAction","target":{"@type":"EntryPoint","urlTemplate":"https:\/\/luxuryracketclub.com\/?s={search_term_string}"},"query-input":{"@type":"PropertyValueSpecification","valueRequired":true,"valueName":"search_term_string"}}],"inLanguage":"ro-RO"}]}},"_links":{"self":[{"href":"https:\/\/luxuryracketclub.com\/ro\/wp-json\/wp\/v2\/product\/14438","targetHints":{"allow":["GET"]}}],"collection":[{"href":"https:\/\/luxuryracketclub.com\/ro\/wp-json\/wp\/v2\/product"}],"about":[{"href":"https:\/\/luxuryracketclub.com\/ro\/wp-json\/wp\/v2\/types\/product"}],"replies":[{"embeddable":true,"href":"https:\/\/luxuryracketclub.com\/ro\/wp-json\/wp\/v2\/comments?post=14438"}],"wp:featuredmedia":[{"embeddable":true,"href":"https:\/\/luxuryracketclub.com\/ro\/wp-json\/wp\/v2\/media\/14439"}],"wp:attachment":[{"href":"https:\/\/luxuryracketclub.com\/ro\/wp-json\/wp\/v2\/media?parent=14438"}],"wp:term":[{"taxonomy":"product_brand","embeddable":true,"href":"https:\/\/luxuryracketclub.com\/ro\/wp-json\/wp\/v2\/product_brand?post=14438"},{"taxonomy":"product_cat","embeddable":true,"href":"https:\/\/luxuryracketclub.com\/ro\/wp-json\/wp\/v2\/product_cat?post=14438"},{"taxonomy":"product_tag","embeddable":true,"href":"https:\/\/luxuryracketclub.com\/ro\/wp-json\/wp\/v2\/product_tag?post=14438"}],"curies":[{"name":"wp","href":"https:\/\/api.w.org\/{rel}","templated":true}]}}