{"id":14376,"date":"2023-07-31T08:20:43","date_gmt":"2023-07-31T05:20:43","guid":{"rendered":"https:\/\/luxuryracketclub.com\/p\/srebaren-talisman-tenis-raketa-s-tenis-topka-shampion\/"},"modified":"2026-04-16T05:58:17","modified_gmt":"2026-04-16T02:58:17","slug":"srebaren-talisman-tenis-raketa-s-tenis-topka-shampion","status":"publish","type":"product","link":"https:\/\/luxuryracketclub.com\/ro\/p\/srebaren-talisman-tenis-raketa-s-tenis-topka-shampion\/","title":{"rendered":"Rachet\u0103 de tenis mascot\u0103 argintie cu minge de tenis \u201eCampion\u201d"},"content":{"rendered":"","protected":false},"excerpt":{"rendered":"<p>Arat\u0103 tuturor c\u0103 tenisul este sportul t\u0103u preferat \u0219i c\u0103 \u021bii \u00een mod regulat o rachet\u0103 \u00een m\u00e2n\u0103 cu acest talisman din argint 925. Simbolizeaz\u0103 dragostea ta pentru tenis, entuziasmul unui meci de tenis \u0219i stilul de via\u021b\u0103 care vine odat\u0103 cu acesta. Punctul culminant este racheta de tenis cu m\u00e2ner \u00een form\u0103 de inim\u0103, \u00eencordare ajurata \u0219i o minge de tenis cu dungi pronun\u021bate care se desf\u0103\u0219oar\u0103 de-a lungul conturului rachetei. Inscrip\u021bia gravat\u0103 \u201etennis\u201d \u00ee\u021bi va aminti de leg\u0103tura ta cu acest sport \u00een timp ce por\u021bi frumosul nostru talisman.<\/p>\n<p><strong>LUXURY RACKET CLUB<\/strong> este art\u0103, cu aten\u021bie la fiecare detaliu.<\/p>\n","protected":false},"featured_media":14377,"comment_status":"open","ping_status":"closed","template":"","meta":{"_acf_changed":false,"_nectar_blocks_hide_post_title":false,"_nectar_blocks_transparent_header_effect":false,"_nectar_blocks_transparent_header_effect_color":"light","_nectar_blocks_header_animation":false,"_nectar_blocks_header_animation_delay":0,"_nectar_blocks_header_animation_effect":"fade","_nectar_blocks_page_css":"","_nectar_blocks_page_js":"","inline_featured_image":false},"product_brand":[],"product_cat":[869],"product_tag":[908,841,994,970,928],"class_list":{"0":"post-14376","1":"product","2":"type-product","3":"status-publish","4":"has-post-thumbnail","6":"product_cat-treble","7":"product_tag-bijuterii-de-tenis","8":"product_tag-podarak-za-tenisist-ro","9":"product_tag-srebaren-talisman-ro","10":"product_tag-tenis-stil-ro","11":"product_tag-tenis-talisman-ro","13":"first","14":"instock","15":"sale","16":"shipping-taxable","17":"purchasable","18":"product-type-simple"},"acf":[],"yoast_head":"<!-- This site is optimized with the Yoast SEO plugin v27.4 - https:\/\/yoast.com\/product\/yoast-seo-wordpress\/ -->\n<title>Rachet\u0103 de tenis mascot\u0103 argintie cu minge de tenis \u201eCampion\u201d - \u0420\u044a\u0447\u043d\u043e \u0438\u0437\u0440\u0430\u0431\u043e\u0442\u0435\u043d\u0438 \u0442\u0435\u043d\u0438\u0441 \u0431\u0438\u0436\u0443\u0442\u0430 \u0438 \u0430\u043a\u0441\u0435\u0441\u043e\u0430\u0440\u0438<\/title>\n<meta name=\"robots\" content=\"index, follow, max-snippet:-1, max-image-preview:large, max-video-preview:-1\" \/>\n<link rel=\"canonical\" href=\"https:\/\/luxuryracketclub.com\/ro\/p\/srebaren-talisman-tenis-raketa-s-tenis-topka-shampion\/\" \/>\n<meta property=\"og:locale\" content=\"ro_RO\" \/>\n<meta property=\"og:type\" content=\"article\" \/>\n<meta property=\"og:title\" content=\"Rachet\u0103 de tenis mascot\u0103 argintie cu minge de tenis \u201eCampion\u201d - \u0420\u044a\u0447\u043d\u043e \u0438\u0437\u0440\u0430\u0431\u043e\u0442\u0435\u043d\u0438 \u0442\u0435\u043d\u0438\u0441 \u0431\u0438\u0436\u0443\u0442\u0430 \u0438 \u0430\u043a\u0441\u0435\u0441\u043e\u0430\u0440\u0438\" \/>\n<meta property=\"og:description\" content=\"Arat\u0103 tuturor c\u0103 tenisul este sportul t\u0103u preferat \u0219i c\u0103 \u021bii \u00een mod regulat o rachet\u0103 \u00een m\u00e2n\u0103 cu acest talisman din argint 925. Simbolizeaz\u0103 dragostea ta pentru tenis, entuziasmul unui meci de tenis \u0219i stilul de via\u021b\u0103 care vine odat\u0103 cu acesta. Punctul culminant este racheta de tenis cu m\u00e2ner \u00een form\u0103 de inim\u0103, \u00eencordare ajurata \u0219i o minge de tenis cu dungi pronun\u021bate care se desf\u0103\u0219oar\u0103 de-a lungul conturului rachetei. Inscrip\u021bia gravat\u0103 \u201etennis\u201d \u00ee\u021bi va aminti de leg\u0103tura ta cu acest sport \u00een timp ce por\u021bi frumosul nostru talisman.  LUXURY RACKET CLUB este art\u0103, cu aten\u021bie la fiecare detaliu.\" \/>\n<meta property=\"og:url\" content=\"https:\/\/luxuryracketclub.com\/ro\/p\/srebaren-talisman-tenis-raketa-s-tenis-topka-shampion\/\" \/>\n<meta property=\"og:site_name\" content=\"\u0420\u044a\u0447\u043d\u043e \u0438\u0437\u0440\u0430\u0431\u043e\u0442\u0435\u043d\u0438 \u0442\u0435\u043d\u0438\u0441 \u0431\u0438\u0436\u0443\u0442\u0430 \u0438 \u0430\u043a\u0441\u0435\u0441\u043e\u0430\u0440\u0438\" \/>\n<meta property=\"article:modified_time\" content=\"2026-04-16T02:58:17+00:00\" \/>\n<meta property=\"og:image\" content=\"https:\/\/luxuryracketclub.com\/wp-content\/uploads\/2023\/07\/product.talisman-tenis-raketa-min.jpg\" \/>\n\t<meta property=\"og:image:width\" content=\"1700\" \/>\n\t<meta property=\"og:image:height\" content=\"1700\" \/>\n\t<meta property=\"og:image:type\" content=\"image\/jpeg\" \/>\n<meta name=\"twitter:card\" content=\"summary_large_image\" \/>\n<meta name=\"twitter:label1\" content=\"Timp estimat pentru citire\" \/>\n\t<meta name=\"twitter:data1\" content=\"1 minut\" \/>\n<script type=\"application\/ld+json\" class=\"yoast-schema-graph\">{\"@context\":\"https:\\\/\\\/schema.org\",\"@graph\":[{\"@type\":\"WebPage\",\"@id\":\"https:\\\/\\\/luxuryracketclub.com\\\/ro\\\/p\\\/srebaren-talisman-tenis-raketa-s-tenis-topka-shampion\\\/\",\"url\":\"https:\\\/\\\/luxuryracketclub.com\\\/ro\\\/p\\\/srebaren-talisman-tenis-raketa-s-tenis-topka-shampion\\\/\",\"name\":\"Rachet\u0103 de tenis mascot\u0103 argintie cu minge de tenis \u201eCampion\u201d - \u0420\u044a\u0447\u043d\u043e \u0438\u0437\u0440\u0430\u0431\u043e\u0442\u0435\u043d\u0438 \u0442\u0435\u043d\u0438\u0441 \u0431\u0438\u0436\u0443\u0442\u0430 \u0438 \u0430\u043a\u0441\u0435\u0441\u043e\u0430\u0440\u0438\",\"isPartOf\":{\"@id\":\"https:\\\/\\\/luxuryracketclub.com\\\/#website\"},\"primaryImageOfPage\":{\"@id\":\"https:\\\/\\\/luxuryracketclub.com\\\/ro\\\/p\\\/srebaren-talisman-tenis-raketa-s-tenis-topka-shampion\\\/#primaryimage\"},\"image\":{\"@id\":\"https:\\\/\\\/luxuryracketclub.com\\\/ro\\\/p\\\/srebaren-talisman-tenis-raketa-s-tenis-topka-shampion\\\/#primaryimage\"},\"thumbnailUrl\":\"https:\\\/\\\/luxuryracketclub.com\\\/wp-content\\\/uploads\\\/2023\\\/07\\\/product.talisman-tenis-raketa-min.jpg\",\"datePublished\":\"2023-07-31T05:20:43+00:00\",\"dateModified\":\"2026-04-16T02:58:17+00:00\",\"breadcrumb\":{\"@id\":\"https:\\\/\\\/luxuryracketclub.com\\\/ro\\\/p\\\/srebaren-talisman-tenis-raketa-s-tenis-topka-shampion\\\/#breadcrumb\"},\"inLanguage\":\"ro-RO\",\"potentialAction\":[{\"@type\":\"ReadAction\",\"target\":[\"https:\\\/\\\/luxuryracketclub.com\\\/ro\\\/p\\\/srebaren-talisman-tenis-raketa-s-tenis-topka-shampion\\\/\"]}]},{\"@type\":\"ImageObject\",\"inLanguage\":\"ro-RO\",\"@id\":\"https:\\\/\\\/luxuryracketclub.com\\\/ro\\\/p\\\/srebaren-talisman-tenis-raketa-s-tenis-topka-shampion\\\/#primaryimage\",\"url\":\"https:\\\/\\\/luxuryracketclub.com\\\/wp-content\\\/uploads\\\/2023\\\/07\\\/product.talisman-tenis-raketa-min.jpg\",\"contentUrl\":\"https:\\\/\\\/luxuryracketclub.com\\\/wp-content\\\/uploads\\\/2023\\\/07\\\/product.talisman-tenis-raketa-min.jpg\",\"width\":1700,\"height\":1700,\"caption\":\"\u0422\u0430\u043b\u0438\u0441\u043c\u0430\u043d \u0422\u0435\u043d\u0438\u0441 \u0440\u0430\u043a\u0435\u0442\u0430\"},{\"@type\":\"BreadcrumbList\",\"@id\":\"https:\\\/\\\/luxuryracketclub.com\\\/ro\\\/p\\\/srebaren-talisman-tenis-raketa-s-tenis-topka-shampion\\\/#breadcrumb\",\"itemListElement\":[{\"@type\":\"ListItem\",\"position\":1,\"name\":\"\u041d\u0430\u0447\u0430\u043b\u043e\",\"item\":\"https:\\\/\\\/luxuryracketclub.com\\\/ro\\\/\"},{\"@type\":\"ListItem\",\"position\":2,\"name\":\"Magazin\",\"item\":\"https:\\\/\\\/luxuryracketclub.com\\\/ro\\\/magazin\\\/\"},{\"@type\":\"ListItem\",\"position\":3,\"name\":\"Rachet\u0103 de tenis mascot\u0103 argintie cu minge de tenis \u201eCampion\u201d\"}]},{\"@type\":\"WebSite\",\"@id\":\"https:\\\/\\\/luxuryracketclub.com\\\/#website\",\"url\":\"https:\\\/\\\/luxuryracketclub.com\\\/\",\"name\":\"\u0420\u044a\u0447\u043d\u043e \u0438\u0437\u0440\u0430\u0431\u043e\u0442\u0435\u043d\u0438 \u0442\u0435\u043d\u0438\u0441 \u0431\u0438\u0436\u0443\u0442\u0430 \u0438 \u0430\u043a\u0441\u0435\u0441\u043e\u0430\u0440\u0438\",\"description\":\"\",\"potentialAction\":[{\"@type\":\"SearchAction\",\"target\":{\"@type\":\"EntryPoint\",\"urlTemplate\":\"https:\\\/\\\/luxuryracketclub.com\\\/?s={search_term_string}\"},\"query-input\":{\"@type\":\"PropertyValueSpecification\",\"valueRequired\":true,\"valueName\":\"search_term_string\"}}],\"inLanguage\":\"ro-RO\"}]}<\/script>\n<!-- \/ Yoast SEO plugin. -->","yoast_head_json":{"title":"Rachet\u0103 de tenis mascot\u0103 argintie cu minge de tenis \u201eCampion\u201d - \u0420\u044a\u0447\u043d\u043e \u0438\u0437\u0440\u0430\u0431\u043e\u0442\u0435\u043d\u0438 \u0442\u0435\u043d\u0438\u0441 \u0431\u0438\u0436\u0443\u0442\u0430 \u0438 \u0430\u043a\u0441\u0435\u0441\u043e\u0430\u0440\u0438","robots":{"index":"index","follow":"follow","max-snippet":"max-snippet:-1","max-image-preview":"max-image-preview:large","max-video-preview":"max-video-preview:-1"},"canonical":"https:\/\/luxuryracketclub.com\/ro\/p\/srebaren-talisman-tenis-raketa-s-tenis-topka-shampion\/","og_locale":"ro_RO","og_type":"article","og_title":"Rachet\u0103 de tenis mascot\u0103 argintie cu minge de tenis \u201eCampion\u201d - \u0420\u044a\u0447\u043d\u043e \u0438\u0437\u0440\u0430\u0431\u043e\u0442\u0435\u043d\u0438 \u0442\u0435\u043d\u0438\u0441 \u0431\u0438\u0436\u0443\u0442\u0430 \u0438 \u0430\u043a\u0441\u0435\u0441\u043e\u0430\u0440\u0438","og_description":"Arat\u0103 tuturor c\u0103 tenisul este sportul t\u0103u preferat \u0219i c\u0103 \u021bii \u00een mod regulat o rachet\u0103 \u00een m\u00e2n\u0103 cu acest talisman din argint 925. Simbolizeaz\u0103 dragostea ta pentru tenis, entuziasmul unui meci de tenis \u0219i stilul de via\u021b\u0103 care vine odat\u0103 cu acesta. Punctul culminant este racheta de tenis cu m\u00e2ner \u00een form\u0103 de inim\u0103, \u00eencordare ajurata \u0219i o minge de tenis cu dungi pronun\u021bate care se desf\u0103\u0219oar\u0103 de-a lungul conturului rachetei. Inscrip\u021bia gravat\u0103 \u201etennis\u201d \u00ee\u021bi va aminti de leg\u0103tura ta cu acest sport \u00een timp ce por\u021bi frumosul nostru talisman.  LUXURY RACKET CLUB este art\u0103, cu aten\u021bie la fiecare detaliu.","og_url":"https:\/\/luxuryracketclub.com\/ro\/p\/srebaren-talisman-tenis-raketa-s-tenis-topka-shampion\/","og_site_name":"\u0420\u044a\u0447\u043d\u043e \u0438\u0437\u0440\u0430\u0431\u043e\u0442\u0435\u043d\u0438 \u0442\u0435\u043d\u0438\u0441 \u0431\u0438\u0436\u0443\u0442\u0430 \u0438 \u0430\u043a\u0441\u0435\u0441\u043e\u0430\u0440\u0438","article_modified_time":"2026-04-16T02:58:17+00:00","og_image":[{"width":1700,"height":1700,"url":"https:\/\/luxuryracketclub.com\/wp-content\/uploads\/2023\/07\/product.talisman-tenis-raketa-min.jpg","type":"image\/jpeg"}],"twitter_card":"summary_large_image","twitter_misc":{"Timp estimat pentru citire":"1 minut"},"schema":{"@context":"https:\/\/schema.org","@graph":[{"@type":"WebPage","@id":"https:\/\/luxuryracketclub.com\/ro\/p\/srebaren-talisman-tenis-raketa-s-tenis-topka-shampion\/","url":"https:\/\/luxuryracketclub.com\/ro\/p\/srebaren-talisman-tenis-raketa-s-tenis-topka-shampion\/","name":"Rachet\u0103 de tenis mascot\u0103 argintie cu minge de tenis \u201eCampion\u201d - \u0420\u044a\u0447\u043d\u043e \u0438\u0437\u0440\u0430\u0431\u043e\u0442\u0435\u043d\u0438 \u0442\u0435\u043d\u0438\u0441 \u0431\u0438\u0436\u0443\u0442\u0430 \u0438 \u0430\u043a\u0441\u0435\u0441\u043e\u0430\u0440\u0438","isPartOf":{"@id":"https:\/\/luxuryracketclub.com\/#website"},"primaryImageOfPage":{"@id":"https:\/\/luxuryracketclub.com\/ro\/p\/srebaren-talisman-tenis-raketa-s-tenis-topka-shampion\/#primaryimage"},"image":{"@id":"https:\/\/luxuryracketclub.com\/ro\/p\/srebaren-talisman-tenis-raketa-s-tenis-topka-shampion\/#primaryimage"},"thumbnailUrl":"https:\/\/luxuryracketclub.com\/wp-content\/uploads\/2023\/07\/product.talisman-tenis-raketa-min.jpg","datePublished":"2023-07-31T05:20:43+00:00","dateModified":"2026-04-16T02:58:17+00:00","breadcrumb":{"@id":"https:\/\/luxuryracketclub.com\/ro\/p\/srebaren-talisman-tenis-raketa-s-tenis-topka-shampion\/#breadcrumb"},"inLanguage":"ro-RO","potentialAction":[{"@type":"ReadAction","target":["https:\/\/luxuryracketclub.com\/ro\/p\/srebaren-talisman-tenis-raketa-s-tenis-topka-shampion\/"]}]},{"@type":"ImageObject","inLanguage":"ro-RO","@id":"https:\/\/luxuryracketclub.com\/ro\/p\/srebaren-talisman-tenis-raketa-s-tenis-topka-shampion\/#primaryimage","url":"https:\/\/luxuryracketclub.com\/wp-content\/uploads\/2023\/07\/product.talisman-tenis-raketa-min.jpg","contentUrl":"https:\/\/luxuryracketclub.com\/wp-content\/uploads\/2023\/07\/product.talisman-tenis-raketa-min.jpg","width":1700,"height":1700,"caption":"\u0422\u0430\u043b\u0438\u0441\u043c\u0430\u043d \u0422\u0435\u043d\u0438\u0441 \u0440\u0430\u043a\u0435\u0442\u0430"},{"@type":"BreadcrumbList","@id":"https:\/\/luxuryracketclub.com\/ro\/p\/srebaren-talisman-tenis-raketa-s-tenis-topka-shampion\/#breadcrumb","itemListElement":[{"@type":"ListItem","position":1,"name":"\u041d\u0430\u0447\u0430\u043b\u043e","item":"https:\/\/luxuryracketclub.com\/ro\/"},{"@type":"ListItem","position":2,"name":"Magazin","item":"https:\/\/luxuryracketclub.com\/ro\/magazin\/"},{"@type":"ListItem","position":3,"name":"Rachet\u0103 de tenis mascot\u0103 argintie cu minge de tenis \u201eCampion\u201d"}]},{"@type":"WebSite","@id":"https:\/\/luxuryracketclub.com\/#website","url":"https:\/\/luxuryracketclub.com\/","name":"\u0420\u044a\u0447\u043d\u043e \u0438\u0437\u0440\u0430\u0431\u043e\u0442\u0435\u043d\u0438 \u0442\u0435\u043d\u0438\u0441 \u0431\u0438\u0436\u0443\u0442\u0430 \u0438 \u0430\u043a\u0441\u0435\u0441\u043e\u0430\u0440\u0438","description":"","potentialAction":[{"@type":"SearchAction","target":{"@type":"EntryPoint","urlTemplate":"https:\/\/luxuryracketclub.com\/?s={search_term_string}"},"query-input":{"@type":"PropertyValueSpecification","valueRequired":true,"valueName":"search_term_string"}}],"inLanguage":"ro-RO"}]}},"_links":{"self":[{"href":"https:\/\/luxuryracketclub.com\/ro\/wp-json\/wp\/v2\/product\/14376","targetHints":{"allow":["GET"]}}],"collection":[{"href":"https:\/\/luxuryracketclub.com\/ro\/wp-json\/wp\/v2\/product"}],"about":[{"href":"https:\/\/luxuryracketclub.com\/ro\/wp-json\/wp\/v2\/types\/product"}],"replies":[{"embeddable":true,"href":"https:\/\/luxuryracketclub.com\/ro\/wp-json\/wp\/v2\/comments?post=14376"}],"wp:featuredmedia":[{"embeddable":true,"href":"https:\/\/luxuryracketclub.com\/ro\/wp-json\/wp\/v2\/media\/14377"}],"wp:attachment":[{"href":"https:\/\/luxuryracketclub.com\/ro\/wp-json\/wp\/v2\/media?parent=14376"}],"wp:term":[{"taxonomy":"product_brand","embeddable":true,"href":"https:\/\/luxuryracketclub.com\/ro\/wp-json\/wp\/v2\/product_brand?post=14376"},{"taxonomy":"product_cat","embeddable":true,"href":"https:\/\/luxuryracketclub.com\/ro\/wp-json\/wp\/v2\/product_cat?post=14376"},{"taxonomy":"product_tag","embeddable":true,"href":"https:\/\/luxuryracketclub.com\/ro\/wp-json\/wp\/v2\/product_tag?post=14376"}],"curies":[{"name":"wp","href":"https:\/\/api.w.org\/{rel}","templated":true}]}}