{"id":14351,"date":"2023-07-31T08:20:40","date_gmt":"2023-07-31T05:20:40","guid":{"rendered":"https:\/\/luxuryracketclub.com\/p\/srebaren-talisman-vav-formata-na-medal-live-your-dream\/"},"modified":"2025-08-29T07:01:39","modified_gmt":"2025-08-29T04:01:39","slug":"srebaren-talisman-vav-formata-na-medal-live-your-dream","status":"publish","type":"product","link":"https:\/\/luxuryracketclub.com\/ro\/p\/srebaren-talisman-vav-formata-na-medal-live-your-dream\/","title":{"rendered":"Talisman de argint \u00een form\u0103 de medalie \u201eTr\u0103ie\u0219te-\u021bi visul\u201d"},"content":{"rendered":"","protected":false},"excerpt":{"rendered":"<p>Adev\u0103ratele victorii sunt cele pe care le s\u0103rb\u0103tore\u0219ti \u00een afara terenului. Asta \u00eenseamn\u0103 acest pandantiv medalie, realizat din argint 925 de \u00eenalt\u0103 calitate, \u0219i te motiveaz\u0103 s\u0103 dai mereu tot ce ai mai bun \u0219i s\u0103-\u021bi tr\u0103ie\u0219ti visele! Partea din fa\u021b\u0103 este gravat\u0103 cu \u201eTr\u0103ie\u0219te-\u021bi visul\u201d, care \u00ee\u021bi va aminti mereu s\u0103 visezi la viitor \u0219i s\u0103 nu renun\u021bi niciodat\u0103.<\/p>\n<p><strong>LUXURY RACKET CLUB<\/strong> este o art\u0103, cu aten\u021bie la fiecare detaliu.<\/p>\n","protected":false},"featured_media":14044,"comment_status":"open","ping_status":"closed","template":"","meta":{"_acf_changed":false,"_nectar_blocks_hide_post_title":false,"_nectar_blocks_transparent_header_effect":false,"_nectar_blocks_transparent_header_effect_color":"light","_nectar_blocks_header_animation":false,"_nectar_blocks_header_animation_delay":0,"_nectar_blocks_header_animation_effect":"fade","_nectar_blocks_page_css":"","_nectar_blocks_page_js":"","inline_featured_image":false},"product_brand":[],"product_cat":[869],"product_tag":[908,841],"class_list":{"0":"post-14351","1":"product","2":"type-product","3":"status-publish","4":"has-post-thumbnail","6":"product_cat-treble","7":"product_tag-bijuterii-de-tenis","8":"product_tag-podarak-za-tenisist-ro","10":"first","11":"instock","12":"sale","13":"shipping-taxable","14":"purchasable","15":"product-type-simple"},"acf":[],"yoast_head":"<!-- This site is optimized with the Yoast SEO plugin v27.4 - https:\/\/yoast.com\/product\/yoast-seo-wordpress\/ -->\n<title>Talisman de argint \u00een form\u0103 de medalie \u201eTr\u0103ie\u0219te-\u021bi visul\u201d - \u0420\u044a\u0447\u043d\u043e \u0438\u0437\u0440\u0430\u0431\u043e\u0442\u0435\u043d\u0438 \u0442\u0435\u043d\u0438\u0441 \u0431\u0438\u0436\u0443\u0442\u0430 \u0438 \u0430\u043a\u0441\u0435\u0441\u043e\u0430\u0440\u0438<\/title>\n<meta name=\"robots\" content=\"index, follow, max-snippet:-1, max-image-preview:large, max-video-preview:-1\" \/>\n<link rel=\"canonical\" href=\"https:\/\/luxuryracketclub.com\/ro\/p\/srebaren-talisman-vav-formata-na-medal-live-your-dream\/\" \/>\n<meta property=\"og:locale\" content=\"ro_RO\" \/>\n<meta property=\"og:type\" content=\"article\" \/>\n<meta property=\"og:title\" content=\"Talisman de argint \u00een form\u0103 de medalie \u201eTr\u0103ie\u0219te-\u021bi visul\u201d - \u0420\u044a\u0447\u043d\u043e \u0438\u0437\u0440\u0430\u0431\u043e\u0442\u0435\u043d\u0438 \u0442\u0435\u043d\u0438\u0441 \u0431\u0438\u0436\u0443\u0442\u0430 \u0438 \u0430\u043a\u0441\u0435\u0441\u043e\u0430\u0440\u0438\" \/>\n<meta property=\"og:description\" content=\"Adev\u0103ratele victorii sunt cele pe care le s\u0103rb\u0103tore\u0219ti \u00een afara terenului. Asta \u00eenseamn\u0103 acest pandantiv medalie, realizat din argint 925 de \u00eenalt\u0103 calitate, \u0219i te motiveaz\u0103 s\u0103 dai mereu tot ce ai mai bun \u0219i s\u0103-\u021bi tr\u0103ie\u0219ti visele! Partea din fa\u021b\u0103 este gravat\u0103 cu \u201eTr\u0103ie\u0219te-\u021bi visul\u201d, care \u00ee\u021bi va aminti mereu s\u0103 visezi la viitor \u0219i s\u0103 nu renun\u021bi niciodat\u0103.  LUXURY RACKET CLUB este o art\u0103, cu aten\u021bie la fiecare detaliu.\" \/>\n<meta property=\"og:url\" content=\"https:\/\/luxuryracketclub.com\/ro\/p\/srebaren-talisman-vav-formata-na-medal-live-your-dream\/\" \/>\n<meta property=\"og:site_name\" content=\"\u0420\u044a\u0447\u043d\u043e \u0438\u0437\u0440\u0430\u0431\u043e\u0442\u0435\u043d\u0438 \u0442\u0435\u043d\u0438\u0441 \u0431\u0438\u0436\u0443\u0442\u0430 \u0438 \u0430\u043a\u0441\u0435\u0441\u043e\u0430\u0440\u0438\" \/>\n<meta property=\"article:modified_time\" content=\"2025-08-29T04:01:39+00:00\" \/>\n<meta property=\"og:image\" content=\"https:\/\/luxuryracketclub.com\/wp-content\/uploads\/2023\/07\/product.talisman.mechtay-min.jpg\" \/>\n\t<meta property=\"og:image:width\" content=\"1708\" \/>\n\t<meta property=\"og:image:height\" content=\"1708\" \/>\n\t<meta property=\"og:image:type\" content=\"image\/jpeg\" \/>\n<meta name=\"twitter:card\" content=\"summary_large_image\" \/>\n<meta name=\"twitter:label1\" content=\"Timp estimat pentru citire\" \/>\n\t<meta name=\"twitter:data1\" content=\"1 minut\" \/>\n<script type=\"application\/ld+json\" class=\"yoast-schema-graph\">{\"@context\":\"https:\\\/\\\/schema.org\",\"@graph\":[{\"@type\":\"WebPage\",\"@id\":\"https:\\\/\\\/luxuryracketclub.com\\\/ro\\\/p\\\/srebaren-talisman-vav-formata-na-medal-live-your-dream\\\/\",\"url\":\"https:\\\/\\\/luxuryracketclub.com\\\/ro\\\/p\\\/srebaren-talisman-vav-formata-na-medal-live-your-dream\\\/\",\"name\":\"Talisman de argint \u00een form\u0103 de medalie \u201eTr\u0103ie\u0219te-\u021bi visul\u201d - \u0420\u044a\u0447\u043d\u043e \u0438\u0437\u0440\u0430\u0431\u043e\u0442\u0435\u043d\u0438 \u0442\u0435\u043d\u0438\u0441 \u0431\u0438\u0436\u0443\u0442\u0430 \u0438 \u0430\u043a\u0441\u0435\u0441\u043e\u0430\u0440\u0438\",\"isPartOf\":{\"@id\":\"https:\\\/\\\/luxuryracketclub.com\\\/#website\"},\"primaryImageOfPage\":{\"@id\":\"https:\\\/\\\/luxuryracketclub.com\\\/ro\\\/p\\\/srebaren-talisman-vav-formata-na-medal-live-your-dream\\\/#primaryimage\"},\"image\":{\"@id\":\"https:\\\/\\\/luxuryracketclub.com\\\/ro\\\/p\\\/srebaren-talisman-vav-formata-na-medal-live-your-dream\\\/#primaryimage\"},\"thumbnailUrl\":\"https:\\\/\\\/luxuryracketclub.com\\\/wp-content\\\/uploads\\\/2023\\\/07\\\/product.talisman.mechtay-min.jpg\",\"datePublished\":\"2023-07-31T05:20:40+00:00\",\"dateModified\":\"2025-08-29T04:01:39+00:00\",\"breadcrumb\":{\"@id\":\"https:\\\/\\\/luxuryracketclub.com\\\/ro\\\/p\\\/srebaren-talisman-vav-formata-na-medal-live-your-dream\\\/#breadcrumb\"},\"inLanguage\":\"ro-RO\",\"potentialAction\":[{\"@type\":\"ReadAction\",\"target\":[\"https:\\\/\\\/luxuryracketclub.com\\\/ro\\\/p\\\/srebaren-talisman-vav-formata-na-medal-live-your-dream\\\/\"]}]},{\"@type\":\"ImageObject\",\"inLanguage\":\"ro-RO\",\"@id\":\"https:\\\/\\\/luxuryracketclub.com\\\/ro\\\/p\\\/srebaren-talisman-vav-formata-na-medal-live-your-dream\\\/#primaryimage\",\"url\":\"https:\\\/\\\/luxuryracketclub.com\\\/wp-content\\\/uploads\\\/2023\\\/07\\\/product.talisman.mechtay-min.jpg\",\"contentUrl\":\"https:\\\/\\\/luxuryracketclub.com\\\/wp-content\\\/uploads\\\/2023\\\/07\\\/product.talisman.mechtay-min.jpg\",\"width\":1708,\"height\":1708,\"caption\":\"\u0422\u0430\u043b\u0438\u0441\u043c\u0430\u043d \\\"Live your dream\\\"\"},{\"@type\":\"BreadcrumbList\",\"@id\":\"https:\\\/\\\/luxuryracketclub.com\\\/ro\\\/p\\\/srebaren-talisman-vav-formata-na-medal-live-your-dream\\\/#breadcrumb\",\"itemListElement\":[{\"@type\":\"ListItem\",\"position\":1,\"name\":\"\u041d\u0430\u0447\u0430\u043b\u043e\",\"item\":\"https:\\\/\\\/luxuryracketclub.com\\\/ro\\\/\"},{\"@type\":\"ListItem\",\"position\":2,\"name\":\"Magazin\",\"item\":\"https:\\\/\\\/luxuryracketclub.com\\\/ro\\\/magazin\\\/\"},{\"@type\":\"ListItem\",\"position\":3,\"name\":\"Talisman de argint \u00een form\u0103 de medalie \u201eTr\u0103ie\u0219te-\u021bi visul\u201d\"}]},{\"@type\":\"WebSite\",\"@id\":\"https:\\\/\\\/luxuryracketclub.com\\\/#website\",\"url\":\"https:\\\/\\\/luxuryracketclub.com\\\/\",\"name\":\"\u0420\u044a\u0447\u043d\u043e \u0438\u0437\u0440\u0430\u0431\u043e\u0442\u0435\u043d\u0438 \u0442\u0435\u043d\u0438\u0441 \u0431\u0438\u0436\u0443\u0442\u0430 \u0438 \u0430\u043a\u0441\u0435\u0441\u043e\u0430\u0440\u0438\",\"description\":\"\",\"potentialAction\":[{\"@type\":\"SearchAction\",\"target\":{\"@type\":\"EntryPoint\",\"urlTemplate\":\"https:\\\/\\\/luxuryracketclub.com\\\/?s={search_term_string}\"},\"query-input\":{\"@type\":\"PropertyValueSpecification\",\"valueRequired\":true,\"valueName\":\"search_term_string\"}}],\"inLanguage\":\"ro-RO\"}]}<\/script>\n<!-- \/ Yoast SEO plugin. -->","yoast_head_json":{"title":"Talisman de argint \u00een form\u0103 de medalie \u201eTr\u0103ie\u0219te-\u021bi visul\u201d - \u0420\u044a\u0447\u043d\u043e \u0438\u0437\u0440\u0430\u0431\u043e\u0442\u0435\u043d\u0438 \u0442\u0435\u043d\u0438\u0441 \u0431\u0438\u0436\u0443\u0442\u0430 \u0438 \u0430\u043a\u0441\u0435\u0441\u043e\u0430\u0440\u0438","robots":{"index":"index","follow":"follow","max-snippet":"max-snippet:-1","max-image-preview":"max-image-preview:large","max-video-preview":"max-video-preview:-1"},"canonical":"https:\/\/luxuryracketclub.com\/ro\/p\/srebaren-talisman-vav-formata-na-medal-live-your-dream\/","og_locale":"ro_RO","og_type":"article","og_title":"Talisman de argint \u00een form\u0103 de medalie \u201eTr\u0103ie\u0219te-\u021bi visul\u201d - \u0420\u044a\u0447\u043d\u043e \u0438\u0437\u0440\u0430\u0431\u043e\u0442\u0435\u043d\u0438 \u0442\u0435\u043d\u0438\u0441 \u0431\u0438\u0436\u0443\u0442\u0430 \u0438 \u0430\u043a\u0441\u0435\u0441\u043e\u0430\u0440\u0438","og_description":"Adev\u0103ratele victorii sunt cele pe care le s\u0103rb\u0103tore\u0219ti \u00een afara terenului. Asta \u00eenseamn\u0103 acest pandantiv medalie, realizat din argint 925 de \u00eenalt\u0103 calitate, \u0219i te motiveaz\u0103 s\u0103 dai mereu tot ce ai mai bun \u0219i s\u0103-\u021bi tr\u0103ie\u0219ti visele! Partea din fa\u021b\u0103 este gravat\u0103 cu \u201eTr\u0103ie\u0219te-\u021bi visul\u201d, care \u00ee\u021bi va aminti mereu s\u0103 visezi la viitor \u0219i s\u0103 nu renun\u021bi niciodat\u0103.  LUXURY RACKET CLUB este o art\u0103, cu aten\u021bie la fiecare detaliu.","og_url":"https:\/\/luxuryracketclub.com\/ro\/p\/srebaren-talisman-vav-formata-na-medal-live-your-dream\/","og_site_name":"\u0420\u044a\u0447\u043d\u043e \u0438\u0437\u0440\u0430\u0431\u043e\u0442\u0435\u043d\u0438 \u0442\u0435\u043d\u0438\u0441 \u0431\u0438\u0436\u0443\u0442\u0430 \u0438 \u0430\u043a\u0441\u0435\u0441\u043e\u0430\u0440\u0438","article_modified_time":"2025-08-29T04:01:39+00:00","og_image":[{"width":1708,"height":1708,"url":"https:\/\/luxuryracketclub.com\/wp-content\/uploads\/2023\/07\/product.talisman.mechtay-min.jpg","type":"image\/jpeg"}],"twitter_card":"summary_large_image","twitter_misc":{"Timp estimat pentru citire":"1 minut"},"schema":{"@context":"https:\/\/schema.org","@graph":[{"@type":"WebPage","@id":"https:\/\/luxuryracketclub.com\/ro\/p\/srebaren-talisman-vav-formata-na-medal-live-your-dream\/","url":"https:\/\/luxuryracketclub.com\/ro\/p\/srebaren-talisman-vav-formata-na-medal-live-your-dream\/","name":"Talisman de argint \u00een form\u0103 de medalie \u201eTr\u0103ie\u0219te-\u021bi visul\u201d - \u0420\u044a\u0447\u043d\u043e \u0438\u0437\u0440\u0430\u0431\u043e\u0442\u0435\u043d\u0438 \u0442\u0435\u043d\u0438\u0441 \u0431\u0438\u0436\u0443\u0442\u0430 \u0438 \u0430\u043a\u0441\u0435\u0441\u043e\u0430\u0440\u0438","isPartOf":{"@id":"https:\/\/luxuryracketclub.com\/#website"},"primaryImageOfPage":{"@id":"https:\/\/luxuryracketclub.com\/ro\/p\/srebaren-talisman-vav-formata-na-medal-live-your-dream\/#primaryimage"},"image":{"@id":"https:\/\/luxuryracketclub.com\/ro\/p\/srebaren-talisman-vav-formata-na-medal-live-your-dream\/#primaryimage"},"thumbnailUrl":"https:\/\/luxuryracketclub.com\/wp-content\/uploads\/2023\/07\/product.talisman.mechtay-min.jpg","datePublished":"2023-07-31T05:20:40+00:00","dateModified":"2025-08-29T04:01:39+00:00","breadcrumb":{"@id":"https:\/\/luxuryracketclub.com\/ro\/p\/srebaren-talisman-vav-formata-na-medal-live-your-dream\/#breadcrumb"},"inLanguage":"ro-RO","potentialAction":[{"@type":"ReadAction","target":["https:\/\/luxuryracketclub.com\/ro\/p\/srebaren-talisman-vav-formata-na-medal-live-your-dream\/"]}]},{"@type":"ImageObject","inLanguage":"ro-RO","@id":"https:\/\/luxuryracketclub.com\/ro\/p\/srebaren-talisman-vav-formata-na-medal-live-your-dream\/#primaryimage","url":"https:\/\/luxuryracketclub.com\/wp-content\/uploads\/2023\/07\/product.talisman.mechtay-min.jpg","contentUrl":"https:\/\/luxuryracketclub.com\/wp-content\/uploads\/2023\/07\/product.talisman.mechtay-min.jpg","width":1708,"height":1708,"caption":"\u0422\u0430\u043b\u0438\u0441\u043c\u0430\u043d \"Live your dream\""},{"@type":"BreadcrumbList","@id":"https:\/\/luxuryracketclub.com\/ro\/p\/srebaren-talisman-vav-formata-na-medal-live-your-dream\/#breadcrumb","itemListElement":[{"@type":"ListItem","position":1,"name":"\u041d\u0430\u0447\u0430\u043b\u043e","item":"https:\/\/luxuryracketclub.com\/ro\/"},{"@type":"ListItem","position":2,"name":"Magazin","item":"https:\/\/luxuryracketclub.com\/ro\/magazin\/"},{"@type":"ListItem","position":3,"name":"Talisman de argint \u00een form\u0103 de medalie \u201eTr\u0103ie\u0219te-\u021bi visul\u201d"}]},{"@type":"WebSite","@id":"https:\/\/luxuryracketclub.com\/#website","url":"https:\/\/luxuryracketclub.com\/","name":"\u0420\u044a\u0447\u043d\u043e \u0438\u0437\u0440\u0430\u0431\u043e\u0442\u0435\u043d\u0438 \u0442\u0435\u043d\u0438\u0441 \u0431\u0438\u0436\u0443\u0442\u0430 \u0438 \u0430\u043a\u0441\u0435\u0441\u043e\u0430\u0440\u0438","description":"","potentialAction":[{"@type":"SearchAction","target":{"@type":"EntryPoint","urlTemplate":"https:\/\/luxuryracketclub.com\/?s={search_term_string}"},"query-input":{"@type":"PropertyValueSpecification","valueRequired":true,"valueName":"search_term_string"}}],"inLanguage":"ro-RO"}]}},"_links":{"self":[{"href":"https:\/\/luxuryracketclub.com\/ro\/wp-json\/wp\/v2\/product\/14351","targetHints":{"allow":["GET"]}}],"collection":[{"href":"https:\/\/luxuryracketclub.com\/ro\/wp-json\/wp\/v2\/product"}],"about":[{"href":"https:\/\/luxuryracketclub.com\/ro\/wp-json\/wp\/v2\/types\/product"}],"replies":[{"embeddable":true,"href":"https:\/\/luxuryracketclub.com\/ro\/wp-json\/wp\/v2\/comments?post=14351"}],"wp:featuredmedia":[{"embeddable":true,"href":"https:\/\/luxuryracketclub.com\/ro\/wp-json\/wp\/v2\/media\/14044"}],"wp:attachment":[{"href":"https:\/\/luxuryracketclub.com\/ro\/wp-json\/wp\/v2\/media?parent=14351"}],"wp:term":[{"taxonomy":"product_brand","embeddable":true,"href":"https:\/\/luxuryracketclub.com\/ro\/wp-json\/wp\/v2\/product_brand?post=14351"},{"taxonomy":"product_cat","embeddable":true,"href":"https:\/\/luxuryracketclub.com\/ro\/wp-json\/wp\/v2\/product_cat?post=14351"},{"taxonomy":"product_tag","embeddable":true,"href":"https:\/\/luxuryracketclub.com\/ro\/wp-json\/wp\/v2\/product_tag?post=14351"}],"curies":[{"name":"wp","href":"https:\/\/api.w.org\/{rel}","templated":true}]}}