{"id":14243,"date":"2025-03-27T10:44:50","date_gmt":"2025-03-27T08:44:50","guid":{"rendered":"https:\/\/luxuryracketclub.com\/p\/roland-garros-collection-srebarna-visulka-tenis-raketa-good-shot\/"},"modified":"2025-08-29T06:53:53","modified_gmt":"2025-08-29T03:53:53","slug":"roland-garros-collection-srebarna-visulka-tenis-raketa-good-shot","status":"publish","type":"product","link":"https:\/\/luxuryracketclub.com\/ro\/p\/roland-garros-collection-srebarna-visulka-tenis-raketa-good-shot\/","title":{"rendered":"Pandantiv rachet\u0103 de tenis din argint \u201eLovitur\u0103 bun\u0103\u201d"},"content":{"rendered":"","protected":false},"excerpt":{"rendered":"<p>Elegan\u021b\u0103 \u0219i Spirit de Campion de la Roland Garros<br \/>\nRoland Garros nu este doar un turneu \u2013 este o legend\u0103, un simbol al perseveren\u021bei, m\u0103iestriei \u0219i stilului. Inspira\u021bi de magia terenurilor ro\u0219ii, am creat pandantivul \u201eGood Shot\u201d \u2013 o bijuterie care poart\u0103 energia campionilor.<\/p>\n<p>Design \u0219i simbolism:<\/p>\n<ul>\n<li>Fabricat din argint de \u00eenalt\u0103 calitate, acest pandantiv este mai mult dec\u00e2t un accesoriu \u2013 este o expresie a pasiunii pentru tenis.<\/li>\n<li>M\u00e2nerul delicat \u00een form\u0103 de inim\u0103 accentueaz\u0103 emo\u021bia jocului, iar \u00een\u0219irarea ajurata aminte\u0219te de precizia \u0219i m\u0103iestria terenului.<\/li>\n<li>Un design u\u0219or, dar expresiv, care completeaz\u0103 perfect stilul fiec\u0103rui pasionat de tenis.<\/li>\n<\/ul>\n<p><strong>LUXURY RACKET CLUB<\/strong> este art\u0103, cu aten\u021bie la fiecare detaliu.<\/p>\n","protected":false},"featured_media":14136,"comment_status":"open","ping_status":"closed","template":"","meta":{"_acf_changed":false,"_nectar_blocks_hide_post_title":false,"_nectar_blocks_transparent_header_effect":false,"_nectar_blocks_transparent_header_effect_color":"light","_nectar_blocks_header_animation":false,"_nectar_blocks_header_animation_delay":0,"_nectar_blocks_header_animation_effect":"fade","_nectar_blocks_page_css":"","_nectar_blocks_page_js":"","inline_featured_image":false},"product_brand":[],"product_cat":[863],"product_tag":[841],"class_list":{"0":"post-14243","1":"product","2":"type-product","3":"status-publish","4":"has-post-thumbnail","6":"product_cat-colectia-roland-garros","7":"product_tag-podarak-za-tenisist-ro","9":"first","10":"instock","11":"sale","12":"shipping-taxable","13":"purchasable","14":"product-type-simple"},"acf":[],"yoast_head":"<!-- This site is optimized with the Yoast SEO plugin v27.4 - https:\/\/yoast.com\/product\/yoast-seo-wordpress\/ -->\n<title>Pandantiv rachet\u0103 de tenis din argint \u201eLovitur\u0103 bun\u0103\u201d - \u0420\u044a\u0447\u043d\u043e \u0438\u0437\u0440\u0430\u0431\u043e\u0442\u0435\u043d\u0438 \u0442\u0435\u043d\u0438\u0441 \u0431\u0438\u0436\u0443\u0442\u0430 \u0438 \u0430\u043a\u0441\u0435\u0441\u043e\u0430\u0440\u0438<\/title>\n<meta name=\"robots\" content=\"index, follow, max-snippet:-1, max-image-preview:large, max-video-preview:-1\" \/>\n<link rel=\"canonical\" href=\"https:\/\/luxuryracketclub.com\/p\/roland-garros-collection-srebarna-visulka-tenis-raketa-good-shot\/\" \/>\n<meta property=\"og:locale\" content=\"ro_RO\" \/>\n<meta property=\"og:type\" content=\"article\" \/>\n<meta property=\"og:title\" content=\"Pandantiv rachet\u0103 de tenis din argint \u201eLovitur\u0103 bun\u0103\u201d - \u0420\u044a\u0447\u043d\u043e \u0438\u0437\u0440\u0430\u0431\u043e\u0442\u0435\u043d\u0438 \u0442\u0435\u043d\u0438\u0441 \u0431\u0438\u0436\u0443\u0442\u0430 \u0438 \u0430\u043a\u0441\u0435\u0441\u043e\u0430\u0440\u0438\" \/>\n<meta property=\"og:description\" content=\"Elegan\u021b\u0103 \u0219i Spirit de Campion de la Roland Garros Roland Garros nu este doar un turneu \u2013 este o legend\u0103, un simbol al perseveren\u021bei, m\u0103iestriei \u0219i stilului. Inspira\u021bi de magia terenurilor ro\u0219ii, am creat pandantivul \u201eGood Shot\u201d \u2013 o bijuterie care poart\u0103 energia campionilor.  Design \u0219i simbolism:  Fabricat din argint de \u00eenalt\u0103 calitate, acest pandantiv este mai mult dec\u00e2t un accesoriu \u2013 este o expresie a pasiunii pentru tenis. M\u00e2nerul delicat \u00een form\u0103 de inim\u0103 accentueaz\u0103 emo\u021bia jocului, iar \u00een\u0219irarea ajurata aminte\u0219te de precizia \u0219i m\u0103iestria terenului. Un design u\u0219or, dar expresiv, care completeaz\u0103 perfect stilul fiec\u0103rui pasionat de tenis.  LUXURY RACKET CLUB este art\u0103, cu aten\u021bie la fiecare detaliu.\" \/>\n<meta property=\"og:url\" content=\"https:\/\/luxuryracketclub.com\/p\/roland-garros-collection-srebarna-visulka-tenis-raketa-good-shot\/\" \/>\n<meta property=\"og:site_name\" content=\"\u0420\u044a\u0447\u043d\u043e \u0438\u0437\u0440\u0430\u0431\u043e\u0442\u0435\u043d\u0438 \u0442\u0435\u043d\u0438\u0441 \u0431\u0438\u0436\u0443\u0442\u0430 \u0438 \u0430\u043a\u0441\u0435\u0441\u043e\u0430\u0440\u0438\" \/>\n<meta property=\"article:modified_time\" content=\"2025-08-29T03:53:53+00:00\" \/>\n<meta property=\"og:image\" content=\"https:\/\/luxuryracketclub.com\/wp-content\/uploads\/2023\/07\/product.srebarna-visulka-good-shot-min.jpg\" \/>\n\t<meta property=\"og:image:width\" content=\"1470\" \/>\n\t<meta property=\"og:image:height\" content=\"1443\" \/>\n\t<meta property=\"og:image:type\" content=\"image\/jpeg\" \/>\n<meta name=\"twitter:card\" content=\"summary_large_image\" \/>\n<meta name=\"twitter:label1\" content=\"Timp estimat pentru citire\" \/>\n\t<meta name=\"twitter:data1\" content=\"1 minut\" \/>\n<script type=\"application\/ld+json\" class=\"yoast-schema-graph\">{\"@context\":\"https:\\\/\\\/schema.org\",\"@graph\":[{\"@type\":\"WebPage\",\"@id\":\"https:\\\/\\\/luxuryracketclub.com\\\/p\\\/roland-garros-collection-srebarna-visulka-tenis-raketa-good-shot\\\/\",\"url\":\"https:\\\/\\\/luxuryracketclub.com\\\/p\\\/roland-garros-collection-srebarna-visulka-tenis-raketa-good-shot\\\/\",\"name\":\"Pandantiv rachet\u0103 de tenis din argint \u201eLovitur\u0103 bun\u0103\u201d - \u0420\u044a\u0447\u043d\u043e \u0438\u0437\u0440\u0430\u0431\u043e\u0442\u0435\u043d\u0438 \u0442\u0435\u043d\u0438\u0441 \u0431\u0438\u0436\u0443\u0442\u0430 \u0438 \u0430\u043a\u0441\u0435\u0441\u043e\u0430\u0440\u0438\",\"isPartOf\":{\"@id\":\"https:\\\/\\\/luxuryracketclub.com\\\/#website\"},\"primaryImageOfPage\":{\"@id\":\"https:\\\/\\\/luxuryracketclub.com\\\/p\\\/roland-garros-collection-srebarna-visulka-tenis-raketa-good-shot\\\/#primaryimage\"},\"image\":{\"@id\":\"https:\\\/\\\/luxuryracketclub.com\\\/p\\\/roland-garros-collection-srebarna-visulka-tenis-raketa-good-shot\\\/#primaryimage\"},\"thumbnailUrl\":\"https:\\\/\\\/luxuryracketclub.com\\\/wp-content\\\/uploads\\\/2023\\\/07\\\/product.srebarna-visulka-good-shot-min.jpg\",\"datePublished\":\"2025-03-27T08:44:50+00:00\",\"dateModified\":\"2025-08-29T03:53:53+00:00\",\"breadcrumb\":{\"@id\":\"https:\\\/\\\/luxuryracketclub.com\\\/p\\\/roland-garros-collection-srebarna-visulka-tenis-raketa-good-shot\\\/#breadcrumb\"},\"inLanguage\":\"ro-RO\",\"potentialAction\":[{\"@type\":\"ReadAction\",\"target\":[\"https:\\\/\\\/luxuryracketclub.com\\\/p\\\/roland-garros-collection-srebarna-visulka-tenis-raketa-good-shot\\\/\"]}]},{\"@type\":\"ImageObject\",\"inLanguage\":\"ro-RO\",\"@id\":\"https:\\\/\\\/luxuryracketclub.com\\\/p\\\/roland-garros-collection-srebarna-visulka-tenis-raketa-good-shot\\\/#primaryimage\",\"url\":\"https:\\\/\\\/luxuryracketclub.com\\\/wp-content\\\/uploads\\\/2023\\\/07\\\/product.srebarna-visulka-good-shot-min.jpg\",\"contentUrl\":\"https:\\\/\\\/luxuryracketclub.com\\\/wp-content\\\/uploads\\\/2023\\\/07\\\/product.srebarna-visulka-good-shot-min.jpg\",\"width\":1470,\"height\":1443,\"caption\":\"\u0421\u0440\u0435\u0431\u044a\u0440\u043d\u0430 \u0432\u0438\u0441\u0443\u043b\u043a\u0430 \\\"Good shot\\\"\"},{\"@type\":\"BreadcrumbList\",\"@id\":\"https:\\\/\\\/luxuryracketclub.com\\\/p\\\/roland-garros-collection-srebarna-visulka-tenis-raketa-good-shot\\\/#breadcrumb\",\"itemListElement\":[{\"@type\":\"ListItem\",\"position\":1,\"name\":\"\u041d\u0430\u0447\u0430\u043b\u043e\",\"item\":\"https:\\\/\\\/luxuryracketclub.com\\\/ro\\\/\"},{\"@type\":\"ListItem\",\"position\":2,\"name\":\"Magazin\",\"item\":\"https:\\\/\\\/luxuryracketclub.com\\\/ro\\\/magazin\\\/\"},{\"@type\":\"ListItem\",\"position\":3,\"name\":\"Pandantiv rachet\u0103 de tenis din argint \u201eLovitur\u0103 bun\u0103\u201d\"}]},{\"@type\":\"WebSite\",\"@id\":\"https:\\\/\\\/luxuryracketclub.com\\\/#website\",\"url\":\"https:\\\/\\\/luxuryracketclub.com\\\/\",\"name\":\"\u0420\u044a\u0447\u043d\u043e \u0438\u0437\u0440\u0430\u0431\u043e\u0442\u0435\u043d\u0438 \u0442\u0435\u043d\u0438\u0441 \u0431\u0438\u0436\u0443\u0442\u0430 \u0438 \u0430\u043a\u0441\u0435\u0441\u043e\u0430\u0440\u0438\",\"description\":\"\",\"potentialAction\":[{\"@type\":\"SearchAction\",\"target\":{\"@type\":\"EntryPoint\",\"urlTemplate\":\"https:\\\/\\\/luxuryracketclub.com\\\/?s={search_term_string}\"},\"query-input\":{\"@type\":\"PropertyValueSpecification\",\"valueRequired\":true,\"valueName\":\"search_term_string\"}}],\"inLanguage\":\"ro-RO\"}]}<\/script>\n<!-- \/ Yoast SEO plugin. -->","yoast_head_json":{"title":"Pandantiv rachet\u0103 de tenis din argint \u201eLovitur\u0103 bun\u0103\u201d - \u0420\u044a\u0447\u043d\u043e \u0438\u0437\u0440\u0430\u0431\u043e\u0442\u0435\u043d\u0438 \u0442\u0435\u043d\u0438\u0441 \u0431\u0438\u0436\u0443\u0442\u0430 \u0438 \u0430\u043a\u0441\u0435\u0441\u043e\u0430\u0440\u0438","robots":{"index":"index","follow":"follow","max-snippet":"max-snippet:-1","max-image-preview":"max-image-preview:large","max-video-preview":"max-video-preview:-1"},"canonical":"https:\/\/luxuryracketclub.com\/p\/roland-garros-collection-srebarna-visulka-tenis-raketa-good-shot\/","og_locale":"ro_RO","og_type":"article","og_title":"Pandantiv rachet\u0103 de tenis din argint \u201eLovitur\u0103 bun\u0103\u201d - \u0420\u044a\u0447\u043d\u043e \u0438\u0437\u0440\u0430\u0431\u043e\u0442\u0435\u043d\u0438 \u0442\u0435\u043d\u0438\u0441 \u0431\u0438\u0436\u0443\u0442\u0430 \u0438 \u0430\u043a\u0441\u0435\u0441\u043e\u0430\u0440\u0438","og_description":"Elegan\u021b\u0103 \u0219i Spirit de Campion de la Roland Garros Roland Garros nu este doar un turneu \u2013 este o legend\u0103, un simbol al perseveren\u021bei, m\u0103iestriei \u0219i stilului. Inspira\u021bi de magia terenurilor ro\u0219ii, am creat pandantivul \u201eGood Shot\u201d \u2013 o bijuterie care poart\u0103 energia campionilor.  Design \u0219i simbolism:  Fabricat din argint de \u00eenalt\u0103 calitate, acest pandantiv este mai mult dec\u00e2t un accesoriu \u2013 este o expresie a pasiunii pentru tenis. M\u00e2nerul delicat \u00een form\u0103 de inim\u0103 accentueaz\u0103 emo\u021bia jocului, iar \u00een\u0219irarea ajurata aminte\u0219te de precizia \u0219i m\u0103iestria terenului. Un design u\u0219or, dar expresiv, care completeaz\u0103 perfect stilul fiec\u0103rui pasionat de tenis.  LUXURY RACKET CLUB este art\u0103, cu aten\u021bie la fiecare detaliu.","og_url":"https:\/\/luxuryracketclub.com\/p\/roland-garros-collection-srebarna-visulka-tenis-raketa-good-shot\/","og_site_name":"\u0420\u044a\u0447\u043d\u043e \u0438\u0437\u0440\u0430\u0431\u043e\u0442\u0435\u043d\u0438 \u0442\u0435\u043d\u0438\u0441 \u0431\u0438\u0436\u0443\u0442\u0430 \u0438 \u0430\u043a\u0441\u0435\u0441\u043e\u0430\u0440\u0438","article_modified_time":"2025-08-29T03:53:53+00:00","og_image":[{"width":1470,"height":1443,"url":"https:\/\/luxuryracketclub.com\/wp-content\/uploads\/2023\/07\/product.srebarna-visulka-good-shot-min.jpg","type":"image\/jpeg"}],"twitter_card":"summary_large_image","twitter_misc":{"Timp estimat pentru citire":"1 minut"},"schema":{"@context":"https:\/\/schema.org","@graph":[{"@type":"WebPage","@id":"https:\/\/luxuryracketclub.com\/p\/roland-garros-collection-srebarna-visulka-tenis-raketa-good-shot\/","url":"https:\/\/luxuryracketclub.com\/p\/roland-garros-collection-srebarna-visulka-tenis-raketa-good-shot\/","name":"Pandantiv rachet\u0103 de tenis din argint \u201eLovitur\u0103 bun\u0103\u201d - \u0420\u044a\u0447\u043d\u043e \u0438\u0437\u0440\u0430\u0431\u043e\u0442\u0435\u043d\u0438 \u0442\u0435\u043d\u0438\u0441 \u0431\u0438\u0436\u0443\u0442\u0430 \u0438 \u0430\u043a\u0441\u0435\u0441\u043e\u0430\u0440\u0438","isPartOf":{"@id":"https:\/\/luxuryracketclub.com\/#website"},"primaryImageOfPage":{"@id":"https:\/\/luxuryracketclub.com\/p\/roland-garros-collection-srebarna-visulka-tenis-raketa-good-shot\/#primaryimage"},"image":{"@id":"https:\/\/luxuryracketclub.com\/p\/roland-garros-collection-srebarna-visulka-tenis-raketa-good-shot\/#primaryimage"},"thumbnailUrl":"https:\/\/luxuryracketclub.com\/wp-content\/uploads\/2023\/07\/product.srebarna-visulka-good-shot-min.jpg","datePublished":"2025-03-27T08:44:50+00:00","dateModified":"2025-08-29T03:53:53+00:00","breadcrumb":{"@id":"https:\/\/luxuryracketclub.com\/p\/roland-garros-collection-srebarna-visulka-tenis-raketa-good-shot\/#breadcrumb"},"inLanguage":"ro-RO","potentialAction":[{"@type":"ReadAction","target":["https:\/\/luxuryracketclub.com\/p\/roland-garros-collection-srebarna-visulka-tenis-raketa-good-shot\/"]}]},{"@type":"ImageObject","inLanguage":"ro-RO","@id":"https:\/\/luxuryracketclub.com\/p\/roland-garros-collection-srebarna-visulka-tenis-raketa-good-shot\/#primaryimage","url":"https:\/\/luxuryracketclub.com\/wp-content\/uploads\/2023\/07\/product.srebarna-visulka-good-shot-min.jpg","contentUrl":"https:\/\/luxuryracketclub.com\/wp-content\/uploads\/2023\/07\/product.srebarna-visulka-good-shot-min.jpg","width":1470,"height":1443,"caption":"\u0421\u0440\u0435\u0431\u044a\u0440\u043d\u0430 \u0432\u0438\u0441\u0443\u043b\u043a\u0430 \"Good shot\""},{"@type":"BreadcrumbList","@id":"https:\/\/luxuryracketclub.com\/p\/roland-garros-collection-srebarna-visulka-tenis-raketa-good-shot\/#breadcrumb","itemListElement":[{"@type":"ListItem","position":1,"name":"\u041d\u0430\u0447\u0430\u043b\u043e","item":"https:\/\/luxuryracketclub.com\/ro\/"},{"@type":"ListItem","position":2,"name":"Magazin","item":"https:\/\/luxuryracketclub.com\/ro\/magazin\/"},{"@type":"ListItem","position":3,"name":"Pandantiv rachet\u0103 de tenis din argint \u201eLovitur\u0103 bun\u0103\u201d"}]},{"@type":"WebSite","@id":"https:\/\/luxuryracketclub.com\/#website","url":"https:\/\/luxuryracketclub.com\/","name":"\u0420\u044a\u0447\u043d\u043e \u0438\u0437\u0440\u0430\u0431\u043e\u0442\u0435\u043d\u0438 \u0442\u0435\u043d\u0438\u0441 \u0431\u0438\u0436\u0443\u0442\u0430 \u0438 \u0430\u043a\u0441\u0435\u0441\u043e\u0430\u0440\u0438","description":"","potentialAction":[{"@type":"SearchAction","target":{"@type":"EntryPoint","urlTemplate":"https:\/\/luxuryracketclub.com\/?s={search_term_string}"},"query-input":{"@type":"PropertyValueSpecification","valueRequired":true,"valueName":"search_term_string"}}],"inLanguage":"ro-RO"}]}},"_links":{"self":[{"href":"https:\/\/luxuryracketclub.com\/ro\/wp-json\/wp\/v2\/product\/14243","targetHints":{"allow":["GET"]}}],"collection":[{"href":"https:\/\/luxuryracketclub.com\/ro\/wp-json\/wp\/v2\/product"}],"about":[{"href":"https:\/\/luxuryracketclub.com\/ro\/wp-json\/wp\/v2\/types\/product"}],"replies":[{"embeddable":true,"href":"https:\/\/luxuryracketclub.com\/ro\/wp-json\/wp\/v2\/comments?post=14243"}],"wp:featuredmedia":[{"embeddable":true,"href":"https:\/\/luxuryracketclub.com\/ro\/wp-json\/wp\/v2\/media\/14136"}],"wp:attachment":[{"href":"https:\/\/luxuryracketclub.com\/ro\/wp-json\/wp\/v2\/media?parent=14243"}],"wp:term":[{"taxonomy":"product_brand","embeddable":true,"href":"https:\/\/luxuryracketclub.com\/ro\/wp-json\/wp\/v2\/product_brand?post=14243"},{"taxonomy":"product_cat","embeddable":true,"href":"https:\/\/luxuryracketclub.com\/ro\/wp-json\/wp\/v2\/product_cat?post=14243"},{"taxonomy":"product_tag","embeddable":true,"href":"https:\/\/luxuryracketclub.com\/ro\/wp-json\/wp\/v2\/product_tag?post=14243"}],"curies":[{"name":"wp","href":"https:\/\/api.w.org\/{rel}","templated":true}]}}