{"id":14240,"date":"2025-03-27T10:51:03","date_gmt":"2025-03-27T08:51:03","guid":{"rendered":"https:\/\/luxuryracketclub.com\/p\/roland-garros-collection-srebarni-obeczi-s-tenis-raketa-i-topka-champion\/"},"modified":"2025-08-29T06:53:25","modified_gmt":"2025-08-29T03:53:25","slug":"roland-garros-collection-srebarni-obeczi-s-tenis-raketa-i-topka-champion","status":"publish","type":"product","link":"https:\/\/luxuryracketclub.com\/ro\/p\/roland-garros-collection-srebarni-obeczi-s-tenis-raketa-i-topka-champion\/","title":{"rendered":"Cercei din argint cu rachet\u0103 \u0219i minge de tenis \u201eChampion\u201d"},"content":{"rendered":"","protected":false},"excerpt":{"rendered":"<p>Str\u0103lucire Champion, inspirat\u0103 de Roland Garros<br \/>\nInspira\u021bi de energia \u0219i pasiunea de la Roland Garros, cerceii Champion sunt crea\u021bi pentru cei care poart\u0103 dragostea pentru tenis \u00een inim\u0103. Ace\u0219tia combin\u0103 designul sofisticat \u0219i spiritul sportiv, recre\u00e2nd o rachet\u0103 de tenis cu \u00een\u0219irare ajurata, un m\u00e2ner \u00een form\u0103 de inim\u0103 \u0219i o minge de tenis cu form\u0103 precis\u0103.<\/p>\n<p>Cercei Champion din argint &#8211; pentru c\u0103 \u00eenving\u0103torii str\u0103lucesc!<\/p>\n<ul>\n<li>Stil \u0219i elegan\u021b\u0103 teniseasc\u0103 &#8211; perfec\u021bi pentru via\u021ba de zi cu zi \u0219i ocazii speciale.<\/li>\n<li>Design finisat manual &#8211; un simbol al aten\u021biei la detalii.<\/li>\n<li>Combin\u0103-i cu br\u0103\u021bara Match Point &#8211; pentru un look complet de tenis.<\/li>\n<\/ul>\n<p>Fii parte din legenda Roland Garros \u0219i poart\u0103 tenis cu stil!<\/p>\n<p><strong>LUXURY RACKET CLUB<\/strong> este art\u0103, cu aten\u021bie la fiecare detaliu.<\/p>\n","protected":false},"featured_media":14153,"comment_status":"open","ping_status":"closed","template":"","meta":{"_acf_changed":false,"_nectar_blocks_hide_post_title":false,"_nectar_blocks_transparent_header_effect":false,"_nectar_blocks_transparent_header_effect_color":"light","_nectar_blocks_header_animation":false,"_nectar_blocks_header_animation_delay":0,"_nectar_blocks_header_animation_effect":"fade","_nectar_blocks_page_css":"","_nectar_blocks_page_js":"","inline_featured_image":false},"product_brand":[],"product_cat":[863],"product_tag":[841,970],"class_list":{"0":"post-14240","1":"product","2":"type-product","3":"status-publish","4":"has-post-thumbnail","6":"product_cat-colectia-roland-garros","7":"product_tag-podarak-za-tenisist-ro","8":"product_tag-tenis-stil-ro","10":"first","11":"instock","12":"sale","13":"shipping-taxable","14":"purchasable","15":"product-type-variable"},"acf":[],"yoast_head":"<!-- This site is optimized with the Yoast SEO plugin v27.4 - https:\/\/yoast.com\/product\/yoast-seo-wordpress\/ -->\n<title>Cercei din argint cu rachet\u0103 \u0219i minge de tenis \u201eChampion\u201d - \u0420\u044a\u0447\u043d\u043e \u0438\u0437\u0440\u0430\u0431\u043e\u0442\u0435\u043d\u0438 \u0442\u0435\u043d\u0438\u0441 \u0431\u0438\u0436\u0443\u0442\u0430 \u0438 \u0430\u043a\u0441\u0435\u0441\u043e\u0430\u0440\u0438<\/title>\n<meta name=\"robots\" content=\"index, follow, max-snippet:-1, max-image-preview:large, max-video-preview:-1\" \/>\n<link rel=\"canonical\" href=\"https:\/\/luxuryracketclub.com\/ro\/p\/roland-garros-collection-srebarni-obeczi-s-tenis-raketa-i-topka-champion\/\" \/>\n<meta property=\"og:locale\" content=\"ro_RO\" \/>\n<meta property=\"og:type\" content=\"article\" \/>\n<meta property=\"og:title\" content=\"Cercei din argint cu rachet\u0103 \u0219i minge de tenis \u201eChampion\u201d - \u0420\u044a\u0447\u043d\u043e \u0438\u0437\u0440\u0430\u0431\u043e\u0442\u0435\u043d\u0438 \u0442\u0435\u043d\u0438\u0441 \u0431\u0438\u0436\u0443\u0442\u0430 \u0438 \u0430\u043a\u0441\u0435\u0441\u043e\u0430\u0440\u0438\" \/>\n<meta property=\"og:description\" content=\"Str\u0103lucire Champion, inspirat\u0103 de Roland Garros Inspira\u021bi de energia \u0219i pasiunea de la Roland Garros, cerceii Champion sunt crea\u021bi pentru cei care poart\u0103 dragostea pentru tenis \u00een inim\u0103. Ace\u0219tia combin\u0103 designul sofisticat \u0219i spiritul sportiv, recre\u00e2nd o rachet\u0103 de tenis cu \u00een\u0219irare ajurata, un m\u00e2ner \u00een form\u0103 de inim\u0103 \u0219i o minge de tenis cu form\u0103 precis\u0103.  Cercei Champion din argint - pentru c\u0103 \u00eenving\u0103torii str\u0103lucesc!  Stil \u0219i elegan\u021b\u0103 teniseasc\u0103 - perfec\u021bi pentru via\u021ba de zi cu zi \u0219i ocazii speciale. Design finisat manual - un simbol al aten\u021biei la detalii. Combin\u0103-i cu br\u0103\u021bara Match Point - pentru un look complet de tenis.  Fii parte din legenda Roland Garros \u0219i poart\u0103 tenis cu stil!  LUXURY RACKET CLUB este art\u0103, cu aten\u021bie la fiecare detaliu.\" \/>\n<meta property=\"og:url\" content=\"https:\/\/luxuryracketclub.com\/ro\/p\/roland-garros-collection-srebarni-obeczi-s-tenis-raketa-i-topka-champion\/\" \/>\n<meta property=\"og:site_name\" content=\"\u0420\u044a\u0447\u043d\u043e \u0438\u0437\u0440\u0430\u0431\u043e\u0442\u0435\u043d\u0438 \u0442\u0435\u043d\u0438\u0441 \u0431\u0438\u0436\u0443\u0442\u0430 \u0438 \u0430\u043a\u0441\u0435\u0441\u043e\u0430\u0440\u0438\" \/>\n<meta property=\"article:modified_time\" content=\"2025-08-29T03:53:25+00:00\" \/>\n<meta property=\"og:image\" content=\"https:\/\/luxuryracketclub.com\/wp-content\/uploads\/2023\/07\/product.srebarni-obeczi-champion-min.jpg\" \/>\n\t<meta property=\"og:image:width\" content=\"1708\" \/>\n\t<meta property=\"og:image:height\" content=\"1708\" \/>\n\t<meta property=\"og:image:type\" content=\"image\/jpeg\" \/>\n<meta name=\"twitter:card\" content=\"summary_large_image\" \/>\n<meta name=\"twitter:label1\" content=\"Timp estimat pentru citire\" \/>\n\t<meta name=\"twitter:data1\" content=\"1 minut\" \/>\n<script type=\"application\/ld+json\" class=\"yoast-schema-graph\">{\"@context\":\"https:\\\/\\\/schema.org\",\"@graph\":[{\"@type\":\"WebPage\",\"@id\":\"https:\\\/\\\/luxuryracketclub.com\\\/ro\\\/p\\\/roland-garros-collection-srebarni-obeczi-s-tenis-raketa-i-topka-champion\\\/\",\"url\":\"https:\\\/\\\/luxuryracketclub.com\\\/ro\\\/p\\\/roland-garros-collection-srebarni-obeczi-s-tenis-raketa-i-topka-champion\\\/\",\"name\":\"Cercei din argint cu rachet\u0103 \u0219i minge de tenis \u201eChampion\u201d - \u0420\u044a\u0447\u043d\u043e \u0438\u0437\u0440\u0430\u0431\u043e\u0442\u0435\u043d\u0438 \u0442\u0435\u043d\u0438\u0441 \u0431\u0438\u0436\u0443\u0442\u0430 \u0438 \u0430\u043a\u0441\u0435\u0441\u043e\u0430\u0440\u0438\",\"isPartOf\":{\"@id\":\"https:\\\/\\\/luxuryracketclub.com\\\/#website\"},\"primaryImageOfPage\":{\"@id\":\"https:\\\/\\\/luxuryracketclub.com\\\/ro\\\/p\\\/roland-garros-collection-srebarni-obeczi-s-tenis-raketa-i-topka-champion\\\/#primaryimage\"},\"image\":{\"@id\":\"https:\\\/\\\/luxuryracketclub.com\\\/ro\\\/p\\\/roland-garros-collection-srebarni-obeczi-s-tenis-raketa-i-topka-champion\\\/#primaryimage\"},\"thumbnailUrl\":\"https:\\\/\\\/luxuryracketclub.com\\\/wp-content\\\/uploads\\\/2023\\\/07\\\/product.srebarni-obeczi-champion-min.jpg\",\"datePublished\":\"2025-03-27T08:51:03+00:00\",\"dateModified\":\"2025-08-29T03:53:25+00:00\",\"breadcrumb\":{\"@id\":\"https:\\\/\\\/luxuryracketclub.com\\\/ro\\\/p\\\/roland-garros-collection-srebarni-obeczi-s-tenis-raketa-i-topka-champion\\\/#breadcrumb\"},\"inLanguage\":\"ro-RO\",\"potentialAction\":[{\"@type\":\"ReadAction\",\"target\":[\"https:\\\/\\\/luxuryracketclub.com\\\/ro\\\/p\\\/roland-garros-collection-srebarni-obeczi-s-tenis-raketa-i-topka-champion\\\/\"]}]},{\"@type\":\"ImageObject\",\"inLanguage\":\"ro-RO\",\"@id\":\"https:\\\/\\\/luxuryracketclub.com\\\/ro\\\/p\\\/roland-garros-collection-srebarni-obeczi-s-tenis-raketa-i-topka-champion\\\/#primaryimage\",\"url\":\"https:\\\/\\\/luxuryracketclub.com\\\/wp-content\\\/uploads\\\/2023\\\/07\\\/product.srebarni-obeczi-champion-min.jpg\",\"contentUrl\":\"https:\\\/\\\/luxuryracketclub.com\\\/wp-content\\\/uploads\\\/2023\\\/07\\\/product.srebarni-obeczi-champion-min.jpg\",\"width\":1708,\"height\":1708,\"caption\":\"\u0421\u0440\u0435\u0431\u044a\u0440\u043d\u0438 \u043e\u0431\u0435\u0446\u0438 \\\"Champion\\\"\"},{\"@type\":\"BreadcrumbList\",\"@id\":\"https:\\\/\\\/luxuryracketclub.com\\\/ro\\\/p\\\/roland-garros-collection-srebarni-obeczi-s-tenis-raketa-i-topka-champion\\\/#breadcrumb\",\"itemListElement\":[{\"@type\":\"ListItem\",\"position\":1,\"name\":\"\u041d\u0430\u0447\u0430\u043b\u043e\",\"item\":\"https:\\\/\\\/luxuryracketclub.com\\\/ro\\\/\"},{\"@type\":\"ListItem\",\"position\":2,\"name\":\"Magazin\",\"item\":\"https:\\\/\\\/luxuryracketclub.com\\\/ro\\\/magazin\\\/\"},{\"@type\":\"ListItem\",\"position\":3,\"name\":\"Cercei din argint cu rachet\u0103 \u0219i minge de tenis \u201eChampion\u201d\"}]},{\"@type\":\"WebSite\",\"@id\":\"https:\\\/\\\/luxuryracketclub.com\\\/#website\",\"url\":\"https:\\\/\\\/luxuryracketclub.com\\\/\",\"name\":\"\u0420\u044a\u0447\u043d\u043e \u0438\u0437\u0440\u0430\u0431\u043e\u0442\u0435\u043d\u0438 \u0442\u0435\u043d\u0438\u0441 \u0431\u0438\u0436\u0443\u0442\u0430 \u0438 \u0430\u043a\u0441\u0435\u0441\u043e\u0430\u0440\u0438\",\"description\":\"\",\"potentialAction\":[{\"@type\":\"SearchAction\",\"target\":{\"@type\":\"EntryPoint\",\"urlTemplate\":\"https:\\\/\\\/luxuryracketclub.com\\\/?s={search_term_string}\"},\"query-input\":{\"@type\":\"PropertyValueSpecification\",\"valueRequired\":true,\"valueName\":\"search_term_string\"}}],\"inLanguage\":\"ro-RO\"}]}<\/script>\n<!-- \/ Yoast SEO plugin. -->","yoast_head_json":{"title":"Cercei din argint cu rachet\u0103 \u0219i minge de tenis \u201eChampion\u201d - \u0420\u044a\u0447\u043d\u043e \u0438\u0437\u0440\u0430\u0431\u043e\u0442\u0435\u043d\u0438 \u0442\u0435\u043d\u0438\u0441 \u0431\u0438\u0436\u0443\u0442\u0430 \u0438 \u0430\u043a\u0441\u0435\u0441\u043e\u0430\u0440\u0438","robots":{"index":"index","follow":"follow","max-snippet":"max-snippet:-1","max-image-preview":"max-image-preview:large","max-video-preview":"max-video-preview:-1"},"canonical":"https:\/\/luxuryracketclub.com\/ro\/p\/roland-garros-collection-srebarni-obeczi-s-tenis-raketa-i-topka-champion\/","og_locale":"ro_RO","og_type":"article","og_title":"Cercei din argint cu rachet\u0103 \u0219i minge de tenis \u201eChampion\u201d - \u0420\u044a\u0447\u043d\u043e \u0438\u0437\u0440\u0430\u0431\u043e\u0442\u0435\u043d\u0438 \u0442\u0435\u043d\u0438\u0441 \u0431\u0438\u0436\u0443\u0442\u0430 \u0438 \u0430\u043a\u0441\u0435\u0441\u043e\u0430\u0440\u0438","og_description":"Str\u0103lucire Champion, inspirat\u0103 de Roland Garros Inspira\u021bi de energia \u0219i pasiunea de la Roland Garros, cerceii Champion sunt crea\u021bi pentru cei care poart\u0103 dragostea pentru tenis \u00een inim\u0103. Ace\u0219tia combin\u0103 designul sofisticat \u0219i spiritul sportiv, recre\u00e2nd o rachet\u0103 de tenis cu \u00een\u0219irare ajurata, un m\u00e2ner \u00een form\u0103 de inim\u0103 \u0219i o minge de tenis cu form\u0103 precis\u0103.  Cercei Champion din argint - pentru c\u0103 \u00eenving\u0103torii str\u0103lucesc!  Stil \u0219i elegan\u021b\u0103 teniseasc\u0103 - perfec\u021bi pentru via\u021ba de zi cu zi \u0219i ocazii speciale. Design finisat manual - un simbol al aten\u021biei la detalii. Combin\u0103-i cu br\u0103\u021bara Match Point - pentru un look complet de tenis.  Fii parte din legenda Roland Garros \u0219i poart\u0103 tenis cu stil!  LUXURY RACKET CLUB este art\u0103, cu aten\u021bie la fiecare detaliu.","og_url":"https:\/\/luxuryracketclub.com\/ro\/p\/roland-garros-collection-srebarni-obeczi-s-tenis-raketa-i-topka-champion\/","og_site_name":"\u0420\u044a\u0447\u043d\u043e \u0438\u0437\u0440\u0430\u0431\u043e\u0442\u0435\u043d\u0438 \u0442\u0435\u043d\u0438\u0441 \u0431\u0438\u0436\u0443\u0442\u0430 \u0438 \u0430\u043a\u0441\u0435\u0441\u043e\u0430\u0440\u0438","article_modified_time":"2025-08-29T03:53:25+00:00","og_image":[{"width":1708,"height":1708,"url":"https:\/\/luxuryracketclub.com\/wp-content\/uploads\/2023\/07\/product.srebarni-obeczi-champion-min.jpg","type":"image\/jpeg"}],"twitter_card":"summary_large_image","twitter_misc":{"Timp estimat pentru citire":"1 minut"},"schema":{"@context":"https:\/\/schema.org","@graph":[{"@type":"WebPage","@id":"https:\/\/luxuryracketclub.com\/ro\/p\/roland-garros-collection-srebarni-obeczi-s-tenis-raketa-i-topka-champion\/","url":"https:\/\/luxuryracketclub.com\/ro\/p\/roland-garros-collection-srebarni-obeczi-s-tenis-raketa-i-topka-champion\/","name":"Cercei din argint cu rachet\u0103 \u0219i minge de tenis \u201eChampion\u201d - \u0420\u044a\u0447\u043d\u043e \u0438\u0437\u0440\u0430\u0431\u043e\u0442\u0435\u043d\u0438 \u0442\u0435\u043d\u0438\u0441 \u0431\u0438\u0436\u0443\u0442\u0430 \u0438 \u0430\u043a\u0441\u0435\u0441\u043e\u0430\u0440\u0438","isPartOf":{"@id":"https:\/\/luxuryracketclub.com\/#website"},"primaryImageOfPage":{"@id":"https:\/\/luxuryracketclub.com\/ro\/p\/roland-garros-collection-srebarni-obeczi-s-tenis-raketa-i-topka-champion\/#primaryimage"},"image":{"@id":"https:\/\/luxuryracketclub.com\/ro\/p\/roland-garros-collection-srebarni-obeczi-s-tenis-raketa-i-topka-champion\/#primaryimage"},"thumbnailUrl":"https:\/\/luxuryracketclub.com\/wp-content\/uploads\/2023\/07\/product.srebarni-obeczi-champion-min.jpg","datePublished":"2025-03-27T08:51:03+00:00","dateModified":"2025-08-29T03:53:25+00:00","breadcrumb":{"@id":"https:\/\/luxuryracketclub.com\/ro\/p\/roland-garros-collection-srebarni-obeczi-s-tenis-raketa-i-topka-champion\/#breadcrumb"},"inLanguage":"ro-RO","potentialAction":[{"@type":"ReadAction","target":["https:\/\/luxuryracketclub.com\/ro\/p\/roland-garros-collection-srebarni-obeczi-s-tenis-raketa-i-topka-champion\/"]}]},{"@type":"ImageObject","inLanguage":"ro-RO","@id":"https:\/\/luxuryracketclub.com\/ro\/p\/roland-garros-collection-srebarni-obeczi-s-tenis-raketa-i-topka-champion\/#primaryimage","url":"https:\/\/luxuryracketclub.com\/wp-content\/uploads\/2023\/07\/product.srebarni-obeczi-champion-min.jpg","contentUrl":"https:\/\/luxuryracketclub.com\/wp-content\/uploads\/2023\/07\/product.srebarni-obeczi-champion-min.jpg","width":1708,"height":1708,"caption":"\u0421\u0440\u0435\u0431\u044a\u0440\u043d\u0438 \u043e\u0431\u0435\u0446\u0438 \"Champion\""},{"@type":"BreadcrumbList","@id":"https:\/\/luxuryracketclub.com\/ro\/p\/roland-garros-collection-srebarni-obeczi-s-tenis-raketa-i-topka-champion\/#breadcrumb","itemListElement":[{"@type":"ListItem","position":1,"name":"\u041d\u0430\u0447\u0430\u043b\u043e","item":"https:\/\/luxuryracketclub.com\/ro\/"},{"@type":"ListItem","position":2,"name":"Magazin","item":"https:\/\/luxuryracketclub.com\/ro\/magazin\/"},{"@type":"ListItem","position":3,"name":"Cercei din argint cu rachet\u0103 \u0219i minge de tenis \u201eChampion\u201d"}]},{"@type":"WebSite","@id":"https:\/\/luxuryracketclub.com\/#website","url":"https:\/\/luxuryracketclub.com\/","name":"\u0420\u044a\u0447\u043d\u043e \u0438\u0437\u0440\u0430\u0431\u043e\u0442\u0435\u043d\u0438 \u0442\u0435\u043d\u0438\u0441 \u0431\u0438\u0436\u0443\u0442\u0430 \u0438 \u0430\u043a\u0441\u0435\u0441\u043e\u0430\u0440\u0438","description":"","potentialAction":[{"@type":"SearchAction","target":{"@type":"EntryPoint","urlTemplate":"https:\/\/luxuryracketclub.com\/?s={search_term_string}"},"query-input":{"@type":"PropertyValueSpecification","valueRequired":true,"valueName":"search_term_string"}}],"inLanguage":"ro-RO"}]}},"_links":{"self":[{"href":"https:\/\/luxuryracketclub.com\/ro\/wp-json\/wp\/v2\/product\/14240","targetHints":{"allow":["GET"]}}],"collection":[{"href":"https:\/\/luxuryracketclub.com\/ro\/wp-json\/wp\/v2\/product"}],"about":[{"href":"https:\/\/luxuryracketclub.com\/ro\/wp-json\/wp\/v2\/types\/product"}],"replies":[{"embeddable":true,"href":"https:\/\/luxuryracketclub.com\/ro\/wp-json\/wp\/v2\/comments?post=14240"}],"wp:featuredmedia":[{"embeddable":true,"href":"https:\/\/luxuryracketclub.com\/ro\/wp-json\/wp\/v2\/media\/14153"}],"wp:attachment":[{"href":"https:\/\/luxuryracketclub.com\/ro\/wp-json\/wp\/v2\/media?parent=14240"}],"wp:term":[{"taxonomy":"product_brand","embeddable":true,"href":"https:\/\/luxuryracketclub.com\/ro\/wp-json\/wp\/v2\/product_brand?post=14240"},{"taxonomy":"product_cat","embeddable":true,"href":"https:\/\/luxuryracketclub.com\/ro\/wp-json\/wp\/v2\/product_cat?post=14240"},{"taxonomy":"product_tag","embeddable":true,"href":"https:\/\/luxuryracketclub.com\/ro\/wp-json\/wp\/v2\/product_tag?post=14240"}],"curies":[{"name":"wp","href":"https:\/\/api.w.org\/{rel}","templated":true}]}}