{"id":14225,"date":"2025-04-04T14:07:57","date_gmt":"2025-04-04T11:07:57","guid":{"rendered":"https:\/\/luxuryracketclub.com\/p\/australian-collection-grivna-ot-cherven-konecz-s-tenis-raketi-i-came-to-win\/"},"modified":"2025-08-29T06:43:41","modified_gmt":"2025-08-29T03:43:41","slug":"australian-collection-grivna-ot-cherven-konecz-s-tenis-raketi-i-came-to-win","status":"publish","type":"product","link":"https:\/\/luxuryracketclub.com\/ro\/p\/australian-collection-grivna-ot-cherven-konecz-s-tenis-raketi-i-came-to-win\/","title":{"rendered":"Br\u0103\u021bar\u0103 din \u0219nur ro\u0219u cu rachete de tenis \u201eAm venit s\u0103 c\u00e2\u0219tig\u201d"},"content":{"rendered":"","protected":false},"excerpt":{"rendered":"<p class=\"\" data-start=\"80\" data-end=\"344\">G\u0103se\u0219te inspira\u021bie cu br\u0103\u021bara noastr\u0103 unisex \u201eI Came to Win\u201d, parte a colec\u021biei speciale <strong data-start=\"177\" data-end=\"196\">Australian Open<\/strong>. Realizat\u0103 manual din fir ro\u0219u cu un element de argint \u2013 o rachet\u0103 de tenis \u0219i o minge, aceast\u0103 br\u0103\u021bar\u0103 este un simbol al pasiunii pentru tenis \u0219i al c\u0103ut\u0103rii victoriei.<\/p>\n<p class=\"\" data-start=\"346\" data-end=\"615\">Talismanul, realizat din argint 925, este detaliat:<br data-start=\"416\" data-end=\"419\" \/>\ud83c\udfbe \u0218nur ajurat pentru un aspect autentic.<br data-start=\"464\" data-end=\"467\" data-is-only-node=\"\" \/>\u2764\ufe0f M\u00e2ner \u00een form\u0103 de inim\u0103, simbol al iubirii pentru joc.<br data-start=\"532\" data-end=\"535\" \/>\ud83d\udd17 \u0218nur care se desf\u0103\u0219oar\u0103 de-a lungul conturului rachetei, \u00eempletind vise \u0219i ambi\u021bii.<\/p>\n<p class=\"\" data-start=\"617\" data-end=\"754\">\n<p class=\"\" data-start=\"756\" data-end=\"818\">\ud83c\udfc6 <strong data-start=\"759\" data-end=\"818\" data-is-last-node=\"\">Colec\u021bia Australian Open \u2013 poart\u0103 spiritul campionilor!<\/strong><\/p>\n<p><strong>LUXURY RACKET CLUB<\/strong> este o art\u0103, cu aten\u021bie la fiecare detaliu.<\/p>\n","protected":false},"featured_media":14226,"comment_status":"closed","ping_status":"closed","template":"","meta":{"_acf_changed":false,"_nectar_blocks_hide_post_title":false,"_nectar_blocks_transparent_header_effect":false,"_nectar_blocks_transparent_header_effect_color":"light","_nectar_blocks_header_animation":false,"_nectar_blocks_header_animation_delay":0,"_nectar_blocks_header_animation_effect":"fade","_nectar_blocks_page_css":"","_nectar_blocks_page_js":"","inline_featured_image":false},"product_brand":[],"product_cat":[862],"product_tag":[841,970],"class_list":{"0":"post-14225","1":"product","2":"type-product","3":"status-publish","4":"has-post-thumbnail","6":"product_cat-colectia-australian-open","7":"product_tag-podarak-za-tenisist-ro","8":"product_tag-tenis-stil-ro","10":"first","11":"instock","12":"sale","13":"shipping-taxable","14":"purchasable","15":"product-type-variable"},"acf":[],"yoast_head":"<!-- This site is optimized with the Yoast SEO plugin v27.4 - https:\/\/yoast.com\/product\/yoast-seo-wordpress\/ -->\n<title>Br\u0103\u021bar\u0103 din \u0219nur ro\u0219u cu rachete de tenis \u201eAm venit s\u0103 c\u00e2\u0219tig\u201d - \u0420\u044a\u0447\u043d\u043e \u0438\u0437\u0440\u0430\u0431\u043e\u0442\u0435\u043d\u0438 \u0442\u0435\u043d\u0438\u0441 \u0431\u0438\u0436\u0443\u0442\u0430 \u0438 \u0430\u043a\u0441\u0435\u0441\u043e\u0430\u0440\u0438<\/title>\n<meta name=\"robots\" content=\"index, follow, max-snippet:-1, max-image-preview:large, max-video-preview:-1\" \/>\n<link rel=\"canonical\" href=\"https:\/\/luxuryracketclub.com\/ro\/p\/australian-collection-grivna-ot-cherven-konecz-s-tenis-raketi-i-came-to-win\/\" \/>\n<meta property=\"og:locale\" content=\"ro_RO\" \/>\n<meta property=\"og:type\" content=\"article\" \/>\n<meta property=\"og:title\" content=\"Br\u0103\u021bar\u0103 din \u0219nur ro\u0219u cu rachete de tenis \u201eAm venit s\u0103 c\u00e2\u0219tig\u201d - \u0420\u044a\u0447\u043d\u043e \u0438\u0437\u0440\u0430\u0431\u043e\u0442\u0435\u043d\u0438 \u0442\u0435\u043d\u0438\u0441 \u0431\u0438\u0436\u0443\u0442\u0430 \u0438 \u0430\u043a\u0441\u0435\u0441\u043e\u0430\u0440\u0438\" \/>\n<meta property=\"og:description\" content=\"G\u0103se\u0219te inspira\u021bie cu br\u0103\u021bara noastr\u0103 unisex \u201eI Came to Win\u201d, parte a colec\u021biei speciale Australian Open. Realizat\u0103 manual din fir ro\u0219u cu un element de argint \u2013 o rachet\u0103 de tenis \u0219i o minge, aceast\u0103 br\u0103\u021bar\u0103 este un simbol al pasiunii pentru tenis \u0219i al c\u0103ut\u0103rii victoriei. Talismanul, realizat din argint 925, este detaliat:\ud83c\udfbe \u0218nur ajurat pentru un aspect autentic.\u2764\ufe0f M\u00e2ner \u00een form\u0103 de inim\u0103, simbol al iubirii pentru joc.\ud83d\udd17 \u0218nur care se desf\u0103\u0219oar\u0103 de-a lungul conturului rachetei, \u00eempletind vise \u0219i ambi\u021bii.  \ud83c\udfc6 Colec\u021bia Australian Open \u2013 poart\u0103 spiritul campionilor!  LUXURY RACKET CLUB este o art\u0103, cu aten\u021bie la fiecare detaliu.\" \/>\n<meta property=\"og:url\" content=\"https:\/\/luxuryracketclub.com\/ro\/p\/australian-collection-grivna-ot-cherven-konecz-s-tenis-raketi-i-came-to-win\/\" \/>\n<meta property=\"og:site_name\" content=\"\u0420\u044a\u0447\u043d\u043e \u0438\u0437\u0440\u0430\u0431\u043e\u0442\u0435\u043d\u0438 \u0442\u0435\u043d\u0438\u0441 \u0431\u0438\u0436\u0443\u0442\u0430 \u0438 \u0430\u043a\u0441\u0435\u0441\u043e\u0430\u0440\u0438\" \/>\n<meta property=\"article:modified_time\" content=\"2025-08-29T03:43:41+00:00\" \/>\n<meta property=\"og:image\" content=\"https:\/\/luxuryracketclub.com\/wp-content\/uploads\/2024\/04\/product.srebarna-grivna-i-came-to-win-min.jpg\" \/>\n\t<meta property=\"og:image:width\" content=\"1708\" \/>\n\t<meta property=\"og:image:height\" content=\"1708\" \/>\n\t<meta property=\"og:image:type\" content=\"image\/jpeg\" \/>\n<meta name=\"twitter:card\" content=\"summary_large_image\" \/>\n<meta name=\"twitter:label1\" content=\"Timp estimat pentru citire\" \/>\n\t<meta name=\"twitter:data1\" content=\"1 minut\" \/>\n<script type=\"application\/ld+json\" class=\"yoast-schema-graph\">{\"@context\":\"https:\\\/\\\/schema.org\",\"@graph\":[{\"@type\":\"WebPage\",\"@id\":\"https:\\\/\\\/luxuryracketclub.com\\\/ro\\\/p\\\/australian-collection-grivna-ot-cherven-konecz-s-tenis-raketi-i-came-to-win\\\/\",\"url\":\"https:\\\/\\\/luxuryracketclub.com\\\/ro\\\/p\\\/australian-collection-grivna-ot-cherven-konecz-s-tenis-raketi-i-came-to-win\\\/\",\"name\":\"Br\u0103\u021bar\u0103 din \u0219nur ro\u0219u cu rachete de tenis \u201eAm venit s\u0103 c\u00e2\u0219tig\u201d - \u0420\u044a\u0447\u043d\u043e \u0438\u0437\u0440\u0430\u0431\u043e\u0442\u0435\u043d\u0438 \u0442\u0435\u043d\u0438\u0441 \u0431\u0438\u0436\u0443\u0442\u0430 \u0438 \u0430\u043a\u0441\u0435\u0441\u043e\u0430\u0440\u0438\",\"isPartOf\":{\"@id\":\"https:\\\/\\\/luxuryracketclub.com\\\/#website\"},\"primaryImageOfPage\":{\"@id\":\"https:\\\/\\\/luxuryracketclub.com\\\/ro\\\/p\\\/australian-collection-grivna-ot-cherven-konecz-s-tenis-raketi-i-came-to-win\\\/#primaryimage\"},\"image\":{\"@id\":\"https:\\\/\\\/luxuryracketclub.com\\\/ro\\\/p\\\/australian-collection-grivna-ot-cherven-konecz-s-tenis-raketi-i-came-to-win\\\/#primaryimage\"},\"thumbnailUrl\":\"https:\\\/\\\/luxuryracketclub.com\\\/wp-content\\\/uploads\\\/2024\\\/04\\\/product.srebarna-grivna-i-came-to-win-min.jpg\",\"datePublished\":\"2025-04-04T11:07:57+00:00\",\"dateModified\":\"2025-08-29T03:43:41+00:00\",\"breadcrumb\":{\"@id\":\"https:\\\/\\\/luxuryracketclub.com\\\/ro\\\/p\\\/australian-collection-grivna-ot-cherven-konecz-s-tenis-raketi-i-came-to-win\\\/#breadcrumb\"},\"inLanguage\":\"ro-RO\",\"potentialAction\":[{\"@type\":\"ReadAction\",\"target\":[\"https:\\\/\\\/luxuryracketclub.com\\\/ro\\\/p\\\/australian-collection-grivna-ot-cherven-konecz-s-tenis-raketi-i-came-to-win\\\/\"]}]},{\"@type\":\"ImageObject\",\"inLanguage\":\"ro-RO\",\"@id\":\"https:\\\/\\\/luxuryracketclub.com\\\/ro\\\/p\\\/australian-collection-grivna-ot-cherven-konecz-s-tenis-raketi-i-came-to-win\\\/#primaryimage\",\"url\":\"https:\\\/\\\/luxuryracketclub.com\\\/wp-content\\\/uploads\\\/2024\\\/04\\\/product.srebarna-grivna-i-came-to-win-min.jpg\",\"contentUrl\":\"https:\\\/\\\/luxuryracketclub.com\\\/wp-content\\\/uploads\\\/2024\\\/04\\\/product.srebarna-grivna-i-came-to-win-min.jpg\",\"width\":1708,\"height\":1708,\"caption\":\"\u0421\u0440\u0435\u0431\u044a\u0440\u043d\u0430 \u0433\u0440\u0438\u0432\u043d\u0430 \\\"I came to win\\\"\"},{\"@type\":\"BreadcrumbList\",\"@id\":\"https:\\\/\\\/luxuryracketclub.com\\\/ro\\\/p\\\/australian-collection-grivna-ot-cherven-konecz-s-tenis-raketi-i-came-to-win\\\/#breadcrumb\",\"itemListElement\":[{\"@type\":\"ListItem\",\"position\":1,\"name\":\"\u041d\u0430\u0447\u0430\u043b\u043e\",\"item\":\"https:\\\/\\\/luxuryracketclub.com\\\/ro\\\/\"},{\"@type\":\"ListItem\",\"position\":2,\"name\":\"Magazin\",\"item\":\"https:\\\/\\\/luxuryracketclub.com\\\/ro\\\/magazin\\\/\"},{\"@type\":\"ListItem\",\"position\":3,\"name\":\"Br\u0103\u021bar\u0103 din \u0219nur ro\u0219u cu rachete de tenis \u201eAm venit s\u0103 c\u00e2\u0219tig\u201d\"}]},{\"@type\":\"WebSite\",\"@id\":\"https:\\\/\\\/luxuryracketclub.com\\\/#website\",\"url\":\"https:\\\/\\\/luxuryracketclub.com\\\/\",\"name\":\"\u0420\u044a\u0447\u043d\u043e \u0438\u0437\u0440\u0430\u0431\u043e\u0442\u0435\u043d\u0438 \u0442\u0435\u043d\u0438\u0441 \u0431\u0438\u0436\u0443\u0442\u0430 \u0438 \u0430\u043a\u0441\u0435\u0441\u043e\u0430\u0440\u0438\",\"description\":\"\",\"potentialAction\":[{\"@type\":\"SearchAction\",\"target\":{\"@type\":\"EntryPoint\",\"urlTemplate\":\"https:\\\/\\\/luxuryracketclub.com\\\/?s={search_term_string}\"},\"query-input\":{\"@type\":\"PropertyValueSpecification\",\"valueRequired\":true,\"valueName\":\"search_term_string\"}}],\"inLanguage\":\"ro-RO\"}]}<\/script>\n<!-- \/ Yoast SEO plugin. -->","yoast_head_json":{"title":"Br\u0103\u021bar\u0103 din \u0219nur ro\u0219u cu rachete de tenis \u201eAm venit s\u0103 c\u00e2\u0219tig\u201d - \u0420\u044a\u0447\u043d\u043e \u0438\u0437\u0440\u0430\u0431\u043e\u0442\u0435\u043d\u0438 \u0442\u0435\u043d\u0438\u0441 \u0431\u0438\u0436\u0443\u0442\u0430 \u0438 \u0430\u043a\u0441\u0435\u0441\u043e\u0430\u0440\u0438","robots":{"index":"index","follow":"follow","max-snippet":"max-snippet:-1","max-image-preview":"max-image-preview:large","max-video-preview":"max-video-preview:-1"},"canonical":"https:\/\/luxuryracketclub.com\/ro\/p\/australian-collection-grivna-ot-cherven-konecz-s-tenis-raketi-i-came-to-win\/","og_locale":"ro_RO","og_type":"article","og_title":"Br\u0103\u021bar\u0103 din \u0219nur ro\u0219u cu rachete de tenis \u201eAm venit s\u0103 c\u00e2\u0219tig\u201d - \u0420\u044a\u0447\u043d\u043e \u0438\u0437\u0440\u0430\u0431\u043e\u0442\u0435\u043d\u0438 \u0442\u0435\u043d\u0438\u0441 \u0431\u0438\u0436\u0443\u0442\u0430 \u0438 \u0430\u043a\u0441\u0435\u0441\u043e\u0430\u0440\u0438","og_description":"G\u0103se\u0219te inspira\u021bie cu br\u0103\u021bara noastr\u0103 unisex \u201eI Came to Win\u201d, parte a colec\u021biei speciale Australian Open. Realizat\u0103 manual din fir ro\u0219u cu un element de argint \u2013 o rachet\u0103 de tenis \u0219i o minge, aceast\u0103 br\u0103\u021bar\u0103 este un simbol al pasiunii pentru tenis \u0219i al c\u0103ut\u0103rii victoriei. Talismanul, realizat din argint 925, este detaliat:\ud83c\udfbe \u0218nur ajurat pentru un aspect autentic.\u2764\ufe0f M\u00e2ner \u00een form\u0103 de inim\u0103, simbol al iubirii pentru joc.\ud83d\udd17 \u0218nur care se desf\u0103\u0219oar\u0103 de-a lungul conturului rachetei, \u00eempletind vise \u0219i ambi\u021bii.  \ud83c\udfc6 Colec\u021bia Australian Open \u2013 poart\u0103 spiritul campionilor!  LUXURY RACKET CLUB este o art\u0103, cu aten\u021bie la fiecare detaliu.","og_url":"https:\/\/luxuryracketclub.com\/ro\/p\/australian-collection-grivna-ot-cherven-konecz-s-tenis-raketi-i-came-to-win\/","og_site_name":"\u0420\u044a\u0447\u043d\u043e \u0438\u0437\u0440\u0430\u0431\u043e\u0442\u0435\u043d\u0438 \u0442\u0435\u043d\u0438\u0441 \u0431\u0438\u0436\u0443\u0442\u0430 \u0438 \u0430\u043a\u0441\u0435\u0441\u043e\u0430\u0440\u0438","article_modified_time":"2025-08-29T03:43:41+00:00","og_image":[{"width":1708,"height":1708,"url":"https:\/\/luxuryracketclub.com\/wp-content\/uploads\/2024\/04\/product.srebarna-grivna-i-came-to-win-min.jpg","type":"image\/jpeg"}],"twitter_card":"summary_large_image","twitter_misc":{"Timp estimat pentru citire":"1 minut"},"schema":{"@context":"https:\/\/schema.org","@graph":[{"@type":"WebPage","@id":"https:\/\/luxuryracketclub.com\/ro\/p\/australian-collection-grivna-ot-cherven-konecz-s-tenis-raketi-i-came-to-win\/","url":"https:\/\/luxuryracketclub.com\/ro\/p\/australian-collection-grivna-ot-cherven-konecz-s-tenis-raketi-i-came-to-win\/","name":"Br\u0103\u021bar\u0103 din \u0219nur ro\u0219u cu rachete de tenis \u201eAm venit s\u0103 c\u00e2\u0219tig\u201d - \u0420\u044a\u0447\u043d\u043e \u0438\u0437\u0440\u0430\u0431\u043e\u0442\u0435\u043d\u0438 \u0442\u0435\u043d\u0438\u0441 \u0431\u0438\u0436\u0443\u0442\u0430 \u0438 \u0430\u043a\u0441\u0435\u0441\u043e\u0430\u0440\u0438","isPartOf":{"@id":"https:\/\/luxuryracketclub.com\/#website"},"primaryImageOfPage":{"@id":"https:\/\/luxuryracketclub.com\/ro\/p\/australian-collection-grivna-ot-cherven-konecz-s-tenis-raketi-i-came-to-win\/#primaryimage"},"image":{"@id":"https:\/\/luxuryracketclub.com\/ro\/p\/australian-collection-grivna-ot-cherven-konecz-s-tenis-raketi-i-came-to-win\/#primaryimage"},"thumbnailUrl":"https:\/\/luxuryracketclub.com\/wp-content\/uploads\/2024\/04\/product.srebarna-grivna-i-came-to-win-min.jpg","datePublished":"2025-04-04T11:07:57+00:00","dateModified":"2025-08-29T03:43:41+00:00","breadcrumb":{"@id":"https:\/\/luxuryracketclub.com\/ro\/p\/australian-collection-grivna-ot-cherven-konecz-s-tenis-raketi-i-came-to-win\/#breadcrumb"},"inLanguage":"ro-RO","potentialAction":[{"@type":"ReadAction","target":["https:\/\/luxuryracketclub.com\/ro\/p\/australian-collection-grivna-ot-cherven-konecz-s-tenis-raketi-i-came-to-win\/"]}]},{"@type":"ImageObject","inLanguage":"ro-RO","@id":"https:\/\/luxuryracketclub.com\/ro\/p\/australian-collection-grivna-ot-cherven-konecz-s-tenis-raketi-i-came-to-win\/#primaryimage","url":"https:\/\/luxuryracketclub.com\/wp-content\/uploads\/2024\/04\/product.srebarna-grivna-i-came-to-win-min.jpg","contentUrl":"https:\/\/luxuryracketclub.com\/wp-content\/uploads\/2024\/04\/product.srebarna-grivna-i-came-to-win-min.jpg","width":1708,"height":1708,"caption":"\u0421\u0440\u0435\u0431\u044a\u0440\u043d\u0430 \u0433\u0440\u0438\u0432\u043d\u0430 \"I came to win\""},{"@type":"BreadcrumbList","@id":"https:\/\/luxuryracketclub.com\/ro\/p\/australian-collection-grivna-ot-cherven-konecz-s-tenis-raketi-i-came-to-win\/#breadcrumb","itemListElement":[{"@type":"ListItem","position":1,"name":"\u041d\u0430\u0447\u0430\u043b\u043e","item":"https:\/\/luxuryracketclub.com\/ro\/"},{"@type":"ListItem","position":2,"name":"Magazin","item":"https:\/\/luxuryracketclub.com\/ro\/magazin\/"},{"@type":"ListItem","position":3,"name":"Br\u0103\u021bar\u0103 din \u0219nur ro\u0219u cu rachete de tenis \u201eAm venit s\u0103 c\u00e2\u0219tig\u201d"}]},{"@type":"WebSite","@id":"https:\/\/luxuryracketclub.com\/#website","url":"https:\/\/luxuryracketclub.com\/","name":"\u0420\u044a\u0447\u043d\u043e \u0438\u0437\u0440\u0430\u0431\u043e\u0442\u0435\u043d\u0438 \u0442\u0435\u043d\u0438\u0441 \u0431\u0438\u0436\u0443\u0442\u0430 \u0438 \u0430\u043a\u0441\u0435\u0441\u043e\u0430\u0440\u0438","description":"","potentialAction":[{"@type":"SearchAction","target":{"@type":"EntryPoint","urlTemplate":"https:\/\/luxuryracketclub.com\/?s={search_term_string}"},"query-input":{"@type":"PropertyValueSpecification","valueRequired":true,"valueName":"search_term_string"}}],"inLanguage":"ro-RO"}]}},"_links":{"self":[{"href":"https:\/\/luxuryracketclub.com\/ro\/wp-json\/wp\/v2\/product\/14225","targetHints":{"allow":["GET"]}}],"collection":[{"href":"https:\/\/luxuryracketclub.com\/ro\/wp-json\/wp\/v2\/product"}],"about":[{"href":"https:\/\/luxuryracketclub.com\/ro\/wp-json\/wp\/v2\/types\/product"}],"replies":[{"embeddable":true,"href":"https:\/\/luxuryracketclub.com\/ro\/wp-json\/wp\/v2\/comments?post=14225"}],"wp:featuredmedia":[{"embeddable":true,"href":"https:\/\/luxuryracketclub.com\/ro\/wp-json\/wp\/v2\/media\/14226"}],"wp:attachment":[{"href":"https:\/\/luxuryracketclub.com\/ro\/wp-json\/wp\/v2\/media?parent=14225"}],"wp:term":[{"taxonomy":"product_brand","embeddable":true,"href":"https:\/\/luxuryracketclub.com\/ro\/wp-json\/wp\/v2\/product_brand?post=14225"},{"taxonomy":"product_cat","embeddable":true,"href":"https:\/\/luxuryracketclub.com\/ro\/wp-json\/wp\/v2\/product_cat?post=14225"},{"taxonomy":"product_tag","embeddable":true,"href":"https:\/\/luxuryracketclub.com\/ro\/wp-json\/wp\/v2\/product_tag?post=14225"}],"curies":[{"name":"wp","href":"https:\/\/api.w.org\/{rel}","templated":true}]}}