{"id":14220,"date":"2025-04-04T14:16:54","date_gmt":"2025-04-04T11:16:54","guid":{"rendered":"https:\/\/luxuryracketclub.com\/p\/australian-open-collection-srebaren-talisman-tenis-kort-i-can\/"},"modified":"2025-08-29T06:43:07","modified_gmt":"2025-08-29T03:43:07","slug":"australian-open-collection-srebaren-talisman-tenis-kort-i-can","status":"publish","type":"product","link":"https:\/\/luxuryracketclub.com\/ro\/p\/australian-open-collection-srebaren-talisman-tenis-kort-i-can\/","title":{"rendered":"Mascota terenului de tenis argintiu \u201ePot\u201d"},"content":{"rendered":"","protected":false},"excerpt":{"rendered":"<p class=\"\" data-start=\"59\" data-end=\"418\">Descoper\u0103 inspira\u021bia turneului Australian Open cu acest talisman unic, realizat din argint de \u00eenalt\u0103 calitate. Designul prezint\u0103 un teren de tenis meticulos lucrat pe fa\u021b\u0103 \u0219i cuvintele gravate manual \u201eI can\u201d pe spate, amintindu-\u021bi s\u0103 crezi \u00een tine. Mingea de tenis argintie suspendat\u0103, cu dungi detaliate, simbolizeaz\u0103 pasiunea pentru joc \u0219i dorin\u021ba de a c\u00e2\u0219tiga.<\/p>\n<p class=\"\" data-start=\"420\" data-end=\"623\">Acest talisman rafinat este conceput pentru a te inspira s\u0103 fii pozitiv, \u00eendr\u0103zne\u021b \u0219i \u00eencrez\u0103tor \u00een fiecare zi.<\/p>\n<p><strong>LUXURY RACKET CLUB<\/strong> este o art\u0103 cu aten\u021bie la fiecare detaliu.<\/p>\n","protected":false},"featured_media":14221,"comment_status":"open","ping_status":"closed","template":"","meta":{"_acf_changed":false,"_nectar_blocks_hide_post_title":false,"_nectar_blocks_transparent_header_effect":false,"_nectar_blocks_transparent_header_effect_color":"light","_nectar_blocks_header_animation":false,"_nectar_blocks_header_animation_delay":0,"_nectar_blocks_header_animation_effect":"fade","_nectar_blocks_page_css":"","_nectar_blocks_page_js":"","inline_featured_image":false},"product_brand":[],"product_cat":[862],"product_tag":[841,970],"class_list":{"0":"post-14220","1":"product","2":"type-product","3":"status-publish","4":"has-post-thumbnail","6":"product_cat-colectia-australian-open","7":"product_tag-podarak-za-tenisist-ro","8":"product_tag-tenis-stil-ro","10":"first","11":"instock","12":"sale","13":"shipping-taxable","14":"purchasable","15":"product-type-simple"},"acf":[],"yoast_head":"<!-- This site is optimized with the Yoast SEO plugin v27.4 - https:\/\/yoast.com\/product\/yoast-seo-wordpress\/ -->\n<title>Mascota terenului de tenis argintiu \u201ePot\u201d - \u0420\u044a\u0447\u043d\u043e \u0438\u0437\u0440\u0430\u0431\u043e\u0442\u0435\u043d\u0438 \u0442\u0435\u043d\u0438\u0441 \u0431\u0438\u0436\u0443\u0442\u0430 \u0438 \u0430\u043a\u0441\u0435\u0441\u043e\u0430\u0440\u0438<\/title>\n<meta name=\"robots\" content=\"index, follow, max-snippet:-1, max-image-preview:large, max-video-preview:-1\" \/>\n<link rel=\"canonical\" href=\"https:\/\/luxuryracketclub.com\/ro\/p\/australian-open-collection-srebaren-talisman-tenis-kort-i-can\/\" \/>\n<meta property=\"og:locale\" content=\"ro_RO\" \/>\n<meta property=\"og:type\" content=\"article\" \/>\n<meta property=\"og:title\" content=\"Mascota terenului de tenis argintiu \u201ePot\u201d - \u0420\u044a\u0447\u043d\u043e \u0438\u0437\u0440\u0430\u0431\u043e\u0442\u0435\u043d\u0438 \u0442\u0435\u043d\u0438\u0441 \u0431\u0438\u0436\u0443\u0442\u0430 \u0438 \u0430\u043a\u0441\u0435\u0441\u043e\u0430\u0440\u0438\" \/>\n<meta property=\"og:description\" content=\"Descoper\u0103 inspira\u021bia turneului Australian Open cu acest talisman unic, realizat din argint de \u00eenalt\u0103 calitate. Designul prezint\u0103 un teren de tenis meticulos lucrat pe fa\u021b\u0103 \u0219i cuvintele gravate manual \u201eI can\u201d pe spate, amintindu-\u021bi s\u0103 crezi \u00een tine. Mingea de tenis argintie suspendat\u0103, cu dungi detaliate, simbolizeaz\u0103 pasiunea pentru joc \u0219i dorin\u021ba de a c\u00e2\u0219tiga. Acest talisman rafinat este conceput pentru a te inspira s\u0103 fii pozitiv, \u00eendr\u0103zne\u021b \u0219i \u00eencrez\u0103tor \u00een fiecare zi. LUXURY RACKET CLUB este o art\u0103 cu aten\u021bie la fiecare detaliu.\" \/>\n<meta property=\"og:url\" content=\"https:\/\/luxuryracketclub.com\/ro\/p\/australian-open-collection-srebaren-talisman-tenis-kort-i-can\/\" \/>\n<meta property=\"og:site_name\" content=\"\u0420\u044a\u0447\u043d\u043e \u0438\u0437\u0440\u0430\u0431\u043e\u0442\u0435\u043d\u0438 \u0442\u0435\u043d\u0438\u0441 \u0431\u0438\u0436\u0443\u0442\u0430 \u0438 \u0430\u043a\u0441\u0435\u0441\u043e\u0430\u0440\u0438\" \/>\n<meta property=\"article:modified_time\" content=\"2025-08-29T03:43:07+00:00\" \/>\n<meta property=\"og:image\" content=\"https:\/\/luxuryracketclub.com\/wp-content\/uploads\/2023\/07\/product.talisman.tenis_.kort-min.jpg\" \/>\n\t<meta property=\"og:image:width\" content=\"1708\" \/>\n\t<meta property=\"og:image:height\" content=\"1708\" \/>\n\t<meta property=\"og:image:type\" content=\"image\/jpeg\" \/>\n<meta name=\"twitter:card\" content=\"summary_large_image\" \/>\n<meta name=\"twitter:label1\" content=\"Timp estimat pentru citire\" \/>\n\t<meta name=\"twitter:data1\" content=\"1 minut\" \/>\n<script type=\"application\/ld+json\" class=\"yoast-schema-graph\">{\"@context\":\"https:\\\/\\\/schema.org\",\"@graph\":[{\"@type\":\"WebPage\",\"@id\":\"https:\\\/\\\/luxuryracketclub.com\\\/ro\\\/p\\\/australian-open-collection-srebaren-talisman-tenis-kort-i-can\\\/\",\"url\":\"https:\\\/\\\/luxuryracketclub.com\\\/ro\\\/p\\\/australian-open-collection-srebaren-talisman-tenis-kort-i-can\\\/\",\"name\":\"Mascota terenului de tenis argintiu \u201ePot\u201d - \u0420\u044a\u0447\u043d\u043e \u0438\u0437\u0440\u0430\u0431\u043e\u0442\u0435\u043d\u0438 \u0442\u0435\u043d\u0438\u0441 \u0431\u0438\u0436\u0443\u0442\u0430 \u0438 \u0430\u043a\u0441\u0435\u0441\u043e\u0430\u0440\u0438\",\"isPartOf\":{\"@id\":\"https:\\\/\\\/luxuryracketclub.com\\\/#website\"},\"primaryImageOfPage\":{\"@id\":\"https:\\\/\\\/luxuryracketclub.com\\\/ro\\\/p\\\/australian-open-collection-srebaren-talisman-tenis-kort-i-can\\\/#primaryimage\"},\"image\":{\"@id\":\"https:\\\/\\\/luxuryracketclub.com\\\/ro\\\/p\\\/australian-open-collection-srebaren-talisman-tenis-kort-i-can\\\/#primaryimage\"},\"thumbnailUrl\":\"https:\\\/\\\/luxuryracketclub.com\\\/wp-content\\\/uploads\\\/2023\\\/07\\\/product.talisman.tenis_.kort-min.jpg\",\"datePublished\":\"2025-04-04T11:16:54+00:00\",\"dateModified\":\"2025-08-29T03:43:07+00:00\",\"breadcrumb\":{\"@id\":\"https:\\\/\\\/luxuryracketclub.com\\\/ro\\\/p\\\/australian-open-collection-srebaren-talisman-tenis-kort-i-can\\\/#breadcrumb\"},\"inLanguage\":\"ro-RO\",\"potentialAction\":[{\"@type\":\"ReadAction\",\"target\":[\"https:\\\/\\\/luxuryracketclub.com\\\/ro\\\/p\\\/australian-open-collection-srebaren-talisman-tenis-kort-i-can\\\/\"]}]},{\"@type\":\"ImageObject\",\"inLanguage\":\"ro-RO\",\"@id\":\"https:\\\/\\\/luxuryracketclub.com\\\/ro\\\/p\\\/australian-open-collection-srebaren-talisman-tenis-kort-i-can\\\/#primaryimage\",\"url\":\"https:\\\/\\\/luxuryracketclub.com\\\/wp-content\\\/uploads\\\/2023\\\/07\\\/product.talisman.tenis_.kort-min.jpg\",\"contentUrl\":\"https:\\\/\\\/luxuryracketclub.com\\\/wp-content\\\/uploads\\\/2023\\\/07\\\/product.talisman.tenis_.kort-min.jpg\",\"width\":1708,\"height\":1708,\"caption\":\"\u0422\u0430\u043b\u0438\u0441\u043c\u0430\u043d \\\"\u0422\u0435\u043d\u0438\u0441 \u043a\u043e\u0440\u0442\\\"\"},{\"@type\":\"BreadcrumbList\",\"@id\":\"https:\\\/\\\/luxuryracketclub.com\\\/ro\\\/p\\\/australian-open-collection-srebaren-talisman-tenis-kort-i-can\\\/#breadcrumb\",\"itemListElement\":[{\"@type\":\"ListItem\",\"position\":1,\"name\":\"\u041d\u0430\u0447\u0430\u043b\u043e\",\"item\":\"https:\\\/\\\/luxuryracketclub.com\\\/ro\\\/\"},{\"@type\":\"ListItem\",\"position\":2,\"name\":\"Magazin\",\"item\":\"https:\\\/\\\/luxuryracketclub.com\\\/ro\\\/magazin\\\/\"},{\"@type\":\"ListItem\",\"position\":3,\"name\":\"Mascota terenului de tenis argintiu \u201ePot\u201d\"}]},{\"@type\":\"WebSite\",\"@id\":\"https:\\\/\\\/luxuryracketclub.com\\\/#website\",\"url\":\"https:\\\/\\\/luxuryracketclub.com\\\/\",\"name\":\"\u0420\u044a\u0447\u043d\u043e \u0438\u0437\u0440\u0430\u0431\u043e\u0442\u0435\u043d\u0438 \u0442\u0435\u043d\u0438\u0441 \u0431\u0438\u0436\u0443\u0442\u0430 \u0438 \u0430\u043a\u0441\u0435\u0441\u043e\u0430\u0440\u0438\",\"description\":\"\",\"potentialAction\":[{\"@type\":\"SearchAction\",\"target\":{\"@type\":\"EntryPoint\",\"urlTemplate\":\"https:\\\/\\\/luxuryracketclub.com\\\/?s={search_term_string}\"},\"query-input\":{\"@type\":\"PropertyValueSpecification\",\"valueRequired\":true,\"valueName\":\"search_term_string\"}}],\"inLanguage\":\"ro-RO\"}]}<\/script>\n<!-- \/ Yoast SEO plugin. -->","yoast_head_json":{"title":"Mascota terenului de tenis argintiu \u201ePot\u201d - \u0420\u044a\u0447\u043d\u043e \u0438\u0437\u0440\u0430\u0431\u043e\u0442\u0435\u043d\u0438 \u0442\u0435\u043d\u0438\u0441 \u0431\u0438\u0436\u0443\u0442\u0430 \u0438 \u0430\u043a\u0441\u0435\u0441\u043e\u0430\u0440\u0438","robots":{"index":"index","follow":"follow","max-snippet":"max-snippet:-1","max-image-preview":"max-image-preview:large","max-video-preview":"max-video-preview:-1"},"canonical":"https:\/\/luxuryracketclub.com\/ro\/p\/australian-open-collection-srebaren-talisman-tenis-kort-i-can\/","og_locale":"ro_RO","og_type":"article","og_title":"Mascota terenului de tenis argintiu \u201ePot\u201d - \u0420\u044a\u0447\u043d\u043e \u0438\u0437\u0440\u0430\u0431\u043e\u0442\u0435\u043d\u0438 \u0442\u0435\u043d\u0438\u0441 \u0431\u0438\u0436\u0443\u0442\u0430 \u0438 \u0430\u043a\u0441\u0435\u0441\u043e\u0430\u0440\u0438","og_description":"Descoper\u0103 inspira\u021bia turneului Australian Open cu acest talisman unic, realizat din argint de \u00eenalt\u0103 calitate. Designul prezint\u0103 un teren de tenis meticulos lucrat pe fa\u021b\u0103 \u0219i cuvintele gravate manual \u201eI can\u201d pe spate, amintindu-\u021bi s\u0103 crezi \u00een tine. Mingea de tenis argintie suspendat\u0103, cu dungi detaliate, simbolizeaz\u0103 pasiunea pentru joc \u0219i dorin\u021ba de a c\u00e2\u0219tiga. Acest talisman rafinat este conceput pentru a te inspira s\u0103 fii pozitiv, \u00eendr\u0103zne\u021b \u0219i \u00eencrez\u0103tor \u00een fiecare zi. LUXURY RACKET CLUB este o art\u0103 cu aten\u021bie la fiecare detaliu.","og_url":"https:\/\/luxuryracketclub.com\/ro\/p\/australian-open-collection-srebaren-talisman-tenis-kort-i-can\/","og_site_name":"\u0420\u044a\u0447\u043d\u043e \u0438\u0437\u0440\u0430\u0431\u043e\u0442\u0435\u043d\u0438 \u0442\u0435\u043d\u0438\u0441 \u0431\u0438\u0436\u0443\u0442\u0430 \u0438 \u0430\u043a\u0441\u0435\u0441\u043e\u0430\u0440\u0438","article_modified_time":"2025-08-29T03:43:07+00:00","og_image":[{"width":1708,"height":1708,"url":"https:\/\/luxuryracketclub.com\/wp-content\/uploads\/2023\/07\/product.talisman.tenis_.kort-min.jpg","type":"image\/jpeg"}],"twitter_card":"summary_large_image","twitter_misc":{"Timp estimat pentru citire":"1 minut"},"schema":{"@context":"https:\/\/schema.org","@graph":[{"@type":"WebPage","@id":"https:\/\/luxuryracketclub.com\/ro\/p\/australian-open-collection-srebaren-talisman-tenis-kort-i-can\/","url":"https:\/\/luxuryracketclub.com\/ro\/p\/australian-open-collection-srebaren-talisman-tenis-kort-i-can\/","name":"Mascota terenului de tenis argintiu \u201ePot\u201d - \u0420\u044a\u0447\u043d\u043e \u0438\u0437\u0440\u0430\u0431\u043e\u0442\u0435\u043d\u0438 \u0442\u0435\u043d\u0438\u0441 \u0431\u0438\u0436\u0443\u0442\u0430 \u0438 \u0430\u043a\u0441\u0435\u0441\u043e\u0430\u0440\u0438","isPartOf":{"@id":"https:\/\/luxuryracketclub.com\/#website"},"primaryImageOfPage":{"@id":"https:\/\/luxuryracketclub.com\/ro\/p\/australian-open-collection-srebaren-talisman-tenis-kort-i-can\/#primaryimage"},"image":{"@id":"https:\/\/luxuryracketclub.com\/ro\/p\/australian-open-collection-srebaren-talisman-tenis-kort-i-can\/#primaryimage"},"thumbnailUrl":"https:\/\/luxuryracketclub.com\/wp-content\/uploads\/2023\/07\/product.talisman.tenis_.kort-min.jpg","datePublished":"2025-04-04T11:16:54+00:00","dateModified":"2025-08-29T03:43:07+00:00","breadcrumb":{"@id":"https:\/\/luxuryracketclub.com\/ro\/p\/australian-open-collection-srebaren-talisman-tenis-kort-i-can\/#breadcrumb"},"inLanguage":"ro-RO","potentialAction":[{"@type":"ReadAction","target":["https:\/\/luxuryracketclub.com\/ro\/p\/australian-open-collection-srebaren-talisman-tenis-kort-i-can\/"]}]},{"@type":"ImageObject","inLanguage":"ro-RO","@id":"https:\/\/luxuryracketclub.com\/ro\/p\/australian-open-collection-srebaren-talisman-tenis-kort-i-can\/#primaryimage","url":"https:\/\/luxuryracketclub.com\/wp-content\/uploads\/2023\/07\/product.talisman.tenis_.kort-min.jpg","contentUrl":"https:\/\/luxuryracketclub.com\/wp-content\/uploads\/2023\/07\/product.talisman.tenis_.kort-min.jpg","width":1708,"height":1708,"caption":"\u0422\u0430\u043b\u0438\u0441\u043c\u0430\u043d \"\u0422\u0435\u043d\u0438\u0441 \u043a\u043e\u0440\u0442\""},{"@type":"BreadcrumbList","@id":"https:\/\/luxuryracketclub.com\/ro\/p\/australian-open-collection-srebaren-talisman-tenis-kort-i-can\/#breadcrumb","itemListElement":[{"@type":"ListItem","position":1,"name":"\u041d\u0430\u0447\u0430\u043b\u043e","item":"https:\/\/luxuryracketclub.com\/ro\/"},{"@type":"ListItem","position":2,"name":"Magazin","item":"https:\/\/luxuryracketclub.com\/ro\/magazin\/"},{"@type":"ListItem","position":3,"name":"Mascota terenului de tenis argintiu \u201ePot\u201d"}]},{"@type":"WebSite","@id":"https:\/\/luxuryracketclub.com\/#website","url":"https:\/\/luxuryracketclub.com\/","name":"\u0420\u044a\u0447\u043d\u043e \u0438\u0437\u0440\u0430\u0431\u043e\u0442\u0435\u043d\u0438 \u0442\u0435\u043d\u0438\u0441 \u0431\u0438\u0436\u0443\u0442\u0430 \u0438 \u0430\u043a\u0441\u0435\u0441\u043e\u0430\u0440\u0438","description":"","potentialAction":[{"@type":"SearchAction","target":{"@type":"EntryPoint","urlTemplate":"https:\/\/luxuryracketclub.com\/?s={search_term_string}"},"query-input":{"@type":"PropertyValueSpecification","valueRequired":true,"valueName":"search_term_string"}}],"inLanguage":"ro-RO"}]}},"_links":{"self":[{"href":"https:\/\/luxuryracketclub.com\/ro\/wp-json\/wp\/v2\/product\/14220","targetHints":{"allow":["GET"]}}],"collection":[{"href":"https:\/\/luxuryracketclub.com\/ro\/wp-json\/wp\/v2\/product"}],"about":[{"href":"https:\/\/luxuryracketclub.com\/ro\/wp-json\/wp\/v2\/types\/product"}],"replies":[{"embeddable":true,"href":"https:\/\/luxuryracketclub.com\/ro\/wp-json\/wp\/v2\/comments?post=14220"}],"wp:featuredmedia":[{"embeddable":true,"href":"https:\/\/luxuryracketclub.com\/ro\/wp-json\/wp\/v2\/media\/14221"}],"wp:attachment":[{"href":"https:\/\/luxuryracketclub.com\/ro\/wp-json\/wp\/v2\/media?parent=14220"}],"wp:term":[{"taxonomy":"product_brand","embeddable":true,"href":"https:\/\/luxuryracketclub.com\/ro\/wp-json\/wp\/v2\/product_brand?post=14220"},{"taxonomy":"product_cat","embeddable":true,"href":"https:\/\/luxuryracketclub.com\/ro\/wp-json\/wp\/v2\/product_cat?post=14220"},{"taxonomy":"product_tag","embeddable":true,"href":"https:\/\/luxuryracketclub.com\/ro\/wp-json\/wp\/v2\/product_tag?post=14220"}],"curies":[{"name":"wp","href":"https:\/\/api.w.org\/{rel}","templated":true}]}}