{"id":14218,"date":"2025-04-04T14:21:32","date_gmt":"2025-04-04T11:21:32","guid":{"rendered":"https:\/\/luxuryracketclub.com\/p\/australian-open-collection-srebarna-visulka-tenis-kort-s-topka-i-can\/"},"modified":"2025-08-29T06:42:10","modified_gmt":"2025-08-29T03:42:10","slug":"australian-open-collection-srebarna-visulka-tenis-kort-s-topka-i-can","status":"publish","type":"product","link":"https:\/\/luxuryracketclub.com\/ro\/p\/australian-open-collection-srebarna-visulka-tenis-kort-s-topka-i-can\/","title":{"rendered":"Pandantiv teren de tenis din argint cu minge \u201ePot\u201d"},"content":{"rendered":"","protected":false},"excerpt":{"rendered":"<p class=\"\" data-start=\"92\" data-end=\"332\">G\u0103si\u021bi inspira\u021bie \u00een pandantivul din argint \u201eI Can\u201d, creat pentru adev\u0103ra\u021bii fani ai tenisului. Aceast\u0103 bijuterie unic\u0103 de la LUXURY RACKET CLUB este realizat\u0103 din argint de \u00eenalt\u0103 calitate \u0219i poart\u0103 puterea victoriei.<\/p>\n<p class=\"\" data-start=\"334\" data-end=\"362\">Design cu spirit de tenis:<\/p>\n<ul>\n<li class=\"\" data-start=\"363\" data-end=\"436\">\n<p class=\"\" data-start=\"365\" data-end=\"436\">Un teren de tenis fin reprezentat pe fa\u021b\u0103 &#8211; un simbol al pasiunii pentru joc.<\/p>\n<\/li>\n<li class=\"\" data-start=\"437\" data-end=\"535\">\n<p class=\"\" data-start=\"439\" data-end=\"535\">Cuvintele gravate manual \u201eI Can\u201d pe spate &#8211; o amintire zilnic\u0103 a \u00eencrederii \u0219i stimei de sine.<\/p>\n<\/li>\n<li class=\"\" data-start=\"536\" data-end=\"616\">\n<p class=\"\" data-start=\"538\" data-end=\"616\">O minge de tenis argintie elegant\u0103, ag\u0103\u021bat\u0103, care surprinde dinamica acestui sport.<\/p>\n<\/li>\n<\/ul>\n<p class=\"\" data-start=\"538\" data-end=\"616\"><strong data-start=\"620\" data-end=\"659\">De ce s\u0103 alege\u021bi pandantivul \u201eI Can\u201d?<\/strong><\/p>\n<ul>\n<li data-start=\"538\" data-end=\"616\"> Accesoriul perfect pentru orice pasionat de tenis.<\/li>\n<li data-start=\"538\" data-end=\"616\"> Design luxos, cu aten\u021bie la detalii.<\/li>\n<li data-start=\"538\" data-end=\"616\"> Cadoul perfect pentru fanii Australian Open \u0219i ai turneelor \u200b\u200bmajore.<\/li>\n<\/ul>\n<p class=\"\" data-start=\"838\" data-end=\"925\"> Al\u0103tura\u021bi-v\u0103 <strong data-start=\"854\" data-end=\"884\">Colec\u021bia Australian Open<\/strong> \u0219i poart\u0103 \u00eencrederea campionilor!<\/p>\n<p><strong>LUXURY RACKET CLUB<\/strong> este o art\u0103, cu aten\u021bie la fiecare detaliu.<\/p>\n","protected":false},"featured_media":14219,"comment_status":"open","ping_status":"closed","template":"","meta":{"_acf_changed":false,"_nectar_blocks_hide_post_title":false,"_nectar_blocks_transparent_header_effect":false,"_nectar_blocks_transparent_header_effect_color":"light","_nectar_blocks_header_animation":false,"_nectar_blocks_header_animation_delay":0,"_nectar_blocks_header_animation_effect":"fade","_nectar_blocks_page_css":"","_nectar_blocks_page_js":"","inline_featured_image":false},"product_brand":[],"product_cat":[862],"product_tag":[841,970],"class_list":{"0":"post-14218","1":"product","2":"type-product","3":"status-publish","4":"has-post-thumbnail","6":"product_cat-colectia-australian-open","7":"product_tag-podarak-za-tenisist-ro","8":"product_tag-tenis-stil-ro","10":"first","11":"instock","12":"sale","13":"shipping-taxable","14":"purchasable","15":"product-type-simple"},"acf":[],"yoast_head":"<!-- This site is optimized with the Yoast SEO plugin v27.4 - https:\/\/yoast.com\/product\/yoast-seo-wordpress\/ -->\n<title>Pandantiv teren de tenis din argint cu minge \u201ePot\u201d - \u0420\u044a\u0447\u043d\u043e \u0438\u0437\u0440\u0430\u0431\u043e\u0442\u0435\u043d\u0438 \u0442\u0435\u043d\u0438\u0441 \u0431\u0438\u0436\u0443\u0442\u0430 \u0438 \u0430\u043a\u0441\u0435\u0441\u043e\u0430\u0440\u0438<\/title>\n<meta name=\"robots\" content=\"index, follow, max-snippet:-1, max-image-preview:large, max-video-preview:-1\" \/>\n<link rel=\"canonical\" href=\"https:\/\/luxuryracketclub.com\/ro\/p\/australian-open-collection-srebarna-visulka-tenis-kort-s-topka-i-can\/\" \/>\n<meta property=\"og:locale\" content=\"ro_RO\" \/>\n<meta property=\"og:type\" content=\"article\" \/>\n<meta property=\"og:title\" content=\"Pandantiv teren de tenis din argint cu minge \u201ePot\u201d - \u0420\u044a\u0447\u043d\u043e \u0438\u0437\u0440\u0430\u0431\u043e\u0442\u0435\u043d\u0438 \u0442\u0435\u043d\u0438\u0441 \u0431\u0438\u0436\u0443\u0442\u0430 \u0438 \u0430\u043a\u0441\u0435\u0441\u043e\u0430\u0440\u0438\" \/>\n<meta property=\"og:description\" content=\"G\u0103si\u021bi inspira\u021bie \u00een pandantivul din argint \u201eI Can\u201d, creat pentru adev\u0103ra\u021bii fani ai tenisului. Aceast\u0103 bijuterie unic\u0103 de la LUXURY RACKET CLUB este realizat\u0103 din argint de \u00eenalt\u0103 calitate \u0219i poart\u0103 puterea victoriei. Design cu spirit de tenis:    Un teren de tenis fin reprezentat pe fa\u021b\u0103 - un simbol al pasiunii pentru joc.   Cuvintele gravate manual \u201eI Can\u201d pe spate - o amintire zilnic\u0103 a \u00eencrederii \u0219i stimei de sine.   O minge de tenis argintie elegant\u0103, ag\u0103\u021bat\u0103, care surprinde dinamica acestui sport.   De ce s\u0103 alege\u021bi pandantivul \u201eI Can\u201d?    Accesoriul perfect pentru orice pasionat de tenis.  Design luxos, cu aten\u021bie la detalii.  Cadoul perfect pentru fanii Australian Open \u0219i ai turneelor \u200b\u200bmajore.   Al\u0103tura\u021bi-v\u0103 Colec\u021bia Australian Open \u0219i poart\u0103 \u00eencrederea campionilor! LUXURY RACKET CLUB este o art\u0103, cu aten\u021bie la fiecare detaliu.\" \/>\n<meta property=\"og:url\" content=\"https:\/\/luxuryracketclub.com\/ro\/p\/australian-open-collection-srebarna-visulka-tenis-kort-s-topka-i-can\/\" \/>\n<meta property=\"og:site_name\" content=\"\u0420\u044a\u0447\u043d\u043e \u0438\u0437\u0440\u0430\u0431\u043e\u0442\u0435\u043d\u0438 \u0442\u0435\u043d\u0438\u0441 \u0431\u0438\u0436\u0443\u0442\u0430 \u0438 \u0430\u043a\u0441\u0435\u0441\u043e\u0430\u0440\u0438\" \/>\n<meta property=\"article:modified_time\" content=\"2025-08-29T03:42:10+00:00\" \/>\n<meta property=\"og:image\" content=\"https:\/\/luxuryracketclub.com\/wp-content\/uploads\/2023\/07\/product.srebarna-visulka-i-can-min.jpg\" \/>\n\t<meta property=\"og:image:width\" content=\"1668\" \/>\n\t<meta property=\"og:image:height\" content=\"1708\" \/>\n\t<meta property=\"og:image:type\" content=\"image\/jpeg\" \/>\n<meta name=\"twitter:card\" content=\"summary_large_image\" \/>\n<meta name=\"twitter:label1\" content=\"Timp estimat pentru citire\" \/>\n\t<meta name=\"twitter:data1\" content=\"1 minut\" \/>\n<script type=\"application\/ld+json\" class=\"yoast-schema-graph\">{\"@context\":\"https:\\\/\\\/schema.org\",\"@graph\":[{\"@type\":\"WebPage\",\"@id\":\"https:\\\/\\\/luxuryracketclub.com\\\/ro\\\/p\\\/australian-open-collection-srebarna-visulka-tenis-kort-s-topka-i-can\\\/\",\"url\":\"https:\\\/\\\/luxuryracketclub.com\\\/ro\\\/p\\\/australian-open-collection-srebarna-visulka-tenis-kort-s-topka-i-can\\\/\",\"name\":\"Pandantiv teren de tenis din argint cu minge \u201ePot\u201d - \u0420\u044a\u0447\u043d\u043e \u0438\u0437\u0440\u0430\u0431\u043e\u0442\u0435\u043d\u0438 \u0442\u0435\u043d\u0438\u0441 \u0431\u0438\u0436\u0443\u0442\u0430 \u0438 \u0430\u043a\u0441\u0435\u0441\u043e\u0430\u0440\u0438\",\"isPartOf\":{\"@id\":\"https:\\\/\\\/luxuryracketclub.com\\\/#website\"},\"primaryImageOfPage\":{\"@id\":\"https:\\\/\\\/luxuryracketclub.com\\\/ro\\\/p\\\/australian-open-collection-srebarna-visulka-tenis-kort-s-topka-i-can\\\/#primaryimage\"},\"image\":{\"@id\":\"https:\\\/\\\/luxuryracketclub.com\\\/ro\\\/p\\\/australian-open-collection-srebarna-visulka-tenis-kort-s-topka-i-can\\\/#primaryimage\"},\"thumbnailUrl\":\"https:\\\/\\\/luxuryracketclub.com\\\/wp-content\\\/uploads\\\/2023\\\/07\\\/product.srebarna-visulka-i-can-min.jpg\",\"datePublished\":\"2025-04-04T11:21:32+00:00\",\"dateModified\":\"2025-08-29T03:42:10+00:00\",\"breadcrumb\":{\"@id\":\"https:\\\/\\\/luxuryracketclub.com\\\/ro\\\/p\\\/australian-open-collection-srebarna-visulka-tenis-kort-s-topka-i-can\\\/#breadcrumb\"},\"inLanguage\":\"ro-RO\",\"potentialAction\":[{\"@type\":\"ReadAction\",\"target\":[\"https:\\\/\\\/luxuryracketclub.com\\\/ro\\\/p\\\/australian-open-collection-srebarna-visulka-tenis-kort-s-topka-i-can\\\/\"]}]},{\"@type\":\"ImageObject\",\"inLanguage\":\"ro-RO\",\"@id\":\"https:\\\/\\\/luxuryracketclub.com\\\/ro\\\/p\\\/australian-open-collection-srebarna-visulka-tenis-kort-s-topka-i-can\\\/#primaryimage\",\"url\":\"https:\\\/\\\/luxuryracketclub.com\\\/wp-content\\\/uploads\\\/2023\\\/07\\\/product.srebarna-visulka-i-can-min.jpg\",\"contentUrl\":\"https:\\\/\\\/luxuryracketclub.com\\\/wp-content\\\/uploads\\\/2023\\\/07\\\/product.srebarna-visulka-i-can-min.jpg\",\"width\":1668,\"height\":1708,\"caption\":\"\u0421\u0440\u0435\u0431\u044a\u0440\u043d\u0430 \u0432\u0438\u0441\u0443\u043b\u043a\u0430 \\\"I can\\\"\"},{\"@type\":\"BreadcrumbList\",\"@id\":\"https:\\\/\\\/luxuryracketclub.com\\\/ro\\\/p\\\/australian-open-collection-srebarna-visulka-tenis-kort-s-topka-i-can\\\/#breadcrumb\",\"itemListElement\":[{\"@type\":\"ListItem\",\"position\":1,\"name\":\"\u041d\u0430\u0447\u0430\u043b\u043e\",\"item\":\"https:\\\/\\\/luxuryracketclub.com\\\/ro\\\/\"},{\"@type\":\"ListItem\",\"position\":2,\"name\":\"Magazin\",\"item\":\"https:\\\/\\\/luxuryracketclub.com\\\/ro\\\/magazin\\\/\"},{\"@type\":\"ListItem\",\"position\":3,\"name\":\"Pandantiv teren de tenis din argint cu minge \u201ePot\u201d\"}]},{\"@type\":\"WebSite\",\"@id\":\"https:\\\/\\\/luxuryracketclub.com\\\/#website\",\"url\":\"https:\\\/\\\/luxuryracketclub.com\\\/\",\"name\":\"\u0420\u044a\u0447\u043d\u043e \u0438\u0437\u0440\u0430\u0431\u043e\u0442\u0435\u043d\u0438 \u0442\u0435\u043d\u0438\u0441 \u0431\u0438\u0436\u0443\u0442\u0430 \u0438 \u0430\u043a\u0441\u0435\u0441\u043e\u0430\u0440\u0438\",\"description\":\"\",\"potentialAction\":[{\"@type\":\"SearchAction\",\"target\":{\"@type\":\"EntryPoint\",\"urlTemplate\":\"https:\\\/\\\/luxuryracketclub.com\\\/?s={search_term_string}\"},\"query-input\":{\"@type\":\"PropertyValueSpecification\",\"valueRequired\":true,\"valueName\":\"search_term_string\"}}],\"inLanguage\":\"ro-RO\"}]}<\/script>\n<!-- \/ Yoast SEO plugin. -->","yoast_head_json":{"title":"Pandantiv teren de tenis din argint cu minge \u201ePot\u201d - \u0420\u044a\u0447\u043d\u043e \u0438\u0437\u0440\u0430\u0431\u043e\u0442\u0435\u043d\u0438 \u0442\u0435\u043d\u0438\u0441 \u0431\u0438\u0436\u0443\u0442\u0430 \u0438 \u0430\u043a\u0441\u0435\u0441\u043e\u0430\u0440\u0438","robots":{"index":"index","follow":"follow","max-snippet":"max-snippet:-1","max-image-preview":"max-image-preview:large","max-video-preview":"max-video-preview:-1"},"canonical":"https:\/\/luxuryracketclub.com\/ro\/p\/australian-open-collection-srebarna-visulka-tenis-kort-s-topka-i-can\/","og_locale":"ro_RO","og_type":"article","og_title":"Pandantiv teren de tenis din argint cu minge \u201ePot\u201d - \u0420\u044a\u0447\u043d\u043e \u0438\u0437\u0440\u0430\u0431\u043e\u0442\u0435\u043d\u0438 \u0442\u0435\u043d\u0438\u0441 \u0431\u0438\u0436\u0443\u0442\u0430 \u0438 \u0430\u043a\u0441\u0435\u0441\u043e\u0430\u0440\u0438","og_description":"G\u0103si\u021bi inspira\u021bie \u00een pandantivul din argint \u201eI Can\u201d, creat pentru adev\u0103ra\u021bii fani ai tenisului. Aceast\u0103 bijuterie unic\u0103 de la LUXURY RACKET CLUB este realizat\u0103 din argint de \u00eenalt\u0103 calitate \u0219i poart\u0103 puterea victoriei. Design cu spirit de tenis:    Un teren de tenis fin reprezentat pe fa\u021b\u0103 - un simbol al pasiunii pentru joc.   Cuvintele gravate manual \u201eI Can\u201d pe spate - o amintire zilnic\u0103 a \u00eencrederii \u0219i stimei de sine.   O minge de tenis argintie elegant\u0103, ag\u0103\u021bat\u0103, care surprinde dinamica acestui sport.   De ce s\u0103 alege\u021bi pandantivul \u201eI Can\u201d?    Accesoriul perfect pentru orice pasionat de tenis.  Design luxos, cu aten\u021bie la detalii.  Cadoul perfect pentru fanii Australian Open \u0219i ai turneelor \u200b\u200bmajore.   Al\u0103tura\u021bi-v\u0103 Colec\u021bia Australian Open \u0219i poart\u0103 \u00eencrederea campionilor! LUXURY RACKET CLUB este o art\u0103, cu aten\u021bie la fiecare detaliu.","og_url":"https:\/\/luxuryracketclub.com\/ro\/p\/australian-open-collection-srebarna-visulka-tenis-kort-s-topka-i-can\/","og_site_name":"\u0420\u044a\u0447\u043d\u043e \u0438\u0437\u0440\u0430\u0431\u043e\u0442\u0435\u043d\u0438 \u0442\u0435\u043d\u0438\u0441 \u0431\u0438\u0436\u0443\u0442\u0430 \u0438 \u0430\u043a\u0441\u0435\u0441\u043e\u0430\u0440\u0438","article_modified_time":"2025-08-29T03:42:10+00:00","og_image":[{"width":1668,"height":1708,"url":"https:\/\/luxuryracketclub.com\/wp-content\/uploads\/2023\/07\/product.srebarna-visulka-i-can-min.jpg","type":"image\/jpeg"}],"twitter_card":"summary_large_image","twitter_misc":{"Timp estimat pentru citire":"1 minut"},"schema":{"@context":"https:\/\/schema.org","@graph":[{"@type":"WebPage","@id":"https:\/\/luxuryracketclub.com\/ro\/p\/australian-open-collection-srebarna-visulka-tenis-kort-s-topka-i-can\/","url":"https:\/\/luxuryracketclub.com\/ro\/p\/australian-open-collection-srebarna-visulka-tenis-kort-s-topka-i-can\/","name":"Pandantiv teren de tenis din argint cu minge \u201ePot\u201d - \u0420\u044a\u0447\u043d\u043e \u0438\u0437\u0440\u0430\u0431\u043e\u0442\u0435\u043d\u0438 \u0442\u0435\u043d\u0438\u0441 \u0431\u0438\u0436\u0443\u0442\u0430 \u0438 \u0430\u043a\u0441\u0435\u0441\u043e\u0430\u0440\u0438","isPartOf":{"@id":"https:\/\/luxuryracketclub.com\/#website"},"primaryImageOfPage":{"@id":"https:\/\/luxuryracketclub.com\/ro\/p\/australian-open-collection-srebarna-visulka-tenis-kort-s-topka-i-can\/#primaryimage"},"image":{"@id":"https:\/\/luxuryracketclub.com\/ro\/p\/australian-open-collection-srebarna-visulka-tenis-kort-s-topka-i-can\/#primaryimage"},"thumbnailUrl":"https:\/\/luxuryracketclub.com\/wp-content\/uploads\/2023\/07\/product.srebarna-visulka-i-can-min.jpg","datePublished":"2025-04-04T11:21:32+00:00","dateModified":"2025-08-29T03:42:10+00:00","breadcrumb":{"@id":"https:\/\/luxuryracketclub.com\/ro\/p\/australian-open-collection-srebarna-visulka-tenis-kort-s-topka-i-can\/#breadcrumb"},"inLanguage":"ro-RO","potentialAction":[{"@type":"ReadAction","target":["https:\/\/luxuryracketclub.com\/ro\/p\/australian-open-collection-srebarna-visulka-tenis-kort-s-topka-i-can\/"]}]},{"@type":"ImageObject","inLanguage":"ro-RO","@id":"https:\/\/luxuryracketclub.com\/ro\/p\/australian-open-collection-srebarna-visulka-tenis-kort-s-topka-i-can\/#primaryimage","url":"https:\/\/luxuryracketclub.com\/wp-content\/uploads\/2023\/07\/product.srebarna-visulka-i-can-min.jpg","contentUrl":"https:\/\/luxuryracketclub.com\/wp-content\/uploads\/2023\/07\/product.srebarna-visulka-i-can-min.jpg","width":1668,"height":1708,"caption":"\u0421\u0440\u0435\u0431\u044a\u0440\u043d\u0430 \u0432\u0438\u0441\u0443\u043b\u043a\u0430 \"I can\""},{"@type":"BreadcrumbList","@id":"https:\/\/luxuryracketclub.com\/ro\/p\/australian-open-collection-srebarna-visulka-tenis-kort-s-topka-i-can\/#breadcrumb","itemListElement":[{"@type":"ListItem","position":1,"name":"\u041d\u0430\u0447\u0430\u043b\u043e","item":"https:\/\/luxuryracketclub.com\/ro\/"},{"@type":"ListItem","position":2,"name":"Magazin","item":"https:\/\/luxuryracketclub.com\/ro\/magazin\/"},{"@type":"ListItem","position":3,"name":"Pandantiv teren de tenis din argint cu minge \u201ePot\u201d"}]},{"@type":"WebSite","@id":"https:\/\/luxuryracketclub.com\/#website","url":"https:\/\/luxuryracketclub.com\/","name":"\u0420\u044a\u0447\u043d\u043e \u0438\u0437\u0440\u0430\u0431\u043e\u0442\u0435\u043d\u0438 \u0442\u0435\u043d\u0438\u0441 \u0431\u0438\u0436\u0443\u0442\u0430 \u0438 \u0430\u043a\u0441\u0435\u0441\u043e\u0430\u0440\u0438","description":"","potentialAction":[{"@type":"SearchAction","target":{"@type":"EntryPoint","urlTemplate":"https:\/\/luxuryracketclub.com\/?s={search_term_string}"},"query-input":{"@type":"PropertyValueSpecification","valueRequired":true,"valueName":"search_term_string"}}],"inLanguage":"ro-RO"}]}},"_links":{"self":[{"href":"https:\/\/luxuryracketclub.com\/ro\/wp-json\/wp\/v2\/product\/14218","targetHints":{"allow":["GET"]}}],"collection":[{"href":"https:\/\/luxuryracketclub.com\/ro\/wp-json\/wp\/v2\/product"}],"about":[{"href":"https:\/\/luxuryracketclub.com\/ro\/wp-json\/wp\/v2\/types\/product"}],"replies":[{"embeddable":true,"href":"https:\/\/luxuryracketclub.com\/ro\/wp-json\/wp\/v2\/comments?post=14218"}],"wp:featuredmedia":[{"embeddable":true,"href":"https:\/\/luxuryracketclub.com\/ro\/wp-json\/wp\/v2\/media\/14219"}],"wp:attachment":[{"href":"https:\/\/luxuryracketclub.com\/ro\/wp-json\/wp\/v2\/media?parent=14218"}],"wp:term":[{"taxonomy":"product_brand","embeddable":true,"href":"https:\/\/luxuryracketclub.com\/ro\/wp-json\/wp\/v2\/product_brand?post=14218"},{"taxonomy":"product_cat","embeddable":true,"href":"https:\/\/luxuryracketclub.com\/ro\/wp-json\/wp\/v2\/product_cat?post=14218"},{"taxonomy":"product_tag","embeddable":true,"href":"https:\/\/luxuryracketclub.com\/ro\/wp-json\/wp\/v2\/product_tag?post=14218"}],"curies":[{"name":"wp","href":"https:\/\/api.w.org\/{rel}","templated":true}]}}