{"id":14217,"date":"2025-04-04T14:28:44","date_gmt":"2025-04-04T11:28:44","guid":{"rendered":"https:\/\/luxuryracketclub.com\/p\/australian-open-collection-srebarni-obeczi-tenis-raketi-meet-your-match\/"},"modified":"2025-08-29T06:41:41","modified_gmt":"2025-08-29T03:41:41","slug":"australian-open-collection-srebarni-obeczi-tenis-raketi-meet-your-match","status":"publish","type":"product","link":"https:\/\/luxuryracketclub.com\/ro\/p\/australian-open-collection-srebarni-obeczi-tenis-raketi-meet-your-match\/","title":{"rendered":"Cercei din argint cu rachet\u0103 de tenis \u201e\u00cent\u00e2lne\u0219te-\u021bi perechea\u201d"},"content":{"rendered":"","protected":false},"excerpt":{"rendered":"<p class=\"\" data-start=\"65\" data-end=\"249\">Descoper\u0103 o abordare inteligent\u0103 a elegan\u021bei clasice cu cerceii no\u0219tri din argint \u201eMeet Your Match\u201d &#8211; bijuterii elegante de tenis concepute pentru a fi purtate at\u00e2t pe teren, c\u00e2t \u0219i \u00een afara lui.<\/p>\n<p class=\"\" data-start=\"251\" data-end=\"547\">Inspira\u021bi de dinamica turneului Australian Open, ace\u0219ti cercei \u00eentruchipeaz\u0103 arta LUXURY RACKET CLUB &#8211; design perfect echilibrat, aten\u021bie la detalii \u0219i un aspect luxos. O nou\u0103 ad\u0103ugire la colec\u021bia noastr\u0103 special\u0103 de tenis care te va face s\u0103 str\u0103luce\u0219ti ca un adev\u0103rat campion. \ud83c\udfbe\u2728<\/p>\n<p class=\"\" data-start=\"549\" data-end=\"605\"><strong data-start=\"549\" data-end=\"598\">E\u0219ti gata s\u0103-\u021bi \u00eent\u00e2lne\u0219ti perechea perfect\u0103?<\/strong><\/p>\n<p><strong data-start=\"336\" data-end=\"358\">LUXURY RACKET CLUB<\/strong>este o art\u0103, cu aten\u021bie la fiecare detaliu.<\/p>\n","protected":false},"featured_media":14094,"comment_status":"open","ping_status":"closed","template":"","meta":{"_acf_changed":false,"_nectar_blocks_hide_post_title":false,"_nectar_blocks_transparent_header_effect":false,"_nectar_blocks_transparent_header_effect_color":"light","_nectar_blocks_header_animation":false,"_nectar_blocks_header_animation_delay":0,"_nectar_blocks_header_animation_effect":"fade","_nectar_blocks_page_css":"","_nectar_blocks_page_js":"","inline_featured_image":false},"product_brand":[],"product_cat":[862],"product_tag":[841,970],"class_list":{"0":"post-14217","1":"product","2":"type-product","3":"status-publish","4":"has-post-thumbnail","6":"product_cat-colectia-australian-open","7":"product_tag-podarak-za-tenisist-ro","8":"product_tag-tenis-stil-ro","10":"first","11":"instock","12":"sale","13":"shipping-taxable","14":"purchasable","15":"product-type-simple"},"acf":[],"yoast_head":"<!-- This site is optimized with the Yoast SEO plugin v27.4 - https:\/\/yoast.com\/product\/yoast-seo-wordpress\/ -->\n<title>Cercei din argint cu rachet\u0103 de tenis \u201e\u00cent\u00e2lne\u0219te-\u021bi perechea\u201d - \u0420\u044a\u0447\u043d\u043e \u0438\u0437\u0440\u0430\u0431\u043e\u0442\u0435\u043d\u0438 \u0442\u0435\u043d\u0438\u0441 \u0431\u0438\u0436\u0443\u0442\u0430 \u0438 \u0430\u043a\u0441\u0435\u0441\u043e\u0430\u0440\u0438<\/title>\n<meta name=\"robots\" content=\"index, follow, max-snippet:-1, max-image-preview:large, max-video-preview:-1\" \/>\n<link rel=\"canonical\" href=\"https:\/\/luxuryracketclub.com\/ro\/p\/australian-open-collection-srebarni-obeczi-tenis-raketi-meet-your-match\/\" \/>\n<meta property=\"og:locale\" content=\"ro_RO\" \/>\n<meta property=\"og:type\" content=\"article\" \/>\n<meta property=\"og:title\" content=\"Cercei din argint cu rachet\u0103 de tenis \u201e\u00cent\u00e2lne\u0219te-\u021bi perechea\u201d - \u0420\u044a\u0447\u043d\u043e \u0438\u0437\u0440\u0430\u0431\u043e\u0442\u0435\u043d\u0438 \u0442\u0435\u043d\u0438\u0441 \u0431\u0438\u0436\u0443\u0442\u0430 \u0438 \u0430\u043a\u0441\u0435\u0441\u043e\u0430\u0440\u0438\" \/>\n<meta property=\"og:description\" content=\"Descoper\u0103 o abordare inteligent\u0103 a elegan\u021bei clasice cu cerceii no\u0219tri din argint \u201eMeet Your Match\u201d - bijuterii elegante de tenis concepute pentru a fi purtate at\u00e2t pe teren, c\u00e2t \u0219i \u00een afara lui. Inspira\u021bi de dinamica turneului Australian Open, ace\u0219ti cercei \u00eentruchipeaz\u0103 arta LUXURY RACKET CLUB - design perfect echilibrat, aten\u021bie la detalii \u0219i un aspect luxos. O nou\u0103 ad\u0103ugire la colec\u021bia noastr\u0103 special\u0103 de tenis care te va face s\u0103 str\u0103luce\u0219ti ca un adev\u0103rat campion. \ud83c\udfbe\u2728 E\u0219ti gata s\u0103-\u021bi \u00eent\u00e2lne\u0219ti perechea perfect\u0103? LUXURY RACKET CLUBeste o art\u0103, cu aten\u021bie la fiecare detaliu.\" \/>\n<meta property=\"og:url\" content=\"https:\/\/luxuryracketclub.com\/ro\/p\/australian-open-collection-srebarni-obeczi-tenis-raketi-meet-your-match\/\" \/>\n<meta property=\"og:site_name\" content=\"\u0420\u044a\u0447\u043d\u043e \u0438\u0437\u0440\u0430\u0431\u043e\u0442\u0435\u043d\u0438 \u0442\u0435\u043d\u0438\u0441 \u0431\u0438\u0436\u0443\u0442\u0430 \u0438 \u0430\u043a\u0441\u0435\u0441\u043e\u0430\u0440\u0438\" \/>\n<meta property=\"article:modified_time\" content=\"2025-08-29T03:41:41+00:00\" \/>\n<meta property=\"og:image\" content=\"https:\/\/luxuryracketclub.com\/wp-content\/uploads\/2023\/07\/product.srebarni-obeczi-meet-your-match-min.jpg\" \/>\n\t<meta property=\"og:image:width\" content=\"1707\" \/>\n\t<meta property=\"og:image:height\" content=\"1707\" \/>\n\t<meta property=\"og:image:type\" content=\"image\/jpeg\" \/>\n<meta name=\"twitter:card\" content=\"summary_large_image\" \/>\n<meta name=\"twitter:label1\" content=\"Timp estimat pentru citire\" \/>\n\t<meta name=\"twitter:data1\" content=\"1 minut\" \/>\n<script type=\"application\/ld+json\" class=\"yoast-schema-graph\">{\"@context\":\"https:\\\/\\\/schema.org\",\"@graph\":[{\"@type\":\"WebPage\",\"@id\":\"https:\\\/\\\/luxuryracketclub.com\\\/ro\\\/p\\\/australian-open-collection-srebarni-obeczi-tenis-raketi-meet-your-match\\\/\",\"url\":\"https:\\\/\\\/luxuryracketclub.com\\\/ro\\\/p\\\/australian-open-collection-srebarni-obeczi-tenis-raketi-meet-your-match\\\/\",\"name\":\"Cercei din argint cu rachet\u0103 de tenis \u201e\u00cent\u00e2lne\u0219te-\u021bi perechea\u201d - \u0420\u044a\u0447\u043d\u043e \u0438\u0437\u0440\u0430\u0431\u043e\u0442\u0435\u043d\u0438 \u0442\u0435\u043d\u0438\u0441 \u0431\u0438\u0436\u0443\u0442\u0430 \u0438 \u0430\u043a\u0441\u0435\u0441\u043e\u0430\u0440\u0438\",\"isPartOf\":{\"@id\":\"https:\\\/\\\/luxuryracketclub.com\\\/#website\"},\"primaryImageOfPage\":{\"@id\":\"https:\\\/\\\/luxuryracketclub.com\\\/ro\\\/p\\\/australian-open-collection-srebarni-obeczi-tenis-raketi-meet-your-match\\\/#primaryimage\"},\"image\":{\"@id\":\"https:\\\/\\\/luxuryracketclub.com\\\/ro\\\/p\\\/australian-open-collection-srebarni-obeczi-tenis-raketi-meet-your-match\\\/#primaryimage\"},\"thumbnailUrl\":\"https:\\\/\\\/luxuryracketclub.com\\\/wp-content\\\/uploads\\\/2023\\\/07\\\/product.srebarni-obeczi-meet-your-match-min.jpg\",\"datePublished\":\"2025-04-04T11:28:44+00:00\",\"dateModified\":\"2025-08-29T03:41:41+00:00\",\"breadcrumb\":{\"@id\":\"https:\\\/\\\/luxuryracketclub.com\\\/ro\\\/p\\\/australian-open-collection-srebarni-obeczi-tenis-raketi-meet-your-match\\\/#breadcrumb\"},\"inLanguage\":\"ro-RO\",\"potentialAction\":[{\"@type\":\"ReadAction\",\"target\":[\"https:\\\/\\\/luxuryracketclub.com\\\/ro\\\/p\\\/australian-open-collection-srebarni-obeczi-tenis-raketi-meet-your-match\\\/\"]}]},{\"@type\":\"ImageObject\",\"inLanguage\":\"ro-RO\",\"@id\":\"https:\\\/\\\/luxuryracketclub.com\\\/ro\\\/p\\\/australian-open-collection-srebarni-obeczi-tenis-raketi-meet-your-match\\\/#primaryimage\",\"url\":\"https:\\\/\\\/luxuryracketclub.com\\\/wp-content\\\/uploads\\\/2023\\\/07\\\/product.srebarni-obeczi-meet-your-match-min.jpg\",\"contentUrl\":\"https:\\\/\\\/luxuryracketclub.com\\\/wp-content\\\/uploads\\\/2023\\\/07\\\/product.srebarni-obeczi-meet-your-match-min.jpg\",\"width\":1707,\"height\":1707,\"caption\":\"\u0421\u0440\u0435\u0431\u044a\u0440\u043d\u0438 \u043e\u0431\u0435\u0446\u0438 \\\"Meet your match\\\"\"},{\"@type\":\"BreadcrumbList\",\"@id\":\"https:\\\/\\\/luxuryracketclub.com\\\/ro\\\/p\\\/australian-open-collection-srebarni-obeczi-tenis-raketi-meet-your-match\\\/#breadcrumb\",\"itemListElement\":[{\"@type\":\"ListItem\",\"position\":1,\"name\":\"\u041d\u0430\u0447\u0430\u043b\u043e\",\"item\":\"https:\\\/\\\/luxuryracketclub.com\\\/ro\\\/\"},{\"@type\":\"ListItem\",\"position\":2,\"name\":\"Magazin\",\"item\":\"https:\\\/\\\/luxuryracketclub.com\\\/ro\\\/magazin\\\/\"},{\"@type\":\"ListItem\",\"position\":3,\"name\":\"Cercei din argint cu rachet\u0103 de tenis \u201e\u00cent\u00e2lne\u0219te-\u021bi perechea\u201d\"}]},{\"@type\":\"WebSite\",\"@id\":\"https:\\\/\\\/luxuryracketclub.com\\\/#website\",\"url\":\"https:\\\/\\\/luxuryracketclub.com\\\/\",\"name\":\"\u0420\u044a\u0447\u043d\u043e \u0438\u0437\u0440\u0430\u0431\u043e\u0442\u0435\u043d\u0438 \u0442\u0435\u043d\u0438\u0441 \u0431\u0438\u0436\u0443\u0442\u0430 \u0438 \u0430\u043a\u0441\u0435\u0441\u043e\u0430\u0440\u0438\",\"description\":\"\",\"potentialAction\":[{\"@type\":\"SearchAction\",\"target\":{\"@type\":\"EntryPoint\",\"urlTemplate\":\"https:\\\/\\\/luxuryracketclub.com\\\/?s={search_term_string}\"},\"query-input\":{\"@type\":\"PropertyValueSpecification\",\"valueRequired\":true,\"valueName\":\"search_term_string\"}}],\"inLanguage\":\"ro-RO\"}]}<\/script>\n<!-- \/ Yoast SEO plugin. -->","yoast_head_json":{"title":"Cercei din argint cu rachet\u0103 de tenis \u201e\u00cent\u00e2lne\u0219te-\u021bi perechea\u201d - \u0420\u044a\u0447\u043d\u043e \u0438\u0437\u0440\u0430\u0431\u043e\u0442\u0435\u043d\u0438 \u0442\u0435\u043d\u0438\u0441 \u0431\u0438\u0436\u0443\u0442\u0430 \u0438 \u0430\u043a\u0441\u0435\u0441\u043e\u0430\u0440\u0438","robots":{"index":"index","follow":"follow","max-snippet":"max-snippet:-1","max-image-preview":"max-image-preview:large","max-video-preview":"max-video-preview:-1"},"canonical":"https:\/\/luxuryracketclub.com\/ro\/p\/australian-open-collection-srebarni-obeczi-tenis-raketi-meet-your-match\/","og_locale":"ro_RO","og_type":"article","og_title":"Cercei din argint cu rachet\u0103 de tenis \u201e\u00cent\u00e2lne\u0219te-\u021bi perechea\u201d - \u0420\u044a\u0447\u043d\u043e \u0438\u0437\u0440\u0430\u0431\u043e\u0442\u0435\u043d\u0438 \u0442\u0435\u043d\u0438\u0441 \u0431\u0438\u0436\u0443\u0442\u0430 \u0438 \u0430\u043a\u0441\u0435\u0441\u043e\u0430\u0440\u0438","og_description":"Descoper\u0103 o abordare inteligent\u0103 a elegan\u021bei clasice cu cerceii no\u0219tri din argint \u201eMeet Your Match\u201d - bijuterii elegante de tenis concepute pentru a fi purtate at\u00e2t pe teren, c\u00e2t \u0219i \u00een afara lui. Inspira\u021bi de dinamica turneului Australian Open, ace\u0219ti cercei \u00eentruchipeaz\u0103 arta LUXURY RACKET CLUB - design perfect echilibrat, aten\u021bie la detalii \u0219i un aspect luxos. O nou\u0103 ad\u0103ugire la colec\u021bia noastr\u0103 special\u0103 de tenis care te va face s\u0103 str\u0103luce\u0219ti ca un adev\u0103rat campion. \ud83c\udfbe\u2728 E\u0219ti gata s\u0103-\u021bi \u00eent\u00e2lne\u0219ti perechea perfect\u0103? LUXURY RACKET CLUBeste o art\u0103, cu aten\u021bie la fiecare detaliu.","og_url":"https:\/\/luxuryracketclub.com\/ro\/p\/australian-open-collection-srebarni-obeczi-tenis-raketi-meet-your-match\/","og_site_name":"\u0420\u044a\u0447\u043d\u043e \u0438\u0437\u0440\u0430\u0431\u043e\u0442\u0435\u043d\u0438 \u0442\u0435\u043d\u0438\u0441 \u0431\u0438\u0436\u0443\u0442\u0430 \u0438 \u0430\u043a\u0441\u0435\u0441\u043e\u0430\u0440\u0438","article_modified_time":"2025-08-29T03:41:41+00:00","og_image":[{"width":1707,"height":1707,"url":"https:\/\/luxuryracketclub.com\/wp-content\/uploads\/2023\/07\/product.srebarni-obeczi-meet-your-match-min.jpg","type":"image\/jpeg"}],"twitter_card":"summary_large_image","twitter_misc":{"Timp estimat pentru citire":"1 minut"},"schema":{"@context":"https:\/\/schema.org","@graph":[{"@type":"WebPage","@id":"https:\/\/luxuryracketclub.com\/ro\/p\/australian-open-collection-srebarni-obeczi-tenis-raketi-meet-your-match\/","url":"https:\/\/luxuryracketclub.com\/ro\/p\/australian-open-collection-srebarni-obeczi-tenis-raketi-meet-your-match\/","name":"Cercei din argint cu rachet\u0103 de tenis \u201e\u00cent\u00e2lne\u0219te-\u021bi perechea\u201d - \u0420\u044a\u0447\u043d\u043e \u0438\u0437\u0440\u0430\u0431\u043e\u0442\u0435\u043d\u0438 \u0442\u0435\u043d\u0438\u0441 \u0431\u0438\u0436\u0443\u0442\u0430 \u0438 \u0430\u043a\u0441\u0435\u0441\u043e\u0430\u0440\u0438","isPartOf":{"@id":"https:\/\/luxuryracketclub.com\/#website"},"primaryImageOfPage":{"@id":"https:\/\/luxuryracketclub.com\/ro\/p\/australian-open-collection-srebarni-obeczi-tenis-raketi-meet-your-match\/#primaryimage"},"image":{"@id":"https:\/\/luxuryracketclub.com\/ro\/p\/australian-open-collection-srebarni-obeczi-tenis-raketi-meet-your-match\/#primaryimage"},"thumbnailUrl":"https:\/\/luxuryracketclub.com\/wp-content\/uploads\/2023\/07\/product.srebarni-obeczi-meet-your-match-min.jpg","datePublished":"2025-04-04T11:28:44+00:00","dateModified":"2025-08-29T03:41:41+00:00","breadcrumb":{"@id":"https:\/\/luxuryracketclub.com\/ro\/p\/australian-open-collection-srebarni-obeczi-tenis-raketi-meet-your-match\/#breadcrumb"},"inLanguage":"ro-RO","potentialAction":[{"@type":"ReadAction","target":["https:\/\/luxuryracketclub.com\/ro\/p\/australian-open-collection-srebarni-obeczi-tenis-raketi-meet-your-match\/"]}]},{"@type":"ImageObject","inLanguage":"ro-RO","@id":"https:\/\/luxuryracketclub.com\/ro\/p\/australian-open-collection-srebarni-obeczi-tenis-raketi-meet-your-match\/#primaryimage","url":"https:\/\/luxuryracketclub.com\/wp-content\/uploads\/2023\/07\/product.srebarni-obeczi-meet-your-match-min.jpg","contentUrl":"https:\/\/luxuryracketclub.com\/wp-content\/uploads\/2023\/07\/product.srebarni-obeczi-meet-your-match-min.jpg","width":1707,"height":1707,"caption":"\u0421\u0440\u0435\u0431\u044a\u0440\u043d\u0438 \u043e\u0431\u0435\u0446\u0438 \"Meet your match\""},{"@type":"BreadcrumbList","@id":"https:\/\/luxuryracketclub.com\/ro\/p\/australian-open-collection-srebarni-obeczi-tenis-raketi-meet-your-match\/#breadcrumb","itemListElement":[{"@type":"ListItem","position":1,"name":"\u041d\u0430\u0447\u0430\u043b\u043e","item":"https:\/\/luxuryracketclub.com\/ro\/"},{"@type":"ListItem","position":2,"name":"Magazin","item":"https:\/\/luxuryracketclub.com\/ro\/magazin\/"},{"@type":"ListItem","position":3,"name":"Cercei din argint cu rachet\u0103 de tenis \u201e\u00cent\u00e2lne\u0219te-\u021bi perechea\u201d"}]},{"@type":"WebSite","@id":"https:\/\/luxuryracketclub.com\/#website","url":"https:\/\/luxuryracketclub.com\/","name":"\u0420\u044a\u0447\u043d\u043e \u0438\u0437\u0440\u0430\u0431\u043e\u0442\u0435\u043d\u0438 \u0442\u0435\u043d\u0438\u0441 \u0431\u0438\u0436\u0443\u0442\u0430 \u0438 \u0430\u043a\u0441\u0435\u0441\u043e\u0430\u0440\u0438","description":"","potentialAction":[{"@type":"SearchAction","target":{"@type":"EntryPoint","urlTemplate":"https:\/\/luxuryracketclub.com\/?s={search_term_string}"},"query-input":{"@type":"PropertyValueSpecification","valueRequired":true,"valueName":"search_term_string"}}],"inLanguage":"ro-RO"}]}},"_links":{"self":[{"href":"https:\/\/luxuryracketclub.com\/ro\/wp-json\/wp\/v2\/product\/14217","targetHints":{"allow":["GET"]}}],"collection":[{"href":"https:\/\/luxuryracketclub.com\/ro\/wp-json\/wp\/v2\/product"}],"about":[{"href":"https:\/\/luxuryracketclub.com\/ro\/wp-json\/wp\/v2\/types\/product"}],"replies":[{"embeddable":true,"href":"https:\/\/luxuryracketclub.com\/ro\/wp-json\/wp\/v2\/comments?post=14217"}],"wp:featuredmedia":[{"embeddable":true,"href":"https:\/\/luxuryracketclub.com\/ro\/wp-json\/wp\/v2\/media\/14094"}],"wp:attachment":[{"href":"https:\/\/luxuryracketclub.com\/ro\/wp-json\/wp\/v2\/media?parent=14217"}],"wp:term":[{"taxonomy":"product_brand","embeddable":true,"href":"https:\/\/luxuryracketclub.com\/ro\/wp-json\/wp\/v2\/product_brand?post=14217"},{"taxonomy":"product_cat","embeddable":true,"href":"https:\/\/luxuryracketclub.com\/ro\/wp-json\/wp\/v2\/product_cat?post=14217"},{"taxonomy":"product_tag","embeddable":true,"href":"https:\/\/luxuryracketclub.com\/ro\/wp-json\/wp\/v2\/product_tag?post=14217"}],"curies":[{"name":"wp","href":"https:\/\/api.w.org\/{rel}","templated":true}]}}