{"id":14216,"date":"2025-04-04T14:35:38","date_gmt":"2025-04-04T11:35:38","guid":{"rendered":"https:\/\/luxuryracketclub.com\/p\/australian-open-collection-srebarna-visulka-tenis-raketi-victory-on-the-court\/"},"modified":"2025-08-29T06:41:13","modified_gmt":"2025-08-29T03:41:13","slug":"australian-open-collection-srebarna-visulka-tenis-raketi-victory-on-the-court","status":"publish","type":"product","link":"https:\/\/luxuryracketclub.com\/ro\/p\/australian-open-collection-srebarna-visulka-tenis-raketi-victory-on-the-court\/","title":{"rendered":"Pandantiv din argint cu rachet\u0103 de tenis \u201eVictorie pe teren\u201d"},"content":{"rendered":"","protected":false},"excerpt":{"rendered":"<p class=\"\" data-start=\"59\" data-end=\"266\">G\u0103si\u021bi inspira\u021bie cu pandantivul nostru unic \u201eVictorie pe teren\u201d, creat pentru adev\u0103ra\u021bii fani ai tenisului. Fabricat din argint de \u00eenalt\u0103 calitate, acesta surprinde spiritul jocului \u0219i elegan\u021ba terenului.<\/p>\n<p class=\"\" data-start=\"268\" data-end=\"515\">Parte a Colec\u021biei Australian Open, acest accesoriu sofisticat este completarea perfect\u0103 pentru stilul oric\u0103rui pasionat de tenis. LUXURY RACKET CLUB este art\u0103, precizie \u0219i aten\u021bie la detalii &#8211; pentru c\u0103 tenisul nu este doar un sport, este un mod de via\u021b\u0103.<\/p>\n<p><strong>LUXURY RACKET CLUB<\/strong> este art\u0103, cu aten\u021bie la fiecare detaliu.<\/p>\n","protected":false},"featured_media":14089,"comment_status":"open","ping_status":"closed","template":"","meta":{"_acf_changed":false,"_nectar_blocks_hide_post_title":false,"_nectar_blocks_transparent_header_effect":false,"_nectar_blocks_transparent_header_effect_color":"light","_nectar_blocks_header_animation":false,"_nectar_blocks_header_animation_delay":0,"_nectar_blocks_header_animation_effect":"fade","_nectar_blocks_page_css":"","_nectar_blocks_page_js":"","inline_featured_image":false},"product_brand":[],"product_cat":[862],"product_tag":[841,970],"class_list":{"0":"post-14216","1":"product","2":"type-product","3":"status-publish","4":"has-post-thumbnail","6":"product_cat-colectia-australian-open","7":"product_tag-podarak-za-tenisist-ro","8":"product_tag-tenis-stil-ro","10":"first","11":"instock","12":"sale","13":"shipping-taxable","14":"purchasable","15":"product-type-simple"},"acf":[],"yoast_head":"<!-- This site is optimized with the Yoast SEO plugin v27.4 - https:\/\/yoast.com\/product\/yoast-seo-wordpress\/ -->\n<title>Pandantiv din argint cu rachet\u0103 de tenis \u201eVictorie pe teren\u201d - \u0420\u044a\u0447\u043d\u043e \u0438\u0437\u0440\u0430\u0431\u043e\u0442\u0435\u043d\u0438 \u0442\u0435\u043d\u0438\u0441 \u0431\u0438\u0436\u0443\u0442\u0430 \u0438 \u0430\u043a\u0441\u0435\u0441\u043e\u0430\u0440\u0438<\/title>\n<meta name=\"robots\" content=\"index, follow, max-snippet:-1, max-image-preview:large, max-video-preview:-1\" \/>\n<link rel=\"canonical\" href=\"https:\/\/luxuryracketclub.com\/ro\/p\/australian-open-collection-srebarna-visulka-tenis-raketi-victory-on-the-court\/\" \/>\n<meta property=\"og:locale\" content=\"ro_RO\" \/>\n<meta property=\"og:type\" content=\"article\" \/>\n<meta property=\"og:title\" content=\"Pandantiv din argint cu rachet\u0103 de tenis \u201eVictorie pe teren\u201d - \u0420\u044a\u0447\u043d\u043e \u0438\u0437\u0440\u0430\u0431\u043e\u0442\u0435\u043d\u0438 \u0442\u0435\u043d\u0438\u0441 \u0431\u0438\u0436\u0443\u0442\u0430 \u0438 \u0430\u043a\u0441\u0435\u0441\u043e\u0430\u0440\u0438\" \/>\n<meta property=\"og:description\" content=\"G\u0103si\u021bi inspira\u021bie cu pandantivul nostru unic \u201eVictorie pe teren\u201d, creat pentru adev\u0103ra\u021bii fani ai tenisului. Fabricat din argint de \u00eenalt\u0103 calitate, acesta surprinde spiritul jocului \u0219i elegan\u021ba terenului. Parte a Colec\u021biei Australian Open, acest accesoriu sofisticat este completarea perfect\u0103 pentru stilul oric\u0103rui pasionat de tenis. LUXURY RACKET CLUB este art\u0103, precizie \u0219i aten\u021bie la detalii - pentru c\u0103 tenisul nu este doar un sport, este un mod de via\u021b\u0103. LUXURY RACKET CLUB este art\u0103, cu aten\u021bie la fiecare detaliu.\" \/>\n<meta property=\"og:url\" content=\"https:\/\/luxuryracketclub.com\/ro\/p\/australian-open-collection-srebarna-visulka-tenis-raketi-victory-on-the-court\/\" \/>\n<meta property=\"og:site_name\" content=\"\u0420\u044a\u0447\u043d\u043e \u0438\u0437\u0440\u0430\u0431\u043e\u0442\u0435\u043d\u0438 \u0442\u0435\u043d\u0438\u0441 \u0431\u0438\u0436\u0443\u0442\u0430 \u0438 \u0430\u043a\u0441\u0435\u0441\u043e\u0430\u0440\u0438\" \/>\n<meta property=\"article:modified_time\" content=\"2025-08-29T03:41:13+00:00\" \/>\n<meta property=\"og:image\" content=\"https:\/\/luxuryracketclub.com\/wp-content\/uploads\/2023\/07\/product.srebarna-visulka-victory-min.jpg\" \/>\n\t<meta property=\"og:image:width\" content=\"1509\" \/>\n\t<meta property=\"og:image:height\" content=\"1509\" \/>\n\t<meta property=\"og:image:type\" content=\"image\/jpeg\" \/>\n<meta name=\"twitter:card\" content=\"summary_large_image\" \/>\n<meta name=\"twitter:label1\" content=\"Timp estimat pentru citire\" \/>\n\t<meta name=\"twitter:data1\" content=\"1 minut\" \/>\n<script type=\"application\/ld+json\" class=\"yoast-schema-graph\">{\"@context\":\"https:\\\/\\\/schema.org\",\"@graph\":[{\"@type\":\"WebPage\",\"@id\":\"https:\\\/\\\/luxuryracketclub.com\\\/ro\\\/p\\\/australian-open-collection-srebarna-visulka-tenis-raketi-victory-on-the-court\\\/\",\"url\":\"https:\\\/\\\/luxuryracketclub.com\\\/ro\\\/p\\\/australian-open-collection-srebarna-visulka-tenis-raketi-victory-on-the-court\\\/\",\"name\":\"Pandantiv din argint cu rachet\u0103 de tenis \u201eVictorie pe teren\u201d - \u0420\u044a\u0447\u043d\u043e \u0438\u0437\u0440\u0430\u0431\u043e\u0442\u0435\u043d\u0438 \u0442\u0435\u043d\u0438\u0441 \u0431\u0438\u0436\u0443\u0442\u0430 \u0438 \u0430\u043a\u0441\u0435\u0441\u043e\u0430\u0440\u0438\",\"isPartOf\":{\"@id\":\"https:\\\/\\\/luxuryracketclub.com\\\/#website\"},\"primaryImageOfPage\":{\"@id\":\"https:\\\/\\\/luxuryracketclub.com\\\/ro\\\/p\\\/australian-open-collection-srebarna-visulka-tenis-raketi-victory-on-the-court\\\/#primaryimage\"},\"image\":{\"@id\":\"https:\\\/\\\/luxuryracketclub.com\\\/ro\\\/p\\\/australian-open-collection-srebarna-visulka-tenis-raketi-victory-on-the-court\\\/#primaryimage\"},\"thumbnailUrl\":\"https:\\\/\\\/luxuryracketclub.com\\\/wp-content\\\/uploads\\\/2023\\\/07\\\/product.srebarna-visulka-victory-min.jpg\",\"datePublished\":\"2025-04-04T11:35:38+00:00\",\"dateModified\":\"2025-08-29T03:41:13+00:00\",\"breadcrumb\":{\"@id\":\"https:\\\/\\\/luxuryracketclub.com\\\/ro\\\/p\\\/australian-open-collection-srebarna-visulka-tenis-raketi-victory-on-the-court\\\/#breadcrumb\"},\"inLanguage\":\"ro-RO\",\"potentialAction\":[{\"@type\":\"ReadAction\",\"target\":[\"https:\\\/\\\/luxuryracketclub.com\\\/ro\\\/p\\\/australian-open-collection-srebarna-visulka-tenis-raketi-victory-on-the-court\\\/\"]}]},{\"@type\":\"ImageObject\",\"inLanguage\":\"ro-RO\",\"@id\":\"https:\\\/\\\/luxuryracketclub.com\\\/ro\\\/p\\\/australian-open-collection-srebarna-visulka-tenis-raketi-victory-on-the-court\\\/#primaryimage\",\"url\":\"https:\\\/\\\/luxuryracketclub.com\\\/wp-content\\\/uploads\\\/2023\\\/07\\\/product.srebarna-visulka-victory-min.jpg\",\"contentUrl\":\"https:\\\/\\\/luxuryracketclub.com\\\/wp-content\\\/uploads\\\/2023\\\/07\\\/product.srebarna-visulka-victory-min.jpg\",\"width\":1509,\"height\":1509,\"caption\":\"\u0421\u0440\u0435\u0431\u044a\u0440\u043d\u0430 \u0432\u0438\u0441\u0443\u043b\u043a\u0430 \\\"Victory\\\"\"},{\"@type\":\"BreadcrumbList\",\"@id\":\"https:\\\/\\\/luxuryracketclub.com\\\/ro\\\/p\\\/australian-open-collection-srebarna-visulka-tenis-raketi-victory-on-the-court\\\/#breadcrumb\",\"itemListElement\":[{\"@type\":\"ListItem\",\"position\":1,\"name\":\"\u041d\u0430\u0447\u0430\u043b\u043e\",\"item\":\"https:\\\/\\\/luxuryracketclub.com\\\/ro\\\/\"},{\"@type\":\"ListItem\",\"position\":2,\"name\":\"Magazin\",\"item\":\"https:\\\/\\\/luxuryracketclub.com\\\/ro\\\/magazin\\\/\"},{\"@type\":\"ListItem\",\"position\":3,\"name\":\"Pandantiv din argint cu rachet\u0103 de tenis \u201eVictorie pe teren\u201d\"}]},{\"@type\":\"WebSite\",\"@id\":\"https:\\\/\\\/luxuryracketclub.com\\\/#website\",\"url\":\"https:\\\/\\\/luxuryracketclub.com\\\/\",\"name\":\"\u0420\u044a\u0447\u043d\u043e \u0438\u0437\u0440\u0430\u0431\u043e\u0442\u0435\u043d\u0438 \u0442\u0435\u043d\u0438\u0441 \u0431\u0438\u0436\u0443\u0442\u0430 \u0438 \u0430\u043a\u0441\u0435\u0441\u043e\u0430\u0440\u0438\",\"description\":\"\",\"potentialAction\":[{\"@type\":\"SearchAction\",\"target\":{\"@type\":\"EntryPoint\",\"urlTemplate\":\"https:\\\/\\\/luxuryracketclub.com\\\/?s={search_term_string}\"},\"query-input\":{\"@type\":\"PropertyValueSpecification\",\"valueRequired\":true,\"valueName\":\"search_term_string\"}}],\"inLanguage\":\"ro-RO\"}]}<\/script>\n<!-- \/ Yoast SEO plugin. -->","yoast_head_json":{"title":"Pandantiv din argint cu rachet\u0103 de tenis \u201eVictorie pe teren\u201d - \u0420\u044a\u0447\u043d\u043e \u0438\u0437\u0440\u0430\u0431\u043e\u0442\u0435\u043d\u0438 \u0442\u0435\u043d\u0438\u0441 \u0431\u0438\u0436\u0443\u0442\u0430 \u0438 \u0430\u043a\u0441\u0435\u0441\u043e\u0430\u0440\u0438","robots":{"index":"index","follow":"follow","max-snippet":"max-snippet:-1","max-image-preview":"max-image-preview:large","max-video-preview":"max-video-preview:-1"},"canonical":"https:\/\/luxuryracketclub.com\/ro\/p\/australian-open-collection-srebarna-visulka-tenis-raketi-victory-on-the-court\/","og_locale":"ro_RO","og_type":"article","og_title":"Pandantiv din argint cu rachet\u0103 de tenis \u201eVictorie pe teren\u201d - \u0420\u044a\u0447\u043d\u043e \u0438\u0437\u0440\u0430\u0431\u043e\u0442\u0435\u043d\u0438 \u0442\u0435\u043d\u0438\u0441 \u0431\u0438\u0436\u0443\u0442\u0430 \u0438 \u0430\u043a\u0441\u0435\u0441\u043e\u0430\u0440\u0438","og_description":"G\u0103si\u021bi inspira\u021bie cu pandantivul nostru unic \u201eVictorie pe teren\u201d, creat pentru adev\u0103ra\u021bii fani ai tenisului. Fabricat din argint de \u00eenalt\u0103 calitate, acesta surprinde spiritul jocului \u0219i elegan\u021ba terenului. Parte a Colec\u021biei Australian Open, acest accesoriu sofisticat este completarea perfect\u0103 pentru stilul oric\u0103rui pasionat de tenis. LUXURY RACKET CLUB este art\u0103, precizie \u0219i aten\u021bie la detalii - pentru c\u0103 tenisul nu este doar un sport, este un mod de via\u021b\u0103. LUXURY RACKET CLUB este art\u0103, cu aten\u021bie la fiecare detaliu.","og_url":"https:\/\/luxuryracketclub.com\/ro\/p\/australian-open-collection-srebarna-visulka-tenis-raketi-victory-on-the-court\/","og_site_name":"\u0420\u044a\u0447\u043d\u043e \u0438\u0437\u0440\u0430\u0431\u043e\u0442\u0435\u043d\u0438 \u0442\u0435\u043d\u0438\u0441 \u0431\u0438\u0436\u0443\u0442\u0430 \u0438 \u0430\u043a\u0441\u0435\u0441\u043e\u0430\u0440\u0438","article_modified_time":"2025-08-29T03:41:13+00:00","og_image":[{"width":1509,"height":1509,"url":"https:\/\/luxuryracketclub.com\/wp-content\/uploads\/2023\/07\/product.srebarna-visulka-victory-min.jpg","type":"image\/jpeg"}],"twitter_card":"summary_large_image","twitter_misc":{"Timp estimat pentru citire":"1 minut"},"schema":{"@context":"https:\/\/schema.org","@graph":[{"@type":"WebPage","@id":"https:\/\/luxuryracketclub.com\/ro\/p\/australian-open-collection-srebarna-visulka-tenis-raketi-victory-on-the-court\/","url":"https:\/\/luxuryracketclub.com\/ro\/p\/australian-open-collection-srebarna-visulka-tenis-raketi-victory-on-the-court\/","name":"Pandantiv din argint cu rachet\u0103 de tenis \u201eVictorie pe teren\u201d - \u0420\u044a\u0447\u043d\u043e \u0438\u0437\u0440\u0430\u0431\u043e\u0442\u0435\u043d\u0438 \u0442\u0435\u043d\u0438\u0441 \u0431\u0438\u0436\u0443\u0442\u0430 \u0438 \u0430\u043a\u0441\u0435\u0441\u043e\u0430\u0440\u0438","isPartOf":{"@id":"https:\/\/luxuryracketclub.com\/#website"},"primaryImageOfPage":{"@id":"https:\/\/luxuryracketclub.com\/ro\/p\/australian-open-collection-srebarna-visulka-tenis-raketi-victory-on-the-court\/#primaryimage"},"image":{"@id":"https:\/\/luxuryracketclub.com\/ro\/p\/australian-open-collection-srebarna-visulka-tenis-raketi-victory-on-the-court\/#primaryimage"},"thumbnailUrl":"https:\/\/luxuryracketclub.com\/wp-content\/uploads\/2023\/07\/product.srebarna-visulka-victory-min.jpg","datePublished":"2025-04-04T11:35:38+00:00","dateModified":"2025-08-29T03:41:13+00:00","breadcrumb":{"@id":"https:\/\/luxuryracketclub.com\/ro\/p\/australian-open-collection-srebarna-visulka-tenis-raketi-victory-on-the-court\/#breadcrumb"},"inLanguage":"ro-RO","potentialAction":[{"@type":"ReadAction","target":["https:\/\/luxuryracketclub.com\/ro\/p\/australian-open-collection-srebarna-visulka-tenis-raketi-victory-on-the-court\/"]}]},{"@type":"ImageObject","inLanguage":"ro-RO","@id":"https:\/\/luxuryracketclub.com\/ro\/p\/australian-open-collection-srebarna-visulka-tenis-raketi-victory-on-the-court\/#primaryimage","url":"https:\/\/luxuryracketclub.com\/wp-content\/uploads\/2023\/07\/product.srebarna-visulka-victory-min.jpg","contentUrl":"https:\/\/luxuryracketclub.com\/wp-content\/uploads\/2023\/07\/product.srebarna-visulka-victory-min.jpg","width":1509,"height":1509,"caption":"\u0421\u0440\u0435\u0431\u044a\u0440\u043d\u0430 \u0432\u0438\u0441\u0443\u043b\u043a\u0430 \"Victory\""},{"@type":"BreadcrumbList","@id":"https:\/\/luxuryracketclub.com\/ro\/p\/australian-open-collection-srebarna-visulka-tenis-raketi-victory-on-the-court\/#breadcrumb","itemListElement":[{"@type":"ListItem","position":1,"name":"\u041d\u0430\u0447\u0430\u043b\u043e","item":"https:\/\/luxuryracketclub.com\/ro\/"},{"@type":"ListItem","position":2,"name":"Magazin","item":"https:\/\/luxuryracketclub.com\/ro\/magazin\/"},{"@type":"ListItem","position":3,"name":"Pandantiv din argint cu rachet\u0103 de tenis \u201eVictorie pe teren\u201d"}]},{"@type":"WebSite","@id":"https:\/\/luxuryracketclub.com\/#website","url":"https:\/\/luxuryracketclub.com\/","name":"\u0420\u044a\u0447\u043d\u043e \u0438\u0437\u0440\u0430\u0431\u043e\u0442\u0435\u043d\u0438 \u0442\u0435\u043d\u0438\u0441 \u0431\u0438\u0436\u0443\u0442\u0430 \u0438 \u0430\u043a\u0441\u0435\u0441\u043e\u0430\u0440\u0438","description":"","potentialAction":[{"@type":"SearchAction","target":{"@type":"EntryPoint","urlTemplate":"https:\/\/luxuryracketclub.com\/?s={search_term_string}"},"query-input":{"@type":"PropertyValueSpecification","valueRequired":true,"valueName":"search_term_string"}}],"inLanguage":"ro-RO"}]}},"_links":{"self":[{"href":"https:\/\/luxuryracketclub.com\/ro\/wp-json\/wp\/v2\/product\/14216","targetHints":{"allow":["GET"]}}],"collection":[{"href":"https:\/\/luxuryracketclub.com\/ro\/wp-json\/wp\/v2\/product"}],"about":[{"href":"https:\/\/luxuryracketclub.com\/ro\/wp-json\/wp\/v2\/types\/product"}],"replies":[{"embeddable":true,"href":"https:\/\/luxuryracketclub.com\/ro\/wp-json\/wp\/v2\/comments?post=14216"}],"wp:featuredmedia":[{"embeddable":true,"href":"https:\/\/luxuryracketclub.com\/ro\/wp-json\/wp\/v2\/media\/14089"}],"wp:attachment":[{"href":"https:\/\/luxuryracketclub.com\/ro\/wp-json\/wp\/v2\/media?parent=14216"}],"wp:term":[{"taxonomy":"product_brand","embeddable":true,"href":"https:\/\/luxuryracketclub.com\/ro\/wp-json\/wp\/v2\/product_brand?post=14216"},{"taxonomy":"product_cat","embeddable":true,"href":"https:\/\/luxuryracketclub.com\/ro\/wp-json\/wp\/v2\/product_cat?post=14216"},{"taxonomy":"product_tag","embeddable":true,"href":"https:\/\/luxuryracketclub.com\/ro\/wp-json\/wp\/v2\/product_tag?post=14216"}],"curies":[{"name":"wp","href":"https:\/\/api.w.org\/{rel}","templated":true}]}}