{"id":14210,"date":"2025-04-04T22:37:25","date_gmt":"2025-04-04T19:37:25","guid":{"rendered":"https:\/\/luxuryracketclub.com\/p\/wimbledon-collection-srebarna-grivna-s-tenis-raketa-ace-power\/"},"modified":"2025-08-29T06:40:26","modified_gmt":"2025-08-29T03:40:26","slug":"wimbledon-collection-srebarna-grivna-s-tenis-raketa-ace-power","status":"publish","type":"product","link":"https:\/\/luxuryracketclub.com\/ro\/p\/wimbledon-collection-srebarna-grivna-s-tenis-raketa-ace-power\/","title":{"rendered":"Br\u0103\u021bar\u0103 din argint cu rachet\u0103 de tenis \u201eAce Power\u201d"},"content":{"rendered":"","protected":false},"excerpt":{"rendered":"<p class=\"\" data-start=\"152\" data-end=\"499\">S\u0103rb\u0103tore\u0219te-\u021bi dragostea pentru tenis cu stil. Br\u0103\u021bara \u201eKiss my ACE\u201d din colec\u021bia WIMBLEDON este o adev\u0103rat\u0103 bijuterie pentru cunosc\u0103torii de sport \u0219i design sofisticat. Fabricat\u0103 din argint sterling 925 de \u00eenalt\u0103 calitate, prezint\u0103 o rachet\u0103 de tenis rafinat\u0103 \u00een form\u0103 de inim\u0103, cu o plas\u0103 fin\u0103 ajurat \u0219i o minge de tenis argintie &#8211; un simbol al pasiunii, realiz\u0103rii \u0219i iubirii pentru joc.<\/p>\n<p class=\"\" data-start=\"501\" data-end=\"569\">\u00cen tenis, \u201edragostea\u201d poate \u00eensemna zero, dar pentru noi \u00eenseamn\u0103 totul.<\/p>\n<p class=\"\" data-start=\"571\" data-end=\"650\">Combin\u0103 sportivitatea cu elegan\u021ba &#8211; poart\u0103-\u021bi realiz\u0103rile aproape de inim\u0103.<\/p>\n<ul>\n<li data-start=\"652\" data-end=\"780\">Fabricat\u0103 manual.<\/li>\n<li data-start=\"652\" data-end=\"780\">Argint sterling 925.<\/li>\n<li data-start=\"652\" data-end=\"780\">Design unic inspirat de Wimbledon.<\/li>\n<\/ul>\n<p>Parte a colec\u021biei limitate de <strong>Rachete de Luxury<\/strong> Club.<\/strong><\/p>\n<p>&nbsp;<\/p>\n","protected":false},"featured_media":14211,"comment_status":"open","ping_status":"closed","template":"","meta":{"_acf_changed":false,"_nectar_blocks_hide_post_title":false,"_nectar_blocks_transparent_header_effect":false,"_nectar_blocks_transparent_header_effect_color":"light","_nectar_blocks_header_animation":false,"_nectar_blocks_header_animation_delay":0,"_nectar_blocks_header_animation_effect":"fade","_nectar_blocks_page_css":"","_nectar_blocks_page_js":"","inline_featured_image":false},"product_brand":[],"product_cat":[864],"product_tag":[841],"class_list":{"0":"post-14210","1":"product","2":"type-product","3":"status-publish","4":"has-post-thumbnail","6":"product_cat-colectia-wimbledon","7":"product_tag-podarak-za-tenisist-ro","9":"first","10":"instock","11":"sale","12":"shipping-taxable","13":"purchasable","14":"product-type-variable"},"acf":[],"yoast_head":"<!-- This site is optimized with the Yoast SEO plugin v27.4 - https:\/\/yoast.com\/product\/yoast-seo-wordpress\/ -->\n<title>Br\u0103\u021bar\u0103 din argint cu rachet\u0103 de tenis \u201eAce Power\u201d - \u0420\u044a\u0447\u043d\u043e \u0438\u0437\u0440\u0430\u0431\u043e\u0442\u0435\u043d\u0438 \u0442\u0435\u043d\u0438\u0441 \u0431\u0438\u0436\u0443\u0442\u0430 \u0438 \u0430\u043a\u0441\u0435\u0441\u043e\u0430\u0440\u0438<\/title>\n<meta name=\"robots\" content=\"index, follow, max-snippet:-1, max-image-preview:large, max-video-preview:-1\" \/>\n<link rel=\"canonical\" href=\"https:\/\/luxuryracketclub.com\/ro\/p\/wimbledon-collection-srebarna-grivna-s-tenis-raketa-ace-power\/\" \/>\n<meta property=\"og:locale\" content=\"ro_RO\" \/>\n<meta property=\"og:type\" content=\"article\" \/>\n<meta property=\"og:title\" content=\"Br\u0103\u021bar\u0103 din argint cu rachet\u0103 de tenis \u201eAce Power\u201d - \u0420\u044a\u0447\u043d\u043e \u0438\u0437\u0440\u0430\u0431\u043e\u0442\u0435\u043d\u0438 \u0442\u0435\u043d\u0438\u0441 \u0431\u0438\u0436\u0443\u0442\u0430 \u0438 \u0430\u043a\u0441\u0435\u0441\u043e\u0430\u0440\u0438\" \/>\n<meta property=\"og:description\" content=\"S\u0103rb\u0103tore\u0219te-\u021bi dragostea pentru tenis cu stil. Br\u0103\u021bara \u201eKiss my ACE\u201d din colec\u021bia WIMBLEDON este o adev\u0103rat\u0103 bijuterie pentru cunosc\u0103torii de sport \u0219i design sofisticat. Fabricat\u0103 din argint sterling 925 de \u00eenalt\u0103 calitate, prezint\u0103 o rachet\u0103 de tenis rafinat\u0103 \u00een form\u0103 de inim\u0103, cu o plas\u0103 fin\u0103 ajurat \u0219i o minge de tenis argintie - un simbol al pasiunii, realiz\u0103rii \u0219i iubirii pentru joc. \u00cen tenis, \u201edragostea\u201d poate \u00eensemna zero, dar pentru noi \u00eenseamn\u0103 totul. Combin\u0103 sportivitatea cu elegan\u021ba - poart\u0103-\u021bi realiz\u0103rile aproape de inim\u0103.   Fabricat\u0103 manual. Argint sterling 925. Design unic inspirat de Wimbledon.  Parte a colec\u021biei limitate de Rachete de Luxury Club.  &nbsp;\" \/>\n<meta property=\"og:url\" content=\"https:\/\/luxuryracketclub.com\/ro\/p\/wimbledon-collection-srebarna-grivna-s-tenis-raketa-ace-power\/\" \/>\n<meta property=\"og:site_name\" content=\"\u0420\u044a\u0447\u043d\u043e \u0438\u0437\u0440\u0430\u0431\u043e\u0442\u0435\u043d\u0438 \u0442\u0435\u043d\u0438\u0441 \u0431\u0438\u0436\u0443\u0442\u0430 \u0438 \u0430\u043a\u0441\u0435\u0441\u043e\u0430\u0440\u0438\" \/>\n<meta property=\"article:modified_time\" content=\"2025-08-29T03:40:26+00:00\" \/>\n<meta property=\"og:image\" content=\"https:\/\/luxuryracketclub.com\/wp-content\/uploads\/2024\/11\/srebarna-grivna-s-tenis-raketa-ace-power.4.jpg\" \/>\n\t<meta property=\"og:image:width\" content=\"1800\" \/>\n\t<meta property=\"og:image:height\" content=\"1800\" \/>\n\t<meta property=\"og:image:type\" content=\"image\/jpeg\" \/>\n<meta name=\"twitter:card\" content=\"summary_large_image\" \/>\n<meta name=\"twitter:label1\" content=\"Timp estimat pentru citire\" \/>\n\t<meta name=\"twitter:data1\" content=\"1 minut\" \/>\n<script type=\"application\/ld+json\" class=\"yoast-schema-graph\">{\"@context\":\"https:\\\/\\\/schema.org\",\"@graph\":[{\"@type\":\"WebPage\",\"@id\":\"https:\\\/\\\/luxuryracketclub.com\\\/ro\\\/p\\\/wimbledon-collection-srebarna-grivna-s-tenis-raketa-ace-power\\\/\",\"url\":\"https:\\\/\\\/luxuryracketclub.com\\\/ro\\\/p\\\/wimbledon-collection-srebarna-grivna-s-tenis-raketa-ace-power\\\/\",\"name\":\"Br\u0103\u021bar\u0103 din argint cu rachet\u0103 de tenis \u201eAce Power\u201d - \u0420\u044a\u0447\u043d\u043e \u0438\u0437\u0440\u0430\u0431\u043e\u0442\u0435\u043d\u0438 \u0442\u0435\u043d\u0438\u0441 \u0431\u0438\u0436\u0443\u0442\u0430 \u0438 \u0430\u043a\u0441\u0435\u0441\u043e\u0430\u0440\u0438\",\"isPartOf\":{\"@id\":\"https:\\\/\\\/luxuryracketclub.com\\\/#website\"},\"primaryImageOfPage\":{\"@id\":\"https:\\\/\\\/luxuryracketclub.com\\\/ro\\\/p\\\/wimbledon-collection-srebarna-grivna-s-tenis-raketa-ace-power\\\/#primaryimage\"},\"image\":{\"@id\":\"https:\\\/\\\/luxuryracketclub.com\\\/ro\\\/p\\\/wimbledon-collection-srebarna-grivna-s-tenis-raketa-ace-power\\\/#primaryimage\"},\"thumbnailUrl\":\"https:\\\/\\\/luxuryracketclub.com\\\/wp-content\\\/uploads\\\/2024\\\/11\\\/srebarna-grivna-s-tenis-raketa-ace-power.4.jpg\",\"datePublished\":\"2025-04-04T19:37:25+00:00\",\"dateModified\":\"2025-08-29T03:40:26+00:00\",\"breadcrumb\":{\"@id\":\"https:\\\/\\\/luxuryracketclub.com\\\/ro\\\/p\\\/wimbledon-collection-srebarna-grivna-s-tenis-raketa-ace-power\\\/#breadcrumb\"},\"inLanguage\":\"ro-RO\",\"potentialAction\":[{\"@type\":\"ReadAction\",\"target\":[\"https:\\\/\\\/luxuryracketclub.com\\\/ro\\\/p\\\/wimbledon-collection-srebarna-grivna-s-tenis-raketa-ace-power\\\/\"]}]},{\"@type\":\"ImageObject\",\"inLanguage\":\"ro-RO\",\"@id\":\"https:\\\/\\\/luxuryracketclub.com\\\/ro\\\/p\\\/wimbledon-collection-srebarna-grivna-s-tenis-raketa-ace-power\\\/#primaryimage\",\"url\":\"https:\\\/\\\/luxuryracketclub.com\\\/wp-content\\\/uploads\\\/2024\\\/11\\\/srebarna-grivna-s-tenis-raketa-ace-power.4.jpg\",\"contentUrl\":\"https:\\\/\\\/luxuryracketclub.com\\\/wp-content\\\/uploads\\\/2024\\\/11\\\/srebarna-grivna-s-tenis-raketa-ace-power.4.jpg\",\"width\":1800,\"height\":1800,\"caption\":\"\u0421\u0440\u0435\u0431\u044a\u0440\u043d\u0430 \u0433\u0440\u0438\u0432\u043d\u0430 \u0441 \u0442\u0435\u043d\u0438\u0441 \u0440\u0430\u043a\u0435\u0442\u0430 ,,Ace Power\\\"\"},{\"@type\":\"BreadcrumbList\",\"@id\":\"https:\\\/\\\/luxuryracketclub.com\\\/ro\\\/p\\\/wimbledon-collection-srebarna-grivna-s-tenis-raketa-ace-power\\\/#breadcrumb\",\"itemListElement\":[{\"@type\":\"ListItem\",\"position\":1,\"name\":\"\u041d\u0430\u0447\u0430\u043b\u043e\",\"item\":\"https:\\\/\\\/luxuryracketclub.com\\\/ro\\\/\"},{\"@type\":\"ListItem\",\"position\":2,\"name\":\"Magazin\",\"item\":\"https:\\\/\\\/luxuryracketclub.com\\\/ro\\\/magazin\\\/\"},{\"@type\":\"ListItem\",\"position\":3,\"name\":\"Br\u0103\u021bar\u0103 din argint cu rachet\u0103 de tenis \u201eAce Power\u201d\"}]},{\"@type\":\"WebSite\",\"@id\":\"https:\\\/\\\/luxuryracketclub.com\\\/#website\",\"url\":\"https:\\\/\\\/luxuryracketclub.com\\\/\",\"name\":\"\u0420\u044a\u0447\u043d\u043e \u0438\u0437\u0440\u0430\u0431\u043e\u0442\u0435\u043d\u0438 \u0442\u0435\u043d\u0438\u0441 \u0431\u0438\u0436\u0443\u0442\u0430 \u0438 \u0430\u043a\u0441\u0435\u0441\u043e\u0430\u0440\u0438\",\"description\":\"\",\"potentialAction\":[{\"@type\":\"SearchAction\",\"target\":{\"@type\":\"EntryPoint\",\"urlTemplate\":\"https:\\\/\\\/luxuryracketclub.com\\\/?s={search_term_string}\"},\"query-input\":{\"@type\":\"PropertyValueSpecification\",\"valueRequired\":true,\"valueName\":\"search_term_string\"}}],\"inLanguage\":\"ro-RO\"}]}<\/script>\n<!-- \/ Yoast SEO plugin. -->","yoast_head_json":{"title":"Br\u0103\u021bar\u0103 din argint cu rachet\u0103 de tenis \u201eAce Power\u201d - \u0420\u044a\u0447\u043d\u043e \u0438\u0437\u0440\u0430\u0431\u043e\u0442\u0435\u043d\u0438 \u0442\u0435\u043d\u0438\u0441 \u0431\u0438\u0436\u0443\u0442\u0430 \u0438 \u0430\u043a\u0441\u0435\u0441\u043e\u0430\u0440\u0438","robots":{"index":"index","follow":"follow","max-snippet":"max-snippet:-1","max-image-preview":"max-image-preview:large","max-video-preview":"max-video-preview:-1"},"canonical":"https:\/\/luxuryracketclub.com\/ro\/p\/wimbledon-collection-srebarna-grivna-s-tenis-raketa-ace-power\/","og_locale":"ro_RO","og_type":"article","og_title":"Br\u0103\u021bar\u0103 din argint cu rachet\u0103 de tenis \u201eAce Power\u201d - \u0420\u044a\u0447\u043d\u043e \u0438\u0437\u0440\u0430\u0431\u043e\u0442\u0435\u043d\u0438 \u0442\u0435\u043d\u0438\u0441 \u0431\u0438\u0436\u0443\u0442\u0430 \u0438 \u0430\u043a\u0441\u0435\u0441\u043e\u0430\u0440\u0438","og_description":"S\u0103rb\u0103tore\u0219te-\u021bi dragostea pentru tenis cu stil. Br\u0103\u021bara \u201eKiss my ACE\u201d din colec\u021bia WIMBLEDON este o adev\u0103rat\u0103 bijuterie pentru cunosc\u0103torii de sport \u0219i design sofisticat. Fabricat\u0103 din argint sterling 925 de \u00eenalt\u0103 calitate, prezint\u0103 o rachet\u0103 de tenis rafinat\u0103 \u00een form\u0103 de inim\u0103, cu o plas\u0103 fin\u0103 ajurat \u0219i o minge de tenis argintie - un simbol al pasiunii, realiz\u0103rii \u0219i iubirii pentru joc. \u00cen tenis, \u201edragostea\u201d poate \u00eensemna zero, dar pentru noi \u00eenseamn\u0103 totul. Combin\u0103 sportivitatea cu elegan\u021ba - poart\u0103-\u021bi realiz\u0103rile aproape de inim\u0103.   Fabricat\u0103 manual. Argint sterling 925. Design unic inspirat de Wimbledon.  Parte a colec\u021biei limitate de Rachete de Luxury Club.  &nbsp;","og_url":"https:\/\/luxuryracketclub.com\/ro\/p\/wimbledon-collection-srebarna-grivna-s-tenis-raketa-ace-power\/","og_site_name":"\u0420\u044a\u0447\u043d\u043e \u0438\u0437\u0440\u0430\u0431\u043e\u0442\u0435\u043d\u0438 \u0442\u0435\u043d\u0438\u0441 \u0431\u0438\u0436\u0443\u0442\u0430 \u0438 \u0430\u043a\u0441\u0435\u0441\u043e\u0430\u0440\u0438","article_modified_time":"2025-08-29T03:40:26+00:00","og_image":[{"width":1800,"height":1800,"url":"https:\/\/luxuryracketclub.com\/wp-content\/uploads\/2024\/11\/srebarna-grivna-s-tenis-raketa-ace-power.4.jpg","type":"image\/jpeg"}],"twitter_card":"summary_large_image","twitter_misc":{"Timp estimat pentru citire":"1 minut"},"schema":{"@context":"https:\/\/schema.org","@graph":[{"@type":"WebPage","@id":"https:\/\/luxuryracketclub.com\/ro\/p\/wimbledon-collection-srebarna-grivna-s-tenis-raketa-ace-power\/","url":"https:\/\/luxuryracketclub.com\/ro\/p\/wimbledon-collection-srebarna-grivna-s-tenis-raketa-ace-power\/","name":"Br\u0103\u021bar\u0103 din argint cu rachet\u0103 de tenis \u201eAce Power\u201d - \u0420\u044a\u0447\u043d\u043e \u0438\u0437\u0440\u0430\u0431\u043e\u0442\u0435\u043d\u0438 \u0442\u0435\u043d\u0438\u0441 \u0431\u0438\u0436\u0443\u0442\u0430 \u0438 \u0430\u043a\u0441\u0435\u0441\u043e\u0430\u0440\u0438","isPartOf":{"@id":"https:\/\/luxuryracketclub.com\/#website"},"primaryImageOfPage":{"@id":"https:\/\/luxuryracketclub.com\/ro\/p\/wimbledon-collection-srebarna-grivna-s-tenis-raketa-ace-power\/#primaryimage"},"image":{"@id":"https:\/\/luxuryracketclub.com\/ro\/p\/wimbledon-collection-srebarna-grivna-s-tenis-raketa-ace-power\/#primaryimage"},"thumbnailUrl":"https:\/\/luxuryracketclub.com\/wp-content\/uploads\/2024\/11\/srebarna-grivna-s-tenis-raketa-ace-power.4.jpg","datePublished":"2025-04-04T19:37:25+00:00","dateModified":"2025-08-29T03:40:26+00:00","breadcrumb":{"@id":"https:\/\/luxuryracketclub.com\/ro\/p\/wimbledon-collection-srebarna-grivna-s-tenis-raketa-ace-power\/#breadcrumb"},"inLanguage":"ro-RO","potentialAction":[{"@type":"ReadAction","target":["https:\/\/luxuryracketclub.com\/ro\/p\/wimbledon-collection-srebarna-grivna-s-tenis-raketa-ace-power\/"]}]},{"@type":"ImageObject","inLanguage":"ro-RO","@id":"https:\/\/luxuryracketclub.com\/ro\/p\/wimbledon-collection-srebarna-grivna-s-tenis-raketa-ace-power\/#primaryimage","url":"https:\/\/luxuryracketclub.com\/wp-content\/uploads\/2024\/11\/srebarna-grivna-s-tenis-raketa-ace-power.4.jpg","contentUrl":"https:\/\/luxuryracketclub.com\/wp-content\/uploads\/2024\/11\/srebarna-grivna-s-tenis-raketa-ace-power.4.jpg","width":1800,"height":1800,"caption":"\u0421\u0440\u0435\u0431\u044a\u0440\u043d\u0430 \u0433\u0440\u0438\u0432\u043d\u0430 \u0441 \u0442\u0435\u043d\u0438\u0441 \u0440\u0430\u043a\u0435\u0442\u0430 ,,Ace Power\""},{"@type":"BreadcrumbList","@id":"https:\/\/luxuryracketclub.com\/ro\/p\/wimbledon-collection-srebarna-grivna-s-tenis-raketa-ace-power\/#breadcrumb","itemListElement":[{"@type":"ListItem","position":1,"name":"\u041d\u0430\u0447\u0430\u043b\u043e","item":"https:\/\/luxuryracketclub.com\/ro\/"},{"@type":"ListItem","position":2,"name":"Magazin","item":"https:\/\/luxuryracketclub.com\/ro\/magazin\/"},{"@type":"ListItem","position":3,"name":"Br\u0103\u021bar\u0103 din argint cu rachet\u0103 de tenis \u201eAce Power\u201d"}]},{"@type":"WebSite","@id":"https:\/\/luxuryracketclub.com\/#website","url":"https:\/\/luxuryracketclub.com\/","name":"\u0420\u044a\u0447\u043d\u043e \u0438\u0437\u0440\u0430\u0431\u043e\u0442\u0435\u043d\u0438 \u0442\u0435\u043d\u0438\u0441 \u0431\u0438\u0436\u0443\u0442\u0430 \u0438 \u0430\u043a\u0441\u0435\u0441\u043e\u0430\u0440\u0438","description":"","potentialAction":[{"@type":"SearchAction","target":{"@type":"EntryPoint","urlTemplate":"https:\/\/luxuryracketclub.com\/?s={search_term_string}"},"query-input":{"@type":"PropertyValueSpecification","valueRequired":true,"valueName":"search_term_string"}}],"inLanguage":"ro-RO"}]}},"_links":{"self":[{"href":"https:\/\/luxuryracketclub.com\/ro\/wp-json\/wp\/v2\/product\/14210","targetHints":{"allow":["GET"]}}],"collection":[{"href":"https:\/\/luxuryracketclub.com\/ro\/wp-json\/wp\/v2\/product"}],"about":[{"href":"https:\/\/luxuryracketclub.com\/ro\/wp-json\/wp\/v2\/types\/product"}],"replies":[{"embeddable":true,"href":"https:\/\/luxuryracketclub.com\/ro\/wp-json\/wp\/v2\/comments?post=14210"}],"wp:featuredmedia":[{"embeddable":true,"href":"https:\/\/luxuryracketclub.com\/ro\/wp-json\/wp\/v2\/media\/14211"}],"wp:attachment":[{"href":"https:\/\/luxuryracketclub.com\/ro\/wp-json\/wp\/v2\/media?parent=14210"}],"wp:term":[{"taxonomy":"product_brand","embeddable":true,"href":"https:\/\/luxuryracketclub.com\/ro\/wp-json\/wp\/v2\/product_brand?post=14210"},{"taxonomy":"product_cat","embeddable":true,"href":"https:\/\/luxuryracketclub.com\/ro\/wp-json\/wp\/v2\/product_cat?post=14210"},{"taxonomy":"product_tag","embeddable":true,"href":"https:\/\/luxuryracketclub.com\/ro\/wp-json\/wp\/v2\/product_tag?post=14210"}],"curies":[{"name":"wp","href":"https:\/\/api.w.org\/{rel}","templated":true}]}}