{"id":14198,"date":"2025-04-04T22:49:11","date_gmt":"2025-04-04T19:49:11","guid":{"rendered":"https:\/\/luxuryracketclub.com\/p\/wimbledon-collection-srebarna-tenis-raketa-talisman-win\/"},"modified":"2025-08-29T06:39:23","modified_gmt":"2025-08-29T03:39:23","slug":"wimbledon-collection-srebarna-tenis-raketa-talisman-win","status":"publish","type":"product","link":"https:\/\/luxuryracketclub.com\/ro\/p\/wimbledon-collection-srebarna-tenis-raketa-talisman-win\/","title":{"rendered":"Mascota rachetei de tenis argintii \u201eWin\u201d"},"content":{"rendered":"","protected":false},"excerpt":{"rendered":"<p class=\"\" data-start=\"178\" data-end=\"412\">Ad\u0103uga\u021bi o not\u0103 de \u0219ic sportiv \u021binutei dvs. cu elegantul nostru talisman de tenis din colec\u021bia WIMBLEDON. Fabricat din argint de \u00eenalt\u0103 calitate, acest accesoriu fin \u00een form\u0103 de rachet\u0103 de tenis este alegerea perfect\u0103 pentru orice fan adev\u0103rat al tenisului.<\/p>\n<p class=\"\" data-start=\"414\" data-end=\"638\">Poarta\u021bi-l ca un accent elegant pe o br\u0103\u021bar\u0103 sau ca un pandantiv elegant &#8211; alegerea v\u0103 apar\u021bine. Talismanul este conceput pentru a v\u0103 inspira, a v\u0103 aminti de jocul dvs. preferat \u0219i a v\u0103 sublinia individualitatea cu o not\u0103 de elegan\u021b\u0103 \u0219i pasiune sportiv\u0103.<\/p>\n<p><strong>LUXURY RACKET CLUB<\/strong> este art\u0103, cu aten\u021bie la fiecare detaliu.<\/p>\n","protected":false},"featured_media":14202,"comment_status":"open","ping_status":"closed","template":"","meta":{"_acf_changed":false,"_nectar_blocks_hide_post_title":false,"_nectar_blocks_transparent_header_effect":false,"_nectar_blocks_transparent_header_effect_color":"light","_nectar_blocks_header_animation":false,"_nectar_blocks_header_animation_delay":0,"_nectar_blocks_header_animation_effect":"fade","_nectar_blocks_page_css":"","_nectar_blocks_page_js":"","inline_featured_image":false},"product_brand":[],"product_cat":[864],"product_tag":[841],"class_list":{"0":"post-14198","1":"product","2":"type-product","3":"status-publish","4":"has-post-thumbnail","6":"product_cat-colectia-wimbledon","7":"product_tag-podarak-za-tenisist-ro","9":"first","10":"instock","11":"sale","12":"shipping-taxable","13":"purchasable","14":"product-type-simple"},"acf":[],"yoast_head":"<!-- This site is optimized with the Yoast SEO plugin v27.4 - https:\/\/yoast.com\/product\/yoast-seo-wordpress\/ -->\n<title>Mascota rachetei de tenis argintii \u201eWin\u201d - \u0420\u044a\u0447\u043d\u043e \u0438\u0437\u0440\u0430\u0431\u043e\u0442\u0435\u043d\u0438 \u0442\u0435\u043d\u0438\u0441 \u0431\u0438\u0436\u0443\u0442\u0430 \u0438 \u0430\u043a\u0441\u0435\u0441\u043e\u0430\u0440\u0438<\/title>\n<meta name=\"robots\" content=\"index, follow, max-snippet:-1, max-image-preview:large, max-video-preview:-1\" \/>\n<link rel=\"canonical\" href=\"https:\/\/luxuryracketclub.com\/ro\/p\/wimbledon-collection-srebarna-tenis-raketa-talisman-win\/\" \/>\n<meta property=\"og:locale\" content=\"ro_RO\" \/>\n<meta property=\"og:type\" content=\"article\" \/>\n<meta property=\"og:title\" content=\"Mascota rachetei de tenis argintii \u201eWin\u201d - \u0420\u044a\u0447\u043d\u043e \u0438\u0437\u0440\u0430\u0431\u043e\u0442\u0435\u043d\u0438 \u0442\u0435\u043d\u0438\u0441 \u0431\u0438\u0436\u0443\u0442\u0430 \u0438 \u0430\u043a\u0441\u0435\u0441\u043e\u0430\u0440\u0438\" \/>\n<meta property=\"og:description\" content=\"Ad\u0103uga\u021bi o not\u0103 de \u0219ic sportiv \u021binutei dvs. cu elegantul nostru talisman de tenis din colec\u021bia WIMBLEDON. Fabricat din argint de \u00eenalt\u0103 calitate, acest accesoriu fin \u00een form\u0103 de rachet\u0103 de tenis este alegerea perfect\u0103 pentru orice fan adev\u0103rat al tenisului. Poarta\u021bi-l ca un accent elegant pe o br\u0103\u021bar\u0103 sau ca un pandantiv elegant - alegerea v\u0103 apar\u021bine. Talismanul este conceput pentru a v\u0103 inspira, a v\u0103 aminti de jocul dvs. preferat \u0219i a v\u0103 sublinia individualitatea cu o not\u0103 de elegan\u021b\u0103 \u0219i pasiune sportiv\u0103. LUXURY RACKET CLUB este art\u0103, cu aten\u021bie la fiecare detaliu.\" \/>\n<meta property=\"og:url\" content=\"https:\/\/luxuryracketclub.com\/ro\/p\/wimbledon-collection-srebarna-tenis-raketa-talisman-win\/\" \/>\n<meta property=\"og:site_name\" content=\"\u0420\u044a\u0447\u043d\u043e \u0438\u0437\u0440\u0430\u0431\u043e\u0442\u0435\u043d\u0438 \u0442\u0435\u043d\u0438\u0441 \u0431\u0438\u0436\u0443\u0442\u0430 \u0438 \u0430\u043a\u0441\u0435\u0441\u043e\u0430\u0440\u0438\" \/>\n<meta property=\"article:modified_time\" content=\"2025-08-29T03:39:23+00:00\" \/>\n<meta property=\"og:image\" content=\"https:\/\/luxuryracketclub.com\/wp-content\/uploads\/2023\/07\/product.talisman.pobeda-min.jpg\" \/>\n\t<meta property=\"og:image:width\" content=\"1500\" \/>\n\t<meta property=\"og:image:height\" content=\"1500\" \/>\n\t<meta property=\"og:image:type\" content=\"image\/jpeg\" \/>\n<meta name=\"twitter:card\" content=\"summary_large_image\" \/>\n<meta name=\"twitter:label1\" content=\"Timp estimat pentru citire\" \/>\n\t<meta name=\"twitter:data1\" content=\"1 minut\" \/>\n<script type=\"application\/ld+json\" class=\"yoast-schema-graph\">{\"@context\":\"https:\\\/\\\/schema.org\",\"@graph\":[{\"@type\":\"WebPage\",\"@id\":\"https:\\\/\\\/luxuryracketclub.com\\\/ro\\\/p\\\/wimbledon-collection-srebarna-tenis-raketa-talisman-win\\\/\",\"url\":\"https:\\\/\\\/luxuryracketclub.com\\\/ro\\\/p\\\/wimbledon-collection-srebarna-tenis-raketa-talisman-win\\\/\",\"name\":\"Mascota rachetei de tenis argintii \u201eWin\u201d - \u0420\u044a\u0447\u043d\u043e \u0438\u0437\u0440\u0430\u0431\u043e\u0442\u0435\u043d\u0438 \u0442\u0435\u043d\u0438\u0441 \u0431\u0438\u0436\u0443\u0442\u0430 \u0438 \u0430\u043a\u0441\u0435\u0441\u043e\u0430\u0440\u0438\",\"isPartOf\":{\"@id\":\"https:\\\/\\\/luxuryracketclub.com\\\/#website\"},\"primaryImageOfPage\":{\"@id\":\"https:\\\/\\\/luxuryracketclub.com\\\/ro\\\/p\\\/wimbledon-collection-srebarna-tenis-raketa-talisman-win\\\/#primaryimage\"},\"image\":{\"@id\":\"https:\\\/\\\/luxuryracketclub.com\\\/ro\\\/p\\\/wimbledon-collection-srebarna-tenis-raketa-talisman-win\\\/#primaryimage\"},\"thumbnailUrl\":\"https:\\\/\\\/luxuryracketclub.com\\\/wp-content\\\/uploads\\\/2023\\\/07\\\/product.talisman.pobeda-min.jpg\",\"datePublished\":\"2025-04-04T19:49:11+00:00\",\"dateModified\":\"2025-08-29T03:39:23+00:00\",\"breadcrumb\":{\"@id\":\"https:\\\/\\\/luxuryracketclub.com\\\/ro\\\/p\\\/wimbledon-collection-srebarna-tenis-raketa-talisman-win\\\/#breadcrumb\"},\"inLanguage\":\"ro-RO\",\"potentialAction\":[{\"@type\":\"ReadAction\",\"target\":[\"https:\\\/\\\/luxuryracketclub.com\\\/ro\\\/p\\\/wimbledon-collection-srebarna-tenis-raketa-talisman-win\\\/\"]}]},{\"@type\":\"ImageObject\",\"inLanguage\":\"ro-RO\",\"@id\":\"https:\\\/\\\/luxuryracketclub.com\\\/ro\\\/p\\\/wimbledon-collection-srebarna-tenis-raketa-talisman-win\\\/#primaryimage\",\"url\":\"https:\\\/\\\/luxuryracketclub.com\\\/wp-content\\\/uploads\\\/2023\\\/07\\\/product.talisman.pobeda-min.jpg\",\"contentUrl\":\"https:\\\/\\\/luxuryracketclub.com\\\/wp-content\\\/uploads\\\/2023\\\/07\\\/product.talisman.pobeda-min.jpg\",\"width\":1500,\"height\":1500,\"caption\":\"\u0422\u0430\u043b\u0438\u0441\u043c\u0430\u043d \\\"\u041f\u043e\u0431\u0435\u0434\u0430\\\"\"},{\"@type\":\"BreadcrumbList\",\"@id\":\"https:\\\/\\\/luxuryracketclub.com\\\/ro\\\/p\\\/wimbledon-collection-srebarna-tenis-raketa-talisman-win\\\/#breadcrumb\",\"itemListElement\":[{\"@type\":\"ListItem\",\"position\":1,\"name\":\"\u041d\u0430\u0447\u0430\u043b\u043e\",\"item\":\"https:\\\/\\\/luxuryracketclub.com\\\/ro\\\/\"},{\"@type\":\"ListItem\",\"position\":2,\"name\":\"Magazin\",\"item\":\"https:\\\/\\\/luxuryracketclub.com\\\/ro\\\/magazin\\\/\"},{\"@type\":\"ListItem\",\"position\":3,\"name\":\"Mascota rachetei de tenis argintii \u201eWin\u201d\"}]},{\"@type\":\"WebSite\",\"@id\":\"https:\\\/\\\/luxuryracketclub.com\\\/#website\",\"url\":\"https:\\\/\\\/luxuryracketclub.com\\\/\",\"name\":\"\u0420\u044a\u0447\u043d\u043e \u0438\u0437\u0440\u0430\u0431\u043e\u0442\u0435\u043d\u0438 \u0442\u0435\u043d\u0438\u0441 \u0431\u0438\u0436\u0443\u0442\u0430 \u0438 \u0430\u043a\u0441\u0435\u0441\u043e\u0430\u0440\u0438\",\"description\":\"\",\"potentialAction\":[{\"@type\":\"SearchAction\",\"target\":{\"@type\":\"EntryPoint\",\"urlTemplate\":\"https:\\\/\\\/luxuryracketclub.com\\\/?s={search_term_string}\"},\"query-input\":{\"@type\":\"PropertyValueSpecification\",\"valueRequired\":true,\"valueName\":\"search_term_string\"}}],\"inLanguage\":\"ro-RO\"}]}<\/script>\n<!-- \/ Yoast SEO plugin. -->","yoast_head_json":{"title":"Mascota rachetei de tenis argintii \u201eWin\u201d - \u0420\u044a\u0447\u043d\u043e \u0438\u0437\u0440\u0430\u0431\u043e\u0442\u0435\u043d\u0438 \u0442\u0435\u043d\u0438\u0441 \u0431\u0438\u0436\u0443\u0442\u0430 \u0438 \u0430\u043a\u0441\u0435\u0441\u043e\u0430\u0440\u0438","robots":{"index":"index","follow":"follow","max-snippet":"max-snippet:-1","max-image-preview":"max-image-preview:large","max-video-preview":"max-video-preview:-1"},"canonical":"https:\/\/luxuryracketclub.com\/ro\/p\/wimbledon-collection-srebarna-tenis-raketa-talisman-win\/","og_locale":"ro_RO","og_type":"article","og_title":"Mascota rachetei de tenis argintii \u201eWin\u201d - \u0420\u044a\u0447\u043d\u043e \u0438\u0437\u0440\u0430\u0431\u043e\u0442\u0435\u043d\u0438 \u0442\u0435\u043d\u0438\u0441 \u0431\u0438\u0436\u0443\u0442\u0430 \u0438 \u0430\u043a\u0441\u0435\u0441\u043e\u0430\u0440\u0438","og_description":"Ad\u0103uga\u021bi o not\u0103 de \u0219ic sportiv \u021binutei dvs. cu elegantul nostru talisman de tenis din colec\u021bia WIMBLEDON. Fabricat din argint de \u00eenalt\u0103 calitate, acest accesoriu fin \u00een form\u0103 de rachet\u0103 de tenis este alegerea perfect\u0103 pentru orice fan adev\u0103rat al tenisului. Poarta\u021bi-l ca un accent elegant pe o br\u0103\u021bar\u0103 sau ca un pandantiv elegant - alegerea v\u0103 apar\u021bine. Talismanul este conceput pentru a v\u0103 inspira, a v\u0103 aminti de jocul dvs. preferat \u0219i a v\u0103 sublinia individualitatea cu o not\u0103 de elegan\u021b\u0103 \u0219i pasiune sportiv\u0103. LUXURY RACKET CLUB este art\u0103, cu aten\u021bie la fiecare detaliu.","og_url":"https:\/\/luxuryracketclub.com\/ro\/p\/wimbledon-collection-srebarna-tenis-raketa-talisman-win\/","og_site_name":"\u0420\u044a\u0447\u043d\u043e \u0438\u0437\u0440\u0430\u0431\u043e\u0442\u0435\u043d\u0438 \u0442\u0435\u043d\u0438\u0441 \u0431\u0438\u0436\u0443\u0442\u0430 \u0438 \u0430\u043a\u0441\u0435\u0441\u043e\u0430\u0440\u0438","article_modified_time":"2025-08-29T03:39:23+00:00","og_image":[{"width":1500,"height":1500,"url":"https:\/\/luxuryracketclub.com\/wp-content\/uploads\/2023\/07\/product.talisman.pobeda-min.jpg","type":"image\/jpeg"}],"twitter_card":"summary_large_image","twitter_misc":{"Timp estimat pentru citire":"1 minut"},"schema":{"@context":"https:\/\/schema.org","@graph":[{"@type":"WebPage","@id":"https:\/\/luxuryracketclub.com\/ro\/p\/wimbledon-collection-srebarna-tenis-raketa-talisman-win\/","url":"https:\/\/luxuryracketclub.com\/ro\/p\/wimbledon-collection-srebarna-tenis-raketa-talisman-win\/","name":"Mascota rachetei de tenis argintii \u201eWin\u201d - \u0420\u044a\u0447\u043d\u043e \u0438\u0437\u0440\u0430\u0431\u043e\u0442\u0435\u043d\u0438 \u0442\u0435\u043d\u0438\u0441 \u0431\u0438\u0436\u0443\u0442\u0430 \u0438 \u0430\u043a\u0441\u0435\u0441\u043e\u0430\u0440\u0438","isPartOf":{"@id":"https:\/\/luxuryracketclub.com\/#website"},"primaryImageOfPage":{"@id":"https:\/\/luxuryracketclub.com\/ro\/p\/wimbledon-collection-srebarna-tenis-raketa-talisman-win\/#primaryimage"},"image":{"@id":"https:\/\/luxuryracketclub.com\/ro\/p\/wimbledon-collection-srebarna-tenis-raketa-talisman-win\/#primaryimage"},"thumbnailUrl":"https:\/\/luxuryracketclub.com\/wp-content\/uploads\/2023\/07\/product.talisman.pobeda-min.jpg","datePublished":"2025-04-04T19:49:11+00:00","dateModified":"2025-08-29T03:39:23+00:00","breadcrumb":{"@id":"https:\/\/luxuryracketclub.com\/ro\/p\/wimbledon-collection-srebarna-tenis-raketa-talisman-win\/#breadcrumb"},"inLanguage":"ro-RO","potentialAction":[{"@type":"ReadAction","target":["https:\/\/luxuryracketclub.com\/ro\/p\/wimbledon-collection-srebarna-tenis-raketa-talisman-win\/"]}]},{"@type":"ImageObject","inLanguage":"ro-RO","@id":"https:\/\/luxuryracketclub.com\/ro\/p\/wimbledon-collection-srebarna-tenis-raketa-talisman-win\/#primaryimage","url":"https:\/\/luxuryracketclub.com\/wp-content\/uploads\/2023\/07\/product.talisman.pobeda-min.jpg","contentUrl":"https:\/\/luxuryracketclub.com\/wp-content\/uploads\/2023\/07\/product.talisman.pobeda-min.jpg","width":1500,"height":1500,"caption":"\u0422\u0430\u043b\u0438\u0441\u043c\u0430\u043d \"\u041f\u043e\u0431\u0435\u0434\u0430\""},{"@type":"BreadcrumbList","@id":"https:\/\/luxuryracketclub.com\/ro\/p\/wimbledon-collection-srebarna-tenis-raketa-talisman-win\/#breadcrumb","itemListElement":[{"@type":"ListItem","position":1,"name":"\u041d\u0430\u0447\u0430\u043b\u043e","item":"https:\/\/luxuryracketclub.com\/ro\/"},{"@type":"ListItem","position":2,"name":"Magazin","item":"https:\/\/luxuryracketclub.com\/ro\/magazin\/"},{"@type":"ListItem","position":3,"name":"Mascota rachetei de tenis argintii \u201eWin\u201d"}]},{"@type":"WebSite","@id":"https:\/\/luxuryracketclub.com\/#website","url":"https:\/\/luxuryracketclub.com\/","name":"\u0420\u044a\u0447\u043d\u043e \u0438\u0437\u0440\u0430\u0431\u043e\u0442\u0435\u043d\u0438 \u0442\u0435\u043d\u0438\u0441 \u0431\u0438\u0436\u0443\u0442\u0430 \u0438 \u0430\u043a\u0441\u0435\u0441\u043e\u0430\u0440\u0438","description":"","potentialAction":[{"@type":"SearchAction","target":{"@type":"EntryPoint","urlTemplate":"https:\/\/luxuryracketclub.com\/?s={search_term_string}"},"query-input":{"@type":"PropertyValueSpecification","valueRequired":true,"valueName":"search_term_string"}}],"inLanguage":"ro-RO"}]}},"_links":{"self":[{"href":"https:\/\/luxuryracketclub.com\/ro\/wp-json\/wp\/v2\/product\/14198","targetHints":{"allow":["GET"]}}],"collection":[{"href":"https:\/\/luxuryracketclub.com\/ro\/wp-json\/wp\/v2\/product"}],"about":[{"href":"https:\/\/luxuryracketclub.com\/ro\/wp-json\/wp\/v2\/types\/product"}],"replies":[{"embeddable":true,"href":"https:\/\/luxuryracketclub.com\/ro\/wp-json\/wp\/v2\/comments?post=14198"}],"wp:featuredmedia":[{"embeddable":true,"href":"https:\/\/luxuryracketclub.com\/ro\/wp-json\/wp\/v2\/media\/14202"}],"wp:attachment":[{"href":"https:\/\/luxuryracketclub.com\/ro\/wp-json\/wp\/v2\/media?parent=14198"}],"wp:term":[{"taxonomy":"product_brand","embeddable":true,"href":"https:\/\/luxuryracketclub.com\/ro\/wp-json\/wp\/v2\/product_brand?post=14198"},{"taxonomy":"product_cat","embeddable":true,"href":"https:\/\/luxuryracketclub.com\/ro\/wp-json\/wp\/v2\/product_cat?post=14198"},{"taxonomy":"product_tag","embeddable":true,"href":"https:\/\/luxuryracketclub.com\/ro\/wp-json\/wp\/v2\/product_tag?post=14198"}],"curies":[{"name":"wp","href":"https:\/\/api.w.org\/{rel}","templated":true}]}}