{"id":14187,"date":"2025-04-04T22:56:36","date_gmt":"2025-04-04T19:56:36","guid":{"rendered":"https:\/\/luxuryracketclub.com\/p\/wimbledon-collection-srebarno-kolie-s-tenis-topki-tennis-balls\/"},"modified":"2025-08-29T06:38:50","modified_gmt":"2025-08-29T03:38:50","slug":"wimbledon-collection-srebarno-kolie-s-tenis-topki-tennis-balls","status":"publish","type":"product","link":"https:\/\/luxuryracketclub.com\/ro\/p\/wimbledon-collection-srebarno-kolie-s-tenis-topki-tennis-balls\/","title":{"rendered":"Colier din argint cu mingi de tenis &#8222;Mingi de tenis&#8221;"},"content":{"rendered":"","protected":false},"excerpt":{"rendered":"<p class=\"\" data-start=\"125\" data-end=\"501\">Exprim\u0103 spiritul victoriei cu colierul nostru din argint din colec\u021bia WIMBLEDON &#8211; inspirat de clasicele tenisului \u0219i de gra\u021bia terenului.<br data-start=\"262\" data-end=\"265\" \/>Aceast\u0103 bijuterie rafinat\u0103 impresioneaz\u0103 cu dou\u0103 lan\u021buri \u00eempletite, fiecare dintre ele fiind decorat cu elemente aranjate secven\u021bial \u00een form\u0103 de mingi de tenis cu dungi precis lucrate &#8211; un detaliu distinctiv pentru fiecare adev\u0103rat cunosc\u0103tor de stil \u0219i sport.<\/p>\n<p class=\"\" data-start=\"503\" data-end=\"731\">Asorteaz\u0103-l cu cerceii no\u0219tri elegan\u021bi din vin \u201eMingi de tenis\u201d pentru un look complet, modern \u0219i elegant de tenis. Accesoriul perfect pentru fiecare moment \u00een care vrei s\u0103 por\u021bi cu tine sentimentul Wimbledonului &#8211; pe teren \u0219i \u00een afara lui.<\/p>\n<p><strong>LUXURY RACKET CLUB<\/strong> este art\u0103, cu aten\u021bie la fiecare detaliu.<\/p>\n","protected":false},"featured_media":14192,"comment_status":"closed","ping_status":"closed","template":"","meta":{"_acf_changed":false,"_nectar_blocks_hide_post_title":false,"_nectar_blocks_transparent_header_effect":false,"_nectar_blocks_transparent_header_effect_color":"light","_nectar_blocks_header_animation":false,"_nectar_blocks_header_animation_delay":0,"_nectar_blocks_header_animation_effect":"fade","_nectar_blocks_page_css":"","_nectar_blocks_page_js":"","inline_featured_image":false},"product_brand":[],"product_cat":[864],"product_tag":[841],"class_list":{"0":"post-14187","1":"product","2":"type-product","3":"status-publish","4":"has-post-thumbnail","6":"product_cat-colectia-wimbledon","7":"product_tag-podarak-za-tenisist-ro","9":"first","10":"instock","11":"sale","12":"shipping-taxable","13":"purchasable","14":"product-type-variable"},"acf":[],"yoast_head":"<!-- This site is optimized with the Yoast SEO plugin v27.4 - https:\/\/yoast.com\/product\/yoast-seo-wordpress\/ -->\n<title>Colier din argint cu mingi de tenis &quot;Mingi de tenis&quot; - \u0420\u044a\u0447\u043d\u043e \u0438\u0437\u0440\u0430\u0431\u043e\u0442\u0435\u043d\u0438 \u0442\u0435\u043d\u0438\u0441 \u0431\u0438\u0436\u0443\u0442\u0430 \u0438 \u0430\u043a\u0441\u0435\u0441\u043e\u0430\u0440\u0438<\/title>\n<meta name=\"robots\" content=\"index, follow, max-snippet:-1, max-image-preview:large, max-video-preview:-1\" \/>\n<link rel=\"canonical\" href=\"https:\/\/luxuryracketclub.com\/ro\/p\/wimbledon-collection-srebarno-kolie-s-tenis-topki-tennis-balls\/\" \/>\n<meta property=\"og:locale\" content=\"ro_RO\" \/>\n<meta property=\"og:type\" content=\"article\" \/>\n<meta property=\"og:title\" content=\"Colier din argint cu mingi de tenis &quot;Mingi de tenis&quot; - \u0420\u044a\u0447\u043d\u043e \u0438\u0437\u0440\u0430\u0431\u043e\u0442\u0435\u043d\u0438 \u0442\u0435\u043d\u0438\u0441 \u0431\u0438\u0436\u0443\u0442\u0430 \u0438 \u0430\u043a\u0441\u0435\u0441\u043e\u0430\u0440\u0438\" \/>\n<meta property=\"og:description\" content=\"Exprim\u0103 spiritul victoriei cu colierul nostru din argint din colec\u021bia WIMBLEDON - inspirat de clasicele tenisului \u0219i de gra\u021bia terenului.Aceast\u0103 bijuterie rafinat\u0103 impresioneaz\u0103 cu dou\u0103 lan\u021buri \u00eempletite, fiecare dintre ele fiind decorat cu elemente aranjate secven\u021bial \u00een form\u0103 de mingi de tenis cu dungi precis lucrate - un detaliu distinctiv pentru fiecare adev\u0103rat cunosc\u0103tor de stil \u0219i sport. Asorteaz\u0103-l cu cerceii no\u0219tri elegan\u021bi din vin \u201eMingi de tenis\u201d pentru un look complet, modern \u0219i elegant de tenis. Accesoriul perfect pentru fiecare moment \u00een care vrei s\u0103 por\u021bi cu tine sentimentul Wimbledonului - pe teren \u0219i \u00een afara lui. LUXURY RACKET CLUB este art\u0103, cu aten\u021bie la fiecare detaliu.\" \/>\n<meta property=\"og:url\" content=\"https:\/\/luxuryracketclub.com\/ro\/p\/wimbledon-collection-srebarno-kolie-s-tenis-topki-tennis-balls\/\" \/>\n<meta property=\"og:site_name\" content=\"\u0420\u044a\u0447\u043d\u043e \u0438\u0437\u0440\u0430\u0431\u043e\u0442\u0435\u043d\u0438 \u0442\u0435\u043d\u0438\u0441 \u0431\u0438\u0436\u0443\u0442\u0430 \u0438 \u0430\u043a\u0441\u0435\u0441\u043e\u0430\u0440\u0438\" \/>\n<meta property=\"article:modified_time\" content=\"2025-08-29T03:38:50+00:00\" \/>\n<meta property=\"og:image\" content=\"https:\/\/luxuryracketclub.com\/wp-content\/uploads\/2023\/07\/product.srebarno-kolie-tennis-balls-min.jpg\" \/>\n\t<meta property=\"og:image:width\" content=\"2172\" \/>\n\t<meta property=\"og:image:height\" content=\"2172\" \/>\n\t<meta property=\"og:image:type\" content=\"image\/jpeg\" \/>\n<meta name=\"twitter:card\" content=\"summary_large_image\" \/>\n<meta name=\"twitter:label1\" content=\"Timp estimat pentru citire\" \/>\n\t<meta name=\"twitter:data1\" content=\"1 minut\" \/>\n<script type=\"application\/ld+json\" class=\"yoast-schema-graph\">{\"@context\":\"https:\\\/\\\/schema.org\",\"@graph\":[{\"@type\":\"WebPage\",\"@id\":\"https:\\\/\\\/luxuryracketclub.com\\\/ro\\\/p\\\/wimbledon-collection-srebarno-kolie-s-tenis-topki-tennis-balls\\\/\",\"url\":\"https:\\\/\\\/luxuryracketclub.com\\\/ro\\\/p\\\/wimbledon-collection-srebarno-kolie-s-tenis-topki-tennis-balls\\\/\",\"name\":\"Colier din argint cu mingi de tenis \\\"Mingi de tenis\\\" - \u0420\u044a\u0447\u043d\u043e \u0438\u0437\u0440\u0430\u0431\u043e\u0442\u0435\u043d\u0438 \u0442\u0435\u043d\u0438\u0441 \u0431\u0438\u0436\u0443\u0442\u0430 \u0438 \u0430\u043a\u0441\u0435\u0441\u043e\u0430\u0440\u0438\",\"isPartOf\":{\"@id\":\"https:\\\/\\\/luxuryracketclub.com\\\/#website\"},\"primaryImageOfPage\":{\"@id\":\"https:\\\/\\\/luxuryracketclub.com\\\/ro\\\/p\\\/wimbledon-collection-srebarno-kolie-s-tenis-topki-tennis-balls\\\/#primaryimage\"},\"image\":{\"@id\":\"https:\\\/\\\/luxuryracketclub.com\\\/ro\\\/p\\\/wimbledon-collection-srebarno-kolie-s-tenis-topki-tennis-balls\\\/#primaryimage\"},\"thumbnailUrl\":\"https:\\\/\\\/luxuryracketclub.com\\\/wp-content\\\/uploads\\\/2023\\\/07\\\/product.srebarno-kolie-tennis-balls-min.jpg\",\"datePublished\":\"2025-04-04T19:56:36+00:00\",\"dateModified\":\"2025-08-29T03:38:50+00:00\",\"breadcrumb\":{\"@id\":\"https:\\\/\\\/luxuryracketclub.com\\\/ro\\\/p\\\/wimbledon-collection-srebarno-kolie-s-tenis-topki-tennis-balls\\\/#breadcrumb\"},\"inLanguage\":\"ro-RO\",\"potentialAction\":[{\"@type\":\"ReadAction\",\"target\":[\"https:\\\/\\\/luxuryracketclub.com\\\/ro\\\/p\\\/wimbledon-collection-srebarno-kolie-s-tenis-topki-tennis-balls\\\/\"]}]},{\"@type\":\"ImageObject\",\"inLanguage\":\"ro-RO\",\"@id\":\"https:\\\/\\\/luxuryracketclub.com\\\/ro\\\/p\\\/wimbledon-collection-srebarno-kolie-s-tenis-topki-tennis-balls\\\/#primaryimage\",\"url\":\"https:\\\/\\\/luxuryracketclub.com\\\/wp-content\\\/uploads\\\/2023\\\/07\\\/product.srebarno-kolie-tennis-balls-min.jpg\",\"contentUrl\":\"https:\\\/\\\/luxuryracketclub.com\\\/wp-content\\\/uploads\\\/2023\\\/07\\\/product.srebarno-kolie-tennis-balls-min.jpg\",\"width\":2172,\"height\":2172,\"caption\":\"\u0421\u0440\u0435\u0431\u044a\u0440\u043d\u043e \u043a\u043e\u043b\u0438\u0435 \\\"Tennis balls\\\"\"},{\"@type\":\"BreadcrumbList\",\"@id\":\"https:\\\/\\\/luxuryracketclub.com\\\/ro\\\/p\\\/wimbledon-collection-srebarno-kolie-s-tenis-topki-tennis-balls\\\/#breadcrumb\",\"itemListElement\":[{\"@type\":\"ListItem\",\"position\":1,\"name\":\"\u041d\u0430\u0447\u0430\u043b\u043e\",\"item\":\"https:\\\/\\\/luxuryracketclub.com\\\/ro\\\/\"},{\"@type\":\"ListItem\",\"position\":2,\"name\":\"Magazin\",\"item\":\"https:\\\/\\\/luxuryracketclub.com\\\/ro\\\/magazin\\\/\"},{\"@type\":\"ListItem\",\"position\":3,\"name\":\"Colier din argint cu mingi de tenis &#8220;Mingi de tenis&#8221;\"}]},{\"@type\":\"WebSite\",\"@id\":\"https:\\\/\\\/luxuryracketclub.com\\\/#website\",\"url\":\"https:\\\/\\\/luxuryracketclub.com\\\/\",\"name\":\"\u0420\u044a\u0447\u043d\u043e \u0438\u0437\u0440\u0430\u0431\u043e\u0442\u0435\u043d\u0438 \u0442\u0435\u043d\u0438\u0441 \u0431\u0438\u0436\u0443\u0442\u0430 \u0438 \u0430\u043a\u0441\u0435\u0441\u043e\u0430\u0440\u0438\",\"description\":\"\",\"potentialAction\":[{\"@type\":\"SearchAction\",\"target\":{\"@type\":\"EntryPoint\",\"urlTemplate\":\"https:\\\/\\\/luxuryracketclub.com\\\/?s={search_term_string}\"},\"query-input\":{\"@type\":\"PropertyValueSpecification\",\"valueRequired\":true,\"valueName\":\"search_term_string\"}}],\"inLanguage\":\"ro-RO\"}]}<\/script>\n<!-- \/ Yoast SEO plugin. -->","yoast_head_json":{"title":"Colier din argint cu mingi de tenis \"Mingi de tenis\" - \u0420\u044a\u0447\u043d\u043e \u0438\u0437\u0440\u0430\u0431\u043e\u0442\u0435\u043d\u0438 \u0442\u0435\u043d\u0438\u0441 \u0431\u0438\u0436\u0443\u0442\u0430 \u0438 \u0430\u043a\u0441\u0435\u0441\u043e\u0430\u0440\u0438","robots":{"index":"index","follow":"follow","max-snippet":"max-snippet:-1","max-image-preview":"max-image-preview:large","max-video-preview":"max-video-preview:-1"},"canonical":"https:\/\/luxuryracketclub.com\/ro\/p\/wimbledon-collection-srebarno-kolie-s-tenis-topki-tennis-balls\/","og_locale":"ro_RO","og_type":"article","og_title":"Colier din argint cu mingi de tenis \"Mingi de tenis\" - \u0420\u044a\u0447\u043d\u043e \u0438\u0437\u0440\u0430\u0431\u043e\u0442\u0435\u043d\u0438 \u0442\u0435\u043d\u0438\u0441 \u0431\u0438\u0436\u0443\u0442\u0430 \u0438 \u0430\u043a\u0441\u0435\u0441\u043e\u0430\u0440\u0438","og_description":"Exprim\u0103 spiritul victoriei cu colierul nostru din argint din colec\u021bia WIMBLEDON - inspirat de clasicele tenisului \u0219i de gra\u021bia terenului.Aceast\u0103 bijuterie rafinat\u0103 impresioneaz\u0103 cu dou\u0103 lan\u021buri \u00eempletite, fiecare dintre ele fiind decorat cu elemente aranjate secven\u021bial \u00een form\u0103 de mingi de tenis cu dungi precis lucrate - un detaliu distinctiv pentru fiecare adev\u0103rat cunosc\u0103tor de stil \u0219i sport. Asorteaz\u0103-l cu cerceii no\u0219tri elegan\u021bi din vin \u201eMingi de tenis\u201d pentru un look complet, modern \u0219i elegant de tenis. Accesoriul perfect pentru fiecare moment \u00een care vrei s\u0103 por\u021bi cu tine sentimentul Wimbledonului - pe teren \u0219i \u00een afara lui. LUXURY RACKET CLUB este art\u0103, cu aten\u021bie la fiecare detaliu.","og_url":"https:\/\/luxuryracketclub.com\/ro\/p\/wimbledon-collection-srebarno-kolie-s-tenis-topki-tennis-balls\/","og_site_name":"\u0420\u044a\u0447\u043d\u043e \u0438\u0437\u0440\u0430\u0431\u043e\u0442\u0435\u043d\u0438 \u0442\u0435\u043d\u0438\u0441 \u0431\u0438\u0436\u0443\u0442\u0430 \u0438 \u0430\u043a\u0441\u0435\u0441\u043e\u0430\u0440\u0438","article_modified_time":"2025-08-29T03:38:50+00:00","og_image":[{"width":2172,"height":2172,"url":"https:\/\/luxuryracketclub.com\/wp-content\/uploads\/2023\/07\/product.srebarno-kolie-tennis-balls-min.jpg","type":"image\/jpeg"}],"twitter_card":"summary_large_image","twitter_misc":{"Timp estimat pentru citire":"1 minut"},"schema":{"@context":"https:\/\/schema.org","@graph":[{"@type":"WebPage","@id":"https:\/\/luxuryracketclub.com\/ro\/p\/wimbledon-collection-srebarno-kolie-s-tenis-topki-tennis-balls\/","url":"https:\/\/luxuryracketclub.com\/ro\/p\/wimbledon-collection-srebarno-kolie-s-tenis-topki-tennis-balls\/","name":"Colier din argint cu mingi de tenis \"Mingi de tenis\" - \u0420\u044a\u0447\u043d\u043e \u0438\u0437\u0440\u0430\u0431\u043e\u0442\u0435\u043d\u0438 \u0442\u0435\u043d\u0438\u0441 \u0431\u0438\u0436\u0443\u0442\u0430 \u0438 \u0430\u043a\u0441\u0435\u0441\u043e\u0430\u0440\u0438","isPartOf":{"@id":"https:\/\/luxuryracketclub.com\/#website"},"primaryImageOfPage":{"@id":"https:\/\/luxuryracketclub.com\/ro\/p\/wimbledon-collection-srebarno-kolie-s-tenis-topki-tennis-balls\/#primaryimage"},"image":{"@id":"https:\/\/luxuryracketclub.com\/ro\/p\/wimbledon-collection-srebarno-kolie-s-tenis-topki-tennis-balls\/#primaryimage"},"thumbnailUrl":"https:\/\/luxuryracketclub.com\/wp-content\/uploads\/2023\/07\/product.srebarno-kolie-tennis-balls-min.jpg","datePublished":"2025-04-04T19:56:36+00:00","dateModified":"2025-08-29T03:38:50+00:00","breadcrumb":{"@id":"https:\/\/luxuryracketclub.com\/ro\/p\/wimbledon-collection-srebarno-kolie-s-tenis-topki-tennis-balls\/#breadcrumb"},"inLanguage":"ro-RO","potentialAction":[{"@type":"ReadAction","target":["https:\/\/luxuryracketclub.com\/ro\/p\/wimbledon-collection-srebarno-kolie-s-tenis-topki-tennis-balls\/"]}]},{"@type":"ImageObject","inLanguage":"ro-RO","@id":"https:\/\/luxuryracketclub.com\/ro\/p\/wimbledon-collection-srebarno-kolie-s-tenis-topki-tennis-balls\/#primaryimage","url":"https:\/\/luxuryracketclub.com\/wp-content\/uploads\/2023\/07\/product.srebarno-kolie-tennis-balls-min.jpg","contentUrl":"https:\/\/luxuryracketclub.com\/wp-content\/uploads\/2023\/07\/product.srebarno-kolie-tennis-balls-min.jpg","width":2172,"height":2172,"caption":"\u0421\u0440\u0435\u0431\u044a\u0440\u043d\u043e \u043a\u043e\u043b\u0438\u0435 \"Tennis balls\""},{"@type":"BreadcrumbList","@id":"https:\/\/luxuryracketclub.com\/ro\/p\/wimbledon-collection-srebarno-kolie-s-tenis-topki-tennis-balls\/#breadcrumb","itemListElement":[{"@type":"ListItem","position":1,"name":"\u041d\u0430\u0447\u0430\u043b\u043e","item":"https:\/\/luxuryracketclub.com\/ro\/"},{"@type":"ListItem","position":2,"name":"Magazin","item":"https:\/\/luxuryracketclub.com\/ro\/magazin\/"},{"@type":"ListItem","position":3,"name":"Colier din argint cu mingi de tenis &#8220;Mingi de tenis&#8221;"}]},{"@type":"WebSite","@id":"https:\/\/luxuryracketclub.com\/#website","url":"https:\/\/luxuryracketclub.com\/","name":"\u0420\u044a\u0447\u043d\u043e \u0438\u0437\u0440\u0430\u0431\u043e\u0442\u0435\u043d\u0438 \u0442\u0435\u043d\u0438\u0441 \u0431\u0438\u0436\u0443\u0442\u0430 \u0438 \u0430\u043a\u0441\u0435\u0441\u043e\u0430\u0440\u0438","description":"","potentialAction":[{"@type":"SearchAction","target":{"@type":"EntryPoint","urlTemplate":"https:\/\/luxuryracketclub.com\/?s={search_term_string}"},"query-input":{"@type":"PropertyValueSpecification","valueRequired":true,"valueName":"search_term_string"}}],"inLanguage":"ro-RO"}]}},"_links":{"self":[{"href":"https:\/\/luxuryracketclub.com\/ro\/wp-json\/wp\/v2\/product\/14187","targetHints":{"allow":["GET"]}}],"collection":[{"href":"https:\/\/luxuryracketclub.com\/ro\/wp-json\/wp\/v2\/product"}],"about":[{"href":"https:\/\/luxuryracketclub.com\/ro\/wp-json\/wp\/v2\/types\/product"}],"replies":[{"embeddable":true,"href":"https:\/\/luxuryracketclub.com\/ro\/wp-json\/wp\/v2\/comments?post=14187"}],"wp:featuredmedia":[{"embeddable":true,"href":"https:\/\/luxuryracketclub.com\/ro\/wp-json\/wp\/v2\/media\/14192"}],"wp:attachment":[{"href":"https:\/\/luxuryracketclub.com\/ro\/wp-json\/wp\/v2\/media?parent=14187"}],"wp:term":[{"taxonomy":"product_brand","embeddable":true,"href":"https:\/\/luxuryracketclub.com\/ro\/wp-json\/wp\/v2\/product_brand?post=14187"},{"taxonomy":"product_cat","embeddable":true,"href":"https:\/\/luxuryracketclub.com\/ro\/wp-json\/wp\/v2\/product_cat?post=14187"},{"taxonomy":"product_tag","embeddable":true,"href":"https:\/\/luxuryracketclub.com\/ro\/wp-json\/wp\/v2\/product_tag?post=14187"}],"curies":[{"name":"wp","href":"https:\/\/api.w.org\/{rel}","templated":true}]}}