{"id":14183,"date":"2025-04-04T23:00:14","date_gmt":"2025-04-04T20:00:14","guid":{"rendered":"https:\/\/luxuryracketclub.com\/p\/wimbledon-collection-srebarna-grivna-s-tenis-topki-tennis-balls\/"},"modified":"2026-03-15T16:40:17","modified_gmt":"2026-03-15T14:40:17","slug":"wimbledon-collection-srebarna-grivna-s-tenis-topki-tennis-balls","status":"publish","type":"product","link":"https:\/\/luxuryracketclub.com\/ro\/p\/wimbledon-collection-srebarna-grivna-s-tenis-topki-tennis-balls\/","title":{"rendered":"Br\u0103\u021bar\u0103 din argint cu mingi de tenis \u201eMingi de tenis\u201d"},"content":{"rendered":"","protected":false},"excerpt":{"rendered":"<p class=\"\" data-start=\"118\" data-end=\"224\">Ad\u0103uga\u021bi o not\u0103 sofisticat\u0103 de tenis aspectului dvs. cu br\u0103\u021bara \u201eWimbledon\u201d din colec\u021bia noastr\u0103 special\u0103.<\/p>\n<p class=\"\" data-start=\"226\" data-end=\"466\">Aceast\u0103 br\u0103\u021bar\u0103 unic\u0103 impresioneaz\u0103 prin elementele \u00eencrustate rafinat \u00een form\u0103 de mingi de tenis, aranjate \u00eentr-o secven\u021b\u0103 elegant\u0103. Lan\u021bul dublu ofer\u0103 stabilitate \u0219i stil, iar \u00eencuietoarea tip clip permite o plasare u\u0219oar\u0103 \u0219i sigur\u0103.<\/p>\n<p class=\"\" data-start=\"468\" data-end=\"656\">Perfect\u0103 pentru iubitorii de tenis \u0219i design modern, br\u0103\u021bara \u201eWimbledon\u201d se asorteaz\u0103 perfect cu cerceii cu \u0219urub \u201eTennis Balls\u201d din aceea\u0219i colec\u021bie &#8211; pentru un look complet, elegant, inspirat de tenis.<\/p>\n<p class=\"\" data-start=\"658\" data-end=\"729\"> Inspirat\u0103 de spiritul celui mai prestigios turneu din lume &#8211; Wimbledon.<\/p>\n<p><strong>LUXURY RACKET CLUB<\/strong> este art\u0103, cu aten\u021bie la fiecare detaliu.<\/p>\n","protected":false},"featured_media":14184,"comment_status":"open","ping_status":"closed","template":"","meta":{"_acf_changed":false,"_nectar_blocks_hide_post_title":false,"_nectar_blocks_transparent_header_effect":false,"_nectar_blocks_transparent_header_effect_color":"light","_nectar_blocks_header_animation":false,"_nectar_blocks_header_animation_delay":0,"_nectar_blocks_header_animation_effect":"fade","_nectar_blocks_page_css":"","_nectar_blocks_page_js":"","inline_featured_image":false},"product_brand":[],"product_cat":[864,861],"product_tag":[841],"class_list":{"0":"post-14183","1":"product","2":"type-product","3":"status-publish","4":"has-post-thumbnail","6":"product_cat-colectia-wimbledon","7":"product_cat-colectii","8":"product_tag-podarak-za-tenisist-ro","10":"first","11":"instock","12":"sale","13":"shipping-taxable","14":"purchasable","15":"product-type-variable"},"acf":[],"yoast_head":"<!-- This site is optimized with the Yoast SEO plugin v27.4 - https:\/\/yoast.com\/product\/yoast-seo-wordpress\/ -->\n<title>Br\u0103\u021bar\u0103 din argint cu mingi de tenis \u201eMingi de tenis\u201d - \u0420\u044a\u0447\u043d\u043e \u0438\u0437\u0440\u0430\u0431\u043e\u0442\u0435\u043d\u0438 \u0442\u0435\u043d\u0438\u0441 \u0431\u0438\u0436\u0443\u0442\u0430 \u0438 \u0430\u043a\u0441\u0435\u0441\u043e\u0430\u0440\u0438<\/title>\n<meta name=\"robots\" content=\"index, follow, max-snippet:-1, max-image-preview:large, max-video-preview:-1\" \/>\n<link rel=\"canonical\" href=\"https:\/\/luxuryracketclub.com\/ro\/p\/wimbledon-collection-srebarna-grivna-s-tenis-topki-tennis-balls\/\" \/>\n<meta property=\"og:locale\" content=\"ro_RO\" \/>\n<meta property=\"og:type\" content=\"article\" \/>\n<meta property=\"og:title\" content=\"Br\u0103\u021bar\u0103 din argint cu mingi de tenis \u201eMingi de tenis\u201d - \u0420\u044a\u0447\u043d\u043e \u0438\u0437\u0440\u0430\u0431\u043e\u0442\u0435\u043d\u0438 \u0442\u0435\u043d\u0438\u0441 \u0431\u0438\u0436\u0443\u0442\u0430 \u0438 \u0430\u043a\u0441\u0435\u0441\u043e\u0430\u0440\u0438\" \/>\n<meta property=\"og:description\" content=\"Ad\u0103uga\u021bi o not\u0103 sofisticat\u0103 de tenis aspectului dvs. cu br\u0103\u021bara \u201eWimbledon\u201d din colec\u021bia noastr\u0103 special\u0103. Aceast\u0103 br\u0103\u021bar\u0103 unic\u0103 impresioneaz\u0103 prin elementele \u00eencrustate rafinat \u00een form\u0103 de mingi de tenis, aranjate \u00eentr-o secven\u021b\u0103 elegant\u0103. Lan\u021bul dublu ofer\u0103 stabilitate \u0219i stil, iar \u00eencuietoarea tip clip permite o plasare u\u0219oar\u0103 \u0219i sigur\u0103. Perfect\u0103 pentru iubitorii de tenis \u0219i design modern, br\u0103\u021bara \u201eWimbledon\u201d se asorteaz\u0103 perfect cu cerceii cu \u0219urub \u201eTennis Balls\u201d din aceea\u0219i colec\u021bie - pentru un look complet, elegant, inspirat de tenis.  Inspirat\u0103 de spiritul celui mai prestigios turneu din lume - Wimbledon. LUXURY RACKET CLUB este art\u0103, cu aten\u021bie la fiecare detaliu.\" \/>\n<meta property=\"og:url\" content=\"https:\/\/luxuryracketclub.com\/ro\/p\/wimbledon-collection-srebarna-grivna-s-tenis-topki-tennis-balls\/\" \/>\n<meta property=\"og:site_name\" content=\"\u0420\u044a\u0447\u043d\u043e \u0438\u0437\u0440\u0430\u0431\u043e\u0442\u0435\u043d\u0438 \u0442\u0435\u043d\u0438\u0441 \u0431\u0438\u0436\u0443\u0442\u0430 \u0438 \u0430\u043a\u0441\u0435\u0441\u043e\u0430\u0440\u0438\" \/>\n<meta property=\"article:modified_time\" content=\"2026-03-15T14:40:17+00:00\" \/>\n<meta property=\"og:image\" content=\"https:\/\/luxuryracketclub.com\/wp-content\/uploads\/2023\/07\/product.srebarna-grivna-tennis-balls-min.jpg\" \/>\n\t<meta property=\"og:image:width\" content=\"2000\" \/>\n\t<meta property=\"og:image:height\" content=\"2000\" \/>\n\t<meta property=\"og:image:type\" content=\"image\/jpeg\" \/>\n<meta name=\"twitter:card\" content=\"summary_large_image\" \/>\n<meta name=\"twitter:label1\" content=\"Timp estimat pentru citire\" \/>\n\t<meta name=\"twitter:data1\" content=\"1 minut\" \/>\n<script type=\"application\/ld+json\" class=\"yoast-schema-graph\">{\"@context\":\"https:\\\/\\\/schema.org\",\"@graph\":[{\"@type\":\"WebPage\",\"@id\":\"https:\\\/\\\/luxuryracketclub.com\\\/ro\\\/p\\\/wimbledon-collection-srebarna-grivna-s-tenis-topki-tennis-balls\\\/\",\"url\":\"https:\\\/\\\/luxuryracketclub.com\\\/ro\\\/p\\\/wimbledon-collection-srebarna-grivna-s-tenis-topki-tennis-balls\\\/\",\"name\":\"Br\u0103\u021bar\u0103 din argint cu mingi de tenis \u201eMingi de tenis\u201d - \u0420\u044a\u0447\u043d\u043e \u0438\u0437\u0440\u0430\u0431\u043e\u0442\u0435\u043d\u0438 \u0442\u0435\u043d\u0438\u0441 \u0431\u0438\u0436\u0443\u0442\u0430 \u0438 \u0430\u043a\u0441\u0435\u0441\u043e\u0430\u0440\u0438\",\"isPartOf\":{\"@id\":\"https:\\\/\\\/luxuryracketclub.com\\\/#website\"},\"primaryImageOfPage\":{\"@id\":\"https:\\\/\\\/luxuryracketclub.com\\\/ro\\\/p\\\/wimbledon-collection-srebarna-grivna-s-tenis-topki-tennis-balls\\\/#primaryimage\"},\"image\":{\"@id\":\"https:\\\/\\\/luxuryracketclub.com\\\/ro\\\/p\\\/wimbledon-collection-srebarna-grivna-s-tenis-topki-tennis-balls\\\/#primaryimage\"},\"thumbnailUrl\":\"https:\\\/\\\/luxuryracketclub.com\\\/wp-content\\\/uploads\\\/2023\\\/07\\\/product.srebarna-grivna-tennis-balls-min.jpg\",\"datePublished\":\"2025-04-04T20:00:14+00:00\",\"dateModified\":\"2026-03-15T14:40:17+00:00\",\"breadcrumb\":{\"@id\":\"https:\\\/\\\/luxuryracketclub.com\\\/ro\\\/p\\\/wimbledon-collection-srebarna-grivna-s-tenis-topki-tennis-balls\\\/#breadcrumb\"},\"inLanguage\":\"ro-RO\",\"potentialAction\":[{\"@type\":\"ReadAction\",\"target\":[\"https:\\\/\\\/luxuryracketclub.com\\\/ro\\\/p\\\/wimbledon-collection-srebarna-grivna-s-tenis-topki-tennis-balls\\\/\"]}]},{\"@type\":\"ImageObject\",\"inLanguage\":\"ro-RO\",\"@id\":\"https:\\\/\\\/luxuryracketclub.com\\\/ro\\\/p\\\/wimbledon-collection-srebarna-grivna-s-tenis-topki-tennis-balls\\\/#primaryimage\",\"url\":\"https:\\\/\\\/luxuryracketclub.com\\\/wp-content\\\/uploads\\\/2023\\\/07\\\/product.srebarna-grivna-tennis-balls-min.jpg\",\"contentUrl\":\"https:\\\/\\\/luxuryracketclub.com\\\/wp-content\\\/uploads\\\/2023\\\/07\\\/product.srebarna-grivna-tennis-balls-min.jpg\",\"width\":2000,\"height\":2000,\"caption\":\"\u0421\u0440\u0435\u0431\u044a\u0440\u043d\u0430 \u0433\u0440\u0438\u0432\u043d\u0430 \\\"Tennis balls\\\"\"},{\"@type\":\"BreadcrumbList\",\"@id\":\"https:\\\/\\\/luxuryracketclub.com\\\/ro\\\/p\\\/wimbledon-collection-srebarna-grivna-s-tenis-topki-tennis-balls\\\/#breadcrumb\",\"itemListElement\":[{\"@type\":\"ListItem\",\"position\":1,\"name\":\"\u041d\u0430\u0447\u0430\u043b\u043e\",\"item\":\"https:\\\/\\\/luxuryracketclub.com\\\/ro\\\/\"},{\"@type\":\"ListItem\",\"position\":2,\"name\":\"Magazin\",\"item\":\"https:\\\/\\\/luxuryracketclub.com\\\/ro\\\/magazin\\\/\"},{\"@type\":\"ListItem\",\"position\":3,\"name\":\"Br\u0103\u021bar\u0103 din argint cu mingi de tenis \u201eMingi de tenis\u201d\"}]},{\"@type\":\"WebSite\",\"@id\":\"https:\\\/\\\/luxuryracketclub.com\\\/#website\",\"url\":\"https:\\\/\\\/luxuryracketclub.com\\\/\",\"name\":\"\u0420\u044a\u0447\u043d\u043e \u0438\u0437\u0440\u0430\u0431\u043e\u0442\u0435\u043d\u0438 \u0442\u0435\u043d\u0438\u0441 \u0431\u0438\u0436\u0443\u0442\u0430 \u0438 \u0430\u043a\u0441\u0435\u0441\u043e\u0430\u0440\u0438\",\"description\":\"\",\"potentialAction\":[{\"@type\":\"SearchAction\",\"target\":{\"@type\":\"EntryPoint\",\"urlTemplate\":\"https:\\\/\\\/luxuryracketclub.com\\\/?s={search_term_string}\"},\"query-input\":{\"@type\":\"PropertyValueSpecification\",\"valueRequired\":true,\"valueName\":\"search_term_string\"}}],\"inLanguage\":\"ro-RO\"}]}<\/script>\n<!-- \/ Yoast SEO plugin. -->","yoast_head_json":{"title":"Br\u0103\u021bar\u0103 din argint cu mingi de tenis \u201eMingi de tenis\u201d - \u0420\u044a\u0447\u043d\u043e \u0438\u0437\u0440\u0430\u0431\u043e\u0442\u0435\u043d\u0438 \u0442\u0435\u043d\u0438\u0441 \u0431\u0438\u0436\u0443\u0442\u0430 \u0438 \u0430\u043a\u0441\u0435\u0441\u043e\u0430\u0440\u0438","robots":{"index":"index","follow":"follow","max-snippet":"max-snippet:-1","max-image-preview":"max-image-preview:large","max-video-preview":"max-video-preview:-1"},"canonical":"https:\/\/luxuryracketclub.com\/ro\/p\/wimbledon-collection-srebarna-grivna-s-tenis-topki-tennis-balls\/","og_locale":"ro_RO","og_type":"article","og_title":"Br\u0103\u021bar\u0103 din argint cu mingi de tenis \u201eMingi de tenis\u201d - \u0420\u044a\u0447\u043d\u043e \u0438\u0437\u0440\u0430\u0431\u043e\u0442\u0435\u043d\u0438 \u0442\u0435\u043d\u0438\u0441 \u0431\u0438\u0436\u0443\u0442\u0430 \u0438 \u0430\u043a\u0441\u0435\u0441\u043e\u0430\u0440\u0438","og_description":"Ad\u0103uga\u021bi o not\u0103 sofisticat\u0103 de tenis aspectului dvs. cu br\u0103\u021bara \u201eWimbledon\u201d din colec\u021bia noastr\u0103 special\u0103. Aceast\u0103 br\u0103\u021bar\u0103 unic\u0103 impresioneaz\u0103 prin elementele \u00eencrustate rafinat \u00een form\u0103 de mingi de tenis, aranjate \u00eentr-o secven\u021b\u0103 elegant\u0103. Lan\u021bul dublu ofer\u0103 stabilitate \u0219i stil, iar \u00eencuietoarea tip clip permite o plasare u\u0219oar\u0103 \u0219i sigur\u0103. Perfect\u0103 pentru iubitorii de tenis \u0219i design modern, br\u0103\u021bara \u201eWimbledon\u201d se asorteaz\u0103 perfect cu cerceii cu \u0219urub \u201eTennis Balls\u201d din aceea\u0219i colec\u021bie - pentru un look complet, elegant, inspirat de tenis.  Inspirat\u0103 de spiritul celui mai prestigios turneu din lume - Wimbledon. LUXURY RACKET CLUB este art\u0103, cu aten\u021bie la fiecare detaliu.","og_url":"https:\/\/luxuryracketclub.com\/ro\/p\/wimbledon-collection-srebarna-grivna-s-tenis-topki-tennis-balls\/","og_site_name":"\u0420\u044a\u0447\u043d\u043e \u0438\u0437\u0440\u0430\u0431\u043e\u0442\u0435\u043d\u0438 \u0442\u0435\u043d\u0438\u0441 \u0431\u0438\u0436\u0443\u0442\u0430 \u0438 \u0430\u043a\u0441\u0435\u0441\u043e\u0430\u0440\u0438","article_modified_time":"2026-03-15T14:40:17+00:00","og_image":[{"width":2000,"height":2000,"url":"https:\/\/luxuryracketclub.com\/wp-content\/uploads\/2023\/07\/product.srebarna-grivna-tennis-balls-min.jpg","type":"image\/jpeg"}],"twitter_card":"summary_large_image","twitter_misc":{"Timp estimat pentru citire":"1 minut"},"schema":{"@context":"https:\/\/schema.org","@graph":[{"@type":"WebPage","@id":"https:\/\/luxuryracketclub.com\/ro\/p\/wimbledon-collection-srebarna-grivna-s-tenis-topki-tennis-balls\/","url":"https:\/\/luxuryracketclub.com\/ro\/p\/wimbledon-collection-srebarna-grivna-s-tenis-topki-tennis-balls\/","name":"Br\u0103\u021bar\u0103 din argint cu mingi de tenis \u201eMingi de tenis\u201d - \u0420\u044a\u0447\u043d\u043e \u0438\u0437\u0440\u0430\u0431\u043e\u0442\u0435\u043d\u0438 \u0442\u0435\u043d\u0438\u0441 \u0431\u0438\u0436\u0443\u0442\u0430 \u0438 \u0430\u043a\u0441\u0435\u0441\u043e\u0430\u0440\u0438","isPartOf":{"@id":"https:\/\/luxuryracketclub.com\/#website"},"primaryImageOfPage":{"@id":"https:\/\/luxuryracketclub.com\/ro\/p\/wimbledon-collection-srebarna-grivna-s-tenis-topki-tennis-balls\/#primaryimage"},"image":{"@id":"https:\/\/luxuryracketclub.com\/ro\/p\/wimbledon-collection-srebarna-grivna-s-tenis-topki-tennis-balls\/#primaryimage"},"thumbnailUrl":"https:\/\/luxuryracketclub.com\/wp-content\/uploads\/2023\/07\/product.srebarna-grivna-tennis-balls-min.jpg","datePublished":"2025-04-04T20:00:14+00:00","dateModified":"2026-03-15T14:40:17+00:00","breadcrumb":{"@id":"https:\/\/luxuryracketclub.com\/ro\/p\/wimbledon-collection-srebarna-grivna-s-tenis-topki-tennis-balls\/#breadcrumb"},"inLanguage":"ro-RO","potentialAction":[{"@type":"ReadAction","target":["https:\/\/luxuryracketclub.com\/ro\/p\/wimbledon-collection-srebarna-grivna-s-tenis-topki-tennis-balls\/"]}]},{"@type":"ImageObject","inLanguage":"ro-RO","@id":"https:\/\/luxuryracketclub.com\/ro\/p\/wimbledon-collection-srebarna-grivna-s-tenis-topki-tennis-balls\/#primaryimage","url":"https:\/\/luxuryracketclub.com\/wp-content\/uploads\/2023\/07\/product.srebarna-grivna-tennis-balls-min.jpg","contentUrl":"https:\/\/luxuryracketclub.com\/wp-content\/uploads\/2023\/07\/product.srebarna-grivna-tennis-balls-min.jpg","width":2000,"height":2000,"caption":"\u0421\u0440\u0435\u0431\u044a\u0440\u043d\u0430 \u0433\u0440\u0438\u0432\u043d\u0430 \"Tennis balls\""},{"@type":"BreadcrumbList","@id":"https:\/\/luxuryracketclub.com\/ro\/p\/wimbledon-collection-srebarna-grivna-s-tenis-topki-tennis-balls\/#breadcrumb","itemListElement":[{"@type":"ListItem","position":1,"name":"\u041d\u0430\u0447\u0430\u043b\u043e","item":"https:\/\/luxuryracketclub.com\/ro\/"},{"@type":"ListItem","position":2,"name":"Magazin","item":"https:\/\/luxuryracketclub.com\/ro\/magazin\/"},{"@type":"ListItem","position":3,"name":"Br\u0103\u021bar\u0103 din argint cu mingi de tenis \u201eMingi de tenis\u201d"}]},{"@type":"WebSite","@id":"https:\/\/luxuryracketclub.com\/#website","url":"https:\/\/luxuryracketclub.com\/","name":"\u0420\u044a\u0447\u043d\u043e \u0438\u0437\u0440\u0430\u0431\u043e\u0442\u0435\u043d\u0438 \u0442\u0435\u043d\u0438\u0441 \u0431\u0438\u0436\u0443\u0442\u0430 \u0438 \u0430\u043a\u0441\u0435\u0441\u043e\u0430\u0440\u0438","description":"","potentialAction":[{"@type":"SearchAction","target":{"@type":"EntryPoint","urlTemplate":"https:\/\/luxuryracketclub.com\/?s={search_term_string}"},"query-input":{"@type":"PropertyValueSpecification","valueRequired":true,"valueName":"search_term_string"}}],"inLanguage":"ro-RO"}]}},"_links":{"self":[{"href":"https:\/\/luxuryracketclub.com\/ro\/wp-json\/wp\/v2\/product\/14183","targetHints":{"allow":["GET"]}}],"collection":[{"href":"https:\/\/luxuryracketclub.com\/ro\/wp-json\/wp\/v2\/product"}],"about":[{"href":"https:\/\/luxuryracketclub.com\/ro\/wp-json\/wp\/v2\/types\/product"}],"replies":[{"embeddable":true,"href":"https:\/\/luxuryracketclub.com\/ro\/wp-json\/wp\/v2\/comments?post=14183"}],"wp:featuredmedia":[{"embeddable":true,"href":"https:\/\/luxuryracketclub.com\/ro\/wp-json\/wp\/v2\/media\/14184"}],"wp:attachment":[{"href":"https:\/\/luxuryracketclub.com\/ro\/wp-json\/wp\/v2\/media?parent=14183"}],"wp:term":[{"taxonomy":"product_brand","embeddable":true,"href":"https:\/\/luxuryracketclub.com\/ro\/wp-json\/wp\/v2\/product_brand?post=14183"},{"taxonomy":"product_cat","embeddable":true,"href":"https:\/\/luxuryracketclub.com\/ro\/wp-json\/wp\/v2\/product_cat?post=14183"},{"taxonomy":"product_tag","embeddable":true,"href":"https:\/\/luxuryracketclub.com\/ro\/wp-json\/wp\/v2\/product_tag?post=14183"}],"curies":[{"name":"wp","href":"https:\/\/api.w.org\/{rel}","templated":true}]}}