{"id":14046,"date":"2025-04-04T23:10:01","date_gmt":"2025-04-04T20:10:01","guid":{"rendered":"https:\/\/luxuryracketclub.com\/p\/wimbledon-collection-zlatna-grivna-s-tenis-raketa-kiss-my-ace\/"},"modified":"2025-08-29T06:31:36","modified_gmt":"2025-08-29T03:31:36","slug":"wimbledon-collection-zlatna-grivna-s-tenis-raketa-kiss-my-ace","status":"publish","type":"product","link":"https:\/\/luxuryracketclub.com\/ro\/p\/wimbledon-collection-zlatna-grivna-s-tenis-raketa-kiss-my-ace\/","title":{"rendered":"Br\u0103\u021bar\u0103 de aur cu rachet\u0103 de tenis \u201eKiss my ACE\u201d"},"content":{"rendered":"","protected":false},"excerpt":{"rendered":"<p>P\u0103streaz\u0103-\u021bi pasiunea pentru tenis aproape de inim\u0103 cu aceast\u0103 br\u0103\u021bar\u0103 elegant\u0103 din colec\u021bia WIMBLEDON. Realizat\u0103 manual din aur galben de 14k, br\u0103\u021bara combin\u0103 stilul rafinat cu spiritul sportiv.<\/p>\n<p>Un design rafinat cu o rachet\u0103 de tenis \u00een form\u0103 de inim\u0103 \u0219i un \u0219nur ajurat, completat de o delicat\u0103 minge de tenis &#8211; tot din aur de 14k.<\/p>\n<p>Inspirat\u0103 de cel mai prestigios turneu de tenis, aceast\u0103 br\u0103\u021bar\u0103 este simbolul perfect al iubirii pentru acest sport. Pentru c\u0103 pe teren, \u201edragostea\u201d poate fi zero, dar \u00een afara lui, \u00eenseamn\u0103 totul.<\/p>\n<p>Ideal\u0103 ca \u0219i cadou sau ca bijuterie personal\u0103 pentru orice pasionat de tenis.<br \/>\nLUXURY RACKET CLUB este art\u0103, cu aten\u021bie la fiecare detaliu.<\/p>\n","protected":false},"featured_media":14048,"comment_status":"open","ping_status":"closed","template":"","meta":{"_acf_changed":false,"_nectar_blocks_hide_post_title":false,"_nectar_blocks_transparent_header_effect":false,"_nectar_blocks_transparent_header_effect_color":"light","_nectar_blocks_header_animation":false,"_nectar_blocks_header_animation_delay":0,"_nectar_blocks_header_animation_effect":"fade","_nectar_blocks_page_css":"","_nectar_blocks_page_js":"","inline_featured_image":false},"product_brand":[],"product_cat":[864],"product_tag":[841],"class_list":{"0":"post-14046","1":"product","2":"type-product","3":"status-publish","4":"has-post-thumbnail","6":"product_cat-colectia-wimbledon","7":"product_tag-podarak-za-tenisist-ro","9":"first","10":"instock","11":"shipping-taxable","12":"purchasable","13":"product-type-variable"},"acf":[],"yoast_head":"<!-- This site is optimized with the Yoast SEO plugin v27.4 - https:\/\/yoast.com\/product\/yoast-seo-wordpress\/ -->\n<title>Br\u0103\u021bar\u0103 de aur cu rachet\u0103 de tenis \u201eKiss my ACE\u201d - \u0420\u044a\u0447\u043d\u043e \u0438\u0437\u0440\u0430\u0431\u043e\u0442\u0435\u043d\u0438 \u0442\u0435\u043d\u0438\u0441 \u0431\u0438\u0436\u0443\u0442\u0430 \u0438 \u0430\u043a\u0441\u0435\u0441\u043e\u0430\u0440\u0438<\/title>\n<meta name=\"robots\" content=\"index, follow, max-snippet:-1, max-image-preview:large, max-video-preview:-1\" \/>\n<link rel=\"canonical\" href=\"https:\/\/luxuryracketclub.com\/ro\/p\/wimbledon-collection-zlatna-grivna-s-tenis-raketa-kiss-my-ace\/\" \/>\n<meta property=\"og:locale\" content=\"ro_RO\" \/>\n<meta property=\"og:type\" content=\"article\" \/>\n<meta property=\"og:title\" content=\"Br\u0103\u021bar\u0103 de aur cu rachet\u0103 de tenis \u201eKiss my ACE\u201d - \u0420\u044a\u0447\u043d\u043e \u0438\u0437\u0440\u0430\u0431\u043e\u0442\u0435\u043d\u0438 \u0442\u0435\u043d\u0438\u0441 \u0431\u0438\u0436\u0443\u0442\u0430 \u0438 \u0430\u043a\u0441\u0435\u0441\u043e\u0430\u0440\u0438\" \/>\n<meta property=\"og:description\" content=\"P\u0103streaz\u0103-\u021bi pasiunea pentru tenis aproape de inim\u0103 cu aceast\u0103 br\u0103\u021bar\u0103 elegant\u0103 din colec\u021bia WIMBLEDON. Realizat\u0103 manual din aur galben de 14k, br\u0103\u021bara combin\u0103 stilul rafinat cu spiritul sportiv.  Un design rafinat cu o rachet\u0103 de tenis \u00een form\u0103 de inim\u0103 \u0219i un \u0219nur ajurat, completat de o delicat\u0103 minge de tenis - tot din aur de 14k.  Inspirat\u0103 de cel mai prestigios turneu de tenis, aceast\u0103 br\u0103\u021bar\u0103 este simbolul perfect al iubirii pentru acest sport. Pentru c\u0103 pe teren, \u201edragostea\u201d poate fi zero, dar \u00een afara lui, \u00eenseamn\u0103 totul.  Ideal\u0103 ca \u0219i cadou sau ca bijuterie personal\u0103 pentru orice pasionat de tenis. LUXURY RACKET CLUB este art\u0103, cu aten\u021bie la fiecare detaliu.\" \/>\n<meta property=\"og:url\" content=\"https:\/\/luxuryracketclub.com\/ro\/p\/wimbledon-collection-zlatna-grivna-s-tenis-raketa-kiss-my-ace\/\" \/>\n<meta property=\"og:site_name\" content=\"\u0420\u044a\u0447\u043d\u043e \u0438\u0437\u0440\u0430\u0431\u043e\u0442\u0435\u043d\u0438 \u0442\u0435\u043d\u0438\u0441 \u0431\u0438\u0436\u0443\u0442\u0430 \u0438 \u0430\u043a\u0441\u0435\u0441\u043e\u0430\u0440\u0438\" \/>\n<meta property=\"article:modified_time\" content=\"2025-08-29T03:31:36+00:00\" \/>\n<meta property=\"og:image\" content=\"https:\/\/luxuryracketclub.com\/wp-content\/uploads\/2023\/07\/product.zlatna-grivna-kiss-my-ace-min.jpg\" \/>\n\t<meta property=\"og:image:width\" content=\"2000\" \/>\n\t<meta property=\"og:image:height\" content=\"2000\" \/>\n\t<meta property=\"og:image:type\" content=\"image\/jpeg\" \/>\n<meta name=\"twitter:card\" content=\"summary_large_image\" \/>\n<meta name=\"twitter:label1\" content=\"Timp estimat pentru citire\" \/>\n\t<meta name=\"twitter:data1\" content=\"1 minut\" \/>\n<script type=\"application\/ld+json\" class=\"yoast-schema-graph\">{\"@context\":\"https:\\\/\\\/schema.org\",\"@graph\":[{\"@type\":\"WebPage\",\"@id\":\"https:\\\/\\\/luxuryracketclub.com\\\/ro\\\/p\\\/wimbledon-collection-zlatna-grivna-s-tenis-raketa-kiss-my-ace\\\/\",\"url\":\"https:\\\/\\\/luxuryracketclub.com\\\/ro\\\/p\\\/wimbledon-collection-zlatna-grivna-s-tenis-raketa-kiss-my-ace\\\/\",\"name\":\"Br\u0103\u021bar\u0103 de aur cu rachet\u0103 de tenis \u201eKiss my ACE\u201d - \u0420\u044a\u0447\u043d\u043e \u0438\u0437\u0440\u0430\u0431\u043e\u0442\u0435\u043d\u0438 \u0442\u0435\u043d\u0438\u0441 \u0431\u0438\u0436\u0443\u0442\u0430 \u0438 \u0430\u043a\u0441\u0435\u0441\u043e\u0430\u0440\u0438\",\"isPartOf\":{\"@id\":\"https:\\\/\\\/luxuryracketclub.com\\\/#website\"},\"primaryImageOfPage\":{\"@id\":\"https:\\\/\\\/luxuryracketclub.com\\\/ro\\\/p\\\/wimbledon-collection-zlatna-grivna-s-tenis-raketa-kiss-my-ace\\\/#primaryimage\"},\"image\":{\"@id\":\"https:\\\/\\\/luxuryracketclub.com\\\/ro\\\/p\\\/wimbledon-collection-zlatna-grivna-s-tenis-raketa-kiss-my-ace\\\/#primaryimage\"},\"thumbnailUrl\":\"https:\\\/\\\/luxuryracketclub.com\\\/wp-content\\\/uploads\\\/2023\\\/07\\\/product.zlatna-grivna-kiss-my-ace-min.jpg\",\"datePublished\":\"2025-04-04T20:10:01+00:00\",\"dateModified\":\"2025-08-29T03:31:36+00:00\",\"breadcrumb\":{\"@id\":\"https:\\\/\\\/luxuryracketclub.com\\\/ro\\\/p\\\/wimbledon-collection-zlatna-grivna-s-tenis-raketa-kiss-my-ace\\\/#breadcrumb\"},\"inLanguage\":\"ro-RO\",\"potentialAction\":[{\"@type\":\"ReadAction\",\"target\":[\"https:\\\/\\\/luxuryracketclub.com\\\/ro\\\/p\\\/wimbledon-collection-zlatna-grivna-s-tenis-raketa-kiss-my-ace\\\/\"]}]},{\"@type\":\"ImageObject\",\"inLanguage\":\"ro-RO\",\"@id\":\"https:\\\/\\\/luxuryracketclub.com\\\/ro\\\/p\\\/wimbledon-collection-zlatna-grivna-s-tenis-raketa-kiss-my-ace\\\/#primaryimage\",\"url\":\"https:\\\/\\\/luxuryracketclub.com\\\/wp-content\\\/uploads\\\/2023\\\/07\\\/product.zlatna-grivna-kiss-my-ace-min.jpg\",\"contentUrl\":\"https:\\\/\\\/luxuryracketclub.com\\\/wp-content\\\/uploads\\\/2023\\\/07\\\/product.zlatna-grivna-kiss-my-ace-min.jpg\",\"width\":2000,\"height\":2000,\"caption\":\"\u0417\u043b\u0430\u0442\u043d\u0430 \u0433\u0440\u0438\u0432\u043d\u0430 \\\"Kiss my ACE\\\"\"},{\"@type\":\"BreadcrumbList\",\"@id\":\"https:\\\/\\\/luxuryracketclub.com\\\/ro\\\/p\\\/wimbledon-collection-zlatna-grivna-s-tenis-raketa-kiss-my-ace\\\/#breadcrumb\",\"itemListElement\":[{\"@type\":\"ListItem\",\"position\":1,\"name\":\"\u041d\u0430\u0447\u0430\u043b\u043e\",\"item\":\"https:\\\/\\\/luxuryracketclub.com\\\/ro\\\/\"},{\"@type\":\"ListItem\",\"position\":2,\"name\":\"Magazin\",\"item\":\"https:\\\/\\\/luxuryracketclub.com\\\/ro\\\/magazin\\\/\"},{\"@type\":\"ListItem\",\"position\":3,\"name\":\"Br\u0103\u021bar\u0103 de aur cu rachet\u0103 de tenis \u201eKiss my ACE\u201d\"}]},{\"@type\":\"WebSite\",\"@id\":\"https:\\\/\\\/luxuryracketclub.com\\\/#website\",\"url\":\"https:\\\/\\\/luxuryracketclub.com\\\/\",\"name\":\"\u0420\u044a\u0447\u043d\u043e \u0438\u0437\u0440\u0430\u0431\u043e\u0442\u0435\u043d\u0438 \u0442\u0435\u043d\u0438\u0441 \u0431\u0438\u0436\u0443\u0442\u0430 \u0438 \u0430\u043a\u0441\u0435\u0441\u043e\u0430\u0440\u0438\",\"description\":\"\",\"potentialAction\":[{\"@type\":\"SearchAction\",\"target\":{\"@type\":\"EntryPoint\",\"urlTemplate\":\"https:\\\/\\\/luxuryracketclub.com\\\/?s={search_term_string}\"},\"query-input\":{\"@type\":\"PropertyValueSpecification\",\"valueRequired\":true,\"valueName\":\"search_term_string\"}}],\"inLanguage\":\"ro-RO\"}]}<\/script>\n<!-- \/ Yoast SEO plugin. -->","yoast_head_json":{"title":"Br\u0103\u021bar\u0103 de aur cu rachet\u0103 de tenis \u201eKiss my ACE\u201d - \u0420\u044a\u0447\u043d\u043e \u0438\u0437\u0440\u0430\u0431\u043e\u0442\u0435\u043d\u0438 \u0442\u0435\u043d\u0438\u0441 \u0431\u0438\u0436\u0443\u0442\u0430 \u0438 \u0430\u043a\u0441\u0435\u0441\u043e\u0430\u0440\u0438","robots":{"index":"index","follow":"follow","max-snippet":"max-snippet:-1","max-image-preview":"max-image-preview:large","max-video-preview":"max-video-preview:-1"},"canonical":"https:\/\/luxuryracketclub.com\/ro\/p\/wimbledon-collection-zlatna-grivna-s-tenis-raketa-kiss-my-ace\/","og_locale":"ro_RO","og_type":"article","og_title":"Br\u0103\u021bar\u0103 de aur cu rachet\u0103 de tenis \u201eKiss my ACE\u201d - \u0420\u044a\u0447\u043d\u043e \u0438\u0437\u0440\u0430\u0431\u043e\u0442\u0435\u043d\u0438 \u0442\u0435\u043d\u0438\u0441 \u0431\u0438\u0436\u0443\u0442\u0430 \u0438 \u0430\u043a\u0441\u0435\u0441\u043e\u0430\u0440\u0438","og_description":"P\u0103streaz\u0103-\u021bi pasiunea pentru tenis aproape de inim\u0103 cu aceast\u0103 br\u0103\u021bar\u0103 elegant\u0103 din colec\u021bia WIMBLEDON. Realizat\u0103 manual din aur galben de 14k, br\u0103\u021bara combin\u0103 stilul rafinat cu spiritul sportiv.  Un design rafinat cu o rachet\u0103 de tenis \u00een form\u0103 de inim\u0103 \u0219i un \u0219nur ajurat, completat de o delicat\u0103 minge de tenis - tot din aur de 14k.  Inspirat\u0103 de cel mai prestigios turneu de tenis, aceast\u0103 br\u0103\u021bar\u0103 este simbolul perfect al iubirii pentru acest sport. Pentru c\u0103 pe teren, \u201edragostea\u201d poate fi zero, dar \u00een afara lui, \u00eenseamn\u0103 totul.  Ideal\u0103 ca \u0219i cadou sau ca bijuterie personal\u0103 pentru orice pasionat de tenis. LUXURY RACKET CLUB este art\u0103, cu aten\u021bie la fiecare detaliu.","og_url":"https:\/\/luxuryracketclub.com\/ro\/p\/wimbledon-collection-zlatna-grivna-s-tenis-raketa-kiss-my-ace\/","og_site_name":"\u0420\u044a\u0447\u043d\u043e \u0438\u0437\u0440\u0430\u0431\u043e\u0442\u0435\u043d\u0438 \u0442\u0435\u043d\u0438\u0441 \u0431\u0438\u0436\u0443\u0442\u0430 \u0438 \u0430\u043a\u0441\u0435\u0441\u043e\u0430\u0440\u0438","article_modified_time":"2025-08-29T03:31:36+00:00","og_image":[{"width":2000,"height":2000,"url":"https:\/\/luxuryracketclub.com\/wp-content\/uploads\/2023\/07\/product.zlatna-grivna-kiss-my-ace-min.jpg","type":"image\/jpeg"}],"twitter_card":"summary_large_image","twitter_misc":{"Timp estimat pentru citire":"1 minut"},"schema":{"@context":"https:\/\/schema.org","@graph":[{"@type":"WebPage","@id":"https:\/\/luxuryracketclub.com\/ro\/p\/wimbledon-collection-zlatna-grivna-s-tenis-raketa-kiss-my-ace\/","url":"https:\/\/luxuryracketclub.com\/ro\/p\/wimbledon-collection-zlatna-grivna-s-tenis-raketa-kiss-my-ace\/","name":"Br\u0103\u021bar\u0103 de aur cu rachet\u0103 de tenis \u201eKiss my ACE\u201d - \u0420\u044a\u0447\u043d\u043e \u0438\u0437\u0440\u0430\u0431\u043e\u0442\u0435\u043d\u0438 \u0442\u0435\u043d\u0438\u0441 \u0431\u0438\u0436\u0443\u0442\u0430 \u0438 \u0430\u043a\u0441\u0435\u0441\u043e\u0430\u0440\u0438","isPartOf":{"@id":"https:\/\/luxuryracketclub.com\/#website"},"primaryImageOfPage":{"@id":"https:\/\/luxuryracketclub.com\/ro\/p\/wimbledon-collection-zlatna-grivna-s-tenis-raketa-kiss-my-ace\/#primaryimage"},"image":{"@id":"https:\/\/luxuryracketclub.com\/ro\/p\/wimbledon-collection-zlatna-grivna-s-tenis-raketa-kiss-my-ace\/#primaryimage"},"thumbnailUrl":"https:\/\/luxuryracketclub.com\/wp-content\/uploads\/2023\/07\/product.zlatna-grivna-kiss-my-ace-min.jpg","datePublished":"2025-04-04T20:10:01+00:00","dateModified":"2025-08-29T03:31:36+00:00","breadcrumb":{"@id":"https:\/\/luxuryracketclub.com\/ro\/p\/wimbledon-collection-zlatna-grivna-s-tenis-raketa-kiss-my-ace\/#breadcrumb"},"inLanguage":"ro-RO","potentialAction":[{"@type":"ReadAction","target":["https:\/\/luxuryracketclub.com\/ro\/p\/wimbledon-collection-zlatna-grivna-s-tenis-raketa-kiss-my-ace\/"]}]},{"@type":"ImageObject","inLanguage":"ro-RO","@id":"https:\/\/luxuryracketclub.com\/ro\/p\/wimbledon-collection-zlatna-grivna-s-tenis-raketa-kiss-my-ace\/#primaryimage","url":"https:\/\/luxuryracketclub.com\/wp-content\/uploads\/2023\/07\/product.zlatna-grivna-kiss-my-ace-min.jpg","contentUrl":"https:\/\/luxuryracketclub.com\/wp-content\/uploads\/2023\/07\/product.zlatna-grivna-kiss-my-ace-min.jpg","width":2000,"height":2000,"caption":"\u0417\u043b\u0430\u0442\u043d\u0430 \u0433\u0440\u0438\u0432\u043d\u0430 \"Kiss my ACE\""},{"@type":"BreadcrumbList","@id":"https:\/\/luxuryracketclub.com\/ro\/p\/wimbledon-collection-zlatna-grivna-s-tenis-raketa-kiss-my-ace\/#breadcrumb","itemListElement":[{"@type":"ListItem","position":1,"name":"\u041d\u0430\u0447\u0430\u043b\u043e","item":"https:\/\/luxuryracketclub.com\/ro\/"},{"@type":"ListItem","position":2,"name":"Magazin","item":"https:\/\/luxuryracketclub.com\/ro\/magazin\/"},{"@type":"ListItem","position":3,"name":"Br\u0103\u021bar\u0103 de aur cu rachet\u0103 de tenis \u201eKiss my ACE\u201d"}]},{"@type":"WebSite","@id":"https:\/\/luxuryracketclub.com\/#website","url":"https:\/\/luxuryracketclub.com\/","name":"\u0420\u044a\u0447\u043d\u043e \u0438\u0437\u0440\u0430\u0431\u043e\u0442\u0435\u043d\u0438 \u0442\u0435\u043d\u0438\u0441 \u0431\u0438\u0436\u0443\u0442\u0430 \u0438 \u0430\u043a\u0441\u0435\u0441\u043e\u0430\u0440\u0438","description":"","potentialAction":[{"@type":"SearchAction","target":{"@type":"EntryPoint","urlTemplate":"https:\/\/luxuryracketclub.com\/?s={search_term_string}"},"query-input":{"@type":"PropertyValueSpecification","valueRequired":true,"valueName":"search_term_string"}}],"inLanguage":"ro-RO"}]}},"_links":{"self":[{"href":"https:\/\/luxuryracketclub.com\/ro\/wp-json\/wp\/v2\/product\/14046","targetHints":{"allow":["GET"]}}],"collection":[{"href":"https:\/\/luxuryracketclub.com\/ro\/wp-json\/wp\/v2\/product"}],"about":[{"href":"https:\/\/luxuryracketclub.com\/ro\/wp-json\/wp\/v2\/types\/product"}],"replies":[{"embeddable":true,"href":"https:\/\/luxuryracketclub.com\/ro\/wp-json\/wp\/v2\/comments?post=14046"}],"wp:featuredmedia":[{"embeddable":true,"href":"https:\/\/luxuryracketclub.com\/ro\/wp-json\/wp\/v2\/media\/14048"}],"wp:attachment":[{"href":"https:\/\/luxuryracketclub.com\/ro\/wp-json\/wp\/v2\/media?parent=14046"}],"wp:term":[{"taxonomy":"product_brand","embeddable":true,"href":"https:\/\/luxuryracketclub.com\/ro\/wp-json\/wp\/v2\/product_brand?post=14046"},{"taxonomy":"product_cat","embeddable":true,"href":"https:\/\/luxuryracketclub.com\/ro\/wp-json\/wp\/v2\/product_cat?post=14046"},{"taxonomy":"product_tag","embeddable":true,"href":"https:\/\/luxuryracketclub.com\/ro\/wp-json\/wp\/v2\/product_tag?post=14046"}],"curies":[{"name":"wp","href":"https:\/\/api.w.org\/{rel}","templated":true}]}}