{"id":14043,"date":"2025-04-04T23:36:04","date_gmt":"2025-04-04T20:36:04","guid":{"rendered":"https:\/\/luxuryracketclub.com\/p\/us-open-srebaren-talisman-vav-formata-na-medal-live-your-dream\/"},"modified":"2025-08-29T06:30:54","modified_gmt":"2025-08-29T03:30:54","slug":"us-open-srebaren-talisman-vav-formata-na-medal-live-your-dream","status":"publish","type":"product","link":"https:\/\/luxuryracketclub.com\/ro\/p\/us-open-srebaren-talisman-vav-formata-na-medal-live-your-dream\/","title":{"rendered":"Talisman de argint \u00een form\u0103 de medalie \u201eTr\u0103ie\u0219te-\u021bi visul\u201d"},"content":{"rendered":"","protected":false},"excerpt":{"rendered":"<p>Medalia Talisman Luxury Racket Club US Open este un simbol al inspira\u021biei, rezisten\u021bei \u0219i stilului. Fabricat\u0103 din argint sterlin 925 de \u00eenalt\u0103 calitate, poart\u0103 un mesaj care va r\u0103m\u00e2ne cu tine pentru totdeauna &#8211; \u201eTr\u0103ie\u0219te-\u021bi visul\u201d, gravat pe fa\u021b\u0103 pentru a-\u021bi aminti c\u0103 visele sunt primul pas c\u0103tre succes.<\/p>\n<p>Fiecare detaliu este atent lucrat pentru a exprima filosofia brandului: art\u0103, stil \u0219i determinare.<\/p>\n<p>Acest accesoriu elegant nu este doar o bijuterie &#8211; este o parte din tine, povestea ta \u0219i calea ta c\u0103tre v\u00e2rf.<\/p>\n<p>O alegere perfect\u0103 pentru pasiona\u021bii de tenis, fanii US Open Tennis, precum \u0219i pentru to\u021bi cei care cred c\u0103 cele mai importante victorii se \u00eent\u00e2mpl\u0103 \u00een via\u021b\u0103, nu doar pe teren.<\/p>\n<p>Colec\u021bia Luxury Racket Club US Open este creat\u0103 pentru cei care \u00ee\u0219i tr\u0103iesc visele &#8211; cu clas\u0103, pasiune \u0219i determinare.<\/p>\n<p>LUXURY RACKET CLUB este art\u0103, cu aten\u021bie la fiecare detaliu.<\/p>\n","protected":false},"featured_media":14044,"comment_status":"open","ping_status":"closed","template":"","meta":{"_acf_changed":false,"_nectar_blocks_hide_post_title":false,"_nectar_blocks_transparent_header_effect":false,"_nectar_blocks_transparent_header_effect_color":"light","_nectar_blocks_header_animation":false,"_nectar_blocks_header_animation_delay":0,"_nectar_blocks_header_animation_effect":"fade","_nectar_blocks_page_css":"","_nectar_blocks_page_js":"","inline_featured_image":false},"product_brand":[],"product_cat":[840],"product_tag":[924,877,841],"class_list":{"0":"post-14043","1":"product","2":"type-product","3":"status-publish","4":"has-post-thumbnail","6":"product_cat-us-open-ro","7":"product_tag-accesorii-de-tenis","8":"product_tag-bijuterii-us-open","9":"product_tag-podarak-za-tenisist-ro","11":"first","12":"instock","13":"sale","14":"shipping-taxable","15":"purchasable","16":"product-type-simple"},"acf":[],"yoast_head":"<!-- This site is optimized with the Yoast SEO plugin v27.4 - https:\/\/yoast.com\/product\/yoast-seo-wordpress\/ -->\n<title>Talisman de argint \u00een form\u0103 de medalie \u201eTr\u0103ie\u0219te-\u021bi visul\u201d - \u0420\u044a\u0447\u043d\u043e \u0438\u0437\u0440\u0430\u0431\u043e\u0442\u0435\u043d\u0438 \u0442\u0435\u043d\u0438\u0441 \u0431\u0438\u0436\u0443\u0442\u0430 \u0438 \u0430\u043a\u0441\u0435\u0441\u043e\u0430\u0440\u0438<\/title>\n<meta name=\"robots\" content=\"index, follow, max-snippet:-1, max-image-preview:large, max-video-preview:-1\" \/>\n<link rel=\"canonical\" href=\"https:\/\/luxuryracketclub.com\/ro\/p\/us-open-srebaren-talisman-vav-formata-na-medal-live-your-dream\/\" \/>\n<meta property=\"og:locale\" content=\"ro_RO\" \/>\n<meta property=\"og:type\" content=\"article\" \/>\n<meta property=\"og:title\" content=\"Talisman de argint \u00een form\u0103 de medalie \u201eTr\u0103ie\u0219te-\u021bi visul\u201d - \u0420\u044a\u0447\u043d\u043e \u0438\u0437\u0440\u0430\u0431\u043e\u0442\u0435\u043d\u0438 \u0442\u0435\u043d\u0438\u0441 \u0431\u0438\u0436\u0443\u0442\u0430 \u0438 \u0430\u043a\u0441\u0435\u0441\u043e\u0430\u0440\u0438\" \/>\n<meta property=\"og:description\" content=\"Medalia Talisman Luxury Racket Club US Open este un simbol al inspira\u021biei, rezisten\u021bei \u0219i stilului. Fabricat\u0103 din argint sterlin 925 de \u00eenalt\u0103 calitate, poart\u0103 un mesaj care va r\u0103m\u00e2ne cu tine pentru totdeauna - \u201eTr\u0103ie\u0219te-\u021bi visul\u201d, gravat pe fa\u021b\u0103 pentru a-\u021bi aminti c\u0103 visele sunt primul pas c\u0103tre succes.  Fiecare detaliu este atent lucrat pentru a exprima filosofia brandului: art\u0103, stil \u0219i determinare.  Acest accesoriu elegant nu este doar o bijuterie - este o parte din tine, povestea ta \u0219i calea ta c\u0103tre v\u00e2rf.  O alegere perfect\u0103 pentru pasiona\u021bii de tenis, fanii US Open Tennis, precum \u0219i pentru to\u021bi cei care cred c\u0103 cele mai importante victorii se \u00eent\u00e2mpl\u0103 \u00een via\u021b\u0103, nu doar pe teren.  Colec\u021bia Luxury Racket Club US Open este creat\u0103 pentru cei care \u00ee\u0219i tr\u0103iesc visele - cu clas\u0103, pasiune \u0219i determinare.  LUXURY RACKET CLUB este art\u0103, cu aten\u021bie la fiecare detaliu.\" \/>\n<meta property=\"og:url\" content=\"https:\/\/luxuryracketclub.com\/ro\/p\/us-open-srebaren-talisman-vav-formata-na-medal-live-your-dream\/\" \/>\n<meta property=\"og:site_name\" content=\"\u0420\u044a\u0447\u043d\u043e \u0438\u0437\u0440\u0430\u0431\u043e\u0442\u0435\u043d\u0438 \u0442\u0435\u043d\u0438\u0441 \u0431\u0438\u0436\u0443\u0442\u0430 \u0438 \u0430\u043a\u0441\u0435\u0441\u043e\u0430\u0440\u0438\" \/>\n<meta property=\"article:modified_time\" content=\"2025-08-29T03:30:54+00:00\" \/>\n<meta property=\"og:image\" content=\"https:\/\/luxuryracketclub.com\/wp-content\/uploads\/2023\/07\/product.talisman.mechtay-min.jpg\" \/>\n\t<meta property=\"og:image:width\" content=\"1708\" \/>\n\t<meta property=\"og:image:height\" content=\"1708\" \/>\n\t<meta property=\"og:image:type\" content=\"image\/jpeg\" \/>\n<meta name=\"twitter:card\" content=\"summary_large_image\" \/>\n<meta name=\"twitter:label1\" content=\"Timp estimat pentru citire\" \/>\n\t<meta name=\"twitter:data1\" content=\"1 minut\" \/>\n<script type=\"application\/ld+json\" class=\"yoast-schema-graph\">{\"@context\":\"https:\\\/\\\/schema.org\",\"@graph\":[{\"@type\":\"WebPage\",\"@id\":\"https:\\\/\\\/luxuryracketclub.com\\\/ro\\\/p\\\/us-open-srebaren-talisman-vav-formata-na-medal-live-your-dream\\\/\",\"url\":\"https:\\\/\\\/luxuryracketclub.com\\\/ro\\\/p\\\/us-open-srebaren-talisman-vav-formata-na-medal-live-your-dream\\\/\",\"name\":\"Talisman de argint \u00een form\u0103 de medalie \u201eTr\u0103ie\u0219te-\u021bi visul\u201d - \u0420\u044a\u0447\u043d\u043e \u0438\u0437\u0440\u0430\u0431\u043e\u0442\u0435\u043d\u0438 \u0442\u0435\u043d\u0438\u0441 \u0431\u0438\u0436\u0443\u0442\u0430 \u0438 \u0430\u043a\u0441\u0435\u0441\u043e\u0430\u0440\u0438\",\"isPartOf\":{\"@id\":\"https:\\\/\\\/luxuryracketclub.com\\\/#website\"},\"primaryImageOfPage\":{\"@id\":\"https:\\\/\\\/luxuryracketclub.com\\\/ro\\\/p\\\/us-open-srebaren-talisman-vav-formata-na-medal-live-your-dream\\\/#primaryimage\"},\"image\":{\"@id\":\"https:\\\/\\\/luxuryracketclub.com\\\/ro\\\/p\\\/us-open-srebaren-talisman-vav-formata-na-medal-live-your-dream\\\/#primaryimage\"},\"thumbnailUrl\":\"https:\\\/\\\/luxuryracketclub.com\\\/wp-content\\\/uploads\\\/2023\\\/07\\\/product.talisman.mechtay-min.jpg\",\"datePublished\":\"2025-04-04T20:36:04+00:00\",\"dateModified\":\"2025-08-29T03:30:54+00:00\",\"breadcrumb\":{\"@id\":\"https:\\\/\\\/luxuryracketclub.com\\\/ro\\\/p\\\/us-open-srebaren-talisman-vav-formata-na-medal-live-your-dream\\\/#breadcrumb\"},\"inLanguage\":\"ro-RO\",\"potentialAction\":[{\"@type\":\"ReadAction\",\"target\":[\"https:\\\/\\\/luxuryracketclub.com\\\/ro\\\/p\\\/us-open-srebaren-talisman-vav-formata-na-medal-live-your-dream\\\/\"]}]},{\"@type\":\"ImageObject\",\"inLanguage\":\"ro-RO\",\"@id\":\"https:\\\/\\\/luxuryracketclub.com\\\/ro\\\/p\\\/us-open-srebaren-talisman-vav-formata-na-medal-live-your-dream\\\/#primaryimage\",\"url\":\"https:\\\/\\\/luxuryracketclub.com\\\/wp-content\\\/uploads\\\/2023\\\/07\\\/product.talisman.mechtay-min.jpg\",\"contentUrl\":\"https:\\\/\\\/luxuryracketclub.com\\\/wp-content\\\/uploads\\\/2023\\\/07\\\/product.talisman.mechtay-min.jpg\",\"width\":1708,\"height\":1708,\"caption\":\"\u0422\u0430\u043b\u0438\u0441\u043c\u0430\u043d \\\"Live your dream\\\"\"},{\"@type\":\"BreadcrumbList\",\"@id\":\"https:\\\/\\\/luxuryracketclub.com\\\/ro\\\/p\\\/us-open-srebaren-talisman-vav-formata-na-medal-live-your-dream\\\/#breadcrumb\",\"itemListElement\":[{\"@type\":\"ListItem\",\"position\":1,\"name\":\"\u041d\u0430\u0447\u0430\u043b\u043e\",\"item\":\"https:\\\/\\\/luxuryracketclub.com\\\/ro\\\/\"},{\"@type\":\"ListItem\",\"position\":2,\"name\":\"Magazin\",\"item\":\"https:\\\/\\\/luxuryracketclub.com\\\/ro\\\/magazin\\\/\"},{\"@type\":\"ListItem\",\"position\":3,\"name\":\"Talisman de argint \u00een form\u0103 de medalie \u201eTr\u0103ie\u0219te-\u021bi visul\u201d\"}]},{\"@type\":\"WebSite\",\"@id\":\"https:\\\/\\\/luxuryracketclub.com\\\/#website\",\"url\":\"https:\\\/\\\/luxuryracketclub.com\\\/\",\"name\":\"\u0420\u044a\u0447\u043d\u043e \u0438\u0437\u0440\u0430\u0431\u043e\u0442\u0435\u043d\u0438 \u0442\u0435\u043d\u0438\u0441 \u0431\u0438\u0436\u0443\u0442\u0430 \u0438 \u0430\u043a\u0441\u0435\u0441\u043e\u0430\u0440\u0438\",\"description\":\"\",\"potentialAction\":[{\"@type\":\"SearchAction\",\"target\":{\"@type\":\"EntryPoint\",\"urlTemplate\":\"https:\\\/\\\/luxuryracketclub.com\\\/?s={search_term_string}\"},\"query-input\":{\"@type\":\"PropertyValueSpecification\",\"valueRequired\":true,\"valueName\":\"search_term_string\"}}],\"inLanguage\":\"ro-RO\"}]}<\/script>\n<!-- \/ Yoast SEO plugin. -->","yoast_head_json":{"title":"Talisman de argint \u00een form\u0103 de medalie \u201eTr\u0103ie\u0219te-\u021bi visul\u201d - \u0420\u044a\u0447\u043d\u043e \u0438\u0437\u0440\u0430\u0431\u043e\u0442\u0435\u043d\u0438 \u0442\u0435\u043d\u0438\u0441 \u0431\u0438\u0436\u0443\u0442\u0430 \u0438 \u0430\u043a\u0441\u0435\u0441\u043e\u0430\u0440\u0438","robots":{"index":"index","follow":"follow","max-snippet":"max-snippet:-1","max-image-preview":"max-image-preview:large","max-video-preview":"max-video-preview:-1"},"canonical":"https:\/\/luxuryracketclub.com\/ro\/p\/us-open-srebaren-talisman-vav-formata-na-medal-live-your-dream\/","og_locale":"ro_RO","og_type":"article","og_title":"Talisman de argint \u00een form\u0103 de medalie \u201eTr\u0103ie\u0219te-\u021bi visul\u201d - \u0420\u044a\u0447\u043d\u043e \u0438\u0437\u0440\u0430\u0431\u043e\u0442\u0435\u043d\u0438 \u0442\u0435\u043d\u0438\u0441 \u0431\u0438\u0436\u0443\u0442\u0430 \u0438 \u0430\u043a\u0441\u0435\u0441\u043e\u0430\u0440\u0438","og_description":"Medalia Talisman Luxury Racket Club US Open este un simbol al inspira\u021biei, rezisten\u021bei \u0219i stilului. Fabricat\u0103 din argint sterlin 925 de \u00eenalt\u0103 calitate, poart\u0103 un mesaj care va r\u0103m\u00e2ne cu tine pentru totdeauna - \u201eTr\u0103ie\u0219te-\u021bi visul\u201d, gravat pe fa\u021b\u0103 pentru a-\u021bi aminti c\u0103 visele sunt primul pas c\u0103tre succes.  Fiecare detaliu este atent lucrat pentru a exprima filosofia brandului: art\u0103, stil \u0219i determinare.  Acest accesoriu elegant nu este doar o bijuterie - este o parte din tine, povestea ta \u0219i calea ta c\u0103tre v\u00e2rf.  O alegere perfect\u0103 pentru pasiona\u021bii de tenis, fanii US Open Tennis, precum \u0219i pentru to\u021bi cei care cred c\u0103 cele mai importante victorii se \u00eent\u00e2mpl\u0103 \u00een via\u021b\u0103, nu doar pe teren.  Colec\u021bia Luxury Racket Club US Open este creat\u0103 pentru cei care \u00ee\u0219i tr\u0103iesc visele - cu clas\u0103, pasiune \u0219i determinare.  LUXURY RACKET CLUB este art\u0103, cu aten\u021bie la fiecare detaliu.","og_url":"https:\/\/luxuryracketclub.com\/ro\/p\/us-open-srebaren-talisman-vav-formata-na-medal-live-your-dream\/","og_site_name":"\u0420\u044a\u0447\u043d\u043e \u0438\u0437\u0440\u0430\u0431\u043e\u0442\u0435\u043d\u0438 \u0442\u0435\u043d\u0438\u0441 \u0431\u0438\u0436\u0443\u0442\u0430 \u0438 \u0430\u043a\u0441\u0435\u0441\u043e\u0430\u0440\u0438","article_modified_time":"2025-08-29T03:30:54+00:00","og_image":[{"width":1708,"height":1708,"url":"https:\/\/luxuryracketclub.com\/wp-content\/uploads\/2023\/07\/product.talisman.mechtay-min.jpg","type":"image\/jpeg"}],"twitter_card":"summary_large_image","twitter_misc":{"Timp estimat pentru citire":"1 minut"},"schema":{"@context":"https:\/\/schema.org","@graph":[{"@type":"WebPage","@id":"https:\/\/luxuryracketclub.com\/ro\/p\/us-open-srebaren-talisman-vav-formata-na-medal-live-your-dream\/","url":"https:\/\/luxuryracketclub.com\/ro\/p\/us-open-srebaren-talisman-vav-formata-na-medal-live-your-dream\/","name":"Talisman de argint \u00een form\u0103 de medalie \u201eTr\u0103ie\u0219te-\u021bi visul\u201d - \u0420\u044a\u0447\u043d\u043e \u0438\u0437\u0440\u0430\u0431\u043e\u0442\u0435\u043d\u0438 \u0442\u0435\u043d\u0438\u0441 \u0431\u0438\u0436\u0443\u0442\u0430 \u0438 \u0430\u043a\u0441\u0435\u0441\u043e\u0430\u0440\u0438","isPartOf":{"@id":"https:\/\/luxuryracketclub.com\/#website"},"primaryImageOfPage":{"@id":"https:\/\/luxuryracketclub.com\/ro\/p\/us-open-srebaren-talisman-vav-formata-na-medal-live-your-dream\/#primaryimage"},"image":{"@id":"https:\/\/luxuryracketclub.com\/ro\/p\/us-open-srebaren-talisman-vav-formata-na-medal-live-your-dream\/#primaryimage"},"thumbnailUrl":"https:\/\/luxuryracketclub.com\/wp-content\/uploads\/2023\/07\/product.talisman.mechtay-min.jpg","datePublished":"2025-04-04T20:36:04+00:00","dateModified":"2025-08-29T03:30:54+00:00","breadcrumb":{"@id":"https:\/\/luxuryracketclub.com\/ro\/p\/us-open-srebaren-talisman-vav-formata-na-medal-live-your-dream\/#breadcrumb"},"inLanguage":"ro-RO","potentialAction":[{"@type":"ReadAction","target":["https:\/\/luxuryracketclub.com\/ro\/p\/us-open-srebaren-talisman-vav-formata-na-medal-live-your-dream\/"]}]},{"@type":"ImageObject","inLanguage":"ro-RO","@id":"https:\/\/luxuryracketclub.com\/ro\/p\/us-open-srebaren-talisman-vav-formata-na-medal-live-your-dream\/#primaryimage","url":"https:\/\/luxuryracketclub.com\/wp-content\/uploads\/2023\/07\/product.talisman.mechtay-min.jpg","contentUrl":"https:\/\/luxuryracketclub.com\/wp-content\/uploads\/2023\/07\/product.talisman.mechtay-min.jpg","width":1708,"height":1708,"caption":"\u0422\u0430\u043b\u0438\u0441\u043c\u0430\u043d \"Live your dream\""},{"@type":"BreadcrumbList","@id":"https:\/\/luxuryracketclub.com\/ro\/p\/us-open-srebaren-talisman-vav-formata-na-medal-live-your-dream\/#breadcrumb","itemListElement":[{"@type":"ListItem","position":1,"name":"\u041d\u0430\u0447\u0430\u043b\u043e","item":"https:\/\/luxuryracketclub.com\/ro\/"},{"@type":"ListItem","position":2,"name":"Magazin","item":"https:\/\/luxuryracketclub.com\/ro\/magazin\/"},{"@type":"ListItem","position":3,"name":"Talisman de argint \u00een form\u0103 de medalie \u201eTr\u0103ie\u0219te-\u021bi visul\u201d"}]},{"@type":"WebSite","@id":"https:\/\/luxuryracketclub.com\/#website","url":"https:\/\/luxuryracketclub.com\/","name":"\u0420\u044a\u0447\u043d\u043e \u0438\u0437\u0440\u0430\u0431\u043e\u0442\u0435\u043d\u0438 \u0442\u0435\u043d\u0438\u0441 \u0431\u0438\u0436\u0443\u0442\u0430 \u0438 \u0430\u043a\u0441\u0435\u0441\u043e\u0430\u0440\u0438","description":"","potentialAction":[{"@type":"SearchAction","target":{"@type":"EntryPoint","urlTemplate":"https:\/\/luxuryracketclub.com\/?s={search_term_string}"},"query-input":{"@type":"PropertyValueSpecification","valueRequired":true,"valueName":"search_term_string"}}],"inLanguage":"ro-RO"}]}},"_links":{"self":[{"href":"https:\/\/luxuryracketclub.com\/ro\/wp-json\/wp\/v2\/product\/14043","targetHints":{"allow":["GET"]}}],"collection":[{"href":"https:\/\/luxuryracketclub.com\/ro\/wp-json\/wp\/v2\/product"}],"about":[{"href":"https:\/\/luxuryracketclub.com\/ro\/wp-json\/wp\/v2\/types\/product"}],"replies":[{"embeddable":true,"href":"https:\/\/luxuryracketclub.com\/ro\/wp-json\/wp\/v2\/comments?post=14043"}],"wp:featuredmedia":[{"embeddable":true,"href":"https:\/\/luxuryracketclub.com\/ro\/wp-json\/wp\/v2\/media\/14044"}],"wp:attachment":[{"href":"https:\/\/luxuryracketclub.com\/ro\/wp-json\/wp\/v2\/media?parent=14043"}],"wp:term":[{"taxonomy":"product_brand","embeddable":true,"href":"https:\/\/luxuryracketclub.com\/ro\/wp-json\/wp\/v2\/product_brand?post=14043"},{"taxonomy":"product_cat","embeddable":true,"href":"https:\/\/luxuryracketclub.com\/ro\/wp-json\/wp\/v2\/product_cat?post=14043"},{"taxonomy":"product_tag","embeddable":true,"href":"https:\/\/luxuryracketclub.com\/ro\/wp-json\/wp\/v2\/product_tag?post=14043"}],"curies":[{"name":"wp","href":"https:\/\/api.w.org\/{rel}","templated":true}]}}