{"id":14039,"date":"2025-04-04T23:42:31","date_gmt":"2025-04-04T20:42:31","guid":{"rendered":"https:\/\/luxuryracketclub.com\/p\/us-open-collection-srebarna-tenis-visulka-tennis\/"},"modified":"2025-08-29T06:30:12","modified_gmt":"2025-08-29T03:30:12","slug":"us-open-collection-srebarna-tenis-visulka-tennis","status":"publish","type":"product","link":"https:\/\/luxuryracketclub.com\/ro\/p\/us-open-collection-srebarna-tenis-visulka-tennis\/","title":{"rendered":"Pandantiv de tenis din argint \u201eTenis\u201d"},"content":{"rendered":"","protected":false},"excerpt":{"rendered":"<p class=\"\" data-start=\"223\" data-end=\"555\">Poart\u0103 acest pandantiv elegant ca simbol al pasiunii tale pentru tenis \u0219i al determin\u0103rii neclintite de a-\u021bi urma visele. Finisat manual, cu aten\u021bie la fiecare detaliu, prezint\u0103 inscrip\u021bii subtile \u0219i inspira\u021bionale.<br data-start=\"468\" data-end=\"471\" \/>Ideal pentru cei care tr\u0103iesc spiritul jocului \u2013 at\u00e2t pe teren, c\u00e2t \u0219i \u00een afara lui.<\/p>\n<p class=\"\" data-start=\"557\" data-end=\"710\"><strong data-start=\"557\" data-end=\"579\">Luxury Racket Club<\/strong> este mai mult dec\u00e2t un brand \u2013 este o form\u0103 de art\u0103. Fiecare pies\u0103 din <strong data-start=\"638\" data-end=\"658\">Colec\u021bia US Open<\/strong> este realizat\u0103 cu precizie, stil \u0219i pasiune pentru sport.<\/p>\n","protected":false},"featured_media":14040,"comment_status":"open","ping_status":"closed","template":"","meta":{"_acf_changed":false,"_nectar_blocks_hide_post_title":false,"_nectar_blocks_transparent_header_effect":false,"_nectar_blocks_transparent_header_effect_color":"light","_nectar_blocks_header_animation":false,"_nectar_blocks_header_animation_delay":0,"_nectar_blocks_header_animation_effect":"fade","_nectar_blocks_page_css":"","_nectar_blocks_page_js":"","inline_featured_image":false},"product_brand":[],"product_cat":[870,840],"product_tag":[877,841],"class_list":{"0":"post-14039","1":"product","2":"type-product","3":"status-publish","4":"has-post-thumbnail","6":"product_cat-trisoare","7":"product_cat-us-open-ro","8":"product_tag-bijuterii-us-open","9":"product_tag-podarak-za-tenisist-ro","11":"first","12":"instock","13":"sale","14":"shipping-taxable","15":"purchasable","16":"product-type-simple"},"acf":[],"yoast_head":"<!-- This site is optimized with the Yoast SEO plugin v27.4 - https:\/\/yoast.com\/product\/yoast-seo-wordpress\/ -->\n<title>Pandantiv de tenis din argint \u201eTenis\u201d - \u0420\u044a\u0447\u043d\u043e \u0438\u0437\u0440\u0430\u0431\u043e\u0442\u0435\u043d\u0438 \u0442\u0435\u043d\u0438\u0441 \u0431\u0438\u0436\u0443\u0442\u0430 \u0438 \u0430\u043a\u0441\u0435\u0441\u043e\u0430\u0440\u0438<\/title>\n<meta name=\"robots\" content=\"index, follow, max-snippet:-1, max-image-preview:large, max-video-preview:-1\" \/>\n<link rel=\"canonical\" href=\"https:\/\/luxuryracketclub.com\/p\/us-open-collection-srebarna-tenis-visulka-tennis\/\" \/>\n<meta property=\"og:locale\" content=\"ro_RO\" \/>\n<meta property=\"og:type\" content=\"article\" \/>\n<meta property=\"og:title\" content=\"Pandantiv de tenis din argint \u201eTenis\u201d - \u0420\u044a\u0447\u043d\u043e \u0438\u0437\u0440\u0430\u0431\u043e\u0442\u0435\u043d\u0438 \u0442\u0435\u043d\u0438\u0441 \u0431\u0438\u0436\u0443\u0442\u0430 \u0438 \u0430\u043a\u0441\u0435\u0441\u043e\u0430\u0440\u0438\" \/>\n<meta property=\"og:description\" content=\"Poart\u0103 acest pandantiv elegant ca simbol al pasiunii tale pentru tenis \u0219i al determin\u0103rii neclintite de a-\u021bi urma visele. Finisat manual, cu aten\u021bie la fiecare detaliu, prezint\u0103 inscrip\u021bii subtile \u0219i inspira\u021bionale.Ideal pentru cei care tr\u0103iesc spiritul jocului \u2013 at\u00e2t pe teren, c\u00e2t \u0219i \u00een afara lui. Luxury Racket Club este mai mult dec\u00e2t un brand \u2013 este o form\u0103 de art\u0103. Fiecare pies\u0103 din Colec\u021bia US Open este realizat\u0103 cu precizie, stil \u0219i pasiune pentru sport.\" \/>\n<meta property=\"og:url\" content=\"https:\/\/luxuryracketclub.com\/p\/us-open-collection-srebarna-tenis-visulka-tennis\/\" \/>\n<meta property=\"og:site_name\" content=\"\u0420\u044a\u0447\u043d\u043e \u0438\u0437\u0440\u0430\u0431\u043e\u0442\u0435\u043d\u0438 \u0442\u0435\u043d\u0438\u0441 \u0431\u0438\u0436\u0443\u0442\u0430 \u0438 \u0430\u043a\u0441\u0435\u0441\u043e\u0430\u0440\u0438\" \/>\n<meta property=\"article:modified_time\" content=\"2025-08-29T03:30:12+00:00\" \/>\n<meta property=\"og:image\" content=\"https:\/\/luxuryracketclub.com\/wp-content\/uploads\/2023\/07\/product.srebarna-visulka-tennis-min.jpg\" \/>\n\t<meta property=\"og:image:width\" content=\"1708\" \/>\n\t<meta property=\"og:image:height\" content=\"1708\" \/>\n\t<meta property=\"og:image:type\" content=\"image\/jpeg\" \/>\n<meta name=\"twitter:card\" content=\"summary_large_image\" \/>\n<meta name=\"twitter:label1\" content=\"Timp estimat pentru citire\" \/>\n\t<meta name=\"twitter:data1\" content=\"1 minut\" \/>\n<script type=\"application\/ld+json\" class=\"yoast-schema-graph\">{\"@context\":\"https:\\\/\\\/schema.org\",\"@graph\":[{\"@type\":\"WebPage\",\"@id\":\"https:\\\/\\\/luxuryracketclub.com\\\/p\\\/us-open-collection-srebarna-tenis-visulka-tennis\\\/\",\"url\":\"https:\\\/\\\/luxuryracketclub.com\\\/p\\\/us-open-collection-srebarna-tenis-visulka-tennis\\\/\",\"name\":\"Pandantiv de tenis din argint \u201eTenis\u201d - \u0420\u044a\u0447\u043d\u043e \u0438\u0437\u0440\u0430\u0431\u043e\u0442\u0435\u043d\u0438 \u0442\u0435\u043d\u0438\u0441 \u0431\u0438\u0436\u0443\u0442\u0430 \u0438 \u0430\u043a\u0441\u0435\u0441\u043e\u0430\u0440\u0438\",\"isPartOf\":{\"@id\":\"https:\\\/\\\/luxuryracketclub.com\\\/#website\"},\"primaryImageOfPage\":{\"@id\":\"https:\\\/\\\/luxuryracketclub.com\\\/p\\\/us-open-collection-srebarna-tenis-visulka-tennis\\\/#primaryimage\"},\"image\":{\"@id\":\"https:\\\/\\\/luxuryracketclub.com\\\/p\\\/us-open-collection-srebarna-tenis-visulka-tennis\\\/#primaryimage\"},\"thumbnailUrl\":\"https:\\\/\\\/luxuryracketclub.com\\\/wp-content\\\/uploads\\\/2023\\\/07\\\/product.srebarna-visulka-tennis-min.jpg\",\"datePublished\":\"2025-04-04T20:42:31+00:00\",\"dateModified\":\"2025-08-29T03:30:12+00:00\",\"breadcrumb\":{\"@id\":\"https:\\\/\\\/luxuryracketclub.com\\\/p\\\/us-open-collection-srebarna-tenis-visulka-tennis\\\/#breadcrumb\"},\"inLanguage\":\"ro-RO\",\"potentialAction\":[{\"@type\":\"ReadAction\",\"target\":[\"https:\\\/\\\/luxuryracketclub.com\\\/p\\\/us-open-collection-srebarna-tenis-visulka-tennis\\\/\"]}]},{\"@type\":\"ImageObject\",\"inLanguage\":\"ro-RO\",\"@id\":\"https:\\\/\\\/luxuryracketclub.com\\\/p\\\/us-open-collection-srebarna-tenis-visulka-tennis\\\/#primaryimage\",\"url\":\"https:\\\/\\\/luxuryracketclub.com\\\/wp-content\\\/uploads\\\/2023\\\/07\\\/product.srebarna-visulka-tennis-min.jpg\",\"contentUrl\":\"https:\\\/\\\/luxuryracketclub.com\\\/wp-content\\\/uploads\\\/2023\\\/07\\\/product.srebarna-visulka-tennis-min.jpg\",\"width\":1708,\"height\":1708,\"caption\":\"US Open \u0441\u0440\u0435\u0431\u044a\u0440\u043d\u0430 \u0432\u0438\u0441\u0443\u043b\u043a\u0430 Tennis \u043e\u0442 925 \u0441\u0440\u0435\u0431\u0440\u043e\"},{\"@type\":\"BreadcrumbList\",\"@id\":\"https:\\\/\\\/luxuryracketclub.com\\\/p\\\/us-open-collection-srebarna-tenis-visulka-tennis\\\/#breadcrumb\",\"itemListElement\":[{\"@type\":\"ListItem\",\"position\":1,\"name\":\"\u041d\u0430\u0447\u0430\u043b\u043e\",\"item\":\"https:\\\/\\\/luxuryracketclub.com\\\/ro\\\/\"},{\"@type\":\"ListItem\",\"position\":2,\"name\":\"Magazin\",\"item\":\"https:\\\/\\\/luxuryracketclub.com\\\/ro\\\/magazin\\\/\"},{\"@type\":\"ListItem\",\"position\":3,\"name\":\"Pandantiv de tenis din argint \u201eTenis\u201d\"}]},{\"@type\":\"WebSite\",\"@id\":\"https:\\\/\\\/luxuryracketclub.com\\\/#website\",\"url\":\"https:\\\/\\\/luxuryracketclub.com\\\/\",\"name\":\"\u0420\u044a\u0447\u043d\u043e \u0438\u0437\u0440\u0430\u0431\u043e\u0442\u0435\u043d\u0438 \u0442\u0435\u043d\u0438\u0441 \u0431\u0438\u0436\u0443\u0442\u0430 \u0438 \u0430\u043a\u0441\u0435\u0441\u043e\u0430\u0440\u0438\",\"description\":\"\",\"potentialAction\":[{\"@type\":\"SearchAction\",\"target\":{\"@type\":\"EntryPoint\",\"urlTemplate\":\"https:\\\/\\\/luxuryracketclub.com\\\/?s={search_term_string}\"},\"query-input\":{\"@type\":\"PropertyValueSpecification\",\"valueRequired\":true,\"valueName\":\"search_term_string\"}}],\"inLanguage\":\"ro-RO\"}]}<\/script>\n<!-- \/ Yoast SEO plugin. -->","yoast_head_json":{"title":"Pandantiv de tenis din argint \u201eTenis\u201d - \u0420\u044a\u0447\u043d\u043e \u0438\u0437\u0440\u0430\u0431\u043e\u0442\u0435\u043d\u0438 \u0442\u0435\u043d\u0438\u0441 \u0431\u0438\u0436\u0443\u0442\u0430 \u0438 \u0430\u043a\u0441\u0435\u0441\u043e\u0430\u0440\u0438","robots":{"index":"index","follow":"follow","max-snippet":"max-snippet:-1","max-image-preview":"max-image-preview:large","max-video-preview":"max-video-preview:-1"},"canonical":"https:\/\/luxuryracketclub.com\/p\/us-open-collection-srebarna-tenis-visulka-tennis\/","og_locale":"ro_RO","og_type":"article","og_title":"Pandantiv de tenis din argint \u201eTenis\u201d - \u0420\u044a\u0447\u043d\u043e \u0438\u0437\u0440\u0430\u0431\u043e\u0442\u0435\u043d\u0438 \u0442\u0435\u043d\u0438\u0441 \u0431\u0438\u0436\u0443\u0442\u0430 \u0438 \u0430\u043a\u0441\u0435\u0441\u043e\u0430\u0440\u0438","og_description":"Poart\u0103 acest pandantiv elegant ca simbol al pasiunii tale pentru tenis \u0219i al determin\u0103rii neclintite de a-\u021bi urma visele. Finisat manual, cu aten\u021bie la fiecare detaliu, prezint\u0103 inscrip\u021bii subtile \u0219i inspira\u021bionale.Ideal pentru cei care tr\u0103iesc spiritul jocului \u2013 at\u00e2t pe teren, c\u00e2t \u0219i \u00een afara lui. Luxury Racket Club este mai mult dec\u00e2t un brand \u2013 este o form\u0103 de art\u0103. Fiecare pies\u0103 din Colec\u021bia US Open este realizat\u0103 cu precizie, stil \u0219i pasiune pentru sport.","og_url":"https:\/\/luxuryracketclub.com\/p\/us-open-collection-srebarna-tenis-visulka-tennis\/","og_site_name":"\u0420\u044a\u0447\u043d\u043e \u0438\u0437\u0440\u0430\u0431\u043e\u0442\u0435\u043d\u0438 \u0442\u0435\u043d\u0438\u0441 \u0431\u0438\u0436\u0443\u0442\u0430 \u0438 \u0430\u043a\u0441\u0435\u0441\u043e\u0430\u0440\u0438","article_modified_time":"2025-08-29T03:30:12+00:00","og_image":[{"width":1708,"height":1708,"url":"https:\/\/luxuryracketclub.com\/wp-content\/uploads\/2023\/07\/product.srebarna-visulka-tennis-min.jpg","type":"image\/jpeg"}],"twitter_card":"summary_large_image","twitter_misc":{"Timp estimat pentru citire":"1 minut"},"schema":{"@context":"https:\/\/schema.org","@graph":[{"@type":"WebPage","@id":"https:\/\/luxuryracketclub.com\/p\/us-open-collection-srebarna-tenis-visulka-tennis\/","url":"https:\/\/luxuryracketclub.com\/p\/us-open-collection-srebarna-tenis-visulka-tennis\/","name":"Pandantiv de tenis din argint \u201eTenis\u201d - \u0420\u044a\u0447\u043d\u043e \u0438\u0437\u0440\u0430\u0431\u043e\u0442\u0435\u043d\u0438 \u0442\u0435\u043d\u0438\u0441 \u0431\u0438\u0436\u0443\u0442\u0430 \u0438 \u0430\u043a\u0441\u0435\u0441\u043e\u0430\u0440\u0438","isPartOf":{"@id":"https:\/\/luxuryracketclub.com\/#website"},"primaryImageOfPage":{"@id":"https:\/\/luxuryracketclub.com\/p\/us-open-collection-srebarna-tenis-visulka-tennis\/#primaryimage"},"image":{"@id":"https:\/\/luxuryracketclub.com\/p\/us-open-collection-srebarna-tenis-visulka-tennis\/#primaryimage"},"thumbnailUrl":"https:\/\/luxuryracketclub.com\/wp-content\/uploads\/2023\/07\/product.srebarna-visulka-tennis-min.jpg","datePublished":"2025-04-04T20:42:31+00:00","dateModified":"2025-08-29T03:30:12+00:00","breadcrumb":{"@id":"https:\/\/luxuryracketclub.com\/p\/us-open-collection-srebarna-tenis-visulka-tennis\/#breadcrumb"},"inLanguage":"ro-RO","potentialAction":[{"@type":"ReadAction","target":["https:\/\/luxuryracketclub.com\/p\/us-open-collection-srebarna-tenis-visulka-tennis\/"]}]},{"@type":"ImageObject","inLanguage":"ro-RO","@id":"https:\/\/luxuryracketclub.com\/p\/us-open-collection-srebarna-tenis-visulka-tennis\/#primaryimage","url":"https:\/\/luxuryracketclub.com\/wp-content\/uploads\/2023\/07\/product.srebarna-visulka-tennis-min.jpg","contentUrl":"https:\/\/luxuryracketclub.com\/wp-content\/uploads\/2023\/07\/product.srebarna-visulka-tennis-min.jpg","width":1708,"height":1708,"caption":"US Open \u0441\u0440\u0435\u0431\u044a\u0440\u043d\u0430 \u0432\u0438\u0441\u0443\u043b\u043a\u0430 Tennis \u043e\u0442 925 \u0441\u0440\u0435\u0431\u0440\u043e"},{"@type":"BreadcrumbList","@id":"https:\/\/luxuryracketclub.com\/p\/us-open-collection-srebarna-tenis-visulka-tennis\/#breadcrumb","itemListElement":[{"@type":"ListItem","position":1,"name":"\u041d\u0430\u0447\u0430\u043b\u043e","item":"https:\/\/luxuryracketclub.com\/ro\/"},{"@type":"ListItem","position":2,"name":"Magazin","item":"https:\/\/luxuryracketclub.com\/ro\/magazin\/"},{"@type":"ListItem","position":3,"name":"Pandantiv de tenis din argint \u201eTenis\u201d"}]},{"@type":"WebSite","@id":"https:\/\/luxuryracketclub.com\/#website","url":"https:\/\/luxuryracketclub.com\/","name":"\u0420\u044a\u0447\u043d\u043e \u0438\u0437\u0440\u0430\u0431\u043e\u0442\u0435\u043d\u0438 \u0442\u0435\u043d\u0438\u0441 \u0431\u0438\u0436\u0443\u0442\u0430 \u0438 \u0430\u043a\u0441\u0435\u0441\u043e\u0430\u0440\u0438","description":"","potentialAction":[{"@type":"SearchAction","target":{"@type":"EntryPoint","urlTemplate":"https:\/\/luxuryracketclub.com\/?s={search_term_string}"},"query-input":{"@type":"PropertyValueSpecification","valueRequired":true,"valueName":"search_term_string"}}],"inLanguage":"ro-RO"}]}},"_links":{"self":[{"href":"https:\/\/luxuryracketclub.com\/ro\/wp-json\/wp\/v2\/product\/14039","targetHints":{"allow":["GET"]}}],"collection":[{"href":"https:\/\/luxuryracketclub.com\/ro\/wp-json\/wp\/v2\/product"}],"about":[{"href":"https:\/\/luxuryracketclub.com\/ro\/wp-json\/wp\/v2\/types\/product"}],"replies":[{"embeddable":true,"href":"https:\/\/luxuryracketclub.com\/ro\/wp-json\/wp\/v2\/comments?post=14039"}],"wp:featuredmedia":[{"embeddable":true,"href":"https:\/\/luxuryracketclub.com\/ro\/wp-json\/wp\/v2\/media\/14040"}],"wp:attachment":[{"href":"https:\/\/luxuryracketclub.com\/ro\/wp-json\/wp\/v2\/media?parent=14039"}],"wp:term":[{"taxonomy":"product_brand","embeddable":true,"href":"https:\/\/luxuryracketclub.com\/ro\/wp-json\/wp\/v2\/product_brand?post=14039"},{"taxonomy":"product_cat","embeddable":true,"href":"https:\/\/luxuryracketclub.com\/ro\/wp-json\/wp\/v2\/product_cat?post=14039"},{"taxonomy":"product_tag","embeddable":true,"href":"https:\/\/luxuryracketclub.com\/ro\/wp-json\/wp\/v2\/product_tag?post=14039"}],"curies":[{"name":"wp","href":"https:\/\/api.w.org\/{rel}","templated":true}]}}