{"id":14032,"date":"2025-04-05T14:56:35","date_gmt":"2025-04-05T11:56:35","guid":{"rendered":"https:\/\/luxuryracketclub.com\/p\/us-open-collection-srebarno-tennis-kolie-celebrate-the-wins\/"},"modified":"2025-08-29T06:29:21","modified_gmt":"2025-08-29T03:29:21","slug":"us-open-collection-srebarno-tennis-kolie-celebrate-the-wins","status":"publish","type":"product","link":"https:\/\/luxuryracketclub.com\/ro\/p\/us-open-collection-srebarno-tennis-kolie-celebrate-the-wins\/","title":{"rendered":"Colier de tenis din argint \u201eS\u0103rb\u0103tore\u0219te victoriile\u201d"},"content":{"rendered":"","protected":false},"excerpt":{"rendered":"<p class=\"\" data-start=\"562\" data-end=\"815\">Colierul \u201eCelebrate the wins\u201d este un punct culminant distinctiv al colec\u021biei &#8211; o rachet\u0103 de tenis din argint cu m\u00e2ner \u00een form\u0103 de inim\u0103 \u0219i \u0219nururi ajurate fin lucrate, simboliz\u00e2nd dragostea pentru joc \u0219i puterea de a s\u0103rb\u0103tori fiecare victorie &#8211; pe teren \u0219i \u00een afara lui.<\/p>\n<p class=\"\" data-start=\"817\" data-end=\"1016\"><strong data-start=\"817\" data-end=\"839\">LUXURY RACKET CLUB<\/strong> nu este doar bijuterie &#8211; este art\u0103 cu aten\u021bie la fiecare detaliu. Poart\u0103-\u021bi pasiunea cu stil. Descoper\u0103-\u021bi talismanul \u00een Colec\u021bia US Open \u0219i \u00eendr\u0103zne\u0219te s\u0103 fii \u00eendr\u0103znea\u021b\u0103.<\/p>\n","protected":false},"featured_media":14033,"comment_status":"closed","ping_status":"closed","template":"","meta":{"_acf_changed":false,"_nectar_blocks_hide_post_title":false,"_nectar_blocks_transparent_header_effect":false,"_nectar_blocks_transparent_header_effect_color":"light","_nectar_blocks_header_animation":false,"_nectar_blocks_header_animation_delay":0,"_nectar_blocks_header_animation_effect":"fade","_nectar_blocks_page_css":"","_nectar_blocks_page_js":"","inline_featured_image":false},"product_brand":[],"product_cat":[840],"product_tag":[908,877,841,970],"class_list":{"0":"post-14032","1":"product","2":"type-product","3":"status-publish","4":"has-post-thumbnail","6":"product_cat-us-open-ro","7":"product_tag-bijuterii-de-tenis","8":"product_tag-bijuterii-us-open","9":"product_tag-podarak-za-tenisist-ro","10":"product_tag-tenis-stil-ro","12":"first","13":"instock","14":"sale","15":"shipping-taxable","16":"purchasable","17":"product-type-variable"},"acf":[],"yoast_head":"<!-- This site is optimized with the Yoast SEO plugin v27.4 - https:\/\/yoast.com\/product\/yoast-seo-wordpress\/ -->\n<title>Colier de tenis din argint \u201eS\u0103rb\u0103tore\u0219te victoriile\u201d - \u0420\u044a\u0447\u043d\u043e \u0438\u0437\u0440\u0430\u0431\u043e\u0442\u0435\u043d\u0438 \u0442\u0435\u043d\u0438\u0441 \u0431\u0438\u0436\u0443\u0442\u0430 \u0438 \u0430\u043a\u0441\u0435\u0441\u043e\u0430\u0440\u0438<\/title>\n<meta name=\"robots\" content=\"index, follow, max-snippet:-1, max-image-preview:large, max-video-preview:-1\" \/>\n<link rel=\"canonical\" href=\"https:\/\/luxuryracketclub.com\/ro\/p\/us-open-collection-srebarno-tennis-kolie-celebrate-the-wins\/\" \/>\n<meta property=\"og:locale\" content=\"ro_RO\" \/>\n<meta property=\"og:type\" content=\"article\" \/>\n<meta property=\"og:title\" content=\"Colier de tenis din argint \u201eS\u0103rb\u0103tore\u0219te victoriile\u201d - \u0420\u044a\u0447\u043d\u043e \u0438\u0437\u0440\u0430\u0431\u043e\u0442\u0435\u043d\u0438 \u0442\u0435\u043d\u0438\u0441 \u0431\u0438\u0436\u0443\u0442\u0430 \u0438 \u0430\u043a\u0441\u0435\u0441\u043e\u0430\u0440\u0438\" \/>\n<meta property=\"og:description\" content=\"Colierul \u201eCelebrate the wins\u201d este un punct culminant distinctiv al colec\u021biei - o rachet\u0103 de tenis din argint cu m\u00e2ner \u00een form\u0103 de inim\u0103 \u0219i \u0219nururi ajurate fin lucrate, simboliz\u00e2nd dragostea pentru joc \u0219i puterea de a s\u0103rb\u0103tori fiecare victorie - pe teren \u0219i \u00een afara lui. LUXURY RACKET CLUB nu este doar bijuterie - este art\u0103 cu aten\u021bie la fiecare detaliu. Poart\u0103-\u021bi pasiunea cu stil. Descoper\u0103-\u021bi talismanul \u00een Colec\u021bia US Open \u0219i \u00eendr\u0103zne\u0219te s\u0103 fii \u00eendr\u0103znea\u021b\u0103.\" \/>\n<meta property=\"og:url\" content=\"https:\/\/luxuryracketclub.com\/ro\/p\/us-open-collection-srebarno-tennis-kolie-celebrate-the-wins\/\" \/>\n<meta property=\"og:site_name\" content=\"\u0420\u044a\u0447\u043d\u043e \u0438\u0437\u0440\u0430\u0431\u043e\u0442\u0435\u043d\u0438 \u0442\u0435\u043d\u0438\u0441 \u0431\u0438\u0436\u0443\u0442\u0430 \u0438 \u0430\u043a\u0441\u0435\u0441\u043e\u0430\u0440\u0438\" \/>\n<meta property=\"article:modified_time\" content=\"2025-08-29T03:29:21+00:00\" \/>\n<meta property=\"og:image\" content=\"https:\/\/luxuryracketclub.com\/wp-content\/uploads\/2023\/08\/product.srebarno-kolie-celebrate-the-wins-min.jpg\" \/>\n\t<meta property=\"og:image:width\" content=\"2500\" \/>\n\t<meta property=\"og:image:height\" content=\"2500\" \/>\n\t<meta property=\"og:image:type\" content=\"image\/jpeg\" \/>\n<meta name=\"twitter:card\" content=\"summary_large_image\" \/>\n<meta name=\"twitter:label1\" content=\"Timp estimat pentru citire\" \/>\n\t<meta name=\"twitter:data1\" content=\"1 minut\" \/>\n<script type=\"application\/ld+json\" class=\"yoast-schema-graph\">{\"@context\":\"https:\\\/\\\/schema.org\",\"@graph\":[{\"@type\":\"WebPage\",\"@id\":\"https:\\\/\\\/luxuryracketclub.com\\\/ro\\\/p\\\/us-open-collection-srebarno-tennis-kolie-celebrate-the-wins\\\/\",\"url\":\"https:\\\/\\\/luxuryracketclub.com\\\/ro\\\/p\\\/us-open-collection-srebarno-tennis-kolie-celebrate-the-wins\\\/\",\"name\":\"Colier de tenis din argint \u201eS\u0103rb\u0103tore\u0219te victoriile\u201d - \u0420\u044a\u0447\u043d\u043e \u0438\u0437\u0440\u0430\u0431\u043e\u0442\u0435\u043d\u0438 \u0442\u0435\u043d\u0438\u0441 \u0431\u0438\u0436\u0443\u0442\u0430 \u0438 \u0430\u043a\u0441\u0435\u0441\u043e\u0430\u0440\u0438\",\"isPartOf\":{\"@id\":\"https:\\\/\\\/luxuryracketclub.com\\\/#website\"},\"primaryImageOfPage\":{\"@id\":\"https:\\\/\\\/luxuryracketclub.com\\\/ro\\\/p\\\/us-open-collection-srebarno-tennis-kolie-celebrate-the-wins\\\/#primaryimage\"},\"image\":{\"@id\":\"https:\\\/\\\/luxuryracketclub.com\\\/ro\\\/p\\\/us-open-collection-srebarno-tennis-kolie-celebrate-the-wins\\\/#primaryimage\"},\"thumbnailUrl\":\"https:\\\/\\\/luxuryracketclub.com\\\/wp-content\\\/uploads\\\/2023\\\/08\\\/product.srebarno-kolie-celebrate-the-wins-min.jpg\",\"datePublished\":\"2025-04-05T11:56:35+00:00\",\"dateModified\":\"2025-08-29T03:29:21+00:00\",\"breadcrumb\":{\"@id\":\"https:\\\/\\\/luxuryracketclub.com\\\/ro\\\/p\\\/us-open-collection-srebarno-tennis-kolie-celebrate-the-wins\\\/#breadcrumb\"},\"inLanguage\":\"ro-RO\",\"potentialAction\":[{\"@type\":\"ReadAction\",\"target\":[\"https:\\\/\\\/luxuryracketclub.com\\\/ro\\\/p\\\/us-open-collection-srebarno-tennis-kolie-celebrate-the-wins\\\/\"]}]},{\"@type\":\"ImageObject\",\"inLanguage\":\"ro-RO\",\"@id\":\"https:\\\/\\\/luxuryracketclub.com\\\/ro\\\/p\\\/us-open-collection-srebarno-tennis-kolie-celebrate-the-wins\\\/#primaryimage\",\"url\":\"https:\\\/\\\/luxuryracketclub.com\\\/wp-content\\\/uploads\\\/2023\\\/08\\\/product.srebarno-kolie-celebrate-the-wins-min.jpg\",\"contentUrl\":\"https:\\\/\\\/luxuryracketclub.com\\\/wp-content\\\/uploads\\\/2023\\\/08\\\/product.srebarno-kolie-celebrate-the-wins-min.jpg\",\"width\":2500,\"height\":2500,\"caption\":\"\u0421\u0440\u0435\u0431\u044a\u0440\u043d\u043e \u043a\u043e\u043b\u0438\u0435 ,,Celebrate the wins!\u201d\"},{\"@type\":\"BreadcrumbList\",\"@id\":\"https:\\\/\\\/luxuryracketclub.com\\\/ro\\\/p\\\/us-open-collection-srebarno-tennis-kolie-celebrate-the-wins\\\/#breadcrumb\",\"itemListElement\":[{\"@type\":\"ListItem\",\"position\":1,\"name\":\"\u041d\u0430\u0447\u0430\u043b\u043e\",\"item\":\"https:\\\/\\\/luxuryracketclub.com\\\/ro\\\/\"},{\"@type\":\"ListItem\",\"position\":2,\"name\":\"Magazin\",\"item\":\"https:\\\/\\\/luxuryracketclub.com\\\/ro\\\/magazin\\\/\"},{\"@type\":\"ListItem\",\"position\":3,\"name\":\"Colier de tenis din argint \u201eS\u0103rb\u0103tore\u0219te victoriile\u201d\"}]},{\"@type\":\"WebSite\",\"@id\":\"https:\\\/\\\/luxuryracketclub.com\\\/#website\",\"url\":\"https:\\\/\\\/luxuryracketclub.com\\\/\",\"name\":\"\u0420\u044a\u0447\u043d\u043e \u0438\u0437\u0440\u0430\u0431\u043e\u0442\u0435\u043d\u0438 \u0442\u0435\u043d\u0438\u0441 \u0431\u0438\u0436\u0443\u0442\u0430 \u0438 \u0430\u043a\u0441\u0435\u0441\u043e\u0430\u0440\u0438\",\"description\":\"\",\"potentialAction\":[{\"@type\":\"SearchAction\",\"target\":{\"@type\":\"EntryPoint\",\"urlTemplate\":\"https:\\\/\\\/luxuryracketclub.com\\\/?s={search_term_string}\"},\"query-input\":{\"@type\":\"PropertyValueSpecification\",\"valueRequired\":true,\"valueName\":\"search_term_string\"}}],\"inLanguage\":\"ro-RO\"}]}<\/script>\n<!-- \/ Yoast SEO plugin. -->","yoast_head_json":{"title":"Colier de tenis din argint \u201eS\u0103rb\u0103tore\u0219te victoriile\u201d - \u0420\u044a\u0447\u043d\u043e \u0438\u0437\u0440\u0430\u0431\u043e\u0442\u0435\u043d\u0438 \u0442\u0435\u043d\u0438\u0441 \u0431\u0438\u0436\u0443\u0442\u0430 \u0438 \u0430\u043a\u0441\u0435\u0441\u043e\u0430\u0440\u0438","robots":{"index":"index","follow":"follow","max-snippet":"max-snippet:-1","max-image-preview":"max-image-preview:large","max-video-preview":"max-video-preview:-1"},"canonical":"https:\/\/luxuryracketclub.com\/ro\/p\/us-open-collection-srebarno-tennis-kolie-celebrate-the-wins\/","og_locale":"ro_RO","og_type":"article","og_title":"Colier de tenis din argint \u201eS\u0103rb\u0103tore\u0219te victoriile\u201d - \u0420\u044a\u0447\u043d\u043e \u0438\u0437\u0440\u0430\u0431\u043e\u0442\u0435\u043d\u0438 \u0442\u0435\u043d\u0438\u0441 \u0431\u0438\u0436\u0443\u0442\u0430 \u0438 \u0430\u043a\u0441\u0435\u0441\u043e\u0430\u0440\u0438","og_description":"Colierul \u201eCelebrate the wins\u201d este un punct culminant distinctiv al colec\u021biei - o rachet\u0103 de tenis din argint cu m\u00e2ner \u00een form\u0103 de inim\u0103 \u0219i \u0219nururi ajurate fin lucrate, simboliz\u00e2nd dragostea pentru joc \u0219i puterea de a s\u0103rb\u0103tori fiecare victorie - pe teren \u0219i \u00een afara lui. LUXURY RACKET CLUB nu este doar bijuterie - este art\u0103 cu aten\u021bie la fiecare detaliu. Poart\u0103-\u021bi pasiunea cu stil. Descoper\u0103-\u021bi talismanul \u00een Colec\u021bia US Open \u0219i \u00eendr\u0103zne\u0219te s\u0103 fii \u00eendr\u0103znea\u021b\u0103.","og_url":"https:\/\/luxuryracketclub.com\/ro\/p\/us-open-collection-srebarno-tennis-kolie-celebrate-the-wins\/","og_site_name":"\u0420\u044a\u0447\u043d\u043e \u0438\u0437\u0440\u0430\u0431\u043e\u0442\u0435\u043d\u0438 \u0442\u0435\u043d\u0438\u0441 \u0431\u0438\u0436\u0443\u0442\u0430 \u0438 \u0430\u043a\u0441\u0435\u0441\u043e\u0430\u0440\u0438","article_modified_time":"2025-08-29T03:29:21+00:00","og_image":[{"width":2500,"height":2500,"url":"https:\/\/luxuryracketclub.com\/wp-content\/uploads\/2023\/08\/product.srebarno-kolie-celebrate-the-wins-min.jpg","type":"image\/jpeg"}],"twitter_card":"summary_large_image","twitter_misc":{"Timp estimat pentru citire":"1 minut"},"schema":{"@context":"https:\/\/schema.org","@graph":[{"@type":"WebPage","@id":"https:\/\/luxuryracketclub.com\/ro\/p\/us-open-collection-srebarno-tennis-kolie-celebrate-the-wins\/","url":"https:\/\/luxuryracketclub.com\/ro\/p\/us-open-collection-srebarno-tennis-kolie-celebrate-the-wins\/","name":"Colier de tenis din argint \u201eS\u0103rb\u0103tore\u0219te victoriile\u201d - \u0420\u044a\u0447\u043d\u043e \u0438\u0437\u0440\u0430\u0431\u043e\u0442\u0435\u043d\u0438 \u0442\u0435\u043d\u0438\u0441 \u0431\u0438\u0436\u0443\u0442\u0430 \u0438 \u0430\u043a\u0441\u0435\u0441\u043e\u0430\u0440\u0438","isPartOf":{"@id":"https:\/\/luxuryracketclub.com\/#website"},"primaryImageOfPage":{"@id":"https:\/\/luxuryracketclub.com\/ro\/p\/us-open-collection-srebarno-tennis-kolie-celebrate-the-wins\/#primaryimage"},"image":{"@id":"https:\/\/luxuryracketclub.com\/ro\/p\/us-open-collection-srebarno-tennis-kolie-celebrate-the-wins\/#primaryimage"},"thumbnailUrl":"https:\/\/luxuryracketclub.com\/wp-content\/uploads\/2023\/08\/product.srebarno-kolie-celebrate-the-wins-min.jpg","datePublished":"2025-04-05T11:56:35+00:00","dateModified":"2025-08-29T03:29:21+00:00","breadcrumb":{"@id":"https:\/\/luxuryracketclub.com\/ro\/p\/us-open-collection-srebarno-tennis-kolie-celebrate-the-wins\/#breadcrumb"},"inLanguage":"ro-RO","potentialAction":[{"@type":"ReadAction","target":["https:\/\/luxuryracketclub.com\/ro\/p\/us-open-collection-srebarno-tennis-kolie-celebrate-the-wins\/"]}]},{"@type":"ImageObject","inLanguage":"ro-RO","@id":"https:\/\/luxuryracketclub.com\/ro\/p\/us-open-collection-srebarno-tennis-kolie-celebrate-the-wins\/#primaryimage","url":"https:\/\/luxuryracketclub.com\/wp-content\/uploads\/2023\/08\/product.srebarno-kolie-celebrate-the-wins-min.jpg","contentUrl":"https:\/\/luxuryracketclub.com\/wp-content\/uploads\/2023\/08\/product.srebarno-kolie-celebrate-the-wins-min.jpg","width":2500,"height":2500,"caption":"\u0421\u0440\u0435\u0431\u044a\u0440\u043d\u043e \u043a\u043e\u043b\u0438\u0435 ,,Celebrate the wins!\u201d"},{"@type":"BreadcrumbList","@id":"https:\/\/luxuryracketclub.com\/ro\/p\/us-open-collection-srebarno-tennis-kolie-celebrate-the-wins\/#breadcrumb","itemListElement":[{"@type":"ListItem","position":1,"name":"\u041d\u0430\u0447\u0430\u043b\u043e","item":"https:\/\/luxuryracketclub.com\/ro\/"},{"@type":"ListItem","position":2,"name":"Magazin","item":"https:\/\/luxuryracketclub.com\/ro\/magazin\/"},{"@type":"ListItem","position":3,"name":"Colier de tenis din argint \u201eS\u0103rb\u0103tore\u0219te victoriile\u201d"}]},{"@type":"WebSite","@id":"https:\/\/luxuryracketclub.com\/#website","url":"https:\/\/luxuryracketclub.com\/","name":"\u0420\u044a\u0447\u043d\u043e \u0438\u0437\u0440\u0430\u0431\u043e\u0442\u0435\u043d\u0438 \u0442\u0435\u043d\u0438\u0441 \u0431\u0438\u0436\u0443\u0442\u0430 \u0438 \u0430\u043a\u0441\u0435\u0441\u043e\u0430\u0440\u0438","description":"","potentialAction":[{"@type":"SearchAction","target":{"@type":"EntryPoint","urlTemplate":"https:\/\/luxuryracketclub.com\/?s={search_term_string}"},"query-input":{"@type":"PropertyValueSpecification","valueRequired":true,"valueName":"search_term_string"}}],"inLanguage":"ro-RO"}]}},"_links":{"self":[{"href":"https:\/\/luxuryracketclub.com\/ro\/wp-json\/wp\/v2\/product\/14032","targetHints":{"allow":["GET"]}}],"collection":[{"href":"https:\/\/luxuryracketclub.com\/ro\/wp-json\/wp\/v2\/product"}],"about":[{"href":"https:\/\/luxuryracketclub.com\/ro\/wp-json\/wp\/v2\/types\/product"}],"replies":[{"embeddable":true,"href":"https:\/\/luxuryracketclub.com\/ro\/wp-json\/wp\/v2\/comments?post=14032"}],"wp:featuredmedia":[{"embeddable":true,"href":"https:\/\/luxuryracketclub.com\/ro\/wp-json\/wp\/v2\/media\/14033"}],"wp:attachment":[{"href":"https:\/\/luxuryracketclub.com\/ro\/wp-json\/wp\/v2\/media?parent=14032"}],"wp:term":[{"taxonomy":"product_brand","embeddable":true,"href":"https:\/\/luxuryracketclub.com\/ro\/wp-json\/wp\/v2\/product_brand?post=14032"},{"taxonomy":"product_cat","embeddable":true,"href":"https:\/\/luxuryracketclub.com\/ro\/wp-json\/wp\/v2\/product_cat?post=14032"},{"taxonomy":"product_tag","embeddable":true,"href":"https:\/\/luxuryracketclub.com\/ro\/wp-json\/wp\/v2\/product_tag?post=14032"}],"curies":[{"name":"wp","href":"https:\/\/api.w.org\/{rel}","templated":true}]}}