{"id":14021,"date":"2025-04-05T15:05:25","date_gmt":"2025-04-05T12:05:25","guid":{"rendered":"https:\/\/luxuryracketclub.com\/?post_type=product&#038;p=14021"},"modified":"2025-08-29T06:28:33","modified_gmt":"2025-08-29T03:28:33","slug":"us-open-collection-srebarna-grivna-s-tenis-raketa-meet-your-match","status":"publish","type":"product","link":"https:\/\/luxuryracketclub.com\/ro\/p\/us-open-collection-srebarna-grivna-s-tenis-raketa-meet-your-match\/","title":{"rendered":"Br\u0103\u021bar\u0103 din argint cu rachet\u0103 de tenis \u201e\u00cent\u00e2lne\u0219te-\u021bi perechea\u201d"},"content":{"rendered":"","protected":false},"excerpt":{"rendered":"<p class=\"\" data-start=\"276\" data-end=\"477\">Inima tenisului \u00eent\u00e2lne\u0219te stilul \u00een br\u0103\u021bara \u201eMeet Your Match\u201d &#8211; parte a colec\u021biei noastre \u00een edi\u021bie limitat\u0103 US Open. Fiecare meci \u00eencepe cu dragoste, iar aceast\u0103 br\u0103\u021bar\u0103 o dovede\u0219te prin elegan\u021ba \u0219i simbolismul s\u0103u.<\/p>\n<p class=\"\" data-start=\"479\" data-end=\"853\">Combin\u00e2nd energia sportiv\u0103 a tenisului cu un design sofisticat, br\u0103\u021bara prezint\u0103 un lan\u021b dublu, care se termin\u0103 cu o \u00eencuietoare pentru o potrivire perfect\u0103. Punctul culminant este medalionul unic \u00een form\u0103 de rachet\u0103 de tenis, lucrat manual din argint cu \u0219nururi fine ajurate. M\u00e2nerul rachetei are forma unei inimi &#8211; un omagiu delicat adus pasiunii cu care se joac\u0103 jocul.<\/p>\n<p><strong>LUXURY RACKET CLUB<\/strong> este art\u0103, cu aten\u021bie la fiecare detaliu.<\/p>\n","protected":false},"featured_media":14026,"comment_status":"open","ping_status":"closed","template":"","meta":{"_acf_changed":false,"_nectar_blocks_hide_post_title":false,"_nectar_blocks_transparent_header_effect":false,"_nectar_blocks_transparent_header_effect_color":"light","_nectar_blocks_header_animation":false,"_nectar_blocks_header_animation_delay":0,"_nectar_blocks_header_animation_effect":"fade","_nectar_blocks_page_css":"","_nectar_blocks_page_js":"","inline_featured_image":false},"product_brand":[],"product_cat":[870,840],"product_tag":[908,877,841,941,970],"class_list":{"0":"post-14021","1":"product","2":"type-product","3":"status-publish","4":"has-post-thumbnail","6":"product_cat-trisoare","7":"product_cat-us-open-ro","8":"product_tag-bijuterii-de-tenis","9":"product_tag-bijuterii-us-open","10":"product_tag-podarak-za-tenisist-ro","11":"product_tag-tenis-grivna-ro","12":"product_tag-tenis-stil-ro","14":"first","15":"instock","16":"sale","17":"shipping-taxable","18":"purchasable","19":"product-type-variable"},"acf":[],"yoast_head":"<!-- This site is optimized with the Yoast SEO plugin v27.4 - https:\/\/yoast.com\/product\/yoast-seo-wordpress\/ -->\n<title>Br\u0103\u021bar\u0103 din argint cu rachet\u0103 de tenis \u201e\u00cent\u00e2lne\u0219te-\u021bi perechea\u201d - \u0420\u044a\u0447\u043d\u043e \u0438\u0437\u0440\u0430\u0431\u043e\u0442\u0435\u043d\u0438 \u0442\u0435\u043d\u0438\u0441 \u0431\u0438\u0436\u0443\u0442\u0430 \u0438 \u0430\u043a\u0441\u0435\u0441\u043e\u0430\u0440\u0438<\/title>\n<meta name=\"robots\" content=\"index, follow, max-snippet:-1, max-image-preview:large, max-video-preview:-1\" \/>\n<link rel=\"canonical\" href=\"https:\/\/luxuryracketclub.com\/ro\/p\/us-open-collection-srebarna-grivna-s-tenis-raketa-meet-your-match\/\" \/>\n<meta property=\"og:locale\" content=\"ro_RO\" \/>\n<meta property=\"og:type\" content=\"article\" \/>\n<meta property=\"og:title\" content=\"Br\u0103\u021bar\u0103 din argint cu rachet\u0103 de tenis \u201e\u00cent\u00e2lne\u0219te-\u021bi perechea\u201d - \u0420\u044a\u0447\u043d\u043e \u0438\u0437\u0440\u0430\u0431\u043e\u0442\u0435\u043d\u0438 \u0442\u0435\u043d\u0438\u0441 \u0431\u0438\u0436\u0443\u0442\u0430 \u0438 \u0430\u043a\u0441\u0435\u0441\u043e\u0430\u0440\u0438\" \/>\n<meta property=\"og:description\" content=\"Inima tenisului \u00eent\u00e2lne\u0219te stilul \u00een br\u0103\u021bara \u201eMeet Your Match\u201d - parte a colec\u021biei noastre \u00een edi\u021bie limitat\u0103 US Open. Fiecare meci \u00eencepe cu dragoste, iar aceast\u0103 br\u0103\u021bar\u0103 o dovede\u0219te prin elegan\u021ba \u0219i simbolismul s\u0103u. Combin\u00e2nd energia sportiv\u0103 a tenisului cu un design sofisticat, br\u0103\u021bara prezint\u0103 un lan\u021b dublu, care se termin\u0103 cu o \u00eencuietoare pentru o potrivire perfect\u0103. Punctul culminant este medalionul unic \u00een form\u0103 de rachet\u0103 de tenis, lucrat manual din argint cu \u0219nururi fine ajurate. M\u00e2nerul rachetei are forma unei inimi - un omagiu delicat adus pasiunii cu care se joac\u0103 jocul. LUXURY RACKET CLUB este art\u0103, cu aten\u021bie la fiecare detaliu.\" \/>\n<meta property=\"og:url\" content=\"https:\/\/luxuryracketclub.com\/ro\/p\/us-open-collection-srebarna-grivna-s-tenis-raketa-meet-your-match\/\" \/>\n<meta property=\"og:site_name\" content=\"\u0420\u044a\u0447\u043d\u043e \u0438\u0437\u0440\u0430\u0431\u043e\u0442\u0435\u043d\u0438 \u0442\u0435\u043d\u0438\u0441 \u0431\u0438\u0436\u0443\u0442\u0430 \u0438 \u0430\u043a\u0441\u0435\u0441\u043e\u0430\u0440\u0438\" \/>\n<meta property=\"article:modified_time\" content=\"2025-08-29T03:28:33+00:00\" \/>\n<meta property=\"og:image\" content=\"https:\/\/luxuryracketclub.com\/wp-content\/uploads\/2023\/07\/product.srebarna-grivna-meet-your-match-min.jpg\" \/>\n\t<meta property=\"og:image:width\" content=\"1708\" \/>\n\t<meta property=\"og:image:height\" content=\"1708\" \/>\n\t<meta property=\"og:image:type\" content=\"image\/jpeg\" \/>\n<meta name=\"twitter:card\" content=\"summary_large_image\" \/>\n<meta name=\"twitter:label1\" content=\"Timp estimat pentru citire\" \/>\n\t<meta name=\"twitter:data1\" content=\"1 minut\" \/>\n<script type=\"application\/ld+json\" class=\"yoast-schema-graph\">{\"@context\":\"https:\\\/\\\/schema.org\",\"@graph\":[{\"@type\":\"WebPage\",\"@id\":\"https:\\\/\\\/luxuryracketclub.com\\\/ro\\\/p\\\/us-open-collection-srebarna-grivna-s-tenis-raketa-meet-your-match\\\/\",\"url\":\"https:\\\/\\\/luxuryracketclub.com\\\/ro\\\/p\\\/us-open-collection-srebarna-grivna-s-tenis-raketa-meet-your-match\\\/\",\"name\":\"Br\u0103\u021bar\u0103 din argint cu rachet\u0103 de tenis \u201e\u00cent\u00e2lne\u0219te-\u021bi perechea\u201d - \u0420\u044a\u0447\u043d\u043e \u0438\u0437\u0440\u0430\u0431\u043e\u0442\u0435\u043d\u0438 \u0442\u0435\u043d\u0438\u0441 \u0431\u0438\u0436\u0443\u0442\u0430 \u0438 \u0430\u043a\u0441\u0435\u0441\u043e\u0430\u0440\u0438\",\"isPartOf\":{\"@id\":\"https:\\\/\\\/luxuryracketclub.com\\\/#website\"},\"primaryImageOfPage\":{\"@id\":\"https:\\\/\\\/luxuryracketclub.com\\\/ro\\\/p\\\/us-open-collection-srebarna-grivna-s-tenis-raketa-meet-your-match\\\/#primaryimage\"},\"image\":{\"@id\":\"https:\\\/\\\/luxuryracketclub.com\\\/ro\\\/p\\\/us-open-collection-srebarna-grivna-s-tenis-raketa-meet-your-match\\\/#primaryimage\"},\"thumbnailUrl\":\"https:\\\/\\\/luxuryracketclub.com\\\/wp-content\\\/uploads\\\/2023\\\/07\\\/product.srebarna-grivna-meet-your-match-min.jpg\",\"datePublished\":\"2025-04-05T12:05:25+00:00\",\"dateModified\":\"2025-08-29T03:28:33+00:00\",\"breadcrumb\":{\"@id\":\"https:\\\/\\\/luxuryracketclub.com\\\/ro\\\/p\\\/us-open-collection-srebarna-grivna-s-tenis-raketa-meet-your-match\\\/#breadcrumb\"},\"inLanguage\":\"ro-RO\",\"potentialAction\":[{\"@type\":\"ReadAction\",\"target\":[\"https:\\\/\\\/luxuryracketclub.com\\\/ro\\\/p\\\/us-open-collection-srebarna-grivna-s-tenis-raketa-meet-your-match\\\/\"]}]},{\"@type\":\"ImageObject\",\"inLanguage\":\"ro-RO\",\"@id\":\"https:\\\/\\\/luxuryracketclub.com\\\/ro\\\/p\\\/us-open-collection-srebarna-grivna-s-tenis-raketa-meet-your-match\\\/#primaryimage\",\"url\":\"https:\\\/\\\/luxuryracketclub.com\\\/wp-content\\\/uploads\\\/2023\\\/07\\\/product.srebarna-grivna-meet-your-match-min.jpg\",\"contentUrl\":\"https:\\\/\\\/luxuryracketclub.com\\\/wp-content\\\/uploads\\\/2023\\\/07\\\/product.srebarna-grivna-meet-your-match-min.jpg\",\"width\":1708,\"height\":1708,\"caption\":\"\u0421\u0440\u0435\u0431\u044a\u0440\u043d\u0430 \u0433\u0440\u0438\u0432\u043d\u0430 \\\"Meet your match\\\"\"},{\"@type\":\"BreadcrumbList\",\"@id\":\"https:\\\/\\\/luxuryracketclub.com\\\/ro\\\/p\\\/us-open-collection-srebarna-grivna-s-tenis-raketa-meet-your-match\\\/#breadcrumb\",\"itemListElement\":[{\"@type\":\"ListItem\",\"position\":1,\"name\":\"\u041d\u0430\u0447\u0430\u043b\u043e\",\"item\":\"https:\\\/\\\/luxuryracketclub.com\\\/ro\\\/\"},{\"@type\":\"ListItem\",\"position\":2,\"name\":\"Magazin\",\"item\":\"https:\\\/\\\/luxuryracketclub.com\\\/ro\\\/magazin\\\/\"},{\"@type\":\"ListItem\",\"position\":3,\"name\":\"Br\u0103\u021bar\u0103 din argint cu rachet\u0103 de tenis \u201e\u00cent\u00e2lne\u0219te-\u021bi perechea\u201d\"}]},{\"@type\":\"WebSite\",\"@id\":\"https:\\\/\\\/luxuryracketclub.com\\\/#website\",\"url\":\"https:\\\/\\\/luxuryracketclub.com\\\/\",\"name\":\"\u0420\u044a\u0447\u043d\u043e \u0438\u0437\u0440\u0430\u0431\u043e\u0442\u0435\u043d\u0438 \u0442\u0435\u043d\u0438\u0441 \u0431\u0438\u0436\u0443\u0442\u0430 \u0438 \u0430\u043a\u0441\u0435\u0441\u043e\u0430\u0440\u0438\",\"description\":\"\",\"potentialAction\":[{\"@type\":\"SearchAction\",\"target\":{\"@type\":\"EntryPoint\",\"urlTemplate\":\"https:\\\/\\\/luxuryracketclub.com\\\/?s={search_term_string}\"},\"query-input\":{\"@type\":\"PropertyValueSpecification\",\"valueRequired\":true,\"valueName\":\"search_term_string\"}}],\"inLanguage\":\"ro-RO\"}]}<\/script>\n<!-- \/ Yoast SEO plugin. -->","yoast_head_json":{"title":"Br\u0103\u021bar\u0103 din argint cu rachet\u0103 de tenis \u201e\u00cent\u00e2lne\u0219te-\u021bi perechea\u201d - \u0420\u044a\u0447\u043d\u043e \u0438\u0437\u0440\u0430\u0431\u043e\u0442\u0435\u043d\u0438 \u0442\u0435\u043d\u0438\u0441 \u0431\u0438\u0436\u0443\u0442\u0430 \u0438 \u0430\u043a\u0441\u0435\u0441\u043e\u0430\u0440\u0438","robots":{"index":"index","follow":"follow","max-snippet":"max-snippet:-1","max-image-preview":"max-image-preview:large","max-video-preview":"max-video-preview:-1"},"canonical":"https:\/\/luxuryracketclub.com\/ro\/p\/us-open-collection-srebarna-grivna-s-tenis-raketa-meet-your-match\/","og_locale":"ro_RO","og_type":"article","og_title":"Br\u0103\u021bar\u0103 din argint cu rachet\u0103 de tenis \u201e\u00cent\u00e2lne\u0219te-\u021bi perechea\u201d - \u0420\u044a\u0447\u043d\u043e \u0438\u0437\u0440\u0430\u0431\u043e\u0442\u0435\u043d\u0438 \u0442\u0435\u043d\u0438\u0441 \u0431\u0438\u0436\u0443\u0442\u0430 \u0438 \u0430\u043a\u0441\u0435\u0441\u043e\u0430\u0440\u0438","og_description":"Inima tenisului \u00eent\u00e2lne\u0219te stilul \u00een br\u0103\u021bara \u201eMeet Your Match\u201d - parte a colec\u021biei noastre \u00een edi\u021bie limitat\u0103 US Open. Fiecare meci \u00eencepe cu dragoste, iar aceast\u0103 br\u0103\u021bar\u0103 o dovede\u0219te prin elegan\u021ba \u0219i simbolismul s\u0103u. Combin\u00e2nd energia sportiv\u0103 a tenisului cu un design sofisticat, br\u0103\u021bara prezint\u0103 un lan\u021b dublu, care se termin\u0103 cu o \u00eencuietoare pentru o potrivire perfect\u0103. Punctul culminant este medalionul unic \u00een form\u0103 de rachet\u0103 de tenis, lucrat manual din argint cu \u0219nururi fine ajurate. M\u00e2nerul rachetei are forma unei inimi - un omagiu delicat adus pasiunii cu care se joac\u0103 jocul. LUXURY RACKET CLUB este art\u0103, cu aten\u021bie la fiecare detaliu.","og_url":"https:\/\/luxuryracketclub.com\/ro\/p\/us-open-collection-srebarna-grivna-s-tenis-raketa-meet-your-match\/","og_site_name":"\u0420\u044a\u0447\u043d\u043e \u0438\u0437\u0440\u0430\u0431\u043e\u0442\u0435\u043d\u0438 \u0442\u0435\u043d\u0438\u0441 \u0431\u0438\u0436\u0443\u0442\u0430 \u0438 \u0430\u043a\u0441\u0435\u0441\u043e\u0430\u0440\u0438","article_modified_time":"2025-08-29T03:28:33+00:00","og_image":[{"width":1708,"height":1708,"url":"https:\/\/luxuryracketclub.com\/wp-content\/uploads\/2023\/07\/product.srebarna-grivna-meet-your-match-min.jpg","type":"image\/jpeg"}],"twitter_card":"summary_large_image","twitter_misc":{"Timp estimat pentru citire":"1 minut"},"schema":{"@context":"https:\/\/schema.org","@graph":[{"@type":"WebPage","@id":"https:\/\/luxuryracketclub.com\/ro\/p\/us-open-collection-srebarna-grivna-s-tenis-raketa-meet-your-match\/","url":"https:\/\/luxuryracketclub.com\/ro\/p\/us-open-collection-srebarna-grivna-s-tenis-raketa-meet-your-match\/","name":"Br\u0103\u021bar\u0103 din argint cu rachet\u0103 de tenis \u201e\u00cent\u00e2lne\u0219te-\u021bi perechea\u201d - \u0420\u044a\u0447\u043d\u043e \u0438\u0437\u0440\u0430\u0431\u043e\u0442\u0435\u043d\u0438 \u0442\u0435\u043d\u0438\u0441 \u0431\u0438\u0436\u0443\u0442\u0430 \u0438 \u0430\u043a\u0441\u0435\u0441\u043e\u0430\u0440\u0438","isPartOf":{"@id":"https:\/\/luxuryracketclub.com\/#website"},"primaryImageOfPage":{"@id":"https:\/\/luxuryracketclub.com\/ro\/p\/us-open-collection-srebarna-grivna-s-tenis-raketa-meet-your-match\/#primaryimage"},"image":{"@id":"https:\/\/luxuryracketclub.com\/ro\/p\/us-open-collection-srebarna-grivna-s-tenis-raketa-meet-your-match\/#primaryimage"},"thumbnailUrl":"https:\/\/luxuryracketclub.com\/wp-content\/uploads\/2023\/07\/product.srebarna-grivna-meet-your-match-min.jpg","datePublished":"2025-04-05T12:05:25+00:00","dateModified":"2025-08-29T03:28:33+00:00","breadcrumb":{"@id":"https:\/\/luxuryracketclub.com\/ro\/p\/us-open-collection-srebarna-grivna-s-tenis-raketa-meet-your-match\/#breadcrumb"},"inLanguage":"ro-RO","potentialAction":[{"@type":"ReadAction","target":["https:\/\/luxuryracketclub.com\/ro\/p\/us-open-collection-srebarna-grivna-s-tenis-raketa-meet-your-match\/"]}]},{"@type":"ImageObject","inLanguage":"ro-RO","@id":"https:\/\/luxuryracketclub.com\/ro\/p\/us-open-collection-srebarna-grivna-s-tenis-raketa-meet-your-match\/#primaryimage","url":"https:\/\/luxuryracketclub.com\/wp-content\/uploads\/2023\/07\/product.srebarna-grivna-meet-your-match-min.jpg","contentUrl":"https:\/\/luxuryracketclub.com\/wp-content\/uploads\/2023\/07\/product.srebarna-grivna-meet-your-match-min.jpg","width":1708,"height":1708,"caption":"\u0421\u0440\u0435\u0431\u044a\u0440\u043d\u0430 \u0433\u0440\u0438\u0432\u043d\u0430 \"Meet your match\""},{"@type":"BreadcrumbList","@id":"https:\/\/luxuryracketclub.com\/ro\/p\/us-open-collection-srebarna-grivna-s-tenis-raketa-meet-your-match\/#breadcrumb","itemListElement":[{"@type":"ListItem","position":1,"name":"\u041d\u0430\u0447\u0430\u043b\u043e","item":"https:\/\/luxuryracketclub.com\/ro\/"},{"@type":"ListItem","position":2,"name":"Magazin","item":"https:\/\/luxuryracketclub.com\/ro\/magazin\/"},{"@type":"ListItem","position":3,"name":"Br\u0103\u021bar\u0103 din argint cu rachet\u0103 de tenis \u201e\u00cent\u00e2lne\u0219te-\u021bi perechea\u201d"}]},{"@type":"WebSite","@id":"https:\/\/luxuryracketclub.com\/#website","url":"https:\/\/luxuryracketclub.com\/","name":"\u0420\u044a\u0447\u043d\u043e \u0438\u0437\u0440\u0430\u0431\u043e\u0442\u0435\u043d\u0438 \u0442\u0435\u043d\u0438\u0441 \u0431\u0438\u0436\u0443\u0442\u0430 \u0438 \u0430\u043a\u0441\u0435\u0441\u043e\u0430\u0440\u0438","description":"","potentialAction":[{"@type":"SearchAction","target":{"@type":"EntryPoint","urlTemplate":"https:\/\/luxuryracketclub.com\/?s={search_term_string}"},"query-input":{"@type":"PropertyValueSpecification","valueRequired":true,"valueName":"search_term_string"}}],"inLanguage":"ro-RO"}]}},"_links":{"self":[{"href":"https:\/\/luxuryracketclub.com\/ro\/wp-json\/wp\/v2\/product\/14021","targetHints":{"allow":["GET"]}}],"collection":[{"href":"https:\/\/luxuryracketclub.com\/ro\/wp-json\/wp\/v2\/product"}],"about":[{"href":"https:\/\/luxuryracketclub.com\/ro\/wp-json\/wp\/v2\/types\/product"}],"replies":[{"embeddable":true,"href":"https:\/\/luxuryracketclub.com\/ro\/wp-json\/wp\/v2\/comments?post=14021"}],"wp:featuredmedia":[{"embeddable":true,"href":"https:\/\/luxuryracketclub.com\/ro\/wp-json\/wp\/v2\/media\/14026"}],"wp:attachment":[{"href":"https:\/\/luxuryracketclub.com\/ro\/wp-json\/wp\/v2\/media?parent=14021"}],"wp:term":[{"taxonomy":"product_brand","embeddable":true,"href":"https:\/\/luxuryracketclub.com\/ro\/wp-json\/wp\/v2\/product_brand?post=14021"},{"taxonomy":"product_cat","embeddable":true,"href":"https:\/\/luxuryracketclub.com\/ro\/wp-json\/wp\/v2\/product_cat?post=14021"},{"taxonomy":"product_tag","embeddable":true,"href":"https:\/\/luxuryracketclub.com\/ro\/wp-json\/wp\/v2\/product_tag?post=14021"}],"curies":[{"name":"wp","href":"https:\/\/api.w.org\/{rel}","templated":true}]}}