{"id":14007,"date":"2025-04-07T10:00:19","date_gmt":"2025-04-07T07:00:19","guid":{"rendered":"https:\/\/luxuryracketclub.com\/p\/tennis-de-luxe-visulka-tenis-raketa\/"},"modified":"2025-09-03T20:54:21","modified_gmt":"2025-09-03T17:54:21","slug":"tennis-de-luxe-visulka-tenis-raketa","status":"publish","type":"product","link":"https:\/\/luxuryracketclub.com\/ro\/p\/tennis-de-luxe-visulka-tenis-raketa\/","title":{"rendered":"Tennis de Luxe \u2013 Pandantiv cu rachet\u0103 de tenis"},"content":{"rendered":"","protected":false},"excerpt":{"rendered":"<p>Sofisticare, spirit sportiv \u0219i str\u0103lucire \u2013 toate acestea sunt reunite \u00een pandantivul \u201eTennis de Luxe\u201d, creat pentru iubitoarele de tenis \u0219i bijuterii fine. Combin\u00e2nd inspira\u021bia vintage cu luxul modern, acest pandantiv este o adev\u0103rat\u0103 bijuterie pentru fiecare doamn\u0103 cu gust pentru detalii.<\/p>\n<p>Realizat \u00een form\u0103 de rachet\u0103 de tenis, pandantivul este decorat cu 22 de zirconii albe str\u0103lucitoare, \u00eencrustate cu grij\u0103 de-a lungul cadrului. \u00cen centrul s\u0103u str\u0103luce\u0219te o piatr\u0103 pre\u021bioas\u0103 care simbolizeaz\u0103 mingea de tenis \u2013 cu op\u021biunea de a alege \u00een func\u021bie de stilul \u0219i preferin\u021bele personale.<\/p>\n<p>Potrivit pentru o zi de na\u0219tere, o aniversare sau pur \u0219i simplu un cadou special \u2013 pandantivul Tennis de Luxe va l\u0103sa o impresie de durat\u0103.<\/p>\n<p>Alege\u021bi piatra central\u0103 din meniul derulant \u0219i comanda\u021bi acum!<\/p>\n<p>LUXURY RACKET CLUB este art\u0103, cu aten\u021bie la fiecare detaliu.<\/p>\n","protected":false},"featured_media":16070,"comment_status":"open","ping_status":"closed","template":"","meta":{"_acf_changed":false,"_nectar_blocks_hide_post_title":false,"_nectar_blocks_transparent_header_effect":false,"_nectar_blocks_transparent_header_effect_color":"light","_nectar_blocks_header_animation":false,"_nectar_blocks_header_animation_delay":0,"_nectar_blocks_header_animation_effect":"fade","_nectar_blocks_page_css":"","_nectar_blocks_page_js":"","inline_featured_image":false},"product_brand":[],"product_cat":[859],"product_tag":[908,841,970],"class_list":{"0":"post-14007","1":"product","2":"type-product","3":"status-publish","4":"has-post-thumbnail","6":"product_cat-pandantive","7":"product_tag-bijuterii-de-tenis","8":"product_tag-podarak-za-tenisist-ro","9":"product_tag-tenis-stil-ro","11":"first","12":"instock","13":"sale","14":"shipping-taxable","15":"purchasable","16":"product-type-variable"},"acf":[],"yoast_head":"<!-- This site is optimized with the Yoast SEO plugin v27.4 - https:\/\/yoast.com\/product\/yoast-seo-wordpress\/ -->\n<title>Tennis de Luxe \u2013 Pandantiv cu rachet\u0103 de tenis - \u0420\u044a\u0447\u043d\u043e \u0438\u0437\u0440\u0430\u0431\u043e\u0442\u0435\u043d\u0438 \u0442\u0435\u043d\u0438\u0441 \u0431\u0438\u0436\u0443\u0442\u0430 \u0438 \u0430\u043a\u0441\u0435\u0441\u043e\u0430\u0440\u0438<\/title>\n<meta name=\"robots\" content=\"index, follow, max-snippet:-1, max-image-preview:large, max-video-preview:-1\" \/>\n<link rel=\"canonical\" href=\"https:\/\/luxuryracketclub.com\/ro\/p\/tennis-de-luxe-visulka-tenis-raketa\/\" \/>\n<meta property=\"og:locale\" content=\"ro_RO\" \/>\n<meta property=\"og:type\" content=\"article\" \/>\n<meta property=\"og:title\" content=\"Tennis de Luxe \u2013 Pandantiv cu rachet\u0103 de tenis - \u0420\u044a\u0447\u043d\u043e \u0438\u0437\u0440\u0430\u0431\u043e\u0442\u0435\u043d\u0438 \u0442\u0435\u043d\u0438\u0441 \u0431\u0438\u0436\u0443\u0442\u0430 \u0438 \u0430\u043a\u0441\u0435\u0441\u043e\u0430\u0440\u0438\" \/>\n<meta property=\"og:description\" content=\"Sofisticare, spirit sportiv \u0219i str\u0103lucire \u2013 toate acestea sunt reunite \u00een pandantivul \u201eTennis de Luxe\u201d, creat pentru iubitoarele de tenis \u0219i bijuterii fine. Combin\u00e2nd inspira\u021bia vintage cu luxul modern, acest pandantiv este o adev\u0103rat\u0103 bijuterie pentru fiecare doamn\u0103 cu gust pentru detalii.  Realizat \u00een form\u0103 de rachet\u0103 de tenis, pandantivul este decorat cu 22 de zirconii albe str\u0103lucitoare, \u00eencrustate cu grij\u0103 de-a lungul cadrului. \u00cen centrul s\u0103u str\u0103luce\u0219te o piatr\u0103 pre\u021bioas\u0103 care simbolizeaz\u0103 mingea de tenis \u2013 cu op\u021biunea de a alege \u00een func\u021bie de stilul \u0219i preferin\u021bele personale.  Potrivit pentru o zi de na\u0219tere, o aniversare sau pur \u0219i simplu un cadou special \u2013 pandantivul Tennis de Luxe va l\u0103sa o impresie de durat\u0103.  Alege\u021bi piatra central\u0103 din meniul derulant \u0219i comanda\u021bi acum!  LUXURY RACKET CLUB este art\u0103, cu aten\u021bie la fiecare detaliu.\" \/>\n<meta property=\"og:url\" content=\"https:\/\/luxuryracketclub.com\/ro\/p\/tennis-de-luxe-visulka-tenis-raketa\/\" \/>\n<meta property=\"og:site_name\" content=\"\u0420\u044a\u0447\u043d\u043e \u0438\u0437\u0440\u0430\u0431\u043e\u0442\u0435\u043d\u0438 \u0442\u0435\u043d\u0438\u0441 \u0431\u0438\u0436\u0443\u0442\u0430 \u0438 \u0430\u043a\u0441\u0435\u0441\u043e\u0430\u0440\u0438\" \/>\n<meta property=\"article:modified_time\" content=\"2025-09-03T17:54:21+00:00\" \/>\n<meta property=\"og:image\" content=\"https:\/\/luxuryracketclub.com\/wp-content\/uploads\/2025\/04\/tennis-de-luxe-tennis-visulka-scaled.jpg\" \/>\n\t<meta property=\"og:image:width\" content=\"1920\" \/>\n\t<meta property=\"og:image:height\" content=\"1684\" \/>\n\t<meta property=\"og:image:type\" content=\"image\/jpeg\" \/>\n<meta name=\"twitter:card\" content=\"summary_large_image\" \/>\n<meta name=\"twitter:label1\" content=\"Timp estimat pentru citire\" \/>\n\t<meta name=\"twitter:data1\" content=\"1 minut\" \/>\n<script type=\"application\/ld+json\" class=\"yoast-schema-graph\">{\"@context\":\"https:\\\/\\\/schema.org\",\"@graph\":[{\"@type\":\"WebPage\",\"@id\":\"https:\\\/\\\/luxuryracketclub.com\\\/ro\\\/p\\\/tennis-de-luxe-visulka-tenis-raketa\\\/\",\"url\":\"https:\\\/\\\/luxuryracketclub.com\\\/ro\\\/p\\\/tennis-de-luxe-visulka-tenis-raketa\\\/\",\"name\":\"Tennis de Luxe \u2013 Pandantiv cu rachet\u0103 de tenis - \u0420\u044a\u0447\u043d\u043e \u0438\u0437\u0440\u0430\u0431\u043e\u0442\u0435\u043d\u0438 \u0442\u0435\u043d\u0438\u0441 \u0431\u0438\u0436\u0443\u0442\u0430 \u0438 \u0430\u043a\u0441\u0435\u0441\u043e\u0430\u0440\u0438\",\"isPartOf\":{\"@id\":\"https:\\\/\\\/luxuryracketclub.com\\\/#website\"},\"primaryImageOfPage\":{\"@id\":\"https:\\\/\\\/luxuryracketclub.com\\\/ro\\\/p\\\/tennis-de-luxe-visulka-tenis-raketa\\\/#primaryimage\"},\"image\":{\"@id\":\"https:\\\/\\\/luxuryracketclub.com\\\/ro\\\/p\\\/tennis-de-luxe-visulka-tenis-raketa\\\/#primaryimage\"},\"thumbnailUrl\":\"https:\\\/\\\/luxuryracketclub.com\\\/wp-content\\\/uploads\\\/2025\\\/04\\\/tennis-de-luxe-tennis-visulka.png\",\"datePublished\":\"2025-04-07T07:00:19+00:00\",\"dateModified\":\"2025-09-03T17:54:21+00:00\",\"breadcrumb\":{\"@id\":\"https:\\\/\\\/luxuryracketclub.com\\\/ro\\\/p\\\/tennis-de-luxe-visulka-tenis-raketa\\\/#breadcrumb\"},\"inLanguage\":\"ro-RO\",\"potentialAction\":[{\"@type\":\"ReadAction\",\"target\":[\"https:\\\/\\\/luxuryracketclub.com\\\/ro\\\/p\\\/tennis-de-luxe-visulka-tenis-raketa\\\/\"]}]},{\"@type\":\"ImageObject\",\"inLanguage\":\"ro-RO\",\"@id\":\"https:\\\/\\\/luxuryracketclub.com\\\/ro\\\/p\\\/tennis-de-luxe-visulka-tenis-raketa\\\/#primaryimage\",\"url\":\"https:\\\/\\\/luxuryracketclub.com\\\/wp-content\\\/uploads\\\/2025\\\/04\\\/tennis-de-luxe-tennis-visulka.png\",\"contentUrl\":\"https:\\\/\\\/luxuryracketclub.com\\\/wp-content\\\/uploads\\\/2025\\\/04\\\/tennis-de-luxe-tennis-visulka.png\",\"width\":1800,\"height\":1800,\"caption\":\"Tennis de Luxe \u2013 \u0412\u0438\u0441\u0443\u043b\u043a\u0430 \u0422\u0435\u043d\u0438\u0441 \u0420\u0430\u043a\u0435\u0442\u0430\"},{\"@type\":\"BreadcrumbList\",\"@id\":\"https:\\\/\\\/luxuryracketclub.com\\\/ro\\\/p\\\/tennis-de-luxe-visulka-tenis-raketa\\\/#breadcrumb\",\"itemListElement\":[{\"@type\":\"ListItem\",\"position\":1,\"name\":\"\u041d\u0430\u0447\u0430\u043b\u043e\",\"item\":\"https:\\\/\\\/luxuryracketclub.com\\\/ro\\\/\"},{\"@type\":\"ListItem\",\"position\":2,\"name\":\"Magazin\",\"item\":\"https:\\\/\\\/luxuryracketclub.com\\\/ro\\\/magazin\\\/\"},{\"@type\":\"ListItem\",\"position\":3,\"name\":\"Tennis de Luxe \u2013 Pandantiv cu rachet\u0103 de tenis\"}]},{\"@type\":\"WebSite\",\"@id\":\"https:\\\/\\\/luxuryracketclub.com\\\/#website\",\"url\":\"https:\\\/\\\/luxuryracketclub.com\\\/\",\"name\":\"\u0420\u044a\u0447\u043d\u043e \u0438\u0437\u0440\u0430\u0431\u043e\u0442\u0435\u043d\u0438 \u0442\u0435\u043d\u0438\u0441 \u0431\u0438\u0436\u0443\u0442\u0430 \u0438 \u0430\u043a\u0441\u0435\u0441\u043e\u0430\u0440\u0438\",\"description\":\"\",\"potentialAction\":[{\"@type\":\"SearchAction\",\"target\":{\"@type\":\"EntryPoint\",\"urlTemplate\":\"https:\\\/\\\/luxuryracketclub.com\\\/?s={search_term_string}\"},\"query-input\":{\"@type\":\"PropertyValueSpecification\",\"valueRequired\":true,\"valueName\":\"search_term_string\"}}],\"inLanguage\":\"ro-RO\"}]}<\/script>\n<!-- \/ Yoast SEO plugin. -->","yoast_head_json":{"title":"Tennis de Luxe \u2013 Pandantiv cu rachet\u0103 de tenis - \u0420\u044a\u0447\u043d\u043e \u0438\u0437\u0440\u0430\u0431\u043e\u0442\u0435\u043d\u0438 \u0442\u0435\u043d\u0438\u0441 \u0431\u0438\u0436\u0443\u0442\u0430 \u0438 \u0430\u043a\u0441\u0435\u0441\u043e\u0430\u0440\u0438","robots":{"index":"index","follow":"follow","max-snippet":"max-snippet:-1","max-image-preview":"max-image-preview:large","max-video-preview":"max-video-preview:-1"},"canonical":"https:\/\/luxuryracketclub.com\/ro\/p\/tennis-de-luxe-visulka-tenis-raketa\/","og_locale":"ro_RO","og_type":"article","og_title":"Tennis de Luxe \u2013 Pandantiv cu rachet\u0103 de tenis - \u0420\u044a\u0447\u043d\u043e \u0438\u0437\u0440\u0430\u0431\u043e\u0442\u0435\u043d\u0438 \u0442\u0435\u043d\u0438\u0441 \u0431\u0438\u0436\u0443\u0442\u0430 \u0438 \u0430\u043a\u0441\u0435\u0441\u043e\u0430\u0440\u0438","og_description":"Sofisticare, spirit sportiv \u0219i str\u0103lucire \u2013 toate acestea sunt reunite \u00een pandantivul \u201eTennis de Luxe\u201d, creat pentru iubitoarele de tenis \u0219i bijuterii fine. Combin\u00e2nd inspira\u021bia vintage cu luxul modern, acest pandantiv este o adev\u0103rat\u0103 bijuterie pentru fiecare doamn\u0103 cu gust pentru detalii.  Realizat \u00een form\u0103 de rachet\u0103 de tenis, pandantivul este decorat cu 22 de zirconii albe str\u0103lucitoare, \u00eencrustate cu grij\u0103 de-a lungul cadrului. \u00cen centrul s\u0103u str\u0103luce\u0219te o piatr\u0103 pre\u021bioas\u0103 care simbolizeaz\u0103 mingea de tenis \u2013 cu op\u021biunea de a alege \u00een func\u021bie de stilul \u0219i preferin\u021bele personale.  Potrivit pentru o zi de na\u0219tere, o aniversare sau pur \u0219i simplu un cadou special \u2013 pandantivul Tennis de Luxe va l\u0103sa o impresie de durat\u0103.  Alege\u021bi piatra central\u0103 din meniul derulant \u0219i comanda\u021bi acum!  LUXURY RACKET CLUB este art\u0103, cu aten\u021bie la fiecare detaliu.","og_url":"https:\/\/luxuryracketclub.com\/ro\/p\/tennis-de-luxe-visulka-tenis-raketa\/","og_site_name":"\u0420\u044a\u0447\u043d\u043e \u0438\u0437\u0440\u0430\u0431\u043e\u0442\u0435\u043d\u0438 \u0442\u0435\u043d\u0438\u0441 \u0431\u0438\u0436\u0443\u0442\u0430 \u0438 \u0430\u043a\u0441\u0435\u0441\u043e\u0430\u0440\u0438","article_modified_time":"2025-09-03T17:54:21+00:00","og_image":[{"width":1920,"height":1684,"url":"https:\/\/luxuryracketclub.com\/wp-content\/uploads\/2025\/04\/tennis-de-luxe-tennis-visulka-scaled.jpg","type":"image\/jpeg"}],"twitter_card":"summary_large_image","twitter_misc":{"Timp estimat pentru citire":"1 minut"},"schema":{"@context":"https:\/\/schema.org","@graph":[{"@type":"WebPage","@id":"https:\/\/luxuryracketclub.com\/ro\/p\/tennis-de-luxe-visulka-tenis-raketa\/","url":"https:\/\/luxuryracketclub.com\/ro\/p\/tennis-de-luxe-visulka-tenis-raketa\/","name":"Tennis de Luxe \u2013 Pandantiv cu rachet\u0103 de tenis - \u0420\u044a\u0447\u043d\u043e \u0438\u0437\u0440\u0430\u0431\u043e\u0442\u0435\u043d\u0438 \u0442\u0435\u043d\u0438\u0441 \u0431\u0438\u0436\u0443\u0442\u0430 \u0438 \u0430\u043a\u0441\u0435\u0441\u043e\u0430\u0440\u0438","isPartOf":{"@id":"https:\/\/luxuryracketclub.com\/#website"},"primaryImageOfPage":{"@id":"https:\/\/luxuryracketclub.com\/ro\/p\/tennis-de-luxe-visulka-tenis-raketa\/#primaryimage"},"image":{"@id":"https:\/\/luxuryracketclub.com\/ro\/p\/tennis-de-luxe-visulka-tenis-raketa\/#primaryimage"},"thumbnailUrl":"https:\/\/luxuryracketclub.com\/wp-content\/uploads\/2025\/04\/tennis-de-luxe-tennis-visulka.png","datePublished":"2025-04-07T07:00:19+00:00","dateModified":"2025-09-03T17:54:21+00:00","breadcrumb":{"@id":"https:\/\/luxuryracketclub.com\/ro\/p\/tennis-de-luxe-visulka-tenis-raketa\/#breadcrumb"},"inLanguage":"ro-RO","potentialAction":[{"@type":"ReadAction","target":["https:\/\/luxuryracketclub.com\/ro\/p\/tennis-de-luxe-visulka-tenis-raketa\/"]}]},{"@type":"ImageObject","inLanguage":"ro-RO","@id":"https:\/\/luxuryracketclub.com\/ro\/p\/tennis-de-luxe-visulka-tenis-raketa\/#primaryimage","url":"https:\/\/luxuryracketclub.com\/wp-content\/uploads\/2025\/04\/tennis-de-luxe-tennis-visulka.png","contentUrl":"https:\/\/luxuryracketclub.com\/wp-content\/uploads\/2025\/04\/tennis-de-luxe-tennis-visulka.png","width":1800,"height":1800,"caption":"Tennis de Luxe \u2013 \u0412\u0438\u0441\u0443\u043b\u043a\u0430 \u0422\u0435\u043d\u0438\u0441 \u0420\u0430\u043a\u0435\u0442\u0430"},{"@type":"BreadcrumbList","@id":"https:\/\/luxuryracketclub.com\/ro\/p\/tennis-de-luxe-visulka-tenis-raketa\/#breadcrumb","itemListElement":[{"@type":"ListItem","position":1,"name":"\u041d\u0430\u0447\u0430\u043b\u043e","item":"https:\/\/luxuryracketclub.com\/ro\/"},{"@type":"ListItem","position":2,"name":"Magazin","item":"https:\/\/luxuryracketclub.com\/ro\/magazin\/"},{"@type":"ListItem","position":3,"name":"Tennis de Luxe \u2013 Pandantiv cu rachet\u0103 de tenis"}]},{"@type":"WebSite","@id":"https:\/\/luxuryracketclub.com\/#website","url":"https:\/\/luxuryracketclub.com\/","name":"\u0420\u044a\u0447\u043d\u043e \u0438\u0437\u0440\u0430\u0431\u043e\u0442\u0435\u043d\u0438 \u0442\u0435\u043d\u0438\u0441 \u0431\u0438\u0436\u0443\u0442\u0430 \u0438 \u0430\u043a\u0441\u0435\u0441\u043e\u0430\u0440\u0438","description":"","potentialAction":[{"@type":"SearchAction","target":{"@type":"EntryPoint","urlTemplate":"https:\/\/luxuryracketclub.com\/?s={search_term_string}"},"query-input":{"@type":"PropertyValueSpecification","valueRequired":true,"valueName":"search_term_string"}}],"inLanguage":"ro-RO"}]}},"_links":{"self":[{"href":"https:\/\/luxuryracketclub.com\/ro\/wp-json\/wp\/v2\/product\/14007","targetHints":{"allow":["GET"]}}],"collection":[{"href":"https:\/\/luxuryracketclub.com\/ro\/wp-json\/wp\/v2\/product"}],"about":[{"href":"https:\/\/luxuryracketclub.com\/ro\/wp-json\/wp\/v2\/types\/product"}],"replies":[{"embeddable":true,"href":"https:\/\/luxuryracketclub.com\/ro\/wp-json\/wp\/v2\/comments?post=14007"}],"wp:featuredmedia":[{"embeddable":true,"href":"https:\/\/luxuryracketclub.com\/ro\/wp-json\/wp\/v2\/media\/16070"}],"wp:attachment":[{"href":"https:\/\/luxuryracketclub.com\/ro\/wp-json\/wp\/v2\/media?parent=14007"}],"wp:term":[{"taxonomy":"product_brand","embeddable":true,"href":"https:\/\/luxuryracketclub.com\/ro\/wp-json\/wp\/v2\/product_brand?post=14007"},{"taxonomy":"product_cat","embeddable":true,"href":"https:\/\/luxuryracketclub.com\/ro\/wp-json\/wp\/v2\/product_cat?post=14007"},{"taxonomy":"product_tag","embeddable":true,"href":"https:\/\/luxuryracketclub.com\/ro\/wp-json\/wp\/v2\/product_tag?post=14007"}],"curies":[{"name":"wp","href":"https:\/\/api.w.org\/{rel}","templated":true}]}}