{"id":14659,"date":"2024-05-19T13:05:59","date_gmt":"2024-05-19T10:05:59","guid":{"rendered":"https:\/\/luxuryracketclub.com\/?page_id=14659"},"modified":"2026-01-30T14:27:22","modified_gmt":"2026-01-30T12:27:22","slug":"vaprosi","status":"publish","type":"page","link":"https:\/\/luxuryracketclub.com\/ro\/vaprosi\/","title":{"rendered":"\u00centreb\u0103ri frecvente"},"content":{"rendered":"\n<h4 id=\"block-kimJ1H5wPn\" class=\"wp-block-nectar-blocks-text nectar-blocks-text\">Luxury Racket Club creeaz\u0103 bijuterii fine unice din argint \u0219i aur, inspirate de sportul tenisului, care \u00ee\u021bi vor completa stilul at\u00e2t pe teren, c\u00e2t \u0219i \u00een afara lui.<\/h4>\n\n\n\n<h5 id=\"block-LkZyWAN3Pe\" class=\"wp-block-nectar-blocks-text nectar-blocks-text\">Livrare<\/h5>\n\n\n\n<p id=\"block-J2BMDpDcgh\" class=\"wp-block-nectar-blocks-text nectar-blocks-text\">Noi, cei de la Luxury Racket Club, suntem implica\u021bi activ \u00een fiecare etap\u0103 a procesului de ambalare, expediere \u0219i livrare. Fiecare pies\u0103 este ambalat\u0103 cu grij\u0103 de c\u0103tre artist sau de c\u0103tre unul dintre angaja\u021bii no\u0219tri. Pentru a-i ajuta pe arti\u0219tii no\u0219tri pe parcurs \u0219i pentru a v\u0103 asigura un proces de livrare f\u0103r\u0103 probleme, am stabilit instruc\u021biuni specifice de ambalare pentru fiecare oper\u0103 de art\u0103, pe care to\u021bi arti\u0219tii \u0219i angaja\u021bii no\u0219tri le respect\u0103. Sarcina este apoi \u00eencredin\u021bat\u0103 unui transportator specializat.<\/p>\n\n\n\n<h5 id=\"block-SLO277iCWR\" class=\"wp-block-nectar-blocks-text nectar-blocks-text\">Care este costul de livrare?<\/h5>\n\n\n\n<p id=\"block-6C3qaed7mn\" class=\"wp-block-nectar-blocks-text nectar-blocks-text\">Este complet gratuit pentru toate comenzile din Europa care dep\u0103\u0219esc 100 \u20ac!<\/p>\n\n\n\n<h5 id=\"block-7W04St6UxP\" class=\"wp-block-nectar-blocks-text nectar-blocks-text\">Cum sunt ambalate operele de art\u0103?<\/h5>\n\n\n\n<p id=\"block-LBOu1zkV3w\" class=\"wp-block-nectar-blocks-text nectar-blocks-text\">Fiecare pies\u0103 este ambalat\u0103 \u00een propria cutie ecologic\u0103, special conceput\u0103 pentru a se potrivi perfect operei de art\u0103 \u0219i a o proteja de deteriorare \u00een timpul transportului. Arti\u0219tii \u0219i personalul nostru sunt instrui\u021bi cu privire la modul de preg\u0103tire a ambalajului pentru fiecare articol \u00een parte. \u00cenainte de expediere, inspect\u0103m lucrarea \u0219i ne asigur\u0103m c\u0103 este protejat\u0103 corespunz\u0103tor.<\/p>\n\n\n\n<h5 id=\"block-kEk0ccmzC1\" class=\"wp-block-nectar-blocks-text nectar-blocks-text\">C\u00e2t dureaz\u0103 livrarea \u0219i cine se ocup\u0103 de livrare?<\/h5>\n\n\n\n<p id=\"block-OMRKXt2QvF\" class=\"wp-block-nectar-blocks-text nectar-blocks-text\">Odat\u0103 ce plata este procesat\u0103, livrarea dureaz\u0103 \u00een medie 5-7 zile lucr\u0103toare, permi\u021b\u00e2nd timp pentru ambalare \u0219i expediere. Folosim serviciile po\u0219tale <a href=\"https:\/\/www.a1post.bg\/en\/track\/\">A1<\/a>, deoarece acestea ofer\u0103 cele mai rapide op\u021biuni de livrare \u0219i o asigurare care acoper\u0103 valoarea integral\u0103 a bunurilor expediate.<\/p>\n\n\n\n<h5 id=\"block-MB6AoaSDtc\" class=\"wp-block-nectar-blocks-text nectar-blocks-text\">Cum urm\u0103resc progresul produsului meu?<\/h5>\n\n\n\n<p id=\"block-zfyyyv6fXg\" class=\"wp-block-nectar-blocks-text nectar-blocks-text\">C\u00e2nd plasa\u021bi o comand\u0103, vi se va furniza un num\u0103r de urm\u0103rire. Pute\u021bi verifica cele mai recente informa\u021bii despre mi\u0219carea expedierii dvs. aici: <a href=\"https:\/\/www.a1post.bg\/en\/track\/\">A1 post tracking<\/a>.<\/p>\n\n\n\n<p id=\"block-AYZqg12h07\" class=\"wp-block-nectar-blocks-text nectar-blocks-text\">Dac\u0103 nu g\u0103si\u021bi e-mailul original care con\u021bine num\u0103rul de urm\u0103rire sau dac\u0103 ave\u021bi alte \u00eentreb\u0103ri despre achizi\u021bie, v\u0103 rug\u0103m s\u0103 ne trimite\u021bi un e-mail la adresa luxuryracketclub@gmail.com sau s\u0103 ne suna\u021bi la +359 88 4082939 \u00een timpul programului nostru de lucru (07:00 \u2013 16:00 GMT), de luni p\u00e2n\u0103 vineri.<\/p>\n\n\n\n<h5 id=\"block-2yVKUeDBAW\" class=\"wp-block-nectar-blocks-text nectar-blocks-text\">Politica de returnare a produselor<\/h5>\n\n\n\n<p id=\"block-5L7JyGdDrz\" class=\"wp-block-nectar-blocks-text nectar-blocks-text\">Scopul nostru este s\u0103 v\u0103 oferim cele mai bune produse posibile \u0219i o experien\u021b\u0103 impecabil\u0103, f\u0103r\u0103 probleme \u0219i pl\u0103cut\u0103. Cu toate acestea, suntem reali\u0219ti \u0219i \u0219tim c\u0103 uneori lucrurile nu pot merge conform a\u0219tept\u0103rilor\u2026 Bijuteriile realizate \u0219i oferite de noi pot fi returnate \u0219i\/sau schimbate \u00een termen de 14 zile de la data achizi\u021biei, conform articolului 55, alineatul 1 din Legea privind protec\u021bia consumatorilor. Conform legii, comerciantul este obligat s\u0103 ramburseze contravaloarea produsului achizi\u021bionat \u00een termen de 14 zile de la primirea produsului \u00een stare bun\u0103.<\/p>\n\n\n\n<p id=\"block-USd36hZZMX\" class=\"wp-block-nectar-blocks-text nectar-blocks-text\">Ave\u021bi op\u021biunea de a returna\/schimba o bijuterie dac\u0103: \u2013 produsul nu a fost folosit sau purtat; \u2013 ambalajul este intact \u0219i \u00een starea sa original\u0103 de v\u00e2nzare; \u2013 nu exist\u0103 pietre rupte sau zg\u00e2riate; \u2013 nu exist\u0103 detalii lips\u0103; \u2013 nu exist\u0103 elemente zdrobite sau deformate; \u2013 nu exist\u0103 \u00eencuietori deteriorate. Cum func\u021bioneaz\u0103 rambursarea? Vi se va rambursa suma dup\u0103 ce produsul este returnat \u00een magazin. Cine pl\u0103te\u0219te costurile de returnare? Comenzile personalizate nu fac obiectul return\u0103rii! Costurile de returnare a produsului sunt suportate de c\u0103tre cump\u0103r\u0103tor.<\/p>\n\n\n\n<h5 id=\"block-HKcocuIroi\" class=\"wp-block-nectar-blocks-text nectar-blocks-text\">Ce ar trebui s\u0103 fac dac\u0103 m\u0103rimea bijuteriilor cump\u0103rate nu se potrive\u0219te?<\/h5>\n\n\n\n<p id=\"block-Iy6EU0ZCMc\" class=\"wp-block-nectar-blocks-text nectar-blocks-text\">Dac\u0103 descoperi\u021bi acest lucru \u00een termen de 14 zile de la data achizi\u021biei, pute\u021bi schimba articolul prezent\u00e2nd Certificatul de Autenticitate emis la achizi\u021bionarea bijuteriilor.<\/p>\n\n\n\n<h5 id=\"block-emVxsTT4d7\" class=\"wp-block-nectar-blocks-text nectar-blocks-text\">Pot schimba o bijuterie?<\/h5>\n\n\n\n<p id=\"block-yZrW3tqdtX\" class=\"wp-block-nectar-blocks-text nectar-blocks-text\">Un articol poate fi schimbat cu un alt articol\/voucher o singur\u0103 dat\u0103, \u00een termen de 14 zile de la data achizi\u021biei, cu condi\u021bia prezent\u0103rii unui Certificat de Autenticitate \u0219i a unei chitan\u021be, dac\u0103 bijuteria este \u00een starea original\u0103 \u0219i dac\u0103 nu a fost achizi\u021bionat\u0103 \u00een condi\u021bii promo\u021bionale. O pute\u021bi schimba pentru aceea\u0219i valoare sau o valoare mai mare, pl\u0103tind suplimentar.<\/p>\n\n\n\n<h5 id=\"block-cuESrM1Cwi\" class=\"wp-block-nectar-blocks-text nectar-blocks-text\">Care este garan\u021bia pentru bijuterii?<\/h5>\n\n\n\n<p id=\"block-79cTlZjdm2\" class=\"wp-block-nectar-blocks-text nectar-blocks-text\">Garan\u021bia de fabrica\u021bie pentru toate bijuteriile oferite este de 2 ani.<\/p>\n\n\n\n<h5 id=\"block-pPYkeP7WdQ\" class=\"wp-block-nectar-blocks-text nectar-blocks-text\">Ce este un defect de fabrica\u021bie?<\/h5>\n\n\n\n<p id=\"block-dGY3eY7TYQ\" class=\"wp-block-nectar-blocks-text nectar-blocks-text\">Un defect de fabrica\u021bie este orice deteriorare care nu este cauzat\u0103 de impact mecanic \u0219i este inerent\u0103 procesului de fabrica\u021bie al articolului. Un bijutier specializat este obligat s\u0103 inspecteze \u0219i s\u0103 evalueze cauzele. Dac\u0103 se constat\u0103 c\u0103 exist\u0103 un defect de material sau de fabrica\u021bie, reclama\u021bia dumneavoastr\u0103 va fi satisf\u0103cut\u0103.<\/p>\n","protected":false},"excerpt":{"rendered":"","protected":false},"author":2,"featured_media":0,"parent":0,"menu_order":0,"comment_status":"closed","ping_status":"closed","template":"","meta":{"_acf_changed":false,"_nectar_blocks_hide_post_title":false,"_nectar_blocks_transparent_header_effect":false,"_nectar_blocks_transparent_header_effect_color":"light","_nectar_blocks_header_animation":false,"_nectar_blocks_header_animation_delay":0,"_nectar_blocks_header_animation_effect":"fade","_nectar_blocks_page_css":"","_nectar_blocks_page_js":"","inline_featured_image":false,"footnotes":""},"class_list":["post-14659","page","type-page","status-publish"],"acf":[],"yoast_head":"<!-- This site is optimized with the Yoast SEO plugin v27.4 - https:\/\/yoast.com\/product\/yoast-seo-wordpress\/ -->\n<title>\u00centreb\u0103ri frecvente - \u0420\u044a\u0447\u043d\u043e \u0438\u0437\u0440\u0430\u0431\u043e\u0442\u0435\u043d\u0438 \u0442\u0435\u043d\u0438\u0441 \u0431\u0438\u0436\u0443\u0442\u0430 \u0438 \u0430\u043a\u0441\u0435\u0441\u043e\u0430\u0440\u0438<\/title>\n<meta name=\"description\" content=\"\u0418\u043c\u0430\u0442\u0435 \u0432\u044a\u043f\u0440\u043e\u0441\u0438? \u0412 LUXURY RACKET CLUB \u0441\u043c\u0435 \u0442\u0443\u043a, \u0437\u0430 \u0434\u0430 \u0432\u0438 \u043f\u043e\u043c\u043e\u0433\u043d\u0435\u043c! \ud83c\udfbe\u2728 \u0420\u0430\u0437\u0433\u043b\u0435\u0434\u0430\u0439\u0442\u0435 \u043d\u0430\u0448\u0430\u0442\u0430 \u0441\u0435\u043a\u0446\u0438\u044f \u0441 \u0447\u0435\u0441\u0442\u043e \u0437\u0430\u0434\u0430\u0432\u0430\u043d\u0438 \u0432\u044a\u043f\u0440\u043e\u0441\u0438 \u0438 \u043e\u0442\u043a\u0440\u0438\u0439\u0442\u0435 \u0432\u0441\u0438\u0447\u043a\u043e \u0437\u0430 \u0434\u043e\u0441\u0442\u0430\u0432\u043a\u0430, \u043e\u043f\u0430\u043a\u043e\u0432\u0430\u043d\u0435, \u0432\u0440\u044a\u0449\u0430\u043d\u0435, \u0433\u0430\u0440\u0430\u043d\u0446\u0438\u044f \u0438 \u0433\u0440\u0438\u0436\u0430 \u0437\u0430 \u043d\u0430\u0448\u0438\u0442\u0435 \u0438\u0437\u044f\u0449\u043d\u0438 \u0442\u0435\u043d\u0438\u0441 \u0431\u0438\u0436\u0443\u0442\u0430 \u043e\u0442 \u0441\u0440\u0435\u0431\u0440\u043e \u0438 \u0437\u043b\u0430\u0442\u043e. \u041e\u0441\u0438\u0433\u0443\u0440\u044f\u0432\u0430\u043c\u0435 \u0432\u0438 \u0431\u0435\u0437\u043f\u0440\u043e\u0431\u043b\u0435\u043c\u043d\u043e \u0438\u0437\u0436\u0438\u0432\u044f\u0432\u0430\u043d\u0435 \u2013 \u043e\u0442 \u043f\u043e\u0440\u044a\u0447\u043a\u0430\u0442\u0430 \u0434\u043e \u043f\u043e\u043b\u0443\u0447\u0430\u0432\u0430\u043d\u0435\u0442\u043e!\" \/>\n<meta name=\"robots\" content=\"index, follow, max-snippet:-1, max-image-preview:large, max-video-preview:-1\" \/>\n<link rel=\"canonical\" href=\"https:\/\/luxuryracketclub.com\/ro\/vaprosi\/\" \/>\n<meta property=\"og:locale\" content=\"ro_RO\" \/>\n<meta property=\"og:type\" content=\"article\" \/>\n<meta property=\"og:title\" content=\"\u00centreb\u0103ri frecvente - \u0420\u044a\u0447\u043d\u043e \u0438\u0437\u0440\u0430\u0431\u043e\u0442\u0435\u043d\u0438 \u0442\u0435\u043d\u0438\u0441 \u0431\u0438\u0436\u0443\u0442\u0430 \u0438 \u0430\u043a\u0441\u0435\u0441\u043e\u0430\u0440\u0438\" \/>\n<meta property=\"og:description\" content=\"\u0418\u043c\u0430\u0442\u0435 \u0432\u044a\u043f\u0440\u043e\u0441\u0438? \u0412 LUXURY RACKET CLUB \u0441\u043c\u0435 \u0442\u0443\u043a, \u0437\u0430 \u0434\u0430 \u0432\u0438 \u043f\u043e\u043c\u043e\u0433\u043d\u0435\u043c! \ud83c\udfbe\u2728 \u0420\u0430\u0437\u0433\u043b\u0435\u0434\u0430\u0439\u0442\u0435 \u043d\u0430\u0448\u0430\u0442\u0430 \u0441\u0435\u043a\u0446\u0438\u044f \u0441 \u0447\u0435\u0441\u0442\u043e \u0437\u0430\u0434\u0430\u0432\u0430\u043d\u0438 \u0432\u044a\u043f\u0440\u043e\u0441\u0438 \u0438 \u043e\u0442\u043a\u0440\u0438\u0439\u0442\u0435 \u0432\u0441\u0438\u0447\u043a\u043e \u0437\u0430 \u0434\u043e\u0441\u0442\u0430\u0432\u043a\u0430, \u043e\u043f\u0430\u043a\u043e\u0432\u0430\u043d\u0435, \u0432\u0440\u044a\u0449\u0430\u043d\u0435, \u0433\u0430\u0440\u0430\u043d\u0446\u0438\u044f \u0438 \u0433\u0440\u0438\u0436\u0430 \u0437\u0430 \u043d\u0430\u0448\u0438\u0442\u0435 \u0438\u0437\u044f\u0449\u043d\u0438 \u0442\u0435\u043d\u0438\u0441 \u0431\u0438\u0436\u0443\u0442\u0430 \u043e\u0442 \u0441\u0440\u0435\u0431\u0440\u043e \u0438 \u0437\u043b\u0430\u0442\u043e. \u041e\u0441\u0438\u0433\u0443\u0440\u044f\u0432\u0430\u043c\u0435 \u0432\u0438 \u0431\u0435\u0437\u043f\u0440\u043e\u0431\u043b\u0435\u043c\u043d\u043e \u0438\u0437\u0436\u0438\u0432\u044f\u0432\u0430\u043d\u0435 \u2013 \u043e\u0442 \u043f\u043e\u0440\u044a\u0447\u043a\u0430\u0442\u0430 \u0434\u043e \u043f\u043e\u043b\u0443\u0447\u0430\u0432\u0430\u043d\u0435\u0442\u043e!\" \/>\n<meta property=\"og:url\" content=\"https:\/\/luxuryracketclub.com\/ro\/vaprosi\/\" \/>\n<meta property=\"og:site_name\" content=\"\u0420\u044a\u0447\u043d\u043e \u0438\u0437\u0440\u0430\u0431\u043e\u0442\u0435\u043d\u0438 \u0442\u0435\u043d\u0438\u0441 \u0431\u0438\u0436\u0443\u0442\u0430 \u0438 \u0430\u043a\u0441\u0435\u0441\u043e\u0430\u0440\u0438\" \/>\n<meta property=\"article:modified_time\" content=\"2026-01-30T12:27:22+00:00\" \/>\n<meta name=\"twitter:card\" content=\"summary_large_image\" \/>\n<meta name=\"twitter:label1\" content=\"Timp estimat pentru citire\" \/>\n\t<meta name=\"twitter:data1\" content=\"3 minut\" \/>\n<script type=\"application\/ld+json\" class=\"yoast-schema-graph\">{\"@context\":\"https:\\\/\\\/schema.org\",\"@graph\":[{\"@type\":\"WebPage\",\"@id\":\"https:\\\/\\\/luxuryracketclub.com\\\/ro\\\/vaprosi\\\/\",\"url\":\"https:\\\/\\\/luxuryracketclub.com\\\/ro\\\/vaprosi\\\/\",\"name\":\"\u00centreb\u0103ri frecvente - \u0420\u044a\u0447\u043d\u043e \u0438\u0437\u0440\u0430\u0431\u043e\u0442\u0435\u043d\u0438 \u0442\u0435\u043d\u0438\u0441 \u0431\u0438\u0436\u0443\u0442\u0430 \u0438 \u0430\u043a\u0441\u0435\u0441\u043e\u0430\u0440\u0438\",\"isPartOf\":{\"@id\":\"https:\\\/\\\/luxuryracketclub.com\\\/#website\"},\"datePublished\":\"2024-05-19T10:05:59+00:00\",\"dateModified\":\"2026-01-30T12:27:22+00:00\",\"description\":\"\u0418\u043c\u0430\u0442\u0435 \u0432\u044a\u043f\u0440\u043e\u0441\u0438? \u0412 LUXURY RACKET CLUB \u0441\u043c\u0435 \u0442\u0443\u043a, \u0437\u0430 \u0434\u0430 \u0432\u0438 \u043f\u043e\u043c\u043e\u0433\u043d\u0435\u043c! \ud83c\udfbe\u2728 \u0420\u0430\u0437\u0433\u043b\u0435\u0434\u0430\u0439\u0442\u0435 \u043d\u0430\u0448\u0430\u0442\u0430 \u0441\u0435\u043a\u0446\u0438\u044f \u0441 \u0447\u0435\u0441\u0442\u043e \u0437\u0430\u0434\u0430\u0432\u0430\u043d\u0438 \u0432\u044a\u043f\u0440\u043e\u0441\u0438 \u0438 \u043e\u0442\u043a\u0440\u0438\u0439\u0442\u0435 \u0432\u0441\u0438\u0447\u043a\u043e \u0437\u0430 \u0434\u043e\u0441\u0442\u0430\u0432\u043a\u0430, \u043e\u043f\u0430\u043a\u043e\u0432\u0430\u043d\u0435, \u0432\u0440\u044a\u0449\u0430\u043d\u0435, \u0433\u0430\u0440\u0430\u043d\u0446\u0438\u044f \u0438 \u0433\u0440\u0438\u0436\u0430 \u0437\u0430 \u043d\u0430\u0448\u0438\u0442\u0435 \u0438\u0437\u044f\u0449\u043d\u0438 \u0442\u0435\u043d\u0438\u0441 \u0431\u0438\u0436\u0443\u0442\u0430 \u043e\u0442 \u0441\u0440\u0435\u0431\u0440\u043e \u0438 \u0437\u043b\u0430\u0442\u043e. \u041e\u0441\u0438\u0433\u0443\u0440\u044f\u0432\u0430\u043c\u0435 \u0432\u0438 \u0431\u0435\u0437\u043f\u0440\u043e\u0431\u043b\u0435\u043c\u043d\u043e \u0438\u0437\u0436\u0438\u0432\u044f\u0432\u0430\u043d\u0435 \u2013 \u043e\u0442 \u043f\u043e\u0440\u044a\u0447\u043a\u0430\u0442\u0430 \u0434\u043e \u043f\u043e\u043b\u0443\u0447\u0430\u0432\u0430\u043d\u0435\u0442\u043e!\",\"breadcrumb\":{\"@id\":\"https:\\\/\\\/luxuryracketclub.com\\\/ro\\\/vaprosi\\\/#breadcrumb\"},\"inLanguage\":\"ro-RO\",\"potentialAction\":[{\"@type\":\"ReadAction\",\"target\":[\"https:\\\/\\\/luxuryracketclub.com\\\/ro\\\/vaprosi\\\/\"]}]},{\"@type\":\"BreadcrumbList\",\"@id\":\"https:\\\/\\\/luxuryracketclub.com\\\/ro\\\/vaprosi\\\/#breadcrumb\",\"itemListElement\":[{\"@type\":\"ListItem\",\"position\":1,\"name\":\"\u041d\u0430\u0447\u0430\u043b\u043e\",\"item\":\"https:\\\/\\\/luxuryracketclub.com\\\/ro\\\/\"},{\"@type\":\"ListItem\",\"position\":2,\"name\":\"\u00centreb\u0103ri frecvente\"}]},{\"@type\":\"WebSite\",\"@id\":\"https:\\\/\\\/luxuryracketclub.com\\\/#website\",\"url\":\"https:\\\/\\\/luxuryracketclub.com\\\/\",\"name\":\"\u0420\u044a\u0447\u043d\u043e \u0438\u0437\u0440\u0430\u0431\u043e\u0442\u0435\u043d\u0438 \u0442\u0435\u043d\u0438\u0441 \u0431\u0438\u0436\u0443\u0442\u0430 \u0438 \u0430\u043a\u0441\u0435\u0441\u043e\u0430\u0440\u0438\",\"description\":\"\",\"potentialAction\":[{\"@type\":\"SearchAction\",\"target\":{\"@type\":\"EntryPoint\",\"urlTemplate\":\"https:\\\/\\\/luxuryracketclub.com\\\/?s={search_term_string}\"},\"query-input\":{\"@type\":\"PropertyValueSpecification\",\"valueRequired\":true,\"valueName\":\"search_term_string\"}}],\"inLanguage\":\"ro-RO\"}]}<\/script>\n<!-- \/ Yoast SEO plugin. -->","yoast_head_json":{"title":"\u00centreb\u0103ri frecvente - \u0420\u044a\u0447\u043d\u043e \u0438\u0437\u0440\u0430\u0431\u043e\u0442\u0435\u043d\u0438 \u0442\u0435\u043d\u0438\u0441 \u0431\u0438\u0436\u0443\u0442\u0430 \u0438 \u0430\u043a\u0441\u0435\u0441\u043e\u0430\u0440\u0438","description":"\u0418\u043c\u0430\u0442\u0435 \u0432\u044a\u043f\u0440\u043e\u0441\u0438? \u0412 LUXURY RACKET CLUB \u0441\u043c\u0435 \u0442\u0443\u043a, \u0437\u0430 \u0434\u0430 \u0432\u0438 \u043f\u043e\u043c\u043e\u0433\u043d\u0435\u043c! \ud83c\udfbe\u2728 \u0420\u0430\u0437\u0433\u043b\u0435\u0434\u0430\u0439\u0442\u0435 \u043d\u0430\u0448\u0430\u0442\u0430 \u0441\u0435\u043a\u0446\u0438\u044f \u0441 \u0447\u0435\u0441\u0442\u043e \u0437\u0430\u0434\u0430\u0432\u0430\u043d\u0438 \u0432\u044a\u043f\u0440\u043e\u0441\u0438 \u0438 \u043e\u0442\u043a\u0440\u0438\u0439\u0442\u0435 \u0432\u0441\u0438\u0447\u043a\u043e \u0437\u0430 \u0434\u043e\u0441\u0442\u0430\u0432\u043a\u0430, \u043e\u043f\u0430\u043a\u043e\u0432\u0430\u043d\u0435, \u0432\u0440\u044a\u0449\u0430\u043d\u0435, \u0433\u0430\u0440\u0430\u043d\u0446\u0438\u044f \u0438 \u0433\u0440\u0438\u0436\u0430 \u0437\u0430 \u043d\u0430\u0448\u0438\u0442\u0435 \u0438\u0437\u044f\u0449\u043d\u0438 \u0442\u0435\u043d\u0438\u0441 \u0431\u0438\u0436\u0443\u0442\u0430 \u043e\u0442 \u0441\u0440\u0435\u0431\u0440\u043e \u0438 \u0437\u043b\u0430\u0442\u043e. \u041e\u0441\u0438\u0433\u0443\u0440\u044f\u0432\u0430\u043c\u0435 \u0432\u0438 \u0431\u0435\u0437\u043f\u0440\u043e\u0431\u043b\u0435\u043c\u043d\u043e \u0438\u0437\u0436\u0438\u0432\u044f\u0432\u0430\u043d\u0435 \u2013 \u043e\u0442 \u043f\u043e\u0440\u044a\u0447\u043a\u0430\u0442\u0430 \u0434\u043e \u043f\u043e\u043b\u0443\u0447\u0430\u0432\u0430\u043d\u0435\u0442\u043e!","robots":{"index":"index","follow":"follow","max-snippet":"max-snippet:-1","max-image-preview":"max-image-preview:large","max-video-preview":"max-video-preview:-1"},"canonical":"https:\/\/luxuryracketclub.com\/ro\/vaprosi\/","og_locale":"ro_RO","og_type":"article","og_title":"\u00centreb\u0103ri frecvente - \u0420\u044a\u0447\u043d\u043e \u0438\u0437\u0440\u0430\u0431\u043e\u0442\u0435\u043d\u0438 \u0442\u0435\u043d\u0438\u0441 \u0431\u0438\u0436\u0443\u0442\u0430 \u0438 \u0430\u043a\u0441\u0435\u0441\u043e\u0430\u0440\u0438","og_description":"\u0418\u043c\u0430\u0442\u0435 \u0432\u044a\u043f\u0440\u043e\u0441\u0438? \u0412 LUXURY RACKET CLUB \u0441\u043c\u0435 \u0442\u0443\u043a, \u0437\u0430 \u0434\u0430 \u0432\u0438 \u043f\u043e\u043c\u043e\u0433\u043d\u0435\u043c! \ud83c\udfbe\u2728 \u0420\u0430\u0437\u0433\u043b\u0435\u0434\u0430\u0439\u0442\u0435 \u043d\u0430\u0448\u0430\u0442\u0430 \u0441\u0435\u043a\u0446\u0438\u044f \u0441 \u0447\u0435\u0441\u0442\u043e \u0437\u0430\u0434\u0430\u0432\u0430\u043d\u0438 \u0432\u044a\u043f\u0440\u043e\u0441\u0438 \u0438 \u043e\u0442\u043a\u0440\u0438\u0439\u0442\u0435 \u0432\u0441\u0438\u0447\u043a\u043e \u0437\u0430 \u0434\u043e\u0441\u0442\u0430\u0432\u043a\u0430, \u043e\u043f\u0430\u043a\u043e\u0432\u0430\u043d\u0435, \u0432\u0440\u044a\u0449\u0430\u043d\u0435, \u0433\u0430\u0440\u0430\u043d\u0446\u0438\u044f \u0438 \u0433\u0440\u0438\u0436\u0430 \u0437\u0430 \u043d\u0430\u0448\u0438\u0442\u0435 \u0438\u0437\u044f\u0449\u043d\u0438 \u0442\u0435\u043d\u0438\u0441 \u0431\u0438\u0436\u0443\u0442\u0430 \u043e\u0442 \u0441\u0440\u0435\u0431\u0440\u043e \u0438 \u0437\u043b\u0430\u0442\u043e. \u041e\u0441\u0438\u0433\u0443\u0440\u044f\u0432\u0430\u043c\u0435 \u0432\u0438 \u0431\u0435\u0437\u043f\u0440\u043e\u0431\u043b\u0435\u043c\u043d\u043e \u0438\u0437\u0436\u0438\u0432\u044f\u0432\u0430\u043d\u0435 \u2013 \u043e\u0442 \u043f\u043e\u0440\u044a\u0447\u043a\u0430\u0442\u0430 \u0434\u043e \u043f\u043e\u043b\u0443\u0447\u0430\u0432\u0430\u043d\u0435\u0442\u043e!","og_url":"https:\/\/luxuryracketclub.com\/ro\/vaprosi\/","og_site_name":"\u0420\u044a\u0447\u043d\u043e \u0438\u0437\u0440\u0430\u0431\u043e\u0442\u0435\u043d\u0438 \u0442\u0435\u043d\u0438\u0441 \u0431\u0438\u0436\u0443\u0442\u0430 \u0438 \u0430\u043a\u0441\u0435\u0441\u043e\u0430\u0440\u0438","article_modified_time":"2026-01-30T12:27:22+00:00","twitter_card":"summary_large_image","twitter_misc":{"Timp estimat pentru citire":"3 minut"},"schema":{"@context":"https:\/\/schema.org","@graph":[{"@type":"WebPage","@id":"https:\/\/luxuryracketclub.com\/ro\/vaprosi\/","url":"https:\/\/luxuryracketclub.com\/ro\/vaprosi\/","name":"\u00centreb\u0103ri frecvente - \u0420\u044a\u0447\u043d\u043e \u0438\u0437\u0440\u0430\u0431\u043e\u0442\u0435\u043d\u0438 \u0442\u0435\u043d\u0438\u0441 \u0431\u0438\u0436\u0443\u0442\u0430 \u0438 \u0430\u043a\u0441\u0435\u0441\u043e\u0430\u0440\u0438","isPartOf":{"@id":"https:\/\/luxuryracketclub.com\/#website"},"datePublished":"2024-05-19T10:05:59+00:00","dateModified":"2026-01-30T12:27:22+00:00","description":"\u0418\u043c\u0430\u0442\u0435 \u0432\u044a\u043f\u0440\u043e\u0441\u0438? \u0412 LUXURY RACKET CLUB \u0441\u043c\u0435 \u0442\u0443\u043a, \u0437\u0430 \u0434\u0430 \u0432\u0438 \u043f\u043e\u043c\u043e\u0433\u043d\u0435\u043c! \ud83c\udfbe\u2728 \u0420\u0430\u0437\u0433\u043b\u0435\u0434\u0430\u0439\u0442\u0435 \u043d\u0430\u0448\u0430\u0442\u0430 \u0441\u0435\u043a\u0446\u0438\u044f \u0441 \u0447\u0435\u0441\u0442\u043e \u0437\u0430\u0434\u0430\u0432\u0430\u043d\u0438 \u0432\u044a\u043f\u0440\u043e\u0441\u0438 \u0438 \u043e\u0442\u043a\u0440\u0438\u0439\u0442\u0435 \u0432\u0441\u0438\u0447\u043a\u043e \u0437\u0430 \u0434\u043e\u0441\u0442\u0430\u0432\u043a\u0430, \u043e\u043f\u0430\u043a\u043e\u0432\u0430\u043d\u0435, \u0432\u0440\u044a\u0449\u0430\u043d\u0435, \u0433\u0430\u0440\u0430\u043d\u0446\u0438\u044f \u0438 \u0433\u0440\u0438\u0436\u0430 \u0437\u0430 \u043d\u0430\u0448\u0438\u0442\u0435 \u0438\u0437\u044f\u0449\u043d\u0438 \u0442\u0435\u043d\u0438\u0441 \u0431\u0438\u0436\u0443\u0442\u0430 \u043e\u0442 \u0441\u0440\u0435\u0431\u0440\u043e \u0438 \u0437\u043b\u0430\u0442\u043e. \u041e\u0441\u0438\u0433\u0443\u0440\u044f\u0432\u0430\u043c\u0435 \u0432\u0438 \u0431\u0435\u0437\u043f\u0440\u043e\u0431\u043b\u0435\u043c\u043d\u043e \u0438\u0437\u0436\u0438\u0432\u044f\u0432\u0430\u043d\u0435 \u2013 \u043e\u0442 \u043f\u043e\u0440\u044a\u0447\u043a\u0430\u0442\u0430 \u0434\u043e \u043f\u043e\u043b\u0443\u0447\u0430\u0432\u0430\u043d\u0435\u0442\u043e!","breadcrumb":{"@id":"https:\/\/luxuryracketclub.com\/ro\/vaprosi\/#breadcrumb"},"inLanguage":"ro-RO","potentialAction":[{"@type":"ReadAction","target":["https:\/\/luxuryracketclub.com\/ro\/vaprosi\/"]}]},{"@type":"BreadcrumbList","@id":"https:\/\/luxuryracketclub.com\/ro\/vaprosi\/#breadcrumb","itemListElement":[{"@type":"ListItem","position":1,"name":"\u041d\u0430\u0447\u0430\u043b\u043e","item":"https:\/\/luxuryracketclub.com\/ro\/"},{"@type":"ListItem","position":2,"name":"\u00centreb\u0103ri frecvente"}]},{"@type":"WebSite","@id":"https:\/\/luxuryracketclub.com\/#website","url":"https:\/\/luxuryracketclub.com\/","name":"\u0420\u044a\u0447\u043d\u043e \u0438\u0437\u0440\u0430\u0431\u043e\u0442\u0435\u043d\u0438 \u0442\u0435\u043d\u0438\u0441 \u0431\u0438\u0436\u0443\u0442\u0430 \u0438 \u0430\u043a\u0441\u0435\u0441\u043e\u0430\u0440\u0438","description":"","potentialAction":[{"@type":"SearchAction","target":{"@type":"EntryPoint","urlTemplate":"https:\/\/luxuryracketclub.com\/?s={search_term_string}"},"query-input":{"@type":"PropertyValueSpecification","valueRequired":true,"valueName":"search_term_string"}}],"inLanguage":"ro-RO"}]}},"_links":{"self":[{"href":"https:\/\/luxuryracketclub.com\/ro\/wp-json\/wp\/v2\/pages\/14659","targetHints":{"allow":["GET"]}}],"collection":[{"href":"https:\/\/luxuryracketclub.com\/ro\/wp-json\/wp\/v2\/pages"}],"about":[{"href":"https:\/\/luxuryracketclub.com\/ro\/wp-json\/wp\/v2\/types\/page"}],"author":[{"embeddable":true,"href":"https:\/\/luxuryracketclub.com\/ro\/wp-json\/wp\/v2\/users\/2"}],"replies":[{"embeddable":true,"href":"https:\/\/luxuryracketclub.com\/ro\/wp-json\/wp\/v2\/comments?post=14659"}],"version-history":[{"count":3,"href":"https:\/\/luxuryracketclub.com\/ro\/wp-json\/wp\/v2\/pages\/14659\/revisions"}],"predecessor-version":[{"id":15883,"href":"https:\/\/luxuryracketclub.com\/ro\/wp-json\/wp\/v2\/pages\/14659\/revisions\/15883"}],"wp:attachment":[{"href":"https:\/\/luxuryracketclub.com\/ro\/wp-json\/wp\/v2\/media?parent=14659"}],"curies":[{"name":"wp","href":"https:\/\/api.w.org\/{rel}","templated":true}]}}