{"id":14655,"date":"2024-03-23T14:22:46","date_gmt":"2024-03-23T12:22:46","guid":{"rendered":"https:\/\/luxuryracketclub.com\/?page_id=14655"},"modified":"2025-08-29T17:46:40","modified_gmt":"2025-08-29T14:46:40","slug":"my-account","status":"publish","type":"page","link":"https:\/\/luxuryracketclub.com\/ro\/my-account\/","title":{"rendered":"Profilul meu"},"content":{"rendered":"<h1>Contul meu<\/h1>\n[woocommerce_my_account]\n<nav>\n<ul>\n<li style=\"list-style-type: none;\">\n<ul>\n<li><a>Tablou de bord<\/a><\/li>\n<li><a href=\"\/orders\/\">Comenzi<\/a><\/li>\n<li><a href=\"\/downloads\/\">Desc\u0103rc\u0103ri<\/a><\/li>\n<\/ul>\n<\/li>\n<\/ul>\n<ul>\n<li><a href=\"\/edit-address\/\">Adrese<\/a><\/li>\n<li><a href=\"\/edit-account\/\">Detalii cont<\/a><\/li>\n<li><a href=\"\/customer-logout\/?elementor_wc_logout=true&amp;elementor_my_account_redirect&amp;_wpnonce=63761a723c\">Deconectare<\/a><\/li>\n<\/ul>\n<\/nav>\n<p>Bun\u0103 ziua, <strong>7802186920<\/strong> (nu, e\u0219ti <strong>7802186920<\/strong>? <a href=\"\/customer-logout\/?elementor_wc_logout=true&amp;elementor_my_account_redirect&amp;_wpnonce=63761a723c\">Deconectare<\/a>)<\/p>\n<p>Din contul t\u0103u, po\u021bi vizualiza <a href=\"\/orders\/\">comenzile recente<\/a>, gestiona <a href=\"\/edit-address\/\">adresele de facturare \u0219i livrare<\/a> \u0219i <a href=\"\/edit-account\/\">modifica parola \u0219i detaliile contului<\/a>.<\/p>\n","protected":false},"excerpt":{"rendered":"<p>Contul meu Tablou de bord Comenzi Desc\u0103rc\u0103ri Adrese Detalii cont Deconectare Bun\u0103 ziua, 7802186920 (nu, e\u0219ti 7802186920? Deconectare) Din contul t\u0103u, po\u021bi vizualiza comenzile recente, gestiona adresele de facturare \u0219i&#8230;<\/p>\n","protected":false},"author":2,"featured_media":0,"parent":0,"menu_order":0,"comment_status":"closed","ping_status":"closed","template":"elementor_header_footer","meta":{"_acf_changed":false,"_nectar_blocks_hide_post_title":false,"_nectar_blocks_transparent_header_effect":false,"_nectar_blocks_transparent_header_effect_color":"light","_nectar_blocks_header_animation":false,"_nectar_blocks_header_animation_delay":0,"_nectar_blocks_header_animation_effect":"fade","_nectar_blocks_page_css":"","_nectar_blocks_page_js":"","inline_featured_image":false,"footnotes":""},"class_list":["post-14655","page","type-page","status-publish"],"acf":[],"yoast_head":"<!-- This site is optimized with the Yoast SEO plugin v27.3 - https:\/\/yoast.com\/product\/yoast-seo-wordpress\/ -->\n<title>Profilul meu - \u0420\u044a\u0447\u043d\u043e \u0438\u0437\u0440\u0430\u0431\u043e\u0442\u0435\u043d\u0438 \u0442\u0435\u043d\u0438\u0441 \u0431\u0438\u0436\u0443\u0442\u0430 \u0438 \u0430\u043a\u0441\u0435\u0441\u043e\u0430\u0440\u0438<\/title>\n<meta name=\"description\" content=\"\u0412\u043b\u0435\u0437\u0442\u0435 \u0432 \u0441\u0432\u043e\u044f \u0430\u043a\u0430\u0443\u043d\u0442 \u0432 LUXURY RACKET CLUB \u0438 \u0443\u043f\u0440\u0430\u0432\u043b\u044f\u0432\u0430\u0439\u0442\u0435 \u043f\u043e\u0440\u044a\u0447\u043a\u0438\u0442\u0435 \u0441\u0438 \u043b\u0435\u0441\u043d\u043e! \ud83c\udfbe\u2728 \u041f\u0440\u043e\u0441\u043b\u0435\u0434\u0435\u0442\u0435 \u0434\u043e\u0441\u0442\u0430\u0432\u043a\u0438\u0442\u0435, \u0430\u043a\u0442\u0443\u0430\u043b\u0438\u0437\u0438\u0440\u0430\u0439\u0442\u0435 \u0438\u043d\u0444\u043e\u0440\u043c\u0430\u0446\u0438\u044f\u0442\u0430 \u0441\u0438 \u0438 \u0441\u0435 \u043d\u0430\u0441\u043b\u0430\u0434\u0435\u0442\u0435 \u043d\u0430 \u0431\u0435\u0437\u043f\u0440\u043e\u0431\u043b\u0435\u043c\u043d\u043e \u043f\u0430\u0437\u0430\u0440\u0443\u0432\u0430\u043d\u0435 \u043d\u0430 \u043d\u0430\u0448\u0438\u0442\u0435 \u0438\u0437\u044f\u0449\u043d\u0438 \u0442\u0435\u043d\u0438\u0441 \u0431\u0438\u0436\u0443\u0442\u0430 \u043e\u0442 \u0441\u0440\u0435\u0431\u0440\u043e \u0438 \u0437\u043b\u0430\u0442\u043e.\" \/>\n<meta name=\"robots\" content=\"index, follow, max-snippet:-1, max-image-preview:large, max-video-preview:-1\" \/>\n<link rel=\"canonical\" href=\"https:\/\/luxuryracketclub.com\/ro\/my-account\/\" \/>\n<meta property=\"og:locale\" content=\"ro_RO\" \/>\n<meta property=\"og:type\" content=\"article\" \/>\n<meta property=\"og:title\" content=\"Profilul meu - \u0420\u044a\u0447\u043d\u043e \u0438\u0437\u0440\u0430\u0431\u043e\u0442\u0435\u043d\u0438 \u0442\u0435\u043d\u0438\u0441 \u0431\u0438\u0436\u0443\u0442\u0430 \u0438 \u0430\u043a\u0441\u0435\u0441\u043e\u0430\u0440\u0438\" \/>\n<meta property=\"og:description\" content=\"\u0412\u043b\u0435\u0437\u0442\u0435 \u0432 \u0441\u0432\u043e\u044f \u0430\u043a\u0430\u0443\u043d\u0442 \u0432 LUXURY RACKET CLUB \u0438 \u0443\u043f\u0440\u0430\u0432\u043b\u044f\u0432\u0430\u0439\u0442\u0435 \u043f\u043e\u0440\u044a\u0447\u043a\u0438\u0442\u0435 \u0441\u0438 \u043b\u0435\u0441\u043d\u043e! \ud83c\udfbe\u2728 \u041f\u0440\u043e\u0441\u043b\u0435\u0434\u0435\u0442\u0435 \u0434\u043e\u0441\u0442\u0430\u0432\u043a\u0438\u0442\u0435, \u0430\u043a\u0442\u0443\u0430\u043b\u0438\u0437\u0438\u0440\u0430\u0439\u0442\u0435 \u0438\u043d\u0444\u043e\u0440\u043c\u0430\u0446\u0438\u044f\u0442\u0430 \u0441\u0438 \u0438 \u0441\u0435 \u043d\u0430\u0441\u043b\u0430\u0434\u0435\u0442\u0435 \u043d\u0430 \u0431\u0435\u0437\u043f\u0440\u043e\u0431\u043b\u0435\u043c\u043d\u043e \u043f\u0430\u0437\u0430\u0440\u0443\u0432\u0430\u043d\u0435 \u043d\u0430 \u043d\u0430\u0448\u0438\u0442\u0435 \u0438\u0437\u044f\u0449\u043d\u0438 \u0442\u0435\u043d\u0438\u0441 \u0431\u0438\u0436\u0443\u0442\u0430 \u043e\u0442 \u0441\u0440\u0435\u0431\u0440\u043e \u0438 \u0437\u043b\u0430\u0442\u043e.\" \/>\n<meta property=\"og:url\" content=\"https:\/\/luxuryracketclub.com\/ro\/my-account\/\" \/>\n<meta property=\"og:site_name\" content=\"\u0420\u044a\u0447\u043d\u043e \u0438\u0437\u0440\u0430\u0431\u043e\u0442\u0435\u043d\u0438 \u0442\u0435\u043d\u0438\u0441 \u0431\u0438\u0436\u0443\u0442\u0430 \u0438 \u0430\u043a\u0441\u0435\u0441\u043e\u0430\u0440\u0438\" \/>\n<meta property=\"article:modified_time\" content=\"2025-08-29T14:46:40+00:00\" \/>\n<meta name=\"twitter:card\" content=\"summary_large_image\" \/>\n<meta name=\"twitter:label1\" content=\"Timp estimat pentru citire\" \/>\n\t<meta name=\"twitter:data1\" content=\"1 minut\" \/>\n<script type=\"application\/ld+json\" class=\"yoast-schema-graph\">{\"@context\":\"https:\\\/\\\/schema.org\",\"@graph\":[{\"@type\":\"WebPage\",\"@id\":\"https:\\\/\\\/luxuryracketclub.com\\\/ro\\\/my-account\\\/\",\"url\":\"https:\\\/\\\/luxuryracketclub.com\\\/ro\\\/my-account\\\/\",\"name\":\"Profilul meu - \u0420\u044a\u0447\u043d\u043e \u0438\u0437\u0440\u0430\u0431\u043e\u0442\u0435\u043d\u0438 \u0442\u0435\u043d\u0438\u0441 \u0431\u0438\u0436\u0443\u0442\u0430 \u0438 \u0430\u043a\u0441\u0435\u0441\u043e\u0430\u0440\u0438\",\"isPartOf\":{\"@id\":\"https:\\\/\\\/luxuryracketclub.com\\\/#website\"},\"datePublished\":\"2024-03-23T12:22:46+00:00\",\"dateModified\":\"2025-08-29T14:46:40+00:00\",\"description\":\"\u0412\u043b\u0435\u0437\u0442\u0435 \u0432 \u0441\u0432\u043e\u044f \u0430\u043a\u0430\u0443\u043d\u0442 \u0432 LUXURY RACKET CLUB \u0438 \u0443\u043f\u0440\u0430\u0432\u043b\u044f\u0432\u0430\u0439\u0442\u0435 \u043f\u043e\u0440\u044a\u0447\u043a\u0438\u0442\u0435 \u0441\u0438 \u043b\u0435\u0441\u043d\u043e! \ud83c\udfbe\u2728 \u041f\u0440\u043e\u0441\u043b\u0435\u0434\u0435\u0442\u0435 \u0434\u043e\u0441\u0442\u0430\u0432\u043a\u0438\u0442\u0435, \u0430\u043a\u0442\u0443\u0430\u043b\u0438\u0437\u0438\u0440\u0430\u0439\u0442\u0435 \u0438\u043d\u0444\u043e\u0440\u043c\u0430\u0446\u0438\u044f\u0442\u0430 \u0441\u0438 \u0438 \u0441\u0435 \u043d\u0430\u0441\u043b\u0430\u0434\u0435\u0442\u0435 \u043d\u0430 \u0431\u0435\u0437\u043f\u0440\u043e\u0431\u043b\u0435\u043c\u043d\u043e \u043f\u0430\u0437\u0430\u0440\u0443\u0432\u0430\u043d\u0435 \u043d\u0430 \u043d\u0430\u0448\u0438\u0442\u0435 \u0438\u0437\u044f\u0449\u043d\u0438 \u0442\u0435\u043d\u0438\u0441 \u0431\u0438\u0436\u0443\u0442\u0430 \u043e\u0442 \u0441\u0440\u0435\u0431\u0440\u043e \u0438 \u0437\u043b\u0430\u0442\u043e.\",\"breadcrumb\":{\"@id\":\"https:\\\/\\\/luxuryracketclub.com\\\/ro\\\/my-account\\\/#breadcrumb\"},\"inLanguage\":\"ro-RO\",\"potentialAction\":[{\"@type\":\"ReadAction\",\"target\":[\"https:\\\/\\\/luxuryracketclub.com\\\/ro\\\/my-account\\\/\"]}]},{\"@type\":\"BreadcrumbList\",\"@id\":\"https:\\\/\\\/luxuryracketclub.com\\\/ro\\\/my-account\\\/#breadcrumb\",\"itemListElement\":[{\"@type\":\"ListItem\",\"position\":1,\"name\":\"\u041d\u0430\u0447\u0430\u043b\u043e\",\"item\":\"https:\\\/\\\/luxuryracketclub.com\\\/ro\\\/\"},{\"@type\":\"ListItem\",\"position\":2,\"name\":\"Profilul meu\"}]},{\"@type\":\"WebSite\",\"@id\":\"https:\\\/\\\/luxuryracketclub.com\\\/#website\",\"url\":\"https:\\\/\\\/luxuryracketclub.com\\\/\",\"name\":\"\u0420\u044a\u0447\u043d\u043e \u0438\u0437\u0440\u0430\u0431\u043e\u0442\u0435\u043d\u0438 \u0442\u0435\u043d\u0438\u0441 \u0431\u0438\u0436\u0443\u0442\u0430 \u0438 \u0430\u043a\u0441\u0435\u0441\u043e\u0430\u0440\u0438\",\"description\":\"\",\"potentialAction\":[{\"@type\":\"SearchAction\",\"target\":{\"@type\":\"EntryPoint\",\"urlTemplate\":\"https:\\\/\\\/luxuryracketclub.com\\\/?s={search_term_string}\"},\"query-input\":{\"@type\":\"PropertyValueSpecification\",\"valueRequired\":true,\"valueName\":\"search_term_string\"}}],\"inLanguage\":\"ro-RO\"}]}<\/script>\n<!-- \/ Yoast SEO plugin. -->","yoast_head_json":{"title":"Profilul meu - \u0420\u044a\u0447\u043d\u043e \u0438\u0437\u0440\u0430\u0431\u043e\u0442\u0435\u043d\u0438 \u0442\u0435\u043d\u0438\u0441 \u0431\u0438\u0436\u0443\u0442\u0430 \u0438 \u0430\u043a\u0441\u0435\u0441\u043e\u0430\u0440\u0438","description":"\u0412\u043b\u0435\u0437\u0442\u0435 \u0432 \u0441\u0432\u043e\u044f \u0430\u043a\u0430\u0443\u043d\u0442 \u0432 LUXURY RACKET CLUB \u0438 \u0443\u043f\u0440\u0430\u0432\u043b\u044f\u0432\u0430\u0439\u0442\u0435 \u043f\u043e\u0440\u044a\u0447\u043a\u0438\u0442\u0435 \u0441\u0438 \u043b\u0435\u0441\u043d\u043e! \ud83c\udfbe\u2728 \u041f\u0440\u043e\u0441\u043b\u0435\u0434\u0435\u0442\u0435 \u0434\u043e\u0441\u0442\u0430\u0432\u043a\u0438\u0442\u0435, \u0430\u043a\u0442\u0443\u0430\u043b\u0438\u0437\u0438\u0440\u0430\u0439\u0442\u0435 \u0438\u043d\u0444\u043e\u0440\u043c\u0430\u0446\u0438\u044f\u0442\u0430 \u0441\u0438 \u0438 \u0441\u0435 \u043d\u0430\u0441\u043b\u0430\u0434\u0435\u0442\u0435 \u043d\u0430 \u0431\u0435\u0437\u043f\u0440\u043e\u0431\u043b\u0435\u043c\u043d\u043e \u043f\u0430\u0437\u0430\u0440\u0443\u0432\u0430\u043d\u0435 \u043d\u0430 \u043d\u0430\u0448\u0438\u0442\u0435 \u0438\u0437\u044f\u0449\u043d\u0438 \u0442\u0435\u043d\u0438\u0441 \u0431\u0438\u0436\u0443\u0442\u0430 \u043e\u0442 \u0441\u0440\u0435\u0431\u0440\u043e \u0438 \u0437\u043b\u0430\u0442\u043e.","robots":{"index":"index","follow":"follow","max-snippet":"max-snippet:-1","max-image-preview":"max-image-preview:large","max-video-preview":"max-video-preview:-1"},"canonical":"https:\/\/luxuryracketclub.com\/ro\/my-account\/","og_locale":"ro_RO","og_type":"article","og_title":"Profilul meu - \u0420\u044a\u0447\u043d\u043e \u0438\u0437\u0440\u0430\u0431\u043e\u0442\u0435\u043d\u0438 \u0442\u0435\u043d\u0438\u0441 \u0431\u0438\u0436\u0443\u0442\u0430 \u0438 \u0430\u043a\u0441\u0435\u0441\u043e\u0430\u0440\u0438","og_description":"\u0412\u043b\u0435\u0437\u0442\u0435 \u0432 \u0441\u0432\u043e\u044f \u0430\u043a\u0430\u0443\u043d\u0442 \u0432 LUXURY RACKET CLUB \u0438 \u0443\u043f\u0440\u0430\u0432\u043b\u044f\u0432\u0430\u0439\u0442\u0435 \u043f\u043e\u0440\u044a\u0447\u043a\u0438\u0442\u0435 \u0441\u0438 \u043b\u0435\u0441\u043d\u043e! \ud83c\udfbe\u2728 \u041f\u0440\u043e\u0441\u043b\u0435\u0434\u0435\u0442\u0435 \u0434\u043e\u0441\u0442\u0430\u0432\u043a\u0438\u0442\u0435, \u0430\u043a\u0442\u0443\u0430\u043b\u0438\u0437\u0438\u0440\u0430\u0439\u0442\u0435 \u0438\u043d\u0444\u043e\u0440\u043c\u0430\u0446\u0438\u044f\u0442\u0430 \u0441\u0438 \u0438 \u0441\u0435 \u043d\u0430\u0441\u043b\u0430\u0434\u0435\u0442\u0435 \u043d\u0430 \u0431\u0435\u0437\u043f\u0440\u043e\u0431\u043b\u0435\u043c\u043d\u043e \u043f\u0430\u0437\u0430\u0440\u0443\u0432\u0430\u043d\u0435 \u043d\u0430 \u043d\u0430\u0448\u0438\u0442\u0435 \u0438\u0437\u044f\u0449\u043d\u0438 \u0442\u0435\u043d\u0438\u0441 \u0431\u0438\u0436\u0443\u0442\u0430 \u043e\u0442 \u0441\u0440\u0435\u0431\u0440\u043e \u0438 \u0437\u043b\u0430\u0442\u043e.","og_url":"https:\/\/luxuryracketclub.com\/ro\/my-account\/","og_site_name":"\u0420\u044a\u0447\u043d\u043e \u0438\u0437\u0440\u0430\u0431\u043e\u0442\u0435\u043d\u0438 \u0442\u0435\u043d\u0438\u0441 \u0431\u0438\u0436\u0443\u0442\u0430 \u0438 \u0430\u043a\u0441\u0435\u0441\u043e\u0430\u0440\u0438","article_modified_time":"2025-08-29T14:46:40+00:00","twitter_card":"summary_large_image","twitter_misc":{"Timp estimat pentru citire":"1 minut"},"schema":{"@context":"https:\/\/schema.org","@graph":[{"@type":"WebPage","@id":"https:\/\/luxuryracketclub.com\/ro\/my-account\/","url":"https:\/\/luxuryracketclub.com\/ro\/my-account\/","name":"Profilul meu - \u0420\u044a\u0447\u043d\u043e \u0438\u0437\u0440\u0430\u0431\u043e\u0442\u0435\u043d\u0438 \u0442\u0435\u043d\u0438\u0441 \u0431\u0438\u0436\u0443\u0442\u0430 \u0438 \u0430\u043a\u0441\u0435\u0441\u043e\u0430\u0440\u0438","isPartOf":{"@id":"https:\/\/luxuryracketclub.com\/#website"},"datePublished":"2024-03-23T12:22:46+00:00","dateModified":"2025-08-29T14:46:40+00:00","description":"\u0412\u043b\u0435\u0437\u0442\u0435 \u0432 \u0441\u0432\u043e\u044f \u0430\u043a\u0430\u0443\u043d\u0442 \u0432 LUXURY RACKET CLUB \u0438 \u0443\u043f\u0440\u0430\u0432\u043b\u044f\u0432\u0430\u0439\u0442\u0435 \u043f\u043e\u0440\u044a\u0447\u043a\u0438\u0442\u0435 \u0441\u0438 \u043b\u0435\u0441\u043d\u043e! \ud83c\udfbe\u2728 \u041f\u0440\u043e\u0441\u043b\u0435\u0434\u0435\u0442\u0435 \u0434\u043e\u0441\u0442\u0430\u0432\u043a\u0438\u0442\u0435, \u0430\u043a\u0442\u0443\u0430\u043b\u0438\u0437\u0438\u0440\u0430\u0439\u0442\u0435 \u0438\u043d\u0444\u043e\u0440\u043c\u0430\u0446\u0438\u044f\u0442\u0430 \u0441\u0438 \u0438 \u0441\u0435 \u043d\u0430\u0441\u043b\u0430\u0434\u0435\u0442\u0435 \u043d\u0430 \u0431\u0435\u0437\u043f\u0440\u043e\u0431\u043b\u0435\u043c\u043d\u043e \u043f\u0430\u0437\u0430\u0440\u0443\u0432\u0430\u043d\u0435 \u043d\u0430 \u043d\u0430\u0448\u0438\u0442\u0435 \u0438\u0437\u044f\u0449\u043d\u0438 \u0442\u0435\u043d\u0438\u0441 \u0431\u0438\u0436\u0443\u0442\u0430 \u043e\u0442 \u0441\u0440\u0435\u0431\u0440\u043e \u0438 \u0437\u043b\u0430\u0442\u043e.","breadcrumb":{"@id":"https:\/\/luxuryracketclub.com\/ro\/my-account\/#breadcrumb"},"inLanguage":"ro-RO","potentialAction":[{"@type":"ReadAction","target":["https:\/\/luxuryracketclub.com\/ro\/my-account\/"]}]},{"@type":"BreadcrumbList","@id":"https:\/\/luxuryracketclub.com\/ro\/my-account\/#breadcrumb","itemListElement":[{"@type":"ListItem","position":1,"name":"\u041d\u0430\u0447\u0430\u043b\u043e","item":"https:\/\/luxuryracketclub.com\/ro\/"},{"@type":"ListItem","position":2,"name":"Profilul meu"}]},{"@type":"WebSite","@id":"https:\/\/luxuryracketclub.com\/#website","url":"https:\/\/luxuryracketclub.com\/","name":"\u0420\u044a\u0447\u043d\u043e \u0438\u0437\u0440\u0430\u0431\u043e\u0442\u0435\u043d\u0438 \u0442\u0435\u043d\u0438\u0441 \u0431\u0438\u0436\u0443\u0442\u0430 \u0438 \u0430\u043a\u0441\u0435\u0441\u043e\u0430\u0440\u0438","description":"","potentialAction":[{"@type":"SearchAction","target":{"@type":"EntryPoint","urlTemplate":"https:\/\/luxuryracketclub.com\/?s={search_term_string}"},"query-input":{"@type":"PropertyValueSpecification","valueRequired":true,"valueName":"search_term_string"}}],"inLanguage":"ro-RO"}]}},"_links":{"self":[{"href":"https:\/\/luxuryracketclub.com\/ro\/wp-json\/wp\/v2\/pages\/14655","targetHints":{"allow":["GET"]}}],"collection":[{"href":"https:\/\/luxuryracketclub.com\/ro\/wp-json\/wp\/v2\/pages"}],"about":[{"href":"https:\/\/luxuryracketclub.com\/ro\/wp-json\/wp\/v2\/types\/page"}],"author":[{"embeddable":true,"href":"https:\/\/luxuryracketclub.com\/ro\/wp-json\/wp\/v2\/users\/2"}],"replies":[{"embeddable":true,"href":"https:\/\/luxuryracketclub.com\/ro\/wp-json\/wp\/v2\/comments?post=14655"}],"version-history":[{"count":2,"href":"https:\/\/luxuryracketclub.com\/ro\/wp-json\/wp\/v2\/pages\/14655\/revisions"}],"predecessor-version":[{"id":14657,"href":"https:\/\/luxuryracketclub.com\/ro\/wp-json\/wp\/v2\/pages\/14655\/revisions\/14657"}],"wp:attachment":[{"href":"https:\/\/luxuryracketclub.com\/ro\/wp-json\/wp\/v2\/media?parent=14655"}],"curies":[{"name":"wp","href":"https:\/\/api.w.org\/{rel}","templated":true}]}}