{"id":14652,"date":"2024-06-02T17:56:30","date_gmt":"2024-06-02T14:56:30","guid":{"rendered":"https:\/\/luxuryracketclub.com\/contacts\/"},"modified":"2025-08-29T17:43:59","modified_gmt":"2025-08-29T14:43:59","slug":"contacts","status":"publish","type":"page","link":"https:\/\/luxuryracketclub.com\/ro\/contacts\/","title":{"rendered":"Contacte"},"content":{"rendered":"\n<p id=\"block-7767xgkoY2\" class=\"wp-block-nectar-blocks-text nectar-blocks-text\">Contacta\u021bi-ne complet\u00e2nd formularul sau sun\u00e2ndu-ne \ud83d\ude42<\/p>\n\n\n\n<h3 id=\"block-KBcIAkYMmN\" class=\"wp-block-nectar-blocks-text nectar-blocks-text\">CONTACTA\u021aI-NE<\/h3>\n\n\n\n<h4 id=\"block-wSsP4hdTIJ\" class=\"wp-block-nectar-blocks-text nectar-blocks-text\">CU CLUBUL NOSTRU DE TENIS<\/h4>\n\n\n\n<p id=\"block-F2ixfxK9gY\" class=\"wp-block-nectar-blocks-text nectar-blocks-text\">Dac\u0103 ave\u021bi nevoie de asisten\u021b\u0103, echipa noastr\u0103 de exper\u021bi (\u201eNicholas\u201d SRL cu UIC 107547813) v\u0103 st\u0103 la dispozi\u021bie pentru a v\u0103 r\u0103spunde la toate \u00eentreb\u0103rile, de la asisten\u021b\u0103 pentru comenzi p\u00e2n\u0103 la sfaturi de stil \u0219i idei de cadouri. Nu ezita\u021bi s\u0103 ne contacta\u021bi, suntem aici pentru dumneavoastr\u0103.<\/p>\n\n\n\n<p id=\"block-D7ZcBPS3aQ\" class=\"wp-block-nectar-blocks-text nectar-blocks-text\">Pentru a achizi\u021biona un produs telefonic, pentru sfaturi personalizate despre bijuterii \u0219i ceasuri sau pentru asisten\u021b\u0103 cu comanda dumneavoastr\u0103: +359 884082939<\/p>\n\n\n\n<h4 id=\"block-juty6bQlSO\" class=\"wp-block-nectar-blocks-text nectar-blocks-text\">Program de lucru:<\/h4>\n\n\n\n<p id=\"block-wC6a9Quqsb\" class=\"wp-block-nectar-blocks-text nectar-blocks-text\">Luni &#8211; Vineri: 10:00 &#8211; 21:00<\/p>\n\n\n\n<p id=\"block-wOGrhabrGn\" class=\"wp-block-nectar-blocks-text nectar-blocks-text\">S\u00e2mb\u0103t\u0103: 10:00 &#8211; 20:00<\/p>\n\n\n\n<p id=\"block-O5t5tufwrK\" class=\"wp-block-nectar-blocks-text nectar-blocks-text\">Duminic\u0103: 11:00 &#8211; 19:30<\/p>\n\n\n\n<p id=\"block-jzLCxXsKRN\" class=\"wp-block-nectar-blocks-text nectar-blocks-text\"><\/p>\n\n\n\n<div class=\"wp-block-contact-form-7-contact-form-selector\">\n<div class=\"wpcf7 no-js\" id=\"wpcf7-f6-o1\" lang=\"bg-BG\" dir=\"ltr\" data-wpcf7-id=\"6\">\n<div class=\"screen-reader-response\"><p role=\"status\" aria-live=\"polite\" aria-atomic=\"true\"><\/p> <ul><\/ul><\/div>\n<form action=\"\/ro\/wp-json\/wp\/v2\/pages\/14652#wpcf7-f6-o1\" method=\"post\" class=\"wpcf7-form init\" aria-label=\"\u0424\u043e\u0440\u043c\u0443\u043b\u044f\u0440 \u0437\u0430 \u043a\u043e\u043d\u0442\u0430\u043a\u0442\" novalidate=\"novalidate\" data-status=\"init\">\n<fieldset class=\"hidden-fields-container\"><input type=\"hidden\" name=\"_wpcf7\" value=\"6\" \/><input type=\"hidden\" name=\"_wpcf7_version\" value=\"6.1.5\" \/><input type=\"hidden\" name=\"_wpcf7_locale\" value=\"bg_BG\" \/><input type=\"hidden\" name=\"_wpcf7_unit_tag\" value=\"wpcf7-f6-o1\" \/><input type=\"hidden\" name=\"_wpcf7_container_post\" value=\"0\" \/><input type=\"hidden\" name=\"_wpcf7_posted_data_hash\" value=\"\" \/>\n<\/fieldset>\n<div class=\"wpcf7-turnstile cf-turnstile\" data-sitekey=\"0x4AAAAAABpE75sNepdg_4Km\" data-response-field-name=\"_wpcf7_turnstile_response\"><\/div>\n\n<p><label> \u0412\u0430\u0448\u0435\u0442\u043e \u0438\u043c\u0435<br \/>\n<span class=\"wpcf7-form-control-wrap\" data-name=\"your-name\"><input size=\"40\" maxlength=\"400\" class=\"wpcf7-form-control wpcf7-text wpcf7-validates-as-required\" autocomplete=\"name\" aria-required=\"true\" aria-invalid=\"false\" value=\"\" type=\"text\" name=\"your-name\" \/><\/span> <\/label>\n<\/p>\n<p><label> \u0412\u0430\u0448\u0438\u044f\u0442 \u0438\u043c\u0435\u0439\u043b<br \/>\n<span class=\"wpcf7-form-control-wrap\" data-name=\"your-email\"><input size=\"40\" maxlength=\"400\" class=\"wpcf7-form-control wpcf7-email wpcf7-validates-as-required wpcf7-text wpcf7-validates-as-email\" autocomplete=\"email\" aria-required=\"true\" aria-invalid=\"false\" value=\"\" type=\"email\" name=\"your-email\" \/><\/span> <\/label>\n<\/p>\n<p><label> \u0422\u0435\u043c\u0430<br \/>\n<span class=\"wpcf7-form-control-wrap\" data-name=\"your-subject\"><input size=\"40\" maxlength=\"400\" class=\"wpcf7-form-control wpcf7-text wpcf7-validates-as-required\" aria-required=\"true\" aria-invalid=\"false\" value=\"\" type=\"text\" name=\"your-subject\" \/><\/span> <\/label>\n<\/p>\n<p><label> \u0412\u0430\u0448\u0435\u0442\u043e \u0441\u044a\u043e\u0431\u0449\u0435\u043d\u0438\u0435 (\u043f\u043e \u0438\u0437\u0431\u043e\u0440)<br \/>\n<span class=\"wpcf7-form-control-wrap\" data-name=\"your-message\"><textarea cols=\"40\" rows=\"10\" maxlength=\"2000\" class=\"wpcf7-form-control wpcf7-textarea\" aria-invalid=\"false\" name=\"your-message\"><\/textarea><\/span> <\/label>\n<\/p>\n<p><input class=\"wpcf7-form-control wpcf7-submit has-spinner\" type=\"submit\" value=\"\u0418\u0437\u043f\u0440\u0430\u0449\u0430\u043d\u0435\" \/>\n<\/p><p style=\"display: none !important;\" class=\"akismet-fields-container\" data-prefix=\"_wpcf7_ak_\"><label>&#916;<textarea name=\"_wpcf7_ak_hp_textarea\" cols=\"45\" rows=\"8\" maxlength=\"100\"><\/textarea><\/label><input type=\"hidden\" id=\"ak_js_1\" name=\"_wpcf7_ak_js\" value=\"69\"\/><script>document.getElementById( \"ak_js_1\" ).setAttribute( \"value\", ( new Date() ).getTime() );<\/script><\/p><div class=\"wpcf7-response-output\" aria-hidden=\"true\"><\/div>\n<\/form>\n<\/div>\n<\/div>\n","protected":false},"excerpt":{"rendered":"","protected":false},"author":2,"featured_media":0,"parent":0,"menu_order":0,"comment_status":"closed","ping_status":"closed","template":"","meta":{"_acf_changed":false,"_nectar_blocks_hide_post_title":false,"_nectar_blocks_transparent_header_effect":false,"_nectar_blocks_transparent_header_effect_color":"light","_nectar_blocks_header_animation":false,"_nectar_blocks_header_animation_delay":0,"_nectar_blocks_header_animation_effect":"fade","_nectar_blocks_page_css":"","_nectar_blocks_page_js":"","inline_featured_image":false,"footnotes":""},"class_list":["post-14652","page","type-page","status-publish"],"acf":[],"yoast_head":"<!-- This site is optimized with the Yoast SEO plugin v27.4 - https:\/\/yoast.com\/product\/yoast-seo-wordpress\/ -->\n<title>Contacte - \u0420\u044a\u0447\u043d\u043e \u0438\u0437\u0440\u0430\u0431\u043e\u0442\u0435\u043d\u0438 \u0442\u0435\u043d\u0438\u0441 \u0431\u0438\u0436\u0443\u0442\u0430 \u0438 \u0430\u043a\u0441\u0435\u0441\u043e\u0430\u0440\u0438<\/title>\n<meta name=\"description\" content=\"\u0421\u0432\u044a\u0440\u0436\u0435\u0442\u0435 \u0441\u0435 \u0441 LUXURY RACKET CLUB! \ud83c\udfbe\u2728 \u0418\u043c\u0430\u0442\u0435 \u0432\u044a\u043f\u0440\u043e\u0441\u0438 \u0438\u043b\u0438 \u0438\u0441\u043a\u0430\u0442\u0435 \u0434\u0430 \u043d\u0430\u0443\u0447\u0438\u0442\u0435 \u043f\u043e\u0432\u0435\u0447\u0435 \u0437\u0430 \u043d\u0430\u0448\u0438\u0442\u0435 \u0438\u0437\u044f\u0449\u043d\u0438 \u0442\u0435\u043d\u0438\u0441 \u0431\u0438\u0436\u0443\u0442\u0430? \u041f\u043e\u0441\u0435\u0442\u0435\u0442\u0435 \u0441\u0442\u0440\u0430\u043d\u0438\u0446\u0430\u0442\u0430 \u043d\u0438 \u0437\u0430 \u043a\u043e\u043d\u0442\u0430\u043a\u0442\u0438 \u0438 \u0441\u0435 \u0441\u0432\u044a\u0440\u0436\u0435\u0442\u0435 \u0441 \u043d\u0430\u0441 \u2013 \u043d\u0438\u0435 \u0441\u043c\u0435 \u0442\u0443\u043a, \u0437\u0430 \u0434\u0430 \u0432\u0438 \u043f\u043e\u043c\u043e\u0433\u043d\u0435\u043c!\" \/>\n<meta name=\"robots\" content=\"index, follow, max-snippet:-1, max-image-preview:large, max-video-preview:-1\" \/>\n<link rel=\"canonical\" href=\"https:\/\/luxuryracketclub.com\/ro\/contacts\/\" \/>\n<meta property=\"og:locale\" content=\"ro_RO\" \/>\n<meta property=\"og:type\" content=\"article\" \/>\n<meta property=\"og:title\" content=\"Contacte - \u0420\u044a\u0447\u043d\u043e \u0438\u0437\u0440\u0430\u0431\u043e\u0442\u0435\u043d\u0438 \u0442\u0435\u043d\u0438\u0441 \u0431\u0438\u0436\u0443\u0442\u0430 \u0438 \u0430\u043a\u0441\u0435\u0441\u043e\u0430\u0440\u0438\" \/>\n<meta property=\"og:description\" content=\"\u0421\u0432\u044a\u0440\u0436\u0435\u0442\u0435 \u0441\u0435 \u0441 LUXURY RACKET CLUB! \ud83c\udfbe\u2728 \u0418\u043c\u0430\u0442\u0435 \u0432\u044a\u043f\u0440\u043e\u0441\u0438 \u0438\u043b\u0438 \u0438\u0441\u043a\u0430\u0442\u0435 \u0434\u0430 \u043d\u0430\u0443\u0447\u0438\u0442\u0435 \u043f\u043e\u0432\u0435\u0447\u0435 \u0437\u0430 \u043d\u0430\u0448\u0438\u0442\u0435 \u0438\u0437\u044f\u0449\u043d\u0438 \u0442\u0435\u043d\u0438\u0441 \u0431\u0438\u0436\u0443\u0442\u0430? \u041f\u043e\u0441\u0435\u0442\u0435\u0442\u0435 \u0441\u0442\u0440\u0430\u043d\u0438\u0446\u0430\u0442\u0430 \u043d\u0438 \u0437\u0430 \u043a\u043e\u043d\u0442\u0430\u043a\u0442\u0438 \u0438 \u0441\u0435 \u0441\u0432\u044a\u0440\u0436\u0435\u0442\u0435 \u0441 \u043d\u0430\u0441 \u2013 \u043d\u0438\u0435 \u0441\u043c\u0435 \u0442\u0443\u043a, \u0437\u0430 \u0434\u0430 \u0432\u0438 \u043f\u043e\u043c\u043e\u0433\u043d\u0435\u043c!\" \/>\n<meta property=\"og:url\" content=\"https:\/\/luxuryracketclub.com\/ro\/contacts\/\" \/>\n<meta property=\"og:site_name\" content=\"\u0420\u044a\u0447\u043d\u043e \u0438\u0437\u0440\u0430\u0431\u043e\u0442\u0435\u043d\u0438 \u0442\u0435\u043d\u0438\u0441 \u0431\u0438\u0436\u0443\u0442\u0430 \u0438 \u0430\u043a\u0441\u0435\u0441\u043e\u0430\u0440\u0438\" \/>\n<meta property=\"article:modified_time\" content=\"2025-08-29T14:43:59+00:00\" \/>\n<meta name=\"twitter:card\" content=\"summary_large_image\" \/>\n<meta name=\"twitter:label1\" content=\"Timp estimat pentru citire\" \/>\n\t<meta name=\"twitter:data1\" content=\"1 minut\" \/>\n<script type=\"application\/ld+json\" class=\"yoast-schema-graph\">{\"@context\":\"https:\\\/\\\/schema.org\",\"@graph\":[{\"@type\":\"WebPage\",\"@id\":\"https:\\\/\\\/luxuryracketclub.com\\\/ro\\\/contacts\\\/\",\"url\":\"https:\\\/\\\/luxuryracketclub.com\\\/ro\\\/contacts\\\/\",\"name\":\"Contacte - \u0420\u044a\u0447\u043d\u043e \u0438\u0437\u0440\u0430\u0431\u043e\u0442\u0435\u043d\u0438 \u0442\u0435\u043d\u0438\u0441 \u0431\u0438\u0436\u0443\u0442\u0430 \u0438 \u0430\u043a\u0441\u0435\u0441\u043e\u0430\u0440\u0438\",\"isPartOf\":{\"@id\":\"https:\\\/\\\/luxuryracketclub.com\\\/#website\"},\"datePublished\":\"2024-06-02T14:56:30+00:00\",\"dateModified\":\"2025-08-29T14:43:59+00:00\",\"description\":\"\u0421\u0432\u044a\u0440\u0436\u0435\u0442\u0435 \u0441\u0435 \u0441 LUXURY RACKET CLUB! \ud83c\udfbe\u2728 \u0418\u043c\u0430\u0442\u0435 \u0432\u044a\u043f\u0440\u043e\u0441\u0438 \u0438\u043b\u0438 \u0438\u0441\u043a\u0430\u0442\u0435 \u0434\u0430 \u043d\u0430\u0443\u0447\u0438\u0442\u0435 \u043f\u043e\u0432\u0435\u0447\u0435 \u0437\u0430 \u043d\u0430\u0448\u0438\u0442\u0435 \u0438\u0437\u044f\u0449\u043d\u0438 \u0442\u0435\u043d\u0438\u0441 \u0431\u0438\u0436\u0443\u0442\u0430? \u041f\u043e\u0441\u0435\u0442\u0435\u0442\u0435 \u0441\u0442\u0440\u0430\u043d\u0438\u0446\u0430\u0442\u0430 \u043d\u0438 \u0437\u0430 \u043a\u043e\u043d\u0442\u0430\u043a\u0442\u0438 \u0438 \u0441\u0435 \u0441\u0432\u044a\u0440\u0436\u0435\u0442\u0435 \u0441 \u043d\u0430\u0441 \u2013 \u043d\u0438\u0435 \u0441\u043c\u0435 \u0442\u0443\u043a, \u0437\u0430 \u0434\u0430 \u0432\u0438 \u043f\u043e\u043c\u043e\u0433\u043d\u0435\u043c!\",\"breadcrumb\":{\"@id\":\"https:\\\/\\\/luxuryracketclub.com\\\/ro\\\/contacts\\\/#breadcrumb\"},\"inLanguage\":\"ro-RO\",\"potentialAction\":[{\"@type\":\"ReadAction\",\"target\":[\"https:\\\/\\\/luxuryracketclub.com\\\/ro\\\/contacts\\\/\"]}]},{\"@type\":\"BreadcrumbList\",\"@id\":\"https:\\\/\\\/luxuryracketclub.com\\\/ro\\\/contacts\\\/#breadcrumb\",\"itemListElement\":[{\"@type\":\"ListItem\",\"position\":1,\"name\":\"\u041d\u0430\u0447\u0430\u043b\u043e\",\"item\":\"https:\\\/\\\/luxuryracketclub.com\\\/ro\\\/\"},{\"@type\":\"ListItem\",\"position\":2,\"name\":\"Contacte\"}]},{\"@type\":\"WebSite\",\"@id\":\"https:\\\/\\\/luxuryracketclub.com\\\/#website\",\"url\":\"https:\\\/\\\/luxuryracketclub.com\\\/\",\"name\":\"\u0420\u044a\u0447\u043d\u043e \u0438\u0437\u0440\u0430\u0431\u043e\u0442\u0435\u043d\u0438 \u0442\u0435\u043d\u0438\u0441 \u0431\u0438\u0436\u0443\u0442\u0430 \u0438 \u0430\u043a\u0441\u0435\u0441\u043e\u0430\u0440\u0438\",\"description\":\"\",\"potentialAction\":[{\"@type\":\"SearchAction\",\"target\":{\"@type\":\"EntryPoint\",\"urlTemplate\":\"https:\\\/\\\/luxuryracketclub.com\\\/?s={search_term_string}\"},\"query-input\":{\"@type\":\"PropertyValueSpecification\",\"valueRequired\":true,\"valueName\":\"search_term_string\"}}],\"inLanguage\":\"ro-RO\"}]}<\/script>\n<!-- \/ Yoast SEO plugin. -->","yoast_head_json":{"title":"Contacte - \u0420\u044a\u0447\u043d\u043e \u0438\u0437\u0440\u0430\u0431\u043e\u0442\u0435\u043d\u0438 \u0442\u0435\u043d\u0438\u0441 \u0431\u0438\u0436\u0443\u0442\u0430 \u0438 \u0430\u043a\u0441\u0435\u0441\u043e\u0430\u0440\u0438","description":"\u0421\u0432\u044a\u0440\u0436\u0435\u0442\u0435 \u0441\u0435 \u0441 LUXURY RACKET CLUB! \ud83c\udfbe\u2728 \u0418\u043c\u0430\u0442\u0435 \u0432\u044a\u043f\u0440\u043e\u0441\u0438 \u0438\u043b\u0438 \u0438\u0441\u043a\u0430\u0442\u0435 \u0434\u0430 \u043d\u0430\u0443\u0447\u0438\u0442\u0435 \u043f\u043e\u0432\u0435\u0447\u0435 \u0437\u0430 \u043d\u0430\u0448\u0438\u0442\u0435 \u0438\u0437\u044f\u0449\u043d\u0438 \u0442\u0435\u043d\u0438\u0441 \u0431\u0438\u0436\u0443\u0442\u0430? \u041f\u043e\u0441\u0435\u0442\u0435\u0442\u0435 \u0441\u0442\u0440\u0430\u043d\u0438\u0446\u0430\u0442\u0430 \u043d\u0438 \u0437\u0430 \u043a\u043e\u043d\u0442\u0430\u043a\u0442\u0438 \u0438 \u0441\u0435 \u0441\u0432\u044a\u0440\u0436\u0435\u0442\u0435 \u0441 \u043d\u0430\u0441 \u2013 \u043d\u0438\u0435 \u0441\u043c\u0435 \u0442\u0443\u043a, \u0437\u0430 \u0434\u0430 \u0432\u0438 \u043f\u043e\u043c\u043e\u0433\u043d\u0435\u043c!","robots":{"index":"index","follow":"follow","max-snippet":"max-snippet:-1","max-image-preview":"max-image-preview:large","max-video-preview":"max-video-preview:-1"},"canonical":"https:\/\/luxuryracketclub.com\/ro\/contacts\/","og_locale":"ro_RO","og_type":"article","og_title":"Contacte - \u0420\u044a\u0447\u043d\u043e \u0438\u0437\u0440\u0430\u0431\u043e\u0442\u0435\u043d\u0438 \u0442\u0435\u043d\u0438\u0441 \u0431\u0438\u0436\u0443\u0442\u0430 \u0438 \u0430\u043a\u0441\u0435\u0441\u043e\u0430\u0440\u0438","og_description":"\u0421\u0432\u044a\u0440\u0436\u0435\u0442\u0435 \u0441\u0435 \u0441 LUXURY RACKET CLUB! \ud83c\udfbe\u2728 \u0418\u043c\u0430\u0442\u0435 \u0432\u044a\u043f\u0440\u043e\u0441\u0438 \u0438\u043b\u0438 \u0438\u0441\u043a\u0430\u0442\u0435 \u0434\u0430 \u043d\u0430\u0443\u0447\u0438\u0442\u0435 \u043f\u043e\u0432\u0435\u0447\u0435 \u0437\u0430 \u043d\u0430\u0448\u0438\u0442\u0435 \u0438\u0437\u044f\u0449\u043d\u0438 \u0442\u0435\u043d\u0438\u0441 \u0431\u0438\u0436\u0443\u0442\u0430? \u041f\u043e\u0441\u0435\u0442\u0435\u0442\u0435 \u0441\u0442\u0440\u0430\u043d\u0438\u0446\u0430\u0442\u0430 \u043d\u0438 \u0437\u0430 \u043a\u043e\u043d\u0442\u0430\u043a\u0442\u0438 \u0438 \u0441\u0435 \u0441\u0432\u044a\u0440\u0436\u0435\u0442\u0435 \u0441 \u043d\u0430\u0441 \u2013 \u043d\u0438\u0435 \u0441\u043c\u0435 \u0442\u0443\u043a, \u0437\u0430 \u0434\u0430 \u0432\u0438 \u043f\u043e\u043c\u043e\u0433\u043d\u0435\u043c!","og_url":"https:\/\/luxuryracketclub.com\/ro\/contacts\/","og_site_name":"\u0420\u044a\u0447\u043d\u043e \u0438\u0437\u0440\u0430\u0431\u043e\u0442\u0435\u043d\u0438 \u0442\u0435\u043d\u0438\u0441 \u0431\u0438\u0436\u0443\u0442\u0430 \u0438 \u0430\u043a\u0441\u0435\u0441\u043e\u0430\u0440\u0438","article_modified_time":"2025-08-29T14:43:59+00:00","twitter_card":"summary_large_image","twitter_misc":{"Timp estimat pentru citire":"1 minut"},"schema":{"@context":"https:\/\/schema.org","@graph":[{"@type":"WebPage","@id":"https:\/\/luxuryracketclub.com\/ro\/contacts\/","url":"https:\/\/luxuryracketclub.com\/ro\/contacts\/","name":"Contacte - \u0420\u044a\u0447\u043d\u043e \u0438\u0437\u0440\u0430\u0431\u043e\u0442\u0435\u043d\u0438 \u0442\u0435\u043d\u0438\u0441 \u0431\u0438\u0436\u0443\u0442\u0430 \u0438 \u0430\u043a\u0441\u0435\u0441\u043e\u0430\u0440\u0438","isPartOf":{"@id":"https:\/\/luxuryracketclub.com\/#website"},"datePublished":"2024-06-02T14:56:30+00:00","dateModified":"2025-08-29T14:43:59+00:00","description":"\u0421\u0432\u044a\u0440\u0436\u0435\u0442\u0435 \u0441\u0435 \u0441 LUXURY RACKET CLUB! \ud83c\udfbe\u2728 \u0418\u043c\u0430\u0442\u0435 \u0432\u044a\u043f\u0440\u043e\u0441\u0438 \u0438\u043b\u0438 \u0438\u0441\u043a\u0430\u0442\u0435 \u0434\u0430 \u043d\u0430\u0443\u0447\u0438\u0442\u0435 \u043f\u043e\u0432\u0435\u0447\u0435 \u0437\u0430 \u043d\u0430\u0448\u0438\u0442\u0435 \u0438\u0437\u044f\u0449\u043d\u0438 \u0442\u0435\u043d\u0438\u0441 \u0431\u0438\u0436\u0443\u0442\u0430? \u041f\u043e\u0441\u0435\u0442\u0435\u0442\u0435 \u0441\u0442\u0440\u0430\u043d\u0438\u0446\u0430\u0442\u0430 \u043d\u0438 \u0437\u0430 \u043a\u043e\u043d\u0442\u0430\u043a\u0442\u0438 \u0438 \u0441\u0435 \u0441\u0432\u044a\u0440\u0436\u0435\u0442\u0435 \u0441 \u043d\u0430\u0441 \u2013 \u043d\u0438\u0435 \u0441\u043c\u0435 \u0442\u0443\u043a, \u0437\u0430 \u0434\u0430 \u0432\u0438 \u043f\u043e\u043c\u043e\u0433\u043d\u0435\u043c!","breadcrumb":{"@id":"https:\/\/luxuryracketclub.com\/ro\/contacts\/#breadcrumb"},"inLanguage":"ro-RO","potentialAction":[{"@type":"ReadAction","target":["https:\/\/luxuryracketclub.com\/ro\/contacts\/"]}]},{"@type":"BreadcrumbList","@id":"https:\/\/luxuryracketclub.com\/ro\/contacts\/#breadcrumb","itemListElement":[{"@type":"ListItem","position":1,"name":"\u041d\u0430\u0447\u0430\u043b\u043e","item":"https:\/\/luxuryracketclub.com\/ro\/"},{"@type":"ListItem","position":2,"name":"Contacte"}]},{"@type":"WebSite","@id":"https:\/\/luxuryracketclub.com\/#website","url":"https:\/\/luxuryracketclub.com\/","name":"\u0420\u044a\u0447\u043d\u043e \u0438\u0437\u0440\u0430\u0431\u043e\u0442\u0435\u043d\u0438 \u0442\u0435\u043d\u0438\u0441 \u0431\u0438\u0436\u0443\u0442\u0430 \u0438 \u0430\u043a\u0441\u0435\u0441\u043e\u0430\u0440\u0438","description":"","potentialAction":[{"@type":"SearchAction","target":{"@type":"EntryPoint","urlTemplate":"https:\/\/luxuryracketclub.com\/?s={search_term_string}"},"query-input":{"@type":"PropertyValueSpecification","valueRequired":true,"valueName":"search_term_string"}}],"inLanguage":"ro-RO"}]}},"_links":{"self":[{"href":"https:\/\/luxuryracketclub.com\/ro\/wp-json\/wp\/v2\/pages\/14652","targetHints":{"allow":["GET"]}}],"collection":[{"href":"https:\/\/luxuryracketclub.com\/ro\/wp-json\/wp\/v2\/pages"}],"about":[{"href":"https:\/\/luxuryracketclub.com\/ro\/wp-json\/wp\/v2\/types\/page"}],"author":[{"embeddable":true,"href":"https:\/\/luxuryracketclub.com\/ro\/wp-json\/wp\/v2\/users\/2"}],"replies":[{"embeddable":true,"href":"https:\/\/luxuryracketclub.com\/ro\/wp-json\/wp\/v2\/comments?post=14652"}],"version-history":[{"count":1,"href":"https:\/\/luxuryracketclub.com\/ro\/wp-json\/wp\/v2\/pages\/14652\/revisions"}],"predecessor-version":[{"id":14654,"href":"https:\/\/luxuryracketclub.com\/ro\/wp-json\/wp\/v2\/pages\/14652\/revisions\/14654"}],"wp:attachment":[{"href":"https:\/\/luxuryracketclub.com\/ro\/wp-json\/wp\/v2\/media?parent=14652"}],"curies":[{"name":"wp","href":"https:\/\/api.w.org\/{rel}","templated":true}]}}