{"id":14556,"date":"2024-10-08T14:38:51","date_gmt":"2024-10-08T11:38:51","guid":{"rendered":"https:\/\/luxuryracketclub.com\/obsthi-usloviya\/"},"modified":"2025-08-29T07:34:08","modified_gmt":"2025-08-29T04:34:08","slug":"obsthi-usloviya","status":"publish","type":"page","link":"https:\/\/luxuryracketclub.com\/ro\/obsthi-usloviya\/","title":{"rendered":"\u041e\u0431\u0449\u0438 \u0443\u0441\u043b\u043e\u0432\u0438\u044f"},"content":{"rendered":"<h1><\/h1>\n<p>Termeni \u0219i condi\u021bii generale pentru cump\u0103r\u0103turi la LUXURY RACKET CLUB<\/p>\n<p>Termeni \u0219i condi\u021bii generale de cump\u0103rare \u0219i utilizare<\/p>\n<p>\u00cen magazinul online Studio Nicolas<\/p>\n<p>INTRODUCERE<br \/>\nAcest document (\u00eempreun\u0103 cu documentele men\u021bionate aici) stabile\u0219te termenii \u0219i condi\u021biile generale care guverneaz\u0103 utilizarea acestui site web (luxuryracketclub.com) \u0219i achizi\u021bionarea de produse prin intermediul acestuia (denumite \u00een continuare \u201eTermeni\u201d).<\/p>\n<p>V\u0103 recomand\u0103m s\u0103 citi\u021bi cu aten\u021bie termenii \u0219i condi\u021biile, politica noastr\u0103 privind \u201ecookie-urile\u201d \u0219i politica noastr\u0103 de confiden\u021bialitate (denumite colectiv \u201epolitici de protec\u021bie a datelor\u201d) \u00eenainte de a utiliza acest site web. Atunci c\u00e2nd utiliza\u021bi acest site web sau plasa\u021bi o comand\u0103 prin intermediul acestuia, sunte\u021bi obligat s\u0103 respecta\u021bi ace\u0219ti termeni \u0219i condi\u021bii \u0219i politicile noastre de protec\u021bie a datelor. Dac\u0103 nu sunte\u021bi de acord cu termenii \u0219i condi\u021biile \u0219i politicile de protec\u021bie a datelor, nu utiliza\u021bi acest site web. Ace\u0219ti termeni \u0219i condi\u021bii pot fi modifica\u021bi. Este responsabilitatea dumneavoastr\u0103 s\u0103 le citi\u021bi periodic, deoarece termenii \u0219i condi\u021biile la momentul utiliz\u0103rii site-ului web sau al \u00eencheierii contractului relevant (a\u0219a cum sunt definite \u00een continuare) sunt termenii \u0219i condi\u021biile care se aplic\u0103.<\/p>\n<p>DATELE NOASTRE<br \/>\nV\u00e2nzarea de bunuri prin intermediul acestui site se desf\u0103\u0219oar\u0103 sub marca comercial\u0103 \u201eNikolas\u201d de c\u0103tre \u201eNicolas\u201d OOD cu sediul social: Gabrovo, 18, str. \u201eRaicho Karolev\u201d, \u00eenregistrat\u0103 \u00een conformitate cu legisla\u021bia bulgar\u0103 cu UIC 107547813. Num\u0103r de telefon de contact: +359 894 4949 41<\/p>\n<p>DATELE DUMNEAVOASTR\u0102 \u0218I VIZITELE DUMNEAVOASTR\u0102 PE ACEST SITE WEB<br \/>\nInforma\u021biile sau datele personale pe care ni le furniza\u021bi vor fi prelucrate \u00een conformitate cu politicile de protec\u021bie a datelor. Prin utilizarea acestui site web, sunte\u021bi de acord cu prelucrarea informa\u021biilor \u0219i datelor \u0219i declara\u021bi c\u0103 toate informa\u021biile \u0219i datele furnizate sunt adev\u0103rate \u0219i corecte.<\/p>\n<p>UTILIZAREA SITE-ULUI NOSTRU WEB<br \/>\nPrin utilizarea acestui site web \u0219i plasarea comenzilor prin intermediul acestuia, sunte\u021bi de acord s\u0103:<\/p>\n<p>Utiliza\u021bi acest site web pentru a efectua doar solicit\u0103ri \u0219i comenzi legale.<br \/>\nS\u0103 nu plasa\u021bi comenzi false sau frauduloase. Dac\u0103 se poate considera \u00een mod rezonabil c\u0103 a fost plasat\u0103 o astfel de comand\u0103, vom avea dreptul s\u0103 o anul\u0103m \u0219i s\u0103 lu\u0103m m\u0103surile necesare pentru a preveni comenzi viitoare.<br \/>\niii. S\u0103 ne furniza\u021bi adresa dumneavoastr\u0103 de e-mail, adresa po\u0219tal\u0103 \u0219i\/sau alte date de contact \u00een mod corect \u0219i corect.<\/p>\n<p>De asemenea, sunte\u021bi de acord c\u0103 putem folosi aceste informa\u021bii pentru a v\u0103 contacta \u00een leg\u0103tur\u0103 cu comanda dumneavoastr\u0103, dac\u0103 este necesar (consulta\u021bi politica noastr\u0103 de confiden\u021bialitate). Dac\u0103 nu ne furniza\u021bi toate informa\u021biile de care avem nevoie, nu pute\u021bi plasa o comand\u0103. Plas\u00e2nd o comand\u0103 prin intermediul acestui site web, declara\u021bi c\u0103 ave\u021bi peste 18 ani \u0219i c\u0103 ave\u021bi capacitatea legal\u0103 de a \u00eencheia contracte obligatorii.<\/p>\n<p>DISPONIBILITATEA SERVICIULUI<br \/>\nServiciul de livrare pentru articolele oferite pe acest site web este disponibil numai \u00een Bulgaria. Dac\u0103 dori\u021bi s\u0103 primi\u021bi livrarea \u00een afara teritoriului \u021b\u0103rii, pute\u021bi face o solicitare prin canalele de comunicare specificate.<\/p>\n<p>\u00ceNCHEIEREA CONTRACTULUI<br \/>\nDup\u0103 plasarea cu succes a unei comenzi pe site-ul web luxuryracketclub.com, cu datele specificate corect \u0219i respect\u00e2nd termenii de utilizare descri\u0219i, ve\u021bi primi un e-mail care confirm\u0103 primirea comenzii dumneavoastr\u0103. C\u00e2nd aceasta este fabricat\u0103 \u0219i preg\u0103tit\u0103 pentru expediere, ve\u021bi fi informat prin e-mail, inclusiv datele necesare legate de livrarea comenzii dumneavoastr\u0103.<\/p>\n<p>ONORIREA COMENZILOR<br \/>\nToate comenzile de produse depind de disponibilitatea materialelor \u0219i de gradul de ocupare a produc\u021biei noastre. \u00cen acest sens, dac\u0103 apar dificult\u0103\u021bi \u00een ceea ce prive\u0219te fabricarea \u0219i livrarea produselor, ne rezerv\u0103m dreptul de a v\u0103 oferi informa\u021bii despre produse \u00eenlocuitoare de aceea\u0219i calitate sau de o valoare superioar\u0103, pe care le pute\u021bi comanda. Dac\u0103 nu dori\u021bi s\u0103 comanda\u021bi produse de \u00eenlocuire, v\u0103 vom rambursa orice sum\u0103 pe care a\u021bi fi pl\u0103tit-o.<\/p>\n<p>REFUZUL PROCES\u0102RII UNEI COMENZI<br \/>\nNe rezerv\u0103m dreptul de a elimina orice produs de pe acest site web \u00een orice moment \u0219i de a elimina sau modifica orice material sau con\u021binut de pe acesta. De\u0219i vom face \u00eentotdeauna tot posibilul s\u0103 proces\u0103m toate comenzile autentice, pot exista circumstan\u021be excep\u021bionale care ne oblig\u0103 s\u0103 refuz\u0103m procesarea unei comenzi dup\u0103 ce am trimis o confirmare a comenzii. Ne rezerv\u0103m dreptul de a face acest lucru \u00een orice moment. Nu vom fi r\u0103spunz\u0103tori fa\u021b\u0103 de dumneavoastr\u0103 sau fa\u021b\u0103 de nicio ter\u021b\u0103 parte pentru eliminarea oric\u0103rui produs de pe acest site web sau pentru eliminarea sau modificarea oric\u0103rui material sau con\u021binut de pe site-ul web sau pentru neprocesarea unei comenzi dup\u0103 ce am trimis o confirmare a comenzii.<\/p>\n<p>LIVRARE<br \/>\nF\u0103r\u0103 a aduce atingere clauzei 7 de mai sus privind disponibilitatea produselor \u0219i cu excep\u021bia unor circumstan\u021be excep\u021bionale, vom depune toate eforturile pentru a expedia comanda const\u00e2nd din produsul\/produsele enumerate \u00een fiecare confirmare de livrare \u00eenainte de data men\u021bionat\u0103 \u00een confirmarea de livrare relevant\u0103 sau &#8211; dac\u0103 nu este men\u021bionat\u0103 nicio dat\u0103 de livrare &#8211; \u00een intervalul de timp estimat indicat la alegerea metodei de livrare \u0219i, \u00een orice caz, vom livra produsul \u00een termen de maximum 30 de zile de la data Confirm\u0103rii Comenzii. Cu toate acestea, pot exista \u00eent\u00e2rzieri din motive precum apari\u021bia unor circumstan\u021be neprev\u0103zute sau zona de livrare.<\/p>\n<p>\u00cen sensul acestor termeni \u0219i condi\u021bii, \u201elivrarea\u201d se va considera efectuat\u0103, iar o comand\u0103 va fi considerat\u0103<\/p>\n<p>\u201elivrat\u0103\u201d imediat ce dumneavoastr\u0103 sau o ter\u021b\u0103 parte indicat\u0103 de dumneavoastr\u0103, alta dec\u00e2t furnizorul, a preluat posesia bunurilor, ceea ce va fi dovedit prin semnarea unui document care confirm\u0103 primirea comenzii la adresa de livrare indicat\u0103 de dumneavoastr\u0103.<\/p>\n<p>TRANSFERUL RISCULUI \u0218I AL PROPRIET\u0102\u021aII ASUPRA PRODUSELOR<br \/>\nProdusele vor fi responsabilitatea dumneavoastr\u0103 din momentul livr\u0103rii c\u0103tre dumneavoastr\u0103, a\u0219a cum se prevede \u00een clauza 9 de mai sus. Ve\u021bi dob\u00e2ndi dreptul de proprietate asupra Produselor atunci c\u00e2nd primim plata integral\u0103 a tuturor sumelor datorate, inclusiv costurile de livrare, sau \u00een momentul livr\u0103rii (a\u0219a cum se prevede \u00een clauza 9 de mai sus), dac\u0103 aceasta urmeaz\u0103 s\u0103 se efectueze ulterior.<\/p>\n<p>PRE\u021a \u0218I PLAT\u0102<br \/>\nPre\u021bul produselor va fi cel afi\u0219at \u00een permanen\u021b\u0103 pe site-ul nostru web, cu excep\u021bia cazului unei erori evidente. De\u0219i depunem toate eforturile pentru a ne asigura c\u0103 pre\u021burile afi\u0219ate pe site sunt corecte, poate ap\u0103rea o eroare. Dac\u0103 descoperim o eroare \u00een pre\u021bul oric\u0103ruia dintre produsele pe care le-a\u021bi comandat, v\u0103 vom informa c\u00e2t mai cur\u00e2nd posibil \u0219i v\u0103 vom oferi posibilitatea de a confirma comanda la pre\u021bul corect sau de a o anula. Dac\u0103 nu v\u0103 putem contacta, comanda va fi considerat\u0103 anulat\u0103 \u0219i toate sumele pl\u0103tite v\u0103 vor fi rambursate integral. Nu suntem obliga\u021bi s\u0103 v\u0103 furniz\u0103m niciun produs la un pre\u021b mai mic incorect (chiar \u0219i \u00een cazul \u00een care v-am trimis o confirmare a comenzii) dac\u0103 eroarea de pre\u021b este clar\u0103 \u0219i neechivoc\u0103 \u0219i ar fi putut fi recunoscut\u0103 \u00een mod rezonabil de dumneavoastr\u0103 ca fiind un pre\u021b incorect. Pre\u021burile de pe site includ TVA, dar exclud taxele de livrare pl\u0103tibile companiei de curierat alese.<\/p>\n<p>Pre\u021burile pot fi modificate oric\u00e2nd. Cu toate acestea, cu excep\u021bia celor prev\u0103zute mai sus, modific\u0103rile nu vor afecta comenzile pentru care am trimis o confirmare a comenzii. Dup\u0103 ce a\u021bi selectat toate articolele pe care dori\u021bi s\u0103 le achizi\u021biona\u021bi, acestea vor fi ad\u0103ugate \u00een co\u0219ul dvs. de cump\u0103r\u0103turi. Urm\u0103torul pas va fi procesarea comenzii. Pentru a face acest lucru, trebuie s\u0103 urma\u021bi pa\u0219ii procesului de achizi\u021bie, indic\u00e2nd sau verific\u00e2nd informa\u021biile solicitate \u00een fiecare pas. \u00cen plus, \u00een timpul procesului de achizi\u021bie, \u00eenainte de plat\u0103, pute\u021bi modifica informa\u021biile despre comanda dvs. De asemenea, dac\u0103 sunte\u021bi un utilizator \u00eenregistrat, o eviden\u021b\u0103 a tuturor comenzilor plasate de dvs. este disponibil\u0103 \u00een \u201eContul meu\u201d.<\/p>\n<p>POLITICA DE SCHIMB\/RETUR<br \/>\n12.1 Dreptul legal de retragere<\/p>\n<p>Dreptul de retragere din contract<\/p>\n<p>Dac\u0103 \u00eencheie\u021bi contractul \u00een calitate de consumator, ave\u021bi dreptul de a v\u0103 retrage din contract (cu excep\u021bia produselor men\u021bionate \u00een clauza 12.2 de mai jos, pentru care dreptul de retragere este exclus), \u00een termen de 14 zile, f\u0103r\u0103 a invoca vreun motiv, f\u0103r\u0103 a fi r\u0103spunz\u0103tor pentru nicio desp\u0103gubire sau penalitate \u0219i f\u0103r\u0103 a pl\u0103ti vreun cost, cu excep\u021bia costurilor men\u021bionate expres \u00een ace\u0219ti termeni \u0219i condi\u021bii.<\/p>\n<p>Perioada de retragere va expira dup\u0103 14 zile de la ziua \u00een care dumneavoastr\u0103 sau o ter\u021b\u0103 parte, alta dec\u00e2t transportatorul \u0219i indicat\u0103 de dumneavoastr\u0103, dob\u00e2nde\u0219te posesia fizic\u0103 a bunurilor sau \u2013 \u00een cazul mai multor bunuri dintr-o singur\u0103 comand\u0103 livrate separat \u2013 dup\u0103 14 zile de la ziua \u00een care dumneavoastr\u0103 sau o ter\u021b\u0103 parte, alta dec\u00e2t transportatorul \u0219i indicat\u0103 de dumneavoastr\u0103, dob\u00e2nde\u0219te posesia ultimului bun comandat \u00eentr-o singur\u0103 comand\u0103.<\/p>\n<p>Pentru a v\u0103 exercita dreptul de retragere, pute\u021bi informa Nikolas la adresa furnizat\u0103 \u00een clauza 2 a acestor termeni \u0219i condi\u021bii sau prin intermediul canalelor de comunicare disponibile indicate pe site-ul nostru web cu privire la decizia dumneavoastr\u0103 de a v\u0103 retrage din prezentul contract printr-o declara\u021bie neechivoc\u0103. Pentru a respecta perioada de retragere, este suficient s\u0103 trimite\u021bi comunicarea dumneavoastr\u0103 privind exercitarea dreptului de retragere \u00eenainte de expirarea perioadei de retragere.<\/p>\n<p>Consecin\u021bele retragerii<\/p>\n<p>Dac\u0103 decide\u021bi s\u0103 v\u0103 retrage\u021bi din prezentul contract, v\u0103 vom rambursa toate pl\u0103\u021bile primite de la dumneavoastr\u0103, f\u0103r\u0103 \u00eent\u00e2rzieri nejustificate \u0219i, \u00een orice caz, \u00een termen de 14 zile de la data la care prezentul contract este reziliat. Vom efectua aceast\u0103 rambursare utiliz\u00e2nd acelea\u0219i mijloace de plat\u0103 pe care le-a\u021bi utilizat pentru tranzac\u021bia ini\u021bial\u0103. \u00cen orice caz, nu vi se vor percepe comisioane ca urmare a acestei ramburs\u0103ri. F\u0103r\u0103 a aduce atingere celor de mai sus, putem refuza rambursarea p\u00e2n\u0103 c\u00e2nd vom primi \u00eenapoi bunurile sau ne-a\u021bi furnizat dovada c\u0103 a\u021bi returnat bunurile, oricare dintre acestea survine mai devreme. Trebuie s\u0103 returna\u021bi sau s\u0103 livra\u021bi bunurile f\u0103r\u0103 \u00eent\u00e2rzieri nejustificate \u0219i, \u00een orice caz, \u00een termen de cel mult 14 zile de la data la care ne comunica\u021bi retragerea dumneavoastr\u0103 din prezentul contract. Termenul este respectat dac\u0103 returna\u021bi bunurile \u00eenainte de expirarea perioadei de 14 zile. Ve\u021bi suporta costurile directe aferente return\u0103rii bunurilor. Ve\u021bi fi r\u0103spunz\u0103tor doar pentru orice diminuare a valorii bunurilor, rezultat\u0103 exclusiv din prelucrare, cu excep\u021bia celor necesare pentru a stabili natura, caracteristicile \u0219i func\u021bionarea bunurilor.<\/p>\n<p>12.2 Dispozi\u021bii generale<\/p>\n<p>Nu ave\u021bi dreptul de a v\u0103 retrage din Contract atunci c\u00e2nd acesta are ca obiect furnizarea oric\u0103ruia dintre urm\u0103toarele:<\/p>\n<p>produse:<\/p>\n<p>Articole personalizate<br \/>\nBunuri sigilate care nu sunt potrivite pentru returnare din motive de igien\u0103 \u0219i care au fost desigilate dup\u0103 livrare.<\/p>\n<p>Dreptul dumneavoastr\u0103 de a anula contractul se aplic\u0103 exclusiv produselor care sunt returnate \u00een aceea\u0219i stare \u00een care le-a\u021bi primit. Nu se va acorda nicio rambursare dac\u0103 produsul a fost utilizat dup\u0103 deschidere, pentru produse care nu sunt \u00een aceea\u0219i stare ca atunci c\u00e2nd au fost livrate sau dac\u0103 sunt deteriorate, a\u0219adar v\u0103 rug\u0103m s\u0103 ave\u021bi grij\u0103 de produs(e) c\u00e2t timp se afl\u0103 \u00een posesia dumneavoastr\u0103. V\u0103 rug\u0103m s\u0103 returna\u021bi produsele folosind sau incluz\u00e2nd ambalajul original, instruc\u021biunile \u0219i alte documente, dac\u0103 exist\u0103, care \u00eenso\u021besc produsele.<\/p>\n<p>Dup\u0103 examinarea articolului, v\u0103 vom informa dac\u0103 ave\u021bi dreptul la rambursarea sumelor pl\u0103tite. Rambursarea se va efectua c\u00e2t mai cur\u00e2nd posibil \u0219i, \u00een orice caz, \u00een termen de 14 zile de la data la care ne-a\u021bi notificat inten\u021bia dumneavoastr\u0103 de a anula contractul. F\u0103r\u0103 a aduce atingere celor de mai sus, putem refuza rambursarea p\u00e2n\u0103 c\u00e2nd nu \u00eel vom primi \u00eenapoi. Ramburs\u0103rile se vor efectua, ori de c\u00e2te ori este posibil, utiliz\u00e2nd acelea\u0219i mijloace de plat\u0103 pe care le-a\u021bi utilizat pentru a pl\u0103ti achizi\u021bia. Ve\u021bi suporta costurile \u0219i riscurile return\u0103rii produselor, a\u0219a cum se prevede mai sus. Dac\u0103 ave\u021bi \u00eentreb\u0103ri, ne pute\u021bi contacta prin intermediul canalelor de comunicare disponibile indicate pe site-ul nostru web.<\/p>\n<p>PROPRIETATE INTELECTUAL\u0102<br \/>\nRecunoa\u0219te\u021bi \u0219i sunte\u021bi de acord c\u0103 toate drepturile de autor, m\u0103rcile comerciale \u00eenregistrate \u0219i alte drepturi de proprietate intelectual\u0103 asupra tuturor materialelor sau con\u021binutului furnizat ca parte a site-ului web apar\u021bin \u00een permanen\u021b\u0103 nou\u0103 sau celor care ne acord\u0103 o licen\u021b\u0103 pentru utilizarea lor. Pute\u021bi utiliza materialele respective numai \u00een m\u0103sura \u00een care noi sau licen\u021bia\u021bii no\u0219tri o autoriz\u0103m \u00een mod expres. Acest lucru nu v\u0103 \u00eempiedic\u0103 s\u0103 utiliza\u021bi acest site web \u00een m\u0103sura necesar\u0103 pentru a copia informa\u021biile comenzii sau informa\u021biile de contact.<\/p>\n<p>DREPTUL NOSTRU DE A MODIFICA ACE\u0218TI TERMENI<br \/>\nAvem dreptul de a revizui \u0219i modifica ace\u0219ti termeni \u00een orice moment. Sunte\u021bi<\/p>\n<p>obligat s\u0103 respecta\u021bi politicile \u0219i termenii \u00een vigoare la momentul utiliz\u0103rii acestui site web sau la plasarea oric\u0103rei comenzi, cu excep\u021bia cazurilor \u00een care suntem obliga\u021bi prin lege sau printr-o decizie a entit\u0103\u021bilor guvernamentale s\u0103 facem modific\u0103ri retroactive la respectivele politici, termeni sau politic\u0103 de confiden\u021bialitate. \u00cen acest caz, orice modific\u0103ri vor afecta \u0219i comenzile plasate anterior de dumneavoastr\u0103.<\/p>\n","protected":false},"excerpt":{"rendered":"<p>Termeni \u0219i condi\u021bii generale pentru cump\u0103r\u0103turi la LUXURY RACKET CLUB Termeni \u0219i condi\u021bii generale de cump\u0103rare \u0219i utilizare \u00cen magazinul online Studio Nicolas INTRODUCERE Acest document (\u00eempreun\u0103 cu documentele men\u021bionate&#8230;<\/p>\n","protected":false},"author":2,"featured_media":0,"parent":0,"menu_order":0,"comment_status":"closed","ping_status":"closed","template":"","meta":{"_acf_changed":false,"_nectar_blocks_hide_post_title":false,"_nectar_blocks_transparent_header_effect":false,"_nectar_blocks_transparent_header_effect_color":"light","_nectar_blocks_header_animation":false,"_nectar_blocks_header_animation_delay":0,"_nectar_blocks_header_animation_effect":"fade","_nectar_blocks_page_css":"","_nectar_blocks_page_js":"","inline_featured_image":false,"footnotes":""},"class_list":["post-14556","page","type-page","status-publish"],"acf":[],"yoast_head":"<!-- This site is optimized with the Yoast SEO plugin v27.4 - https:\/\/yoast.com\/product\/yoast-seo-wordpress\/ -->\n<title>\u041e\u0431\u0449\u0438 \u0443\u0441\u043b\u043e\u0432\u0438\u044f - \u0420\u044a\u0447\u043d\u043e \u0438\u0437\u0440\u0430\u0431\u043e\u0442\u0435\u043d\u0438 \u0442\u0435\u043d\u0438\u0441 \u0431\u0438\u0436\u0443\u0442\u0430 \u0438 \u0430\u043a\u0441\u0435\u0441\u043e\u0430\u0440\u0438<\/title>\n<meta name=\"robots\" content=\"index, follow, max-snippet:-1, max-image-preview:large, max-video-preview:-1\" \/>\n<link rel=\"canonical\" href=\"https:\/\/luxuryracketclub.com\/ro\/obsthi-usloviya\/\" \/>\n<meta property=\"og:locale\" content=\"ro_RO\" \/>\n<meta property=\"og:type\" content=\"article\" \/>\n<meta property=\"og:title\" content=\"\u041e\u0431\u0449\u0438 \u0443\u0441\u043b\u043e\u0432\u0438\u044f - \u0420\u044a\u0447\u043d\u043e \u0438\u0437\u0440\u0430\u0431\u043e\u0442\u0435\u043d\u0438 \u0442\u0435\u043d\u0438\u0441 \u0431\u0438\u0436\u0443\u0442\u0430 \u0438 \u0430\u043a\u0441\u0435\u0441\u043e\u0430\u0440\u0438\" \/>\n<meta property=\"og:description\" content=\"Termeni \u0219i condi\u021bii generale pentru cump\u0103r\u0103turi la LUXURY RACKET CLUB Termeni \u0219i condi\u021bii generale de cump\u0103rare \u0219i utilizare \u00cen magazinul online Studio Nicolas INTRODUCERE Acest document (\u00eempreun\u0103 cu documentele men\u021bionate...\" \/>\n<meta property=\"og:url\" content=\"https:\/\/luxuryracketclub.com\/ro\/obsthi-usloviya\/\" \/>\n<meta property=\"og:site_name\" content=\"\u0420\u044a\u0447\u043d\u043e \u0438\u0437\u0440\u0430\u0431\u043e\u0442\u0435\u043d\u0438 \u0442\u0435\u043d\u0438\u0441 \u0431\u0438\u0436\u0443\u0442\u0430 \u0438 \u0430\u043a\u0441\u0435\u0441\u043e\u0430\u0440\u0438\" \/>\n<meta property=\"article:modified_time\" content=\"2025-08-29T04:34:08+00:00\" \/>\n<meta name=\"twitter:card\" content=\"summary_large_image\" \/>\n<meta name=\"twitter:label1\" content=\"Timp estimat pentru citire\" \/>\n\t<meta name=\"twitter:data1\" content=\"9 minut\" \/>\n<script type=\"application\/ld+json\" class=\"yoast-schema-graph\">{\"@context\":\"https:\\\/\\\/schema.org\",\"@graph\":[{\"@type\":\"WebPage\",\"@id\":\"https:\\\/\\\/luxuryracketclub.com\\\/ro\\\/obsthi-usloviya\\\/\",\"url\":\"https:\\\/\\\/luxuryracketclub.com\\\/ro\\\/obsthi-usloviya\\\/\",\"name\":\"\u041e\u0431\u0449\u0438 \u0443\u0441\u043b\u043e\u0432\u0438\u044f - \u0420\u044a\u0447\u043d\u043e \u0438\u0437\u0440\u0430\u0431\u043e\u0442\u0435\u043d\u0438 \u0442\u0435\u043d\u0438\u0441 \u0431\u0438\u0436\u0443\u0442\u0430 \u0438 \u0430\u043a\u0441\u0435\u0441\u043e\u0430\u0440\u0438\",\"isPartOf\":{\"@id\":\"https:\\\/\\\/luxuryracketclub.com\\\/#website\"},\"datePublished\":\"2024-10-08T11:38:51+00:00\",\"dateModified\":\"2025-08-29T04:34:08+00:00\",\"breadcrumb\":{\"@id\":\"https:\\\/\\\/luxuryracketclub.com\\\/ro\\\/obsthi-usloviya\\\/#breadcrumb\"},\"inLanguage\":\"ro-RO\",\"potentialAction\":[{\"@type\":\"ReadAction\",\"target\":[\"https:\\\/\\\/luxuryracketclub.com\\\/ro\\\/obsthi-usloviya\\\/\"]}]},{\"@type\":\"BreadcrumbList\",\"@id\":\"https:\\\/\\\/luxuryracketclub.com\\\/ro\\\/obsthi-usloviya\\\/#breadcrumb\",\"itemListElement\":[{\"@type\":\"ListItem\",\"position\":1,\"name\":\"\u041d\u0430\u0447\u0430\u043b\u043e\",\"item\":\"https:\\\/\\\/luxuryracketclub.com\\\/ro\\\/\"},{\"@type\":\"ListItem\",\"position\":2,\"name\":\"\u041e\u0431\u0449\u0438 \u0443\u0441\u043b\u043e\u0432\u0438\u044f\"}]},{\"@type\":\"WebSite\",\"@id\":\"https:\\\/\\\/luxuryracketclub.com\\\/#website\",\"url\":\"https:\\\/\\\/luxuryracketclub.com\\\/\",\"name\":\"\u0420\u044a\u0447\u043d\u043e \u0438\u0437\u0440\u0430\u0431\u043e\u0442\u0435\u043d\u0438 \u0442\u0435\u043d\u0438\u0441 \u0431\u0438\u0436\u0443\u0442\u0430 \u0438 \u0430\u043a\u0441\u0435\u0441\u043e\u0430\u0440\u0438\",\"description\":\"\",\"potentialAction\":[{\"@type\":\"SearchAction\",\"target\":{\"@type\":\"EntryPoint\",\"urlTemplate\":\"https:\\\/\\\/luxuryracketclub.com\\\/?s={search_term_string}\"},\"query-input\":{\"@type\":\"PropertyValueSpecification\",\"valueRequired\":true,\"valueName\":\"search_term_string\"}}],\"inLanguage\":\"ro-RO\"}]}<\/script>\n<!-- \/ Yoast SEO plugin. -->","yoast_head_json":{"title":"\u041e\u0431\u0449\u0438 \u0443\u0441\u043b\u043e\u0432\u0438\u044f - \u0420\u044a\u0447\u043d\u043e \u0438\u0437\u0440\u0430\u0431\u043e\u0442\u0435\u043d\u0438 \u0442\u0435\u043d\u0438\u0441 \u0431\u0438\u0436\u0443\u0442\u0430 \u0438 \u0430\u043a\u0441\u0435\u0441\u043e\u0430\u0440\u0438","robots":{"index":"index","follow":"follow","max-snippet":"max-snippet:-1","max-image-preview":"max-image-preview:large","max-video-preview":"max-video-preview:-1"},"canonical":"https:\/\/luxuryracketclub.com\/ro\/obsthi-usloviya\/","og_locale":"ro_RO","og_type":"article","og_title":"\u041e\u0431\u0449\u0438 \u0443\u0441\u043b\u043e\u0432\u0438\u044f - \u0420\u044a\u0447\u043d\u043e \u0438\u0437\u0440\u0430\u0431\u043e\u0442\u0435\u043d\u0438 \u0442\u0435\u043d\u0438\u0441 \u0431\u0438\u0436\u0443\u0442\u0430 \u0438 \u0430\u043a\u0441\u0435\u0441\u043e\u0430\u0440\u0438","og_description":"Termeni \u0219i condi\u021bii generale pentru cump\u0103r\u0103turi la LUXURY RACKET CLUB Termeni \u0219i condi\u021bii generale de cump\u0103rare \u0219i utilizare \u00cen magazinul online Studio Nicolas INTRODUCERE Acest document (\u00eempreun\u0103 cu documentele men\u021bionate...","og_url":"https:\/\/luxuryracketclub.com\/ro\/obsthi-usloviya\/","og_site_name":"\u0420\u044a\u0447\u043d\u043e \u0438\u0437\u0440\u0430\u0431\u043e\u0442\u0435\u043d\u0438 \u0442\u0435\u043d\u0438\u0441 \u0431\u0438\u0436\u0443\u0442\u0430 \u0438 \u0430\u043a\u0441\u0435\u0441\u043e\u0430\u0440\u0438","article_modified_time":"2025-08-29T04:34:08+00:00","twitter_card":"summary_large_image","twitter_misc":{"Timp estimat pentru citire":"9 minut"},"schema":{"@context":"https:\/\/schema.org","@graph":[{"@type":"WebPage","@id":"https:\/\/luxuryracketclub.com\/ro\/obsthi-usloviya\/","url":"https:\/\/luxuryracketclub.com\/ro\/obsthi-usloviya\/","name":"\u041e\u0431\u0449\u0438 \u0443\u0441\u043b\u043e\u0432\u0438\u044f - \u0420\u044a\u0447\u043d\u043e \u0438\u0437\u0440\u0430\u0431\u043e\u0442\u0435\u043d\u0438 \u0442\u0435\u043d\u0438\u0441 \u0431\u0438\u0436\u0443\u0442\u0430 \u0438 \u0430\u043a\u0441\u0435\u0441\u043e\u0430\u0440\u0438","isPartOf":{"@id":"https:\/\/luxuryracketclub.com\/#website"},"datePublished":"2024-10-08T11:38:51+00:00","dateModified":"2025-08-29T04:34:08+00:00","breadcrumb":{"@id":"https:\/\/luxuryracketclub.com\/ro\/obsthi-usloviya\/#breadcrumb"},"inLanguage":"ro-RO","potentialAction":[{"@type":"ReadAction","target":["https:\/\/luxuryracketclub.com\/ro\/obsthi-usloviya\/"]}]},{"@type":"BreadcrumbList","@id":"https:\/\/luxuryracketclub.com\/ro\/obsthi-usloviya\/#breadcrumb","itemListElement":[{"@type":"ListItem","position":1,"name":"\u041d\u0430\u0447\u0430\u043b\u043e","item":"https:\/\/luxuryracketclub.com\/ro\/"},{"@type":"ListItem","position":2,"name":"\u041e\u0431\u0449\u0438 \u0443\u0441\u043b\u043e\u0432\u0438\u044f"}]},{"@type":"WebSite","@id":"https:\/\/luxuryracketclub.com\/#website","url":"https:\/\/luxuryracketclub.com\/","name":"\u0420\u044a\u0447\u043d\u043e \u0438\u0437\u0440\u0430\u0431\u043e\u0442\u0435\u043d\u0438 \u0442\u0435\u043d\u0438\u0441 \u0431\u0438\u0436\u0443\u0442\u0430 \u0438 \u0430\u043a\u0441\u0435\u0441\u043e\u0430\u0440\u0438","description":"","potentialAction":[{"@type":"SearchAction","target":{"@type":"EntryPoint","urlTemplate":"https:\/\/luxuryracketclub.com\/?s={search_term_string}"},"query-input":{"@type":"PropertyValueSpecification","valueRequired":true,"valueName":"search_term_string"}}],"inLanguage":"ro-RO"}]}},"_links":{"self":[{"href":"https:\/\/luxuryracketclub.com\/ro\/wp-json\/wp\/v2\/pages\/14556","targetHints":{"allow":["GET"]}}],"collection":[{"href":"https:\/\/luxuryracketclub.com\/ro\/wp-json\/wp\/v2\/pages"}],"about":[{"href":"https:\/\/luxuryracketclub.com\/ro\/wp-json\/wp\/v2\/types\/page"}],"author":[{"embeddable":true,"href":"https:\/\/luxuryracketclub.com\/ro\/wp-json\/wp\/v2\/users\/2"}],"replies":[{"embeddable":true,"href":"https:\/\/luxuryracketclub.com\/ro\/wp-json\/wp\/v2\/comments?post=14556"}],"version-history":[{"count":2,"href":"https:\/\/luxuryracketclub.com\/ro\/wp-json\/wp\/v2\/pages\/14556\/revisions"}],"predecessor-version":[{"id":14559,"href":"https:\/\/luxuryracketclub.com\/ro\/wp-json\/wp\/v2\/pages\/14556\/revisions\/14559"}],"wp:attachment":[{"href":"https:\/\/luxuryracketclub.com\/ro\/wp-json\/wp\/v2\/media?parent=14556"}],"curies":[{"name":"wp","href":"https:\/\/api.w.org\/{rel}","templated":true}]}}